{"id":35246,"date":"2025-11-04T07:53:44","date_gmt":"2025-11-04T07:53:44","guid":{"rendered":"https:\/\/monti.lt\/?post_type=product&#038;p=35246"},"modified":"2026-03-12T09:50:50","modified_gmt":"2026-03-12T09:50:50","slug":"woopie-magnetines-kaladeles-gaisrine","status":"publish","type":"product","link":"https:\/\/monti.lt\/en\/product\/woopie-magnetines-kaladeles-gaisrine\/","title":{"rendered":"Woopie magnetin\u0117s kalad\u0117l\u0117s &#8220;Gaisrin\u0117&#8221;"},"content":{"rendered":"<p>WOOPIE! magnetini\u0173 blokeli\u0173 rinkinys \u201eGaisrin\u0117\u201c \u2013 tai unikalus pasi\u016blymas ma\u017eiesiems statybininkams ir gelb\u0117jimo operacij\u0173 gerb\u0117jams. D\u0117l stipri\u0173 magnet\u0173 elementai lengvai sujungiami, sudarant stabilias konstrukcijas. Gaisrin\u0117s tema daro \u017eaidim\u0105 dar \u012fdomesn\u012f ir realisti\u0161kesn\u012f. Ji derina k\u016brybin\u012f \u017eaidim\u0105 su mokymusi, vaizduot\u0117s ir loginio m\u0105stymo ugdymu. Puiki dovana vaikams, kurie m\u0117gsta kurti ir i\u0161galvoti savo nuotykius.<\/p>\n\n\n\n<p>Savyb\u0117s:<\/p>\n\n\n\n<ul class=\"wp-block-list\">\n<li>\u017daislas vaikams nuo 3 met\u0173<\/li>\n\n\n\n<li>Rinkin\u012f sudaro 48 elementai<\/li>\n\n\n\n<li>Blokai lengvai sujungiami d\u0117l \u012fmontuot\u0173 magnet\u0173<\/li>\n\n\n\n<li>Ugniagesi\u0173 tema daro \u017eaidim\u0105 \u012fdomesn\u012f<\/li>\n\n\n\n<li>Pagamintas i\u0161 saugi\u0173 ir patvari\u0173 med\u017eiag\u0173<br>Rinkinyje yra:<\/li>\n\n\n\n<li>48 magnetiniai elementai<\/li>\n\n\n\n<li>D\u0117l\u0117s, susijusios su ugniagesi\u0173 tema<br>\u017daislas ugdo:<\/li>\n\n\n\n<li>K\u016brybi\u0161kum\u0105 ir vaizduot\u0119 statant konstrukcijas<\/li>\n\n\n\n<li>Login\u012f m\u0105stym\u0105 ir planavimo \u012fg\u016bd\u017eius<\/li>\n\n\n\n<li>Rank\u0173 ir aki\u0173 koordinacij\u0105 bei rank\u0173 miklum\u0105<\/li>\n\n\n\n<li>Koncentracij\u0105 ir kantryb\u0119 kuriant konstrukcijas<\/li>\n\n\n\n<li>Geb\u0117jim\u0105 \u017eaisti kartu ir bendradarbiauti<\/li>\n<\/ul>","protected":false},"excerpt":{"rendered":"<p>WOOPIE! magnetini\u0173 blokeli\u0173 rinkinys \u201eGaisrin\u0117\u201c \u2013 tai unikalus pasi\u016blymas ma\u017eiesiems statybininkams ir gelb\u0117jimo operacij\u0173 gerb\u0117jams. D\u0117l stipri\u0173 magnet\u0173 elementai lengvai sujungiami, sudarant stabilias konstrukcijas. Gaisrin\u0117s tema daro \u017eaidim\u0105 dar \u012fdomesn\u012f ir realisti\u0161kesn\u012f. Ji derina k\u016brybin\u012f \u017eaidim\u0105 su mokymusi, vaizduot\u0117s ir loginio m\u0105stymo ugdymu. Puiki dovana vaikams, kurie m\u0117gsta kurti ir i\u0161galvoti savo nuotykius. Savyb\u0117s:<\/p>","protected":false},"featured_media":35247,"template":"","meta":{"_acf_changed":false,"iawp_total_views":217},"product_cat":[92,195,216,217,191,192,87,84,86,50,93,202,49,249,39],"product_tag":[97,98],"class_list":{"0":"post-35246","1":"product","2":"type-product","3":"status-publish","4":"has-post-thumbnail","6":"product_cat-deliones","7":"product_cat-dovanos-vaikams-3-4-metu","8":"product_cat-dovanos-4-5-metu-vaikams","9":"product_cat-dovanos-5-7-metu-vaikams","10":"product_cat-dovanos-vaikams","11":"product_cat-kaledines-dovanos-vaikams","12":"product_cat-kurybiniai-rinkiniai","13":"product_cat-lavinamieji-zaislai","14":"product_cat-smulkioji-motorika","15":"product_cat-top-dovanos","16":"product_cat-vaidmenu-zaidimai","17":"product_cat-vaaikiski-konstruktoriai","18":"product_cat-visi-zaislai","19":"product_cat-woppie","20":"product_cat-zaislai","21":"product_tag-3-m-4-m","22":"product_tag-5-m-7-m","24":"first","25":"instock","26":"sale","27":"taxable","28":"shipping-taxable","29":"purchasable","30":"product-type-simple"},"acf":[],"yoast_head":"<!-- This site is optimized with the Yoast SEO plugin v23.3 - https:\/\/yoast.com\/wordpress\/plugins\/seo\/ -->\n<title>Woopie magnetin\u0117s kalad\u0117l\u0117s &quot;Gaisrin\u0117&quot; - Montessori \u017eaislai<\/title>\n<meta name=\"robots\" content=\"index, follow, max-snippet:-1, max-image-preview:large, max-video-preview:-1\" \/>\n<link rel=\"canonical\" href=\"https:\/\/monti.lt\/en\/product\/woopie-magnetines-kaladeles-gaisrine\/\" \/>\n<meta property=\"og:locale\" content=\"en_US\" \/>\n<meta property=\"og:type\" content=\"article\" \/>\n<meta property=\"og:title\" content=\"Woopie magnetin\u0117s kalad\u0117l\u0117s &quot;Gaisrin\u0117&quot; - Montessori \u017eaislai\" \/>\n<meta property=\"og:description\" content=\"WOOPIE! magnetini\u0173 blokeli\u0173 rinkinys \u201eGaisrin\u0117\u201c \u2013 tai unikalus pasi\u016blymas ma\u017eiesiems statybininkams ir gelb\u0117jimo operacij\u0173 gerb\u0117jams. D\u0117l stipri\u0173 magnet\u0173 elementai lengvai sujungiami, sudarant stabilias konstrukcijas. Gaisrin\u0117s tema daro \u017eaidim\u0105 dar \u012fdomesn\u012f ir realisti\u0161kesn\u012f. Ji derina k\u016brybin\u012f \u017eaidim\u0105 su mokymusi, vaizduot\u0117s ir loginio m\u0105stymo ugdymu. Puiki dovana vaikams, kurie m\u0117gsta kurti ir i\u0161galvoti savo nuotykius. Savyb\u0117s:\" \/>\n<meta property=\"og:url\" content=\"https:\/\/monti.lt\/en\/product\/woopie-magnetines-kaladeles-gaisrine\/\" \/>\n<meta property=\"og:site_name\" content=\"Montessori \u017eaislai\" \/>\n<meta property=\"article:modified_time\" content=\"2026-03-12T09:50:50+00:00\" \/>\n<meta property=\"og:image\" content=\"https:\/\/monti.lt\/wp-content\/uploads\/2025\/11\/woopie-klocki-magnetyczne-3d-zestaw-straz-pozarna-48el.jpg\" \/>\n\t<meta property=\"og:image:width\" content=\"800\" \/>\n\t<meta property=\"og:image:height\" content=\"800\" \/>\n\t<meta property=\"og:image:type\" content=\"image\/jpeg\" \/>\n<meta name=\"twitter:card\" content=\"summary_large_image\" \/>\n<meta name=\"twitter:label1\" content=\"Est. reading time\" \/>\n\t<meta name=\"twitter:data1\" content=\"1 minute\" \/>\n<script type=\"application\/ld+json\" class=\"yoast-schema-graph\">{\"@context\":\"https:\/\/schema.org\",\"@graph\":[{\"@type\":\"WebPage\",\"@id\":\"https:\/\/monti.lt\/product\/woopie-magnetines-kaladeles-gaisrine\/\",\"url\":\"https:\/\/monti.lt\/product\/woopie-magnetines-kaladeles-gaisrine\/\",\"name\":\"Woopie magnetin\u0117s kalad\u0117l\u0117s \\\"Gaisrin\u0117\\\" - Montessori \u017eaislai\",\"isPartOf\":{\"@id\":\"https:\/\/monti.lt\/#website\"},\"primaryImageOfPage\":{\"@id\":\"https:\/\/monti.lt\/product\/woopie-magnetines-kaladeles-gaisrine\/#primaryimage\"},\"image\":{\"@id\":\"https:\/\/monti.lt\/product\/woopie-magnetines-kaladeles-gaisrine\/#primaryimage\"},\"thumbnailUrl\":\"https:\/\/monti.lt\/wp-content\/uploads\/2025\/11\/woopie-klocki-magnetyczne-3d-zestaw-straz-pozarna-48el.jpg\",\"datePublished\":\"2025-11-04T07:53:44+00:00\",\"dateModified\":\"2026-03-12T09:50:50+00:00\",\"breadcrumb\":{\"@id\":\"https:\/\/monti.lt\/product\/woopie-magnetines-kaladeles-gaisrine\/#breadcrumb\"},\"inLanguage\":\"en-US\",\"potentialAction\":[{\"@type\":\"ReadAction\",\"target\":[\"https:\/\/monti.lt\/product\/woopie-magnetines-kaladeles-gaisrine\/\"]}]},{\"@type\":\"ImageObject\",\"inLanguage\":\"en-US\",\"@id\":\"https:\/\/monti.lt\/product\/woopie-magnetines-kaladeles-gaisrine\/#primaryimage\",\"url\":\"https:\/\/monti.lt\/wp-content\/uploads\/2025\/11\/woopie-klocki-magnetyczne-3d-zestaw-straz-pozarna-48el.jpg\",\"contentUrl\":\"https:\/\/monti.lt\/wp-content\/uploads\/2025\/11\/woopie-klocki-magnetyczne-3d-zestaw-straz-pozarna-48el.jpg\",\"width\":800,\"height\":800,\"caption\":\"magnetines kaladeles\"},{\"@type\":\"BreadcrumbList\",\"@id\":\"https:\/\/monti.lt\/product\/woopie-magnetines-kaladeles-gaisrine\/#breadcrumb\",\"itemListElement\":[{\"@type\":\"ListItem\",\"position\":1,\"name\":\"Home\",\"item\":\"https:\/\/monti.lt\/\"},{\"@type\":\"ListItem\",\"position\":2,\"name\":\"Parduotuv\u0117\",\"item\":\"https:\/\/monti.lt\/shop\/\"},{\"@type\":\"ListItem\",\"position\":3,\"name\":\"Woopie magnetin\u0117s kalad\u0117l\u0117s &#8220;Gaisrin\u0117&#8221;\"}]},{\"@type\":\"WebSite\",\"@id\":\"https:\/\/monti.lt\/#website\",\"url\":\"https:\/\/monti.lt\/\",\"name\":\"Montessori \u017eaislai\",\"description\":\"\",\"publisher\":{\"@id\":\"https:\/\/monti.lt\/#organization\"},\"potentialAction\":[{\"@type\":\"SearchAction\",\"target\":{\"@type\":\"EntryPoint\",\"urlTemplate\":\"https:\/\/monti.lt\/?s={search_term_string}\"},\"query-input\":\"required name=search_term_string\"}],\"inLanguage\":\"en-US\"},{\"@type\":\"Organization\",\"@id\":\"https:\/\/monti.lt\/#organization\",\"name\":\"Montessori \u017eaislai\",\"url\":\"https:\/\/monti.lt\/\",\"logo\":{\"@type\":\"ImageObject\",\"inLanguage\":\"en-US\",\"@id\":\"https:\/\/monti.lt\/#\/schema\/logo\/image\/\",\"url\":\"https:\/\/monti.lt\/wp-content\/uploads\/2022\/03\/montilogo-1.png\",\"contentUrl\":\"https:\/\/monti.lt\/wp-content\/uploads\/2022\/03\/montilogo-1.png\",\"width\":512,\"height\":512,\"caption\":\"Montessori \u017eaislai\"},\"image\":{\"@id\":\"https:\/\/monti.lt\/#\/schema\/logo\/image\/\"}}]}<\/script>\n<!-- \/ Yoast SEO plugin. -->","yoast_head_json":{"title":"Woopie magnetin\u0117s kalad\u0117l\u0117s \"Gaisrin\u0117\" - Montessori \u017eaislai","robots":{"index":"index","follow":"follow","max-snippet":"max-snippet:-1","max-image-preview":"max-image-preview:large","max-video-preview":"max-video-preview:-1"},"canonical":"https:\/\/monti.lt\/en\/product\/woopie-magnetines-kaladeles-gaisrine\/","og_locale":"en_US","og_type":"article","og_title":"Woopie magnetin\u0117s kalad\u0117l\u0117s \"Gaisrin\u0117\" - Montessori \u017eaislai","og_description":"WOOPIE! magnetini\u0173 blokeli\u0173 rinkinys \u201eGaisrin\u0117\u201c \u2013 tai unikalus pasi\u016blymas ma\u017eiesiems statybininkams ir gelb\u0117jimo operacij\u0173 gerb\u0117jams. D\u0117l stipri\u0173 magnet\u0173 elementai lengvai sujungiami, sudarant stabilias konstrukcijas. Gaisrin\u0117s tema daro \u017eaidim\u0105 dar \u012fdomesn\u012f ir realisti\u0161kesn\u012f. Ji derina k\u016brybin\u012f \u017eaidim\u0105 su mokymusi, vaizduot\u0117s ir loginio m\u0105stymo ugdymu. Puiki dovana vaikams, kurie m\u0117gsta kurti ir i\u0161galvoti savo nuotykius. Savyb\u0117s:","og_url":"https:\/\/monti.lt\/en\/product\/woopie-magnetines-kaladeles-gaisrine\/","og_site_name":"Montessori \u017eaislai","article_modified_time":"2026-03-12T09:50:50+00:00","og_image":[{"width":800,"height":800,"url":"https:\/\/monti.lt\/wp-content\/uploads\/2025\/11\/woopie-klocki-magnetyczne-3d-zestaw-straz-pozarna-48el.jpg","type":"image\/jpeg"}],"twitter_card":"summary_large_image","twitter_misc":{"Est. reading time":"1 minute"},"schema":{"@context":"https:\/\/schema.org","@graph":[{"@type":"WebPage","@id":"https:\/\/monti.lt\/product\/woopie-magnetines-kaladeles-gaisrine\/","url":"https:\/\/monti.lt\/product\/woopie-magnetines-kaladeles-gaisrine\/","name":"Woopie magnetin\u0117s kalad\u0117l\u0117s \"Gaisrin\u0117\" - Montessori \u017eaislai","isPartOf":{"@id":"https:\/\/monti.lt\/#website"},"primaryImageOfPage":{"@id":"https:\/\/monti.lt\/product\/woopie-magnetines-kaladeles-gaisrine\/#primaryimage"},"image":{"@id":"https:\/\/monti.lt\/product\/woopie-magnetines-kaladeles-gaisrine\/#primaryimage"},"thumbnailUrl":"https:\/\/monti.lt\/wp-content\/uploads\/2025\/11\/woopie-klocki-magnetyczne-3d-zestaw-straz-pozarna-48el.jpg","datePublished":"2025-11-04T07:53:44+00:00","dateModified":"2026-03-12T09:50:50+00:00","breadcrumb":{"@id":"https:\/\/monti.lt\/product\/woopie-magnetines-kaladeles-gaisrine\/#breadcrumb"},"inLanguage":"en-US","potentialAction":[{"@type":"ReadAction","target":["https:\/\/monti.lt\/product\/woopie-magnetines-kaladeles-gaisrine\/"]}]},{"@type":"ImageObject","inLanguage":"en-US","@id":"https:\/\/monti.lt\/product\/woopie-magnetines-kaladeles-gaisrine\/#primaryimage","url":"https:\/\/monti.lt\/wp-content\/uploads\/2025\/11\/woopie-klocki-magnetyczne-3d-zestaw-straz-pozarna-48el.jpg","contentUrl":"https:\/\/monti.lt\/wp-content\/uploads\/2025\/11\/woopie-klocki-magnetyczne-3d-zestaw-straz-pozarna-48el.jpg","width":800,"height":800,"caption":"magnetines kaladeles"},{"@type":"BreadcrumbList","@id":"https:\/\/monti.lt\/product\/woopie-magnetines-kaladeles-gaisrine\/#breadcrumb","itemListElement":[{"@type":"ListItem","position":1,"name":"Home","item":"https:\/\/monti.lt\/"},{"@type":"ListItem","position":2,"name":"Parduotuv\u0117","item":"https:\/\/monti.lt\/shop\/"},{"@type":"ListItem","position":3,"name":"Woopie magnetin\u0117s kalad\u0117l\u0117s &#8220;Gaisrin\u0117&#8221;"}]},{"@type":"WebSite","@id":"https:\/\/monti.lt\/#website","url":"https:\/\/monti.lt\/","name":"Montessori \u017eaislai","description":"","publisher":{"@id":"https:\/\/monti.lt\/#organization"},"potentialAction":[{"@type":"SearchAction","target":{"@type":"EntryPoint","urlTemplate":"https:\/\/monti.lt\/?s={search_term_string}"},"query-input":"required name=search_term_string"}],"inLanguage":"en-US"},{"@type":"Organization","@id":"https:\/\/monti.lt\/#organization","name":"Montessori \u017eaislai","url":"https:\/\/monti.lt\/","logo":{"@type":"ImageObject","inLanguage":"en-US","@id":"https:\/\/monti.lt\/#\/schema\/logo\/image\/","url":"https:\/\/monti.lt\/wp-content\/uploads\/2022\/03\/montilogo-1.png","contentUrl":"https:\/\/monti.lt\/wp-content\/uploads\/2022\/03\/montilogo-1.png","width":512,"height":512,"caption":"Montessori \u017eaislai"},"image":{"@id":"https:\/\/monti.lt\/#\/schema\/logo\/image\/"}}]}},"_links":{"self":[{"href":"https:\/\/monti.lt\/en\/wp-json\/wp\/v2\/product\/35246"}],"collection":[{"href":"https:\/\/monti.lt\/en\/wp-json\/wp\/v2\/product"}],"about":[{"href":"https:\/\/monti.lt\/en\/wp-json\/wp\/v2\/types\/product"}],"version-history":[{"count":1,"href":"https:\/\/monti.lt\/en\/wp-json\/wp\/v2\/product\/35246\/revisions"}],"predecessor-version":[{"id":35251,"href":"https:\/\/monti.lt\/en\/wp-json\/wp\/v2\/product\/35246\/revisions\/35251"}],"wp:featuredmedia":[{"embeddable":true,"href":"https:\/\/monti.lt\/en\/wp-json\/wp\/v2\/media\/35247"}],"wp:attachment":[{"href":"https:\/\/monti.lt\/en\/wp-json\/wp\/v2\/media?parent=35246"}],"wp:term":[{"taxonomy":"product_cat","embeddable":true,"href":"https:\/\/monti.lt\/en\/wp-json\/wp\/v2\/product_cat?post=35246"},{"taxonomy":"product_tag","embeddable":true,"href":"https:\/\/monti.lt\/en\/wp-json\/wp\/v2\/product_tag?post=35246"}],"curies":[{"name":"wp","href":"https:\/\/api.w.org\/{rel}","templated":true}]}}