{"id":35252,"date":"2025-11-04T08:00:43","date_gmt":"2025-11-04T08:00:43","guid":{"rendered":"https:\/\/monti.lt\/?post_type=product&#038;p=35252"},"modified":"2026-04-13T10:41:44","modified_gmt":"2026-04-13T10:41:44","slug":"woopie-kinetinio-smelio-rinkinys","status":"publish","type":"product","link":"https:\/\/monti.lt\/en\/product\/woopie-kinetinio-smelio-rinkinys\/","title":{"rendered":"Woopie kinetinio sm\u0117lio rinkinys"},"content":{"rendered":"<p>Patepkite \u012f stebukling\u0105 fantazijos pasaul\u012f su \u201eWoopie\u201c \u017eaisl\u0173 rinkiniu \u201eMagic Kinetic Sand Unicorns and Rainbows\u201c! \u0160is nepaprastas sm\u0117lis, kuris niekada nei\u0161d\u017ei\u016bsta ir yra \u0161velnus liesti, leis j\u016bs\u0173 vaikui sukurti savo pasak\u0173 \u0161al\u012f. Rinkinyje yra spalvotas sm\u0117lis ir formel\u0117s su mielais vienaragiais, vaivoryk\u0161t\u0117mis, \u017evaig\u017ed\u0117mis ir debesimis, kurios stimuliuos vaizduot\u0119 ir suteiks valand\u0173 valandas k\u016brybinio malonumo. Puikiai tinka rank\u0173 ir jutimo \u012fg\u016bd\u017eiams ugdyti, be netvarkos ir valymo r\u016bpes\u010di\u0173!<\/p>\n\n\n\n<p>Savyb\u0117s:<\/p>\n\n\n\n<ul class=\"wp-block-list\">\n<li>Nuo 3 met\u0173 am\u017eiaus<\/li>\n\n\n\n<li>Sm\u0117lis i\u0161laiko savo savybes, tod\u0117l galima valand\u0173 valandas \u017eaisti be dr\u0117kinimo<\/li>\n\n\n\n<li>Puikiai minkomas ir formuojamas, i\u0161laiko savo form\u0105<\/li>\n\n\n\n<li>Nelimpa prie rank\u0173 ar grind\u0173, tod\u0117l nepalieka netvarkos ir yra netoksi\u0161kas<\/li>\n\n\n\n<li>Vienaragio, vaivoryk\u0161t\u0117s, \u017evaig\u017ed\u0117s ir debesies formos formel\u0117s \u012fkvepia pasak\u0173 k\u016brimui<\/li>\n\n\n\n<li>Komplekte esantis pad\u0117klas suteikia patogi\u0105 viet\u0105 \u017eaisti ir padeda i\u0161laikyti tvark\u0105<br>Komplekte yra:<\/li>\n\n\n\n<li>Magi\u0161kas sm\u0117lis 3 spalv\u0173 (bendras sm\u0117lio svoris: 600 g)<\/li>\n\n\n\n<li>\u017daidim\u0173 d\u0117klas<\/li>\n\n\n\n<li>Fantazijos tematikos formeli\u0173 rinkinys (\u012fskaitant vienaragius, vaivoryk\u0161t\u0119, \u017evaig\u017edes, debesis ir k\u016bgius)<\/li>\n\n\n\n<li>Modelavimo\/skulpt\u016bros \u012frankiai<br>\u017daislas ugdo:<\/li>\n\n\n\n<li>K\u016brybi\u0161kum\u0105 ir erdvin\u0119 vaizduot\u0119<\/li>\n\n\n\n<li>Rank\u0173 \u012fg\u016bd\u017eius ir judesi\u0173 tikslum\u0105<\/li>\n\n\n\n<li>Rank\u0173 ir aki\u0173 koordinacij\u0105<\/li>\n\n\n\n<li>Lyt\u0117jimo poj\u016bt\u012f ir jutimin\u012f suvokim\u0105<\/li>\n\n\n\n<li>Kantryb\u0119 ir koncentracij\u0105<\/li>\n<\/ul>","protected":false},"excerpt":{"rendered":"<p>Patepkite \u012f stebukling\u0105 fantazijos pasaul\u012f su \u201eWoopie\u201c \u017eaisl\u0173 rinkiniu \u201eMagic Kinetic Sand Unicorns and Rainbows\u201c! \u0160is nepaprastas sm\u0117lis, kuris niekada nei\u0161d\u017ei\u016bsta ir yra \u0161velnus liesti, leis j\u016bs\u0173 vaikui sukurti savo pasak\u0173 \u0161al\u012f. Rinkinyje yra spalvotas sm\u0117lis ir formel\u0117s su mielais vienaragiais, vaivoryk\u0161t\u0117mis, \u017evaig\u017ed\u0117mis ir debesimis, kurios stimuliuos vaizduot\u0119 ir suteiks valand\u0173 valandas k\u016brybinio malonumo. Puikiai [&hellip;]<\/p>","protected":false},"featured_media":35253,"template":"","meta":{"_acf_changed":false,"iawp_total_views":175},"product_cat":[195,216,217,191,87,84,86,49,249,39],"product_tag":[97,98],"class_list":{"0":"post-35252","1":"product","2":"type-product","3":"status-publish","4":"has-post-thumbnail","6":"product_cat-dovanos-vaikams-3-4-metu","7":"product_cat-dovanos-4-5-metu-vaikams","8":"product_cat-dovanos-5-7-metu-vaikams","9":"product_cat-dovanos-vaikams","10":"product_cat-kurybiniai-rinkiniai","11":"product_cat-lavinamieji-zaislai","12":"product_cat-smulkioji-motorika","13":"product_cat-visi-zaislai","14":"product_cat-woppie","15":"product_cat-zaislai","16":"product_tag-3-m-4-m","17":"product_tag-5-m-7-m","19":"first","20":"instock","21":"sale","22":"taxable","23":"shipping-taxable","24":"purchasable","25":"product-type-simple"},"acf":[],"yoast_head":"<!-- This site is optimized with the Yoast SEO plugin v23.3 - https:\/\/yoast.com\/wordpress\/plugins\/seo\/ -->\n<title>Woopie kinetinio sm\u0117lio rinkinys - Montessori \u017eaislai<\/title>\n<meta name=\"robots\" content=\"index, follow, max-snippet:-1, max-image-preview:large, max-video-preview:-1\" \/>\n<link rel=\"canonical\" href=\"https:\/\/monti.lt\/en\/product\/woopie-kinetinio-smelio-rinkinys\/\" \/>\n<meta property=\"og:locale\" content=\"en_US\" \/>\n<meta property=\"og:type\" content=\"article\" \/>\n<meta property=\"og:title\" content=\"Woopie kinetinio sm\u0117lio rinkinys - Montessori \u017eaislai\" \/>\n<meta property=\"og:description\" content=\"Patepkite \u012f stebukling\u0105 fantazijos pasaul\u012f su \u201eWoopie\u201c \u017eaisl\u0173 rinkiniu \u201eMagic Kinetic Sand Unicorns and Rainbows\u201c! \u0160is nepaprastas sm\u0117lis, kuris niekada nei\u0161d\u017ei\u016bsta ir yra \u0161velnus liesti, leis j\u016bs\u0173 vaikui sukurti savo pasak\u0173 \u0161al\u012f. Rinkinyje yra spalvotas sm\u0117lis ir formel\u0117s su mielais vienaragiais, vaivoryk\u0161t\u0117mis, \u017evaig\u017ed\u0117mis ir debesimis, kurios stimuliuos vaizduot\u0119 ir suteiks valand\u0173 valandas k\u016brybinio malonumo. Puikiai [&hellip;]\" \/>\n<meta property=\"og:url\" content=\"https:\/\/monti.lt\/en\/product\/woopie-kinetinio-smelio-rinkinys\/\" \/>\n<meta property=\"og:site_name\" content=\"Montessori \u017eaislai\" \/>\n<meta property=\"article:modified_time\" content=\"2026-04-13T10:41:44+00:00\" \/>\n<meta property=\"og:image\" content=\"https:\/\/monti.lt\/wp-content\/uploads\/2025\/11\/woopie-piasek-kinetyczny-06-kg-zestaw-jednorozec-stolik-z-foremkami.jpg\" \/>\n\t<meta property=\"og:image:width\" content=\"800\" \/>\n\t<meta property=\"og:image:height\" content=\"800\" \/>\n\t<meta property=\"og:image:type\" content=\"image\/jpeg\" \/>\n<meta name=\"twitter:card\" content=\"summary_large_image\" \/>\n<meta name=\"twitter:label1\" content=\"Est. reading time\" \/>\n\t<meta name=\"twitter:data1\" content=\"2 minutes\" \/>\n<script type=\"application\/ld+json\" class=\"yoast-schema-graph\">{\"@context\":\"https:\/\/schema.org\",\"@graph\":[{\"@type\":\"WebPage\",\"@id\":\"https:\/\/monti.lt\/product\/woopie-kinetinio-smelio-rinkinys\/\",\"url\":\"https:\/\/monti.lt\/product\/woopie-kinetinio-smelio-rinkinys\/\",\"name\":\"Woopie kinetinio sm\u0117lio rinkinys - Montessori \u017eaislai\",\"isPartOf\":{\"@id\":\"https:\/\/monti.lt\/#website\"},\"primaryImageOfPage\":{\"@id\":\"https:\/\/monti.lt\/product\/woopie-kinetinio-smelio-rinkinys\/#primaryimage\"},\"image\":{\"@id\":\"https:\/\/monti.lt\/product\/woopie-kinetinio-smelio-rinkinys\/#primaryimage\"},\"thumbnailUrl\":\"https:\/\/monti.lt\/wp-content\/uploads\/2025\/11\/woopie-piasek-kinetyczny-06-kg-zestaw-jednorozec-stolik-z-foremkami.jpg\",\"datePublished\":\"2025-11-04T08:00:43+00:00\",\"dateModified\":\"2026-04-13T10:41:44+00:00\",\"breadcrumb\":{\"@id\":\"https:\/\/monti.lt\/product\/woopie-kinetinio-smelio-rinkinys\/#breadcrumb\"},\"inLanguage\":\"en-US\",\"potentialAction\":[{\"@type\":\"ReadAction\",\"target\":[\"https:\/\/monti.lt\/product\/woopie-kinetinio-smelio-rinkinys\/\"]}]},{\"@type\":\"ImageObject\",\"inLanguage\":\"en-US\",\"@id\":\"https:\/\/monti.lt\/product\/woopie-kinetinio-smelio-rinkinys\/#primaryimage\",\"url\":\"https:\/\/monti.lt\/wp-content\/uploads\/2025\/11\/woopie-piasek-kinetyczny-06-kg-zestaw-jednorozec-stolik-z-foremkami.jpg\",\"contentUrl\":\"https:\/\/monti.lt\/wp-content\/uploads\/2025\/11\/woopie-piasek-kinetyczny-06-kg-zestaw-jednorozec-stolik-z-foremkami.jpg\",\"width\":800,\"height\":800,\"caption\":\"kinetinis smelis\"},{\"@type\":\"BreadcrumbList\",\"@id\":\"https:\/\/monti.lt\/product\/woopie-kinetinio-smelio-rinkinys\/#breadcrumb\",\"itemListElement\":[{\"@type\":\"ListItem\",\"position\":1,\"name\":\"Home\",\"item\":\"https:\/\/monti.lt\/\"},{\"@type\":\"ListItem\",\"position\":2,\"name\":\"Parduotuv\u0117\",\"item\":\"https:\/\/monti.lt\/shop\/\"},{\"@type\":\"ListItem\",\"position\":3,\"name\":\"Woopie kinetinio sm\u0117lio rinkinys\"}]},{\"@type\":\"WebSite\",\"@id\":\"https:\/\/monti.lt\/#website\",\"url\":\"https:\/\/monti.lt\/\",\"name\":\"Montessori \u017eaislai\",\"description\":\"\",\"publisher\":{\"@id\":\"https:\/\/monti.lt\/#organization\"},\"potentialAction\":[{\"@type\":\"SearchAction\",\"target\":{\"@type\":\"EntryPoint\",\"urlTemplate\":\"https:\/\/monti.lt\/?s={search_term_string}\"},\"query-input\":\"required name=search_term_string\"}],\"inLanguage\":\"en-US\"},{\"@type\":\"Organization\",\"@id\":\"https:\/\/monti.lt\/#organization\",\"name\":\"Montessori \u017eaislai\",\"url\":\"https:\/\/monti.lt\/\",\"logo\":{\"@type\":\"ImageObject\",\"inLanguage\":\"en-US\",\"@id\":\"https:\/\/monti.lt\/#\/schema\/logo\/image\/\",\"url\":\"https:\/\/monti.lt\/wp-content\/uploads\/2022\/03\/montilogo-1.png\",\"contentUrl\":\"https:\/\/monti.lt\/wp-content\/uploads\/2022\/03\/montilogo-1.png\",\"width\":512,\"height\":512,\"caption\":\"Montessori \u017eaislai\"},\"image\":{\"@id\":\"https:\/\/monti.lt\/#\/schema\/logo\/image\/\"}}]}<\/script>\n<!-- \/ Yoast SEO plugin. -->","yoast_head_json":{"title":"Woopie kinetinio sm\u0117lio rinkinys - Montessori \u017eaislai","robots":{"index":"index","follow":"follow","max-snippet":"max-snippet:-1","max-image-preview":"max-image-preview:large","max-video-preview":"max-video-preview:-1"},"canonical":"https:\/\/monti.lt\/en\/product\/woopie-kinetinio-smelio-rinkinys\/","og_locale":"en_US","og_type":"article","og_title":"Woopie kinetinio sm\u0117lio rinkinys - Montessori \u017eaislai","og_description":"Patepkite \u012f stebukling\u0105 fantazijos pasaul\u012f su \u201eWoopie\u201c \u017eaisl\u0173 rinkiniu \u201eMagic Kinetic Sand Unicorns and Rainbows\u201c! \u0160is nepaprastas sm\u0117lis, kuris niekada nei\u0161d\u017ei\u016bsta ir yra \u0161velnus liesti, leis j\u016bs\u0173 vaikui sukurti savo pasak\u0173 \u0161al\u012f. Rinkinyje yra spalvotas sm\u0117lis ir formel\u0117s su mielais vienaragiais, vaivoryk\u0161t\u0117mis, \u017evaig\u017ed\u0117mis ir debesimis, kurios stimuliuos vaizduot\u0119 ir suteiks valand\u0173 valandas k\u016brybinio malonumo. Puikiai [&hellip;]","og_url":"https:\/\/monti.lt\/en\/product\/woopie-kinetinio-smelio-rinkinys\/","og_site_name":"Montessori \u017eaislai","article_modified_time":"2026-04-13T10:41:44+00:00","og_image":[{"width":800,"height":800,"url":"https:\/\/monti.lt\/wp-content\/uploads\/2025\/11\/woopie-piasek-kinetyczny-06-kg-zestaw-jednorozec-stolik-z-foremkami.jpg","type":"image\/jpeg"}],"twitter_card":"summary_large_image","twitter_misc":{"Est. reading time":"2 minutes"},"schema":{"@context":"https:\/\/schema.org","@graph":[{"@type":"WebPage","@id":"https:\/\/monti.lt\/product\/woopie-kinetinio-smelio-rinkinys\/","url":"https:\/\/monti.lt\/product\/woopie-kinetinio-smelio-rinkinys\/","name":"Woopie kinetinio sm\u0117lio rinkinys - Montessori \u017eaislai","isPartOf":{"@id":"https:\/\/monti.lt\/#website"},"primaryImageOfPage":{"@id":"https:\/\/monti.lt\/product\/woopie-kinetinio-smelio-rinkinys\/#primaryimage"},"image":{"@id":"https:\/\/monti.lt\/product\/woopie-kinetinio-smelio-rinkinys\/#primaryimage"},"thumbnailUrl":"https:\/\/monti.lt\/wp-content\/uploads\/2025\/11\/woopie-piasek-kinetyczny-06-kg-zestaw-jednorozec-stolik-z-foremkami.jpg","datePublished":"2025-11-04T08:00:43+00:00","dateModified":"2026-04-13T10:41:44+00:00","breadcrumb":{"@id":"https:\/\/monti.lt\/product\/woopie-kinetinio-smelio-rinkinys\/#breadcrumb"},"inLanguage":"en-US","potentialAction":[{"@type":"ReadAction","target":["https:\/\/monti.lt\/product\/woopie-kinetinio-smelio-rinkinys\/"]}]},{"@type":"ImageObject","inLanguage":"en-US","@id":"https:\/\/monti.lt\/product\/woopie-kinetinio-smelio-rinkinys\/#primaryimage","url":"https:\/\/monti.lt\/wp-content\/uploads\/2025\/11\/woopie-piasek-kinetyczny-06-kg-zestaw-jednorozec-stolik-z-foremkami.jpg","contentUrl":"https:\/\/monti.lt\/wp-content\/uploads\/2025\/11\/woopie-piasek-kinetyczny-06-kg-zestaw-jednorozec-stolik-z-foremkami.jpg","width":800,"height":800,"caption":"kinetinis smelis"},{"@type":"BreadcrumbList","@id":"https:\/\/monti.lt\/product\/woopie-kinetinio-smelio-rinkinys\/#breadcrumb","itemListElement":[{"@type":"ListItem","position":1,"name":"Home","item":"https:\/\/monti.lt\/"},{"@type":"ListItem","position":2,"name":"Parduotuv\u0117","item":"https:\/\/monti.lt\/shop\/"},{"@type":"ListItem","position":3,"name":"Woopie kinetinio sm\u0117lio rinkinys"}]},{"@type":"WebSite","@id":"https:\/\/monti.lt\/#website","url":"https:\/\/monti.lt\/","name":"Montessori \u017eaislai","description":"","publisher":{"@id":"https:\/\/monti.lt\/#organization"},"potentialAction":[{"@type":"SearchAction","target":{"@type":"EntryPoint","urlTemplate":"https:\/\/monti.lt\/?s={search_term_string}"},"query-input":"required name=search_term_string"}],"inLanguage":"en-US"},{"@type":"Organization","@id":"https:\/\/monti.lt\/#organization","name":"Montessori \u017eaislai","url":"https:\/\/monti.lt\/","logo":{"@type":"ImageObject","inLanguage":"en-US","@id":"https:\/\/monti.lt\/#\/schema\/logo\/image\/","url":"https:\/\/monti.lt\/wp-content\/uploads\/2022\/03\/montilogo-1.png","contentUrl":"https:\/\/monti.lt\/wp-content\/uploads\/2022\/03\/montilogo-1.png","width":512,"height":512,"caption":"Montessori \u017eaislai"},"image":{"@id":"https:\/\/monti.lt\/#\/schema\/logo\/image\/"}}]}},"_links":{"self":[{"href":"https:\/\/monti.lt\/en\/wp-json\/wp\/v2\/product\/35252"}],"collection":[{"href":"https:\/\/monti.lt\/en\/wp-json\/wp\/v2\/product"}],"about":[{"href":"https:\/\/monti.lt\/en\/wp-json\/wp\/v2\/types\/product"}],"version-history":[{"count":1,"href":"https:\/\/monti.lt\/en\/wp-json\/wp\/v2\/product\/35252\/revisions"}],"predecessor-version":[{"id":35261,"href":"https:\/\/monti.lt\/en\/wp-json\/wp\/v2\/product\/35252\/revisions\/35261"}],"wp:featuredmedia":[{"embeddable":true,"href":"https:\/\/monti.lt\/en\/wp-json\/wp\/v2\/media\/35253"}],"wp:attachment":[{"href":"https:\/\/monti.lt\/en\/wp-json\/wp\/v2\/media?parent=35252"}],"wp:term":[{"taxonomy":"product_cat","embeddable":true,"href":"https:\/\/monti.lt\/en\/wp-json\/wp\/v2\/product_cat?post=35252"},{"taxonomy":"product_tag","embeddable":true,"href":"https:\/\/monti.lt\/en\/wp-json\/wp\/v2\/product_tag?post=35252"}],"curies":[{"name":"wp","href":"https:\/\/api.w.org\/{rel}","templated":true}]}}