{"id":35289,"date":"2025-11-04T12:00:47","date_gmt":"2025-11-04T12:00:47","guid":{"rendered":"https:\/\/monti.lt\/?post_type=product&#038;p=35289"},"modified":"2026-05-14T06:50:03","modified_gmt":"2026-05-14T06:50:03","slug":"edukacinis-rusiuoklis-skaiciai","status":"publish","type":"product","link":"https:\/\/monti.lt\/en\/product\/edukacinis-rusiuoklis-skaiciai\/","title":{"rendered":"Edukacinis r\u016b\u0161iuoklis &#8220;Skai\u010diai&#8221;"},"content":{"rendered":"<h1 class=\"wp-block-heading\">Medinis r\u016b\u0161iuoklis vaikams \u201eKruzzel\u201c \u2013 edukacinis \u017eaislas Montessori 3 viename d\u0117lion\u0117, magnetinis labirintas su kamuoliukais, fig\u016br\u0117l\u0117mis ir skai\u010diais, veiklos lenta 30 \u00d7 22,5 cm&nbsp;<\/h1>\n\n\n\n<p>Medinis lavinamasis \u201eKruzzel 3-in-1 Montessori\u201c r\u016b\u0161iuoklis yra puikus \u017eaislas mokymuisi \u017eaid\u017eiant namuose, dar\u017eelyje ar keliaujant. \u201eKruzzel 3-in-1\u201c r\u016b\u0161iuoklis yra ne tik \u017eaislas \u2013 tai pirmoji loginio m\u0105stymo laboratorija, padedanti vaikui vystytis pagal Montessori metod\u0105.<\/p>\n\n\n\n<h2 class=\"wp-block-heading\">Medinis r\u016b\u0161iuoklis vaikams \u201eKruzzel\u201c \u2013 mokymasis \u017eaid\u017eiant 3 viename<\/h2>\n\n\n\n<p>&#8211;&nbsp;<strong>3 funkcijos viename \u017eaisle<\/strong>&nbsp;&nbsp;&nbsp;&#8211; magnetinis labirintas, geometrin\u0117s fig\u016bros ir skai\u010diai viename rinkinyje 30 \u00d7 22,5 cm \u2013 viena lenta, daug galimybi\u0173 mokytis ir \u017eaisti.<\/p>\n\n\n\n<p>&#8211;&nbsp;<strong>Motorini\u0173 \u012fg\u016bd\u017ei\u0173 ir tikslumo lavinimas<\/strong>&nbsp;&nbsp;&nbsp;&#8211; kamuoliuk\u0173 manipuliavimo ir form\u0173 derinimo pratimai&nbsp;&nbsp;&nbsp;<strong>rank\u0173 ir aki\u0173 koordinacija bei tikslus su\u0117mimas<\/strong>&nbsp;, kuris yra ra\u0161ymo ir savitarnos mokymosi pagrindas (i\u0161bandytas Montessori metodu).<\/p>\n\n\n\n<p>&#8211;&nbsp;<strong>Tyla, susikaupimas ir d\u0117mesys<\/strong>&nbsp;&nbsp;&nbsp;&#8211; \u017eaislas \u012ftraukia ilgiau nei ekranas &#8211; vaikas pats atranda sprendimus, ramiai mokydamasis loginio m\u0105stymo ir kantryb\u0117s.<\/p>\n\n\n\n<p>&#8211;&nbsp;<strong>Saugios, ekologi\u0161kos med\u017eiagos<\/strong>&nbsp;&nbsp;&nbsp;&#8211; pagamintas i\u0161&nbsp;&nbsp;&nbsp;<strong>nat\u016brali, \u0161velniai \u0161lifuota mediena<\/strong>&nbsp;&nbsp;&nbsp;su netoksi\u0161kais da\u017eais, atitinkan\u010diais Europos standartus.<\/p>\n\n\n\n<p>&#8211;&nbsp;<strong>U\u017esisakykite be netvarkos<\/strong>&nbsp;&nbsp;&nbsp;&#8211; Kompakti\u0161ka lenta su \u012fmontuotais elementais \u2013 n\u0117ra palaid\u0173 dali\u0173, kurios pasimest\u0173 po sofa. Puikiai tinka namams, dar\u017eeliui ir kelion\u0117ms.<\/p>\n\n\n\n<p>&#8211;&nbsp;<strong>I\u0161silavinimas per patirt\u012f<\/strong>&nbsp;&nbsp;&nbsp;&#8211; vaikas mokosi spalv\u0173, skai\u010di\u0173 ir geometrini\u0173 fig\u016br\u0173 veiksmu, o ne teorija &#8211; lavina atmint\u012f, login\u012f m\u0105stym\u0105 ir savaranki\u0161kum\u0105.<\/p>\n\n\n\n<p><strong>\u2013 Dovana, kuri i\u0161 ties\u0173 lavina<\/strong>&nbsp;&nbsp;&nbsp;&#8211; gra\u017ei medin\u0117 r\u016b\u0161iavimo d\u0117\u017e\u0117&nbsp;&nbsp;&nbsp;<strong>estetikos, funkcionalumo ir mokslo derinys<\/strong>&nbsp;, kuris d\u017eiugins tiek vaikus, tiek t\u0117vus.<\/p>\n\n\n\n<h2 class=\"wp-block-heading\">I\u0161samios produkto specifikacijos:<\/h2>\n\n\n\n<ul class=\"wp-block-list\">\n<li>3in1 \u2013 trys funkcijos viename r\u016b\u0161iuotuve<\/li>\n\n\n\n<li>Saugios ir patvarios med\u017eiagos<\/li>\n\n\n\n<li>Pramogos be triuk\u0161mo ir elektronikos<\/li>\n\n\n\n<li>Kompakti\u0161kas ir patogus formatas<\/li>\n\n\n\n<li>Ugdo pagrindinius ikimokyklinio am\u017eiaus vaik\u0173 \u012fg\u016bd\u017eius<\/li>\n\n\n\n<li>Universalus \u2013 tinka tiek berniukams, tiek mergait\u0117ms<\/li>\n\n\n\n<li>Puikiai tinka dovanai<\/li>\n\n\n\n<li>Palaiko Montessori metod\u0105<\/li>\n\n\n\n<li>Prek\u0117s \u017eenklas: Kruzzel<\/li>\n\n\n\n<li>Modelis: Medinis 3 viename Montessori edukacinis r\u016b\u0161iuoklis<\/li>\n\n\n\n<li>Vaiko am\u017eius: nuo 3 met\u0173<\/li>\n\n\n\n<li>Med\u017eiaga: nat\u016brali mediena, kita<\/li>\n\n\n\n<li>Matmenys: 30 \u00d7 22,5 \u00d7 5 cm<\/li>\n\n\n\n<li>Svoris: 0,670 kg<\/li>\n\n\n\n<li>Supakuoto produkto svoris: 0,942 kg<\/li>\n\n\n\n<li>Maitinimo \u0161altinis: n\u0117ra (nereikia baterij\u0173)<\/li>\n\n\n\n<li>gamintojo kodas: 26509<\/li>\n<\/ul>\n\n\n\n<p><strong>\u012e komplekt\u0105 \u012feina:<\/strong><\/p>\n\n\n\n<ul class=\"wp-block-list\">\n<li>magnetinis labirintas su kamuoliukais ir lazdele,<\/li>\n\n\n\n<li>lenta su spalvingomis geometrin\u0117mis fig\u016bromis,<\/li>\n\n\n\n<li>lenta su skai\u010diais nuo 1 iki 10,<\/li>\n\n\n\n<li>medinis pagrindas su permatomu apsauginiu dangteliu.<\/li>\n\n\n\n<li>vartotojo vadovas<\/li>\n\n\n\n<li>spalvinga pakuot\u0117<\/li>\n<\/ul>\n\n\n\n<p><strong>GAMINTOJAS:<\/strong><\/p>\n\n\n\n<p>ISO TRADE Sp\u00f3\u0142ka z o.o.<br>Gniewomierz 173<br>59-241 Legnickie Pole, Polska<br><br>office@iso-trade.biz<\/p>\n\n\n\n<p><strong>ATSAKINGAS ASMUO ES:<\/strong><\/p>\n\n\n\n<p>IsoTrade<\/p>\n\n\n\n<p><strong>\u012eSP\u0116JIMO TURINYS:<\/strong><\/p>\n\n\n\n<p>&#8211; \u012esp\u0117jimas. Netinka vaikams iki 36 m\u0117nesi\u0173. Smulkios dalys. U\u017espringimo pavojus.<br>&#8211; Produktai netinkami vartoti.<br>&#8211; Saugoti nuo at\u0161iauri\u0173 oro s\u0105lyg\u0173 ir ugnies.<br>&#8211; Naudoti pagal paskirt\u012f.<br>&#8211; Neignoruokite rekomendacij\u0173 d\u0117l naudotojo am\u017eiaus.<br>&#8211; Nenaudokite pa\u017eeisto gaminio.<br>&#8211; Surinkimui reikalingas suaug\u0119s asmuo.<br>&#8211; Nelaikykite nesurinkt\u0173 dali\u0173 vaikams prieinamose vietose.<br>&#8211; Pakuot\u0117 n\u0117ra \u017eaislas. \u017daisl\u0105 turi i\u0161pakuoti suaug\u0119s asmuo, o pakuot\u0119 ir jos fragmentus reikia laikyti vaikams nepasiekiamoje vietoje.<\/p>","protected":false},"excerpt":{"rendered":"<p>Medinis r\u016b\u0161iuoklis vaikams \u201eKruzzel\u201c \u2013 edukacinis \u017eaislas Montessori 3 viename d\u0117lion\u0117, magnetinis labirintas su kamuoliukais, fig\u016br\u0117l\u0117mis ir skai\u010diais, veiklos lenta 30 \u00d7 22,5 cm&nbsp; Medinis lavinamasis \u201eKruzzel 3-in-1 Montessori\u201c r\u016b\u0161iuoklis yra puikus \u017eaislas mokymuisi \u017eaid\u017eiant namuose, dar\u017eelyje ar keliaujant. \u201eKruzzel 3-in-1\u201c r\u016b\u0161iuoklis yra ne tik \u017eaislas \u2013 tai pirmoji loginio m\u0105stymo laboratorija, padedanti vaikui vystytis [&hellip;]<\/p>","protected":false},"featured_media":35290,"template":"","meta":{"_acf_changed":false,"iawp_total_views":75},"product_cat":[213,82,248,84,102,88,83,86,49,39],"product_tag":[97,98],"class_list":{"0":"post-35289","1":"product","2":"type-product","3":"status-publish","4":"has-post-thumbnail","6":"product_cat-akcija","7":"product_cat-ispardavimas","8":"product_cat-kruzzel","9":"product_cat-lavinamieji-zaislai","10":"product_cat-mediniai-zaislai","11":"product_cat-mokausi-zaisti","12":"product_cat-montessori-zaislai","13":"product_cat-smulkioji-motorika","14":"product_cat-visi-zaislai","15":"product_cat-zaislai","16":"product_tag-3-m-4-m","17":"product_tag-5-m-7-m","19":"first","20":"instock","21":"sale","22":"taxable","23":"shipping-taxable","24":"purchasable","25":"product-type-simple"},"acf":[],"yoast_head":"<!-- This site is optimized with the Yoast SEO plugin v23.3 - https:\/\/yoast.com\/wordpress\/plugins\/seo\/ -->\n<title>Edukacinis r\u016b\u0161iuoklis &quot;Skai\u010diai&quot; - Montessori \u017eaislai<\/title>\n<meta name=\"robots\" content=\"index, follow, max-snippet:-1, max-image-preview:large, max-video-preview:-1\" \/>\n<link rel=\"canonical\" href=\"https:\/\/monti.lt\/en\/product\/edukacinis-rusiuoklis-skaiciai\/\" \/>\n<meta property=\"og:locale\" content=\"en_US\" \/>\n<meta property=\"og:type\" content=\"article\" \/>\n<meta property=\"og:title\" content=\"Edukacinis r\u016b\u0161iuoklis &quot;Skai\u010diai&quot; - Montessori \u017eaislai\" \/>\n<meta property=\"og:description\" content=\"Medinis r\u016b\u0161iuoklis vaikams \u201eKruzzel\u201c \u2013 edukacinis \u017eaislas Montessori 3 viename d\u0117lion\u0117, magnetinis labirintas su kamuoliukais, fig\u016br\u0117l\u0117mis ir skai\u010diais, veiklos lenta 30 \u00d7 22,5 cm&nbsp; Medinis lavinamasis \u201eKruzzel 3-in-1 Montessori\u201c r\u016b\u0161iuoklis yra puikus \u017eaislas mokymuisi \u017eaid\u017eiant namuose, dar\u017eelyje ar keliaujant. \u201eKruzzel 3-in-1\u201c r\u016b\u0161iuoklis yra ne tik \u017eaislas \u2013 tai pirmoji loginio m\u0105stymo laboratorija, padedanti vaikui vystytis [&hellip;]\" \/>\n<meta property=\"og:url\" content=\"https:\/\/monti.lt\/en\/product\/edukacinis-rusiuoklis-skaiciai\/\" \/>\n<meta property=\"og:site_name\" content=\"Montessori \u017eaislai\" \/>\n<meta property=\"article:modified_time\" content=\"2026-05-14T06:50:03+00:00\" \/>\n<meta property=\"og:image\" content=\"https:\/\/monti.lt\/wp-content\/uploads\/2025\/11\/lit_pl_Rusiuoklis-edukacinis-zaislas-Kruzzel-26509-18622_5.jpg\" \/>\n\t<meta property=\"og:image:width\" content=\"500\" \/>\n\t<meta property=\"og:image:height\" content=\"500\" \/>\n\t<meta property=\"og:image:type\" content=\"image\/jpeg\" \/>\n<meta name=\"twitter:card\" content=\"summary_large_image\" \/>\n<meta name=\"twitter:label1\" content=\"Est. reading time\" \/>\n\t<meta name=\"twitter:data1\" content=\"3 minutes\" \/>\n<script type=\"application\/ld+json\" class=\"yoast-schema-graph\">{\"@context\":\"https:\/\/schema.org\",\"@graph\":[{\"@type\":\"WebPage\",\"@id\":\"https:\/\/monti.lt\/product\/edukacinis-rusiuoklis-skaiciai\/\",\"url\":\"https:\/\/monti.lt\/product\/edukacinis-rusiuoklis-skaiciai\/\",\"name\":\"Edukacinis r\u016b\u0161iuoklis \\\"Skai\u010diai\\\" - Montessori \u017eaislai\",\"isPartOf\":{\"@id\":\"https:\/\/monti.lt\/#website\"},\"primaryImageOfPage\":{\"@id\":\"https:\/\/monti.lt\/product\/edukacinis-rusiuoklis-skaiciai\/#primaryimage\"},\"image\":{\"@id\":\"https:\/\/monti.lt\/product\/edukacinis-rusiuoklis-skaiciai\/#primaryimage\"},\"thumbnailUrl\":\"https:\/\/monti.lt\/wp-content\/uploads\/2025\/11\/lit_pl_Rusiuoklis-edukacinis-zaislas-Kruzzel-26509-18622_5.jpg\",\"datePublished\":\"2025-11-04T12:00:47+00:00\",\"dateModified\":\"2026-05-14T06:50:03+00:00\",\"breadcrumb\":{\"@id\":\"https:\/\/monti.lt\/product\/edukacinis-rusiuoklis-skaiciai\/#breadcrumb\"},\"inLanguage\":\"en-US\",\"potentialAction\":[{\"@type\":\"ReadAction\",\"target\":[\"https:\/\/monti.lt\/product\/edukacinis-rusiuoklis-skaiciai\/\"]}]},{\"@type\":\"ImageObject\",\"inLanguage\":\"en-US\",\"@id\":\"https:\/\/monti.lt\/product\/edukacinis-rusiuoklis-skaiciai\/#primaryimage\",\"url\":\"https:\/\/monti.lt\/wp-content\/uploads\/2025\/11\/lit_pl_Rusiuoklis-edukacinis-zaislas-Kruzzel-26509-18622_5.jpg\",\"contentUrl\":\"https:\/\/monti.lt\/wp-content\/uploads\/2025\/11\/lit_pl_Rusiuoklis-edukacinis-zaislas-Kruzzel-26509-18622_5.jpg\",\"width\":500,\"height\":500,\"caption\":\"montessori rusiuoklis\"},{\"@type\":\"BreadcrumbList\",\"@id\":\"https:\/\/monti.lt\/product\/edukacinis-rusiuoklis-skaiciai\/#breadcrumb\",\"itemListElement\":[{\"@type\":\"ListItem\",\"position\":1,\"name\":\"Home\",\"item\":\"https:\/\/monti.lt\/\"},{\"@type\":\"ListItem\",\"position\":2,\"name\":\"Parduotuv\u0117\",\"item\":\"https:\/\/monti.lt\/shop\/\"},{\"@type\":\"ListItem\",\"position\":3,\"name\":\"Edukacinis r\u016b\u0161iuoklis &#8220;Skai\u010diai&#8221;\"}]},{\"@type\":\"WebSite\",\"@id\":\"https:\/\/monti.lt\/#website\",\"url\":\"https:\/\/monti.lt\/\",\"name\":\"Montessori \u017eaislai\",\"description\":\"\",\"publisher\":{\"@id\":\"https:\/\/monti.lt\/#organization\"},\"potentialAction\":[{\"@type\":\"SearchAction\",\"target\":{\"@type\":\"EntryPoint\",\"urlTemplate\":\"https:\/\/monti.lt\/?s={search_term_string}\"},\"query-input\":\"required name=search_term_string\"}],\"inLanguage\":\"en-US\"},{\"@type\":\"Organization\",\"@id\":\"https:\/\/monti.lt\/#organization\",\"name\":\"Montessori \u017eaislai\",\"url\":\"https:\/\/monti.lt\/\",\"logo\":{\"@type\":\"ImageObject\",\"inLanguage\":\"en-US\",\"@id\":\"https:\/\/monti.lt\/#\/schema\/logo\/image\/\",\"url\":\"https:\/\/monti.lt\/wp-content\/uploads\/2022\/03\/montilogo-1.png\",\"contentUrl\":\"https:\/\/monti.lt\/wp-content\/uploads\/2022\/03\/montilogo-1.png\",\"width\":512,\"height\":512,\"caption\":\"Montessori \u017eaislai\"},\"image\":{\"@id\":\"https:\/\/monti.lt\/#\/schema\/logo\/image\/\"}}]}<\/script>\n<!-- \/ Yoast SEO plugin. -->","yoast_head_json":{"title":"Edukacinis r\u016b\u0161iuoklis \"Skai\u010diai\" - Montessori \u017eaislai","robots":{"index":"index","follow":"follow","max-snippet":"max-snippet:-1","max-image-preview":"max-image-preview:large","max-video-preview":"max-video-preview:-1"},"canonical":"https:\/\/monti.lt\/en\/product\/edukacinis-rusiuoklis-skaiciai\/","og_locale":"en_US","og_type":"article","og_title":"Edukacinis r\u016b\u0161iuoklis \"Skai\u010diai\" - Montessori \u017eaislai","og_description":"Medinis r\u016b\u0161iuoklis vaikams \u201eKruzzel\u201c \u2013 edukacinis \u017eaislas Montessori 3 viename d\u0117lion\u0117, magnetinis labirintas su kamuoliukais, fig\u016br\u0117l\u0117mis ir skai\u010diais, veiklos lenta 30 \u00d7 22,5 cm&nbsp; Medinis lavinamasis \u201eKruzzel 3-in-1 Montessori\u201c r\u016b\u0161iuoklis yra puikus \u017eaislas mokymuisi \u017eaid\u017eiant namuose, dar\u017eelyje ar keliaujant. \u201eKruzzel 3-in-1\u201c r\u016b\u0161iuoklis yra ne tik \u017eaislas \u2013 tai pirmoji loginio m\u0105stymo laboratorija, padedanti vaikui vystytis [&hellip;]","og_url":"https:\/\/monti.lt\/en\/product\/edukacinis-rusiuoklis-skaiciai\/","og_site_name":"Montessori \u017eaislai","article_modified_time":"2026-05-14T06:50:03+00:00","og_image":[{"width":500,"height":500,"url":"https:\/\/monti.lt\/wp-content\/uploads\/2025\/11\/lit_pl_Rusiuoklis-edukacinis-zaislas-Kruzzel-26509-18622_5.jpg","type":"image\/jpeg"}],"twitter_card":"summary_large_image","twitter_misc":{"Est. reading time":"3 minutes"},"schema":{"@context":"https:\/\/schema.org","@graph":[{"@type":"WebPage","@id":"https:\/\/monti.lt\/product\/edukacinis-rusiuoklis-skaiciai\/","url":"https:\/\/monti.lt\/product\/edukacinis-rusiuoklis-skaiciai\/","name":"Edukacinis r\u016b\u0161iuoklis \"Skai\u010diai\" - Montessori \u017eaislai","isPartOf":{"@id":"https:\/\/monti.lt\/#website"},"primaryImageOfPage":{"@id":"https:\/\/monti.lt\/product\/edukacinis-rusiuoklis-skaiciai\/#primaryimage"},"image":{"@id":"https:\/\/monti.lt\/product\/edukacinis-rusiuoklis-skaiciai\/#primaryimage"},"thumbnailUrl":"https:\/\/monti.lt\/wp-content\/uploads\/2025\/11\/lit_pl_Rusiuoklis-edukacinis-zaislas-Kruzzel-26509-18622_5.jpg","datePublished":"2025-11-04T12:00:47+00:00","dateModified":"2026-05-14T06:50:03+00:00","breadcrumb":{"@id":"https:\/\/monti.lt\/product\/edukacinis-rusiuoklis-skaiciai\/#breadcrumb"},"inLanguage":"en-US","potentialAction":[{"@type":"ReadAction","target":["https:\/\/monti.lt\/product\/edukacinis-rusiuoklis-skaiciai\/"]}]},{"@type":"ImageObject","inLanguage":"en-US","@id":"https:\/\/monti.lt\/product\/edukacinis-rusiuoklis-skaiciai\/#primaryimage","url":"https:\/\/monti.lt\/wp-content\/uploads\/2025\/11\/lit_pl_Rusiuoklis-edukacinis-zaislas-Kruzzel-26509-18622_5.jpg","contentUrl":"https:\/\/monti.lt\/wp-content\/uploads\/2025\/11\/lit_pl_Rusiuoklis-edukacinis-zaislas-Kruzzel-26509-18622_5.jpg","width":500,"height":500,"caption":"montessori rusiuoklis"},{"@type":"BreadcrumbList","@id":"https:\/\/monti.lt\/product\/edukacinis-rusiuoklis-skaiciai\/#breadcrumb","itemListElement":[{"@type":"ListItem","position":1,"name":"Home","item":"https:\/\/monti.lt\/"},{"@type":"ListItem","position":2,"name":"Parduotuv\u0117","item":"https:\/\/monti.lt\/shop\/"},{"@type":"ListItem","position":3,"name":"Edukacinis r\u016b\u0161iuoklis &#8220;Skai\u010diai&#8221;"}]},{"@type":"WebSite","@id":"https:\/\/monti.lt\/#website","url":"https:\/\/monti.lt\/","name":"Montessori \u017eaislai","description":"","publisher":{"@id":"https:\/\/monti.lt\/#organization"},"potentialAction":[{"@type":"SearchAction","target":{"@type":"EntryPoint","urlTemplate":"https:\/\/monti.lt\/?s={search_term_string}"},"query-input":"required name=search_term_string"}],"inLanguage":"en-US"},{"@type":"Organization","@id":"https:\/\/monti.lt\/#organization","name":"Montessori \u017eaislai","url":"https:\/\/monti.lt\/","logo":{"@type":"ImageObject","inLanguage":"en-US","@id":"https:\/\/monti.lt\/#\/schema\/logo\/image\/","url":"https:\/\/monti.lt\/wp-content\/uploads\/2022\/03\/montilogo-1.png","contentUrl":"https:\/\/monti.lt\/wp-content\/uploads\/2022\/03\/montilogo-1.png","width":512,"height":512,"caption":"Montessori \u017eaislai"},"image":{"@id":"https:\/\/monti.lt\/#\/schema\/logo\/image\/"}}]}},"_links":{"self":[{"href":"https:\/\/monti.lt\/en\/wp-json\/wp\/v2\/product\/35289"}],"collection":[{"href":"https:\/\/monti.lt\/en\/wp-json\/wp\/v2\/product"}],"about":[{"href":"https:\/\/monti.lt\/en\/wp-json\/wp\/v2\/types\/product"}],"version-history":[{"count":1,"href":"https:\/\/monti.lt\/en\/wp-json\/wp\/v2\/product\/35289\/revisions"}],"predecessor-version":[{"id":35295,"href":"https:\/\/monti.lt\/en\/wp-json\/wp\/v2\/product\/35289\/revisions\/35295"}],"wp:featuredmedia":[{"embeddable":true,"href":"https:\/\/monti.lt\/en\/wp-json\/wp\/v2\/media\/35290"}],"wp:attachment":[{"href":"https:\/\/monti.lt\/en\/wp-json\/wp\/v2\/media?parent=35289"}],"wp:term":[{"taxonomy":"product_cat","embeddable":true,"href":"https:\/\/monti.lt\/en\/wp-json\/wp\/v2\/product_cat?post=35289"},{"taxonomy":"product_tag","embeddable":true,"href":"https:\/\/monti.lt\/en\/wp-json\/wp\/v2\/product_tag?post=35289"}],"curies":[{"name":"wp","href":"https:\/\/api.w.org\/{rel}","templated":true}]}}