{"id":35296,"date":"2025-11-04T12:14:51","date_gmt":"2025-11-04T12:14:51","guid":{"rendered":"https:\/\/monti.lt\/?post_type=product&#038;p=35296"},"modified":"2026-04-24T16:00:06","modified_gmt":"2026-04-24T16:00:06","slug":"magnetine-kamuoliuku-trasa-96-el","status":"publish","type":"product","link":"https:\/\/monti.lt\/en\/product\/magnetine-kamuoliuku-trasa-96-el\/","title":{"rendered":"Magnetin\u0117 kamuoliuk\u0173 tr\u0105sa, 96 el."},"content":{"rendered":"<h1 class=\"wp-block-heading\">ISO TRADE magnetiniai konstruktoriai, 3D kamuoliuk\u0173 trasos \u017eaislas vaikams, 96 vnt.!<\/h1>\n\n\n\n<p>Sukurkite pasaul\u012f, kuris juda magi\u0161kai! Magnetiniai kalad\u0117l\u0117s \u2013 tikras malonumas ma\u017eiesiems statybininkams.&nbsp;&nbsp;&nbsp;<strong>96 detal\u0117s, galingi magnetai ir galimyb\u0117 kurti ne\u012ftik\u0117tinus kamuoliuk\u0173 b\u0117gimus, 3D strukt\u016bras ir erdvinius labirintus<\/strong>&nbsp;. Vaikai ne tik smagiai leid\u017eia laik\u0105, bet ir lavina vaizduot\u0119, login\u012f m\u0105stym\u0105 ir rank\u0173 \u012fg\u016bd\u017eius. Spalvinga pakuot\u0117 taip pat paver\u010dia rinkin\u012f idealia dovana!<\/p>\n\n\n\n<p>Kod\u0117l jums ir j\u016bs\u0173 vaikui patiks \u0161is magnetinis konstravimo rinkinys?<\/p>\n\n\n\n<p>??&nbsp;&nbsp;&nbsp;<strong>net 96 elementai rinkinyje<\/strong>&nbsp;&nbsp;&nbsp;&#8211; kalad\u0117l\u0117s, trasos elementai, kamuoliukai<\/p>\n\n\n\n<p>??&nbsp;&nbsp;&nbsp;<strong>stipr\u016bs magnetai&nbsp;&nbsp;<\/strong>&nbsp;&#8211; stabilus ir lengvai prijungiamas<\/p>\n\n\n\n<p>??&nbsp;<strong>&nbsp;&nbsp;skatina k\u016brybi\u0161kumo, motorini\u0173 \u012fg\u016bd\u017ei\u0173 ir loginio m\u0105stymo ugdym\u0105<\/strong><\/p>\n\n\n\n<p>??&nbsp;&nbsp;&nbsp;<strong>galimyb\u0117 statyti plok\u0161\u010dias, erdvines konstrukcijas ir kamuoliuk\u0173 trasas<\/strong><\/p>\n\n\n\n<p>??&nbsp;&nbsp;&nbsp;<strong>\u012fvairi\u0173 spalv\u0173 ir form\u0173<\/strong>&nbsp;&nbsp;&nbsp;&#8211; pad\u0117ti mokytis atpa\u017einti<\/p>\n\n\n\n<p>??&nbsp;&nbsp;&nbsp;<strong>ak\u012f traukianti pakuot\u0117&nbsp;&nbsp;<\/strong>&nbsp;&#8211; puikiai tinka dovanai<\/p>\n\n\n\n<p>??&nbsp;&nbsp;&nbsp;<strong>mergait\u0117ms ir berniukams nuo 3 met\u0173<\/strong><\/p>\n\n\n\n<p>??&nbsp;<strong>&nbsp;&nbsp;Suderinamas su kitais serijos rinkiniais \u2013 juos galima laisvai derinti<\/strong><\/p>\n\n\n\n<h2 class=\"wp-block-heading\">ISO TRADE magnetini\u0173 kalad\u0117li\u0173 rinkinio specifikacijos:<\/h2>\n\n\n\n<ul class=\"wp-block-list\">\n<li>atitinka Europos standartus<\/li>\n\n\n\n<li>dovanos id\u0117ja<\/li>\n\n\n\n<li>mokymasis per \u017eaidim\u0105<\/li>\n\n\n\n<li>edukacinis pob\u016bdis<\/li>\n\n\n\n<li>kamuoliuk\u0173 takeli\u0173 k\u016brimas<\/li>\n\n\n\n<li>vaizduot\u0117s ir k\u016brybi\u0161kumo ugdymas<\/li>\n\n\n\n<li>ry\u0161kios spalvos<\/li>\n\n\n\n<li>Element\u0173 skai\u010dius rinkinyje: 96<\/li>\n\n\n\n<li>bloko matmenys: 6,5 x 6,5 cm<\/li>\n\n\n\n<li>Matmenys pakuot\u0117je: 10 x 30 x 37 cm<\/li>\n\n\n\n<li>Komplekto svoris: 1,137 kg<\/li>\n\n\n\n<li>Svoris su pakuote: 1,63 kg<\/li>\n\n\n\n<li>prek\u0117s \u017eenklas: ISO TRADE<\/li>\n\n\n\n<li>spalva: daugiaspalv\u0117<\/li>\n\n\n\n<li>med\u017eiaga: ABS, magnetas<\/li>\n\n\n\n<li>Prek\u0117s kodas: 00026468\u012e komplekt\u0105 \u012feina:\n<ul class=\"wp-block-list\">\n<li>magnetiniai blokeliai trasai statyti<\/li>\n\n\n\n<li>kamuoliai<\/li>\n\n\n\n<li>daugiakalbis naudotojo vadovas<\/li>\n\n\n\n<li>spalvinga pakuot\u0117 su rankena<\/li>\n<\/ul>\n<\/li>\n<\/ul>\n\n\n\n<p><strong>GAMINTOJAS:<\/strong><\/p>\n\n\n\n<p>SHANTOU DIGE TOYS CO., LTD<br>CHENGHAI DISTRICT, SHANTOU CITY, GUANGDONG PROVINCE, CHINA<br>3406494224@qq.com<\/p>\n\n\n\n<p><strong>ATSAKINGAS ASMUO ES:<\/strong><\/p>\n\n\n\n<p>IsoTrade<\/p>\n\n\n\n<p><strong>\u012eSP\u0116JIMO TURINYS:<\/strong><\/p>\n\n\n\n<p>&#8211; \u012esp\u0117jimas. Netinka vaikams iki 36 m\u0117nesi\u0173. Smulkios dalys. U\u017espringimo pavojus.<br>&#8211; Produktai netinkami vartoti.<br>&#8211; Saugoti nuo at\u0161iauri\u0173 oro s\u0105lyg\u0173 ir ugnies.<br>&#8211; Naudoti pagal paskirt\u012f.<br>&#8211; Neignoruokite rekomendacij\u0173 d\u0117l naudotojo am\u017eiaus.<br>&#8211; Nenaudokite pa\u017eeisto gaminio.<br>&#8211; Surinkimui reikalingas suaug\u0119s asmuo.<br>&#8211; Nelaikykite nesurinkt\u0173 dali\u0173 vaikams prieinamose vietose.<br>&#8211; Pakuot\u0117 n\u0117ra \u017eaislas. \u017daisl\u0105 turi i\u0161pakuoti suaug\u0119s asmuo, o pakuot\u0119 ir jos fragmentus reikia laikyti vaikams nepasiekiamoje vietoje.<br>\u2013 Sud\u0117tyje yra magnet\u0173. Prarijus daugiau nei vien\u0105 magnet\u0105, galima sunkiai susi\u017ealoti. Prarijus, nedelsiant kreipkit\u0117s medicinin\u0117s pagalbos.<\/p>","protected":false},"excerpt":{"rendered":"<p>ISO TRADE magnetiniai konstruktoriai, 3D kamuoliuk\u0173 trasos \u017eaislas vaikams, 96 vnt.! Sukurkite pasaul\u012f, kuris juda magi\u0161kai! Magnetiniai kalad\u0117l\u0117s \u2013 tikras malonumas ma\u017eiesiems statybininkams.&nbsp;&nbsp;&nbsp;96 detal\u0117s, galingi magnetai ir galimyb\u0117 kurti ne\u012ftik\u0117tinus kamuoliuk\u0173 b\u0117gimus, 3D strukt\u016bras ir erdvinius labirintus&nbsp;. Vaikai ne tik smagiai leid\u017eia laik\u0105, bet ir lavina vaizduot\u0119, login\u012f m\u0105stym\u0105 ir rank\u0173 \u012fg\u016bd\u017eius. Spalvinga pakuot\u0117 taip [&hellip;]<\/p>","protected":false},"featured_media":35310,"template":"","meta":{"_acf_changed":false,"iawp_total_views":246},"product_cat":[92,195,216,217,191,192,87,84,86,50,202,49,39],"product_tag":[97,98],"class_list":{"0":"post-35296","1":"product","2":"type-product","3":"status-publish","4":"has-post-thumbnail","6":"product_cat-deliones","7":"product_cat-dovanos-vaikams-3-4-metu","8":"product_cat-dovanos-4-5-metu-vaikams","9":"product_cat-dovanos-5-7-metu-vaikams","10":"product_cat-dovanos-vaikams","11":"product_cat-kaledines-dovanos-vaikams","12":"product_cat-kurybiniai-rinkiniai","13":"product_cat-lavinamieji-zaislai","14":"product_cat-smulkioji-motorika","15":"product_cat-top-dovanos","16":"product_cat-vaaikiski-konstruktoriai","17":"product_cat-visi-zaislai","18":"product_cat-zaislai","19":"product_tag-3-m-4-m","20":"product_tag-5-m-7-m","22":"first","23":"instock","24":"taxable","25":"shipping-taxable","26":"purchasable","27":"product-type-simple"},"acf":[],"yoast_head":"<!-- This site is optimized with the Yoast SEO plugin v23.3 - https:\/\/yoast.com\/wordpress\/plugins\/seo\/ -->\n<title>Magnetin\u0117 kamuoliuk\u0173 tr\u0105sa, 96 el. - Montessori \u017eaislai<\/title>\n<meta name=\"robots\" content=\"index, follow, max-snippet:-1, max-image-preview:large, max-video-preview:-1\" \/>\n<link rel=\"canonical\" href=\"https:\/\/monti.lt\/en\/product\/magnetine-kamuoliuku-trasa-96-el\/\" \/>\n<meta property=\"og:locale\" content=\"en_US\" \/>\n<meta property=\"og:type\" content=\"article\" \/>\n<meta property=\"og:title\" content=\"Magnetin\u0117 kamuoliuk\u0173 tr\u0105sa, 96 el. - Montessori \u017eaislai\" \/>\n<meta property=\"og:description\" content=\"ISO TRADE magnetiniai konstruktoriai, 3D kamuoliuk\u0173 trasos \u017eaislas vaikams, 96 vnt.! Sukurkite pasaul\u012f, kuris juda magi\u0161kai! Magnetiniai kalad\u0117l\u0117s \u2013 tikras malonumas ma\u017eiesiems statybininkams.&nbsp;&nbsp;&nbsp;96 detal\u0117s, galingi magnetai ir galimyb\u0117 kurti ne\u012ftik\u0117tinus kamuoliuk\u0173 b\u0117gimus, 3D strukt\u016bras ir erdvinius labirintus&nbsp;. Vaikai ne tik smagiai leid\u017eia laik\u0105, bet ir lavina vaizduot\u0119, login\u012f m\u0105stym\u0105 ir rank\u0173 \u012fg\u016bd\u017eius. Spalvinga pakuot\u0117 taip [&hellip;]\" \/>\n<meta property=\"og:url\" content=\"https:\/\/monti.lt\/en\/product\/magnetine-kamuoliuku-trasa-96-el\/\" \/>\n<meta property=\"og:site_name\" content=\"Montessori \u017eaislai\" \/>\n<meta property=\"article:modified_time\" content=\"2026-04-24T16:00:06+00:00\" \/>\n<meta property=\"og:image\" content=\"https:\/\/monti.lt\/wp-content\/uploads\/2025\/11\/lit_pl_Magnetiniai-kaladeles-kamuoliuku-begimo-takelis-96-dalys-26468-18642_12.jpg\" \/>\n\t<meta property=\"og:image:width\" content=\"500\" \/>\n\t<meta property=\"og:image:height\" content=\"500\" \/>\n\t<meta property=\"og:image:type\" content=\"image\/jpeg\" \/>\n<meta name=\"twitter:card\" content=\"summary_large_image\" \/>\n<meta name=\"twitter:label1\" content=\"Est. reading time\" \/>\n\t<meta name=\"twitter:data1\" content=\"2 minutes\" \/>\n<script type=\"application\/ld+json\" class=\"yoast-schema-graph\">{\"@context\":\"https:\/\/schema.org\",\"@graph\":[{\"@type\":\"WebPage\",\"@id\":\"https:\/\/monti.lt\/product\/magnetine-kamuoliuku-trasa-96-el\/\",\"url\":\"https:\/\/monti.lt\/product\/magnetine-kamuoliuku-trasa-96-el\/\",\"name\":\"Magnetin\u0117 kamuoliuk\u0173 tr\u0105sa, 96 el. - Montessori \u017eaislai\",\"isPartOf\":{\"@id\":\"https:\/\/monti.lt\/#website\"},\"primaryImageOfPage\":{\"@id\":\"https:\/\/monti.lt\/product\/magnetine-kamuoliuku-trasa-96-el\/#primaryimage\"},\"image\":{\"@id\":\"https:\/\/monti.lt\/product\/magnetine-kamuoliuku-trasa-96-el\/#primaryimage\"},\"thumbnailUrl\":\"https:\/\/monti.lt\/wp-content\/uploads\/2025\/11\/lit_pl_Magnetiniai-kaladeles-kamuoliuku-begimo-takelis-96-dalys-26468-18642_12.jpg\",\"datePublished\":\"2025-11-04T12:14:51+00:00\",\"dateModified\":\"2026-04-24T16:00:06+00:00\",\"breadcrumb\":{\"@id\":\"https:\/\/monti.lt\/product\/magnetine-kamuoliuku-trasa-96-el\/#breadcrumb\"},\"inLanguage\":\"en-US\",\"potentialAction\":[{\"@type\":\"ReadAction\",\"target\":[\"https:\/\/monti.lt\/product\/magnetine-kamuoliuku-trasa-96-el\/\"]}]},{\"@type\":\"ImageObject\",\"inLanguage\":\"en-US\",\"@id\":\"https:\/\/monti.lt\/product\/magnetine-kamuoliuku-trasa-96-el\/#primaryimage\",\"url\":\"https:\/\/monti.lt\/wp-content\/uploads\/2025\/11\/lit_pl_Magnetiniai-kaladeles-kamuoliuku-begimo-takelis-96-dalys-26468-18642_12.jpg\",\"contentUrl\":\"https:\/\/monti.lt\/wp-content\/uploads\/2025\/11\/lit_pl_Magnetiniai-kaladeles-kamuoliuku-begimo-takelis-96-dalys-26468-18642_12.jpg\",\"width\":500,\"height\":500,\"caption\":\"kamuoliuku trasa\"},{\"@type\":\"BreadcrumbList\",\"@id\":\"https:\/\/monti.lt\/product\/magnetine-kamuoliuku-trasa-96-el\/#breadcrumb\",\"itemListElement\":[{\"@type\":\"ListItem\",\"position\":1,\"name\":\"Home\",\"item\":\"https:\/\/monti.lt\/\"},{\"@type\":\"ListItem\",\"position\":2,\"name\":\"Parduotuv\u0117\",\"item\":\"https:\/\/monti.lt\/shop\/\"},{\"@type\":\"ListItem\",\"position\":3,\"name\":\"Magnetin\u0117 kamuoliuk\u0173 tr\u0105sa, 96 el.\"}]},{\"@type\":\"WebSite\",\"@id\":\"https:\/\/monti.lt\/#website\",\"url\":\"https:\/\/monti.lt\/\",\"name\":\"Montessori \u017eaislai\",\"description\":\"\",\"publisher\":{\"@id\":\"https:\/\/monti.lt\/#organization\"},\"potentialAction\":[{\"@type\":\"SearchAction\",\"target\":{\"@type\":\"EntryPoint\",\"urlTemplate\":\"https:\/\/monti.lt\/?s={search_term_string}\"},\"query-input\":\"required name=search_term_string\"}],\"inLanguage\":\"en-US\"},{\"@type\":\"Organization\",\"@id\":\"https:\/\/monti.lt\/#organization\",\"name\":\"Montessori \u017eaislai\",\"url\":\"https:\/\/monti.lt\/\",\"logo\":{\"@type\":\"ImageObject\",\"inLanguage\":\"en-US\",\"@id\":\"https:\/\/monti.lt\/#\/schema\/logo\/image\/\",\"url\":\"https:\/\/monti.lt\/wp-content\/uploads\/2022\/03\/montilogo-1.png\",\"contentUrl\":\"https:\/\/monti.lt\/wp-content\/uploads\/2022\/03\/montilogo-1.png\",\"width\":512,\"height\":512,\"caption\":\"Montessori \u017eaislai\"},\"image\":{\"@id\":\"https:\/\/monti.lt\/#\/schema\/logo\/image\/\"}}]}<\/script>\n<!-- \/ Yoast SEO plugin. -->","yoast_head_json":{"title":"Magnetin\u0117 kamuoliuk\u0173 tr\u0105sa, 96 el. - Montessori \u017eaislai","robots":{"index":"index","follow":"follow","max-snippet":"max-snippet:-1","max-image-preview":"max-image-preview:large","max-video-preview":"max-video-preview:-1"},"canonical":"https:\/\/monti.lt\/en\/product\/magnetine-kamuoliuku-trasa-96-el\/","og_locale":"en_US","og_type":"article","og_title":"Magnetin\u0117 kamuoliuk\u0173 tr\u0105sa, 96 el. - Montessori \u017eaislai","og_description":"ISO TRADE magnetiniai konstruktoriai, 3D kamuoliuk\u0173 trasos \u017eaislas vaikams, 96 vnt.! Sukurkite pasaul\u012f, kuris juda magi\u0161kai! Magnetiniai kalad\u0117l\u0117s \u2013 tikras malonumas ma\u017eiesiems statybininkams.&nbsp;&nbsp;&nbsp;96 detal\u0117s, galingi magnetai ir galimyb\u0117 kurti ne\u012ftik\u0117tinus kamuoliuk\u0173 b\u0117gimus, 3D strukt\u016bras ir erdvinius labirintus&nbsp;. Vaikai ne tik smagiai leid\u017eia laik\u0105, bet ir lavina vaizduot\u0119, login\u012f m\u0105stym\u0105 ir rank\u0173 \u012fg\u016bd\u017eius. Spalvinga pakuot\u0117 taip [&hellip;]","og_url":"https:\/\/monti.lt\/en\/product\/magnetine-kamuoliuku-trasa-96-el\/","og_site_name":"Montessori \u017eaislai","article_modified_time":"2026-04-24T16:00:06+00:00","og_image":[{"width":500,"height":500,"url":"https:\/\/monti.lt\/wp-content\/uploads\/2025\/11\/lit_pl_Magnetiniai-kaladeles-kamuoliuku-begimo-takelis-96-dalys-26468-18642_12.jpg","type":"image\/jpeg"}],"twitter_card":"summary_large_image","twitter_misc":{"Est. reading time":"2 minutes"},"schema":{"@context":"https:\/\/schema.org","@graph":[{"@type":"WebPage","@id":"https:\/\/monti.lt\/product\/magnetine-kamuoliuku-trasa-96-el\/","url":"https:\/\/monti.lt\/product\/magnetine-kamuoliuku-trasa-96-el\/","name":"Magnetin\u0117 kamuoliuk\u0173 tr\u0105sa, 96 el. - Montessori \u017eaislai","isPartOf":{"@id":"https:\/\/monti.lt\/#website"},"primaryImageOfPage":{"@id":"https:\/\/monti.lt\/product\/magnetine-kamuoliuku-trasa-96-el\/#primaryimage"},"image":{"@id":"https:\/\/monti.lt\/product\/magnetine-kamuoliuku-trasa-96-el\/#primaryimage"},"thumbnailUrl":"https:\/\/monti.lt\/wp-content\/uploads\/2025\/11\/lit_pl_Magnetiniai-kaladeles-kamuoliuku-begimo-takelis-96-dalys-26468-18642_12.jpg","datePublished":"2025-11-04T12:14:51+00:00","dateModified":"2026-04-24T16:00:06+00:00","breadcrumb":{"@id":"https:\/\/monti.lt\/product\/magnetine-kamuoliuku-trasa-96-el\/#breadcrumb"},"inLanguage":"en-US","potentialAction":[{"@type":"ReadAction","target":["https:\/\/monti.lt\/product\/magnetine-kamuoliuku-trasa-96-el\/"]}]},{"@type":"ImageObject","inLanguage":"en-US","@id":"https:\/\/monti.lt\/product\/magnetine-kamuoliuku-trasa-96-el\/#primaryimage","url":"https:\/\/monti.lt\/wp-content\/uploads\/2025\/11\/lit_pl_Magnetiniai-kaladeles-kamuoliuku-begimo-takelis-96-dalys-26468-18642_12.jpg","contentUrl":"https:\/\/monti.lt\/wp-content\/uploads\/2025\/11\/lit_pl_Magnetiniai-kaladeles-kamuoliuku-begimo-takelis-96-dalys-26468-18642_12.jpg","width":500,"height":500,"caption":"kamuoliuku trasa"},{"@type":"BreadcrumbList","@id":"https:\/\/monti.lt\/product\/magnetine-kamuoliuku-trasa-96-el\/#breadcrumb","itemListElement":[{"@type":"ListItem","position":1,"name":"Home","item":"https:\/\/monti.lt\/"},{"@type":"ListItem","position":2,"name":"Parduotuv\u0117","item":"https:\/\/monti.lt\/shop\/"},{"@type":"ListItem","position":3,"name":"Magnetin\u0117 kamuoliuk\u0173 tr\u0105sa, 96 el."}]},{"@type":"WebSite","@id":"https:\/\/monti.lt\/#website","url":"https:\/\/monti.lt\/","name":"Montessori \u017eaislai","description":"","publisher":{"@id":"https:\/\/monti.lt\/#organization"},"potentialAction":[{"@type":"SearchAction","target":{"@type":"EntryPoint","urlTemplate":"https:\/\/monti.lt\/?s={search_term_string}"},"query-input":"required name=search_term_string"}],"inLanguage":"en-US"},{"@type":"Organization","@id":"https:\/\/monti.lt\/#organization","name":"Montessori \u017eaislai","url":"https:\/\/monti.lt\/","logo":{"@type":"ImageObject","inLanguage":"en-US","@id":"https:\/\/monti.lt\/#\/schema\/logo\/image\/","url":"https:\/\/monti.lt\/wp-content\/uploads\/2022\/03\/montilogo-1.png","contentUrl":"https:\/\/monti.lt\/wp-content\/uploads\/2022\/03\/montilogo-1.png","width":512,"height":512,"caption":"Montessori \u017eaislai"},"image":{"@id":"https:\/\/monti.lt\/#\/schema\/logo\/image\/"}}]}},"_links":{"self":[{"href":"https:\/\/monti.lt\/en\/wp-json\/wp\/v2\/product\/35296"}],"collection":[{"href":"https:\/\/monti.lt\/en\/wp-json\/wp\/v2\/product"}],"about":[{"href":"https:\/\/monti.lt\/en\/wp-json\/wp\/v2\/types\/product"}],"version-history":[{"count":1,"href":"https:\/\/monti.lt\/en\/wp-json\/wp\/v2\/product\/35296\/revisions"}],"predecessor-version":[{"id":35297,"href":"https:\/\/monti.lt\/en\/wp-json\/wp\/v2\/product\/35296\/revisions\/35297"}],"wp:featuredmedia":[{"embeddable":true,"href":"https:\/\/monti.lt\/en\/wp-json\/wp\/v2\/media\/35310"}],"wp:attachment":[{"href":"https:\/\/monti.lt\/en\/wp-json\/wp\/v2\/media?parent=35296"}],"wp:term":[{"taxonomy":"product_cat","embeddable":true,"href":"https:\/\/monti.lt\/en\/wp-json\/wp\/v2\/product_cat?post=35296"},{"taxonomy":"product_tag","embeddable":true,"href":"https:\/\/monti.lt\/en\/wp-json\/wp\/v2\/product_tag?post=35296"}],"curies":[{"name":"wp","href":"https:\/\/api.w.org\/{rel}","templated":true}]}}