{"id":35301,"date":"2025-11-04T13:13:03","date_gmt":"2025-11-04T13:13:03","guid":{"rendered":"https:\/\/monti.lt\/?post_type=product&#038;p=35301"},"modified":"2026-04-19T17:20:45","modified_gmt":"2026-04-19T17:20:45","slug":"zaidimas-voniai-gyvunai","status":"publish","type":"product","link":"https:\/\/monti.lt\/en\/product\/zaidimas-voniai-gyvunai\/","title":{"rendered":"\u017daidimas voniai &#8220;Gyv\u016bnai&#8221;"},"content":{"rendered":"<h1 class=\"wp-block-heading\">Putplas\u010dio gyv\u016bnai vonioms ir plytel\u0117ms, vonios \u017eaislas, lavinamasis rinkinys, mokomasis, mink\u0161tas, saugus ma\u017eoms rankyt\u0117ms, puikiai tinka dovanai, Kruzzel&nbsp;<\/h1>\n\n\n\n<p>\u0160is 12 spalving\u0173 putplas\u010dio \u017eaisl\u0173 rinkinys paver\u010dia maudynes smagiomis ir lavinan\u010diomis. Gyv\u016bn\u0117liai prilimpa prie vonios ir plyteli\u0173, o po \u017eaidimo laiko \u012fdedami \u012f&nbsp;<strong>siurbimo tinklel\u012f<\/strong>&nbsp;, kad greitai i\u0161d\u017ei\u016bt\u0173 ir vonios kambarys b\u016bt\u0173 tvarkingas.<\/p>\n\n\n\n<h2 class=\"wp-block-heading\">Smagi vonia be netvarkos \u2013 Kruzzel put\u0173 gyv\u016bnai su organizatoriumi<\/h2>\n\n\n\n<p>??&nbsp;&nbsp;&nbsp;<strong>Maudym\u0105si paver\u010dia pramoga \u2013 pridedami 12 spalving\u0173 gyv\u016bn\u0173&nbsp;&nbsp;<\/strong>&nbsp;Kiekvienas vaikas mielai \u012f\u0161okin\u0117s \u012f voni\u0105, atras ir suklijuos putplas\u010dio gyv\u016bn\u0117lius. \u0160is rinkinys lavina vaizduot\u0119 ir skatina kasdienes maudynes paversti smagia veikla.<\/p>\n\n\n\n<p>??&nbsp;&nbsp;&nbsp;<strong>Ugdymas per \u017eaidim\u0105 \u2013 spalv\u0173 ir gyv\u016bn\u0173 pa\u017einimas&nbsp;&nbsp;<\/strong>&nbsp;Kiekvienas elementas yra skirtingos spalvos ir formos, tod\u0117l vaikas mokosi atpa\u017einti spalvas ir gyv\u016bn\u0173 pavadinimus.<\/p>\n\n\n\n<p>??&nbsp;&nbsp;&nbsp;<strong>Saugios med\u017eiagos \u2013 netoksi\u0161kos, mink\u0161tos putos \u2013&nbsp;&nbsp;<\/strong>&nbsp;Putplastis atitinka Europos standartus. Be a\u0161tri\u0173 briaun\u0173 \u2013 puikiai tinka ma\u017eoms rankyt\u0117ms.<\/p>\n\n\n\n<p>??&nbsp;&nbsp;&nbsp;<strong>Tinklelio organizatorius \u2013 tvarkingas ir greitai d\u017ei\u016bstantis po maudyni\u0173 &#8211;&nbsp;&nbsp;<\/strong>&nbsp;Prakti\u0161kas tinklelis su siurbtukais leid\u017eia lengvai laikyti \u017eaislus ir u\u017etikrina oro cirkuliacij\u0105, tod\u0117l \u017eaislai nepelija ir neskleid\u017eia kvap\u0173.<\/p>\n\n\n\n<p>??&nbsp;&nbsp;&nbsp;<strong>Lengvas surinkimas \u2013 nereikia gr\u0119\u017eti ar gr\u0119\u017eti \u012franki\u0173 \u2013&nbsp;&nbsp;<\/strong>&nbsp;Tiesiog priklijuokite organizatori\u0173 prie lygaus pavir\u0161iaus (plyteli\u0173, vonios, stiklo). Siurbtukai i\u0161laiko \u0161lapi\u0173 put\u0173 svor\u012f.<\/p>\n\n\n\n<p>??&nbsp;&nbsp;&nbsp;<strong>Higieni\u0161ka ir patvari \u2013 greitai d\u017ei\u016bstanti med\u017eiaga \u2013&nbsp;&nbsp;<\/strong>&nbsp;Putplastis nesugeria vandens ir neturi skyli\u0173, kuriose gal\u0117t\u0173 kauptis dr\u0117gm\u0117. Tiesiog nuplaukite ir i\u0161d\u017eiovinkite tinkliniame mai\u0161elyje, kad i\u0161laikytum\u0117te \u0161vie\u017eum\u0105 ir spalv\u0105.<\/p>\n\n\n\n<h2 class=\"wp-block-heading\">I\u0161samios produkto specifikacijos:<\/h2>\n\n\n\n<ul class=\"wp-block-list\">\n<li>Padarykite savo kasdienes vonias patrauklesnes<\/li>\n\n\n\n<li>Vaiko vaizduot\u0117s ir k\u016brybi\u0161kumo skatinimas<\/li>\n\n\n\n<li>Pramogos + i\u0161silavinimas viename<\/li>\n\n\n\n<li>Daugiau jokios netvarkos vonioje<\/li>\n\n\n\n<li>Greitai d\u017ei\u016bsta \u2013 nebelieka pel\u0117sio ir nemaloni\u0173 kvap\u0173<\/li>\n\n\n\n<li>Lengvas montavimas \u2013 tiesiog priglauskite organizatori\u0173 prie lygaus pavir\u0161iaus<\/li>\n\n\n\n<li>med\u017eiaga: putplastis<\/li>\n\n\n\n<li>Matmenys: 8,5 x 8 x 0,8 cm<\/li>\n\n\n\n<li>Svoris pakuot\u0117je: 0,088 kg<\/li>\n\n\n\n<li>produkto svoris: 0,070 kg<\/li>\n\n\n\n<li>Kruzzel prek\u0117s \u017eenklas<\/li>\n\n\n\n<li>gamintojo kodas: 26600<\/li>\n\n\n\n<li>Rinkin\u012f sudaro: 12 putplas\u010dio gyv\u016bn\u0173, organizatorius su siurbtukais.<\/li>\n<\/ul>\n\n\n\n<p><strong>GAMINTOJAS:<\/strong><\/p>\n\n\n\n<p>ISO TRADE Sp\u00f3\u0142ka z o.o.<br>Gniewomierz 173<br>59-241 Legnickie Pole, Polska<br><br>office@iso-trade.biz<\/p>\n\n\n\n<p><strong>ATSAKINGAS ASMUO ES:<\/strong><\/p>\n\n\n\n<p>IsoTrade<\/p>\n\n\n\n<p><strong>\u012eSP\u0116JIMO TURINYS:<\/strong><\/p>\n\n\n\n<p>\u012eSP\u0116JIMAI:<br>&#8211; \u012esp\u0117jimas. Rekomenduojamas am\u017eius: 0+<br>&#8211; Produktai netinkami vartoti.<br>&#8211; Saugoti nuo at\u0161iauri\u0173 oro s\u0105lyg\u0173 ir ugnies.<br>&#8211; Naudoti pagal paskirt\u012f.<br>&#8211; Neignoruokite rekomendacij\u0173 d\u0117l naudotojo am\u017eiaus.<br>&#8211; Nenaudokite pa\u017eeisto gaminio.<br>&#8211; Nelaikykite nesurinkt\u0173 dali\u0173 vaikams prieinamose vietose.<br>&#8211; Pakuot\u0117 n\u0117ra \u017eaislas. \u017daisl\u0105 tur\u0117t\u0173 i\u0161pakuoti suaug\u0119s asmuo, o pakuot\u0119 ir jos fragmentus reikia laikyti vaikams nepasiekiamoje vietoje.<\/p>","protected":false},"excerpt":{"rendered":"<p>Putplas\u010dio gyv\u016bnai vonioms ir plytel\u0117ms, vonios \u017eaislas, lavinamasis rinkinys, mokomasis, mink\u0161tas, saugus ma\u017eoms rankyt\u0117ms, puikiai tinka dovanai, Kruzzel&nbsp; \u0160is 12 spalving\u0173 putplas\u010dio \u017eaisl\u0173 rinkinys paver\u010dia maudynes smagiomis ir lavinan\u010diomis. Gyv\u016bn\u0117liai prilimpa prie vonios ir plyteli\u0173, o po \u017eaidimo laiko \u012fdedami \u012f&nbsp;siurbimo tinklel\u012f&nbsp;, kad greitai i\u0161d\u017ei\u016bt\u0173 ir vonios kambarys b\u016bt\u0173 tvarkingas. Smagi vonia be netvarkos \u2013 [&hellip;]<\/p>","protected":false},"featured_media":35302,"template":"","meta":{"_acf_changed":false,"iawp_total_views":338},"product_cat":[190,49,39],"product_tag":[95,96,97,94],"class_list":{"0":"post-35301","1":"product","2":"type-product","3":"status-publish","4":"has-post-thumbnail","6":"product_cat-maudynems","7":"product_cat-visi-zaislai","8":"product_cat-zaislai","9":"product_tag-1-m-2-m","10":"product_tag-2-m-3-m","11":"product_tag-3-m-4-m","12":"product_tag-iki-1-m","14":"first","15":"instock","16":"sale","17":"taxable","18":"shipping-taxable","19":"purchasable","20":"product-type-simple"},"acf":[],"yoast_head":"<!-- This site is optimized with the Yoast SEO plugin v23.3 - https:\/\/yoast.com\/wordpress\/plugins\/seo\/ -->\n<title>\u017daidimas voniai &quot;Gyv\u016bnai&quot; - Montessori \u017eaislai<\/title>\n<meta name=\"robots\" content=\"index, follow, max-snippet:-1, max-image-preview:large, max-video-preview:-1\" \/>\n<link rel=\"canonical\" href=\"https:\/\/monti.lt\/en\/product\/zaidimas-voniai-gyvunai\/\" \/>\n<meta property=\"og:locale\" content=\"en_US\" \/>\n<meta property=\"og:type\" content=\"article\" \/>\n<meta property=\"og:title\" content=\"\u017daidimas voniai &quot;Gyv\u016bnai&quot; - Montessori \u017eaislai\" \/>\n<meta property=\"og:description\" content=\"Putplas\u010dio gyv\u016bnai vonioms ir plytel\u0117ms, vonios \u017eaislas, lavinamasis rinkinys, mokomasis, mink\u0161tas, saugus ma\u017eoms rankyt\u0117ms, puikiai tinka dovanai, Kruzzel&nbsp; \u0160is 12 spalving\u0173 putplas\u010dio \u017eaisl\u0173 rinkinys paver\u010dia maudynes smagiomis ir lavinan\u010diomis. Gyv\u016bn\u0117liai prilimpa prie vonios ir plyteli\u0173, o po \u017eaidimo laiko \u012fdedami \u012f&nbsp;siurbimo tinklel\u012f&nbsp;, kad greitai i\u0161d\u017ei\u016bt\u0173 ir vonios kambarys b\u016bt\u0173 tvarkingas. Smagi vonia be netvarkos \u2013 [&hellip;]\" \/>\n<meta property=\"og:url\" content=\"https:\/\/monti.lt\/en\/product\/zaidimas-voniai-gyvunai\/\" \/>\n<meta property=\"og:site_name\" content=\"Montessori \u017eaislai\" \/>\n<meta property=\"article:modified_time\" content=\"2026-04-19T17:20:45+00:00\" \/>\n<meta property=\"og:image\" content=\"https:\/\/monti.lt\/wp-content\/uploads\/2025\/11\/lit_pl_Putplascio-delione-voniai-gyvunai-26600-18660_2.jpg\" \/>\n\t<meta property=\"og:image:width\" content=\"500\" \/>\n\t<meta property=\"og:image:height\" content=\"500\" \/>\n\t<meta property=\"og:image:type\" content=\"image\/jpeg\" \/>\n<meta name=\"twitter:card\" content=\"summary_large_image\" \/>\n<meta name=\"twitter:label1\" content=\"Est. reading time\" \/>\n\t<meta name=\"twitter:data1\" content=\"3 minutes\" \/>\n<script type=\"application\/ld+json\" class=\"yoast-schema-graph\">{\"@context\":\"https:\/\/schema.org\",\"@graph\":[{\"@type\":\"WebPage\",\"@id\":\"https:\/\/monti.lt\/product\/zaidimas-voniai-gyvunai\/\",\"url\":\"https:\/\/monti.lt\/product\/zaidimas-voniai-gyvunai\/\",\"name\":\"\u017daidimas voniai \\\"Gyv\u016bnai\\\" - Montessori \u017eaislai\",\"isPartOf\":{\"@id\":\"https:\/\/monti.lt\/#website\"},\"primaryImageOfPage\":{\"@id\":\"https:\/\/monti.lt\/product\/zaidimas-voniai-gyvunai\/#primaryimage\"},\"image\":{\"@id\":\"https:\/\/monti.lt\/product\/zaidimas-voniai-gyvunai\/#primaryimage\"},\"thumbnailUrl\":\"https:\/\/monti.lt\/wp-content\/uploads\/2025\/11\/lit_pl_Putplascio-delione-voniai-gyvunai-26600-18660_2.jpg\",\"datePublished\":\"2025-11-04T13:13:03+00:00\",\"dateModified\":\"2026-04-19T17:20:45+00:00\",\"breadcrumb\":{\"@id\":\"https:\/\/monti.lt\/product\/zaidimas-voniai-gyvunai\/#breadcrumb\"},\"inLanguage\":\"en-US\",\"potentialAction\":[{\"@type\":\"ReadAction\",\"target\":[\"https:\/\/monti.lt\/product\/zaidimas-voniai-gyvunai\/\"]}]},{\"@type\":\"ImageObject\",\"inLanguage\":\"en-US\",\"@id\":\"https:\/\/monti.lt\/product\/zaidimas-voniai-gyvunai\/#primaryimage\",\"url\":\"https:\/\/monti.lt\/wp-content\/uploads\/2025\/11\/lit_pl_Putplascio-delione-voniai-gyvunai-26600-18660_2.jpg\",\"contentUrl\":\"https:\/\/monti.lt\/wp-content\/uploads\/2025\/11\/lit_pl_Putplascio-delione-voniai-gyvunai-26600-18660_2.jpg\",\"width\":500,\"height\":500,\"caption\":\"zaidimas voniai\"},{\"@type\":\"BreadcrumbList\",\"@id\":\"https:\/\/monti.lt\/product\/zaidimas-voniai-gyvunai\/#breadcrumb\",\"itemListElement\":[{\"@type\":\"ListItem\",\"position\":1,\"name\":\"Home\",\"item\":\"https:\/\/monti.lt\/\"},{\"@type\":\"ListItem\",\"position\":2,\"name\":\"Parduotuv\u0117\",\"item\":\"https:\/\/monti.lt\/shop\/\"},{\"@type\":\"ListItem\",\"position\":3,\"name\":\"\u017daidimas voniai &#8220;Gyv\u016bnai&#8221;\"}]},{\"@type\":\"WebSite\",\"@id\":\"https:\/\/monti.lt\/#website\",\"url\":\"https:\/\/monti.lt\/\",\"name\":\"Montessori \u017eaislai\",\"description\":\"\",\"publisher\":{\"@id\":\"https:\/\/monti.lt\/#organization\"},\"potentialAction\":[{\"@type\":\"SearchAction\",\"target\":{\"@type\":\"EntryPoint\",\"urlTemplate\":\"https:\/\/monti.lt\/?s={search_term_string}\"},\"query-input\":\"required name=search_term_string\"}],\"inLanguage\":\"en-US\"},{\"@type\":\"Organization\",\"@id\":\"https:\/\/monti.lt\/#organization\",\"name\":\"Montessori \u017eaislai\",\"url\":\"https:\/\/monti.lt\/\",\"logo\":{\"@type\":\"ImageObject\",\"inLanguage\":\"en-US\",\"@id\":\"https:\/\/monti.lt\/#\/schema\/logo\/image\/\",\"url\":\"https:\/\/monti.lt\/wp-content\/uploads\/2022\/03\/montilogo-1.png\",\"contentUrl\":\"https:\/\/monti.lt\/wp-content\/uploads\/2022\/03\/montilogo-1.png\",\"width\":512,\"height\":512,\"caption\":\"Montessori \u017eaislai\"},\"image\":{\"@id\":\"https:\/\/monti.lt\/#\/schema\/logo\/image\/\"}}]}<\/script>\n<!-- \/ Yoast SEO plugin. -->","yoast_head_json":{"title":"\u017daidimas voniai \"Gyv\u016bnai\" - Montessori \u017eaislai","robots":{"index":"index","follow":"follow","max-snippet":"max-snippet:-1","max-image-preview":"max-image-preview:large","max-video-preview":"max-video-preview:-1"},"canonical":"https:\/\/monti.lt\/en\/product\/zaidimas-voniai-gyvunai\/","og_locale":"en_US","og_type":"article","og_title":"\u017daidimas voniai \"Gyv\u016bnai\" - Montessori \u017eaislai","og_description":"Putplas\u010dio gyv\u016bnai vonioms ir plytel\u0117ms, vonios \u017eaislas, lavinamasis rinkinys, mokomasis, mink\u0161tas, saugus ma\u017eoms rankyt\u0117ms, puikiai tinka dovanai, Kruzzel&nbsp; \u0160is 12 spalving\u0173 putplas\u010dio \u017eaisl\u0173 rinkinys paver\u010dia maudynes smagiomis ir lavinan\u010diomis. Gyv\u016bn\u0117liai prilimpa prie vonios ir plyteli\u0173, o po \u017eaidimo laiko \u012fdedami \u012f&nbsp;siurbimo tinklel\u012f&nbsp;, kad greitai i\u0161d\u017ei\u016bt\u0173 ir vonios kambarys b\u016bt\u0173 tvarkingas. Smagi vonia be netvarkos \u2013 [&hellip;]","og_url":"https:\/\/monti.lt\/en\/product\/zaidimas-voniai-gyvunai\/","og_site_name":"Montessori \u017eaislai","article_modified_time":"2026-04-19T17:20:45+00:00","og_image":[{"width":500,"height":500,"url":"https:\/\/monti.lt\/wp-content\/uploads\/2025\/11\/lit_pl_Putplascio-delione-voniai-gyvunai-26600-18660_2.jpg","type":"image\/jpeg"}],"twitter_card":"summary_large_image","twitter_misc":{"Est. reading time":"3 minutes"},"schema":{"@context":"https:\/\/schema.org","@graph":[{"@type":"WebPage","@id":"https:\/\/monti.lt\/product\/zaidimas-voniai-gyvunai\/","url":"https:\/\/monti.lt\/product\/zaidimas-voniai-gyvunai\/","name":"\u017daidimas voniai \"Gyv\u016bnai\" - Montessori \u017eaislai","isPartOf":{"@id":"https:\/\/monti.lt\/#website"},"primaryImageOfPage":{"@id":"https:\/\/monti.lt\/product\/zaidimas-voniai-gyvunai\/#primaryimage"},"image":{"@id":"https:\/\/monti.lt\/product\/zaidimas-voniai-gyvunai\/#primaryimage"},"thumbnailUrl":"https:\/\/monti.lt\/wp-content\/uploads\/2025\/11\/lit_pl_Putplascio-delione-voniai-gyvunai-26600-18660_2.jpg","datePublished":"2025-11-04T13:13:03+00:00","dateModified":"2026-04-19T17:20:45+00:00","breadcrumb":{"@id":"https:\/\/monti.lt\/product\/zaidimas-voniai-gyvunai\/#breadcrumb"},"inLanguage":"en-US","potentialAction":[{"@type":"ReadAction","target":["https:\/\/monti.lt\/product\/zaidimas-voniai-gyvunai\/"]}]},{"@type":"ImageObject","inLanguage":"en-US","@id":"https:\/\/monti.lt\/product\/zaidimas-voniai-gyvunai\/#primaryimage","url":"https:\/\/monti.lt\/wp-content\/uploads\/2025\/11\/lit_pl_Putplascio-delione-voniai-gyvunai-26600-18660_2.jpg","contentUrl":"https:\/\/monti.lt\/wp-content\/uploads\/2025\/11\/lit_pl_Putplascio-delione-voniai-gyvunai-26600-18660_2.jpg","width":500,"height":500,"caption":"zaidimas voniai"},{"@type":"BreadcrumbList","@id":"https:\/\/monti.lt\/product\/zaidimas-voniai-gyvunai\/#breadcrumb","itemListElement":[{"@type":"ListItem","position":1,"name":"Home","item":"https:\/\/monti.lt\/"},{"@type":"ListItem","position":2,"name":"Parduotuv\u0117","item":"https:\/\/monti.lt\/shop\/"},{"@type":"ListItem","position":3,"name":"\u017daidimas voniai &#8220;Gyv\u016bnai&#8221;"}]},{"@type":"WebSite","@id":"https:\/\/monti.lt\/#website","url":"https:\/\/monti.lt\/","name":"Montessori \u017eaislai","description":"","publisher":{"@id":"https:\/\/monti.lt\/#organization"},"potentialAction":[{"@type":"SearchAction","target":{"@type":"EntryPoint","urlTemplate":"https:\/\/monti.lt\/?s={search_term_string}"},"query-input":"required name=search_term_string"}],"inLanguage":"en-US"},{"@type":"Organization","@id":"https:\/\/monti.lt\/#organization","name":"Montessori \u017eaislai","url":"https:\/\/monti.lt\/","logo":{"@type":"ImageObject","inLanguage":"en-US","@id":"https:\/\/monti.lt\/#\/schema\/logo\/image\/","url":"https:\/\/monti.lt\/wp-content\/uploads\/2022\/03\/montilogo-1.png","contentUrl":"https:\/\/monti.lt\/wp-content\/uploads\/2022\/03\/montilogo-1.png","width":512,"height":512,"caption":"Montessori \u017eaislai"},"image":{"@id":"https:\/\/monti.lt\/#\/schema\/logo\/image\/"}}]}},"_links":{"self":[{"href":"https:\/\/monti.lt\/en\/wp-json\/wp\/v2\/product\/35301"}],"collection":[{"href":"https:\/\/monti.lt\/en\/wp-json\/wp\/v2\/product"}],"about":[{"href":"https:\/\/monti.lt\/en\/wp-json\/wp\/v2\/types\/product"}],"version-history":[{"count":1,"href":"https:\/\/monti.lt\/en\/wp-json\/wp\/v2\/product\/35301\/revisions"}],"predecessor-version":[{"id":35309,"href":"https:\/\/monti.lt\/en\/wp-json\/wp\/v2\/product\/35301\/revisions\/35309"}],"wp:featuredmedia":[{"embeddable":true,"href":"https:\/\/monti.lt\/en\/wp-json\/wp\/v2\/media\/35302"}],"wp:attachment":[{"href":"https:\/\/monti.lt\/en\/wp-json\/wp\/v2\/media?parent=35301"}],"wp:term":[{"taxonomy":"product_cat","embeddable":true,"href":"https:\/\/monti.lt\/en\/wp-json\/wp\/v2\/product_cat?post=35301"},{"taxonomy":"product_tag","embeddable":true,"href":"https:\/\/monti.lt\/en\/wp-json\/wp\/v2\/product_tag?post=35301"}],"curies":[{"name":"wp","href":"https:\/\/api.w.org\/{rel}","templated":true}]}}