{"id":35312,"date":"2025-11-04T13:19:03","date_gmt":"2025-11-04T13:19:03","guid":{"rendered":"https:\/\/monti.lt\/?post_type=product&#038;p=35312"},"modified":"2026-03-26T07:23:19","modified_gmt":"2026-03-26T07:23:19","slug":"medinis-arbatos-rinkinys-su-pyrageliu-stovu","status":"publish","type":"product","link":"https:\/\/monti.lt\/en\/product\/medinis-arbatos-rinkinys-su-pyrageliu-stovu\/","title":{"rendered":"Medinis arbatos rinkinys su pyrag\u0117liu stovu"},"content":{"rendered":"<h1 class=\"wp-block-heading\">Kruzzel didelis medinis arbatos rinkinys &#8211; vaik\u0173 \u017eaidim\u0173 rinkinys + torto stovas&nbsp;<\/h1>\n\n\n\n<p>Paverskite \u012fprast\u0105 dien\u0105 nepaprastu vakar\u0117liu! \u201eKruzzel\u201c medinis keksiuk\u0173 stovas \u2013 tai rinkinys, kuris supa\u017eindins vaikus su magi\u0161ku konditerijos pramog\u0173 pasauliu \u2013 nuo desert\u0173 patiekimo iki savo gimtadienio istorij\u0173 k\u016brimo. Kiekvienas gaminys pagamintas i\u0161 saugios, lygios medienos, o pastelin\u0117s spalvos suteikia jam \u012fsp\u016bd\u012f kaip tikri saldumynai. Tai ne tik \u017eaislas, bet ir b\u016bdas mokyti k\u016brybi\u0161kumo, bendradarbiavimo ir ger\u0173 manier\u0173 \u2013 su \u0161ypsena ir be netvarkos!<\/p>\n\n\n\n<h2 class=\"wp-block-heading\">Kruzzel ma\u017eojo konditerio rinkinys \u2013 sald\u017eios pramogos, kurios lavina, d\u017eiugina ir moko!&nbsp;<\/h2>\n\n\n\n<p>&nbsp;&nbsp;<strong>Saugios pramogos kiekvien\u0105 dien\u0105<\/strong>&nbsp;&nbsp;&nbsp;&#8211; visi elementai pagaminti i\u0161 nat\u016bralios medienos, da\u017eyti netoksi\u0161kais da\u017eais ir yra sertifikuoti&nbsp;&nbsp;&nbsp;<strong>CE ir EN71<\/strong>&nbsp;, tod\u0117l galite b\u016bti tikri, kad pramogos yra 100 % saugios.&nbsp;<\/p>\n\n\n\n<p>&nbsp;&nbsp;<strong>Tobul\u0117jimas per sald\u017eius malonumus<\/strong>&nbsp;&nbsp;&nbsp;&#8211; keksiuk\u0173 i\u0161d\u0117stymas, torto pjaustymas ar sausaini\u0173 patiekimas yra pratimas&nbsp;&nbsp;&nbsp;<strong>lavina rank\u0173 ir aki\u0173 koordinacij\u0105 bei smulki\u0105j\u0105 motorik\u0105<\/strong>&nbsp;, padeda vaiko vystymuisi nuo pat prad\u017ei\u0173.&nbsp;&nbsp;&nbsp;<strong>3 met\u0173 am\u017eiaus<\/strong>&nbsp;.&nbsp;<\/p>\n\n\n\n<p>&nbsp;&nbsp;<strong>Realisti\u0161ka i\u0161vaizda ir detal\u0117s<\/strong>&nbsp;&nbsp;&nbsp;&#8211; pastelin\u0117s spalvos ir kruop\u0161\u010diai atkartoti desertai atrodo tikrovi\u0161kai \u2013 jie d\u017eiugina vaikus ir lavina vaizduot\u0119 lyg tikrame konditerijos gaminyje!&nbsp;<\/p>\n\n\n\n<p>&nbsp;&nbsp;<strong>Patvarumas daugel\u012f met\u0173<\/strong>&nbsp;&nbsp;&nbsp;&#8211; tvirti mediniai elementai yra atspar\u016bs pa\u017eeidimams ir intensyviam \u017eaidimui, k\u0105 patvirtina auk\u0161ta gamybos kokyb\u0117&nbsp;&nbsp;&nbsp;<strong>Kruzzelis<\/strong>&nbsp;.&nbsp;<\/p>\n\n\n\n<p>&nbsp;&nbsp;<strong>Pramogos grup\u0117je ir mokymasis bendradarbiauti<\/strong>&nbsp;&nbsp;&nbsp;&#8211; moko kartu gaminti saldumynus&nbsp;&nbsp;&nbsp;<strong>dalijimasis, bendravimas ir empatija<\/strong>&nbsp;, socialini\u0173 \u012fg\u016bd\u017ei\u0173 lavinimas draugi\u0161ku b\u016bdu.&nbsp;<\/p>\n\n\n\n<p>&nbsp;&nbsp;<strong>Universalus rinkinys, apjungiantis mokym\u0105si ir pramogas<\/strong>&nbsp;&nbsp;&nbsp;\u2013 j\u016bs\u0173 vaikas gali \u017eaisti gimtadienio vakar\u0117lyje, kepykl\u0117l\u0117je ar arbat\u0117l\u0117je \u2013&nbsp;&nbsp;&nbsp;<strong>15 realisti\u0161k\u0173 element\u0173<\/strong>&nbsp;&nbsp;&nbsp;suteikia neribotas galimybes kurti scenas.&nbsp;<\/p>\n\n\n\n<p>&nbsp;&nbsp;<strong>Puiki dovanos id\u0117ja<\/strong>&nbsp;&nbsp;&nbsp;&#8211; eleganti\u0161ka d\u0117\u017eut\u0117 ir \u0161iltos spalvos paver\u010dia \u0161i\u0105 dovan\u0105, kuri prad\u017eiugins tiek mergaites, tiek berniukus, supa\u017eindindama juos su k\u016brybinio \u017eaidimo pasauliu.<\/p>\n\n\n\n<h2 class=\"wp-block-heading\">I\u0161samios rinkinio specifikacijos:<\/h2>\n\n\n\n<ul class=\"wp-block-list\">\n<li>Paskirtis: \u017daislas vaikams nuo 3 met\u0173 am\u017eiaus<\/li>\n\n\n\n<li>atitinka Europos standartus<\/li>\n\n\n\n<li>dovanos id\u0117ja<\/li>\n\n\n\n<li>edukacin\u0117s pramogos<\/li>\n\n\n\n<li>ilgas linksmumas<\/li>\n\n\n\n<li>\u012fg\u016bd\u017ei\u0173 ugdymas<\/li>\n\n\n\n<li>\u017ealia, daugiaspalv\u0117<\/li>\n\n\n\n<li>Pad\u0117klo matmenys: 7&#215;29 cm<\/li>\n\n\n\n<li>L\u0117k\u0161t\u0117s matmenys: 15,5 x 19,5 cm<\/li>\n\n\n\n<li>Med\u017eiaga: indai (mediena + melaminas) ir stalo \u012frankiai (mediena) + pad\u0117klas ir pad\u0117kliukai (fanera) + priedai (fanera + neaustinis audinys + poliesteris) + torto stovas (MDF + fanera) su maisto produktais (MDF + mediena)<\/li>\n\n\n\n<li>produkto svoris: 0,949 kg<\/li>\n\n\n\n<li>supakuoto svoris: 1,345 kg<\/li>\n\n\n\n<li>Kruzzel prek\u0117s \u017eenklas<\/li>\n\n\n\n<li>Gamintojo kodas: 26418<\/li>\n<\/ul>\n\n\n\n<h2 class=\"wp-block-heading\">\u012e komplekt\u0105 \u012feina:<\/h2>\n\n\n\n<ul class=\"wp-block-list\">\n<li>Virdulys su dang\u010diu<\/li>\n\n\n\n<li>Pieno \u0105sotis<\/li>\n\n\n\n<li>2 puodeliai su l\u0117k\u0161tut\u0117mis<\/li>\n\n\n\n<li>2 arbatiniai \u0161auk\u0161teliai<\/li>\n\n\n\n<li>G\u0117l\u0117s formos tortas<\/li>\n\n\n\n<li>Slapukas<\/li>\n\n\n\n<li>Citrinos grie\u017ein\u0117lis<\/li>\n\n\n\n<li>Arbatos mai\u0161eliai<\/li>\n\n\n\n<li>Pad\u0117klas su rankenomis<\/li>\n\n\n\n<li>Plok\u0161tuma<\/li>\n\n\n\n<li>Sausainiai, keksiukai ir torto gabal\u0117liai<\/li>\n\n\n\n<li>instrukcijos lenk\u0173 kalba<\/li>\n\n\n\n<li>spalvinga pakuot\u0117<\/li>\n\n\n\n<li>ruda siuntimo d\u0117\u017eut\u0117<\/li>\n<\/ul>\n\n\n\n<p><strong>GAMINTOJAS:<\/strong><\/p>\n\n\n\n<p>ISO TRADE Sp\u00f3\u0142ka z o.o.<br>Gniewomierz 173<br>59-241 Legnickie Pole, Polska<br><br>office@iso-trade.biz<\/p>\n\n\n\n<p><strong>ATSAKINGAS ASMUO ES:<\/strong><\/p>\n\n\n\n<p>IsoTrade<\/p>\n\n\n\n<p><strong>\u012eSP\u0116JIMO TURINYS:<\/strong><\/p>\n\n\n\n<p>&#8211; \u012esp\u0117jimas. Netinka vaikams iki 36 m\u0117nesi\u0173. Smulkios dalys. U\u017espringimo pavojus.<br>&#8211; Produktai netinkami vartoti.<br>&#8211; Saugoti nuo at\u0161iauri\u0173 oro s\u0105lyg\u0173 ir ugnies.<br>&#8211; Naudoti pagal paskirt\u012f.<br>&#8211; Neignoruokite rekomendacij\u0173 d\u0117l naudotojo am\u017eiaus.<br>&#8211; Nenaudokite pa\u017eeisto gaminio.<br>&#8211; Surinkimui reikalingas suaug\u0119s asmuo.<br>&#8211; Nelaikykite nesurinkt\u0173 dali\u0173 vaikams prieinamose vietose.<br>&#8211; Pakuot\u0117 n\u0117ra \u017eaislas. \u017daisl\u0105 turi i\u0161pakuoti suaug\u0119s asmuo, o pakuot\u0119 ir jos fragmentus reikia laikyti vaikams nepasiekiamoje vietoje.<\/p>","protected":false},"excerpt":{"rendered":"<p>Kruzzel didelis medinis arbatos rinkinys &#8211; vaik\u0173 \u017eaidim\u0173 rinkinys + torto stovas&nbsp; Paverskite \u012fprast\u0105 dien\u0105 nepaprastu vakar\u0117liu! \u201eKruzzel\u201c medinis keksiuk\u0173 stovas \u2013 tai rinkinys, kuris supa\u017eindins vaikus su magi\u0161ku konditerijos pramog\u0173 pasauliu \u2013 nuo desert\u0173 patiekimo iki savo gimtadienio istorij\u0173 k\u016brimo. Kiekvienas gaminys pagamintas i\u0161 saugios, lygios medienos, o pastelin\u0117s spalvos suteikia jam \u012fsp\u016bd\u012f kaip [&hellip;]<\/p>","protected":false},"featured_media":35313,"template":"","meta":{"_acf_changed":false,"iawp_total_views":96},"product_cat":[196,84,102,83,93,49,39,214],"product_tag":[97,98],"class_list":{"0":"post-35312","1":"product","2":"type-product","3":"status-publish","4":"has-post-thumbnail","6":"product_cat-dovanos-mergaitems","7":"product_cat-lavinamieji-zaislai","8":"product_cat-mediniai-zaislai","9":"product_cat-montessori-zaislai","10":"product_cat-vaidmenu-zaidimai","11":"product_cat-visi-zaislai","12":"product_cat-zaislai","13":"product_cat-zaislai-mergaitems","14":"product_tag-3-m-4-m","15":"product_tag-5-m-7-m","17":"first","18":"instock","19":"taxable","20":"shipping-taxable","21":"purchasable","22":"product-type-simple"},"acf":[],"yoast_head":"<!-- This site is optimized with the Yoast SEO plugin v23.3 - https:\/\/yoast.com\/wordpress\/plugins\/seo\/ -->\n<title>Medinis arbatos rinkinys su pyrag\u0117liu stovu - Montessori \u017eaislai<\/title>\n<meta name=\"robots\" content=\"index, follow, max-snippet:-1, max-image-preview:large, max-video-preview:-1\" \/>\n<link rel=\"canonical\" href=\"https:\/\/monti.lt\/en\/product\/medinis-arbatos-rinkinys-su-pyrageliu-stovu\/\" \/>\n<meta property=\"og:locale\" content=\"en_US\" \/>\n<meta property=\"og:type\" content=\"article\" \/>\n<meta property=\"og:title\" content=\"Medinis arbatos rinkinys su pyrag\u0117liu stovu - Montessori \u017eaislai\" \/>\n<meta property=\"og:description\" content=\"Kruzzel didelis medinis arbatos rinkinys &#8211; vaik\u0173 \u017eaidim\u0173 rinkinys + torto stovas&nbsp; Paverskite \u012fprast\u0105 dien\u0105 nepaprastu vakar\u0117liu! \u201eKruzzel\u201c medinis keksiuk\u0173 stovas \u2013 tai rinkinys, kuris supa\u017eindins vaikus su magi\u0161ku konditerijos pramog\u0173 pasauliu \u2013 nuo desert\u0173 patiekimo iki savo gimtadienio istorij\u0173 k\u016brimo. Kiekvienas gaminys pagamintas i\u0161 saugios, lygios medienos, o pastelin\u0117s spalvos suteikia jam \u012fsp\u016bd\u012f kaip [&hellip;]\" \/>\n<meta property=\"og:url\" content=\"https:\/\/monti.lt\/en\/product\/medinis-arbatos-rinkinys-su-pyrageliu-stovu\/\" \/>\n<meta property=\"og:site_name\" content=\"Montessori \u017eaislai\" \/>\n<meta property=\"article:modified_time\" content=\"2026-03-26T07:23:19+00:00\" \/>\n<meta property=\"og:image\" content=\"https:\/\/monti.lt\/wp-content\/uploads\/2025\/11\/lit_pl_Vaikiskas-arbatos-rinkinys-Kruzzel-26418-torto-stovas-18685_13.jpg\" \/>\n\t<meta property=\"og:image:width\" content=\"500\" \/>\n\t<meta property=\"og:image:height\" content=\"500\" \/>\n\t<meta property=\"og:image:type\" content=\"image\/jpeg\" \/>\n<meta name=\"twitter:card\" content=\"summary_large_image\" \/>\n<meta name=\"twitter:label1\" content=\"Est. reading time\" \/>\n\t<meta name=\"twitter:data1\" content=\"3 minutes\" \/>\n<script type=\"application\/ld+json\" class=\"yoast-schema-graph\">{\"@context\":\"https:\/\/schema.org\",\"@graph\":[{\"@type\":\"WebPage\",\"@id\":\"https:\/\/monti.lt\/product\/medinis-arbatos-rinkinys-su-pyrageliu-stovu\/\",\"url\":\"https:\/\/monti.lt\/product\/medinis-arbatos-rinkinys-su-pyrageliu-stovu\/\",\"name\":\"Medinis arbatos rinkinys su pyrag\u0117liu stovu - Montessori \u017eaislai\",\"isPartOf\":{\"@id\":\"https:\/\/monti.lt\/#website\"},\"primaryImageOfPage\":{\"@id\":\"https:\/\/monti.lt\/product\/medinis-arbatos-rinkinys-su-pyrageliu-stovu\/#primaryimage\"},\"image\":{\"@id\":\"https:\/\/monti.lt\/product\/medinis-arbatos-rinkinys-su-pyrageliu-stovu\/#primaryimage\"},\"thumbnailUrl\":\"https:\/\/monti.lt\/wp-content\/uploads\/2025\/11\/lit_pl_Vaikiskas-arbatos-rinkinys-Kruzzel-26418-torto-stovas-18685_13.jpg\",\"datePublished\":\"2025-11-04T13:19:03+00:00\",\"dateModified\":\"2026-03-26T07:23:19+00:00\",\"breadcrumb\":{\"@id\":\"https:\/\/monti.lt\/product\/medinis-arbatos-rinkinys-su-pyrageliu-stovu\/#breadcrumb\"},\"inLanguage\":\"en-US\",\"potentialAction\":[{\"@type\":\"ReadAction\",\"target\":[\"https:\/\/monti.lt\/product\/medinis-arbatos-rinkinys-su-pyrageliu-stovu\/\"]}]},{\"@type\":\"ImageObject\",\"inLanguage\":\"en-US\",\"@id\":\"https:\/\/monti.lt\/product\/medinis-arbatos-rinkinys-su-pyrageliu-stovu\/#primaryimage\",\"url\":\"https:\/\/monti.lt\/wp-content\/uploads\/2025\/11\/lit_pl_Vaikiskas-arbatos-rinkinys-Kruzzel-26418-torto-stovas-18685_13.jpg\",\"contentUrl\":\"https:\/\/monti.lt\/wp-content\/uploads\/2025\/11\/lit_pl_Vaikiskas-arbatos-rinkinys-Kruzzel-26418-torto-stovas-18685_13.jpg\",\"width\":500,\"height\":500,\"caption\":\"vaikiskas arbatos rinkinys\"},{\"@type\":\"BreadcrumbList\",\"@id\":\"https:\/\/monti.lt\/product\/medinis-arbatos-rinkinys-su-pyrageliu-stovu\/#breadcrumb\",\"itemListElement\":[{\"@type\":\"ListItem\",\"position\":1,\"name\":\"Home\",\"item\":\"https:\/\/monti.lt\/\"},{\"@type\":\"ListItem\",\"position\":2,\"name\":\"Parduotuv\u0117\",\"item\":\"https:\/\/monti.lt\/shop\/\"},{\"@type\":\"ListItem\",\"position\":3,\"name\":\"Medinis arbatos rinkinys su pyrag\u0117liu stovu\"}]},{\"@type\":\"WebSite\",\"@id\":\"https:\/\/monti.lt\/#website\",\"url\":\"https:\/\/monti.lt\/\",\"name\":\"Montessori \u017eaislai\",\"description\":\"\",\"publisher\":{\"@id\":\"https:\/\/monti.lt\/#organization\"},\"potentialAction\":[{\"@type\":\"SearchAction\",\"target\":{\"@type\":\"EntryPoint\",\"urlTemplate\":\"https:\/\/monti.lt\/?s={search_term_string}\"},\"query-input\":\"required name=search_term_string\"}],\"inLanguage\":\"en-US\"},{\"@type\":\"Organization\",\"@id\":\"https:\/\/monti.lt\/#organization\",\"name\":\"Montessori \u017eaislai\",\"url\":\"https:\/\/monti.lt\/\",\"logo\":{\"@type\":\"ImageObject\",\"inLanguage\":\"en-US\",\"@id\":\"https:\/\/monti.lt\/#\/schema\/logo\/image\/\",\"url\":\"https:\/\/monti.lt\/wp-content\/uploads\/2022\/03\/montilogo-1.png\",\"contentUrl\":\"https:\/\/monti.lt\/wp-content\/uploads\/2022\/03\/montilogo-1.png\",\"width\":512,\"height\":512,\"caption\":\"Montessori \u017eaislai\"},\"image\":{\"@id\":\"https:\/\/monti.lt\/#\/schema\/logo\/image\/\"}}]}<\/script>\n<!-- \/ Yoast SEO plugin. -->","yoast_head_json":{"title":"Medinis arbatos rinkinys su pyrag\u0117liu stovu - Montessori \u017eaislai","robots":{"index":"index","follow":"follow","max-snippet":"max-snippet:-1","max-image-preview":"max-image-preview:large","max-video-preview":"max-video-preview:-1"},"canonical":"https:\/\/monti.lt\/en\/product\/medinis-arbatos-rinkinys-su-pyrageliu-stovu\/","og_locale":"en_US","og_type":"article","og_title":"Medinis arbatos rinkinys su pyrag\u0117liu stovu - Montessori \u017eaislai","og_description":"Kruzzel didelis medinis arbatos rinkinys &#8211; vaik\u0173 \u017eaidim\u0173 rinkinys + torto stovas&nbsp; Paverskite \u012fprast\u0105 dien\u0105 nepaprastu vakar\u0117liu! \u201eKruzzel\u201c medinis keksiuk\u0173 stovas \u2013 tai rinkinys, kuris supa\u017eindins vaikus su magi\u0161ku konditerijos pramog\u0173 pasauliu \u2013 nuo desert\u0173 patiekimo iki savo gimtadienio istorij\u0173 k\u016brimo. Kiekvienas gaminys pagamintas i\u0161 saugios, lygios medienos, o pastelin\u0117s spalvos suteikia jam \u012fsp\u016bd\u012f kaip [&hellip;]","og_url":"https:\/\/monti.lt\/en\/product\/medinis-arbatos-rinkinys-su-pyrageliu-stovu\/","og_site_name":"Montessori \u017eaislai","article_modified_time":"2026-03-26T07:23:19+00:00","og_image":[{"width":500,"height":500,"url":"https:\/\/monti.lt\/wp-content\/uploads\/2025\/11\/lit_pl_Vaikiskas-arbatos-rinkinys-Kruzzel-26418-torto-stovas-18685_13.jpg","type":"image\/jpeg"}],"twitter_card":"summary_large_image","twitter_misc":{"Est. reading time":"3 minutes"},"schema":{"@context":"https:\/\/schema.org","@graph":[{"@type":"WebPage","@id":"https:\/\/monti.lt\/product\/medinis-arbatos-rinkinys-su-pyrageliu-stovu\/","url":"https:\/\/monti.lt\/product\/medinis-arbatos-rinkinys-su-pyrageliu-stovu\/","name":"Medinis arbatos rinkinys su pyrag\u0117liu stovu - Montessori \u017eaislai","isPartOf":{"@id":"https:\/\/monti.lt\/#website"},"primaryImageOfPage":{"@id":"https:\/\/monti.lt\/product\/medinis-arbatos-rinkinys-su-pyrageliu-stovu\/#primaryimage"},"image":{"@id":"https:\/\/monti.lt\/product\/medinis-arbatos-rinkinys-su-pyrageliu-stovu\/#primaryimage"},"thumbnailUrl":"https:\/\/monti.lt\/wp-content\/uploads\/2025\/11\/lit_pl_Vaikiskas-arbatos-rinkinys-Kruzzel-26418-torto-stovas-18685_13.jpg","datePublished":"2025-11-04T13:19:03+00:00","dateModified":"2026-03-26T07:23:19+00:00","breadcrumb":{"@id":"https:\/\/monti.lt\/product\/medinis-arbatos-rinkinys-su-pyrageliu-stovu\/#breadcrumb"},"inLanguage":"en-US","potentialAction":[{"@type":"ReadAction","target":["https:\/\/monti.lt\/product\/medinis-arbatos-rinkinys-su-pyrageliu-stovu\/"]}]},{"@type":"ImageObject","inLanguage":"en-US","@id":"https:\/\/monti.lt\/product\/medinis-arbatos-rinkinys-su-pyrageliu-stovu\/#primaryimage","url":"https:\/\/monti.lt\/wp-content\/uploads\/2025\/11\/lit_pl_Vaikiskas-arbatos-rinkinys-Kruzzel-26418-torto-stovas-18685_13.jpg","contentUrl":"https:\/\/monti.lt\/wp-content\/uploads\/2025\/11\/lit_pl_Vaikiskas-arbatos-rinkinys-Kruzzel-26418-torto-stovas-18685_13.jpg","width":500,"height":500,"caption":"vaikiskas arbatos rinkinys"},{"@type":"BreadcrumbList","@id":"https:\/\/monti.lt\/product\/medinis-arbatos-rinkinys-su-pyrageliu-stovu\/#breadcrumb","itemListElement":[{"@type":"ListItem","position":1,"name":"Home","item":"https:\/\/monti.lt\/"},{"@type":"ListItem","position":2,"name":"Parduotuv\u0117","item":"https:\/\/monti.lt\/shop\/"},{"@type":"ListItem","position":3,"name":"Medinis arbatos rinkinys su pyrag\u0117liu stovu"}]},{"@type":"WebSite","@id":"https:\/\/monti.lt\/#website","url":"https:\/\/monti.lt\/","name":"Montessori \u017eaislai","description":"","publisher":{"@id":"https:\/\/monti.lt\/#organization"},"potentialAction":[{"@type":"SearchAction","target":{"@type":"EntryPoint","urlTemplate":"https:\/\/monti.lt\/?s={search_term_string}"},"query-input":"required name=search_term_string"}],"inLanguage":"en-US"},{"@type":"Organization","@id":"https:\/\/monti.lt\/#organization","name":"Montessori \u017eaislai","url":"https:\/\/monti.lt\/","logo":{"@type":"ImageObject","inLanguage":"en-US","@id":"https:\/\/monti.lt\/#\/schema\/logo\/image\/","url":"https:\/\/monti.lt\/wp-content\/uploads\/2022\/03\/montilogo-1.png","contentUrl":"https:\/\/monti.lt\/wp-content\/uploads\/2022\/03\/montilogo-1.png","width":512,"height":512,"caption":"Montessori \u017eaislai"},"image":{"@id":"https:\/\/monti.lt\/#\/schema\/logo\/image\/"}}]}},"_links":{"self":[{"href":"https:\/\/monti.lt\/en\/wp-json\/wp\/v2\/product\/35312"}],"collection":[{"href":"https:\/\/monti.lt\/en\/wp-json\/wp\/v2\/product"}],"about":[{"href":"https:\/\/monti.lt\/en\/wp-json\/wp\/v2\/types\/product"}],"version-history":[{"count":1,"href":"https:\/\/monti.lt\/en\/wp-json\/wp\/v2\/product\/35312\/revisions"}],"predecessor-version":[{"id":35325,"href":"https:\/\/monti.lt\/en\/wp-json\/wp\/v2\/product\/35312\/revisions\/35325"}],"wp:featuredmedia":[{"embeddable":true,"href":"https:\/\/monti.lt\/en\/wp-json\/wp\/v2\/media\/35313"}],"wp:attachment":[{"href":"https:\/\/monti.lt\/en\/wp-json\/wp\/v2\/media?parent=35312"}],"wp:term":[{"taxonomy":"product_cat","embeddable":true,"href":"https:\/\/monti.lt\/en\/wp-json\/wp\/v2\/product_cat?post=35312"},{"taxonomy":"product_tag","embeddable":true,"href":"https:\/\/monti.lt\/en\/wp-json\/wp\/v2\/product_tag?post=35312"}],"curies":[{"name":"wp","href":"https:\/\/api.w.org\/{rel}","templated":true}]}}