{"id":35456,"date":"2025-11-10T08:30:57","date_gmt":"2025-11-10T08:30:57","guid":{"rendered":"https:\/\/monti.lt\/?post_type=product&#038;p=35456"},"modified":"2025-12-16T21:58:42","modified_gmt":"2025-12-16T21:58:42","slug":"viga-medinis-dovanu-rinkinys-nuo-3-metu","status":"publish","type":"product","link":"https:\/\/monti.lt\/en\/product\/viga-medinis-dovanu-rinkinys-nuo-3-metu\/","title":{"rendered":"Viga medinis dovan\u0173 rinkinys, nuo 3 met\u0173"},"content":{"rendered":"<p>\u201e Laisva dvasia\u201c (36 m\u0117n.) \u2013 tai rinkinys, skirtas vaikams, kurie \u012f\u017eengia \u012f jaudinant\u012f pasaulio atradimo etap\u0105. Trij\u0173 met\u0173 am\u017eiaus vaikai pradeda mokytis kalbos, auga j\u0173 smalsumas ir savaranki\u0161kumas. \u0160ios serijos \u017eaislai yra atviri \u017eaidimai ir med\u017eiagos, leid\u017eian\u010dios vaikams ugdyti vaizduot\u0119, k\u016brybi\u0161kum\u0105 ir emocin\u012f intelekt\u0105, taip pat suprasti pasaul\u012f \u017eaisdami.<\/p>\n\n\n\n<p>Savyb\u0117s<\/p>\n\n\n\n<p>skirtas vaikams, vyresniems nei 36 m\u0117nesi\u0173<br>pakuot\u0117: spalvinga d\u0117\u017eut\u0117<br>skatina socialini\u0173 ir emocini\u0173 \u012fg\u016bd\u017ei\u0173 vystym\u0105si<br>skatina k\u016brybi\u0161kum\u0105 ir vaizduot\u0119<br>pagamintas i\u0161 ekologi\u0161k\u0173 med\u017eiag\u0173<br>vysto sensorinius ir motorinius \u012fg\u016bd\u017eius<br>skatina savaranki\u0161k\u0105 \u017eaidim\u0105 ir tyrin\u0117jim\u0105<br>\u012ftraukia vaikus \u012f \u012fvairias veiklas<br>Komplekt\u0105 sudaro<\/p>\n\n\n\n<p>lie\u010diamoji lenta \u2013 sudaryta i\u0161 8 skirting\u0173 tekst\u016br\u0173, stimuliuojanti jutimus ir leid\u017eianti vaikams lie\u010diant atpa\u017einti glotnius ir \u0161iurk\u0161\u010dius pavir\u0161ius<br>apvalus d\u0117lion\u0117 \u2013 ugdo k\u016brybi\u0161kum\u0105 ir loginio m\u0105stymo \u012fg\u016bd\u017eius, skatina vaikus kurti \u012fvairius ra\u0161tus<br>mini labirintas \u2013 reikalauja tiksli\u0173 judesi\u0173 ir kantryb\u0117s, padeda vaikams tobulinti rank\u0173 \u012fg\u016bd\u017eius, bandant \u012fd\u0117ti visas plienines rutuliukus \u012f skyles<br>atminties \u017eaidim\u0105 \u2013 skatinant\u012f pa\u017eintin\u012f vystym\u0105si, koncentracij\u0105, k\u016brybi\u0161kum\u0105 ir problem\u0173 sprendimo \u012fg\u016bd\u017eius, su medvilniniu mai\u0161eliu, kad b\u016bt\u0173 lengva laikyti<\/p>\n\n\n\n<p>Translated with DeepL.com (free version)<\/p>","protected":false},"excerpt":{"rendered":"<p>\u201e Laisva dvasia\u201c (36 m\u0117n.) \u2013 tai rinkinys, skirtas vaikams, kurie \u012f\u017eengia \u012f jaudinant\u012f pasaulio atradimo etap\u0105. Trij\u0173 met\u0173 am\u017eiaus vaikai pradeda mokytis kalbos, auga j\u0173 smalsumas ir savaranki\u0161kumas. \u0160ios serijos \u017eaislai yra atviri \u017eaidimai ir med\u017eiagos, leid\u017eian\u010dios vaikams ugdyti vaizduot\u0119, k\u016brybi\u0161kum\u0105 ir emocin\u012f intelekt\u0105, taip pat suprasti pasaul\u012f \u017eaisdami. Savyb\u0117s skirtas vaikams, vyresniems nei [&hellip;]<\/p>","protected":false},"featured_media":35457,"template":"","meta":{"_acf_changed":false,"iawp_total_views":125},"product_cat":[92,195,216,191,241,192,84,91,102,83,90,86,50,245,49,39],"product_tag":[97],"class_list":{"0":"post-35456","1":"product","2":"type-product","3":"status-publish","4":"has-post-thumbnail","6":"product_cat-deliones","7":"product_cat-dovanos-vaikams-3-4-metu","8":"product_cat-dovanos-4-5-metu-vaikams","9":"product_cat-dovanos-vaikams","10":"product_cat-dovanu-rinkiniai","11":"product_cat-kaledines-dovanos-vaikams","12":"product_cat-lavinamieji-zaislai","13":"product_cat-loginiam-mastymui","14":"product_cat-mediniai-zaislai","15":"product_cat-montessori-zaislai","16":"product_cat-pasaulio-pazinimas","17":"product_cat-smulkioji-motorika","18":"product_cat-top-dovanos","19":"product_cat-viga","20":"product_cat-visi-zaislai","21":"product_cat-zaislai","22":"product_tag-3-m-4-m","24":"first","25":"outofstock","26":"taxable","27":"shipping-taxable","28":"purchasable","29":"product-type-simple"},"acf":[],"yoast_head":"<!-- This site is optimized with the Yoast SEO plugin v23.3 - https:\/\/yoast.com\/wordpress\/plugins\/seo\/ -->\n<title>Viga medinis dovan\u0173 rinkinys, nuo 3 met\u0173 - Montessori \u017eaislai<\/title>\n<meta name=\"robots\" content=\"index, follow, max-snippet:-1, max-image-preview:large, max-video-preview:-1\" \/>\n<link rel=\"canonical\" href=\"https:\/\/monti.lt\/en\/product\/viga-medinis-dovanu-rinkinys-nuo-3-metu\/\" \/>\n<meta property=\"og:locale\" content=\"en_US\" \/>\n<meta property=\"og:type\" content=\"article\" \/>\n<meta property=\"og:title\" content=\"Viga medinis dovan\u0173 rinkinys, nuo 3 met\u0173 - Montessori \u017eaislai\" \/>\n<meta property=\"og:description\" content=\"\u201e Laisva dvasia\u201c (36 m\u0117n.) \u2013 tai rinkinys, skirtas vaikams, kurie \u012f\u017eengia \u012f jaudinant\u012f pasaulio atradimo etap\u0105. Trij\u0173 met\u0173 am\u017eiaus vaikai pradeda mokytis kalbos, auga j\u0173 smalsumas ir savaranki\u0161kumas. \u0160ios serijos \u017eaislai yra atviri \u017eaidimai ir med\u017eiagos, leid\u017eian\u010dios vaikams ugdyti vaizduot\u0119, k\u016brybi\u0161kum\u0105 ir emocin\u012f intelekt\u0105, taip pat suprasti pasaul\u012f \u017eaisdami. Savyb\u0117s skirtas vaikams, vyresniems nei [&hellip;]\" \/>\n<meta property=\"og:url\" content=\"https:\/\/monti.lt\/en\/product\/viga-medinis-dovanu-rinkinys-nuo-3-metu\/\" \/>\n<meta property=\"og:site_name\" content=\"Montessori \u017eaislai\" \/>\n<meta property=\"article:modified_time\" content=\"2025-12-16T21:58:42+00:00\" \/>\n<meta property=\"og:image\" content=\"https:\/\/monti.lt\/wp-content\/uploads\/2025\/11\/viga-zestaw-zabawek-edukacyjnych-pudelko-box-od-36-miesiaca.jpg\" \/>\n\t<meta property=\"og:image:width\" content=\"800\" \/>\n\t<meta property=\"og:image:height\" content=\"800\" \/>\n\t<meta property=\"og:image:type\" content=\"image\/jpeg\" \/>\n<meta name=\"twitter:card\" content=\"summary_large_image\" \/>\n<meta name=\"twitter:label1\" content=\"Est. reading time\" \/>\n\t<meta name=\"twitter:data1\" content=\"2 minutes\" \/>\n<script type=\"application\/ld+json\" class=\"yoast-schema-graph\">{\"@context\":\"https:\/\/schema.org\",\"@graph\":[{\"@type\":\"WebPage\",\"@id\":\"https:\/\/monti.lt\/product\/viga-medinis-dovanu-rinkinys-nuo-3-metu\/\",\"url\":\"https:\/\/monti.lt\/product\/viga-medinis-dovanu-rinkinys-nuo-3-metu\/\",\"name\":\"Viga medinis dovan\u0173 rinkinys, nuo 3 met\u0173 - Montessori \u017eaislai\",\"isPartOf\":{\"@id\":\"https:\/\/monti.lt\/#website\"},\"primaryImageOfPage\":{\"@id\":\"https:\/\/monti.lt\/product\/viga-medinis-dovanu-rinkinys-nuo-3-metu\/#primaryimage\"},\"image\":{\"@id\":\"https:\/\/monti.lt\/product\/viga-medinis-dovanu-rinkinys-nuo-3-metu\/#primaryimage\"},\"thumbnailUrl\":\"https:\/\/monti.lt\/wp-content\/uploads\/2025\/11\/viga-zestaw-zabawek-edukacyjnych-pudelko-box-od-36-miesiaca.jpg\",\"datePublished\":\"2025-11-10T08:30:57+00:00\",\"dateModified\":\"2025-12-16T21:58:42+00:00\",\"breadcrumb\":{\"@id\":\"https:\/\/monti.lt\/product\/viga-medinis-dovanu-rinkinys-nuo-3-metu\/#breadcrumb\"},\"inLanguage\":\"en-US\",\"potentialAction\":[{\"@type\":\"ReadAction\",\"target\":[\"https:\/\/monti.lt\/product\/viga-medinis-dovanu-rinkinys-nuo-3-metu\/\"]}]},{\"@type\":\"ImageObject\",\"inLanguage\":\"en-US\",\"@id\":\"https:\/\/monti.lt\/product\/viga-medinis-dovanu-rinkinys-nuo-3-metu\/#primaryimage\",\"url\":\"https:\/\/monti.lt\/wp-content\/uploads\/2025\/11\/viga-zestaw-zabawek-edukacyjnych-pudelko-box-od-36-miesiaca.jpg\",\"contentUrl\":\"https:\/\/monti.lt\/wp-content\/uploads\/2025\/11\/viga-zestaw-zabawek-edukacyjnych-pudelko-box-od-36-miesiaca.jpg\",\"width\":800,\"height\":800,\"caption\":\"dovanu rinkinys\"},{\"@type\":\"BreadcrumbList\",\"@id\":\"https:\/\/monti.lt\/product\/viga-medinis-dovanu-rinkinys-nuo-3-metu\/#breadcrumb\",\"itemListElement\":[{\"@type\":\"ListItem\",\"position\":1,\"name\":\"Home\",\"item\":\"https:\/\/monti.lt\/\"},{\"@type\":\"ListItem\",\"position\":2,\"name\":\"Parduotuv\u0117\",\"item\":\"https:\/\/monti.lt\/shop\/\"},{\"@type\":\"ListItem\",\"position\":3,\"name\":\"Viga medinis dovan\u0173 rinkinys, nuo 3 met\u0173\"}]},{\"@type\":\"WebSite\",\"@id\":\"https:\/\/monti.lt\/#website\",\"url\":\"https:\/\/monti.lt\/\",\"name\":\"Montessori \u017eaislai\",\"description\":\"\",\"publisher\":{\"@id\":\"https:\/\/monti.lt\/#organization\"},\"potentialAction\":[{\"@type\":\"SearchAction\",\"target\":{\"@type\":\"EntryPoint\",\"urlTemplate\":\"https:\/\/monti.lt\/?s={search_term_string}\"},\"query-input\":\"required name=search_term_string\"}],\"inLanguage\":\"en-US\"},{\"@type\":\"Organization\",\"@id\":\"https:\/\/monti.lt\/#organization\",\"name\":\"Montessori \u017eaislai\",\"url\":\"https:\/\/monti.lt\/\",\"logo\":{\"@type\":\"ImageObject\",\"inLanguage\":\"en-US\",\"@id\":\"https:\/\/monti.lt\/#\/schema\/logo\/image\/\",\"url\":\"https:\/\/monti.lt\/wp-content\/uploads\/2022\/03\/montilogo-1.png\",\"contentUrl\":\"https:\/\/monti.lt\/wp-content\/uploads\/2022\/03\/montilogo-1.png\",\"width\":512,\"height\":512,\"caption\":\"Montessori \u017eaislai\"},\"image\":{\"@id\":\"https:\/\/monti.lt\/#\/schema\/logo\/image\/\"}}]}<\/script>\n<!-- \/ Yoast SEO plugin. -->","yoast_head_json":{"title":"Viga medinis dovan\u0173 rinkinys, nuo 3 met\u0173 - Montessori \u017eaislai","robots":{"index":"index","follow":"follow","max-snippet":"max-snippet:-1","max-image-preview":"max-image-preview:large","max-video-preview":"max-video-preview:-1"},"canonical":"https:\/\/monti.lt\/en\/product\/viga-medinis-dovanu-rinkinys-nuo-3-metu\/","og_locale":"en_US","og_type":"article","og_title":"Viga medinis dovan\u0173 rinkinys, nuo 3 met\u0173 - Montessori \u017eaislai","og_description":"\u201e Laisva dvasia\u201c (36 m\u0117n.) \u2013 tai rinkinys, skirtas vaikams, kurie \u012f\u017eengia \u012f jaudinant\u012f pasaulio atradimo etap\u0105. Trij\u0173 met\u0173 am\u017eiaus vaikai pradeda mokytis kalbos, auga j\u0173 smalsumas ir savaranki\u0161kumas. \u0160ios serijos \u017eaislai yra atviri \u017eaidimai ir med\u017eiagos, leid\u017eian\u010dios vaikams ugdyti vaizduot\u0119, k\u016brybi\u0161kum\u0105 ir emocin\u012f intelekt\u0105, taip pat suprasti pasaul\u012f \u017eaisdami. Savyb\u0117s skirtas vaikams, vyresniems nei [&hellip;]","og_url":"https:\/\/monti.lt\/en\/product\/viga-medinis-dovanu-rinkinys-nuo-3-metu\/","og_site_name":"Montessori \u017eaislai","article_modified_time":"2025-12-16T21:58:42+00:00","og_image":[{"width":800,"height":800,"url":"https:\/\/monti.lt\/wp-content\/uploads\/2025\/11\/viga-zestaw-zabawek-edukacyjnych-pudelko-box-od-36-miesiaca.jpg","type":"image\/jpeg"}],"twitter_card":"summary_large_image","twitter_misc":{"Est. reading time":"2 minutes"},"schema":{"@context":"https:\/\/schema.org","@graph":[{"@type":"WebPage","@id":"https:\/\/monti.lt\/product\/viga-medinis-dovanu-rinkinys-nuo-3-metu\/","url":"https:\/\/monti.lt\/product\/viga-medinis-dovanu-rinkinys-nuo-3-metu\/","name":"Viga medinis dovan\u0173 rinkinys, nuo 3 met\u0173 - Montessori \u017eaislai","isPartOf":{"@id":"https:\/\/monti.lt\/#website"},"primaryImageOfPage":{"@id":"https:\/\/monti.lt\/product\/viga-medinis-dovanu-rinkinys-nuo-3-metu\/#primaryimage"},"image":{"@id":"https:\/\/monti.lt\/product\/viga-medinis-dovanu-rinkinys-nuo-3-metu\/#primaryimage"},"thumbnailUrl":"https:\/\/monti.lt\/wp-content\/uploads\/2025\/11\/viga-zestaw-zabawek-edukacyjnych-pudelko-box-od-36-miesiaca.jpg","datePublished":"2025-11-10T08:30:57+00:00","dateModified":"2025-12-16T21:58:42+00:00","breadcrumb":{"@id":"https:\/\/monti.lt\/product\/viga-medinis-dovanu-rinkinys-nuo-3-metu\/#breadcrumb"},"inLanguage":"en-US","potentialAction":[{"@type":"ReadAction","target":["https:\/\/monti.lt\/product\/viga-medinis-dovanu-rinkinys-nuo-3-metu\/"]}]},{"@type":"ImageObject","inLanguage":"en-US","@id":"https:\/\/monti.lt\/product\/viga-medinis-dovanu-rinkinys-nuo-3-metu\/#primaryimage","url":"https:\/\/monti.lt\/wp-content\/uploads\/2025\/11\/viga-zestaw-zabawek-edukacyjnych-pudelko-box-od-36-miesiaca.jpg","contentUrl":"https:\/\/monti.lt\/wp-content\/uploads\/2025\/11\/viga-zestaw-zabawek-edukacyjnych-pudelko-box-od-36-miesiaca.jpg","width":800,"height":800,"caption":"dovanu rinkinys"},{"@type":"BreadcrumbList","@id":"https:\/\/monti.lt\/product\/viga-medinis-dovanu-rinkinys-nuo-3-metu\/#breadcrumb","itemListElement":[{"@type":"ListItem","position":1,"name":"Home","item":"https:\/\/monti.lt\/"},{"@type":"ListItem","position":2,"name":"Parduotuv\u0117","item":"https:\/\/monti.lt\/shop\/"},{"@type":"ListItem","position":3,"name":"Viga medinis dovan\u0173 rinkinys, nuo 3 met\u0173"}]},{"@type":"WebSite","@id":"https:\/\/monti.lt\/#website","url":"https:\/\/monti.lt\/","name":"Montessori \u017eaislai","description":"","publisher":{"@id":"https:\/\/monti.lt\/#organization"},"potentialAction":[{"@type":"SearchAction","target":{"@type":"EntryPoint","urlTemplate":"https:\/\/monti.lt\/?s={search_term_string}"},"query-input":"required name=search_term_string"}],"inLanguage":"en-US"},{"@type":"Organization","@id":"https:\/\/monti.lt\/#organization","name":"Montessori \u017eaislai","url":"https:\/\/monti.lt\/","logo":{"@type":"ImageObject","inLanguage":"en-US","@id":"https:\/\/monti.lt\/#\/schema\/logo\/image\/","url":"https:\/\/monti.lt\/wp-content\/uploads\/2022\/03\/montilogo-1.png","contentUrl":"https:\/\/monti.lt\/wp-content\/uploads\/2022\/03\/montilogo-1.png","width":512,"height":512,"caption":"Montessori \u017eaislai"},"image":{"@id":"https:\/\/monti.lt\/#\/schema\/logo\/image\/"}}]}},"_links":{"self":[{"href":"https:\/\/monti.lt\/en\/wp-json\/wp\/v2\/product\/35456"}],"collection":[{"href":"https:\/\/monti.lt\/en\/wp-json\/wp\/v2\/product"}],"about":[{"href":"https:\/\/monti.lt\/en\/wp-json\/wp\/v2\/types\/product"}],"version-history":[{"count":1,"href":"https:\/\/monti.lt\/en\/wp-json\/wp\/v2\/product\/35456\/revisions"}],"predecessor-version":[{"id":35470,"href":"https:\/\/monti.lt\/en\/wp-json\/wp\/v2\/product\/35456\/revisions\/35470"}],"wp:featuredmedia":[{"embeddable":true,"href":"https:\/\/monti.lt\/en\/wp-json\/wp\/v2\/media\/35457"}],"wp:attachment":[{"href":"https:\/\/monti.lt\/en\/wp-json\/wp\/v2\/media?parent=35456"}],"wp:term":[{"taxonomy":"product_cat","embeddable":true,"href":"https:\/\/monti.lt\/en\/wp-json\/wp\/v2\/product_cat?post=35456"},{"taxonomy":"product_tag","embeddable":true,"href":"https:\/\/monti.lt\/en\/wp-json\/wp\/v2\/product_tag?post=35456"}],"curies":[{"name":"wp","href":"https:\/\/api.w.org\/{rel}","templated":true}]}}