{"id":35471,"date":"2025-11-10T08:35:15","date_gmt":"2025-11-10T08:35:15","guid":{"rendered":"https:\/\/monti.lt\/?post_type=product&#038;p=35471"},"modified":"2026-03-02T06:25:57","modified_gmt":"2026-03-02T06:25:57","slug":"viga-medinis-dovanu-rinkinys-0-6-men","status":"publish","type":"product","link":"https:\/\/monti.lt\/en\/product\/viga-medinis-dovanu-rinkinys-0-6-men\/","title":{"rendered":"Viga medinis dovan\u0173 rinkinys, 0-6 m\u0117n"},"content":{"rendered":"<p>\u201eGrow-with-Me Box\u201c (0\u20136 m\u0117n.) yra jutiminis rinkinys, sukurtas specialiai k\u016bdikiams, siekiant paremti j\u0173 vystym\u0105si nuo pat pirm\u0173j\u0173 gyvenimo dien\u0173. D\u0117\u017eut\u0117je yra \u017eaislai, kurie stimuliuoja reg\u0105, klaus\u0105 ir lyt\u0117jim\u0105, padeda ugdyti koordinacij\u0105 ir motorinius \u012fg\u016bd\u017eius. Kiekvienas daiktas pagamintas i\u0161 auk\u0161\u010diausios kokyb\u0117s med\u017eiag\u0173, \u012fskaitant FSC sertifikuot\u0105 med\u012f, kuris garantuoja saugum\u0105 ir ilgaam\u017ei\u0161kum\u0105. Tai puikus sprendimas t\u0117vams, kurie ie\u0161ko visapusi\u0161kos pagalbos savo vaiko vystymuisi.<\/p>\n\n\n\n<p>Savyb\u0117s<\/p>\n\n\n\n<p>rinkinys pritaikytas 0\u20136 m\u0117nesi\u0173 am\u017eiaus vaik\u0173 poreikiams<br>\u017eaislai pagaminti i\u0161 saugios FSC medienos ir ekologi\u0161k\u0173 med\u017eiag\u0173<br>idealiai tinka jutim\u0173 \u2013 regos, klausos ir lyt\u0117jimo \u2013 stimuliuojimui<br>patogi pakuot\u0117, idealiai tinka laikymui ir dovanai<br>rinkinys yra paruo\u0161tas naudoti, tod\u0117l t\u0117vai sutaupo laiko<br>Komplekt\u0105 sudaro<\/p>\n\n\n\n<p>kontrasto kortel\u0117s, skatinan\u010dios naujagimi\u0173 reg\u0105<br>medinis veidrodis, skirtas sav\u0119s atradimui ir s\u0105moningumo apie savo atspind\u012f ugdymui<br>bar\u0161kutis, skirtas ridenti, stiprinti raumenis ir motorin\u0119 koordinacij\u0105<br>diskas, skirtas perkelti, padedantis i\u0161mokti perkelti daiktus i\u0161 vienos rankos \u012f kit\u0105<br>dvigubi marakai, skirti ritmo ir koncentracijos ugdymui<br>jutimo kamuoliuk\u0173 rinkinys, skirtas lyt\u0117jimo poj\u016b\u010dio stimulavimui ir griebtuv\u0173 naudojimo praktikai<br>\u017daislas ugdo<\/p>\n\n\n\n<p>bendr\u0105j\u0105 motorik\u0105<br>rank\u0173 ir aki\u0173 koordinacij\u0105<br>regim\u0105j\u012f suvokim\u0105<br>sav\u0119s suvokim\u0105<\/p>","protected":false},"excerpt":{"rendered":"<p>\u201eGrow-with-Me Box\u201c (0\u20136 m\u0117n.) yra jutiminis rinkinys, sukurtas specialiai k\u016bdikiams, siekiant paremti j\u0173 vystym\u0105si nuo pat pirm\u0173j\u0173 gyvenimo dien\u0173. D\u0117\u017eut\u0117je yra \u017eaislai, kurie stimuliuoja reg\u0105, klaus\u0105 ir lyt\u0117jim\u0105, padeda ugdyti koordinacij\u0105 ir motorinius \u012fg\u016bd\u017eius. Kiekvienas daiktas pagamintas i\u0161 auk\u0161\u010diausios kokyb\u0117s med\u017eiag\u0173, \u012fskaitant FSC sertifikuot\u0105 med\u012f, kuris garantuoja saugum\u0105 ir ilgaam\u017ei\u0161kum\u0105. Tai puikus sprendimas t\u0117vams, kurie [&hellip;]<\/p>","protected":false},"featured_media":35472,"template":"","meta":{"_acf_changed":false,"iawp_total_views":185},"product_cat":[200,191,241,192,84,91,102,83,90,86,50,49,39],"product_tag":[94],"class_list":{"0":"post-35471","1":"product","2":"type-product","3":"status-publish","4":"has-post-thumbnail","6":"product_cat-dovanos-kudikiams","7":"product_cat-dovanos-vaikams","8":"product_cat-dovanu-rinkiniai","9":"product_cat-kaledines-dovanos-vaikams","10":"product_cat-lavinamieji-zaislai","11":"product_cat-loginiam-mastymui","12":"product_cat-mediniai-zaislai","13":"product_cat-montessori-zaislai","14":"product_cat-pasaulio-pazinimas","15":"product_cat-smulkioji-motorika","16":"product_cat-top-dovanos","17":"product_cat-visi-zaislai","18":"product_cat-zaislai","19":"product_tag-iki-1-m","21":"first","22":"instock","23":"taxable","24":"shipping-taxable","25":"purchasable","26":"product-type-simple"},"acf":[],"yoast_head":"<!-- This site is optimized with the Yoast SEO plugin v23.3 - https:\/\/yoast.com\/wordpress\/plugins\/seo\/ -->\n<title>Viga medinis dovan\u0173 rinkinys, 0-6 m\u0117n - Montessori \u017eaislai<\/title>\n<meta name=\"robots\" content=\"index, follow, max-snippet:-1, max-image-preview:large, max-video-preview:-1\" \/>\n<link rel=\"canonical\" href=\"https:\/\/monti.lt\/en\/product\/viga-medinis-dovanu-rinkinys-0-6-men\/\" \/>\n<meta property=\"og:locale\" content=\"en_US\" \/>\n<meta property=\"og:type\" content=\"article\" \/>\n<meta property=\"og:title\" content=\"Viga medinis dovan\u0173 rinkinys, 0-6 m\u0117n - Montessori \u017eaislai\" \/>\n<meta property=\"og:description\" content=\"\u201eGrow-with-Me Box\u201c (0\u20136 m\u0117n.) yra jutiminis rinkinys, sukurtas specialiai k\u016bdikiams, siekiant paremti j\u0173 vystym\u0105si nuo pat pirm\u0173j\u0173 gyvenimo dien\u0173. D\u0117\u017eut\u0117je yra \u017eaislai, kurie stimuliuoja reg\u0105, klaus\u0105 ir lyt\u0117jim\u0105, padeda ugdyti koordinacij\u0105 ir motorinius \u012fg\u016bd\u017eius. Kiekvienas daiktas pagamintas i\u0161 auk\u0161\u010diausios kokyb\u0117s med\u017eiag\u0173, \u012fskaitant FSC sertifikuot\u0105 med\u012f, kuris garantuoja saugum\u0105 ir ilgaam\u017ei\u0161kum\u0105. Tai puikus sprendimas t\u0117vams, kurie [&hellip;]\" \/>\n<meta property=\"og:url\" content=\"https:\/\/monti.lt\/en\/product\/viga-medinis-dovanu-rinkinys-0-6-men\/\" \/>\n<meta property=\"og:site_name\" content=\"Montessori \u017eaislai\" \/>\n<meta property=\"article:modified_time\" content=\"2026-03-02T06:25:57+00:00\" \/>\n<meta property=\"og:image\" content=\"https:\/\/monti.lt\/wp-content\/uploads\/2025\/11\/viga-zestaw-zabawek-edukacyjnych-pudelko-box-od-urodzenia-do-6-miesiaca.jpg\" \/>\n\t<meta property=\"og:image:width\" content=\"800\" \/>\n\t<meta property=\"og:image:height\" content=\"800\" \/>\n\t<meta property=\"og:image:type\" content=\"image\/jpeg\" \/>\n<meta name=\"twitter:card\" content=\"summary_large_image\" \/>\n<meta name=\"twitter:label1\" content=\"Est. reading time\" \/>\n\t<meta name=\"twitter:data1\" content=\"2 minutes\" \/>\n<script type=\"application\/ld+json\" class=\"yoast-schema-graph\">{\"@context\":\"https:\/\/schema.org\",\"@graph\":[{\"@type\":\"WebPage\",\"@id\":\"https:\/\/monti.lt\/product\/viga-medinis-dovanu-rinkinys-0-6-men\/\",\"url\":\"https:\/\/monti.lt\/product\/viga-medinis-dovanu-rinkinys-0-6-men\/\",\"name\":\"Viga medinis dovan\u0173 rinkinys, 0-6 m\u0117n - Montessori \u017eaislai\",\"isPartOf\":{\"@id\":\"https:\/\/monti.lt\/#website\"},\"primaryImageOfPage\":{\"@id\":\"https:\/\/monti.lt\/product\/viga-medinis-dovanu-rinkinys-0-6-men\/#primaryimage\"},\"image\":{\"@id\":\"https:\/\/monti.lt\/product\/viga-medinis-dovanu-rinkinys-0-6-men\/#primaryimage\"},\"thumbnailUrl\":\"https:\/\/monti.lt\/wp-content\/uploads\/2025\/11\/viga-zestaw-zabawek-edukacyjnych-pudelko-box-od-urodzenia-do-6-miesiaca.jpg\",\"datePublished\":\"2025-11-10T08:35:15+00:00\",\"dateModified\":\"2026-03-02T06:25:57+00:00\",\"breadcrumb\":{\"@id\":\"https:\/\/monti.lt\/product\/viga-medinis-dovanu-rinkinys-0-6-men\/#breadcrumb\"},\"inLanguage\":\"en-US\",\"potentialAction\":[{\"@type\":\"ReadAction\",\"target\":[\"https:\/\/monti.lt\/product\/viga-medinis-dovanu-rinkinys-0-6-men\/\"]}]},{\"@type\":\"ImageObject\",\"inLanguage\":\"en-US\",\"@id\":\"https:\/\/monti.lt\/product\/viga-medinis-dovanu-rinkinys-0-6-men\/#primaryimage\",\"url\":\"https:\/\/monti.lt\/wp-content\/uploads\/2025\/11\/viga-zestaw-zabawek-edukacyjnych-pudelko-box-od-urodzenia-do-6-miesiaca.jpg\",\"contentUrl\":\"https:\/\/monti.lt\/wp-content\/uploads\/2025\/11\/viga-zestaw-zabawek-edukacyjnych-pudelko-box-od-urodzenia-do-6-miesiaca.jpg\",\"width\":800,\"height\":800,\"caption\":\"montessori dovanu rinkinys\"},{\"@type\":\"BreadcrumbList\",\"@id\":\"https:\/\/monti.lt\/product\/viga-medinis-dovanu-rinkinys-0-6-men\/#breadcrumb\",\"itemListElement\":[{\"@type\":\"ListItem\",\"position\":1,\"name\":\"Home\",\"item\":\"https:\/\/monti.lt\/\"},{\"@type\":\"ListItem\",\"position\":2,\"name\":\"Parduotuv\u0117\",\"item\":\"https:\/\/monti.lt\/shop\/\"},{\"@type\":\"ListItem\",\"position\":3,\"name\":\"Viga medinis dovan\u0173 rinkinys, 0-6 m\u0117n\"}]},{\"@type\":\"WebSite\",\"@id\":\"https:\/\/monti.lt\/#website\",\"url\":\"https:\/\/monti.lt\/\",\"name\":\"Montessori \u017eaislai\",\"description\":\"\",\"publisher\":{\"@id\":\"https:\/\/monti.lt\/#organization\"},\"potentialAction\":[{\"@type\":\"SearchAction\",\"target\":{\"@type\":\"EntryPoint\",\"urlTemplate\":\"https:\/\/monti.lt\/?s={search_term_string}\"},\"query-input\":\"required name=search_term_string\"}],\"inLanguage\":\"en-US\"},{\"@type\":\"Organization\",\"@id\":\"https:\/\/monti.lt\/#organization\",\"name\":\"Montessori \u017eaislai\",\"url\":\"https:\/\/monti.lt\/\",\"logo\":{\"@type\":\"ImageObject\",\"inLanguage\":\"en-US\",\"@id\":\"https:\/\/monti.lt\/#\/schema\/logo\/image\/\",\"url\":\"https:\/\/monti.lt\/wp-content\/uploads\/2022\/03\/montilogo-1.png\",\"contentUrl\":\"https:\/\/monti.lt\/wp-content\/uploads\/2022\/03\/montilogo-1.png\",\"width\":512,\"height\":512,\"caption\":\"Montessori \u017eaislai\"},\"image\":{\"@id\":\"https:\/\/monti.lt\/#\/schema\/logo\/image\/\"}}]}<\/script>\n<!-- \/ Yoast SEO plugin. -->","yoast_head_json":{"title":"Viga medinis dovan\u0173 rinkinys, 0-6 m\u0117n - Montessori \u017eaislai","robots":{"index":"index","follow":"follow","max-snippet":"max-snippet:-1","max-image-preview":"max-image-preview:large","max-video-preview":"max-video-preview:-1"},"canonical":"https:\/\/monti.lt\/en\/product\/viga-medinis-dovanu-rinkinys-0-6-men\/","og_locale":"en_US","og_type":"article","og_title":"Viga medinis dovan\u0173 rinkinys, 0-6 m\u0117n - Montessori \u017eaislai","og_description":"\u201eGrow-with-Me Box\u201c (0\u20136 m\u0117n.) yra jutiminis rinkinys, sukurtas specialiai k\u016bdikiams, siekiant paremti j\u0173 vystym\u0105si nuo pat pirm\u0173j\u0173 gyvenimo dien\u0173. D\u0117\u017eut\u0117je yra \u017eaislai, kurie stimuliuoja reg\u0105, klaus\u0105 ir lyt\u0117jim\u0105, padeda ugdyti koordinacij\u0105 ir motorinius \u012fg\u016bd\u017eius. Kiekvienas daiktas pagamintas i\u0161 auk\u0161\u010diausios kokyb\u0117s med\u017eiag\u0173, \u012fskaitant FSC sertifikuot\u0105 med\u012f, kuris garantuoja saugum\u0105 ir ilgaam\u017ei\u0161kum\u0105. Tai puikus sprendimas t\u0117vams, kurie [&hellip;]","og_url":"https:\/\/monti.lt\/en\/product\/viga-medinis-dovanu-rinkinys-0-6-men\/","og_site_name":"Montessori \u017eaislai","article_modified_time":"2026-03-02T06:25:57+00:00","og_image":[{"width":800,"height":800,"url":"https:\/\/monti.lt\/wp-content\/uploads\/2025\/11\/viga-zestaw-zabawek-edukacyjnych-pudelko-box-od-urodzenia-do-6-miesiaca.jpg","type":"image\/jpeg"}],"twitter_card":"summary_large_image","twitter_misc":{"Est. reading time":"2 minutes"},"schema":{"@context":"https:\/\/schema.org","@graph":[{"@type":"WebPage","@id":"https:\/\/monti.lt\/product\/viga-medinis-dovanu-rinkinys-0-6-men\/","url":"https:\/\/monti.lt\/product\/viga-medinis-dovanu-rinkinys-0-6-men\/","name":"Viga medinis dovan\u0173 rinkinys, 0-6 m\u0117n - Montessori \u017eaislai","isPartOf":{"@id":"https:\/\/monti.lt\/#website"},"primaryImageOfPage":{"@id":"https:\/\/monti.lt\/product\/viga-medinis-dovanu-rinkinys-0-6-men\/#primaryimage"},"image":{"@id":"https:\/\/monti.lt\/product\/viga-medinis-dovanu-rinkinys-0-6-men\/#primaryimage"},"thumbnailUrl":"https:\/\/monti.lt\/wp-content\/uploads\/2025\/11\/viga-zestaw-zabawek-edukacyjnych-pudelko-box-od-urodzenia-do-6-miesiaca.jpg","datePublished":"2025-11-10T08:35:15+00:00","dateModified":"2026-03-02T06:25:57+00:00","breadcrumb":{"@id":"https:\/\/monti.lt\/product\/viga-medinis-dovanu-rinkinys-0-6-men\/#breadcrumb"},"inLanguage":"en-US","potentialAction":[{"@type":"ReadAction","target":["https:\/\/monti.lt\/product\/viga-medinis-dovanu-rinkinys-0-6-men\/"]}]},{"@type":"ImageObject","inLanguage":"en-US","@id":"https:\/\/monti.lt\/product\/viga-medinis-dovanu-rinkinys-0-6-men\/#primaryimage","url":"https:\/\/monti.lt\/wp-content\/uploads\/2025\/11\/viga-zestaw-zabawek-edukacyjnych-pudelko-box-od-urodzenia-do-6-miesiaca.jpg","contentUrl":"https:\/\/monti.lt\/wp-content\/uploads\/2025\/11\/viga-zestaw-zabawek-edukacyjnych-pudelko-box-od-urodzenia-do-6-miesiaca.jpg","width":800,"height":800,"caption":"montessori dovanu rinkinys"},{"@type":"BreadcrumbList","@id":"https:\/\/monti.lt\/product\/viga-medinis-dovanu-rinkinys-0-6-men\/#breadcrumb","itemListElement":[{"@type":"ListItem","position":1,"name":"Home","item":"https:\/\/monti.lt\/"},{"@type":"ListItem","position":2,"name":"Parduotuv\u0117","item":"https:\/\/monti.lt\/shop\/"},{"@type":"ListItem","position":3,"name":"Viga medinis dovan\u0173 rinkinys, 0-6 m\u0117n"}]},{"@type":"WebSite","@id":"https:\/\/monti.lt\/#website","url":"https:\/\/monti.lt\/","name":"Montessori \u017eaislai","description":"","publisher":{"@id":"https:\/\/monti.lt\/#organization"},"potentialAction":[{"@type":"SearchAction","target":{"@type":"EntryPoint","urlTemplate":"https:\/\/monti.lt\/?s={search_term_string}"},"query-input":"required name=search_term_string"}],"inLanguage":"en-US"},{"@type":"Organization","@id":"https:\/\/monti.lt\/#organization","name":"Montessori \u017eaislai","url":"https:\/\/monti.lt\/","logo":{"@type":"ImageObject","inLanguage":"en-US","@id":"https:\/\/monti.lt\/#\/schema\/logo\/image\/","url":"https:\/\/monti.lt\/wp-content\/uploads\/2022\/03\/montilogo-1.png","contentUrl":"https:\/\/monti.lt\/wp-content\/uploads\/2022\/03\/montilogo-1.png","width":512,"height":512,"caption":"Montessori \u017eaislai"},"image":{"@id":"https:\/\/monti.lt\/#\/schema\/logo\/image\/"}}]}},"_links":{"self":[{"href":"https:\/\/monti.lt\/en\/wp-json\/wp\/v2\/product\/35471"}],"collection":[{"href":"https:\/\/monti.lt\/en\/wp-json\/wp\/v2\/product"}],"about":[{"href":"https:\/\/monti.lt\/en\/wp-json\/wp\/v2\/types\/product"}],"version-history":[{"count":1,"href":"https:\/\/monti.lt\/en\/wp-json\/wp\/v2\/product\/35471\/revisions"}],"predecessor-version":[{"id":35475,"href":"https:\/\/monti.lt\/en\/wp-json\/wp\/v2\/product\/35471\/revisions\/35475"}],"wp:featuredmedia":[{"embeddable":true,"href":"https:\/\/monti.lt\/en\/wp-json\/wp\/v2\/media\/35472"}],"wp:attachment":[{"href":"https:\/\/monti.lt\/en\/wp-json\/wp\/v2\/media?parent=35471"}],"wp:term":[{"taxonomy":"product_cat","embeddable":true,"href":"https:\/\/monti.lt\/en\/wp-json\/wp\/v2\/product_cat?post=35471"},{"taxonomy":"product_tag","embeddable":true,"href":"https:\/\/monti.lt\/en\/wp-json\/wp\/v2\/product_tag?post=35471"}],"curies":[{"name":"wp","href":"https:\/\/api.w.org\/{rel}","templated":true}]}}