{"id":35543,"date":"2025-11-10T14:24:31","date_gmt":"2025-11-10T14:24:31","guid":{"rendered":"https:\/\/monti.lt\/?post_type=product&#038;p=35543"},"modified":"2026-03-20T08:53:37","modified_gmt":"2026-03-20T08:53:37","slug":"little-dutch-kalediniu-korteliu-su-lipdukais-rinkinys","status":"publish","type":"product","link":"https:\/\/monti.lt\/en\/product\/little-dutch-kalediniu-korteliu-su-lipdukais-rinkinys\/","title":{"rendered":"Little dutch kal\u0117dini\u0173 korteli\u0173 su lipdukais rinkinys"},"content":{"rendered":"<p>\u0160ioje lipduk\u0173 knygel\u0117je yra daugiau nei 150 Kal\u0117d\u0173 lipduk\u0173 ir 8 atvirukai. Papuo\u0161kite savo Kal\u0117d\u0173 atvirukus ir sukurkite unikalius, \u0161ventinius meno k\u016brinius!<\/p>","protected":false},"excerpt":{"rendered":"<p>\u0160ioje lipduk\u0173 knygel\u0117je yra daugiau nei 150 Kal\u0117d\u0173 lipduk\u0173 ir 8 atvirukai. Papuo\u0161kite savo Kal\u0117d\u0173 atvirukus ir sukurkite unikalius, \u0161ventinius meno k\u016brinius!<\/p>","protected":false},"featured_media":35544,"template":"","meta":{"_acf_changed":false,"iawp_total_views":70},"product_cat":[195,216,217,191,192,87,84,244,86,50,49,39],"product_tag":[97,98],"class_list":{"0":"post-35543","1":"product","2":"type-product","3":"status-publish","4":"has-post-thumbnail","6":"product_cat-dovanos-vaikams-3-4-metu","7":"product_cat-dovanos-4-5-metu-vaikams","8":"product_cat-dovanos-5-7-metu-vaikams","9":"product_cat-dovanos-vaikams","10":"product_cat-kaledines-dovanos-vaikams","11":"product_cat-kurybiniai-rinkiniai","12":"product_cat-lavinamieji-zaislai","13":"product_cat-little-dutch","14":"product_cat-smulkioji-motorika","15":"product_cat-top-dovanos","16":"product_cat-visi-zaislai","17":"product_cat-zaislai","18":"product_tag-3-m-4-m","19":"product_tag-5-m-7-m","21":"first","22":"instock","23":"sale","24":"taxable","25":"shipping-taxable","26":"purchasable","27":"product-type-simple"},"acf":[],"yoast_head":"<!-- This site is optimized with the Yoast SEO plugin v23.3 - https:\/\/yoast.com\/wordpress\/plugins\/seo\/ -->\n<title>Little dutch kal\u0117dini\u0173 korteli\u0173 su lipdukais rinkinys - Montessori \u017eaislai<\/title>\n<meta name=\"robots\" content=\"index, follow, max-snippet:-1, max-image-preview:large, max-video-preview:-1\" \/>\n<link rel=\"canonical\" href=\"https:\/\/monti.lt\/en\/product\/little-dutch-kalediniu-korteliu-su-lipdukais-rinkinys\/\" \/>\n<meta property=\"og:locale\" content=\"en_US\" \/>\n<meta property=\"og:type\" content=\"article\" \/>\n<meta property=\"og:title\" content=\"Little dutch kal\u0117dini\u0173 korteli\u0173 su lipdukais rinkinys - Montessori \u017eaislai\" \/>\n<meta property=\"og:description\" content=\"\u0160ioje lipduk\u0173 knygel\u0117je yra daugiau nei 150 Kal\u0117d\u0173 lipduk\u0173 ir 8 atvirukai. Papuo\u0161kite savo Kal\u0117d\u0173 atvirukus ir sukurkite unikalius, \u0161ventinius meno k\u016brinius!\" \/>\n<meta property=\"og:url\" content=\"https:\/\/monti.lt\/en\/product\/little-dutch-kalediniu-korteliu-su-lipdukais-rinkinys\/\" \/>\n<meta property=\"og:site_name\" content=\"Montessori \u017eaislai\" \/>\n<meta property=\"article:modified_time\" content=\"2026-03-20T08:53:37+00:00\" \/>\n<meta property=\"og:image\" content=\"https:\/\/monti.lt\/wp-content\/uploads\/2025\/11\/sticker-story-christmas-cards-126640-product-2-Medium.jpg\" \/>\n\t<meta property=\"og:image:width\" content=\"1200\" \/>\n\t<meta property=\"og:image:height\" content=\"1200\" \/>\n\t<meta property=\"og:image:type\" content=\"image\/jpeg\" \/>\n<meta name=\"twitter:card\" content=\"summary_large_image\" \/>\n<meta name=\"twitter:label1\" content=\"Est. reading time\" \/>\n\t<meta name=\"twitter:data1\" content=\"1 minute\" \/>\n<script type=\"application\/ld+json\" class=\"yoast-schema-graph\">{\"@context\":\"https:\/\/schema.org\",\"@graph\":[{\"@type\":\"WebPage\",\"@id\":\"https:\/\/monti.lt\/product\/little-dutch-kalediniu-korteliu-su-lipdukais-rinkinys\/\",\"url\":\"https:\/\/monti.lt\/product\/little-dutch-kalediniu-korteliu-su-lipdukais-rinkinys\/\",\"name\":\"Little dutch kal\u0117dini\u0173 korteli\u0173 su lipdukais rinkinys - Montessori \u017eaislai\",\"isPartOf\":{\"@id\":\"https:\/\/monti.lt\/#website\"},\"primaryImageOfPage\":{\"@id\":\"https:\/\/monti.lt\/product\/little-dutch-kalediniu-korteliu-su-lipdukais-rinkinys\/#primaryimage\"},\"image\":{\"@id\":\"https:\/\/monti.lt\/product\/little-dutch-kalediniu-korteliu-su-lipdukais-rinkinys\/#primaryimage\"},\"thumbnailUrl\":\"https:\/\/monti.lt\/wp-content\/uploads\/2025\/11\/sticker-story-christmas-cards-126640-product-2-Medium.jpg\",\"datePublished\":\"2025-11-10T14:24:31+00:00\",\"dateModified\":\"2026-03-20T08:53:37+00:00\",\"breadcrumb\":{\"@id\":\"https:\/\/monti.lt\/product\/little-dutch-kalediniu-korteliu-su-lipdukais-rinkinys\/#breadcrumb\"},\"inLanguage\":\"en-US\",\"potentialAction\":[{\"@type\":\"ReadAction\",\"target\":[\"https:\/\/monti.lt\/product\/little-dutch-kalediniu-korteliu-su-lipdukais-rinkinys\/\"]}]},{\"@type\":\"ImageObject\",\"inLanguage\":\"en-US\",\"@id\":\"https:\/\/monti.lt\/product\/little-dutch-kalediniu-korteliu-su-lipdukais-rinkinys\/#primaryimage\",\"url\":\"https:\/\/monti.lt\/wp-content\/uploads\/2025\/11\/sticker-story-christmas-cards-126640-product-2-Medium.jpg\",\"contentUrl\":\"https:\/\/monti.lt\/wp-content\/uploads\/2025\/11\/sticker-story-christmas-cards-126640-product-2-Medium.jpg\",\"width\":1200,\"height\":1200,\"caption\":\"kaledines korteles vaikams\"},{\"@type\":\"BreadcrumbList\",\"@id\":\"https:\/\/monti.lt\/product\/little-dutch-kalediniu-korteliu-su-lipdukais-rinkinys\/#breadcrumb\",\"itemListElement\":[{\"@type\":\"ListItem\",\"position\":1,\"name\":\"Home\",\"item\":\"https:\/\/monti.lt\/\"},{\"@type\":\"ListItem\",\"position\":2,\"name\":\"Parduotuv\u0117\",\"item\":\"https:\/\/monti.lt\/shop\/\"},{\"@type\":\"ListItem\",\"position\":3,\"name\":\"Little dutch kal\u0117dini\u0173 korteli\u0173 su lipdukais rinkinys\"}]},{\"@type\":\"WebSite\",\"@id\":\"https:\/\/monti.lt\/#website\",\"url\":\"https:\/\/monti.lt\/\",\"name\":\"Montessori \u017eaislai\",\"description\":\"\",\"publisher\":{\"@id\":\"https:\/\/monti.lt\/#organization\"},\"potentialAction\":[{\"@type\":\"SearchAction\",\"target\":{\"@type\":\"EntryPoint\",\"urlTemplate\":\"https:\/\/monti.lt\/?s={search_term_string}\"},\"query-input\":\"required name=search_term_string\"}],\"inLanguage\":\"en-US\"},{\"@type\":\"Organization\",\"@id\":\"https:\/\/monti.lt\/#organization\",\"name\":\"Montessori \u017eaislai\",\"url\":\"https:\/\/monti.lt\/\",\"logo\":{\"@type\":\"ImageObject\",\"inLanguage\":\"en-US\",\"@id\":\"https:\/\/monti.lt\/#\/schema\/logo\/image\/\",\"url\":\"https:\/\/monti.lt\/wp-content\/uploads\/2022\/03\/montilogo-1.png\",\"contentUrl\":\"https:\/\/monti.lt\/wp-content\/uploads\/2022\/03\/montilogo-1.png\",\"width\":512,\"height\":512,\"caption\":\"Montessori \u017eaislai\"},\"image\":{\"@id\":\"https:\/\/monti.lt\/#\/schema\/logo\/image\/\"}}]}<\/script>\n<!-- \/ Yoast SEO plugin. -->","yoast_head_json":{"title":"Little dutch kal\u0117dini\u0173 korteli\u0173 su lipdukais rinkinys - Montessori \u017eaislai","robots":{"index":"index","follow":"follow","max-snippet":"max-snippet:-1","max-image-preview":"max-image-preview:large","max-video-preview":"max-video-preview:-1"},"canonical":"https:\/\/monti.lt\/en\/product\/little-dutch-kalediniu-korteliu-su-lipdukais-rinkinys\/","og_locale":"en_US","og_type":"article","og_title":"Little dutch kal\u0117dini\u0173 korteli\u0173 su lipdukais rinkinys - Montessori \u017eaislai","og_description":"\u0160ioje lipduk\u0173 knygel\u0117je yra daugiau nei 150 Kal\u0117d\u0173 lipduk\u0173 ir 8 atvirukai. Papuo\u0161kite savo Kal\u0117d\u0173 atvirukus ir sukurkite unikalius, \u0161ventinius meno k\u016brinius!","og_url":"https:\/\/monti.lt\/en\/product\/little-dutch-kalediniu-korteliu-su-lipdukais-rinkinys\/","og_site_name":"Montessori \u017eaislai","article_modified_time":"2026-03-20T08:53:37+00:00","og_image":[{"width":1200,"height":1200,"url":"https:\/\/monti.lt\/wp-content\/uploads\/2025\/11\/sticker-story-christmas-cards-126640-product-2-Medium.jpg","type":"image\/jpeg"}],"twitter_card":"summary_large_image","twitter_misc":{"Est. reading time":"1 minute"},"schema":{"@context":"https:\/\/schema.org","@graph":[{"@type":"WebPage","@id":"https:\/\/monti.lt\/product\/little-dutch-kalediniu-korteliu-su-lipdukais-rinkinys\/","url":"https:\/\/monti.lt\/product\/little-dutch-kalediniu-korteliu-su-lipdukais-rinkinys\/","name":"Little dutch kal\u0117dini\u0173 korteli\u0173 su lipdukais rinkinys - Montessori \u017eaislai","isPartOf":{"@id":"https:\/\/monti.lt\/#website"},"primaryImageOfPage":{"@id":"https:\/\/monti.lt\/product\/little-dutch-kalediniu-korteliu-su-lipdukais-rinkinys\/#primaryimage"},"image":{"@id":"https:\/\/monti.lt\/product\/little-dutch-kalediniu-korteliu-su-lipdukais-rinkinys\/#primaryimage"},"thumbnailUrl":"https:\/\/monti.lt\/wp-content\/uploads\/2025\/11\/sticker-story-christmas-cards-126640-product-2-Medium.jpg","datePublished":"2025-11-10T14:24:31+00:00","dateModified":"2026-03-20T08:53:37+00:00","breadcrumb":{"@id":"https:\/\/monti.lt\/product\/little-dutch-kalediniu-korteliu-su-lipdukais-rinkinys\/#breadcrumb"},"inLanguage":"en-US","potentialAction":[{"@type":"ReadAction","target":["https:\/\/monti.lt\/product\/little-dutch-kalediniu-korteliu-su-lipdukais-rinkinys\/"]}]},{"@type":"ImageObject","inLanguage":"en-US","@id":"https:\/\/monti.lt\/product\/little-dutch-kalediniu-korteliu-su-lipdukais-rinkinys\/#primaryimage","url":"https:\/\/monti.lt\/wp-content\/uploads\/2025\/11\/sticker-story-christmas-cards-126640-product-2-Medium.jpg","contentUrl":"https:\/\/monti.lt\/wp-content\/uploads\/2025\/11\/sticker-story-christmas-cards-126640-product-2-Medium.jpg","width":1200,"height":1200,"caption":"kaledines korteles vaikams"},{"@type":"BreadcrumbList","@id":"https:\/\/monti.lt\/product\/little-dutch-kalediniu-korteliu-su-lipdukais-rinkinys\/#breadcrumb","itemListElement":[{"@type":"ListItem","position":1,"name":"Home","item":"https:\/\/monti.lt\/"},{"@type":"ListItem","position":2,"name":"Parduotuv\u0117","item":"https:\/\/monti.lt\/shop\/"},{"@type":"ListItem","position":3,"name":"Little dutch kal\u0117dini\u0173 korteli\u0173 su lipdukais rinkinys"}]},{"@type":"WebSite","@id":"https:\/\/monti.lt\/#website","url":"https:\/\/monti.lt\/","name":"Montessori \u017eaislai","description":"","publisher":{"@id":"https:\/\/monti.lt\/#organization"},"potentialAction":[{"@type":"SearchAction","target":{"@type":"EntryPoint","urlTemplate":"https:\/\/monti.lt\/?s={search_term_string}"},"query-input":"required name=search_term_string"}],"inLanguage":"en-US"},{"@type":"Organization","@id":"https:\/\/monti.lt\/#organization","name":"Montessori \u017eaislai","url":"https:\/\/monti.lt\/","logo":{"@type":"ImageObject","inLanguage":"en-US","@id":"https:\/\/monti.lt\/#\/schema\/logo\/image\/","url":"https:\/\/monti.lt\/wp-content\/uploads\/2022\/03\/montilogo-1.png","contentUrl":"https:\/\/monti.lt\/wp-content\/uploads\/2022\/03\/montilogo-1.png","width":512,"height":512,"caption":"Montessori \u017eaislai"},"image":{"@id":"https:\/\/monti.lt\/#\/schema\/logo\/image\/"}}]}},"_links":{"self":[{"href":"https:\/\/monti.lt\/en\/wp-json\/wp\/v2\/product\/35543"}],"collection":[{"href":"https:\/\/monti.lt\/en\/wp-json\/wp\/v2\/product"}],"about":[{"href":"https:\/\/monti.lt\/en\/wp-json\/wp\/v2\/types\/product"}],"version-history":[{"count":1,"href":"https:\/\/monti.lt\/en\/wp-json\/wp\/v2\/product\/35543\/revisions"}],"predecessor-version":[{"id":35553,"href":"https:\/\/monti.lt\/en\/wp-json\/wp\/v2\/product\/35543\/revisions\/35553"}],"wp:featuredmedia":[{"embeddable":true,"href":"https:\/\/monti.lt\/en\/wp-json\/wp\/v2\/media\/35544"}],"wp:attachment":[{"href":"https:\/\/monti.lt\/en\/wp-json\/wp\/v2\/media?parent=35543"}],"wp:term":[{"taxonomy":"product_cat","embeddable":true,"href":"https:\/\/monti.lt\/en\/wp-json\/wp\/v2\/product_cat?post=35543"},{"taxonomy":"product_tag","embeddable":true,"href":"https:\/\/monti.lt\/en\/wp-json\/wp\/v2\/product_tag?post=35543"}],"curies":[{"name":"wp","href":"https:\/\/api.w.org\/{rel}","templated":true}]}}