{"id":35554,"date":"2025-11-10T14:27:29","date_gmt":"2025-11-10T14:27:29","guid":{"rendered":"https:\/\/monti.lt\/?post_type=product&#038;p=35554"},"modified":"2026-03-20T08:53:27","modified_gmt":"2026-03-20T08:53:27","slug":"little-dutch-lekste-misko-draugai","status":"publish","type":"product","link":"https:\/\/monti.lt\/en\/product\/little-dutch-lekste-misko-draugai\/","title":{"rendered":"Little dutch l\u0117k\u0161t\u0117 &#8220;Mi\u0161ko draugai&#8221;"},"content":{"rendered":"<p>Valgyti vienam tampa linksmu nuotykiu. Mepal Mio pad\u0117klas su mielu Little Dutch \u201eForest Friends\u201c atspaudu yra specialiai sukurtas pad\u0117ti vaikams valgyti savaranki\u0161kai. Auk\u0161ti kra\u0161tai ir suapvalinti kampai palengvina valgym\u0105 \u0161auk\u0161tu ar \u0161akute be i\u0161siliejimo. Neslystantis dugnas u\u017etikrina, kad pad\u0117klas tvirtai laikyt\u0173si ant stalo. D\u0117l nuimamo pad\u0117klo galite pad\u0117kl\u0105 padalyti \u012f dvi, tris ar keturias dalis \u2013 tai idealu, norint atskirti skirtingus skonius ir tekst\u016bras. Patalyn\u0117 pagaminta i\u0161 patvarios, BPA neturin\u010dios med\u017eiagos ir tinka naudoti mikrobang\u0173 krosnel\u0117je bei plauti indaplov\u0117je. Linksmas mi\u0161ko gyv\u016bn\u0117li\u0173 dizainas suteikia papildomo d\u017eiaugsmo prie stalo kiekvieno valgio metu.<\/p>\n\n\n\n<p>Matmenys: 20 x 2,7 cm.<br>Med\u017eiaga: pp\/tpe.<\/p>","protected":false},"excerpt":{"rendered":"<p>Valgyti vienam tampa linksmu nuotykiu. Mepal Mio pad\u0117klas su mielu Little Dutch \u201eForest Friends\u201c atspaudu yra specialiai sukurtas pad\u0117ti vaikams valgyti savaranki\u0161kai. Auk\u0161ti kra\u0161tai ir suapvalinti kampai palengvina valgym\u0105 \u0161auk\u0161tu ar \u0161akute be i\u0161siliejimo. Neslystantis dugnas u\u017etikrina, kad pad\u0117klas tvirtai laikyt\u0173si ant stalo. D\u0117l nuimamo pad\u0117klo galite pad\u0117kl\u0105 padalyti \u012f dvi, tris ar keturias dalis [&hellip;]<\/p>","protected":false},"featured_media":35555,"template":"","meta":{"_acf_changed":false,"iawp_total_views":48},"product_cat":[244,257,258,49,39],"product_tag":[95,96],"class_list":{"0":"post-35554","1":"product","2":"type-product","3":"status-publish","4":"has-post-thumbnail","6":"product_cat-little-dutch","7":"product_cat-vaiku-prieziura","8":"product_cat-virtuves-irankiai-vaikams","9":"product_cat-visi-zaislai","10":"product_cat-zaislai","11":"product_tag-1-m-2-m","12":"product_tag-2-m-3-m","14":"first","15":"instock","16":"sale","17":"taxable","18":"shipping-taxable","19":"purchasable","20":"product-type-simple"},"acf":[],"yoast_head":"<!-- This site is optimized with the Yoast SEO plugin v23.3 - https:\/\/yoast.com\/wordpress\/plugins\/seo\/ -->\n<title>Little dutch l\u0117k\u0161t\u0117 &quot;Mi\u0161ko draugai&quot; - Montessori \u017eaislai<\/title>\n<meta name=\"robots\" content=\"index, follow, max-snippet:-1, max-image-preview:large, max-video-preview:-1\" \/>\n<link rel=\"canonical\" href=\"https:\/\/monti.lt\/en\/product\/little-dutch-lekste-misko-draugai\/\" \/>\n<meta property=\"og:locale\" content=\"en_US\" \/>\n<meta property=\"og:type\" content=\"article\" \/>\n<meta property=\"og:title\" content=\"Little dutch l\u0117k\u0161t\u0117 &quot;Mi\u0161ko draugai&quot; - Montessori \u017eaislai\" \/>\n<meta property=\"og:description\" content=\"Valgyti vienam tampa linksmu nuotykiu. Mepal Mio pad\u0117klas su mielu Little Dutch \u201eForest Friends\u201c atspaudu yra specialiai sukurtas pad\u0117ti vaikams valgyti savaranki\u0161kai. Auk\u0161ti kra\u0161tai ir suapvalinti kampai palengvina valgym\u0105 \u0161auk\u0161tu ar \u0161akute be i\u0161siliejimo. Neslystantis dugnas u\u017etikrina, kad pad\u0117klas tvirtai laikyt\u0173si ant stalo. D\u0117l nuimamo pad\u0117klo galite pad\u0117kl\u0105 padalyti \u012f dvi, tris ar keturias dalis [&hellip;]\" \/>\n<meta property=\"og:url\" content=\"https:\/\/monti.lt\/en\/product\/little-dutch-lekste-misko-draugai\/\" \/>\n<meta property=\"og:site_name\" content=\"Montessori \u017eaislai\" \/>\n<meta property=\"article:modified_time\" content=\"2026-03-20T08:53:27+00:00\" \/>\n<meta property=\"og:image\" content=\"https:\/\/monti.lt\/wp-content\/uploads\/2025\/11\/divider-plate-mepal-mio-108002565408-product-1-Large.jpg\" \/>\n\t<meta property=\"og:image:width\" content=\"1200\" \/>\n\t<meta property=\"og:image:height\" content=\"900\" \/>\n\t<meta property=\"og:image:type\" content=\"image\/jpeg\" \/>\n<meta name=\"twitter:card\" content=\"summary_large_image\" \/>\n<meta name=\"twitter:label1\" content=\"Est. reading time\" \/>\n\t<meta name=\"twitter:data1\" content=\"1 minute\" \/>\n<script type=\"application\/ld+json\" class=\"yoast-schema-graph\">{\"@context\":\"https:\/\/schema.org\",\"@graph\":[{\"@type\":\"WebPage\",\"@id\":\"https:\/\/monti.lt\/product\/little-dutch-lekste-misko-draugai\/\",\"url\":\"https:\/\/monti.lt\/product\/little-dutch-lekste-misko-draugai\/\",\"name\":\"Little dutch l\u0117k\u0161t\u0117 \\\"Mi\u0161ko draugai\\\" - Montessori \u017eaislai\",\"isPartOf\":{\"@id\":\"https:\/\/monti.lt\/#website\"},\"primaryImageOfPage\":{\"@id\":\"https:\/\/monti.lt\/product\/little-dutch-lekste-misko-draugai\/#primaryimage\"},\"image\":{\"@id\":\"https:\/\/monti.lt\/product\/little-dutch-lekste-misko-draugai\/#primaryimage\"},\"thumbnailUrl\":\"https:\/\/monti.lt\/wp-content\/uploads\/2025\/11\/divider-plate-mepal-mio-108002565408-product-1-Large.jpg\",\"datePublished\":\"2025-11-10T14:27:29+00:00\",\"dateModified\":\"2026-03-20T08:53:27+00:00\",\"breadcrumb\":{\"@id\":\"https:\/\/monti.lt\/product\/little-dutch-lekste-misko-draugai\/#breadcrumb\"},\"inLanguage\":\"en-US\",\"potentialAction\":[{\"@type\":\"ReadAction\",\"target\":[\"https:\/\/monti.lt\/product\/little-dutch-lekste-misko-draugai\/\"]}]},{\"@type\":\"ImageObject\",\"inLanguage\":\"en-US\",\"@id\":\"https:\/\/monti.lt\/product\/little-dutch-lekste-misko-draugai\/#primaryimage\",\"url\":\"https:\/\/monti.lt\/wp-content\/uploads\/2025\/11\/divider-plate-mepal-mio-108002565408-product-1-Large.jpg\",\"contentUrl\":\"https:\/\/monti.lt\/wp-content\/uploads\/2025\/11\/divider-plate-mepal-mio-108002565408-product-1-Large.jpg\",\"width\":1200,\"height\":900,\"caption\":\"pirmoji lekste\"},{\"@type\":\"BreadcrumbList\",\"@id\":\"https:\/\/monti.lt\/product\/little-dutch-lekste-misko-draugai\/#breadcrumb\",\"itemListElement\":[{\"@type\":\"ListItem\",\"position\":1,\"name\":\"Home\",\"item\":\"https:\/\/monti.lt\/\"},{\"@type\":\"ListItem\",\"position\":2,\"name\":\"Parduotuv\u0117\",\"item\":\"https:\/\/monti.lt\/shop\/\"},{\"@type\":\"ListItem\",\"position\":3,\"name\":\"Little dutch l\u0117k\u0161t\u0117 &#8220;Mi\u0161ko draugai&#8221;\"}]},{\"@type\":\"WebSite\",\"@id\":\"https:\/\/monti.lt\/#website\",\"url\":\"https:\/\/monti.lt\/\",\"name\":\"Montessori \u017eaislai\",\"description\":\"\",\"publisher\":{\"@id\":\"https:\/\/monti.lt\/#organization\"},\"potentialAction\":[{\"@type\":\"SearchAction\",\"target\":{\"@type\":\"EntryPoint\",\"urlTemplate\":\"https:\/\/monti.lt\/?s={search_term_string}\"},\"query-input\":\"required name=search_term_string\"}],\"inLanguage\":\"en-US\"},{\"@type\":\"Organization\",\"@id\":\"https:\/\/monti.lt\/#organization\",\"name\":\"Montessori \u017eaislai\",\"url\":\"https:\/\/monti.lt\/\",\"logo\":{\"@type\":\"ImageObject\",\"inLanguage\":\"en-US\",\"@id\":\"https:\/\/monti.lt\/#\/schema\/logo\/image\/\",\"url\":\"https:\/\/monti.lt\/wp-content\/uploads\/2022\/03\/montilogo-1.png\",\"contentUrl\":\"https:\/\/monti.lt\/wp-content\/uploads\/2022\/03\/montilogo-1.png\",\"width\":512,\"height\":512,\"caption\":\"Montessori \u017eaislai\"},\"image\":{\"@id\":\"https:\/\/monti.lt\/#\/schema\/logo\/image\/\"}}]}<\/script>\n<!-- \/ Yoast SEO plugin. -->","yoast_head_json":{"title":"Little dutch l\u0117k\u0161t\u0117 \"Mi\u0161ko draugai\" - Montessori \u017eaislai","robots":{"index":"index","follow":"follow","max-snippet":"max-snippet:-1","max-image-preview":"max-image-preview:large","max-video-preview":"max-video-preview:-1"},"canonical":"https:\/\/monti.lt\/en\/product\/little-dutch-lekste-misko-draugai\/","og_locale":"en_US","og_type":"article","og_title":"Little dutch l\u0117k\u0161t\u0117 \"Mi\u0161ko draugai\" - Montessori \u017eaislai","og_description":"Valgyti vienam tampa linksmu nuotykiu. Mepal Mio pad\u0117klas su mielu Little Dutch \u201eForest Friends\u201c atspaudu yra specialiai sukurtas pad\u0117ti vaikams valgyti savaranki\u0161kai. Auk\u0161ti kra\u0161tai ir suapvalinti kampai palengvina valgym\u0105 \u0161auk\u0161tu ar \u0161akute be i\u0161siliejimo. Neslystantis dugnas u\u017etikrina, kad pad\u0117klas tvirtai laikyt\u0173si ant stalo. D\u0117l nuimamo pad\u0117klo galite pad\u0117kl\u0105 padalyti \u012f dvi, tris ar keturias dalis [&hellip;]","og_url":"https:\/\/monti.lt\/en\/product\/little-dutch-lekste-misko-draugai\/","og_site_name":"Montessori \u017eaislai","article_modified_time":"2026-03-20T08:53:27+00:00","og_image":[{"width":1200,"height":900,"url":"https:\/\/monti.lt\/wp-content\/uploads\/2025\/11\/divider-plate-mepal-mio-108002565408-product-1-Large.jpg","type":"image\/jpeg"}],"twitter_card":"summary_large_image","twitter_misc":{"Est. reading time":"1 minute"},"schema":{"@context":"https:\/\/schema.org","@graph":[{"@type":"WebPage","@id":"https:\/\/monti.lt\/product\/little-dutch-lekste-misko-draugai\/","url":"https:\/\/monti.lt\/product\/little-dutch-lekste-misko-draugai\/","name":"Little dutch l\u0117k\u0161t\u0117 \"Mi\u0161ko draugai\" - Montessori \u017eaislai","isPartOf":{"@id":"https:\/\/monti.lt\/#website"},"primaryImageOfPage":{"@id":"https:\/\/monti.lt\/product\/little-dutch-lekste-misko-draugai\/#primaryimage"},"image":{"@id":"https:\/\/monti.lt\/product\/little-dutch-lekste-misko-draugai\/#primaryimage"},"thumbnailUrl":"https:\/\/monti.lt\/wp-content\/uploads\/2025\/11\/divider-plate-mepal-mio-108002565408-product-1-Large.jpg","datePublished":"2025-11-10T14:27:29+00:00","dateModified":"2026-03-20T08:53:27+00:00","breadcrumb":{"@id":"https:\/\/monti.lt\/product\/little-dutch-lekste-misko-draugai\/#breadcrumb"},"inLanguage":"en-US","potentialAction":[{"@type":"ReadAction","target":["https:\/\/monti.lt\/product\/little-dutch-lekste-misko-draugai\/"]}]},{"@type":"ImageObject","inLanguage":"en-US","@id":"https:\/\/monti.lt\/product\/little-dutch-lekste-misko-draugai\/#primaryimage","url":"https:\/\/monti.lt\/wp-content\/uploads\/2025\/11\/divider-plate-mepal-mio-108002565408-product-1-Large.jpg","contentUrl":"https:\/\/monti.lt\/wp-content\/uploads\/2025\/11\/divider-plate-mepal-mio-108002565408-product-1-Large.jpg","width":1200,"height":900,"caption":"pirmoji lekste"},{"@type":"BreadcrumbList","@id":"https:\/\/monti.lt\/product\/little-dutch-lekste-misko-draugai\/#breadcrumb","itemListElement":[{"@type":"ListItem","position":1,"name":"Home","item":"https:\/\/monti.lt\/"},{"@type":"ListItem","position":2,"name":"Parduotuv\u0117","item":"https:\/\/monti.lt\/shop\/"},{"@type":"ListItem","position":3,"name":"Little dutch l\u0117k\u0161t\u0117 &#8220;Mi\u0161ko draugai&#8221;"}]},{"@type":"WebSite","@id":"https:\/\/monti.lt\/#website","url":"https:\/\/monti.lt\/","name":"Montessori \u017eaislai","description":"","publisher":{"@id":"https:\/\/monti.lt\/#organization"},"potentialAction":[{"@type":"SearchAction","target":{"@type":"EntryPoint","urlTemplate":"https:\/\/monti.lt\/?s={search_term_string}"},"query-input":"required name=search_term_string"}],"inLanguage":"en-US"},{"@type":"Organization","@id":"https:\/\/monti.lt\/#organization","name":"Montessori \u017eaislai","url":"https:\/\/monti.lt\/","logo":{"@type":"ImageObject","inLanguage":"en-US","@id":"https:\/\/monti.lt\/#\/schema\/logo\/image\/","url":"https:\/\/monti.lt\/wp-content\/uploads\/2022\/03\/montilogo-1.png","contentUrl":"https:\/\/monti.lt\/wp-content\/uploads\/2022\/03\/montilogo-1.png","width":512,"height":512,"caption":"Montessori \u017eaislai"},"image":{"@id":"https:\/\/monti.lt\/#\/schema\/logo\/image\/"}}]}},"_links":{"self":[{"href":"https:\/\/monti.lt\/en\/wp-json\/wp\/v2\/product\/35554"}],"collection":[{"href":"https:\/\/monti.lt\/en\/wp-json\/wp\/v2\/product"}],"about":[{"href":"https:\/\/monti.lt\/en\/wp-json\/wp\/v2\/types\/product"}],"version-history":[{"count":1,"href":"https:\/\/monti.lt\/en\/wp-json\/wp\/v2\/product\/35554\/revisions"}],"predecessor-version":[{"id":35558,"href":"https:\/\/monti.lt\/en\/wp-json\/wp\/v2\/product\/35554\/revisions\/35558"}],"wp:featuredmedia":[{"embeddable":true,"href":"https:\/\/monti.lt\/en\/wp-json\/wp\/v2\/media\/35555"}],"wp:attachment":[{"href":"https:\/\/monti.lt\/en\/wp-json\/wp\/v2\/media?parent=35554"}],"wp:term":[{"taxonomy":"product_cat","embeddable":true,"href":"https:\/\/monti.lt\/en\/wp-json\/wp\/v2\/product_cat?post=35554"},{"taxonomy":"product_tag","embeddable":true,"href":"https:\/\/monti.lt\/en\/wp-json\/wp\/v2\/product_tag?post=35554"}],"curies":[{"name":"wp","href":"https:\/\/api.w.org\/{rel}","templated":true}]}}