{"id":35570,"date":"2025-11-11T04:53:49","date_gmt":"2025-11-11T04:53:49","guid":{"rendered":"https:\/\/monti.lt\/?post_type=product&#038;p=35570"},"modified":"2026-03-03T21:33:49","modified_gmt":"2026-03-03T21:33:49","slug":"little-dutch-neissipilantis-puodelis-misko-draugai","status":"publish","type":"product","link":"https:\/\/monti.lt\/en\/product\/little-dutch-neissipilantis-puodelis-misko-draugai\/","title":{"rendered":"Little dutch nei\u0161sipilantis puodelis &#8220;Mi\u0161ko draugai&#8221;"},"content":{"rendered":"<p>Gerti be netvarkos. Mepal Mio 360\u00b0 g\u0117rimo puodelis derina i\u0161man\u0173 patogum\u0105 ir stiling\u0105 dizain\u0105. D\u0117l novatori\u0161ko 360\u00b0 g\u0117rimo kra\u0161to j\u016bs\u0173 ma\u017eylis gali gerti i\u0161 bet kurios puodelio pus\u0117s \u2013 kaip i\u0161 \u012fprasto puodelio, bet be netvarkos. I\u0161manus vo\u017etuvas automati\u0161kai u\u017esidaro, kai tik j\u016bs\u0173 vaikas nustoja gerti. D\u0117l to puodelis yra ne tik saugus, bet ir patogus kelion\u0117je. Tvirtos rankenos u\u017etikrina ger\u0105 sukibim\u0105, puikiai tinka ma\u017eoms rankoms. Pagamintas i\u0161 patvarios, BPA neturin\u010dios med\u017eiagos, galima plauti indaplov\u0117je. Su \u0161iuo puodeliu j\u016bs\u0173 vaikas mokosi gerti savaranki\u0161kai, \u017eingsnis po \u017eingsnio, taip, kaip tinka kiekvienam augimo etapui.<\/p>\n\n\n\n<p>Matmenys: 13,5 x 7,7 x 10,7 cm<br>Med\u017eiaga: tritanas\/pp\/silikonas<br>Talpa: 200 ml<\/p>","protected":false},"excerpt":{"rendered":"<p>Gerti be netvarkos. Mepal Mio 360\u00b0 g\u0117rimo puodelis derina i\u0161man\u0173 patogum\u0105 ir stiling\u0105 dizain\u0105. D\u0117l novatori\u0161ko 360\u00b0 g\u0117rimo kra\u0161to j\u016bs\u0173 ma\u017eylis gali gerti i\u0161 bet kurios puodelio pus\u0117s \u2013 kaip i\u0161 \u012fprasto puodelio, bet be netvarkos. I\u0161manus vo\u017etuvas automati\u0161kai u\u017esidaro, kai tik j\u016bs\u0173 vaikas nustoja gerti. D\u0117l to puodelis yra ne tik saugus, bet ir [&hellip;]<\/p>","protected":false},"featured_media":35571,"template":"","meta":{"_acf_changed":false,"iawp_total_views":133},"product_cat":[244,242,257,258,49,39],"product_tag":[95,94],"class_list":{"0":"post-35570","1":"product","2":"type-product","3":"status-publish","4":"has-post-thumbnail","6":"product_cat-little-dutch","7":"product_cat-pagal-gamintoja","8":"product_cat-vaiku-prieziura","9":"product_cat-virtuves-irankiai-vaikams","10":"product_cat-visi-zaislai","11":"product_cat-zaislai","12":"product_tag-1-m-2-m","13":"product_tag-iki-1-m","15":"first","16":"outofstock","17":"taxable","18":"shipping-taxable","19":"purchasable","20":"product-type-simple"},"acf":[],"yoast_head":"<!-- This site is optimized with the Yoast SEO plugin v23.3 - https:\/\/yoast.com\/wordpress\/plugins\/seo\/ -->\n<title>Little dutch nei\u0161sipilantis puodelis &quot;Mi\u0161ko draugai&quot; - Montessori \u017eaislai<\/title>\n<meta name=\"robots\" content=\"index, follow, max-snippet:-1, max-image-preview:large, max-video-preview:-1\" \/>\n<link rel=\"canonical\" href=\"https:\/\/monti.lt\/en\/product\/little-dutch-neissipilantis-puodelis-misko-draugai\/\" \/>\n<meta property=\"og:locale\" content=\"en_US\" \/>\n<meta property=\"og:type\" content=\"article\" \/>\n<meta property=\"og:title\" content=\"Little dutch nei\u0161sipilantis puodelis &quot;Mi\u0161ko draugai&quot; - Montessori \u017eaislai\" \/>\n<meta property=\"og:description\" content=\"Gerti be netvarkos. Mepal Mio 360\u00b0 g\u0117rimo puodelis derina i\u0161man\u0173 patogum\u0105 ir stiling\u0105 dizain\u0105. D\u0117l novatori\u0161ko 360\u00b0 g\u0117rimo kra\u0161to j\u016bs\u0173 ma\u017eylis gali gerti i\u0161 bet kurios puodelio pus\u0117s \u2013 kaip i\u0161 \u012fprasto puodelio, bet be netvarkos. I\u0161manus vo\u017etuvas automati\u0161kai u\u017esidaro, kai tik j\u016bs\u0173 vaikas nustoja gerti. D\u0117l to puodelis yra ne tik saugus, bet ir [&hellip;]\" \/>\n<meta property=\"og:url\" content=\"https:\/\/monti.lt\/en\/product\/little-dutch-neissipilantis-puodelis-misko-draugai\/\" \/>\n<meta property=\"og:site_name\" content=\"Montessori \u017eaislai\" \/>\n<meta property=\"article:modified_time\" content=\"2026-03-03T21:33:49+00:00\" \/>\n<meta property=\"og:image\" content=\"https:\/\/monti.lt\/wp-content\/uploads\/2025\/11\/360\u00b0-trainer-cup-mepal-mio-200-ml-108018065408-product-1-Large.jpg\" \/>\n\t<meta property=\"og:image:width\" content=\"1200\" \/>\n\t<meta property=\"og:image:height\" content=\"900\" \/>\n\t<meta property=\"og:image:type\" content=\"image\/jpeg\" \/>\n<meta name=\"twitter:card\" content=\"summary_large_image\" \/>\n<meta name=\"twitter:label1\" content=\"Est. reading time\" \/>\n\t<meta name=\"twitter:data1\" content=\"1 minute\" \/>\n<script type=\"application\/ld+json\" class=\"yoast-schema-graph\">{\"@context\":\"https:\/\/schema.org\",\"@graph\":[{\"@type\":\"WebPage\",\"@id\":\"https:\/\/monti.lt\/product\/little-dutch-neissipilantis-puodelis-misko-draugai\/\",\"url\":\"https:\/\/monti.lt\/product\/little-dutch-neissipilantis-puodelis-misko-draugai\/\",\"name\":\"Little dutch nei\u0161sipilantis puodelis \\\"Mi\u0161ko draugai\\\" - Montessori \u017eaislai\",\"isPartOf\":{\"@id\":\"https:\/\/monti.lt\/#website\"},\"primaryImageOfPage\":{\"@id\":\"https:\/\/monti.lt\/product\/little-dutch-neissipilantis-puodelis-misko-draugai\/#primaryimage\"},\"image\":{\"@id\":\"https:\/\/monti.lt\/product\/little-dutch-neissipilantis-puodelis-misko-draugai\/#primaryimage\"},\"thumbnailUrl\":\"https:\/\/monti.lt\/wp-content\/uploads\/2025\/11\/360\u00b0-trainer-cup-mepal-mio-200-ml-108018065408-product-1-Large.jpg\",\"datePublished\":\"2025-11-11T04:53:49+00:00\",\"dateModified\":\"2026-03-03T21:33:49+00:00\",\"breadcrumb\":{\"@id\":\"https:\/\/monti.lt\/product\/little-dutch-neissipilantis-puodelis-misko-draugai\/#breadcrumb\"},\"inLanguage\":\"en-US\",\"potentialAction\":[{\"@type\":\"ReadAction\",\"target\":[\"https:\/\/monti.lt\/product\/little-dutch-neissipilantis-puodelis-misko-draugai\/\"]}]},{\"@type\":\"ImageObject\",\"inLanguage\":\"en-US\",\"@id\":\"https:\/\/monti.lt\/product\/little-dutch-neissipilantis-puodelis-misko-draugai\/#primaryimage\",\"url\":\"https:\/\/monti.lt\/wp-content\/uploads\/2025\/11\/360\u00b0-trainer-cup-mepal-mio-200-ml-108018065408-product-1-Large.jpg\",\"contentUrl\":\"https:\/\/monti.lt\/wp-content\/uploads\/2025\/11\/360\u00b0-trainer-cup-mepal-mio-200-ml-108018065408-product-1-Large.jpg\",\"width\":1200,\"height\":900,\"caption\":\"puodelis 360 little dutch\"},{\"@type\":\"BreadcrumbList\",\"@id\":\"https:\/\/monti.lt\/product\/little-dutch-neissipilantis-puodelis-misko-draugai\/#breadcrumb\",\"itemListElement\":[{\"@type\":\"ListItem\",\"position\":1,\"name\":\"Home\",\"item\":\"https:\/\/monti.lt\/\"},{\"@type\":\"ListItem\",\"position\":2,\"name\":\"Parduotuv\u0117\",\"item\":\"https:\/\/monti.lt\/shop\/\"},{\"@type\":\"ListItem\",\"position\":3,\"name\":\"Little dutch nei\u0161sipilantis puodelis &#8220;Mi\u0161ko draugai&#8221;\"}]},{\"@type\":\"WebSite\",\"@id\":\"https:\/\/monti.lt\/#website\",\"url\":\"https:\/\/monti.lt\/\",\"name\":\"Montessori \u017eaislai\",\"description\":\"\",\"publisher\":{\"@id\":\"https:\/\/monti.lt\/#organization\"},\"potentialAction\":[{\"@type\":\"SearchAction\",\"target\":{\"@type\":\"EntryPoint\",\"urlTemplate\":\"https:\/\/monti.lt\/?s={search_term_string}\"},\"query-input\":\"required name=search_term_string\"}],\"inLanguage\":\"en-US\"},{\"@type\":\"Organization\",\"@id\":\"https:\/\/monti.lt\/#organization\",\"name\":\"Montessori \u017eaislai\",\"url\":\"https:\/\/monti.lt\/\",\"logo\":{\"@type\":\"ImageObject\",\"inLanguage\":\"en-US\",\"@id\":\"https:\/\/monti.lt\/#\/schema\/logo\/image\/\",\"url\":\"https:\/\/monti.lt\/wp-content\/uploads\/2022\/03\/montilogo-1.png\",\"contentUrl\":\"https:\/\/monti.lt\/wp-content\/uploads\/2022\/03\/montilogo-1.png\",\"width\":512,\"height\":512,\"caption\":\"Montessori \u017eaislai\"},\"image\":{\"@id\":\"https:\/\/monti.lt\/#\/schema\/logo\/image\/\"}}]}<\/script>\n<!-- \/ Yoast SEO plugin. -->","yoast_head_json":{"title":"Little dutch nei\u0161sipilantis puodelis \"Mi\u0161ko draugai\" - Montessori \u017eaislai","robots":{"index":"index","follow":"follow","max-snippet":"max-snippet:-1","max-image-preview":"max-image-preview:large","max-video-preview":"max-video-preview:-1"},"canonical":"https:\/\/monti.lt\/en\/product\/little-dutch-neissipilantis-puodelis-misko-draugai\/","og_locale":"en_US","og_type":"article","og_title":"Little dutch nei\u0161sipilantis puodelis \"Mi\u0161ko draugai\" - Montessori \u017eaislai","og_description":"Gerti be netvarkos. Mepal Mio 360\u00b0 g\u0117rimo puodelis derina i\u0161man\u0173 patogum\u0105 ir stiling\u0105 dizain\u0105. D\u0117l novatori\u0161ko 360\u00b0 g\u0117rimo kra\u0161to j\u016bs\u0173 ma\u017eylis gali gerti i\u0161 bet kurios puodelio pus\u0117s \u2013 kaip i\u0161 \u012fprasto puodelio, bet be netvarkos. I\u0161manus vo\u017etuvas automati\u0161kai u\u017esidaro, kai tik j\u016bs\u0173 vaikas nustoja gerti. D\u0117l to puodelis yra ne tik saugus, bet ir [&hellip;]","og_url":"https:\/\/monti.lt\/en\/product\/little-dutch-neissipilantis-puodelis-misko-draugai\/","og_site_name":"Montessori \u017eaislai","article_modified_time":"2026-03-03T21:33:49+00:00","og_image":[{"width":1200,"height":900,"url":"https:\/\/monti.lt\/wp-content\/uploads\/2025\/11\/360\u00b0-trainer-cup-mepal-mio-200-ml-108018065408-product-1-Large.jpg","type":"image\/jpeg"}],"twitter_card":"summary_large_image","twitter_misc":{"Est. reading time":"1 minute"},"schema":{"@context":"https:\/\/schema.org","@graph":[{"@type":"WebPage","@id":"https:\/\/monti.lt\/product\/little-dutch-neissipilantis-puodelis-misko-draugai\/","url":"https:\/\/monti.lt\/product\/little-dutch-neissipilantis-puodelis-misko-draugai\/","name":"Little dutch nei\u0161sipilantis puodelis \"Mi\u0161ko draugai\" - Montessori \u017eaislai","isPartOf":{"@id":"https:\/\/monti.lt\/#website"},"primaryImageOfPage":{"@id":"https:\/\/monti.lt\/product\/little-dutch-neissipilantis-puodelis-misko-draugai\/#primaryimage"},"image":{"@id":"https:\/\/monti.lt\/product\/little-dutch-neissipilantis-puodelis-misko-draugai\/#primaryimage"},"thumbnailUrl":"https:\/\/monti.lt\/wp-content\/uploads\/2025\/11\/360\u00b0-trainer-cup-mepal-mio-200-ml-108018065408-product-1-Large.jpg","datePublished":"2025-11-11T04:53:49+00:00","dateModified":"2026-03-03T21:33:49+00:00","breadcrumb":{"@id":"https:\/\/monti.lt\/product\/little-dutch-neissipilantis-puodelis-misko-draugai\/#breadcrumb"},"inLanguage":"en-US","potentialAction":[{"@type":"ReadAction","target":["https:\/\/monti.lt\/product\/little-dutch-neissipilantis-puodelis-misko-draugai\/"]}]},{"@type":"ImageObject","inLanguage":"en-US","@id":"https:\/\/monti.lt\/product\/little-dutch-neissipilantis-puodelis-misko-draugai\/#primaryimage","url":"https:\/\/monti.lt\/wp-content\/uploads\/2025\/11\/360\u00b0-trainer-cup-mepal-mio-200-ml-108018065408-product-1-Large.jpg","contentUrl":"https:\/\/monti.lt\/wp-content\/uploads\/2025\/11\/360\u00b0-trainer-cup-mepal-mio-200-ml-108018065408-product-1-Large.jpg","width":1200,"height":900,"caption":"puodelis 360 little dutch"},{"@type":"BreadcrumbList","@id":"https:\/\/monti.lt\/product\/little-dutch-neissipilantis-puodelis-misko-draugai\/#breadcrumb","itemListElement":[{"@type":"ListItem","position":1,"name":"Home","item":"https:\/\/monti.lt\/"},{"@type":"ListItem","position":2,"name":"Parduotuv\u0117","item":"https:\/\/monti.lt\/shop\/"},{"@type":"ListItem","position":3,"name":"Little dutch nei\u0161sipilantis puodelis &#8220;Mi\u0161ko draugai&#8221;"}]},{"@type":"WebSite","@id":"https:\/\/monti.lt\/#website","url":"https:\/\/monti.lt\/","name":"Montessori \u017eaislai","description":"","publisher":{"@id":"https:\/\/monti.lt\/#organization"},"potentialAction":[{"@type":"SearchAction","target":{"@type":"EntryPoint","urlTemplate":"https:\/\/monti.lt\/?s={search_term_string}"},"query-input":"required name=search_term_string"}],"inLanguage":"en-US"},{"@type":"Organization","@id":"https:\/\/monti.lt\/#organization","name":"Montessori \u017eaislai","url":"https:\/\/monti.lt\/","logo":{"@type":"ImageObject","inLanguage":"en-US","@id":"https:\/\/monti.lt\/#\/schema\/logo\/image\/","url":"https:\/\/monti.lt\/wp-content\/uploads\/2022\/03\/montilogo-1.png","contentUrl":"https:\/\/monti.lt\/wp-content\/uploads\/2022\/03\/montilogo-1.png","width":512,"height":512,"caption":"Montessori \u017eaislai"},"image":{"@id":"https:\/\/monti.lt\/#\/schema\/logo\/image\/"}}]}},"_links":{"self":[{"href":"https:\/\/monti.lt\/en\/wp-json\/wp\/v2\/product\/35570"}],"collection":[{"href":"https:\/\/monti.lt\/en\/wp-json\/wp\/v2\/product"}],"about":[{"href":"https:\/\/monti.lt\/en\/wp-json\/wp\/v2\/types\/product"}],"version-history":[{"count":1,"href":"https:\/\/monti.lt\/en\/wp-json\/wp\/v2\/product\/35570\/revisions"}],"predecessor-version":[{"id":35573,"href":"https:\/\/monti.lt\/en\/wp-json\/wp\/v2\/product\/35570\/revisions\/35573"}],"wp:featuredmedia":[{"embeddable":true,"href":"https:\/\/monti.lt\/en\/wp-json\/wp\/v2\/media\/35571"}],"wp:attachment":[{"href":"https:\/\/monti.lt\/en\/wp-json\/wp\/v2\/media?parent=35570"}],"wp:term":[{"taxonomy":"product_cat","embeddable":true,"href":"https:\/\/monti.lt\/en\/wp-json\/wp\/v2\/product_cat?post=35570"},{"taxonomy":"product_tag","embeddable":true,"href":"https:\/\/monti.lt\/en\/wp-json\/wp\/v2\/product_tag?post=35570"}],"curies":[{"name":"wp","href":"https:\/\/api.w.org\/{rel}","templated":true}]}}