{"id":35592,"date":"2025-11-11T12:13:49","date_gmt":"2025-11-11T12:13:49","guid":{"rendered":"https:\/\/monti.lt\/?post_type=product&#038;p=35592"},"modified":"2026-04-20T13:53:02","modified_gmt":"2026-04-20T13:53:02","slug":"automobilis-amfibija-valdomas-riesu","status":"publish","type":"product","link":"https:\/\/monti.lt\/en\/product\/automobilis-amfibija-valdomas-riesu\/","title":{"rendered":"Automobilis-amfibija, valdomas rie\u0161u"},"content":{"rendered":"<p>Gestais valdomas amfibinis automobilis \u2013 dinami\u0161kas va\u017eiavimas sausumoje ir vandenyje<\/p>\n\n\n\n<p>Nuotoliniu b\u016bdu valdomas amfibinis automobilis su valdikliu-apyranke intriguoja savo unikaliomis savyb\u0117mis. Automobilio valdymas rank\u0173 gestais suteikia \u012fdomi\u0173 patir\u010di\u0173 ir daug jaudulio tiek jauniems, tiek vyresniems. Tai amfibinio tipo modelis \u2013 jis efektyviai juda sausumoje ir vandenyje.<\/p>\n\n\n\n<p>RC amfibinis automobilis yra atsparus vandeniui \u2013 dinami\u0161kas va\u017eiavimas bet kokiu pavir\u0161iumi.<\/p>\n\n\n\n<p>Nuotoliniu b\u016bdu valdomas amfibinis automobilis gali sudominti jau savo dizainu. Tai manevringa ma\u0161ina, turinti subalansuot\u0105 ir suderint\u0105 dizain\u0105 \u2013 ji gali jud\u0117ti kampu ir suktis aplink savo a\u0161\u012f. Amfibijos tipo RC automobilis yra specialiai pritaikytas va\u017eiavimui sud\u0117tingomis s\u0105lygomis. Transporto priemon\u0117s privalumas \u2013 did\u017eiuliai ratai su protektoriais, leid\u017eiantys jai jud\u0117ti nelygiu, uol\u0117tu ir pelk\u0117tu pavir\u0161iumi. Transporto priemon\u0117s atsparumas vandeniui leid\u017eia jai patogiai va\u017eiuoti per balas ar seklias vandens vietas.<\/p>\n\n\n\n<p>Gestais valdomas RC modelis \u2013 tikslus rankos valdymas<\/p>\n\n\n\n<p>Gestais valdomas automobilis yra novatori\u0161kas sprendimas, kuris neabejotinai pa\u012fvairins transporto priemon\u0117s naudojimo malonum\u0105. Apyrank\u0117s formos valdiklis leid\u017eia judinti automobil\u012f rie\u0161o judesiais. Gestais valdomas vandeniui atsparus amfibinis automobilis juda skland\u017eiai ir efektyviai \u012fveikia bet kokias kli\u016btis kelyje.<\/p>\n\n\n\n<p>Nuotolinis valdymas rank\u0173 gestais yra intuityvus \u2013 automobilis akimirksniu reaguoja \u012f judesius, tod\u0117l jo valdymas n\u0117ra sud\u0117tingas. Tai puikus pasirinkimas kaip pirmasis gestais valdomas RC modelis, nes jis yra tvirtas, bet manevringas.<\/p>\n\n\n\n<p>Gestais valdomas amfibinis RC modelis \u2013 privalumai:<\/p>\n\n\n\n<p>Jis yra paruo\u0161tas va\u017eiuoti i\u0161 karto \u2013 tai RTR transporto priemon\u0117, kuri\u0105 galima paleisti i\u0161kart i\u0161\u0117mus i\u0161 d\u0117\u017e\u0117s.<br>Vandeniui atspari konstrukcija \u2013 RC amfibinis automobilis va\u017eiuoja vandeniu ir sausuma.<br>Intuityvus valdymas rankomis \u2013 apyrank\u0117s formos gest\u0173 valdiklis leid\u017eia efektyviai valdyti transporto priemon\u0119.<br>Subalansuota konstrukcija \u2013 automobilis efektyviai va\u017eiuoja \u012f priek\u012f, atgal ir sukasi \u012f \u0161onus, taip pat sukasi aplink savo a\u0161\u012f.<br>Produkto savyb\u0117s:<\/p>\n\n\n\n<p>RTR (Ready to Run) RC automobilis \u2013 paruo\u0161tas va\u017eiuoti i\u0161kart i\u0161\u0117mus i\u0161 d\u0117\u017eut\u0117s.<br>Amfibinis automobilis \u2013 va\u017eiuoja sausumoje ir vandenyje.<br>USB \u012fkraunama baterija.<br>Automobilis gali suktis aplink savo a\u0161\u012f \u2013 subalansuota konstrukcija u\u017etikrina ger\u0105 manevringum\u0105 net sud\u0117tingomis s\u0105lygomis.<br>Didel\u0117s ratai su protektoriais u\u017etikrina skland\u0173 va\u017eiavim\u0105 nelygiu pavir\u0161iumi.<br>Intuityvus rankinis valdymas su apyrank\u0117s formos valdikliu.<br>Komplektacija:<\/p>\n\n\n\n<p>RC amfibinis automobilis.<br>Gest\u0173 valdiklis.<br>Atsuktuvas.<br>USB kabelis baterijai.<br>Naudojimo instrukcija<br>Techniniai duomenys ir matmenys:<\/p>\n\n\n\n<p>Spalva: juoda, turkio<br>Am\u017eius: 8+<br>Valdymas: nuotolinis, su valdikliu \u2013 gest\u0173 valdymas<br>Modelio maitinimas: \u012fkraunama baterija 3,7 V 1200 mAh, \u012fkraunama per USB (\u012ftraukta)<\/p>\n\n\n\n<p>Valdiklio maitinimas: 2x AAA baterijos (\u012f komplekt\u0105 ne\u012feina)<br>Valdiklio darbo da\u017enis: 2,4 GHz<br>Valdiklio veikimo nuotolis: apie 40 m<br>Darbo laikas su vienu \u012fkrovimu: apie 12\u201315 minu\u010di\u0173<br>\u012ekrovimo laikas: apie 3 val.<br>Funkcijos: automobilis va\u017eiuoja \u012f priek\u012f ir atgal, sukasi \u012f \u0161onus.<br>Greitis: ma\u017eas, vidutinis, didelis.<br>Atsparumas vandeniui: IPX6.<br>Automobilio matmenys: 16 cm x 16 cm x 8 cm.<br>Valdiklio matmenys: 30 cm x 16 cm x 2 cm.<br>Produkto svoris su pakuote: 596 g.<br>Pakuot\u0117s matmenys: 26,5 cm x 19 cm x 12 cm.<\/p>","protected":false},"excerpt":{"rendered":"<p>Gestais valdomas amfibinis automobilis \u2013 dinami\u0161kas va\u017eiavimas sausumoje ir vandenyje Nuotoliniu b\u016bdu valdomas amfibinis automobilis su valdikliu-apyranke intriguoja savo unikaliomis savyb\u0117mis. Automobilio valdymas rank\u0173 gestais suteikia \u012fdomi\u0173 patir\u010di\u0173 ir daug jaudulio tiek jauniems, tiek vyresniems. Tai amfibinio tipo modelis \u2013 jis efektyviai juda sausumoje ir vandenyje. RC amfibinis automobilis yra atsparus vandeniui \u2013 dinami\u0161kas va\u017eiavimas [&hellip;]<\/p>","protected":false},"featured_media":35594,"template":"","meta":{"_acf_changed":false,"iawp_total_views":455},"product_cat":[197,191,192,84,91,49,39,215],"product_tag":[101,99,100],"class_list":{"0":"post-35592","1":"product","2":"type-product","3":"status-publish","4":"has-post-thumbnail","6":"product_cat-dovanos-berniukams","7":"product_cat-dovanos-vaikams","8":"product_cat-kaledines-dovanos-vaikams","9":"product_cat-lavinamieji-zaislai","10":"product_cat-loginiam-mastymui","11":"product_cat-visi-zaislai","12":"product_cat-zaislai","13":"product_cat-zaislai-berniukams","14":"product_tag-12-m-14-m","15":"product_tag-8-m-11-m","16":"product_tag-15-m","18":"first","19":"instock","20":"taxable","21":"shipping-taxable","22":"purchasable","23":"product-type-simple"},"acf":[],"yoast_head":"<!-- This site is optimized with the Yoast SEO plugin v23.3 - https:\/\/yoast.com\/wordpress\/plugins\/seo\/ -->\n<title>Automobilis-amfibija, valdomas rie\u0161u - Montessori \u017eaislai<\/title>\n<meta name=\"robots\" content=\"index, follow, max-snippet:-1, max-image-preview:large, max-video-preview:-1\" \/>\n<link rel=\"canonical\" href=\"https:\/\/monti.lt\/en\/product\/automobilis-amfibija-valdomas-riesu\/\" \/>\n<meta property=\"og:locale\" content=\"en_US\" \/>\n<meta property=\"og:type\" content=\"article\" \/>\n<meta property=\"og:title\" content=\"Automobilis-amfibija, valdomas rie\u0161u - Montessori \u017eaislai\" \/>\n<meta property=\"og:description\" content=\"Gestais valdomas amfibinis automobilis \u2013 dinami\u0161kas va\u017eiavimas sausumoje ir vandenyje Nuotoliniu b\u016bdu valdomas amfibinis automobilis su valdikliu-apyranke intriguoja savo unikaliomis savyb\u0117mis. Automobilio valdymas rank\u0173 gestais suteikia \u012fdomi\u0173 patir\u010di\u0173 ir daug jaudulio tiek jauniems, tiek vyresniems. Tai amfibinio tipo modelis \u2013 jis efektyviai juda sausumoje ir vandenyje. RC amfibinis automobilis yra atsparus vandeniui \u2013 dinami\u0161kas va\u017eiavimas [&hellip;]\" \/>\n<meta property=\"og:url\" content=\"https:\/\/monti.lt\/en\/product\/automobilis-amfibija-valdomas-riesu\/\" \/>\n<meta property=\"og:site_name\" content=\"Montessori \u017eaislai\" \/>\n<meta property=\"article:modified_time\" content=\"2026-04-20T13:53:02+00:00\" \/>\n<meta property=\"og:image\" content=\"https:\/\/monti.lt\/wp-content\/uploads\/2025\/11\/Amphibious-remote-control-car-gesture-controlled-4x4-360-2-4GHz-3-7V-177905.jpg\" \/>\n\t<meta property=\"og:image:width\" content=\"1024\" \/>\n\t<meta property=\"og:image:height\" content=\"1024\" \/>\n\t<meta property=\"og:image:type\" content=\"image\/jpeg\" \/>\n<meta name=\"twitter:card\" content=\"summary_large_image\" \/>\n<meta name=\"twitter:label1\" content=\"Est. reading time\" \/>\n\t<meta name=\"twitter:data1\" content=\"3 minutes\" \/>\n<script type=\"application\/ld+json\" class=\"yoast-schema-graph\">{\"@context\":\"https:\/\/schema.org\",\"@graph\":[{\"@type\":\"WebPage\",\"@id\":\"https:\/\/monti.lt\/product\/automobilis-amfibija-valdomas-riesu\/\",\"url\":\"https:\/\/monti.lt\/product\/automobilis-amfibija-valdomas-riesu\/\",\"name\":\"Automobilis-amfibija, valdomas rie\u0161u - Montessori \u017eaislai\",\"isPartOf\":{\"@id\":\"https:\/\/monti.lt\/#website\"},\"primaryImageOfPage\":{\"@id\":\"https:\/\/monti.lt\/product\/automobilis-amfibija-valdomas-riesu\/#primaryimage\"},\"image\":{\"@id\":\"https:\/\/monti.lt\/product\/automobilis-amfibija-valdomas-riesu\/#primaryimage\"},\"thumbnailUrl\":\"https:\/\/monti.lt\/wp-content\/uploads\/2025\/11\/Amphibious-remote-control-car-gesture-controlled-4x4-360-2-4GHz-3-7V-177905.jpg\",\"datePublished\":\"2025-11-11T12:13:49+00:00\",\"dateModified\":\"2026-04-20T13:53:02+00:00\",\"breadcrumb\":{\"@id\":\"https:\/\/monti.lt\/product\/automobilis-amfibija-valdomas-riesu\/#breadcrumb\"},\"inLanguage\":\"en-US\",\"potentialAction\":[{\"@type\":\"ReadAction\",\"target\":[\"https:\/\/monti.lt\/product\/automobilis-amfibija-valdomas-riesu\/\"]}]},{\"@type\":\"ImageObject\",\"inLanguage\":\"en-US\",\"@id\":\"https:\/\/monti.lt\/product\/automobilis-amfibija-valdomas-riesu\/#primaryimage\",\"url\":\"https:\/\/monti.lt\/wp-content\/uploads\/2025\/11\/Amphibious-remote-control-car-gesture-controlled-4x4-360-2-4GHz-3-7V-177905.jpg\",\"contentUrl\":\"https:\/\/monti.lt\/wp-content\/uploads\/2025\/11\/Amphibious-remote-control-car-gesture-controlled-4x4-360-2-4GHz-3-7V-177905.jpg\",\"width\":1024,\"height\":1024,\"caption\":\"automobilis amfibija\"},{\"@type\":\"BreadcrumbList\",\"@id\":\"https:\/\/monti.lt\/product\/automobilis-amfibija-valdomas-riesu\/#breadcrumb\",\"itemListElement\":[{\"@type\":\"ListItem\",\"position\":1,\"name\":\"Home\",\"item\":\"https:\/\/monti.lt\/\"},{\"@type\":\"ListItem\",\"position\":2,\"name\":\"Parduotuv\u0117\",\"item\":\"https:\/\/monti.lt\/shop\/\"},{\"@type\":\"ListItem\",\"position\":3,\"name\":\"Automobilis-amfibija, valdomas rie\u0161u\"}]},{\"@type\":\"WebSite\",\"@id\":\"https:\/\/monti.lt\/#website\",\"url\":\"https:\/\/monti.lt\/\",\"name\":\"Montessori \u017eaislai\",\"description\":\"\",\"publisher\":{\"@id\":\"https:\/\/monti.lt\/#organization\"},\"potentialAction\":[{\"@type\":\"SearchAction\",\"target\":{\"@type\":\"EntryPoint\",\"urlTemplate\":\"https:\/\/monti.lt\/?s={search_term_string}\"},\"query-input\":\"required name=search_term_string\"}],\"inLanguage\":\"en-US\"},{\"@type\":\"Organization\",\"@id\":\"https:\/\/monti.lt\/#organization\",\"name\":\"Montessori \u017eaislai\",\"url\":\"https:\/\/monti.lt\/\",\"logo\":{\"@type\":\"ImageObject\",\"inLanguage\":\"en-US\",\"@id\":\"https:\/\/monti.lt\/#\/schema\/logo\/image\/\",\"url\":\"https:\/\/monti.lt\/wp-content\/uploads\/2022\/03\/montilogo-1.png\",\"contentUrl\":\"https:\/\/monti.lt\/wp-content\/uploads\/2022\/03\/montilogo-1.png\",\"width\":512,\"height\":512,\"caption\":\"Montessori \u017eaislai\"},\"image\":{\"@id\":\"https:\/\/monti.lt\/#\/schema\/logo\/image\/\"}}]}<\/script>\n<!-- \/ Yoast SEO plugin. -->","yoast_head_json":{"title":"Automobilis-amfibija, valdomas rie\u0161u - Montessori \u017eaislai","robots":{"index":"index","follow":"follow","max-snippet":"max-snippet:-1","max-image-preview":"max-image-preview:large","max-video-preview":"max-video-preview:-1"},"canonical":"https:\/\/monti.lt\/en\/product\/automobilis-amfibija-valdomas-riesu\/","og_locale":"en_US","og_type":"article","og_title":"Automobilis-amfibija, valdomas rie\u0161u - Montessori \u017eaislai","og_description":"Gestais valdomas amfibinis automobilis \u2013 dinami\u0161kas va\u017eiavimas sausumoje ir vandenyje Nuotoliniu b\u016bdu valdomas amfibinis automobilis su valdikliu-apyranke intriguoja savo unikaliomis savyb\u0117mis. Automobilio valdymas rank\u0173 gestais suteikia \u012fdomi\u0173 patir\u010di\u0173 ir daug jaudulio tiek jauniems, tiek vyresniems. Tai amfibinio tipo modelis \u2013 jis efektyviai juda sausumoje ir vandenyje. RC amfibinis automobilis yra atsparus vandeniui \u2013 dinami\u0161kas va\u017eiavimas [&hellip;]","og_url":"https:\/\/monti.lt\/en\/product\/automobilis-amfibija-valdomas-riesu\/","og_site_name":"Montessori \u017eaislai","article_modified_time":"2026-04-20T13:53:02+00:00","og_image":[{"width":1024,"height":1024,"url":"https:\/\/monti.lt\/wp-content\/uploads\/2025\/11\/Amphibious-remote-control-car-gesture-controlled-4x4-360-2-4GHz-3-7V-177905.jpg","type":"image\/jpeg"}],"twitter_card":"summary_large_image","twitter_misc":{"Est. reading time":"3 minutes"},"schema":{"@context":"https:\/\/schema.org","@graph":[{"@type":"WebPage","@id":"https:\/\/monti.lt\/product\/automobilis-amfibija-valdomas-riesu\/","url":"https:\/\/monti.lt\/product\/automobilis-amfibija-valdomas-riesu\/","name":"Automobilis-amfibija, valdomas rie\u0161u - Montessori \u017eaislai","isPartOf":{"@id":"https:\/\/monti.lt\/#website"},"primaryImageOfPage":{"@id":"https:\/\/monti.lt\/product\/automobilis-amfibija-valdomas-riesu\/#primaryimage"},"image":{"@id":"https:\/\/monti.lt\/product\/automobilis-amfibija-valdomas-riesu\/#primaryimage"},"thumbnailUrl":"https:\/\/monti.lt\/wp-content\/uploads\/2025\/11\/Amphibious-remote-control-car-gesture-controlled-4x4-360-2-4GHz-3-7V-177905.jpg","datePublished":"2025-11-11T12:13:49+00:00","dateModified":"2026-04-20T13:53:02+00:00","breadcrumb":{"@id":"https:\/\/monti.lt\/product\/automobilis-amfibija-valdomas-riesu\/#breadcrumb"},"inLanguage":"en-US","potentialAction":[{"@type":"ReadAction","target":["https:\/\/monti.lt\/product\/automobilis-amfibija-valdomas-riesu\/"]}]},{"@type":"ImageObject","inLanguage":"en-US","@id":"https:\/\/monti.lt\/product\/automobilis-amfibija-valdomas-riesu\/#primaryimage","url":"https:\/\/monti.lt\/wp-content\/uploads\/2025\/11\/Amphibious-remote-control-car-gesture-controlled-4x4-360-2-4GHz-3-7V-177905.jpg","contentUrl":"https:\/\/monti.lt\/wp-content\/uploads\/2025\/11\/Amphibious-remote-control-car-gesture-controlled-4x4-360-2-4GHz-3-7V-177905.jpg","width":1024,"height":1024,"caption":"automobilis amfibija"},{"@type":"BreadcrumbList","@id":"https:\/\/monti.lt\/product\/automobilis-amfibija-valdomas-riesu\/#breadcrumb","itemListElement":[{"@type":"ListItem","position":1,"name":"Home","item":"https:\/\/monti.lt\/"},{"@type":"ListItem","position":2,"name":"Parduotuv\u0117","item":"https:\/\/monti.lt\/shop\/"},{"@type":"ListItem","position":3,"name":"Automobilis-amfibija, valdomas rie\u0161u"}]},{"@type":"WebSite","@id":"https:\/\/monti.lt\/#website","url":"https:\/\/monti.lt\/","name":"Montessori \u017eaislai","description":"","publisher":{"@id":"https:\/\/monti.lt\/#organization"},"potentialAction":[{"@type":"SearchAction","target":{"@type":"EntryPoint","urlTemplate":"https:\/\/monti.lt\/?s={search_term_string}"},"query-input":"required name=search_term_string"}],"inLanguage":"en-US"},{"@type":"Organization","@id":"https:\/\/monti.lt\/#organization","name":"Montessori \u017eaislai","url":"https:\/\/monti.lt\/","logo":{"@type":"ImageObject","inLanguage":"en-US","@id":"https:\/\/monti.lt\/#\/schema\/logo\/image\/","url":"https:\/\/monti.lt\/wp-content\/uploads\/2022\/03\/montilogo-1.png","contentUrl":"https:\/\/monti.lt\/wp-content\/uploads\/2022\/03\/montilogo-1.png","width":512,"height":512,"caption":"Montessori \u017eaislai"},"image":{"@id":"https:\/\/monti.lt\/#\/schema\/logo\/image\/"}}]}},"_links":{"self":[{"href":"https:\/\/monti.lt\/en\/wp-json\/wp\/v2\/product\/35592"}],"collection":[{"href":"https:\/\/monti.lt\/en\/wp-json\/wp\/v2\/product"}],"about":[{"href":"https:\/\/monti.lt\/en\/wp-json\/wp\/v2\/types\/product"}],"version-history":[{"count":1,"href":"https:\/\/monti.lt\/en\/wp-json\/wp\/v2\/product\/35592\/revisions"}],"predecessor-version":[{"id":35607,"href":"https:\/\/monti.lt\/en\/wp-json\/wp\/v2\/product\/35592\/revisions\/35607"}],"wp:featuredmedia":[{"embeddable":true,"href":"https:\/\/monti.lt\/en\/wp-json\/wp\/v2\/media\/35594"}],"wp:attachment":[{"href":"https:\/\/monti.lt\/en\/wp-json\/wp\/v2\/media?parent=35592"}],"wp:term":[{"taxonomy":"product_cat","embeddable":true,"href":"https:\/\/monti.lt\/en\/wp-json\/wp\/v2\/product_cat?post=35592"},{"taxonomy":"product_tag","embeddable":true,"href":"https:\/\/monti.lt\/en\/wp-json\/wp\/v2\/product_tag?post=35592"}],"curies":[{"name":"wp","href":"https:\/\/api.w.org\/{rel}","templated":true}]}}