{"id":35654,"date":"2025-11-11T12:29:43","date_gmt":"2025-11-11T12:29:43","guid":{"rendered":"https:\/\/monti.lt\/?post_type=product&#038;p=35654"},"modified":"2025-12-03T06:27:06","modified_gmt":"2025-12-03T06:27:06","slug":"magnetiniai-blokeliai-32-el","status":"publish","type":"product","link":"https:\/\/monti.lt\/en\/product\/magnetiniai-blokeliai-32-el\/","title":{"rendered":"Magnetiniai blokeliai, 32 el."},"content":{"rendered":"<p>\u0160is 32 magnetini\u0173 blokeli\u0173 rinkinys yra smagus b\u016bdas vaikams kurti \u012fvairias fig\u016bras ir konstrukcijas. Kiekvienas blokelis yra kvadratin\u0117s formos ir jungiasi su kitais blokeliais d\u0117ka \u012fmontuot\u0173 magnet\u0173, kurie u\u017etikrina konstrukcijos stabilum\u0105. Blokeliai yra keturi\u0173 spalv\u0173: \u017ealios, geltonos, raudonos ir m\u0117lynos. \u017daislas skatina motorini\u0173 \u012fg\u016bd\u017ei\u0173, k\u016brybi\u0161kumo ir loginio m\u0105stymo vystym\u0105si.<\/p>\n\n\n\n<p>Techniniai duomenys:<\/p>\n\n\n\n<p>Med\u017eiaga: plastikas<br>Am\u017eius: 3+<br>Kiekis: 32 vnt.<br>Bloko matmenys: 2,5 cm x 2,5 cm<br>Pakuot\u0117s matmenys: 20,5 cm x 10,5 cm x 2,7 cm<\/p>\n\n\n\n<p>\u0160is magnetini\u0173 plyteli\u0173 rinkinys pagamintas i\u0161 auk\u0161tos kokyb\u0117s plastiko. Jis yra sertifikuotas pagal CE standart\u0105.<\/p>\n\n\n\n<p>Produktas supakuotas kartonin\u0117je d\u0117\u017eut\u0117je.<\/p>","protected":false},"excerpt":{"rendered":"<p>\u0160is 32 magnetini\u0173 blokeli\u0173 rinkinys yra smagus b\u016bdas vaikams kurti \u012fvairias fig\u016bras ir konstrukcijas. Kiekvienas blokelis yra kvadratin\u0117s formos ir jungiasi su kitais blokeliais d\u0117ka \u012fmontuot\u0173 magnet\u0173, kurie u\u017etikrina konstrukcijos stabilum\u0105. Blokeliai yra keturi\u0173 spalv\u0173: \u017ealios, geltonos, raudonos ir m\u0117lynos. \u017daislas skatina motorini\u0173 \u012fg\u016bd\u017ei\u0173, k\u016brybi\u0161kumo ir loginio m\u0105stymo vystym\u0105si. Techniniai duomenys: Med\u017eiaga: plastikasAm\u017eius: 3+Kiekis: 32 [&hellip;]<\/p>","protected":false},"featured_media":35656,"template":"","meta":{"_acf_changed":false,"iawp_total_views":126},"product_cat":[218,195,216,217,191,87,84,86,202,49,39],"product_tag":[97,98],"class_list":{"0":"post-35654","1":"product","2":"type-product","3":"status-publish","4":"has-post-thumbnail","6":"product_cat-darzeliu-grupems","7":"product_cat-dovanos-vaikams-3-4-metu","8":"product_cat-dovanos-4-5-metu-vaikams","9":"product_cat-dovanos-5-7-metu-vaikams","10":"product_cat-dovanos-vaikams","11":"product_cat-kurybiniai-rinkiniai","12":"product_cat-lavinamieji-zaislai","13":"product_cat-smulkioji-motorika","14":"product_cat-vaaikiski-konstruktoriai","15":"product_cat-visi-zaislai","16":"product_cat-zaislai","17":"product_tag-3-m-4-m","18":"product_tag-5-m-7-m","20":"first","21":"outofstock","22":"taxable","23":"shipping-taxable","24":"purchasable","25":"product-type-simple"},"acf":[],"yoast_head":"<!-- This site is optimized with the Yoast SEO plugin v23.3 - https:\/\/yoast.com\/wordpress\/plugins\/seo\/ -->\n<title>Magnetiniai blokeliai, 32 el. - Montessori \u017eaislai<\/title>\n<meta name=\"robots\" content=\"index, follow, max-snippet:-1, max-image-preview:large, max-video-preview:-1\" \/>\n<link rel=\"canonical\" href=\"https:\/\/monti.lt\/en\/product\/magnetiniai-blokeliai-32-el\/\" \/>\n<meta property=\"og:locale\" content=\"en_US\" \/>\n<meta property=\"og:type\" content=\"article\" \/>\n<meta property=\"og:title\" content=\"Magnetiniai blokeliai, 32 el. - Montessori \u017eaislai\" \/>\n<meta property=\"og:description\" content=\"\u0160is 32 magnetini\u0173 blokeli\u0173 rinkinys yra smagus b\u016bdas vaikams kurti \u012fvairias fig\u016bras ir konstrukcijas. Kiekvienas blokelis yra kvadratin\u0117s formos ir jungiasi su kitais blokeliais d\u0117ka \u012fmontuot\u0173 magnet\u0173, kurie u\u017etikrina konstrukcijos stabilum\u0105. Blokeliai yra keturi\u0173 spalv\u0173: \u017ealios, geltonos, raudonos ir m\u0117lynos. \u017daislas skatina motorini\u0173 \u012fg\u016bd\u017ei\u0173, k\u016brybi\u0161kumo ir loginio m\u0105stymo vystym\u0105si. Techniniai duomenys: Med\u017eiaga: plastikasAm\u017eius: 3+Kiekis: 32 [&hellip;]\" \/>\n<meta property=\"og:url\" content=\"https:\/\/monti.lt\/en\/product\/magnetiniai-blokeliai-32-el\/\" \/>\n<meta property=\"og:site_name\" content=\"Montessori \u017eaislai\" \/>\n<meta property=\"article:modified_time\" content=\"2025-12-03T06:27:06+00:00\" \/>\n<meta property=\"og:image\" content=\"https:\/\/monti.lt\/wp-content\/uploads\/2025\/11\/Bulding-blocks-magnetic-cubic-32-el-163920.jpg\" \/>\n\t<meta property=\"og:image:width\" content=\"1024\" \/>\n\t<meta property=\"og:image:height\" content=\"1024\" \/>\n\t<meta property=\"og:image:type\" content=\"image\/jpeg\" \/>\n<meta name=\"twitter:card\" content=\"summary_large_image\" \/>\n<meta name=\"twitter:label1\" content=\"Est. reading time\" \/>\n\t<meta name=\"twitter:data1\" content=\"1 minute\" \/>\n<script type=\"application\/ld+json\" class=\"yoast-schema-graph\">{\"@context\":\"https:\/\/schema.org\",\"@graph\":[{\"@type\":\"WebPage\",\"@id\":\"https:\/\/monti.lt\/product\/magnetiniai-blokeliai-32-el\/\",\"url\":\"https:\/\/monti.lt\/product\/magnetiniai-blokeliai-32-el\/\",\"name\":\"Magnetiniai blokeliai, 32 el. - Montessori \u017eaislai\",\"isPartOf\":{\"@id\":\"https:\/\/monti.lt\/#website\"},\"primaryImageOfPage\":{\"@id\":\"https:\/\/monti.lt\/product\/magnetiniai-blokeliai-32-el\/#primaryimage\"},\"image\":{\"@id\":\"https:\/\/monti.lt\/product\/magnetiniai-blokeliai-32-el\/#primaryimage\"},\"thumbnailUrl\":\"https:\/\/monti.lt\/wp-content\/uploads\/2025\/11\/Bulding-blocks-magnetic-cubic-32-el-163920.jpg\",\"datePublished\":\"2025-11-11T12:29:43+00:00\",\"dateModified\":\"2025-12-03T06:27:06+00:00\",\"breadcrumb\":{\"@id\":\"https:\/\/monti.lt\/product\/magnetiniai-blokeliai-32-el\/#breadcrumb\"},\"inLanguage\":\"en-US\",\"potentialAction\":[{\"@type\":\"ReadAction\",\"target\":[\"https:\/\/monti.lt\/product\/magnetiniai-blokeliai-32-el\/\"]}]},{\"@type\":\"ImageObject\",\"inLanguage\":\"en-US\",\"@id\":\"https:\/\/monti.lt\/product\/magnetiniai-blokeliai-32-el\/#primaryimage\",\"url\":\"https:\/\/monti.lt\/wp-content\/uploads\/2025\/11\/Bulding-blocks-magnetic-cubic-32-el-163920.jpg\",\"contentUrl\":\"https:\/\/monti.lt\/wp-content\/uploads\/2025\/11\/Bulding-blocks-magnetic-cubic-32-el-163920.jpg\",\"width\":1024,\"height\":1024,\"caption\":\"magnetiniai blokeliai\"},{\"@type\":\"BreadcrumbList\",\"@id\":\"https:\/\/monti.lt\/product\/magnetiniai-blokeliai-32-el\/#breadcrumb\",\"itemListElement\":[{\"@type\":\"ListItem\",\"position\":1,\"name\":\"Home\",\"item\":\"https:\/\/monti.lt\/\"},{\"@type\":\"ListItem\",\"position\":2,\"name\":\"Parduotuv\u0117\",\"item\":\"https:\/\/monti.lt\/shop\/\"},{\"@type\":\"ListItem\",\"position\":3,\"name\":\"Magnetiniai blokeliai, 32 el.\"}]},{\"@type\":\"WebSite\",\"@id\":\"https:\/\/monti.lt\/#website\",\"url\":\"https:\/\/monti.lt\/\",\"name\":\"Montessori \u017eaislai\",\"description\":\"\",\"publisher\":{\"@id\":\"https:\/\/monti.lt\/#organization\"},\"potentialAction\":[{\"@type\":\"SearchAction\",\"target\":{\"@type\":\"EntryPoint\",\"urlTemplate\":\"https:\/\/monti.lt\/?s={search_term_string}\"},\"query-input\":\"required name=search_term_string\"}],\"inLanguage\":\"en-US\"},{\"@type\":\"Organization\",\"@id\":\"https:\/\/monti.lt\/#organization\",\"name\":\"Montessori \u017eaislai\",\"url\":\"https:\/\/monti.lt\/\",\"logo\":{\"@type\":\"ImageObject\",\"inLanguage\":\"en-US\",\"@id\":\"https:\/\/monti.lt\/#\/schema\/logo\/image\/\",\"url\":\"https:\/\/monti.lt\/wp-content\/uploads\/2022\/03\/montilogo-1.png\",\"contentUrl\":\"https:\/\/monti.lt\/wp-content\/uploads\/2022\/03\/montilogo-1.png\",\"width\":512,\"height\":512,\"caption\":\"Montessori \u017eaislai\"},\"image\":{\"@id\":\"https:\/\/monti.lt\/#\/schema\/logo\/image\/\"}}]}<\/script>\n<!-- \/ Yoast SEO plugin. -->","yoast_head_json":{"title":"Magnetiniai blokeliai, 32 el. - Montessori \u017eaislai","robots":{"index":"index","follow":"follow","max-snippet":"max-snippet:-1","max-image-preview":"max-image-preview:large","max-video-preview":"max-video-preview:-1"},"canonical":"https:\/\/monti.lt\/en\/product\/magnetiniai-blokeliai-32-el\/","og_locale":"en_US","og_type":"article","og_title":"Magnetiniai blokeliai, 32 el. - Montessori \u017eaislai","og_description":"\u0160is 32 magnetini\u0173 blokeli\u0173 rinkinys yra smagus b\u016bdas vaikams kurti \u012fvairias fig\u016bras ir konstrukcijas. Kiekvienas blokelis yra kvadratin\u0117s formos ir jungiasi su kitais blokeliais d\u0117ka \u012fmontuot\u0173 magnet\u0173, kurie u\u017etikrina konstrukcijos stabilum\u0105. Blokeliai yra keturi\u0173 spalv\u0173: \u017ealios, geltonos, raudonos ir m\u0117lynos. \u017daislas skatina motorini\u0173 \u012fg\u016bd\u017ei\u0173, k\u016brybi\u0161kumo ir loginio m\u0105stymo vystym\u0105si. Techniniai duomenys: Med\u017eiaga: plastikasAm\u017eius: 3+Kiekis: 32 [&hellip;]","og_url":"https:\/\/monti.lt\/en\/product\/magnetiniai-blokeliai-32-el\/","og_site_name":"Montessori \u017eaislai","article_modified_time":"2025-12-03T06:27:06+00:00","og_image":[{"width":1024,"height":1024,"url":"https:\/\/monti.lt\/wp-content\/uploads\/2025\/11\/Bulding-blocks-magnetic-cubic-32-el-163920.jpg","type":"image\/jpeg"}],"twitter_card":"summary_large_image","twitter_misc":{"Est. reading time":"1 minute"},"schema":{"@context":"https:\/\/schema.org","@graph":[{"@type":"WebPage","@id":"https:\/\/monti.lt\/product\/magnetiniai-blokeliai-32-el\/","url":"https:\/\/monti.lt\/product\/magnetiniai-blokeliai-32-el\/","name":"Magnetiniai blokeliai, 32 el. - Montessori \u017eaislai","isPartOf":{"@id":"https:\/\/monti.lt\/#website"},"primaryImageOfPage":{"@id":"https:\/\/monti.lt\/product\/magnetiniai-blokeliai-32-el\/#primaryimage"},"image":{"@id":"https:\/\/monti.lt\/product\/magnetiniai-blokeliai-32-el\/#primaryimage"},"thumbnailUrl":"https:\/\/monti.lt\/wp-content\/uploads\/2025\/11\/Bulding-blocks-magnetic-cubic-32-el-163920.jpg","datePublished":"2025-11-11T12:29:43+00:00","dateModified":"2025-12-03T06:27:06+00:00","breadcrumb":{"@id":"https:\/\/monti.lt\/product\/magnetiniai-blokeliai-32-el\/#breadcrumb"},"inLanguage":"en-US","potentialAction":[{"@type":"ReadAction","target":["https:\/\/monti.lt\/product\/magnetiniai-blokeliai-32-el\/"]}]},{"@type":"ImageObject","inLanguage":"en-US","@id":"https:\/\/monti.lt\/product\/magnetiniai-blokeliai-32-el\/#primaryimage","url":"https:\/\/monti.lt\/wp-content\/uploads\/2025\/11\/Bulding-blocks-magnetic-cubic-32-el-163920.jpg","contentUrl":"https:\/\/monti.lt\/wp-content\/uploads\/2025\/11\/Bulding-blocks-magnetic-cubic-32-el-163920.jpg","width":1024,"height":1024,"caption":"magnetiniai blokeliai"},{"@type":"BreadcrumbList","@id":"https:\/\/monti.lt\/product\/magnetiniai-blokeliai-32-el\/#breadcrumb","itemListElement":[{"@type":"ListItem","position":1,"name":"Home","item":"https:\/\/monti.lt\/"},{"@type":"ListItem","position":2,"name":"Parduotuv\u0117","item":"https:\/\/monti.lt\/shop\/"},{"@type":"ListItem","position":3,"name":"Magnetiniai blokeliai, 32 el."}]},{"@type":"WebSite","@id":"https:\/\/monti.lt\/#website","url":"https:\/\/monti.lt\/","name":"Montessori \u017eaislai","description":"","publisher":{"@id":"https:\/\/monti.lt\/#organization"},"potentialAction":[{"@type":"SearchAction","target":{"@type":"EntryPoint","urlTemplate":"https:\/\/monti.lt\/?s={search_term_string}"},"query-input":"required name=search_term_string"}],"inLanguage":"en-US"},{"@type":"Organization","@id":"https:\/\/monti.lt\/#organization","name":"Montessori \u017eaislai","url":"https:\/\/monti.lt\/","logo":{"@type":"ImageObject","inLanguage":"en-US","@id":"https:\/\/monti.lt\/#\/schema\/logo\/image\/","url":"https:\/\/monti.lt\/wp-content\/uploads\/2022\/03\/montilogo-1.png","contentUrl":"https:\/\/monti.lt\/wp-content\/uploads\/2022\/03\/montilogo-1.png","width":512,"height":512,"caption":"Montessori \u017eaislai"},"image":{"@id":"https:\/\/monti.lt\/#\/schema\/logo\/image\/"}}]}},"_links":{"self":[{"href":"https:\/\/monti.lt\/en\/wp-json\/wp\/v2\/product\/35654"}],"collection":[{"href":"https:\/\/monti.lt\/en\/wp-json\/wp\/v2\/product"}],"about":[{"href":"https:\/\/monti.lt\/en\/wp-json\/wp\/v2\/types\/product"}],"version-history":[{"count":1,"href":"https:\/\/monti.lt\/en\/wp-json\/wp\/v2\/product\/35654\/revisions"}],"predecessor-version":[{"id":35668,"href":"https:\/\/monti.lt\/en\/wp-json\/wp\/v2\/product\/35654\/revisions\/35668"}],"wp:featuredmedia":[{"embeddable":true,"href":"https:\/\/monti.lt\/en\/wp-json\/wp\/v2\/media\/35656"}],"wp:attachment":[{"href":"https:\/\/monti.lt\/en\/wp-json\/wp\/v2\/media?parent=35654"}],"wp:term":[{"taxonomy":"product_cat","embeddable":true,"href":"https:\/\/monti.lt\/en\/wp-json\/wp\/v2\/product_cat?post=35654"},{"taxonomy":"product_tag","embeddable":true,"href":"https:\/\/monti.lt\/en\/wp-json\/wp\/v2\/product_tag?post=35654"}],"curies":[{"name":"wp","href":"https:\/\/api.w.org\/{rel}","templated":true}]}}