{"id":35669,"date":"2025-11-11T12:38:26","date_gmt":"2025-11-11T12:38:26","guid":{"rendered":"https:\/\/monti.lt\/?post_type=product&#038;p=35669"},"modified":"2025-12-04T06:33:30","modified_gmt":"2025-12-04T06:33:30","slug":"little-dutch-daugkartiniu-lipduku-knygele-rosa","status":"publish","type":"product","link":"https:\/\/monti.lt\/en\/product\/little-dutch-daugkartiniu-lipduku-knygele-rosa\/","title":{"rendered":"Little dutch daugkartini\u0173 lipduk\u0173 knygel\u0117 &#8220;Rosa&#8221;"},"content":{"rendered":"<p>Leiskite savo vaikui be galo fantazuoti su \u0161iuo daugkartinio naudojimo lipduk\u0173 rinkiniu. Kartu papuo\u0161kite Rosos namus linksmais putplastiniais lipdukais. Idealiai tinka k\u016brybingam \u017eaidimui namuose ar kelion\u0117je. Pagaminti i\u0161 tvirto popieriaus, lengvai klijuojami ir nuimami. Puikiai tinka kartu atrasti ir kurti istorijas.<\/p>\n\n\n\n<p>Atminim\u0173 lipduk\u0173 knygel\u0117s su 3 lapais daugkartinio naudojimo lipduk\u0173.<br>Lipdukai be klij\u0173, lengvai naudojami ir nuimami.<br>Puikiai tinka namuose ir kelion\u0117je.<\/p>","protected":false},"excerpt":{"rendered":"<p>Leiskite savo vaikui be galo fantazuoti su \u0161iuo daugkartinio naudojimo lipduk\u0173 rinkiniu. Kartu papuo\u0161kite Rosos namus linksmais putplastiniais lipdukais. Idealiai tinka k\u016brybingam \u017eaidimui namuose ar kelion\u0117je. Pagaminti i\u0161 tvirto popieriaus, lengvai klijuojami ir nuimami. Puikiai tinka kartu atrasti ir kurti istorijas. Atminim\u0173 lipduk\u0173 knygel\u0117s su 3 lapais daugkartinio naudojimo lipduk\u0173.Lipdukai be klij\u0173, lengvai naudojami ir [&hellip;]<\/p>","protected":false},"featured_media":35670,"template":"","meta":{"_acf_changed":false,"iawp_total_views":77},"product_cat":[195,216,217,196,191,192,87,84,86,49,39,201,214],"product_tag":[97,98],"class_list":{"0":"post-35669","1":"product","2":"type-product","3":"status-publish","4":"has-post-thumbnail","6":"product_cat-dovanos-vaikams-3-4-metu","7":"product_cat-dovanos-4-5-metu-vaikams","8":"product_cat-dovanos-5-7-metu-vaikams","9":"product_cat-dovanos-mergaitems","10":"product_cat-dovanos-vaikams","11":"product_cat-kaledines-dovanos-vaikams","12":"product_cat-kurybiniai-rinkiniai","13":"product_cat-lavinamieji-zaislai","14":"product_cat-smulkioji-motorika","15":"product_cat-visi-zaislai","16":"product_cat-zaislai","17":"product_cat-zaislai-kelioneje","18":"product_cat-zaislai-mergaitems","19":"product_tag-3-m-4-m","20":"product_tag-5-m-7-m","22":"first","23":"outofstock","24":"sale","25":"taxable","26":"shipping-taxable","27":"purchasable","28":"product-type-simple"},"acf":[],"yoast_head":"<!-- This site is optimized with the Yoast SEO plugin v23.3 - https:\/\/yoast.com\/wordpress\/plugins\/seo\/ -->\n<title>Little dutch daugkartini\u0173 lipduk\u0173 knygel\u0117 &quot;Rosa&quot; - Montessori \u017eaislai<\/title>\n<meta name=\"robots\" content=\"index, follow, max-snippet:-1, max-image-preview:large, max-video-preview:-1\" \/>\n<link rel=\"canonical\" href=\"https:\/\/monti.lt\/en\/product\/little-dutch-daugkartiniu-lipduku-knygele-rosa\/\" \/>\n<meta property=\"og:locale\" content=\"en_US\" \/>\n<meta property=\"og:type\" content=\"article\" \/>\n<meta property=\"og:title\" content=\"Little dutch daugkartini\u0173 lipduk\u0173 knygel\u0117 &quot;Rosa&quot; - Montessori \u017eaislai\" \/>\n<meta property=\"og:description\" content=\"Leiskite savo vaikui be galo fantazuoti su \u0161iuo daugkartinio naudojimo lipduk\u0173 rinkiniu. Kartu papuo\u0161kite Rosos namus linksmais putplastiniais lipdukais. Idealiai tinka k\u016brybingam \u017eaidimui namuose ar kelion\u0117je. Pagaminti i\u0161 tvirto popieriaus, lengvai klijuojami ir nuimami. Puikiai tinka kartu atrasti ir kurti istorijas. Atminim\u0173 lipduk\u0173 knygel\u0117s su 3 lapais daugkartinio naudojimo lipduk\u0173.Lipdukai be klij\u0173, lengvai naudojami ir [&hellip;]\" \/>\n<meta property=\"og:url\" content=\"https:\/\/monti.lt\/en\/product\/little-dutch-daugkartiniu-lipduku-knygele-rosa\/\" \/>\n<meta property=\"og:site_name\" content=\"Montessori \u017eaislai\" \/>\n<meta property=\"article:modified_time\" content=\"2025-12-04T06:33:30+00:00\" \/>\n<meta property=\"og:image\" content=\"https:\/\/monti.lt\/wp-content\/uploads\/2025\/11\/rosas-house-reusable-stickerstory-126787-product-1-Medium.jpg\" \/>\n\t<meta property=\"og:image:width\" content=\"1200\" \/>\n\t<meta property=\"og:image:height\" content=\"1200\" \/>\n\t<meta property=\"og:image:type\" content=\"image\/jpeg\" \/>\n<meta name=\"twitter:card\" content=\"summary_large_image\" \/>\n<meta name=\"twitter:label1\" content=\"Est. reading time\" \/>\n\t<meta name=\"twitter:data1\" content=\"1 minute\" \/>\n<script type=\"application\/ld+json\" class=\"yoast-schema-graph\">{\"@context\":\"https:\/\/schema.org\",\"@graph\":[{\"@type\":\"WebPage\",\"@id\":\"https:\/\/monti.lt\/product\/little-dutch-daugkartiniu-lipduku-knygele-rosa\/\",\"url\":\"https:\/\/monti.lt\/product\/little-dutch-daugkartiniu-lipduku-knygele-rosa\/\",\"name\":\"Little dutch daugkartini\u0173 lipduk\u0173 knygel\u0117 \\\"Rosa\\\" - Montessori \u017eaislai\",\"isPartOf\":{\"@id\":\"https:\/\/monti.lt\/#website\"},\"primaryImageOfPage\":{\"@id\":\"https:\/\/monti.lt\/product\/little-dutch-daugkartiniu-lipduku-knygele-rosa\/#primaryimage\"},\"image\":{\"@id\":\"https:\/\/monti.lt\/product\/little-dutch-daugkartiniu-lipduku-knygele-rosa\/#primaryimage\"},\"thumbnailUrl\":\"https:\/\/monti.lt\/wp-content\/uploads\/2025\/11\/rosas-house-reusable-stickerstory-126787-product-1-Medium.jpg\",\"datePublished\":\"2025-11-11T12:38:26+00:00\",\"dateModified\":\"2025-12-04T06:33:30+00:00\",\"breadcrumb\":{\"@id\":\"https:\/\/monti.lt\/product\/little-dutch-daugkartiniu-lipduku-knygele-rosa\/#breadcrumb\"},\"inLanguage\":\"en-US\",\"potentialAction\":[{\"@type\":\"ReadAction\",\"target\":[\"https:\/\/monti.lt\/product\/little-dutch-daugkartiniu-lipduku-knygele-rosa\/\"]}]},{\"@type\":\"ImageObject\",\"inLanguage\":\"en-US\",\"@id\":\"https:\/\/monti.lt\/product\/little-dutch-daugkartiniu-lipduku-knygele-rosa\/#primaryimage\",\"url\":\"https:\/\/monti.lt\/wp-content\/uploads\/2025\/11\/rosas-house-reusable-stickerstory-126787-product-1-Medium.jpg\",\"contentUrl\":\"https:\/\/monti.lt\/wp-content\/uploads\/2025\/11\/rosas-house-reusable-stickerstory-126787-product-1-Medium.jpg\",\"width\":1200,\"height\":1200,\"caption\":\"daugkartiniai lipdukai little dutch\"},{\"@type\":\"BreadcrumbList\",\"@id\":\"https:\/\/monti.lt\/product\/little-dutch-daugkartiniu-lipduku-knygele-rosa\/#breadcrumb\",\"itemListElement\":[{\"@type\":\"ListItem\",\"position\":1,\"name\":\"Home\",\"item\":\"https:\/\/monti.lt\/\"},{\"@type\":\"ListItem\",\"position\":2,\"name\":\"Parduotuv\u0117\",\"item\":\"https:\/\/monti.lt\/shop\/\"},{\"@type\":\"ListItem\",\"position\":3,\"name\":\"Little dutch daugkartini\u0173 lipduk\u0173 knygel\u0117 &#8220;Rosa&#8221;\"}]},{\"@type\":\"WebSite\",\"@id\":\"https:\/\/monti.lt\/#website\",\"url\":\"https:\/\/monti.lt\/\",\"name\":\"Montessori \u017eaislai\",\"description\":\"\",\"publisher\":{\"@id\":\"https:\/\/monti.lt\/#organization\"},\"potentialAction\":[{\"@type\":\"SearchAction\",\"target\":{\"@type\":\"EntryPoint\",\"urlTemplate\":\"https:\/\/monti.lt\/?s={search_term_string}\"},\"query-input\":\"required name=search_term_string\"}],\"inLanguage\":\"en-US\"},{\"@type\":\"Organization\",\"@id\":\"https:\/\/monti.lt\/#organization\",\"name\":\"Montessori \u017eaislai\",\"url\":\"https:\/\/monti.lt\/\",\"logo\":{\"@type\":\"ImageObject\",\"inLanguage\":\"en-US\",\"@id\":\"https:\/\/monti.lt\/#\/schema\/logo\/image\/\",\"url\":\"https:\/\/monti.lt\/wp-content\/uploads\/2022\/03\/montilogo-1.png\",\"contentUrl\":\"https:\/\/monti.lt\/wp-content\/uploads\/2022\/03\/montilogo-1.png\",\"width\":512,\"height\":512,\"caption\":\"Montessori \u017eaislai\"},\"image\":{\"@id\":\"https:\/\/monti.lt\/#\/schema\/logo\/image\/\"}}]}<\/script>\n<!-- \/ Yoast SEO plugin. -->","yoast_head_json":{"title":"Little dutch daugkartini\u0173 lipduk\u0173 knygel\u0117 \"Rosa\" - Montessori \u017eaislai","robots":{"index":"index","follow":"follow","max-snippet":"max-snippet:-1","max-image-preview":"max-image-preview:large","max-video-preview":"max-video-preview:-1"},"canonical":"https:\/\/monti.lt\/en\/product\/little-dutch-daugkartiniu-lipduku-knygele-rosa\/","og_locale":"en_US","og_type":"article","og_title":"Little dutch daugkartini\u0173 lipduk\u0173 knygel\u0117 \"Rosa\" - Montessori \u017eaislai","og_description":"Leiskite savo vaikui be galo fantazuoti su \u0161iuo daugkartinio naudojimo lipduk\u0173 rinkiniu. Kartu papuo\u0161kite Rosos namus linksmais putplastiniais lipdukais. Idealiai tinka k\u016brybingam \u017eaidimui namuose ar kelion\u0117je. Pagaminti i\u0161 tvirto popieriaus, lengvai klijuojami ir nuimami. Puikiai tinka kartu atrasti ir kurti istorijas. Atminim\u0173 lipduk\u0173 knygel\u0117s su 3 lapais daugkartinio naudojimo lipduk\u0173.Lipdukai be klij\u0173, lengvai naudojami ir [&hellip;]","og_url":"https:\/\/monti.lt\/en\/product\/little-dutch-daugkartiniu-lipduku-knygele-rosa\/","og_site_name":"Montessori \u017eaislai","article_modified_time":"2025-12-04T06:33:30+00:00","og_image":[{"width":1200,"height":1200,"url":"https:\/\/monti.lt\/wp-content\/uploads\/2025\/11\/rosas-house-reusable-stickerstory-126787-product-1-Medium.jpg","type":"image\/jpeg"}],"twitter_card":"summary_large_image","twitter_misc":{"Est. reading time":"1 minute"},"schema":{"@context":"https:\/\/schema.org","@graph":[{"@type":"WebPage","@id":"https:\/\/monti.lt\/product\/little-dutch-daugkartiniu-lipduku-knygele-rosa\/","url":"https:\/\/monti.lt\/product\/little-dutch-daugkartiniu-lipduku-knygele-rosa\/","name":"Little dutch daugkartini\u0173 lipduk\u0173 knygel\u0117 \"Rosa\" - Montessori \u017eaislai","isPartOf":{"@id":"https:\/\/monti.lt\/#website"},"primaryImageOfPage":{"@id":"https:\/\/monti.lt\/product\/little-dutch-daugkartiniu-lipduku-knygele-rosa\/#primaryimage"},"image":{"@id":"https:\/\/monti.lt\/product\/little-dutch-daugkartiniu-lipduku-knygele-rosa\/#primaryimage"},"thumbnailUrl":"https:\/\/monti.lt\/wp-content\/uploads\/2025\/11\/rosas-house-reusable-stickerstory-126787-product-1-Medium.jpg","datePublished":"2025-11-11T12:38:26+00:00","dateModified":"2025-12-04T06:33:30+00:00","breadcrumb":{"@id":"https:\/\/monti.lt\/product\/little-dutch-daugkartiniu-lipduku-knygele-rosa\/#breadcrumb"},"inLanguage":"en-US","potentialAction":[{"@type":"ReadAction","target":["https:\/\/monti.lt\/product\/little-dutch-daugkartiniu-lipduku-knygele-rosa\/"]}]},{"@type":"ImageObject","inLanguage":"en-US","@id":"https:\/\/monti.lt\/product\/little-dutch-daugkartiniu-lipduku-knygele-rosa\/#primaryimage","url":"https:\/\/monti.lt\/wp-content\/uploads\/2025\/11\/rosas-house-reusable-stickerstory-126787-product-1-Medium.jpg","contentUrl":"https:\/\/monti.lt\/wp-content\/uploads\/2025\/11\/rosas-house-reusable-stickerstory-126787-product-1-Medium.jpg","width":1200,"height":1200,"caption":"daugkartiniai lipdukai little dutch"},{"@type":"BreadcrumbList","@id":"https:\/\/monti.lt\/product\/little-dutch-daugkartiniu-lipduku-knygele-rosa\/#breadcrumb","itemListElement":[{"@type":"ListItem","position":1,"name":"Home","item":"https:\/\/monti.lt\/"},{"@type":"ListItem","position":2,"name":"Parduotuv\u0117","item":"https:\/\/monti.lt\/shop\/"},{"@type":"ListItem","position":3,"name":"Little dutch daugkartini\u0173 lipduk\u0173 knygel\u0117 &#8220;Rosa&#8221;"}]},{"@type":"WebSite","@id":"https:\/\/monti.lt\/#website","url":"https:\/\/monti.lt\/","name":"Montessori \u017eaislai","description":"","publisher":{"@id":"https:\/\/monti.lt\/#organization"},"potentialAction":[{"@type":"SearchAction","target":{"@type":"EntryPoint","urlTemplate":"https:\/\/monti.lt\/?s={search_term_string}"},"query-input":"required name=search_term_string"}],"inLanguage":"en-US"},{"@type":"Organization","@id":"https:\/\/monti.lt\/#organization","name":"Montessori \u017eaislai","url":"https:\/\/monti.lt\/","logo":{"@type":"ImageObject","inLanguage":"en-US","@id":"https:\/\/monti.lt\/#\/schema\/logo\/image\/","url":"https:\/\/monti.lt\/wp-content\/uploads\/2022\/03\/montilogo-1.png","contentUrl":"https:\/\/monti.lt\/wp-content\/uploads\/2022\/03\/montilogo-1.png","width":512,"height":512,"caption":"Montessori \u017eaislai"},"image":{"@id":"https:\/\/monti.lt\/#\/schema\/logo\/image\/"}}]}},"_links":{"self":[{"href":"https:\/\/monti.lt\/en\/wp-json\/wp\/v2\/product\/35669"}],"collection":[{"href":"https:\/\/monti.lt\/en\/wp-json\/wp\/v2\/product"}],"about":[{"href":"https:\/\/monti.lt\/en\/wp-json\/wp\/v2\/types\/product"}],"version-history":[{"count":1,"href":"https:\/\/monti.lt\/en\/wp-json\/wp\/v2\/product\/35669\/revisions"}],"predecessor-version":[{"id":35678,"href":"https:\/\/monti.lt\/en\/wp-json\/wp\/v2\/product\/35669\/revisions\/35678"}],"wp:featuredmedia":[{"embeddable":true,"href":"https:\/\/monti.lt\/en\/wp-json\/wp\/v2\/media\/35670"}],"wp:attachment":[{"href":"https:\/\/monti.lt\/en\/wp-json\/wp\/v2\/media?parent=35669"}],"wp:term":[{"taxonomy":"product_cat","embeddable":true,"href":"https:\/\/monti.lt\/en\/wp-json\/wp\/v2\/product_cat?post=35669"},{"taxonomy":"product_tag","embeddable":true,"href":"https:\/\/monti.lt\/en\/wp-json\/wp\/v2\/product_tag?post=35669"}],"curies":[{"name":"wp","href":"https:\/\/api.w.org\/{rel}","templated":true}]}}