{"id":35693,"date":"2025-11-11T12:45:56","date_gmt":"2025-11-11T12:45:56","guid":{"rendered":"https:\/\/monti.lt\/?post_type=product&#038;p=35693"},"modified":"2025-11-28T10:45:35","modified_gmt":"2025-11-28T10:45:35","slug":"little-dutch-kaledine-lele-rosa-35-cm","status":"publish","type":"product","link":"https:\/\/monti.lt\/en\/product\/little-dutch-kaledine-lele-rosa-35-cm\/","title":{"rendered":"Little dutch kal\u0117din\u0117 l\u0117l\u0117 &#8220;Rosa&#8221;, 35 cm"},"content":{"rendered":"<p>Plushie l\u0117l\u0117 Rosa pasirengusi Kal\u0117doms! Su raudona kepur\u0117le ir deran\u010diu kostium\u0117liu ji m\u0117gaujasi \u0161vie\u017eiai i\u0161keptu imbieriniu sausainiu. D\u0117l velcro u\u017esegimo ant jos ma\u017e\u0173 rankeli\u0173 ji tvirtai laiko savo u\u017ekand\u012f. Rosa nekantrauja \u0161ias jaukias dienas \u0161v\u0119sti kartu su tavimi.<br>Kal\u0117d\u0173 l\u0117l\u0117 pateikiama tvirtoje laikymo d\u0117\u017eut\u0117je ir yra puiki dovana po Kal\u0117d\u0173 eglute.<\/p>\n\n\n\n<p>Produkto matmenys: 6 x 9 x 35 cm.<br>Galima skalbti ma\u0161inoje: 30\u00b0.<br>Am\u017eius: 12+ m\u0117nesi\u0173.<\/p>","protected":false},"excerpt":{"rendered":"<p>Plushie l\u0117l\u0117 Rosa pasirengusi Kal\u0117doms! Su raudona kepur\u0117le ir deran\u010diu kostium\u0117liu ji m\u0117gaujasi \u0161vie\u017eiai i\u0161keptu imbieriniu sausainiu. D\u0117l velcro u\u017esegimo ant jos ma\u017e\u0173 rankeli\u0173 ji tvirtai laiko savo u\u017ekand\u012f. Rosa nekantrauja \u0161ias jaukias dienas \u0161v\u0119sti kartu su tavimi.Kal\u0117d\u0173 l\u0117l\u0117 pateikiama tvirtoje laikymo d\u0117\u017eut\u0117je ir yra puiki dovana po Kal\u0117d\u0173 eglute. Produkto matmenys: 6 x 9 [&hellip;]<\/p>","protected":false},"featured_media":35694,"template":"","meta":{"_acf_changed":false,"iawp_total_views":35},"product_cat":[193,194,195,196,191,192,84,90,50,93,49,39,214],"product_tag":[95,96,97],"class_list":{"0":"post-35693","1":"product","2":"type-product","3":"status-publish","4":"has-post-thumbnail","6":"product_cat-dovanos-vaikams-1-2-metu","7":"product_cat-dovanos-vaikams-2-3-metu","8":"product_cat-dovanos-vaikams-3-4-metu","9":"product_cat-dovanos-mergaitems","10":"product_cat-dovanos-vaikams","11":"product_cat-kaledines-dovanos-vaikams","12":"product_cat-lavinamieji-zaislai","13":"product_cat-pasaulio-pazinimas","14":"product_cat-top-dovanos","15":"product_cat-vaidmenu-zaidimai","16":"product_cat-visi-zaislai","17":"product_cat-zaislai","18":"product_cat-zaislai-mergaitems","19":"product_tag-1-m-2-m","20":"product_tag-2-m-3-m","21":"product_tag-3-m-4-m","23":"first","24":"outofstock","25":"sale","26":"taxable","27":"shipping-taxable","28":"purchasable","29":"product-type-simple"},"acf":[],"yoast_head":"<!-- This site is optimized with the Yoast SEO plugin v23.3 - https:\/\/yoast.com\/wordpress\/plugins\/seo\/ -->\n<title>Little dutch kal\u0117din\u0117 l\u0117l\u0117 &quot;Rosa&quot;, 35 cm - Montessori \u017eaislai<\/title>\n<meta name=\"robots\" content=\"index, follow, max-snippet:-1, max-image-preview:large, max-video-preview:-1\" \/>\n<link rel=\"canonical\" href=\"https:\/\/monti.lt\/en\/product\/little-dutch-kaledine-lele-rosa-35-cm\/\" \/>\n<meta property=\"og:locale\" content=\"en_US\" \/>\n<meta property=\"og:type\" content=\"article\" \/>\n<meta property=\"og:title\" content=\"Little dutch kal\u0117din\u0117 l\u0117l\u0117 &quot;Rosa&quot;, 35 cm - Montessori \u017eaislai\" \/>\n<meta property=\"og:description\" content=\"Plushie l\u0117l\u0117 Rosa pasirengusi Kal\u0117doms! Su raudona kepur\u0117le ir deran\u010diu kostium\u0117liu ji m\u0117gaujasi \u0161vie\u017eiai i\u0161keptu imbieriniu sausainiu. D\u0117l velcro u\u017esegimo ant jos ma\u017e\u0173 rankeli\u0173 ji tvirtai laiko savo u\u017ekand\u012f. Rosa nekantrauja \u0161ias jaukias dienas \u0161v\u0119sti kartu su tavimi.Kal\u0117d\u0173 l\u0117l\u0117 pateikiama tvirtoje laikymo d\u0117\u017eut\u0117je ir yra puiki dovana po Kal\u0117d\u0173 eglute. Produkto matmenys: 6 x 9 [&hellip;]\" \/>\n<meta property=\"og:url\" content=\"https:\/\/monti.lt\/en\/product\/little-dutch-kaledine-lele-rosa-35-cm\/\" \/>\n<meta property=\"og:site_name\" content=\"Montessori \u017eaislai\" \/>\n<meta property=\"article:modified_time\" content=\"2025-11-28T10:45:35+00:00\" \/>\n<meta property=\"og:image\" content=\"https:\/\/monti.lt\/wp-content\/uploads\/2025\/11\/4538-3.jpg\" \/>\n\t<meta property=\"og:image:width\" content=\"640\" \/>\n\t<meta property=\"og:image:height\" content=\"640\" \/>\n\t<meta property=\"og:image:type\" content=\"image\/jpeg\" \/>\n<meta name=\"twitter:card\" content=\"summary_large_image\" \/>\n<meta name=\"twitter:label1\" content=\"Est. reading time\" \/>\n\t<meta name=\"twitter:data1\" content=\"1 minute\" \/>\n<script type=\"application\/ld+json\" class=\"yoast-schema-graph\">{\"@context\":\"https:\/\/schema.org\",\"@graph\":[{\"@type\":\"WebPage\",\"@id\":\"https:\/\/monti.lt\/product\/little-dutch-kaledine-lele-rosa-35-cm\/\",\"url\":\"https:\/\/monti.lt\/product\/little-dutch-kaledine-lele-rosa-35-cm\/\",\"name\":\"Little dutch kal\u0117din\u0117 l\u0117l\u0117 \\\"Rosa\\\", 35 cm - Montessori \u017eaislai\",\"isPartOf\":{\"@id\":\"https:\/\/monti.lt\/#website\"},\"primaryImageOfPage\":{\"@id\":\"https:\/\/monti.lt\/product\/little-dutch-kaledine-lele-rosa-35-cm\/#primaryimage\"},\"image\":{\"@id\":\"https:\/\/monti.lt\/product\/little-dutch-kaledine-lele-rosa-35-cm\/#primaryimage\"},\"thumbnailUrl\":\"https:\/\/monti.lt\/wp-content\/uploads\/2025\/11\/4538-3.jpg\",\"datePublished\":\"2025-11-11T12:45:56+00:00\",\"dateModified\":\"2025-11-28T10:45:35+00:00\",\"breadcrumb\":{\"@id\":\"https:\/\/monti.lt\/product\/little-dutch-kaledine-lele-rosa-35-cm\/#breadcrumb\"},\"inLanguage\":\"en-US\",\"potentialAction\":[{\"@type\":\"ReadAction\",\"target\":[\"https:\/\/monti.lt\/product\/little-dutch-kaledine-lele-rosa-35-cm\/\"]}]},{\"@type\":\"ImageObject\",\"inLanguage\":\"en-US\",\"@id\":\"https:\/\/monti.lt\/product\/little-dutch-kaledine-lele-rosa-35-cm\/#primaryimage\",\"url\":\"https:\/\/monti.lt\/wp-content\/uploads\/2025\/11\/4538-3.jpg\",\"contentUrl\":\"https:\/\/monti.lt\/wp-content\/uploads\/2025\/11\/4538-3.jpg\",\"width\":640,\"height\":640,\"caption\":\"little dutch lele\"},{\"@type\":\"BreadcrumbList\",\"@id\":\"https:\/\/monti.lt\/product\/little-dutch-kaledine-lele-rosa-35-cm\/#breadcrumb\",\"itemListElement\":[{\"@type\":\"ListItem\",\"position\":1,\"name\":\"Home\",\"item\":\"https:\/\/monti.lt\/\"},{\"@type\":\"ListItem\",\"position\":2,\"name\":\"Parduotuv\u0117\",\"item\":\"https:\/\/monti.lt\/shop\/\"},{\"@type\":\"ListItem\",\"position\":3,\"name\":\"Little dutch kal\u0117din\u0117 l\u0117l\u0117 &#8220;Rosa&#8221;, 35 cm\"}]},{\"@type\":\"WebSite\",\"@id\":\"https:\/\/monti.lt\/#website\",\"url\":\"https:\/\/monti.lt\/\",\"name\":\"Montessori \u017eaislai\",\"description\":\"\",\"publisher\":{\"@id\":\"https:\/\/monti.lt\/#organization\"},\"potentialAction\":[{\"@type\":\"SearchAction\",\"target\":{\"@type\":\"EntryPoint\",\"urlTemplate\":\"https:\/\/monti.lt\/?s={search_term_string}\"},\"query-input\":\"required name=search_term_string\"}],\"inLanguage\":\"en-US\"},{\"@type\":\"Organization\",\"@id\":\"https:\/\/monti.lt\/#organization\",\"name\":\"Montessori \u017eaislai\",\"url\":\"https:\/\/monti.lt\/\",\"logo\":{\"@type\":\"ImageObject\",\"inLanguage\":\"en-US\",\"@id\":\"https:\/\/monti.lt\/#\/schema\/logo\/image\/\",\"url\":\"https:\/\/monti.lt\/wp-content\/uploads\/2022\/03\/montilogo-1.png\",\"contentUrl\":\"https:\/\/monti.lt\/wp-content\/uploads\/2022\/03\/montilogo-1.png\",\"width\":512,\"height\":512,\"caption\":\"Montessori \u017eaislai\"},\"image\":{\"@id\":\"https:\/\/monti.lt\/#\/schema\/logo\/image\/\"}}]}<\/script>\n<!-- \/ Yoast SEO plugin. -->","yoast_head_json":{"title":"Little dutch kal\u0117din\u0117 l\u0117l\u0117 \"Rosa\", 35 cm - Montessori \u017eaislai","robots":{"index":"index","follow":"follow","max-snippet":"max-snippet:-1","max-image-preview":"max-image-preview:large","max-video-preview":"max-video-preview:-1"},"canonical":"https:\/\/monti.lt\/en\/product\/little-dutch-kaledine-lele-rosa-35-cm\/","og_locale":"en_US","og_type":"article","og_title":"Little dutch kal\u0117din\u0117 l\u0117l\u0117 \"Rosa\", 35 cm - Montessori \u017eaislai","og_description":"Plushie l\u0117l\u0117 Rosa pasirengusi Kal\u0117doms! Su raudona kepur\u0117le ir deran\u010diu kostium\u0117liu ji m\u0117gaujasi \u0161vie\u017eiai i\u0161keptu imbieriniu sausainiu. D\u0117l velcro u\u017esegimo ant jos ma\u017e\u0173 rankeli\u0173 ji tvirtai laiko savo u\u017ekand\u012f. Rosa nekantrauja \u0161ias jaukias dienas \u0161v\u0119sti kartu su tavimi.Kal\u0117d\u0173 l\u0117l\u0117 pateikiama tvirtoje laikymo d\u0117\u017eut\u0117je ir yra puiki dovana po Kal\u0117d\u0173 eglute. Produkto matmenys: 6 x 9 [&hellip;]","og_url":"https:\/\/monti.lt\/en\/product\/little-dutch-kaledine-lele-rosa-35-cm\/","og_site_name":"Montessori \u017eaislai","article_modified_time":"2025-11-28T10:45:35+00:00","og_image":[{"width":640,"height":640,"url":"https:\/\/monti.lt\/wp-content\/uploads\/2025\/11\/4538-3.jpg","type":"image\/jpeg"}],"twitter_card":"summary_large_image","twitter_misc":{"Est. reading time":"1 minute"},"schema":{"@context":"https:\/\/schema.org","@graph":[{"@type":"WebPage","@id":"https:\/\/monti.lt\/product\/little-dutch-kaledine-lele-rosa-35-cm\/","url":"https:\/\/monti.lt\/product\/little-dutch-kaledine-lele-rosa-35-cm\/","name":"Little dutch kal\u0117din\u0117 l\u0117l\u0117 \"Rosa\", 35 cm - Montessori \u017eaislai","isPartOf":{"@id":"https:\/\/monti.lt\/#website"},"primaryImageOfPage":{"@id":"https:\/\/monti.lt\/product\/little-dutch-kaledine-lele-rosa-35-cm\/#primaryimage"},"image":{"@id":"https:\/\/monti.lt\/product\/little-dutch-kaledine-lele-rosa-35-cm\/#primaryimage"},"thumbnailUrl":"https:\/\/monti.lt\/wp-content\/uploads\/2025\/11\/4538-3.jpg","datePublished":"2025-11-11T12:45:56+00:00","dateModified":"2025-11-28T10:45:35+00:00","breadcrumb":{"@id":"https:\/\/monti.lt\/product\/little-dutch-kaledine-lele-rosa-35-cm\/#breadcrumb"},"inLanguage":"en-US","potentialAction":[{"@type":"ReadAction","target":["https:\/\/monti.lt\/product\/little-dutch-kaledine-lele-rosa-35-cm\/"]}]},{"@type":"ImageObject","inLanguage":"en-US","@id":"https:\/\/monti.lt\/product\/little-dutch-kaledine-lele-rosa-35-cm\/#primaryimage","url":"https:\/\/monti.lt\/wp-content\/uploads\/2025\/11\/4538-3.jpg","contentUrl":"https:\/\/monti.lt\/wp-content\/uploads\/2025\/11\/4538-3.jpg","width":640,"height":640,"caption":"little dutch lele"},{"@type":"BreadcrumbList","@id":"https:\/\/monti.lt\/product\/little-dutch-kaledine-lele-rosa-35-cm\/#breadcrumb","itemListElement":[{"@type":"ListItem","position":1,"name":"Home","item":"https:\/\/monti.lt\/"},{"@type":"ListItem","position":2,"name":"Parduotuv\u0117","item":"https:\/\/monti.lt\/shop\/"},{"@type":"ListItem","position":3,"name":"Little dutch kal\u0117din\u0117 l\u0117l\u0117 &#8220;Rosa&#8221;, 35 cm"}]},{"@type":"WebSite","@id":"https:\/\/monti.lt\/#website","url":"https:\/\/monti.lt\/","name":"Montessori \u017eaislai","description":"","publisher":{"@id":"https:\/\/monti.lt\/#organization"},"potentialAction":[{"@type":"SearchAction","target":{"@type":"EntryPoint","urlTemplate":"https:\/\/monti.lt\/?s={search_term_string}"},"query-input":"required name=search_term_string"}],"inLanguage":"en-US"},{"@type":"Organization","@id":"https:\/\/monti.lt\/#organization","name":"Montessori \u017eaislai","url":"https:\/\/monti.lt\/","logo":{"@type":"ImageObject","inLanguage":"en-US","@id":"https:\/\/monti.lt\/#\/schema\/logo\/image\/","url":"https:\/\/monti.lt\/wp-content\/uploads\/2022\/03\/montilogo-1.png","contentUrl":"https:\/\/monti.lt\/wp-content\/uploads\/2022\/03\/montilogo-1.png","width":512,"height":512,"caption":"Montessori \u017eaislai"},"image":{"@id":"https:\/\/monti.lt\/#\/schema\/logo\/image\/"}}]}},"_links":{"self":[{"href":"https:\/\/monti.lt\/en\/wp-json\/wp\/v2\/product\/35693"}],"collection":[{"href":"https:\/\/monti.lt\/en\/wp-json\/wp\/v2\/product"}],"about":[{"href":"https:\/\/monti.lt\/en\/wp-json\/wp\/v2\/types\/product"}],"version-history":[{"count":1,"href":"https:\/\/monti.lt\/en\/wp-json\/wp\/v2\/product\/35693\/revisions"}],"predecessor-version":[{"id":35709,"href":"https:\/\/monti.lt\/en\/wp-json\/wp\/v2\/product\/35693\/revisions\/35709"}],"wp:featuredmedia":[{"embeddable":true,"href":"https:\/\/monti.lt\/en\/wp-json\/wp\/v2\/media\/35694"}],"wp:attachment":[{"href":"https:\/\/monti.lt\/en\/wp-json\/wp\/v2\/media?parent=35693"}],"wp:term":[{"taxonomy":"product_cat","embeddable":true,"href":"https:\/\/monti.lt\/en\/wp-json\/wp\/v2\/product_cat?post=35693"},{"taxonomy":"product_tag","embeddable":true,"href":"https:\/\/monti.lt\/en\/wp-json\/wp\/v2\/product_tag?post=35693"}],"curies":[{"name":"wp","href":"https:\/\/api.w.org\/{rel}","templated":true}]}}