{"id":35710,"date":"2025-11-11T12:50:06","date_gmt":"2025-11-11T12:50:06","guid":{"rendered":"https:\/\/monti.lt\/?post_type=product&#038;p=35710"},"modified":"2025-11-25T19:25:57","modified_gmt":"2025-11-25T19:25:57","slug":"little-dutch-advento-kalendorius-traukiniu-stotis","status":"publish","type":"product","link":"https:\/\/monti.lt\/en\/product\/little-dutch-advento-kalendorius-traukiniu-stotis\/","title":{"rendered":"Little dutch advento kalendorius &#8220;Traukini\u0173 stotis&#8221;"},"content":{"rendered":"<p>\u0160is Advento kalendorius yra b\u016btinas ma\u017eiesiems traukini\u0173 m\u0117g\u0117jams! Kiekvien\u0105 dien\u0105 atrasite nauj\u0105 medin\u012f traukinio aksesuar\u0105, pavyzd\u017eiui, Kal\u0117d\u0173 eglut\u0119, elni\u0105 ar sniego sen\u012f. Komplektas sudaro piln\u0105 Kal\u0117d\u0173 stot\u012f, kuri puikiai tinka \u201eLittle Dutch Train Track XL\u201c traukini\u0173 b\u0117giams. Vaikai sukuria savo Kal\u0117d\u0173 atmosfer\u0105 ant traukini\u0173 b\u0117gi\u0173 su mediniais blokais, b\u0117giais ir fig\u016br\u0117l\u0117mis. \u017daismingas b\u016bdas skai\u010diuoti dienas iki Kal\u0117d\u0173 ir sukurti \u017eav\u0173 Kal\u0117d\u0173 peiza\u017e\u0105!<\/p>\n\n\n\n<p>Matmenys: 30,5 x 11,2 x 22,5 cm.<br>Am\u017eius: nuo 2 met\u0173.<\/p>","protected":false},"excerpt":{"rendered":"<p>\u0160is Advento kalendorius yra b\u016btinas ma\u017eiesiems traukini\u0173 m\u0117g\u0117jams! Kiekvien\u0105 dien\u0105 atrasite nauj\u0105 medin\u012f traukinio aksesuar\u0105, pavyzd\u017eiui, Kal\u0117d\u0173 eglut\u0119, elni\u0105 ar sniego sen\u012f. Komplektas sudaro piln\u0105 Kal\u0117d\u0173 stot\u012f, kuri puikiai tinka \u201eLittle Dutch Train Track XL\u201c traukini\u0173 b\u0117giams. Vaikai sukuria savo Kal\u0117d\u0173 atmosfer\u0105 ant traukini\u0173 b\u0117gi\u0173 su mediniais blokais, b\u0117giais ir fig\u016br\u0117l\u0117mis. \u017daismingas b\u016bdas skai\u010diuoti dienas [&hellip;]<\/p>","protected":false},"featured_media":35711,"template":"","meta":{"_acf_changed":false,"iawp_total_views":41},"product_cat":[194,195,216,217,191,192,87,84,102,50,93,49,39],"product_tag":[96,97,98],"class_list":{"0":"post-35710","1":"product","2":"type-product","3":"status-publish","4":"has-post-thumbnail","6":"product_cat-dovanos-vaikams-2-3-metu","7":"product_cat-dovanos-vaikams-3-4-metu","8":"product_cat-dovanos-4-5-metu-vaikams","9":"product_cat-dovanos-5-7-metu-vaikams","10":"product_cat-dovanos-vaikams","11":"product_cat-kaledines-dovanos-vaikams","12":"product_cat-kurybiniai-rinkiniai","13":"product_cat-lavinamieji-zaislai","14":"product_cat-mediniai-zaislai","15":"product_cat-top-dovanos","16":"product_cat-vaidmenu-zaidimai","17":"product_cat-visi-zaislai","18":"product_cat-zaislai","19":"product_tag-2-m-3-m","20":"product_tag-3-m-4-m","21":"product_tag-5-m-7-m","23":"first","24":"outofstock","25":"sale","26":"taxable","27":"shipping-taxable","28":"purchasable","29":"product-type-simple"},"acf":[],"yoast_head":"<!-- This site is optimized with the Yoast SEO plugin v23.3 - https:\/\/yoast.com\/wordpress\/plugins\/seo\/ -->\n<title>Little dutch advento kalendorius &quot;Traukini\u0173 stotis&quot; - Montessori \u017eaislai<\/title>\n<meta name=\"robots\" content=\"index, follow, max-snippet:-1, max-image-preview:large, max-video-preview:-1\" \/>\n<link rel=\"canonical\" href=\"https:\/\/monti.lt\/en\/product\/little-dutch-advento-kalendorius-traukiniu-stotis\/\" \/>\n<meta property=\"og:locale\" content=\"en_US\" \/>\n<meta property=\"og:type\" content=\"article\" \/>\n<meta property=\"og:title\" content=\"Little dutch advento kalendorius &quot;Traukini\u0173 stotis&quot; - Montessori \u017eaislai\" \/>\n<meta property=\"og:description\" content=\"\u0160is Advento kalendorius yra b\u016btinas ma\u017eiesiems traukini\u0173 m\u0117g\u0117jams! Kiekvien\u0105 dien\u0105 atrasite nauj\u0105 medin\u012f traukinio aksesuar\u0105, pavyzd\u017eiui, Kal\u0117d\u0173 eglut\u0119, elni\u0105 ar sniego sen\u012f. Komplektas sudaro piln\u0105 Kal\u0117d\u0173 stot\u012f, kuri puikiai tinka \u201eLittle Dutch Train Track XL\u201c traukini\u0173 b\u0117giams. Vaikai sukuria savo Kal\u0117d\u0173 atmosfer\u0105 ant traukini\u0173 b\u0117gi\u0173 su mediniais blokais, b\u0117giais ir fig\u016br\u0117l\u0117mis. \u017daismingas b\u016bdas skai\u010diuoti dienas [&hellip;]\" \/>\n<meta property=\"og:url\" content=\"https:\/\/monti.lt\/en\/product\/little-dutch-advento-kalendorius-traukiniu-stotis\/\" \/>\n<meta property=\"og:site_name\" content=\"Montessori \u017eaislai\" \/>\n<meta property=\"article:modified_time\" content=\"2025-11-25T19:25:57+00:00\" \/>\n<meta property=\"og:image\" content=\"https:\/\/monti.lt\/wp-content\/uploads\/2025\/11\/advent-train-track-ld4880-product-11-Medium.jpg\" \/>\n\t<meta property=\"og:image:width\" content=\"1200\" \/>\n\t<meta property=\"og:image:height\" content=\"1200\" \/>\n\t<meta property=\"og:image:type\" content=\"image\/jpeg\" \/>\n<meta name=\"twitter:card\" content=\"summary_large_image\" \/>\n<meta name=\"twitter:label1\" content=\"Est. reading time\" \/>\n\t<meta name=\"twitter:data1\" content=\"1 minute\" \/>\n<script type=\"application\/ld+json\" class=\"yoast-schema-graph\">{\"@context\":\"https:\/\/schema.org\",\"@graph\":[{\"@type\":\"WebPage\",\"@id\":\"https:\/\/monti.lt\/product\/little-dutch-advento-kalendorius-traukiniu-stotis\/\",\"url\":\"https:\/\/monti.lt\/product\/little-dutch-advento-kalendorius-traukiniu-stotis\/\",\"name\":\"Little dutch advento kalendorius \\\"Traukini\u0173 stotis\\\" - Montessori \u017eaislai\",\"isPartOf\":{\"@id\":\"https:\/\/monti.lt\/#website\"},\"primaryImageOfPage\":{\"@id\":\"https:\/\/monti.lt\/product\/little-dutch-advento-kalendorius-traukiniu-stotis\/#primaryimage\"},\"image\":{\"@id\":\"https:\/\/monti.lt\/product\/little-dutch-advento-kalendorius-traukiniu-stotis\/#primaryimage\"},\"thumbnailUrl\":\"https:\/\/monti.lt\/wp-content\/uploads\/2025\/11\/advent-train-track-ld4880-product-11-Medium.jpg\",\"datePublished\":\"2025-11-11T12:50:06+00:00\",\"dateModified\":\"2025-11-25T19:25:57+00:00\",\"breadcrumb\":{\"@id\":\"https:\/\/monti.lt\/product\/little-dutch-advento-kalendorius-traukiniu-stotis\/#breadcrumb\"},\"inLanguage\":\"en-US\",\"potentialAction\":[{\"@type\":\"ReadAction\",\"target\":[\"https:\/\/monti.lt\/product\/little-dutch-advento-kalendorius-traukiniu-stotis\/\"]}]},{\"@type\":\"ImageObject\",\"inLanguage\":\"en-US\",\"@id\":\"https:\/\/monti.lt\/product\/little-dutch-advento-kalendorius-traukiniu-stotis\/#primaryimage\",\"url\":\"https:\/\/monti.lt\/wp-content\/uploads\/2025\/11\/advent-train-track-ld4880-product-11-Medium.jpg\",\"contentUrl\":\"https:\/\/monti.lt\/wp-content\/uploads\/2025\/11\/advent-train-track-ld4880-product-11-Medium.jpg\",\"width\":1200,\"height\":1200,\"caption\":\"advento kalendorius vaikams\"},{\"@type\":\"BreadcrumbList\",\"@id\":\"https:\/\/monti.lt\/product\/little-dutch-advento-kalendorius-traukiniu-stotis\/#breadcrumb\",\"itemListElement\":[{\"@type\":\"ListItem\",\"position\":1,\"name\":\"Home\",\"item\":\"https:\/\/monti.lt\/\"},{\"@type\":\"ListItem\",\"position\":2,\"name\":\"Parduotuv\u0117\",\"item\":\"https:\/\/monti.lt\/shop\/\"},{\"@type\":\"ListItem\",\"position\":3,\"name\":\"Little dutch advento kalendorius &#8220;Traukini\u0173 stotis&#8221;\"}]},{\"@type\":\"WebSite\",\"@id\":\"https:\/\/monti.lt\/#website\",\"url\":\"https:\/\/monti.lt\/\",\"name\":\"Montessori \u017eaislai\",\"description\":\"\",\"publisher\":{\"@id\":\"https:\/\/monti.lt\/#organization\"},\"potentialAction\":[{\"@type\":\"SearchAction\",\"target\":{\"@type\":\"EntryPoint\",\"urlTemplate\":\"https:\/\/monti.lt\/?s={search_term_string}\"},\"query-input\":\"required name=search_term_string\"}],\"inLanguage\":\"en-US\"},{\"@type\":\"Organization\",\"@id\":\"https:\/\/monti.lt\/#organization\",\"name\":\"Montessori \u017eaislai\",\"url\":\"https:\/\/monti.lt\/\",\"logo\":{\"@type\":\"ImageObject\",\"inLanguage\":\"en-US\",\"@id\":\"https:\/\/monti.lt\/#\/schema\/logo\/image\/\",\"url\":\"https:\/\/monti.lt\/wp-content\/uploads\/2022\/03\/montilogo-1.png\",\"contentUrl\":\"https:\/\/monti.lt\/wp-content\/uploads\/2022\/03\/montilogo-1.png\",\"width\":512,\"height\":512,\"caption\":\"Montessori \u017eaislai\"},\"image\":{\"@id\":\"https:\/\/monti.lt\/#\/schema\/logo\/image\/\"}}]}<\/script>\n<!-- \/ Yoast SEO plugin. -->","yoast_head_json":{"title":"Little dutch advento kalendorius \"Traukini\u0173 stotis\" - Montessori \u017eaislai","robots":{"index":"index","follow":"follow","max-snippet":"max-snippet:-1","max-image-preview":"max-image-preview:large","max-video-preview":"max-video-preview:-1"},"canonical":"https:\/\/monti.lt\/en\/product\/little-dutch-advento-kalendorius-traukiniu-stotis\/","og_locale":"en_US","og_type":"article","og_title":"Little dutch advento kalendorius \"Traukini\u0173 stotis\" - Montessori \u017eaislai","og_description":"\u0160is Advento kalendorius yra b\u016btinas ma\u017eiesiems traukini\u0173 m\u0117g\u0117jams! Kiekvien\u0105 dien\u0105 atrasite nauj\u0105 medin\u012f traukinio aksesuar\u0105, pavyzd\u017eiui, Kal\u0117d\u0173 eglut\u0119, elni\u0105 ar sniego sen\u012f. Komplektas sudaro piln\u0105 Kal\u0117d\u0173 stot\u012f, kuri puikiai tinka \u201eLittle Dutch Train Track XL\u201c traukini\u0173 b\u0117giams. Vaikai sukuria savo Kal\u0117d\u0173 atmosfer\u0105 ant traukini\u0173 b\u0117gi\u0173 su mediniais blokais, b\u0117giais ir fig\u016br\u0117l\u0117mis. \u017daismingas b\u016bdas skai\u010diuoti dienas [&hellip;]","og_url":"https:\/\/monti.lt\/en\/product\/little-dutch-advento-kalendorius-traukiniu-stotis\/","og_site_name":"Montessori \u017eaislai","article_modified_time":"2025-11-25T19:25:57+00:00","og_image":[{"width":1200,"height":1200,"url":"https:\/\/monti.lt\/wp-content\/uploads\/2025\/11\/advent-train-track-ld4880-product-11-Medium.jpg","type":"image\/jpeg"}],"twitter_card":"summary_large_image","twitter_misc":{"Est. reading time":"1 minute"},"schema":{"@context":"https:\/\/schema.org","@graph":[{"@type":"WebPage","@id":"https:\/\/monti.lt\/product\/little-dutch-advento-kalendorius-traukiniu-stotis\/","url":"https:\/\/monti.lt\/product\/little-dutch-advento-kalendorius-traukiniu-stotis\/","name":"Little dutch advento kalendorius \"Traukini\u0173 stotis\" - Montessori \u017eaislai","isPartOf":{"@id":"https:\/\/monti.lt\/#website"},"primaryImageOfPage":{"@id":"https:\/\/monti.lt\/product\/little-dutch-advento-kalendorius-traukiniu-stotis\/#primaryimage"},"image":{"@id":"https:\/\/monti.lt\/product\/little-dutch-advento-kalendorius-traukiniu-stotis\/#primaryimage"},"thumbnailUrl":"https:\/\/monti.lt\/wp-content\/uploads\/2025\/11\/advent-train-track-ld4880-product-11-Medium.jpg","datePublished":"2025-11-11T12:50:06+00:00","dateModified":"2025-11-25T19:25:57+00:00","breadcrumb":{"@id":"https:\/\/monti.lt\/product\/little-dutch-advento-kalendorius-traukiniu-stotis\/#breadcrumb"},"inLanguage":"en-US","potentialAction":[{"@type":"ReadAction","target":["https:\/\/monti.lt\/product\/little-dutch-advento-kalendorius-traukiniu-stotis\/"]}]},{"@type":"ImageObject","inLanguage":"en-US","@id":"https:\/\/monti.lt\/product\/little-dutch-advento-kalendorius-traukiniu-stotis\/#primaryimage","url":"https:\/\/monti.lt\/wp-content\/uploads\/2025\/11\/advent-train-track-ld4880-product-11-Medium.jpg","contentUrl":"https:\/\/monti.lt\/wp-content\/uploads\/2025\/11\/advent-train-track-ld4880-product-11-Medium.jpg","width":1200,"height":1200,"caption":"advento kalendorius vaikams"},{"@type":"BreadcrumbList","@id":"https:\/\/monti.lt\/product\/little-dutch-advento-kalendorius-traukiniu-stotis\/#breadcrumb","itemListElement":[{"@type":"ListItem","position":1,"name":"Home","item":"https:\/\/monti.lt\/"},{"@type":"ListItem","position":2,"name":"Parduotuv\u0117","item":"https:\/\/monti.lt\/shop\/"},{"@type":"ListItem","position":3,"name":"Little dutch advento kalendorius &#8220;Traukini\u0173 stotis&#8221;"}]},{"@type":"WebSite","@id":"https:\/\/monti.lt\/#website","url":"https:\/\/monti.lt\/","name":"Montessori \u017eaislai","description":"","publisher":{"@id":"https:\/\/monti.lt\/#organization"},"potentialAction":[{"@type":"SearchAction","target":{"@type":"EntryPoint","urlTemplate":"https:\/\/monti.lt\/?s={search_term_string}"},"query-input":"required name=search_term_string"}],"inLanguage":"en-US"},{"@type":"Organization","@id":"https:\/\/monti.lt\/#organization","name":"Montessori \u017eaislai","url":"https:\/\/monti.lt\/","logo":{"@type":"ImageObject","inLanguage":"en-US","@id":"https:\/\/monti.lt\/#\/schema\/logo\/image\/","url":"https:\/\/monti.lt\/wp-content\/uploads\/2022\/03\/montilogo-1.png","contentUrl":"https:\/\/monti.lt\/wp-content\/uploads\/2022\/03\/montilogo-1.png","width":512,"height":512,"caption":"Montessori \u017eaislai"},"image":{"@id":"https:\/\/monti.lt\/#\/schema\/logo\/image\/"}}]}},"_links":{"self":[{"href":"https:\/\/monti.lt\/en\/wp-json\/wp\/v2\/product\/35710"}],"collection":[{"href":"https:\/\/monti.lt\/en\/wp-json\/wp\/v2\/product"}],"about":[{"href":"https:\/\/monti.lt\/en\/wp-json\/wp\/v2\/types\/product"}],"version-history":[{"count":1,"href":"https:\/\/monti.lt\/en\/wp-json\/wp\/v2\/product\/35710\/revisions"}],"predecessor-version":[{"id":35724,"href":"https:\/\/monti.lt\/en\/wp-json\/wp\/v2\/product\/35710\/revisions\/35724"}],"wp:featuredmedia":[{"embeddable":true,"href":"https:\/\/monti.lt\/en\/wp-json\/wp\/v2\/media\/35711"}],"wp:attachment":[{"href":"https:\/\/monti.lt\/en\/wp-json\/wp\/v2\/media?parent=35710"}],"wp:term":[{"taxonomy":"product_cat","embeddable":true,"href":"https:\/\/monti.lt\/en\/wp-json\/wp\/v2\/product_cat?post=35710"},{"taxonomy":"product_tag","embeddable":true,"href":"https:\/\/monti.lt\/en\/wp-json\/wp\/v2\/product_tag?post=35710"}],"curies":[{"name":"wp","href":"https:\/\/api.w.org\/{rel}","templated":true}]}}