{"id":35725,"date":"2025-11-11T12:52:55","date_gmt":"2025-11-11T12:52:55","guid":{"rendered":"https:\/\/monti.lt\/?post_type=product&#038;p=35725"},"modified":"2025-11-26T17:03:21","modified_gmt":"2025-11-26T17:03:21","slug":"little-dutch-kaledinis-dovanu-rinkinys-naujagimiui","status":"publish","type":"product","link":"https:\/\/monti.lt\/en\/product\/little-dutch-kaledinis-dovanu-rinkinys-naujagimiui\/","title":{"rendered":"Little dutch kal\u0117dinis dovan\u0173 rinkinys naujagimiui"},"content":{"rendered":"<p>Ie\u0161kote puikios Kal\u0117d\u0173 dovanos k\u016bdikiui? \u0160is \u0161ventinis dovan\u0173 rinkinys sudaro trys mink\u0161ti gaminiai, kurie idealiai tinka gl\u0117bti ir \u017eaisti. Rinkin\u012f sudaro gl\u0117bimo audinys su \u017evaig\u017ede, saldaini\u0173 lazdel\u0117s formos bar\u0161kutis ir mielas elniukas gl\u0117bimo \u017eaislas. Viskas supakuota \u012f \u0161ventin\u0119 dovan\u0173 d\u0117\u017eut\u0119, tod\u0117l tai puiki dovana n\u0117\u0161\u010diai moteriai per \u0161ventes. \u0160ilta ir meil\u0117 kupina dovana k\u016bdikio pirmosioms Kal\u0117doms!<\/p>\n\n\n\n<p>Matmenys: 28,5 x 28,5 x 11 cm.<br>Am\u017eius: 0+ m\u0117nesi\u0173.<br>Standartas: EN-71-1-2-3.<br>GRS rei\u0161kia \u201eGlobal Recycled Standard\u201c (pasaulinis perdirbt\u0173 med\u017eiag\u0173 standartas) \u2013 tai neprivalomas produkt\u0173 standartas, skirtas perdirbt\u0173 med\u017eiag\u0173, naudojam\u0173 gaminyje, sekimui ir tikrinimui. Standartas taikomas visai tiekimo grandinei ir apima atsekamum\u0105, aplinkosaugos principus, socialinius reikalavimus, chemin\u0119 sud\u0117t\u012f ir \u017eenklinim\u0105.<\/p>","protected":false},"excerpt":{"rendered":"<p>Ie\u0161kote puikios Kal\u0117d\u0173 dovanos k\u016bdikiui? \u0160is \u0161ventinis dovan\u0173 rinkinys sudaro trys mink\u0161ti gaminiai, kurie idealiai tinka gl\u0117bti ir \u017eaisti. Rinkin\u012f sudaro gl\u0117bimo audinys su \u017evaig\u017ede, saldaini\u0173 lazdel\u0117s formos bar\u0161kutis ir mielas elniukas gl\u0117bimo \u017eaislas. Viskas supakuota \u012f \u0161ventin\u0119 dovan\u0173 d\u0117\u017eut\u0119, tod\u0117l tai puiki dovana n\u0117\u0161\u010diai moteriai per \u0161ventes. \u0160ilta ir meil\u0117 kupina dovana k\u016bdikio pirmosioms [&hellip;]<\/p>","protected":false},"featured_media":35726,"template":"","meta":{"_acf_changed":false,"iawp_total_views":24},"product_cat":[193,194,200,191,241,192,84,244,90,50,49,39],"product_tag":[95,96,94],"class_list":{"0":"post-35725","1":"product","2":"type-product","3":"status-publish","4":"has-post-thumbnail","6":"product_cat-dovanos-vaikams-1-2-metu","7":"product_cat-dovanos-vaikams-2-3-metu","8":"product_cat-dovanos-kudikiams","9":"product_cat-dovanos-vaikams","10":"product_cat-dovanu-rinkiniai","11":"product_cat-kaledines-dovanos-vaikams","12":"product_cat-lavinamieji-zaislai","13":"product_cat-little-dutch","14":"product_cat-pasaulio-pazinimas","15":"product_cat-top-dovanos","16":"product_cat-visi-zaislai","17":"product_cat-zaislai","18":"product_tag-1-m-2-m","19":"product_tag-2-m-3-m","20":"product_tag-iki-1-m","22":"first","23":"outofstock","24":"sale","25":"taxable","26":"shipping-taxable","27":"purchasable","28":"product-type-simple"},"acf":[],"yoast_head":"<!-- This site is optimized with the Yoast SEO plugin v23.3 - https:\/\/yoast.com\/wordpress\/plugins\/seo\/ -->\n<title>Little dutch kal\u0117dinis dovan\u0173 rinkinys naujagimiui - Montessori \u017eaislai<\/title>\n<meta name=\"robots\" content=\"index, follow, max-snippet:-1, max-image-preview:large, max-video-preview:-1\" \/>\n<link rel=\"canonical\" href=\"https:\/\/monti.lt\/en\/product\/little-dutch-kaledinis-dovanu-rinkinys-naujagimiui\/\" \/>\n<meta property=\"og:locale\" content=\"en_US\" \/>\n<meta property=\"og:type\" content=\"article\" \/>\n<meta property=\"og:title\" content=\"Little dutch kal\u0117dinis dovan\u0173 rinkinys naujagimiui - Montessori \u017eaislai\" \/>\n<meta property=\"og:description\" content=\"Ie\u0161kote puikios Kal\u0117d\u0173 dovanos k\u016bdikiui? \u0160is \u0161ventinis dovan\u0173 rinkinys sudaro trys mink\u0161ti gaminiai, kurie idealiai tinka gl\u0117bti ir \u017eaisti. Rinkin\u012f sudaro gl\u0117bimo audinys su \u017evaig\u017ede, saldaini\u0173 lazdel\u0117s formos bar\u0161kutis ir mielas elniukas gl\u0117bimo \u017eaislas. Viskas supakuota \u012f \u0161ventin\u0119 dovan\u0173 d\u0117\u017eut\u0119, tod\u0117l tai puiki dovana n\u0117\u0161\u010diai moteriai per \u0161ventes. \u0160ilta ir meil\u0117 kupina dovana k\u016bdikio pirmosioms [&hellip;]\" \/>\n<meta property=\"og:url\" content=\"https:\/\/monti.lt\/en\/product\/little-dutch-kaledinis-dovanu-rinkinys-naujagimiui\/\" \/>\n<meta property=\"og:site_name\" content=\"Montessori \u017eaislai\" \/>\n<meta property=\"article:modified_time\" content=\"2025-11-26T17:03:21+00:00\" \/>\n<meta property=\"og:image\" content=\"https:\/\/monti.lt\/wp-content\/uploads\/2025\/11\/christmas-giftset-ld4878-product-1-Large.jpg\" \/>\n\t<meta property=\"og:image:width\" content=\"1200\" \/>\n\t<meta property=\"og:image:height\" content=\"1200\" \/>\n\t<meta property=\"og:image:type\" content=\"image\/jpeg\" \/>\n<meta name=\"twitter:card\" content=\"summary_large_image\" \/>\n<meta name=\"twitter:label1\" content=\"Est. reading time\" \/>\n\t<meta name=\"twitter:data1\" content=\"1 minute\" \/>\n<script type=\"application\/ld+json\" class=\"yoast-schema-graph\">{\"@context\":\"https:\/\/schema.org\",\"@graph\":[{\"@type\":\"WebPage\",\"@id\":\"https:\/\/monti.lt\/product\/little-dutch-kaledinis-dovanu-rinkinys-naujagimiui\/\",\"url\":\"https:\/\/monti.lt\/product\/little-dutch-kaledinis-dovanu-rinkinys-naujagimiui\/\",\"name\":\"Little dutch kal\u0117dinis dovan\u0173 rinkinys naujagimiui - Montessori \u017eaislai\",\"isPartOf\":{\"@id\":\"https:\/\/monti.lt\/#website\"},\"primaryImageOfPage\":{\"@id\":\"https:\/\/monti.lt\/product\/little-dutch-kaledinis-dovanu-rinkinys-naujagimiui\/#primaryimage\"},\"image\":{\"@id\":\"https:\/\/monti.lt\/product\/little-dutch-kaledinis-dovanu-rinkinys-naujagimiui\/#primaryimage\"},\"thumbnailUrl\":\"https:\/\/monti.lt\/wp-content\/uploads\/2025\/11\/christmas-giftset-ld4878-product-1-Large.jpg\",\"datePublished\":\"2025-11-11T12:52:55+00:00\",\"dateModified\":\"2025-11-26T17:03:21+00:00\",\"breadcrumb\":{\"@id\":\"https:\/\/monti.lt\/product\/little-dutch-kaledinis-dovanu-rinkinys-naujagimiui\/#breadcrumb\"},\"inLanguage\":\"en-US\",\"potentialAction\":[{\"@type\":\"ReadAction\",\"target\":[\"https:\/\/monti.lt\/product\/little-dutch-kaledinis-dovanu-rinkinys-naujagimiui\/\"]}]},{\"@type\":\"ImageObject\",\"inLanguage\":\"en-US\",\"@id\":\"https:\/\/monti.lt\/product\/little-dutch-kaledinis-dovanu-rinkinys-naujagimiui\/#primaryimage\",\"url\":\"https:\/\/monti.lt\/wp-content\/uploads\/2025\/11\/christmas-giftset-ld4878-product-1-Large.jpg\",\"contentUrl\":\"https:\/\/monti.lt\/wp-content\/uploads\/2025\/11\/christmas-giftset-ld4878-product-1-Large.jpg\",\"width\":1200,\"height\":1200,\"caption\":\"kaledine dovana kudikiui\"},{\"@type\":\"BreadcrumbList\",\"@id\":\"https:\/\/monti.lt\/product\/little-dutch-kaledinis-dovanu-rinkinys-naujagimiui\/#breadcrumb\",\"itemListElement\":[{\"@type\":\"ListItem\",\"position\":1,\"name\":\"Home\",\"item\":\"https:\/\/monti.lt\/\"},{\"@type\":\"ListItem\",\"position\":2,\"name\":\"Parduotuv\u0117\",\"item\":\"https:\/\/monti.lt\/shop\/\"},{\"@type\":\"ListItem\",\"position\":3,\"name\":\"Little dutch kal\u0117dinis dovan\u0173 rinkinys naujagimiui\"}]},{\"@type\":\"WebSite\",\"@id\":\"https:\/\/monti.lt\/#website\",\"url\":\"https:\/\/monti.lt\/\",\"name\":\"Montessori \u017eaislai\",\"description\":\"\",\"publisher\":{\"@id\":\"https:\/\/monti.lt\/#organization\"},\"potentialAction\":[{\"@type\":\"SearchAction\",\"target\":{\"@type\":\"EntryPoint\",\"urlTemplate\":\"https:\/\/monti.lt\/?s={search_term_string}\"},\"query-input\":\"required name=search_term_string\"}],\"inLanguage\":\"en-US\"},{\"@type\":\"Organization\",\"@id\":\"https:\/\/monti.lt\/#organization\",\"name\":\"Montessori \u017eaislai\",\"url\":\"https:\/\/monti.lt\/\",\"logo\":{\"@type\":\"ImageObject\",\"inLanguage\":\"en-US\",\"@id\":\"https:\/\/monti.lt\/#\/schema\/logo\/image\/\",\"url\":\"https:\/\/monti.lt\/wp-content\/uploads\/2022\/03\/montilogo-1.png\",\"contentUrl\":\"https:\/\/monti.lt\/wp-content\/uploads\/2022\/03\/montilogo-1.png\",\"width\":512,\"height\":512,\"caption\":\"Montessori \u017eaislai\"},\"image\":{\"@id\":\"https:\/\/monti.lt\/#\/schema\/logo\/image\/\"}}]}<\/script>\n<!-- \/ Yoast SEO plugin. -->","yoast_head_json":{"title":"Little dutch kal\u0117dinis dovan\u0173 rinkinys naujagimiui - Montessori \u017eaislai","robots":{"index":"index","follow":"follow","max-snippet":"max-snippet:-1","max-image-preview":"max-image-preview:large","max-video-preview":"max-video-preview:-1"},"canonical":"https:\/\/monti.lt\/en\/product\/little-dutch-kaledinis-dovanu-rinkinys-naujagimiui\/","og_locale":"en_US","og_type":"article","og_title":"Little dutch kal\u0117dinis dovan\u0173 rinkinys naujagimiui - Montessori \u017eaislai","og_description":"Ie\u0161kote puikios Kal\u0117d\u0173 dovanos k\u016bdikiui? \u0160is \u0161ventinis dovan\u0173 rinkinys sudaro trys mink\u0161ti gaminiai, kurie idealiai tinka gl\u0117bti ir \u017eaisti. Rinkin\u012f sudaro gl\u0117bimo audinys su \u017evaig\u017ede, saldaini\u0173 lazdel\u0117s formos bar\u0161kutis ir mielas elniukas gl\u0117bimo \u017eaislas. Viskas supakuota \u012f \u0161ventin\u0119 dovan\u0173 d\u0117\u017eut\u0119, tod\u0117l tai puiki dovana n\u0117\u0161\u010diai moteriai per \u0161ventes. \u0160ilta ir meil\u0117 kupina dovana k\u016bdikio pirmosioms [&hellip;]","og_url":"https:\/\/monti.lt\/en\/product\/little-dutch-kaledinis-dovanu-rinkinys-naujagimiui\/","og_site_name":"Montessori \u017eaislai","article_modified_time":"2025-11-26T17:03:21+00:00","og_image":[{"width":1200,"height":1200,"url":"https:\/\/monti.lt\/wp-content\/uploads\/2025\/11\/christmas-giftset-ld4878-product-1-Large.jpg","type":"image\/jpeg"}],"twitter_card":"summary_large_image","twitter_misc":{"Est. reading time":"1 minute"},"schema":{"@context":"https:\/\/schema.org","@graph":[{"@type":"WebPage","@id":"https:\/\/monti.lt\/product\/little-dutch-kaledinis-dovanu-rinkinys-naujagimiui\/","url":"https:\/\/monti.lt\/product\/little-dutch-kaledinis-dovanu-rinkinys-naujagimiui\/","name":"Little dutch kal\u0117dinis dovan\u0173 rinkinys naujagimiui - Montessori \u017eaislai","isPartOf":{"@id":"https:\/\/monti.lt\/#website"},"primaryImageOfPage":{"@id":"https:\/\/monti.lt\/product\/little-dutch-kaledinis-dovanu-rinkinys-naujagimiui\/#primaryimage"},"image":{"@id":"https:\/\/monti.lt\/product\/little-dutch-kaledinis-dovanu-rinkinys-naujagimiui\/#primaryimage"},"thumbnailUrl":"https:\/\/monti.lt\/wp-content\/uploads\/2025\/11\/christmas-giftset-ld4878-product-1-Large.jpg","datePublished":"2025-11-11T12:52:55+00:00","dateModified":"2025-11-26T17:03:21+00:00","breadcrumb":{"@id":"https:\/\/monti.lt\/product\/little-dutch-kaledinis-dovanu-rinkinys-naujagimiui\/#breadcrumb"},"inLanguage":"en-US","potentialAction":[{"@type":"ReadAction","target":["https:\/\/monti.lt\/product\/little-dutch-kaledinis-dovanu-rinkinys-naujagimiui\/"]}]},{"@type":"ImageObject","inLanguage":"en-US","@id":"https:\/\/monti.lt\/product\/little-dutch-kaledinis-dovanu-rinkinys-naujagimiui\/#primaryimage","url":"https:\/\/monti.lt\/wp-content\/uploads\/2025\/11\/christmas-giftset-ld4878-product-1-Large.jpg","contentUrl":"https:\/\/monti.lt\/wp-content\/uploads\/2025\/11\/christmas-giftset-ld4878-product-1-Large.jpg","width":1200,"height":1200,"caption":"kaledine dovana kudikiui"},{"@type":"BreadcrumbList","@id":"https:\/\/monti.lt\/product\/little-dutch-kaledinis-dovanu-rinkinys-naujagimiui\/#breadcrumb","itemListElement":[{"@type":"ListItem","position":1,"name":"Home","item":"https:\/\/monti.lt\/"},{"@type":"ListItem","position":2,"name":"Parduotuv\u0117","item":"https:\/\/monti.lt\/shop\/"},{"@type":"ListItem","position":3,"name":"Little dutch kal\u0117dinis dovan\u0173 rinkinys naujagimiui"}]},{"@type":"WebSite","@id":"https:\/\/monti.lt\/#website","url":"https:\/\/monti.lt\/","name":"Montessori \u017eaislai","description":"","publisher":{"@id":"https:\/\/monti.lt\/#organization"},"potentialAction":[{"@type":"SearchAction","target":{"@type":"EntryPoint","urlTemplate":"https:\/\/monti.lt\/?s={search_term_string}"},"query-input":"required name=search_term_string"}],"inLanguage":"en-US"},{"@type":"Organization","@id":"https:\/\/monti.lt\/#organization","name":"Montessori \u017eaislai","url":"https:\/\/monti.lt\/","logo":{"@type":"ImageObject","inLanguage":"en-US","@id":"https:\/\/monti.lt\/#\/schema\/logo\/image\/","url":"https:\/\/monti.lt\/wp-content\/uploads\/2022\/03\/montilogo-1.png","contentUrl":"https:\/\/monti.lt\/wp-content\/uploads\/2022\/03\/montilogo-1.png","width":512,"height":512,"caption":"Montessori \u017eaislai"},"image":{"@id":"https:\/\/monti.lt\/#\/schema\/logo\/image\/"}}]}},"_links":{"self":[{"href":"https:\/\/monti.lt\/en\/wp-json\/wp\/v2\/product\/35725"}],"collection":[{"href":"https:\/\/monti.lt\/en\/wp-json\/wp\/v2\/product"}],"about":[{"href":"https:\/\/monti.lt\/en\/wp-json\/wp\/v2\/types\/product"}],"version-history":[{"count":1,"href":"https:\/\/monti.lt\/en\/wp-json\/wp\/v2\/product\/35725\/revisions"}],"predecessor-version":[{"id":35733,"href":"https:\/\/monti.lt\/en\/wp-json\/wp\/v2\/product\/35725\/revisions\/35733"}],"wp:featuredmedia":[{"embeddable":true,"href":"https:\/\/monti.lt\/en\/wp-json\/wp\/v2\/media\/35726"}],"wp:attachment":[{"href":"https:\/\/monti.lt\/en\/wp-json\/wp\/v2\/media?parent=35725"}],"wp:term":[{"taxonomy":"product_cat","embeddable":true,"href":"https:\/\/monti.lt\/en\/wp-json\/wp\/v2\/product_cat?post=35725"},{"taxonomy":"product_tag","embeddable":true,"href":"https:\/\/monti.lt\/en\/wp-json\/wp\/v2\/product_tag?post=35725"}],"curies":[{"name":"wp","href":"https:\/\/api.w.org\/{rel}","templated":true}]}}