{"id":35734,"date":"2025-11-11T12:55:35","date_gmt":"2025-11-11T12:55:35","guid":{"rendered":"https:\/\/monti.lt\/?post_type=product&#038;p=35734"},"modified":"2025-12-01T04:01:49","modified_gmt":"2025-12-01T04:01:49","slug":"little-dutch-lango-lipdukai-kaledos","status":"publish","type":"product","link":"https:\/\/monti.lt\/en\/product\/little-dutch-lango-lipdukai-kaledos\/","title":{"rendered":"Little dutch lango lipdukai &#8220;Kal\u0117dos&#8221;"},"content":{"rendered":"<p>Ar jau at\u0117jo laikas Kal\u0117d\u0173 dekoracijoms? Paversti bet kur\u012f lang\u0105 \u012f stebukling\u0105 \u017eiemos Kal\u0117d\u0173 stebukl\u0173 \u0161al\u012f su \u0161iais lipdukais. Naudokite juos automobilyje ar namuose. Ant lango, veidrod\u017eio ar bet kurio kito lygaus pavir\u0161iaus, kur\u012f norite papuo\u0161ti. Yra daugyb\u0117 b\u016bd\u0173, kaip panaudoti 43 lang\u0173 lipdukus. Prad\u0117kite nuo didel\u0117s Kal\u0117d\u0173 eglut\u0117s ir apsupkite j\u0105 \u017eaid\u017eian\u010diais vaikais, sniego seniu ir ma\u017eais elniais, pavyzd\u017eiui. Lang\u0173 lipdukai lengvai nuimami ir gali b\u016bti naudojami daug kart\u0173 per Kal\u0117das. Mokymo tikslai: skatinti koncentracij\u0105 ir vaizduot\u0119.<\/p>\n\n\n\n<p>Matmenys: 58 x 33,5 x 0,3 cm<br>\u012esp\u0117jimas! Netinka vaikams iki 3 met\u0173. Ma\u017eos dalys. Pavojus u\u017espringti. Pra\u0161ome i\u0161saugoti pakuot\u0119 ateityje.<\/p>","protected":false},"excerpt":{"rendered":"<p>Ar jau at\u0117jo laikas Kal\u0117d\u0173 dekoracijoms? Paversti bet kur\u012f lang\u0105 \u012f stebukling\u0105 \u017eiemos Kal\u0117d\u0173 stebukl\u0173 \u0161al\u012f su \u0161iais lipdukais. Naudokite juos automobilyje ar namuose. Ant lango, veidrod\u017eio ar bet kurio kito lygaus pavir\u0161iaus, kur\u012f norite papuo\u0161ti. Yra daugyb\u0117 b\u016bd\u0173, kaip panaudoti 43 lang\u0173 lipdukus. Prad\u0117kite nuo didel\u0117s Kal\u0117d\u0173 eglut\u0117s ir apsupkite j\u0105 \u017eaid\u017eian\u010diais vaikais, sniego [&hellip;]<\/p>","protected":false},"featured_media":35735,"template":"","meta":{"_acf_changed":false,"iawp_total_views":42},"product_cat":[218,195,216,191,192,87,84,49,39],"product_tag":[97,98],"class_list":{"0":"post-35734","1":"product","2":"type-product","3":"status-publish","4":"has-post-thumbnail","6":"product_cat-darzeliu-grupems","7":"product_cat-dovanos-vaikams-3-4-metu","8":"product_cat-dovanos-4-5-metu-vaikams","9":"product_cat-dovanos-vaikams","10":"product_cat-kaledines-dovanos-vaikams","11":"product_cat-kurybiniai-rinkiniai","12":"product_cat-lavinamieji-zaislai","13":"product_cat-visi-zaislai","14":"product_cat-zaislai","15":"product_tag-3-m-4-m","16":"product_tag-5-m-7-m","18":"first","19":"outofstock","20":"taxable","21":"shipping-taxable","22":"purchasable","23":"product-type-simple"},"acf":[],"yoast_head":"<!-- This site is optimized with the Yoast SEO plugin v23.3 - https:\/\/yoast.com\/wordpress\/plugins\/seo\/ -->\n<title>Little dutch lango lipdukai &quot;Kal\u0117dos&quot; - Montessori \u017eaislai<\/title>\n<meta name=\"robots\" content=\"index, follow, max-snippet:-1, max-image-preview:large, max-video-preview:-1\" \/>\n<link rel=\"canonical\" href=\"https:\/\/monti.lt\/en\/product\/little-dutch-lango-lipdukai-kaledos\/\" \/>\n<meta property=\"og:locale\" content=\"en_US\" \/>\n<meta property=\"og:type\" content=\"article\" \/>\n<meta property=\"og:title\" content=\"Little dutch lango lipdukai &quot;Kal\u0117dos&quot; - Montessori \u017eaislai\" \/>\n<meta property=\"og:description\" content=\"Ar jau at\u0117jo laikas Kal\u0117d\u0173 dekoracijoms? Paversti bet kur\u012f lang\u0105 \u012f stebukling\u0105 \u017eiemos Kal\u0117d\u0173 stebukl\u0173 \u0161al\u012f su \u0161iais lipdukais. Naudokite juos automobilyje ar namuose. Ant lango, veidrod\u017eio ar bet kurio kito lygaus pavir\u0161iaus, kur\u012f norite papuo\u0161ti. Yra daugyb\u0117 b\u016bd\u0173, kaip panaudoti 43 lang\u0173 lipdukus. Prad\u0117kite nuo didel\u0117s Kal\u0117d\u0173 eglut\u0117s ir apsupkite j\u0105 \u017eaid\u017eian\u010diais vaikais, sniego [&hellip;]\" \/>\n<meta property=\"og:url\" content=\"https:\/\/monti.lt\/en\/product\/little-dutch-lango-lipdukai-kaledos\/\" \/>\n<meta property=\"og:site_name\" content=\"Montessori \u017eaislai\" \/>\n<meta property=\"article:modified_time\" content=\"2025-12-01T04:01:49+00:00\" \/>\n<meta property=\"og:image\" content=\"https:\/\/monti.lt\/wp-content\/uploads\/2025\/11\/126275_LD_BT_X-MAS_WINDOW_STICKERS_PRODUCT-2.jpg\" \/>\n\t<meta property=\"og:image:width\" content=\"886\" \/>\n\t<meta property=\"og:image:height\" content=\"886\" \/>\n\t<meta property=\"og:image:type\" content=\"image\/jpeg\" \/>\n<meta name=\"twitter:card\" content=\"summary_large_image\" \/>\n<meta name=\"twitter:label1\" content=\"Est. reading time\" \/>\n\t<meta name=\"twitter:data1\" content=\"1 minute\" \/>\n<script type=\"application\/ld+json\" class=\"yoast-schema-graph\">{\"@context\":\"https:\/\/schema.org\",\"@graph\":[{\"@type\":\"WebPage\",\"@id\":\"https:\/\/monti.lt\/product\/little-dutch-lango-lipdukai-kaledos\/\",\"url\":\"https:\/\/monti.lt\/product\/little-dutch-lango-lipdukai-kaledos\/\",\"name\":\"Little dutch lango lipdukai \\\"Kal\u0117dos\\\" - Montessori \u017eaislai\",\"isPartOf\":{\"@id\":\"https:\/\/monti.lt\/#website\"},\"primaryImageOfPage\":{\"@id\":\"https:\/\/monti.lt\/product\/little-dutch-lango-lipdukai-kaledos\/#primaryimage\"},\"image\":{\"@id\":\"https:\/\/monti.lt\/product\/little-dutch-lango-lipdukai-kaledos\/#primaryimage\"},\"thumbnailUrl\":\"https:\/\/monti.lt\/wp-content\/uploads\/2025\/11\/126275_LD_BT_X-MAS_WINDOW_STICKERS_PRODUCT-2.jpg\",\"datePublished\":\"2025-11-11T12:55:35+00:00\",\"dateModified\":\"2025-12-01T04:01:49+00:00\",\"breadcrumb\":{\"@id\":\"https:\/\/monti.lt\/product\/little-dutch-lango-lipdukai-kaledos\/#breadcrumb\"},\"inLanguage\":\"en-US\",\"potentialAction\":[{\"@type\":\"ReadAction\",\"target\":[\"https:\/\/monti.lt\/product\/little-dutch-lango-lipdukai-kaledos\/\"]}]},{\"@type\":\"ImageObject\",\"inLanguage\":\"en-US\",\"@id\":\"https:\/\/monti.lt\/product\/little-dutch-lango-lipdukai-kaledos\/#primaryimage\",\"url\":\"https:\/\/monti.lt\/wp-content\/uploads\/2025\/11\/126275_LD_BT_X-MAS_WINDOW_STICKERS_PRODUCT-2.jpg\",\"contentUrl\":\"https:\/\/monti.lt\/wp-content\/uploads\/2025\/11\/126275_LD_BT_X-MAS_WINDOW_STICKERS_PRODUCT-2.jpg\",\"width\":886,\"height\":886,\"caption\":\"lango lipdukai\"},{\"@type\":\"BreadcrumbList\",\"@id\":\"https:\/\/monti.lt\/product\/little-dutch-lango-lipdukai-kaledos\/#breadcrumb\",\"itemListElement\":[{\"@type\":\"ListItem\",\"position\":1,\"name\":\"Home\",\"item\":\"https:\/\/monti.lt\/\"},{\"@type\":\"ListItem\",\"position\":2,\"name\":\"Parduotuv\u0117\",\"item\":\"https:\/\/monti.lt\/shop\/\"},{\"@type\":\"ListItem\",\"position\":3,\"name\":\"Little dutch lango lipdukai &#8220;Kal\u0117dos&#8221;\"}]},{\"@type\":\"WebSite\",\"@id\":\"https:\/\/monti.lt\/#website\",\"url\":\"https:\/\/monti.lt\/\",\"name\":\"Montessori \u017eaislai\",\"description\":\"\",\"publisher\":{\"@id\":\"https:\/\/monti.lt\/#organization\"},\"potentialAction\":[{\"@type\":\"SearchAction\",\"target\":{\"@type\":\"EntryPoint\",\"urlTemplate\":\"https:\/\/monti.lt\/?s={search_term_string}\"},\"query-input\":\"required name=search_term_string\"}],\"inLanguage\":\"en-US\"},{\"@type\":\"Organization\",\"@id\":\"https:\/\/monti.lt\/#organization\",\"name\":\"Montessori \u017eaislai\",\"url\":\"https:\/\/monti.lt\/\",\"logo\":{\"@type\":\"ImageObject\",\"inLanguage\":\"en-US\",\"@id\":\"https:\/\/monti.lt\/#\/schema\/logo\/image\/\",\"url\":\"https:\/\/monti.lt\/wp-content\/uploads\/2022\/03\/montilogo-1.png\",\"contentUrl\":\"https:\/\/monti.lt\/wp-content\/uploads\/2022\/03\/montilogo-1.png\",\"width\":512,\"height\":512,\"caption\":\"Montessori \u017eaislai\"},\"image\":{\"@id\":\"https:\/\/monti.lt\/#\/schema\/logo\/image\/\"}}]}<\/script>\n<!-- \/ Yoast SEO plugin. -->","yoast_head_json":{"title":"Little dutch lango lipdukai \"Kal\u0117dos\" - Montessori \u017eaislai","robots":{"index":"index","follow":"follow","max-snippet":"max-snippet:-1","max-image-preview":"max-image-preview:large","max-video-preview":"max-video-preview:-1"},"canonical":"https:\/\/monti.lt\/en\/product\/little-dutch-lango-lipdukai-kaledos\/","og_locale":"en_US","og_type":"article","og_title":"Little dutch lango lipdukai \"Kal\u0117dos\" - Montessori \u017eaislai","og_description":"Ar jau at\u0117jo laikas Kal\u0117d\u0173 dekoracijoms? Paversti bet kur\u012f lang\u0105 \u012f stebukling\u0105 \u017eiemos Kal\u0117d\u0173 stebukl\u0173 \u0161al\u012f su \u0161iais lipdukais. Naudokite juos automobilyje ar namuose. Ant lango, veidrod\u017eio ar bet kurio kito lygaus pavir\u0161iaus, kur\u012f norite papuo\u0161ti. Yra daugyb\u0117 b\u016bd\u0173, kaip panaudoti 43 lang\u0173 lipdukus. Prad\u0117kite nuo didel\u0117s Kal\u0117d\u0173 eglut\u0117s ir apsupkite j\u0105 \u017eaid\u017eian\u010diais vaikais, sniego [&hellip;]","og_url":"https:\/\/monti.lt\/en\/product\/little-dutch-lango-lipdukai-kaledos\/","og_site_name":"Montessori \u017eaislai","article_modified_time":"2025-12-01T04:01:49+00:00","og_image":[{"width":886,"height":886,"url":"https:\/\/monti.lt\/wp-content\/uploads\/2025\/11\/126275_LD_BT_X-MAS_WINDOW_STICKERS_PRODUCT-2.jpg","type":"image\/jpeg"}],"twitter_card":"summary_large_image","twitter_misc":{"Est. reading time":"1 minute"},"schema":{"@context":"https:\/\/schema.org","@graph":[{"@type":"WebPage","@id":"https:\/\/monti.lt\/product\/little-dutch-lango-lipdukai-kaledos\/","url":"https:\/\/monti.lt\/product\/little-dutch-lango-lipdukai-kaledos\/","name":"Little dutch lango lipdukai \"Kal\u0117dos\" - Montessori \u017eaislai","isPartOf":{"@id":"https:\/\/monti.lt\/#website"},"primaryImageOfPage":{"@id":"https:\/\/monti.lt\/product\/little-dutch-lango-lipdukai-kaledos\/#primaryimage"},"image":{"@id":"https:\/\/monti.lt\/product\/little-dutch-lango-lipdukai-kaledos\/#primaryimage"},"thumbnailUrl":"https:\/\/monti.lt\/wp-content\/uploads\/2025\/11\/126275_LD_BT_X-MAS_WINDOW_STICKERS_PRODUCT-2.jpg","datePublished":"2025-11-11T12:55:35+00:00","dateModified":"2025-12-01T04:01:49+00:00","breadcrumb":{"@id":"https:\/\/monti.lt\/product\/little-dutch-lango-lipdukai-kaledos\/#breadcrumb"},"inLanguage":"en-US","potentialAction":[{"@type":"ReadAction","target":["https:\/\/monti.lt\/product\/little-dutch-lango-lipdukai-kaledos\/"]}]},{"@type":"ImageObject","inLanguage":"en-US","@id":"https:\/\/monti.lt\/product\/little-dutch-lango-lipdukai-kaledos\/#primaryimage","url":"https:\/\/monti.lt\/wp-content\/uploads\/2025\/11\/126275_LD_BT_X-MAS_WINDOW_STICKERS_PRODUCT-2.jpg","contentUrl":"https:\/\/monti.lt\/wp-content\/uploads\/2025\/11\/126275_LD_BT_X-MAS_WINDOW_STICKERS_PRODUCT-2.jpg","width":886,"height":886,"caption":"lango lipdukai"},{"@type":"BreadcrumbList","@id":"https:\/\/monti.lt\/product\/little-dutch-lango-lipdukai-kaledos\/#breadcrumb","itemListElement":[{"@type":"ListItem","position":1,"name":"Home","item":"https:\/\/monti.lt\/"},{"@type":"ListItem","position":2,"name":"Parduotuv\u0117","item":"https:\/\/monti.lt\/shop\/"},{"@type":"ListItem","position":3,"name":"Little dutch lango lipdukai &#8220;Kal\u0117dos&#8221;"}]},{"@type":"WebSite","@id":"https:\/\/monti.lt\/#website","url":"https:\/\/monti.lt\/","name":"Montessori \u017eaislai","description":"","publisher":{"@id":"https:\/\/monti.lt\/#organization"},"potentialAction":[{"@type":"SearchAction","target":{"@type":"EntryPoint","urlTemplate":"https:\/\/monti.lt\/?s={search_term_string}"},"query-input":"required name=search_term_string"}],"inLanguage":"en-US"},{"@type":"Organization","@id":"https:\/\/monti.lt\/#organization","name":"Montessori \u017eaislai","url":"https:\/\/monti.lt\/","logo":{"@type":"ImageObject","inLanguage":"en-US","@id":"https:\/\/monti.lt\/#\/schema\/logo\/image\/","url":"https:\/\/monti.lt\/wp-content\/uploads\/2022\/03\/montilogo-1.png","contentUrl":"https:\/\/monti.lt\/wp-content\/uploads\/2022\/03\/montilogo-1.png","width":512,"height":512,"caption":"Montessori \u017eaislai"},"image":{"@id":"https:\/\/monti.lt\/#\/schema\/logo\/image\/"}}]}},"_links":{"self":[{"href":"https:\/\/monti.lt\/en\/wp-json\/wp\/v2\/product\/35734"}],"collection":[{"href":"https:\/\/monti.lt\/en\/wp-json\/wp\/v2\/product"}],"about":[{"href":"https:\/\/monti.lt\/en\/wp-json\/wp\/v2\/types\/product"}],"version-history":[{"count":1,"href":"https:\/\/monti.lt\/en\/wp-json\/wp\/v2\/product\/35734\/revisions"}],"predecessor-version":[{"id":35742,"href":"https:\/\/monti.lt\/en\/wp-json\/wp\/v2\/product\/35734\/revisions\/35742"}],"wp:featuredmedia":[{"embeddable":true,"href":"https:\/\/monti.lt\/en\/wp-json\/wp\/v2\/media\/35735"}],"wp:attachment":[{"href":"https:\/\/monti.lt\/en\/wp-json\/wp\/v2\/media?parent=35734"}],"wp:term":[{"taxonomy":"product_cat","embeddable":true,"href":"https:\/\/monti.lt\/en\/wp-json\/wp\/v2\/product_cat?post=35734"},{"taxonomy":"product_tag","embeddable":true,"href":"https:\/\/monti.lt\/en\/wp-json\/wp\/v2\/product_tag?post=35734"}],"curies":[{"name":"wp","href":"https:\/\/api.w.org\/{rel}","templated":true}]}}