{"id":35743,"date":"2025-11-11T13:09:47","date_gmt":"2025-11-11T13:09:47","guid":{"rendered":"https:\/\/monti.lt\/?post_type=product&#038;p=35743"},"modified":"2026-04-01T09:59:57","modified_gmt":"2026-04-01T09:59:57","slug":"kurybinis-smelio-rinkinys","status":"publish","type":"product","link":"https:\/\/monti.lt\/en\/product\/kurybinis-smelio-rinkinys\/","title":{"rendered":"K\u016brybinis sm\u0117lio rinkinys"},"content":{"rendered":"<p>Nuostabus, k\u016brybingas rinkinys, skirtas pa\u010diam pasigaminti unikal\u0173 papuo\u0161al\u0105 \u2013 buteliuk\u0105 ar pakabukus. \u0160is daiktas bus gra\u017eus kiekvienos patalpos papuo\u0161alas arba puiki dovana mylimam \u017emogui.<br>Rinkinyje yra:<\/p>\n\n\n\n<ul class=\"wp-block-list\">\n<li>5 plastikiniai buteliukai su kam\u0161\u010diu,<\/li>\n\n\n\n<li>2 pakabukai,<\/li>\n\n\n\n<li>8 mai\u0161eliai spalvoto sm\u0117lio, kiekvienas po ma\u017edaug 100 g<\/li>\n\n\n\n<li>2 spalvoti virvel\u0117s, kuri\u0173 ilgis apie 77 cm<\/li>\n\n\n\n<li>sm\u0117lio piltuvas ir mentel\u0117,<\/li>\n\n\n\n<li>instrukcija.<br>Buteliuko matmenys:<\/li>\n\n\n\n<li>\u017evaig\u017edut\u0117 apie 8 cm x 10 cm x 2 cm<\/li>\n\n\n\n<li>burlaivis apie 14 cm x 10 cm x 2,5 cm<\/li>\n\n\n\n<li>apie 10,5 cm x 9 cm x 1,5 cm<\/li>\n\n\n\n<li>k\u016bgis apie 9 cm x 5,5 cm x 3,5 cm<\/li>\n\n\n\n<li>butelis apie 20 cm x 3 cm x 3 cm<br>Pakabuko matmenys:<\/li>\n\n\n\n<li>\u0161irdel\u0117 apie 5 cm x 5 cm x 1,5 cm<\/li>\n\n\n\n<li>kometa apie 6 cm x 3,5 cm x 1 cm<\/li>\n<\/ul>\n\n\n\n<p>Vis\u0173 r\u016b\u0161i\u0173 meno k\u016briniai daro didel\u0119 \u012ftak\u0105 vaiko vystymuisi. Ne tik fiziniam \u2013 lavindami rank\u0173 miklum\u0105 ar aki\u0173 ir rank\u0173 koordinacij\u0105, bet vis\u0173 pirma vaiko menin\u012f jausm\u0105, vaizduot\u0119 ir k\u016brybi\u0161kum\u0105. Derindamas spalvas ir ra\u0161tus, formuodamas vaiko k\u016brin\u012f, jis gali i\u0161reik\u0161ti save. Tokia pramoga taip pat puikiai lavina vaiko kantryb\u0119 ir koncentracij\u0105.<br>Rinkinys supakuotas gra\u017eioje, spalvingoje pakuot\u0117je, puikiai tinkamoje dovanai.<\/p>","protected":false},"excerpt":{"rendered":"<p>Nuostabus, k\u016brybingas rinkinys, skirtas pa\u010diam pasigaminti unikal\u0173 papuo\u0161al\u0105 \u2013 buteliuk\u0105 ar pakabukus. \u0160is daiktas bus gra\u017eus kiekvienos patalpos papuo\u0161alas arba puiki dovana mylimam \u017emogui.Rinkinyje yra: Vis\u0173 r\u016b\u0161i\u0173 meno k\u016briniai daro didel\u0119 \u012ftak\u0105 vaiko vystymuisi. Ne tik fiziniam \u2013 lavindami rank\u0173 miklum\u0105 ar aki\u0173 ir rank\u0173 koordinacij\u0105, bet vis\u0173 pirma vaiko menin\u012f jausm\u0105, vaizduot\u0119 ir k\u016brybi\u0161kum\u0105. [&hellip;]<\/p>","protected":false},"featured_media":35744,"template":"","meta":{"_acf_changed":false,"iawp_total_views":232},"product_cat":[218,87,84,86,49,39],"product_tag":[101,98,99],"class_list":{"0":"post-35743","1":"product","2":"type-product","3":"status-publish","4":"has-post-thumbnail","6":"product_cat-darzeliu-grupems","7":"product_cat-kurybiniai-rinkiniai","8":"product_cat-lavinamieji-zaislai","9":"product_cat-smulkioji-motorika","10":"product_cat-visi-zaislai","11":"product_cat-zaislai","12":"product_tag-12-m-14-m","13":"product_tag-5-m-7-m","14":"product_tag-8-m-11-m","16":"first","17":"instock","18":"taxable","19":"shipping-taxable","20":"purchasable","21":"product-type-simple"},"acf":[],"yoast_head":"<!-- This site is optimized with the Yoast SEO plugin v23.3 - https:\/\/yoast.com\/wordpress\/plugins\/seo\/ -->\n<title>K\u016brybinis sm\u0117lio rinkinys - Montessori \u017eaislai<\/title>\n<meta name=\"robots\" content=\"index, follow, max-snippet:-1, max-image-preview:large, max-video-preview:-1\" \/>\n<link rel=\"canonical\" href=\"https:\/\/monti.lt\/en\/product\/kurybinis-smelio-rinkinys\/\" \/>\n<meta property=\"og:locale\" content=\"en_US\" \/>\n<meta property=\"og:type\" content=\"article\" \/>\n<meta property=\"og:title\" content=\"K\u016brybinis sm\u0117lio rinkinys - Montessori \u017eaislai\" \/>\n<meta property=\"og:description\" content=\"Nuostabus, k\u016brybingas rinkinys, skirtas pa\u010diam pasigaminti unikal\u0173 papuo\u0161al\u0105 \u2013 buteliuk\u0105 ar pakabukus. \u0160is daiktas bus gra\u017eus kiekvienos patalpos papuo\u0161alas arba puiki dovana mylimam \u017emogui.Rinkinyje yra: Vis\u0173 r\u016b\u0161i\u0173 meno k\u016briniai daro didel\u0119 \u012ftak\u0105 vaiko vystymuisi. Ne tik fiziniam \u2013 lavindami rank\u0173 miklum\u0105 ar aki\u0173 ir rank\u0173 koordinacij\u0105, bet vis\u0173 pirma vaiko menin\u012f jausm\u0105, vaizduot\u0119 ir k\u016brybi\u0161kum\u0105. [&hellip;]\" \/>\n<meta property=\"og:url\" content=\"https:\/\/monti.lt\/en\/product\/kurybinis-smelio-rinkinys\/\" \/>\n<meta property=\"og:site_name\" content=\"Montessori \u017eaislai\" \/>\n<meta property=\"article:modified_time\" content=\"2026-04-01T09:59:57+00:00\" \/>\n<meta property=\"og:image\" content=\"https:\/\/monti.lt\/wp-content\/uploads\/2025\/11\/eng_pl_Set-picture-sand-in-a-bottle-pendant-ZA2876-14413_1.jpg\" \/>\n\t<meta property=\"og:image:width\" content=\"1000\" \/>\n\t<meta property=\"og:image:height\" content=\"750\" \/>\n\t<meta property=\"og:image:type\" content=\"image\/jpeg\" \/>\n<meta name=\"twitter:card\" content=\"summary_large_image\" \/>\n<meta name=\"twitter:label1\" content=\"Est. reading time\" \/>\n\t<meta name=\"twitter:data1\" content=\"2 minutes\" \/>\n<script type=\"application\/ld+json\" class=\"yoast-schema-graph\">{\"@context\":\"https:\/\/schema.org\",\"@graph\":[{\"@type\":\"WebPage\",\"@id\":\"https:\/\/monti.lt\/product\/kurybinis-smelio-rinkinys\/\",\"url\":\"https:\/\/monti.lt\/product\/kurybinis-smelio-rinkinys\/\",\"name\":\"K\u016brybinis sm\u0117lio rinkinys - Montessori \u017eaislai\",\"isPartOf\":{\"@id\":\"https:\/\/monti.lt\/#website\"},\"primaryImageOfPage\":{\"@id\":\"https:\/\/monti.lt\/product\/kurybinis-smelio-rinkinys\/#primaryimage\"},\"image\":{\"@id\":\"https:\/\/monti.lt\/product\/kurybinis-smelio-rinkinys\/#primaryimage\"},\"thumbnailUrl\":\"https:\/\/monti.lt\/wp-content\/uploads\/2025\/11\/eng_pl_Set-picture-sand-in-a-bottle-pendant-ZA2876-14413_1.jpg\",\"datePublished\":\"2025-11-11T13:09:47+00:00\",\"dateModified\":\"2026-04-01T09:59:57+00:00\",\"breadcrumb\":{\"@id\":\"https:\/\/monti.lt\/product\/kurybinis-smelio-rinkinys\/#breadcrumb\"},\"inLanguage\":\"en-US\",\"potentialAction\":[{\"@type\":\"ReadAction\",\"target\":[\"https:\/\/monti.lt\/product\/kurybinis-smelio-rinkinys\/\"]}]},{\"@type\":\"ImageObject\",\"inLanguage\":\"en-US\",\"@id\":\"https:\/\/monti.lt\/product\/kurybinis-smelio-rinkinys\/#primaryimage\",\"url\":\"https:\/\/monti.lt\/wp-content\/uploads\/2025\/11\/eng_pl_Set-picture-sand-in-a-bottle-pendant-ZA2876-14413_1.jpg\",\"contentUrl\":\"https:\/\/monti.lt\/wp-content\/uploads\/2025\/11\/eng_pl_Set-picture-sand-in-a-bottle-pendant-ZA2876-14413_1.jpg\",\"width\":1000,\"height\":750,\"caption\":\"smelio rinkinys\"},{\"@type\":\"BreadcrumbList\",\"@id\":\"https:\/\/monti.lt\/product\/kurybinis-smelio-rinkinys\/#breadcrumb\",\"itemListElement\":[{\"@type\":\"ListItem\",\"position\":1,\"name\":\"Home\",\"item\":\"https:\/\/monti.lt\/\"},{\"@type\":\"ListItem\",\"position\":2,\"name\":\"Parduotuv\u0117\",\"item\":\"https:\/\/monti.lt\/shop\/\"},{\"@type\":\"ListItem\",\"position\":3,\"name\":\"K\u016brybinis sm\u0117lio rinkinys\"}]},{\"@type\":\"WebSite\",\"@id\":\"https:\/\/monti.lt\/#website\",\"url\":\"https:\/\/monti.lt\/\",\"name\":\"Montessori \u017eaislai\",\"description\":\"\",\"publisher\":{\"@id\":\"https:\/\/monti.lt\/#organization\"},\"potentialAction\":[{\"@type\":\"SearchAction\",\"target\":{\"@type\":\"EntryPoint\",\"urlTemplate\":\"https:\/\/monti.lt\/?s={search_term_string}\"},\"query-input\":\"required name=search_term_string\"}],\"inLanguage\":\"en-US\"},{\"@type\":\"Organization\",\"@id\":\"https:\/\/monti.lt\/#organization\",\"name\":\"Montessori \u017eaislai\",\"url\":\"https:\/\/monti.lt\/\",\"logo\":{\"@type\":\"ImageObject\",\"inLanguage\":\"en-US\",\"@id\":\"https:\/\/monti.lt\/#\/schema\/logo\/image\/\",\"url\":\"https:\/\/monti.lt\/wp-content\/uploads\/2022\/03\/montilogo-1.png\",\"contentUrl\":\"https:\/\/monti.lt\/wp-content\/uploads\/2022\/03\/montilogo-1.png\",\"width\":512,\"height\":512,\"caption\":\"Montessori \u017eaislai\"},\"image\":{\"@id\":\"https:\/\/monti.lt\/#\/schema\/logo\/image\/\"}}]}<\/script>\n<!-- \/ Yoast SEO plugin. -->","yoast_head_json":{"title":"K\u016brybinis sm\u0117lio rinkinys - Montessori \u017eaislai","robots":{"index":"index","follow":"follow","max-snippet":"max-snippet:-1","max-image-preview":"max-image-preview:large","max-video-preview":"max-video-preview:-1"},"canonical":"https:\/\/monti.lt\/en\/product\/kurybinis-smelio-rinkinys\/","og_locale":"en_US","og_type":"article","og_title":"K\u016brybinis sm\u0117lio rinkinys - Montessori \u017eaislai","og_description":"Nuostabus, k\u016brybingas rinkinys, skirtas pa\u010diam pasigaminti unikal\u0173 papuo\u0161al\u0105 \u2013 buteliuk\u0105 ar pakabukus. \u0160is daiktas bus gra\u017eus kiekvienos patalpos papuo\u0161alas arba puiki dovana mylimam \u017emogui.Rinkinyje yra: Vis\u0173 r\u016b\u0161i\u0173 meno k\u016briniai daro didel\u0119 \u012ftak\u0105 vaiko vystymuisi. Ne tik fiziniam \u2013 lavindami rank\u0173 miklum\u0105 ar aki\u0173 ir rank\u0173 koordinacij\u0105, bet vis\u0173 pirma vaiko menin\u012f jausm\u0105, vaizduot\u0119 ir k\u016brybi\u0161kum\u0105. [&hellip;]","og_url":"https:\/\/monti.lt\/en\/product\/kurybinis-smelio-rinkinys\/","og_site_name":"Montessori \u017eaislai","article_modified_time":"2026-04-01T09:59:57+00:00","og_image":[{"width":1000,"height":750,"url":"https:\/\/monti.lt\/wp-content\/uploads\/2025\/11\/eng_pl_Set-picture-sand-in-a-bottle-pendant-ZA2876-14413_1.jpg","type":"image\/jpeg"}],"twitter_card":"summary_large_image","twitter_misc":{"Est. reading time":"2 minutes"},"schema":{"@context":"https:\/\/schema.org","@graph":[{"@type":"WebPage","@id":"https:\/\/monti.lt\/product\/kurybinis-smelio-rinkinys\/","url":"https:\/\/monti.lt\/product\/kurybinis-smelio-rinkinys\/","name":"K\u016brybinis sm\u0117lio rinkinys - Montessori \u017eaislai","isPartOf":{"@id":"https:\/\/monti.lt\/#website"},"primaryImageOfPage":{"@id":"https:\/\/monti.lt\/product\/kurybinis-smelio-rinkinys\/#primaryimage"},"image":{"@id":"https:\/\/monti.lt\/product\/kurybinis-smelio-rinkinys\/#primaryimage"},"thumbnailUrl":"https:\/\/monti.lt\/wp-content\/uploads\/2025\/11\/eng_pl_Set-picture-sand-in-a-bottle-pendant-ZA2876-14413_1.jpg","datePublished":"2025-11-11T13:09:47+00:00","dateModified":"2026-04-01T09:59:57+00:00","breadcrumb":{"@id":"https:\/\/monti.lt\/product\/kurybinis-smelio-rinkinys\/#breadcrumb"},"inLanguage":"en-US","potentialAction":[{"@type":"ReadAction","target":["https:\/\/monti.lt\/product\/kurybinis-smelio-rinkinys\/"]}]},{"@type":"ImageObject","inLanguage":"en-US","@id":"https:\/\/monti.lt\/product\/kurybinis-smelio-rinkinys\/#primaryimage","url":"https:\/\/monti.lt\/wp-content\/uploads\/2025\/11\/eng_pl_Set-picture-sand-in-a-bottle-pendant-ZA2876-14413_1.jpg","contentUrl":"https:\/\/monti.lt\/wp-content\/uploads\/2025\/11\/eng_pl_Set-picture-sand-in-a-bottle-pendant-ZA2876-14413_1.jpg","width":1000,"height":750,"caption":"smelio rinkinys"},{"@type":"BreadcrumbList","@id":"https:\/\/monti.lt\/product\/kurybinis-smelio-rinkinys\/#breadcrumb","itemListElement":[{"@type":"ListItem","position":1,"name":"Home","item":"https:\/\/monti.lt\/"},{"@type":"ListItem","position":2,"name":"Parduotuv\u0117","item":"https:\/\/monti.lt\/shop\/"},{"@type":"ListItem","position":3,"name":"K\u016brybinis sm\u0117lio rinkinys"}]},{"@type":"WebSite","@id":"https:\/\/monti.lt\/#website","url":"https:\/\/monti.lt\/","name":"Montessori \u017eaislai","description":"","publisher":{"@id":"https:\/\/monti.lt\/#organization"},"potentialAction":[{"@type":"SearchAction","target":{"@type":"EntryPoint","urlTemplate":"https:\/\/monti.lt\/?s={search_term_string}"},"query-input":"required name=search_term_string"}],"inLanguage":"en-US"},{"@type":"Organization","@id":"https:\/\/monti.lt\/#organization","name":"Montessori \u017eaislai","url":"https:\/\/monti.lt\/","logo":{"@type":"ImageObject","inLanguage":"en-US","@id":"https:\/\/monti.lt\/#\/schema\/logo\/image\/","url":"https:\/\/monti.lt\/wp-content\/uploads\/2022\/03\/montilogo-1.png","contentUrl":"https:\/\/monti.lt\/wp-content\/uploads\/2022\/03\/montilogo-1.png","width":512,"height":512,"caption":"Montessori \u017eaislai"},"image":{"@id":"https:\/\/monti.lt\/#\/schema\/logo\/image\/"}}]}},"_links":{"self":[{"href":"https:\/\/monti.lt\/en\/wp-json\/wp\/v2\/product\/35743"}],"collection":[{"href":"https:\/\/monti.lt\/en\/wp-json\/wp\/v2\/product"}],"about":[{"href":"https:\/\/monti.lt\/en\/wp-json\/wp\/v2\/types\/product"}],"version-history":[{"count":1,"href":"https:\/\/monti.lt\/en\/wp-json\/wp\/v2\/product\/35743\/revisions"}],"predecessor-version":[{"id":35750,"href":"https:\/\/monti.lt\/en\/wp-json\/wp\/v2\/product\/35743\/revisions\/35750"}],"wp:featuredmedia":[{"embeddable":true,"href":"https:\/\/monti.lt\/en\/wp-json\/wp\/v2\/media\/35744"}],"wp:attachment":[{"href":"https:\/\/monti.lt\/en\/wp-json\/wp\/v2\/media?parent=35743"}],"wp:term":[{"taxonomy":"product_cat","embeddable":true,"href":"https:\/\/monti.lt\/en\/wp-json\/wp\/v2\/product_cat?post=35743"},{"taxonomy":"product_tag","embeddable":true,"href":"https:\/\/monti.lt\/en\/wp-json\/wp\/v2\/product_tag?post=35743"}],"curies":[{"name":"wp","href":"https:\/\/api.w.org\/{rel}","templated":true}]}}