{"id":35751,"date":"2025-11-11T13:13:21","date_gmt":"2025-11-11T13:13:21","guid":{"rendered":"https:\/\/monti.lt\/?post_type=product&#038;p=35751"},"modified":"2026-03-01T18:10:43","modified_gmt":"2026-03-01T18:10:43","slug":"magiska-gyvatele","status":"publish","type":"product","link":"https:\/\/monti.lt\/en\/product\/magiska-gyvatele\/","title":{"rendered":"Magi\u0161ka gyvat\u0117l\u0117"},"content":{"rendered":"<p>Spalvingas \u201eMagic Snake\u201c d\u0117lion\u0117 \u2013 tai tarpusavyje sujungt\u0173 spalving\u0173 trikampi\u0173 serija, kuri\u0105 galite sud\u0117lioti pagal savo id\u0117jas. Prad\u0117kite nuo ilgos gyvat\u0117s ir baigkite spalvinga g\u0117le ar \u0161irdele \u2013 id\u0117j\u0173 tikrai netr\u016bks. \u017daislas ugdo k\u016brybi\u0161kum\u0105, rank\u0173 miklum\u0105, moko kantryb\u0117s ir lavina koncentracij\u0105. \u017daislas pagamintas i\u0161 plastiko, spalving\u0173 trikampi\u0173. \u017daisdami su gyvate, galite sud\u0117lioti visk\u0105, k\u0105 tik sugalvosite. J\u012f galite pasiimti su savimi visur, jis padarys kiekvien\u0105 laisv\u0105 akimirk\u0105 malonesn\u0119, visas kubas ugdo j\u016bs\u0173 vaizduot\u0119.<\/p>\n\n\n\n<p>\u017daislas susideda i\u0161 48 tarpusavyje sujungt\u0173 element\u0173, kuriuos galima pasukti bet kuria kryptimi.<\/p>\n\n\n\n<p>Matmenys:<\/p>\n\n\n\n<ul class=\"wp-block-list\">\n<li>81,5 x 2,5 x 1,5 cm<\/li>\n<\/ul>\n\n\n\n<p>\u017daisdami su stebuklinga gyvate u\u017eimsite savo neramias rankas ir pa\u012fvairinsite laik\u0105 ilgos kelion\u0117s metu. Spalving\u0173 element\u0173 rinkinys, sujungtas \u012f vien\u0105 visum\u0105, yra pasi\u016blymas visiems. Puiki id\u0117ja ne\u012fprastai dovanai. <\/p>","protected":false},"excerpt":{"rendered":"<p>Spalvingas \u201eMagic Snake\u201c d\u0117lion\u0117 \u2013 tai tarpusavyje sujungt\u0173 spalving\u0173 trikampi\u0173 serija, kuri\u0105 galite sud\u0117lioti pagal savo id\u0117jas. Prad\u0117kite nuo ilgos gyvat\u0117s ir baigkite spalvinga g\u0117le ar \u0161irdele \u2013 id\u0117j\u0173 tikrai netr\u016bks. \u017daislas ugdo k\u016brybi\u0161kum\u0105, rank\u0173 miklum\u0105, moko kantryb\u0117s ir lavina koncentracij\u0105. \u017daislas pagamintas i\u0161 plastiko, spalving\u0173 trikampi\u0173. \u017daisdami su gyvate, galite sud\u0117lioti visk\u0105, k\u0105 tik [&hellip;]<\/p>","protected":false},"featured_media":35752,"template":"","meta":{"_acf_changed":false,"iawp_total_views":210},"product_cat":[218,195,216,217,191,192,87,84,91,86,49,39],"product_tag":[97,98,99],"class_list":{"0":"post-35751","1":"product","2":"type-product","3":"status-publish","4":"has-post-thumbnail","6":"product_cat-darzeliu-grupems","7":"product_cat-dovanos-vaikams-3-4-metu","8":"product_cat-dovanos-4-5-metu-vaikams","9":"product_cat-dovanos-5-7-metu-vaikams","10":"product_cat-dovanos-vaikams","11":"product_cat-kaledines-dovanos-vaikams","12":"product_cat-kurybiniai-rinkiniai","13":"product_cat-lavinamieji-zaislai","14":"product_cat-loginiam-mastymui","15":"product_cat-smulkioji-motorika","16":"product_cat-visi-zaislai","17":"product_cat-zaislai","18":"product_tag-3-m-4-m","19":"product_tag-5-m-7-m","20":"product_tag-8-m-11-m","22":"first","23":"outofstock","24":"sale","25":"taxable","26":"shipping-taxable","27":"purchasable","28":"product-type-simple"},"acf":[],"yoast_head":"<!-- This site is optimized with the Yoast SEO plugin v23.3 - https:\/\/yoast.com\/wordpress\/plugins\/seo\/ -->\n<title>Magi\u0161ka gyvat\u0117l\u0117 - Montessori \u017eaislai<\/title>\n<meta name=\"robots\" content=\"index, follow, max-snippet:-1, max-image-preview:large, max-video-preview:-1\" \/>\n<link rel=\"canonical\" href=\"https:\/\/monti.lt\/en\/product\/magiska-gyvatele\/\" \/>\n<meta property=\"og:locale\" content=\"en_US\" \/>\n<meta property=\"og:type\" content=\"article\" \/>\n<meta property=\"og:title\" content=\"Magi\u0161ka gyvat\u0117l\u0117 - Montessori \u017eaislai\" \/>\n<meta property=\"og:description\" content=\"Spalvingas \u201eMagic Snake\u201c d\u0117lion\u0117 \u2013 tai tarpusavyje sujungt\u0173 spalving\u0173 trikampi\u0173 serija, kuri\u0105 galite sud\u0117lioti pagal savo id\u0117jas. Prad\u0117kite nuo ilgos gyvat\u0117s ir baigkite spalvinga g\u0117le ar \u0161irdele \u2013 id\u0117j\u0173 tikrai netr\u016bks. \u017daislas ugdo k\u016brybi\u0161kum\u0105, rank\u0173 miklum\u0105, moko kantryb\u0117s ir lavina koncentracij\u0105. \u017daislas pagamintas i\u0161 plastiko, spalving\u0173 trikampi\u0173. \u017daisdami su gyvate, galite sud\u0117lioti visk\u0105, k\u0105 tik [&hellip;]\" \/>\n<meta property=\"og:url\" content=\"https:\/\/monti.lt\/en\/product\/magiska-gyvatele\/\" \/>\n<meta property=\"og:site_name\" content=\"Montessori \u017eaislai\" \/>\n<meta property=\"article:modified_time\" content=\"2026-03-01T18:10:43+00:00\" \/>\n<meta property=\"og:image\" content=\"https:\/\/monti.lt\/wp-content\/uploads\/2025\/11\/eng_pl_Magic-Snake-puzzle-Magic-snake-toy-GR0622-20001_1.jpg\" \/>\n\t<meta property=\"og:image:width\" content=\"750\" \/>\n\t<meta property=\"og:image:height\" content=\"750\" \/>\n\t<meta property=\"og:image:type\" content=\"image\/jpeg\" \/>\n<meta name=\"twitter:card\" content=\"summary_large_image\" \/>\n<meta name=\"twitter:label1\" content=\"Est. reading time\" \/>\n\t<meta name=\"twitter:data1\" content=\"1 minute\" \/>\n<script type=\"application\/ld+json\" class=\"yoast-schema-graph\">{\"@context\":\"https:\/\/schema.org\",\"@graph\":[{\"@type\":\"WebPage\",\"@id\":\"https:\/\/monti.lt\/product\/magiska-gyvatele\/\",\"url\":\"https:\/\/monti.lt\/product\/magiska-gyvatele\/\",\"name\":\"Magi\u0161ka gyvat\u0117l\u0117 - Montessori \u017eaislai\",\"isPartOf\":{\"@id\":\"https:\/\/monti.lt\/#website\"},\"primaryImageOfPage\":{\"@id\":\"https:\/\/monti.lt\/product\/magiska-gyvatele\/#primaryimage\"},\"image\":{\"@id\":\"https:\/\/monti.lt\/product\/magiska-gyvatele\/#primaryimage\"},\"thumbnailUrl\":\"https:\/\/monti.lt\/wp-content\/uploads\/2025\/11\/eng_pl_Magic-Snake-puzzle-Magic-snake-toy-GR0622-20001_1.jpg\",\"datePublished\":\"2025-11-11T13:13:21+00:00\",\"dateModified\":\"2026-03-01T18:10:43+00:00\",\"breadcrumb\":{\"@id\":\"https:\/\/monti.lt\/product\/magiska-gyvatele\/#breadcrumb\"},\"inLanguage\":\"en-US\",\"potentialAction\":[{\"@type\":\"ReadAction\",\"target\":[\"https:\/\/monti.lt\/product\/magiska-gyvatele\/\"]}]},{\"@type\":\"ImageObject\",\"inLanguage\":\"en-US\",\"@id\":\"https:\/\/monti.lt\/product\/magiska-gyvatele\/#primaryimage\",\"url\":\"https:\/\/monti.lt\/wp-content\/uploads\/2025\/11\/eng_pl_Magic-Snake-puzzle-Magic-snake-toy-GR0622-20001_1.jpg\",\"contentUrl\":\"https:\/\/monti.lt\/wp-content\/uploads\/2025\/11\/eng_pl_Magic-Snake-puzzle-Magic-snake-toy-GR0622-20001_1.jpg\",\"width\":750,\"height\":750,\"caption\":\"gyvatele\"},{\"@type\":\"BreadcrumbList\",\"@id\":\"https:\/\/monti.lt\/product\/magiska-gyvatele\/#breadcrumb\",\"itemListElement\":[{\"@type\":\"ListItem\",\"position\":1,\"name\":\"Home\",\"item\":\"https:\/\/monti.lt\/\"},{\"@type\":\"ListItem\",\"position\":2,\"name\":\"Parduotuv\u0117\",\"item\":\"https:\/\/monti.lt\/shop\/\"},{\"@type\":\"ListItem\",\"position\":3,\"name\":\"Magi\u0161ka gyvat\u0117l\u0117\"}]},{\"@type\":\"WebSite\",\"@id\":\"https:\/\/monti.lt\/#website\",\"url\":\"https:\/\/monti.lt\/\",\"name\":\"Montessori \u017eaislai\",\"description\":\"\",\"publisher\":{\"@id\":\"https:\/\/monti.lt\/#organization\"},\"potentialAction\":[{\"@type\":\"SearchAction\",\"target\":{\"@type\":\"EntryPoint\",\"urlTemplate\":\"https:\/\/monti.lt\/?s={search_term_string}\"},\"query-input\":\"required name=search_term_string\"}],\"inLanguage\":\"en-US\"},{\"@type\":\"Organization\",\"@id\":\"https:\/\/monti.lt\/#organization\",\"name\":\"Montessori \u017eaislai\",\"url\":\"https:\/\/monti.lt\/\",\"logo\":{\"@type\":\"ImageObject\",\"inLanguage\":\"en-US\",\"@id\":\"https:\/\/monti.lt\/#\/schema\/logo\/image\/\",\"url\":\"https:\/\/monti.lt\/wp-content\/uploads\/2022\/03\/montilogo-1.png\",\"contentUrl\":\"https:\/\/monti.lt\/wp-content\/uploads\/2022\/03\/montilogo-1.png\",\"width\":512,\"height\":512,\"caption\":\"Montessori \u017eaislai\"},\"image\":{\"@id\":\"https:\/\/monti.lt\/#\/schema\/logo\/image\/\"}}]}<\/script>\n<!-- \/ Yoast SEO plugin. -->","yoast_head_json":{"title":"Magi\u0161ka gyvat\u0117l\u0117 - Montessori \u017eaislai","robots":{"index":"index","follow":"follow","max-snippet":"max-snippet:-1","max-image-preview":"max-image-preview:large","max-video-preview":"max-video-preview:-1"},"canonical":"https:\/\/monti.lt\/en\/product\/magiska-gyvatele\/","og_locale":"en_US","og_type":"article","og_title":"Magi\u0161ka gyvat\u0117l\u0117 - Montessori \u017eaislai","og_description":"Spalvingas \u201eMagic Snake\u201c d\u0117lion\u0117 \u2013 tai tarpusavyje sujungt\u0173 spalving\u0173 trikampi\u0173 serija, kuri\u0105 galite sud\u0117lioti pagal savo id\u0117jas. Prad\u0117kite nuo ilgos gyvat\u0117s ir baigkite spalvinga g\u0117le ar \u0161irdele \u2013 id\u0117j\u0173 tikrai netr\u016bks. \u017daislas ugdo k\u016brybi\u0161kum\u0105, rank\u0173 miklum\u0105, moko kantryb\u0117s ir lavina koncentracij\u0105. \u017daislas pagamintas i\u0161 plastiko, spalving\u0173 trikampi\u0173. \u017daisdami su gyvate, galite sud\u0117lioti visk\u0105, k\u0105 tik [&hellip;]","og_url":"https:\/\/monti.lt\/en\/product\/magiska-gyvatele\/","og_site_name":"Montessori \u017eaislai","article_modified_time":"2026-03-01T18:10:43+00:00","og_image":[{"width":750,"height":750,"url":"https:\/\/monti.lt\/wp-content\/uploads\/2025\/11\/eng_pl_Magic-Snake-puzzle-Magic-snake-toy-GR0622-20001_1.jpg","type":"image\/jpeg"}],"twitter_card":"summary_large_image","twitter_misc":{"Est. reading time":"1 minute"},"schema":{"@context":"https:\/\/schema.org","@graph":[{"@type":"WebPage","@id":"https:\/\/monti.lt\/product\/magiska-gyvatele\/","url":"https:\/\/monti.lt\/product\/magiska-gyvatele\/","name":"Magi\u0161ka gyvat\u0117l\u0117 - Montessori \u017eaislai","isPartOf":{"@id":"https:\/\/monti.lt\/#website"},"primaryImageOfPage":{"@id":"https:\/\/monti.lt\/product\/magiska-gyvatele\/#primaryimage"},"image":{"@id":"https:\/\/monti.lt\/product\/magiska-gyvatele\/#primaryimage"},"thumbnailUrl":"https:\/\/monti.lt\/wp-content\/uploads\/2025\/11\/eng_pl_Magic-Snake-puzzle-Magic-snake-toy-GR0622-20001_1.jpg","datePublished":"2025-11-11T13:13:21+00:00","dateModified":"2026-03-01T18:10:43+00:00","breadcrumb":{"@id":"https:\/\/monti.lt\/product\/magiska-gyvatele\/#breadcrumb"},"inLanguage":"en-US","potentialAction":[{"@type":"ReadAction","target":["https:\/\/monti.lt\/product\/magiska-gyvatele\/"]}]},{"@type":"ImageObject","inLanguage":"en-US","@id":"https:\/\/monti.lt\/product\/magiska-gyvatele\/#primaryimage","url":"https:\/\/monti.lt\/wp-content\/uploads\/2025\/11\/eng_pl_Magic-Snake-puzzle-Magic-snake-toy-GR0622-20001_1.jpg","contentUrl":"https:\/\/monti.lt\/wp-content\/uploads\/2025\/11\/eng_pl_Magic-Snake-puzzle-Magic-snake-toy-GR0622-20001_1.jpg","width":750,"height":750,"caption":"gyvatele"},{"@type":"BreadcrumbList","@id":"https:\/\/monti.lt\/product\/magiska-gyvatele\/#breadcrumb","itemListElement":[{"@type":"ListItem","position":1,"name":"Home","item":"https:\/\/monti.lt\/"},{"@type":"ListItem","position":2,"name":"Parduotuv\u0117","item":"https:\/\/monti.lt\/shop\/"},{"@type":"ListItem","position":3,"name":"Magi\u0161ka gyvat\u0117l\u0117"}]},{"@type":"WebSite","@id":"https:\/\/monti.lt\/#website","url":"https:\/\/monti.lt\/","name":"Montessori \u017eaislai","description":"","publisher":{"@id":"https:\/\/monti.lt\/#organization"},"potentialAction":[{"@type":"SearchAction","target":{"@type":"EntryPoint","urlTemplate":"https:\/\/monti.lt\/?s={search_term_string}"},"query-input":"required name=search_term_string"}],"inLanguage":"en-US"},{"@type":"Organization","@id":"https:\/\/monti.lt\/#organization","name":"Montessori \u017eaislai","url":"https:\/\/monti.lt\/","logo":{"@type":"ImageObject","inLanguage":"en-US","@id":"https:\/\/monti.lt\/#\/schema\/logo\/image\/","url":"https:\/\/monti.lt\/wp-content\/uploads\/2022\/03\/montilogo-1.png","contentUrl":"https:\/\/monti.lt\/wp-content\/uploads\/2022\/03\/montilogo-1.png","width":512,"height":512,"caption":"Montessori \u017eaislai"},"image":{"@id":"https:\/\/monti.lt\/#\/schema\/logo\/image\/"}}]}},"_links":{"self":[{"href":"https:\/\/monti.lt\/en\/wp-json\/wp\/v2\/product\/35751"}],"collection":[{"href":"https:\/\/monti.lt\/en\/wp-json\/wp\/v2\/product"}],"about":[{"href":"https:\/\/monti.lt\/en\/wp-json\/wp\/v2\/types\/product"}],"version-history":[{"count":1,"href":"https:\/\/monti.lt\/en\/wp-json\/wp\/v2\/product\/35751\/revisions"}],"predecessor-version":[{"id":35761,"href":"https:\/\/monti.lt\/en\/wp-json\/wp\/v2\/product\/35751\/revisions\/35761"}],"wp:featuredmedia":[{"embeddable":true,"href":"https:\/\/monti.lt\/en\/wp-json\/wp\/v2\/media\/35752"}],"wp:attachment":[{"href":"https:\/\/monti.lt\/en\/wp-json\/wp\/v2\/media?parent=35751"}],"wp:term":[{"taxonomy":"product_cat","embeddable":true,"href":"https:\/\/monti.lt\/en\/wp-json\/wp\/v2\/product_cat?post=35751"},{"taxonomy":"product_tag","embeddable":true,"href":"https:\/\/monti.lt\/en\/wp-json\/wp\/v2\/product_tag?post=35751"}],"curies":[{"name":"wp","href":"https:\/\/api.w.org\/{rel}","templated":true}]}}