{"id":35771,"date":"2025-11-11T13:22:29","date_gmt":"2025-11-11T13:22:29","guid":{"rendered":"https:\/\/monti.lt\/?post_type=product&#038;p=35771"},"modified":"2025-12-10T11:32:02","modified_gmt":"2025-12-10T11:32:02","slug":"vaikiski-suktukai-3-vnt","status":"publish","type":"product","link":"https:\/\/monti.lt\/en\/product\/vaikiski-suktukai-3-vnt\/","title":{"rendered":"Vaiki\u0161ki suktukai, 3 vnt."},"content":{"rendered":"<p>Jutiminis \u017eaislas \u201eFidget Spinner\u201c su siurbtuku \u2013 3 vnt.<br>\u201eFidget Spinner\u201c puikiai tinka, pavyzd\u017eiui: kaip \u017eaislas, priklijuotas prie stalo vir\u0161aus maitinimo metu, prie automobilio lango kelion\u0117s metu, prie plok\u0161\u010dio pavir\u0161iaus, jis gali tur\u0117ti daug pritaikym\u0173, tiesiog duokite \u017eaisl\u0105 \u012f vaiko rankas.<br>Viena i\u0161 id\u0117j\u0173 pramogai gali b\u016bti vonia!<br>Padarykite kasdien\u012f maudym\u0105si piln\u0105 d\u017eiaugsmo ir linksmybi\u0173 su spalvingais jutiminiais suktukais! \u0160is trij\u0173 fidget spinneri\u0173 su siurbtuku rinkinys yra puikus \u017eaislas, kuris paverst\u0173 maudym\u0105si nepamir\u0161tama nuotykiu. Kiekvien\u0105 spinner\u012f galima lengvai pritvirtinti prie vonios, tod\u0117l ma\u017eylis bus su\u017eav\u0117tas nauja \u017eaidimo forma.<br>Linksmyb\u0117s ir sensorin\u0117 stimuliacija: \u017eaislas ne tik suteikia pramog\u0105, bet ir ugdo vaiko sensorinius geb\u0117jimus.<br>Spinneryje yra populiari\u0173 \u201ePop It\u201c mygtuk\u0173 element\u0173, kurie suteikia d\u017eiaugsmo spaud\u017eiant ir padeda ugdyti motorinius \u012fg\u016bd\u017eius.<br>Spalvingi persona\u017eai: \u017eav\u016bs saul\u0117s, morkos ir bit\u0117s atvaizdai bei ry\u0161k\u016bs spalvos veiksmingai skatina vaik\u0105 bendrauti, stimuliuoja jo smalsum\u0105 ir k\u016brybi\u0161kum\u0105.<br>Puiki dovana: \u017eaislas skirtas vaikams nuo 16 m\u0117nesi\u0173 am\u017eiaus, suteikiantis ne tik pramog\u0105, bet ir ugdantis jutimus bei rank\u0173 \u012fg\u016bd\u017eius. Puiki dovana, kuri suteiks daug d\u017eiaugsmo kiekvien\u0105 kart\u0105 maudantis!<br>Matmenys:<br>Bit\u0117: 6 x 11,5 x 11,5 cm<br>Saul\u0117: 6 x 13 x 13 cm<br>Morkos: 6 x 5 x 12 cm<br>Lengva valyti: \u017eaisl\u0105 lengva i\u0161laikyti \u0161var\u0173, tod\u0117l j\u012f galima greitai ir be problem\u0173 naudoti.<\/p>","protected":false},"excerpt":{"rendered":"<p>Jutiminis \u017eaislas \u201eFidget Spinner\u201c su siurbtuku \u2013 3 vnt.\u201eFidget Spinner\u201c puikiai tinka, pavyzd\u017eiui: kaip \u017eaislas, priklijuotas prie stalo vir\u0161aus maitinimo metu, prie automobilio lango kelion\u0117s metu, prie plok\u0161\u010dio pavir\u0161iaus, jis gali tur\u0117ti daug pritaikym\u0173, tiesiog duokite \u017eaisl\u0105 \u012f vaiko rankas.Viena i\u0161 id\u0117j\u0173 pramogai gali b\u016bti vonia!Padarykite kasdien\u012f maudym\u0105si piln\u0105 d\u017eiaugsmo ir linksmybi\u0173 su spalvingais jutiminiais [&hellip;]<\/p>","protected":false},"featured_media":35772,"template":"","meta":{"_acf_changed":false,"iawp_total_views":160},"product_cat":[84,86,49,39,201],"product_tag":[95,96,97],"class_list":{"0":"post-35771","1":"product","2":"type-product","3":"status-publish","4":"has-post-thumbnail","6":"product_cat-lavinamieji-zaislai","7":"product_cat-smulkioji-motorika","8":"product_cat-visi-zaislai","9":"product_cat-zaislai","10":"product_cat-zaislai-kelioneje","11":"product_tag-1-m-2-m","12":"product_tag-2-m-3-m","13":"product_tag-3-m-4-m","15":"first","16":"outofstock","17":"taxable","18":"shipping-taxable","19":"purchasable","20":"product-type-simple"},"acf":[],"yoast_head":"<!-- This site is optimized with the Yoast SEO plugin v23.3 - https:\/\/yoast.com\/wordpress\/plugins\/seo\/ -->\n<title>Vaiki\u0161ki suktukai, 3 vnt. - Montessori \u017eaislai<\/title>\n<meta name=\"robots\" content=\"index, follow, max-snippet:-1, max-image-preview:large, max-video-preview:-1\" \/>\n<link rel=\"canonical\" href=\"https:\/\/monti.lt\/en\/product\/vaikiski-suktukai-3-vnt\/\" \/>\n<meta property=\"og:locale\" content=\"en_US\" \/>\n<meta property=\"og:type\" content=\"article\" \/>\n<meta property=\"og:title\" content=\"Vaiki\u0161ki suktukai, 3 vnt. - Montessori \u017eaislai\" \/>\n<meta property=\"og:description\" content=\"Jutiminis \u017eaislas \u201eFidget Spinner\u201c su siurbtuku \u2013 3 vnt.\u201eFidget Spinner\u201c puikiai tinka, pavyzd\u017eiui: kaip \u017eaislas, priklijuotas prie stalo vir\u0161aus maitinimo metu, prie automobilio lango kelion\u0117s metu, prie plok\u0161\u010dio pavir\u0161iaus, jis gali tur\u0117ti daug pritaikym\u0173, tiesiog duokite \u017eaisl\u0105 \u012f vaiko rankas.Viena i\u0161 id\u0117j\u0173 pramogai gali b\u016bti vonia!Padarykite kasdien\u012f maudym\u0105si piln\u0105 d\u017eiaugsmo ir linksmybi\u0173 su spalvingais jutiminiais [&hellip;]\" \/>\n<meta property=\"og:url\" content=\"https:\/\/monti.lt\/en\/product\/vaikiski-suktukai-3-vnt\/\" \/>\n<meta property=\"og:site_name\" content=\"Montessori \u017eaislai\" \/>\n<meta property=\"article:modified_time\" content=\"2025-12-10T11:32:02+00:00\" \/>\n<meta property=\"og:image\" content=\"https:\/\/monti.lt\/wp-content\/uploads\/2025\/11\/eng_pl_Sensory-Bath-Toy-Fidget-Spinner-with-Suction-Cup-3-pcs-ZA5340-21377_10.jpg\" \/>\n\t<meta property=\"og:image:width\" content=\"750\" \/>\n\t<meta property=\"og:image:height\" content=\"750\" \/>\n\t<meta property=\"og:image:type\" content=\"image\/jpeg\" \/>\n<meta name=\"twitter:card\" content=\"summary_large_image\" \/>\n<meta name=\"twitter:label1\" content=\"Est. reading time\" \/>\n\t<meta name=\"twitter:data1\" content=\"2 minutes\" \/>\n<script type=\"application\/ld+json\" class=\"yoast-schema-graph\">{\"@context\":\"https:\/\/schema.org\",\"@graph\":[{\"@type\":\"WebPage\",\"@id\":\"https:\/\/monti.lt\/product\/vaikiski-suktukai-3-vnt\/\",\"url\":\"https:\/\/monti.lt\/product\/vaikiski-suktukai-3-vnt\/\",\"name\":\"Vaiki\u0161ki suktukai, 3 vnt. - Montessori \u017eaislai\",\"isPartOf\":{\"@id\":\"https:\/\/monti.lt\/#website\"},\"primaryImageOfPage\":{\"@id\":\"https:\/\/monti.lt\/product\/vaikiski-suktukai-3-vnt\/#primaryimage\"},\"image\":{\"@id\":\"https:\/\/monti.lt\/product\/vaikiski-suktukai-3-vnt\/#primaryimage\"},\"thumbnailUrl\":\"https:\/\/monti.lt\/wp-content\/uploads\/2025\/11\/eng_pl_Sensory-Bath-Toy-Fidget-Spinner-with-Suction-Cup-3-pcs-ZA5340-21377_10.jpg\",\"datePublished\":\"2025-11-11T13:22:29+00:00\",\"dateModified\":\"2025-12-10T11:32:02+00:00\",\"breadcrumb\":{\"@id\":\"https:\/\/monti.lt\/product\/vaikiski-suktukai-3-vnt\/#breadcrumb\"},\"inLanguage\":\"en-US\",\"potentialAction\":[{\"@type\":\"ReadAction\",\"target\":[\"https:\/\/monti.lt\/product\/vaikiski-suktukai-3-vnt\/\"]}]},{\"@type\":\"ImageObject\",\"inLanguage\":\"en-US\",\"@id\":\"https:\/\/monti.lt\/product\/vaikiski-suktukai-3-vnt\/#primaryimage\",\"url\":\"https:\/\/monti.lt\/wp-content\/uploads\/2025\/11\/eng_pl_Sensory-Bath-Toy-Fidget-Spinner-with-Suction-Cup-3-pcs-ZA5340-21377_10.jpg\",\"contentUrl\":\"https:\/\/monti.lt\/wp-content\/uploads\/2025\/11\/eng_pl_Sensory-Bath-Toy-Fidget-Spinner-with-Suction-Cup-3-pcs-ZA5340-21377_10.jpg\",\"width\":750,\"height\":750,\"caption\":\"vaikiski suktukai\"},{\"@type\":\"BreadcrumbList\",\"@id\":\"https:\/\/monti.lt\/product\/vaikiski-suktukai-3-vnt\/#breadcrumb\",\"itemListElement\":[{\"@type\":\"ListItem\",\"position\":1,\"name\":\"Home\",\"item\":\"https:\/\/monti.lt\/\"},{\"@type\":\"ListItem\",\"position\":2,\"name\":\"Parduotuv\u0117\",\"item\":\"https:\/\/monti.lt\/shop\/\"},{\"@type\":\"ListItem\",\"position\":3,\"name\":\"Vaiki\u0161ki suktukai, 3 vnt.\"}]},{\"@type\":\"WebSite\",\"@id\":\"https:\/\/monti.lt\/#website\",\"url\":\"https:\/\/monti.lt\/\",\"name\":\"Montessori \u017eaislai\",\"description\":\"\",\"publisher\":{\"@id\":\"https:\/\/monti.lt\/#organization\"},\"potentialAction\":[{\"@type\":\"SearchAction\",\"target\":{\"@type\":\"EntryPoint\",\"urlTemplate\":\"https:\/\/monti.lt\/?s={search_term_string}\"},\"query-input\":\"required name=search_term_string\"}],\"inLanguage\":\"en-US\"},{\"@type\":\"Organization\",\"@id\":\"https:\/\/monti.lt\/#organization\",\"name\":\"Montessori \u017eaislai\",\"url\":\"https:\/\/monti.lt\/\",\"logo\":{\"@type\":\"ImageObject\",\"inLanguage\":\"en-US\",\"@id\":\"https:\/\/monti.lt\/#\/schema\/logo\/image\/\",\"url\":\"https:\/\/monti.lt\/wp-content\/uploads\/2022\/03\/montilogo-1.png\",\"contentUrl\":\"https:\/\/monti.lt\/wp-content\/uploads\/2022\/03\/montilogo-1.png\",\"width\":512,\"height\":512,\"caption\":\"Montessori \u017eaislai\"},\"image\":{\"@id\":\"https:\/\/monti.lt\/#\/schema\/logo\/image\/\"}}]}<\/script>\n<!-- \/ Yoast SEO plugin. -->","yoast_head_json":{"title":"Vaiki\u0161ki suktukai, 3 vnt. - Montessori \u017eaislai","robots":{"index":"index","follow":"follow","max-snippet":"max-snippet:-1","max-image-preview":"max-image-preview:large","max-video-preview":"max-video-preview:-1"},"canonical":"https:\/\/monti.lt\/en\/product\/vaikiski-suktukai-3-vnt\/","og_locale":"en_US","og_type":"article","og_title":"Vaiki\u0161ki suktukai, 3 vnt. - Montessori \u017eaislai","og_description":"Jutiminis \u017eaislas \u201eFidget Spinner\u201c su siurbtuku \u2013 3 vnt.\u201eFidget Spinner\u201c puikiai tinka, pavyzd\u017eiui: kaip \u017eaislas, priklijuotas prie stalo vir\u0161aus maitinimo metu, prie automobilio lango kelion\u0117s metu, prie plok\u0161\u010dio pavir\u0161iaus, jis gali tur\u0117ti daug pritaikym\u0173, tiesiog duokite \u017eaisl\u0105 \u012f vaiko rankas.Viena i\u0161 id\u0117j\u0173 pramogai gali b\u016bti vonia!Padarykite kasdien\u012f maudym\u0105si piln\u0105 d\u017eiaugsmo ir linksmybi\u0173 su spalvingais jutiminiais [&hellip;]","og_url":"https:\/\/monti.lt\/en\/product\/vaikiski-suktukai-3-vnt\/","og_site_name":"Montessori \u017eaislai","article_modified_time":"2025-12-10T11:32:02+00:00","og_image":[{"width":750,"height":750,"url":"https:\/\/monti.lt\/wp-content\/uploads\/2025\/11\/eng_pl_Sensory-Bath-Toy-Fidget-Spinner-with-Suction-Cup-3-pcs-ZA5340-21377_10.jpg","type":"image\/jpeg"}],"twitter_card":"summary_large_image","twitter_misc":{"Est. reading time":"2 minutes"},"schema":{"@context":"https:\/\/schema.org","@graph":[{"@type":"WebPage","@id":"https:\/\/monti.lt\/product\/vaikiski-suktukai-3-vnt\/","url":"https:\/\/monti.lt\/product\/vaikiski-suktukai-3-vnt\/","name":"Vaiki\u0161ki suktukai, 3 vnt. - Montessori \u017eaislai","isPartOf":{"@id":"https:\/\/monti.lt\/#website"},"primaryImageOfPage":{"@id":"https:\/\/monti.lt\/product\/vaikiski-suktukai-3-vnt\/#primaryimage"},"image":{"@id":"https:\/\/monti.lt\/product\/vaikiski-suktukai-3-vnt\/#primaryimage"},"thumbnailUrl":"https:\/\/monti.lt\/wp-content\/uploads\/2025\/11\/eng_pl_Sensory-Bath-Toy-Fidget-Spinner-with-Suction-Cup-3-pcs-ZA5340-21377_10.jpg","datePublished":"2025-11-11T13:22:29+00:00","dateModified":"2025-12-10T11:32:02+00:00","breadcrumb":{"@id":"https:\/\/monti.lt\/product\/vaikiski-suktukai-3-vnt\/#breadcrumb"},"inLanguage":"en-US","potentialAction":[{"@type":"ReadAction","target":["https:\/\/monti.lt\/product\/vaikiski-suktukai-3-vnt\/"]}]},{"@type":"ImageObject","inLanguage":"en-US","@id":"https:\/\/monti.lt\/product\/vaikiski-suktukai-3-vnt\/#primaryimage","url":"https:\/\/monti.lt\/wp-content\/uploads\/2025\/11\/eng_pl_Sensory-Bath-Toy-Fidget-Spinner-with-Suction-Cup-3-pcs-ZA5340-21377_10.jpg","contentUrl":"https:\/\/monti.lt\/wp-content\/uploads\/2025\/11\/eng_pl_Sensory-Bath-Toy-Fidget-Spinner-with-Suction-Cup-3-pcs-ZA5340-21377_10.jpg","width":750,"height":750,"caption":"vaikiski suktukai"},{"@type":"BreadcrumbList","@id":"https:\/\/monti.lt\/product\/vaikiski-suktukai-3-vnt\/#breadcrumb","itemListElement":[{"@type":"ListItem","position":1,"name":"Home","item":"https:\/\/monti.lt\/"},{"@type":"ListItem","position":2,"name":"Parduotuv\u0117","item":"https:\/\/monti.lt\/shop\/"},{"@type":"ListItem","position":3,"name":"Vaiki\u0161ki suktukai, 3 vnt."}]},{"@type":"WebSite","@id":"https:\/\/monti.lt\/#website","url":"https:\/\/monti.lt\/","name":"Montessori \u017eaislai","description":"","publisher":{"@id":"https:\/\/monti.lt\/#organization"},"potentialAction":[{"@type":"SearchAction","target":{"@type":"EntryPoint","urlTemplate":"https:\/\/monti.lt\/?s={search_term_string}"},"query-input":"required name=search_term_string"}],"inLanguage":"en-US"},{"@type":"Organization","@id":"https:\/\/monti.lt\/#organization","name":"Montessori \u017eaislai","url":"https:\/\/monti.lt\/","logo":{"@type":"ImageObject","inLanguage":"en-US","@id":"https:\/\/monti.lt\/#\/schema\/logo\/image\/","url":"https:\/\/monti.lt\/wp-content\/uploads\/2022\/03\/montilogo-1.png","contentUrl":"https:\/\/monti.lt\/wp-content\/uploads\/2022\/03\/montilogo-1.png","width":512,"height":512,"caption":"Montessori \u017eaislai"},"image":{"@id":"https:\/\/monti.lt\/#\/schema\/logo\/image\/"}}]}},"_links":{"self":[{"href":"https:\/\/monti.lt\/en\/wp-json\/wp\/v2\/product\/35771"}],"collection":[{"href":"https:\/\/monti.lt\/en\/wp-json\/wp\/v2\/product"}],"about":[{"href":"https:\/\/monti.lt\/en\/wp-json\/wp\/v2\/types\/product"}],"version-history":[{"count":1,"href":"https:\/\/monti.lt\/en\/wp-json\/wp\/v2\/product\/35771\/revisions"}],"predecessor-version":[{"id":35779,"href":"https:\/\/monti.lt\/en\/wp-json\/wp\/v2\/product\/35771\/revisions\/35779"}],"wp:featuredmedia":[{"embeddable":true,"href":"https:\/\/monti.lt\/en\/wp-json\/wp\/v2\/media\/35772"}],"wp:attachment":[{"href":"https:\/\/monti.lt\/en\/wp-json\/wp\/v2\/media?parent=35771"}],"wp:term":[{"taxonomy":"product_cat","embeddable":true,"href":"https:\/\/monti.lt\/en\/wp-json\/wp\/v2\/product_cat?post=35771"},{"taxonomy":"product_tag","embeddable":true,"href":"https:\/\/monti.lt\/en\/wp-json\/wp\/v2\/product_tag?post=35771"}],"curies":[{"name":"wp","href":"https:\/\/api.w.org\/{rel}","templated":true}]}}