{"id":35780,"date":"2025-11-11T13:25:33","date_gmt":"2025-11-11T13:25:33","guid":{"rendered":"https:\/\/monti.lt\/?post_type=product&#038;p=35780"},"modified":"2025-11-18T16:12:41","modified_gmt":"2025-11-18T16:12:41","slug":"vaikiskas-kosmetinis-rinkinys","status":"publish","type":"product","link":"https:\/\/monti.lt\/en\/product\/vaikiskas-kosmetinis-rinkinys\/","title":{"rendered":"Vaiki\u0161kas Kosmetinis rinkinys"},"content":{"rendered":"<p>Fantasti\u0161kas rinkinys kiekvienai mergaitei, m\u0117gstan\u010diai \u017eaisti su mada, stiliumi ir makia\u017eu. Seniai \u017einoma, kad vaikai m\u0117gsta imituoti suaugusiuosius. Tod\u0117l ma\u017eos mergait\u0117s da\u017enai paima l\u016bp\u0173 da\u017eus ar \u0161e\u0161\u0117lius i\u0161 mamos kosmetin\u0117s ir tai baigiasi\u2026 \u012fvairiais rezultatais. Nor\u0117dami i\u0161vengti \u017ealos m\u016bs\u0173 m\u0117gstamai kosmetikai, galite padovanoti tok\u012f rinkin\u012f ma\u017eajai mados m\u0117g\u0117jai, o m\u016bs\u0173 kosmetin\u0117s tikrai gal\u0117s saugiai gul\u0117ti vonios kambario lentyn\u0117l\u0117je. D\u0117\u017eut\u0117je yra viskas, ko reikia pilnam, spalvingam makia\u017eui.<br>Rinkinys taip pat puikiai tiks vyresnei mergaitei, norin\u010diai pasidaryti makia\u017e\u0105 ypatingoms progoms. D\u0117\u017eut\u0117 taip pat bus naudinga \u017eaid\u017eiant makia\u017eo meistr\u0119. Be to, rinkinyje yra \u012fvairi\u0173 form\u0173 spalvingos karoliukai, i\u0161 kuri\u0173 gal\u0117site pasidaryti kaklo papuo\u0161al\u0105 ar apyrank\u0119, kurie papildys j\u016bs\u0173 makia\u017eo stili\u0173.<br>Komplekte yra:<\/p>\n\n\n\n<ul class=\"wp-block-list\">\n<li>skrynia su veidrod\u017eiu ir dviem i\u0161traukiamomis stal\u010diais,<\/li>\n\n\n\n<li>18 presuot\u0173 aki\u0173 \u0161e\u0161\u0117li\u0173,<\/li>\n\n\n\n<li>3 skaistalai,<\/li>\n\n\n\n<li>\u0161viesos atspindys,<\/li>\n\n\n\n<li>5 blizgu\u010diai veidui ir k\u016bnui,<\/li>\n\n\n\n<li>2 \u0161e\u0161\u0117li\u0173 teptukai,<\/li>\n\n\n\n<li>\u0161e\u0161\u0117li\u0173 teptukas,<\/li>\n\n\n\n<li>\u0161ukos antakiams ir blakstienoms,<\/li>\n\n\n\n<li>skaistal\u0173 teptukas,<\/li>\n\n\n\n<li>koj\u0173 atskyriklis,<\/li>\n\n\n\n<li>\u0161irdel\u0117s formos nag\u0173 dild\u0117,<\/li>\n\n\n\n<li>2 nag\u0173 lakai,<\/li>\n\n\n\n<li>2 l\u016bp\u0173 da\u017eai,<\/li>\n\n\n\n<li>l\u016bp\u0173 blizgis,<\/li>\n\n\n\n<li>6 ra\u0161t\u0173 karoliukai,<\/li>\n\n\n\n<li>pakabukas,<\/li>\n\n\n\n<li>elastin\u0117 juosta apyrank\u0117ms,<\/li>\n\n\n\n<li>d\u0117\u017eut\u0117 karoliukams.<br>D\u0117\u017eut\u0117s matmenys:<br>ma\u017edaug 25 cm x 18 cm x 8,5 cm<\/li>\n<\/ul>","protected":false},"excerpt":{"rendered":"<p>Fantasti\u0161kas rinkinys kiekvienai mergaitei, m\u0117gstan\u010diai \u017eaisti su mada, stiliumi ir makia\u017eu. Seniai \u017einoma, kad vaikai m\u0117gsta imituoti suaugusiuosius. Tod\u0117l ma\u017eos mergait\u0117s da\u017enai paima l\u016bp\u0173 da\u017eus ar \u0161e\u0161\u0117lius i\u0161 mamos kosmetin\u0117s ir tai baigiasi\u2026 \u012fvairiais rezultatais. Nor\u0117dami i\u0161vengti \u017ealos m\u016bs\u0173 m\u0117gstamai kosmetikai, galite padovanoti tok\u012f rinkin\u012f ma\u017eajai mados m\u0117g\u0117jai, o m\u016bs\u0173 kosmetin\u0117s tikrai gal\u0117s saugiai gul\u0117ti [&hellip;]<\/p>","protected":false},"featured_media":35781,"template":"","meta":{"_acf_changed":false,"iawp_total_views":48},"product_cat":[196,84,93,49,39,214],"product_tag":[98,99],"class_list":{"0":"post-35780","1":"product","2":"type-product","3":"status-publish","4":"has-post-thumbnail","6":"product_cat-dovanos-mergaitems","7":"product_cat-lavinamieji-zaislai","8":"product_cat-vaidmenu-zaidimai","9":"product_cat-visi-zaislai","10":"product_cat-zaislai","11":"product_cat-zaislai-mergaitems","12":"product_tag-5-m-7-m","13":"product_tag-8-m-11-m","15":"first","16":"outofstock","17":"taxable","18":"shipping-taxable","19":"purchasable","20":"product-type-simple"},"acf":[],"yoast_head":"<!-- This site is optimized with the Yoast SEO plugin v23.3 - https:\/\/yoast.com\/wordpress\/plugins\/seo\/ -->\n<title>Vaiki\u0161kas Kosmetinis rinkinys - Montessori \u017eaislai<\/title>\n<meta name=\"robots\" content=\"index, follow, max-snippet:-1, max-image-preview:large, max-video-preview:-1\" \/>\n<link rel=\"canonical\" href=\"https:\/\/monti.lt\/en\/product\/vaikiskas-kosmetinis-rinkinys\/\" \/>\n<meta property=\"og:locale\" content=\"en_US\" \/>\n<meta property=\"og:type\" content=\"article\" \/>\n<meta property=\"og:title\" content=\"Vaiki\u0161kas Kosmetinis rinkinys - Montessori \u017eaislai\" \/>\n<meta property=\"og:description\" content=\"Fantasti\u0161kas rinkinys kiekvienai mergaitei, m\u0117gstan\u010diai \u017eaisti su mada, stiliumi ir makia\u017eu. Seniai \u017einoma, kad vaikai m\u0117gsta imituoti suaugusiuosius. Tod\u0117l ma\u017eos mergait\u0117s da\u017enai paima l\u016bp\u0173 da\u017eus ar \u0161e\u0161\u0117lius i\u0161 mamos kosmetin\u0117s ir tai baigiasi\u2026 \u012fvairiais rezultatais. Nor\u0117dami i\u0161vengti \u017ealos m\u016bs\u0173 m\u0117gstamai kosmetikai, galite padovanoti tok\u012f rinkin\u012f ma\u017eajai mados m\u0117g\u0117jai, o m\u016bs\u0173 kosmetin\u0117s tikrai gal\u0117s saugiai gul\u0117ti [&hellip;]\" \/>\n<meta property=\"og:url\" content=\"https:\/\/monti.lt\/en\/product\/vaikiskas-kosmetinis-rinkinys\/\" \/>\n<meta property=\"og:site_name\" content=\"Montessori \u017eaislai\" \/>\n<meta property=\"article:modified_time\" content=\"2025-11-18T16:12:41+00:00\" \/>\n<meta property=\"og:image\" content=\"https:\/\/monti.lt\/wp-content\/uploads\/2025\/11\/eng_pl_Make-up-set-cosmetics-case-ZA4705-19972_1.jpg\" \/>\n\t<meta property=\"og:image:width\" content=\"750\" \/>\n\t<meta property=\"og:image:height\" content=\"750\" \/>\n\t<meta property=\"og:image:type\" content=\"image\/jpeg\" \/>\n<meta name=\"twitter:card\" content=\"summary_large_image\" \/>\n<meta name=\"twitter:label1\" content=\"Est. reading time\" \/>\n\t<meta name=\"twitter:data1\" content=\"2 minutes\" \/>\n<script type=\"application\/ld+json\" class=\"yoast-schema-graph\">{\"@context\":\"https:\/\/schema.org\",\"@graph\":[{\"@type\":\"WebPage\",\"@id\":\"https:\/\/monti.lt\/product\/vaikiskas-kosmetinis-rinkinys\/\",\"url\":\"https:\/\/monti.lt\/product\/vaikiskas-kosmetinis-rinkinys\/\",\"name\":\"Vaiki\u0161kas Kosmetinis rinkinys - Montessori \u017eaislai\",\"isPartOf\":{\"@id\":\"https:\/\/monti.lt\/#website\"},\"primaryImageOfPage\":{\"@id\":\"https:\/\/monti.lt\/product\/vaikiskas-kosmetinis-rinkinys\/#primaryimage\"},\"image\":{\"@id\":\"https:\/\/monti.lt\/product\/vaikiskas-kosmetinis-rinkinys\/#primaryimage\"},\"thumbnailUrl\":\"https:\/\/monti.lt\/wp-content\/uploads\/2025\/11\/eng_pl_Make-up-set-cosmetics-case-ZA4705-19972_1.jpg\",\"datePublished\":\"2025-11-11T13:25:33+00:00\",\"dateModified\":\"2025-11-18T16:12:41+00:00\",\"breadcrumb\":{\"@id\":\"https:\/\/monti.lt\/product\/vaikiskas-kosmetinis-rinkinys\/#breadcrumb\"},\"inLanguage\":\"en-US\",\"potentialAction\":[{\"@type\":\"ReadAction\",\"target\":[\"https:\/\/monti.lt\/product\/vaikiskas-kosmetinis-rinkinys\/\"]}]},{\"@type\":\"ImageObject\",\"inLanguage\":\"en-US\",\"@id\":\"https:\/\/monti.lt\/product\/vaikiskas-kosmetinis-rinkinys\/#primaryimage\",\"url\":\"https:\/\/monti.lt\/wp-content\/uploads\/2025\/11\/eng_pl_Make-up-set-cosmetics-case-ZA4705-19972_1.jpg\",\"contentUrl\":\"https:\/\/monti.lt\/wp-content\/uploads\/2025\/11\/eng_pl_Make-up-set-cosmetics-case-ZA4705-19972_1.jpg\",\"width\":750,\"height\":750},{\"@type\":\"BreadcrumbList\",\"@id\":\"https:\/\/monti.lt\/product\/vaikiskas-kosmetinis-rinkinys\/#breadcrumb\",\"itemListElement\":[{\"@type\":\"ListItem\",\"position\":1,\"name\":\"Home\",\"item\":\"https:\/\/monti.lt\/\"},{\"@type\":\"ListItem\",\"position\":2,\"name\":\"Parduotuv\u0117\",\"item\":\"https:\/\/monti.lt\/shop\/\"},{\"@type\":\"ListItem\",\"position\":3,\"name\":\"Vaiki\u0161kas Kosmetinis rinkinys\"}]},{\"@type\":\"WebSite\",\"@id\":\"https:\/\/monti.lt\/#website\",\"url\":\"https:\/\/monti.lt\/\",\"name\":\"Montessori \u017eaislai\",\"description\":\"\",\"publisher\":{\"@id\":\"https:\/\/monti.lt\/#organization\"},\"potentialAction\":[{\"@type\":\"SearchAction\",\"target\":{\"@type\":\"EntryPoint\",\"urlTemplate\":\"https:\/\/monti.lt\/?s={search_term_string}\"},\"query-input\":\"required name=search_term_string\"}],\"inLanguage\":\"en-US\"},{\"@type\":\"Organization\",\"@id\":\"https:\/\/monti.lt\/#organization\",\"name\":\"Montessori \u017eaislai\",\"url\":\"https:\/\/monti.lt\/\",\"logo\":{\"@type\":\"ImageObject\",\"inLanguage\":\"en-US\",\"@id\":\"https:\/\/monti.lt\/#\/schema\/logo\/image\/\",\"url\":\"https:\/\/monti.lt\/wp-content\/uploads\/2022\/03\/montilogo-1.png\",\"contentUrl\":\"https:\/\/monti.lt\/wp-content\/uploads\/2022\/03\/montilogo-1.png\",\"width\":512,\"height\":512,\"caption\":\"Montessori \u017eaislai\"},\"image\":{\"@id\":\"https:\/\/monti.lt\/#\/schema\/logo\/image\/\"}}]}<\/script>\n<!-- \/ Yoast SEO plugin. -->","yoast_head_json":{"title":"Vaiki\u0161kas Kosmetinis rinkinys - Montessori \u017eaislai","robots":{"index":"index","follow":"follow","max-snippet":"max-snippet:-1","max-image-preview":"max-image-preview:large","max-video-preview":"max-video-preview:-1"},"canonical":"https:\/\/monti.lt\/en\/product\/vaikiskas-kosmetinis-rinkinys\/","og_locale":"en_US","og_type":"article","og_title":"Vaiki\u0161kas Kosmetinis rinkinys - Montessori \u017eaislai","og_description":"Fantasti\u0161kas rinkinys kiekvienai mergaitei, m\u0117gstan\u010diai \u017eaisti su mada, stiliumi ir makia\u017eu. Seniai \u017einoma, kad vaikai m\u0117gsta imituoti suaugusiuosius. Tod\u0117l ma\u017eos mergait\u0117s da\u017enai paima l\u016bp\u0173 da\u017eus ar \u0161e\u0161\u0117lius i\u0161 mamos kosmetin\u0117s ir tai baigiasi\u2026 \u012fvairiais rezultatais. Nor\u0117dami i\u0161vengti \u017ealos m\u016bs\u0173 m\u0117gstamai kosmetikai, galite padovanoti tok\u012f rinkin\u012f ma\u017eajai mados m\u0117g\u0117jai, o m\u016bs\u0173 kosmetin\u0117s tikrai gal\u0117s saugiai gul\u0117ti [&hellip;]","og_url":"https:\/\/monti.lt\/en\/product\/vaikiskas-kosmetinis-rinkinys\/","og_site_name":"Montessori \u017eaislai","article_modified_time":"2025-11-18T16:12:41+00:00","og_image":[{"width":750,"height":750,"url":"https:\/\/monti.lt\/wp-content\/uploads\/2025\/11\/eng_pl_Make-up-set-cosmetics-case-ZA4705-19972_1.jpg","type":"image\/jpeg"}],"twitter_card":"summary_large_image","twitter_misc":{"Est. reading time":"2 minutes"},"schema":{"@context":"https:\/\/schema.org","@graph":[{"@type":"WebPage","@id":"https:\/\/monti.lt\/product\/vaikiskas-kosmetinis-rinkinys\/","url":"https:\/\/monti.lt\/product\/vaikiskas-kosmetinis-rinkinys\/","name":"Vaiki\u0161kas Kosmetinis rinkinys - Montessori \u017eaislai","isPartOf":{"@id":"https:\/\/monti.lt\/#website"},"primaryImageOfPage":{"@id":"https:\/\/monti.lt\/product\/vaikiskas-kosmetinis-rinkinys\/#primaryimage"},"image":{"@id":"https:\/\/monti.lt\/product\/vaikiskas-kosmetinis-rinkinys\/#primaryimage"},"thumbnailUrl":"https:\/\/monti.lt\/wp-content\/uploads\/2025\/11\/eng_pl_Make-up-set-cosmetics-case-ZA4705-19972_1.jpg","datePublished":"2025-11-11T13:25:33+00:00","dateModified":"2025-11-18T16:12:41+00:00","breadcrumb":{"@id":"https:\/\/monti.lt\/product\/vaikiskas-kosmetinis-rinkinys\/#breadcrumb"},"inLanguage":"en-US","potentialAction":[{"@type":"ReadAction","target":["https:\/\/monti.lt\/product\/vaikiskas-kosmetinis-rinkinys\/"]}]},{"@type":"ImageObject","inLanguage":"en-US","@id":"https:\/\/monti.lt\/product\/vaikiskas-kosmetinis-rinkinys\/#primaryimage","url":"https:\/\/monti.lt\/wp-content\/uploads\/2025\/11\/eng_pl_Make-up-set-cosmetics-case-ZA4705-19972_1.jpg","contentUrl":"https:\/\/monti.lt\/wp-content\/uploads\/2025\/11\/eng_pl_Make-up-set-cosmetics-case-ZA4705-19972_1.jpg","width":750,"height":750},{"@type":"BreadcrumbList","@id":"https:\/\/monti.lt\/product\/vaikiskas-kosmetinis-rinkinys\/#breadcrumb","itemListElement":[{"@type":"ListItem","position":1,"name":"Home","item":"https:\/\/monti.lt\/"},{"@type":"ListItem","position":2,"name":"Parduotuv\u0117","item":"https:\/\/monti.lt\/shop\/"},{"@type":"ListItem","position":3,"name":"Vaiki\u0161kas Kosmetinis rinkinys"}]},{"@type":"WebSite","@id":"https:\/\/monti.lt\/#website","url":"https:\/\/monti.lt\/","name":"Montessori \u017eaislai","description":"","publisher":{"@id":"https:\/\/monti.lt\/#organization"},"potentialAction":[{"@type":"SearchAction","target":{"@type":"EntryPoint","urlTemplate":"https:\/\/monti.lt\/?s={search_term_string}"},"query-input":"required name=search_term_string"}],"inLanguage":"en-US"},{"@type":"Organization","@id":"https:\/\/monti.lt\/#organization","name":"Montessori \u017eaislai","url":"https:\/\/monti.lt\/","logo":{"@type":"ImageObject","inLanguage":"en-US","@id":"https:\/\/monti.lt\/#\/schema\/logo\/image\/","url":"https:\/\/monti.lt\/wp-content\/uploads\/2022\/03\/montilogo-1.png","contentUrl":"https:\/\/monti.lt\/wp-content\/uploads\/2022\/03\/montilogo-1.png","width":512,"height":512,"caption":"Montessori \u017eaislai"},"image":{"@id":"https:\/\/monti.lt\/#\/schema\/logo\/image\/"}}]}},"_links":{"self":[{"href":"https:\/\/monti.lt\/en\/wp-json\/wp\/v2\/product\/35780"}],"collection":[{"href":"https:\/\/monti.lt\/en\/wp-json\/wp\/v2\/product"}],"about":[{"href":"https:\/\/monti.lt\/en\/wp-json\/wp\/v2\/types\/product"}],"version-history":[{"count":1,"href":"https:\/\/monti.lt\/en\/wp-json\/wp\/v2\/product\/35780\/revisions"}],"predecessor-version":[{"id":35789,"href":"https:\/\/monti.lt\/en\/wp-json\/wp\/v2\/product\/35780\/revisions\/35789"}],"wp:featuredmedia":[{"embeddable":true,"href":"https:\/\/monti.lt\/en\/wp-json\/wp\/v2\/media\/35781"}],"wp:attachment":[{"href":"https:\/\/monti.lt\/en\/wp-json\/wp\/v2\/media?parent=35780"}],"wp:term":[{"taxonomy":"product_cat","embeddable":true,"href":"https:\/\/monti.lt\/en\/wp-json\/wp\/v2\/product_cat?post=35780"},{"taxonomy":"product_tag","embeddable":true,"href":"https:\/\/monti.lt\/en\/wp-json\/wp\/v2\/product_tag?post=35780"}],"curies":[{"name":"wp","href":"https:\/\/api.w.org\/{rel}","templated":true}]}}