{"id":35790,"date":"2025-11-11T13:28:11","date_gmt":"2025-11-11T13:28:11","guid":{"rendered":"https:\/\/monti.lt\/?post_type=product&#038;p=35790"},"modified":"2025-11-20T12:20:51","modified_gmt":"2025-11-20T12:20:51","slug":"muilo-gamybos-rinkinys","status":"publish","type":"product","link":"https:\/\/monti.lt\/en\/product\/muilo-gamybos-rinkinys\/","title":{"rendered":"Muilo gamybos rinkinys"},"content":{"rendered":"<p>Muilo dirbtuv\u0117s \u2013 tai nepaprastai k\u016brybingas edukacinis rinkinys vaikams ir suaugusiems, leid\u017eiantis sukurti tris spalvingus muilus \u017euvies, kriaukl\u0117s ir j\u016br\u0173 arkliuko formos.<br>Ar j\u016bs\u0173 vaikas geriausiai mokosi \u017eaisdamas?<br>O gal ie\u0161kote \u012fdomaus b\u016bdo praleisti laik\u0105?<br>Jei taip, muilo gamyba bus puikus pasirinkimas! Sukurkite gra\u017eiai kvepian\u010dius muilus ir kartu mokykit\u0117s chemijos!<br>K\u016brybos procesas yra paprastas ir saugus \u2013 vaikai mokosi pagrindini\u0173 muilo veikimo princip\u0173 ir susipa\u017e\u012fsta su \u012fvairiomis rankdarbi\u0173 technikomis. Naudodami muilo baz\u0119, jie j\u0105 i\u0161lydo, sumai\u0161o su pasirinktu da\u017eikliu, tada supila \u012f formeles. Po to, kai muilas sukiet\u0117ja, gaunami gra\u017e\u016bs, spalvingi muilai unikali\u0173 form\u0173. Komplekte taip pat gali b\u016bti aromatai, tod\u0117l kiekvienas muilas gali kvep\u0117ti skirtingai.<br>Rinkinyje yra:<\/p>\n\n\n\n<ul class=\"wp-block-list\">\n<li>3 formos (j\u016br\u0173 arkliukas, \u017euvis, kriaukl\u0117)<\/li>\n\n\n\n<li>muilo baz\u0117 (kubeliai)<\/li>\n\n\n\n<li>4 plastikin\u0117s pl\u0117vel\u0117s<\/li>\n\n\n\n<li>4 satino juostel\u0117s<\/li>\n\n\n\n<li>2 pir\u0161tin\u0117s<\/li>\n\n\n\n<li>2 blizgu\u010diai<\/li>\n\n\n\n<li>1 obuoli\u0173 kvapas<\/li>\n\n\n\n<li>1 persik\u0173 kvapas<\/li>\n\n\n\n<li>6 bandymo m\u0117gintuv\u0117liai su dangteliais<\/li>\n\n\n\n<li>1 x geltonas kosmetinis da\u017eiklis<\/li>\n\n\n\n<li>1 x m\u0117lynas kosmetinis da\u017eiklis<\/li>\n\n\n\n<li>1 x raudonas kosmetinis da\u017eiklis<\/li>\n\n\n\n<li>3 x medin\u0117 lazdel\u0117\/mentel\u0117<\/li>\n\n\n\n<li>3 x Pasteuro pipet\u0117<\/li>\n\n\n\n<li>1 x instrukcijos\/bro\u0161i\u016bra angl\u0173 kalba.<br>Komplekte yra bro\u0161i\u016bra angl\u0173 kalba ir nuotraukos su i\u0161samiu ingredient\u0173 apra\u0161ymu, muilo gamybos procesu, spalv\u0173 mai\u0161ymu ir \u012fdomiais faktais, taip pat \u012fvairiais muilo gamybos b\u016bdais\/id\u0117jomis.<\/li>\n<\/ul>","protected":false},"excerpt":{"rendered":"<p>Muilo dirbtuv\u0117s \u2013 tai nepaprastai k\u016brybingas edukacinis rinkinys vaikams ir suaugusiems, leid\u017eiantis sukurti tris spalvingus muilus \u017euvies, kriaukl\u0117s ir j\u016br\u0173 arkliuko formos.Ar j\u016bs\u0173 vaikas geriausiai mokosi \u017eaisdamas?O gal ie\u0161kote \u012fdomaus b\u016bdo praleisti laik\u0105?Jei taip, muilo gamyba bus puikus pasirinkimas! Sukurkite gra\u017eiai kvepian\u010dius muilus ir kartu mokykit\u0117s chemijos!K\u016brybos procesas yra paprastas ir saugus \u2013 vaikai mokosi [&hellip;]<\/p>","protected":false},"featured_media":35791,"template":"","meta":{"_acf_changed":false,"iawp_total_views":87},"product_cat":[87,84,93,49,39],"product_tag":[101,99,100],"class_list":{"0":"post-35790","1":"product","2":"type-product","3":"status-publish","4":"has-post-thumbnail","6":"product_cat-kurybiniai-rinkiniai","7":"product_cat-lavinamieji-zaislai","8":"product_cat-vaidmenu-zaidimai","9":"product_cat-visi-zaislai","10":"product_cat-zaislai","11":"product_tag-12-m-14-m","12":"product_tag-8-m-11-m","13":"product_tag-15-m","15":"first","16":"outofstock","17":"taxable","18":"shipping-taxable","19":"purchasable","20":"product-type-simple"},"acf":[],"yoast_head":"<!-- This site is optimized with the Yoast SEO plugin v23.3 - https:\/\/yoast.com\/wordpress\/plugins\/seo\/ -->\n<title>Muilo gamybos rinkinys - Montessori \u017eaislai<\/title>\n<meta name=\"robots\" content=\"index, follow, max-snippet:-1, max-image-preview:large, max-video-preview:-1\" \/>\n<link rel=\"canonical\" href=\"https:\/\/monti.lt\/en\/product\/muilo-gamybos-rinkinys\/\" \/>\n<meta property=\"og:locale\" content=\"en_US\" \/>\n<meta property=\"og:type\" content=\"article\" \/>\n<meta property=\"og:title\" content=\"Muilo gamybos rinkinys - Montessori \u017eaislai\" \/>\n<meta property=\"og:description\" content=\"Muilo dirbtuv\u0117s \u2013 tai nepaprastai k\u016brybingas edukacinis rinkinys vaikams ir suaugusiems, leid\u017eiantis sukurti tris spalvingus muilus \u017euvies, kriaukl\u0117s ir j\u016br\u0173 arkliuko formos.Ar j\u016bs\u0173 vaikas geriausiai mokosi \u017eaisdamas?O gal ie\u0161kote \u012fdomaus b\u016bdo praleisti laik\u0105?Jei taip, muilo gamyba bus puikus pasirinkimas! Sukurkite gra\u017eiai kvepian\u010dius muilus ir kartu mokykit\u0117s chemijos!K\u016brybos procesas yra paprastas ir saugus \u2013 vaikai mokosi [&hellip;]\" \/>\n<meta property=\"og:url\" content=\"https:\/\/monti.lt\/en\/product\/muilo-gamybos-rinkinys\/\" \/>\n<meta property=\"og:site_name\" content=\"Montessori \u017eaislai\" \/>\n<meta property=\"article:modified_time\" content=\"2025-11-20T12:20:51+00:00\" \/>\n<meta property=\"og:image\" content=\"https:\/\/monti.lt\/wp-content\/uploads\/2025\/11\/eng_pl_DIY-kit-We-make-soap-SOAP-WORKSHOP-Soap-factory-ZA5201-21123_1.jpg\" \/>\n\t<meta property=\"og:image:width\" content=\"1000\" \/>\n\t<meta property=\"og:image:height\" content=\"750\" \/>\n\t<meta property=\"og:image:type\" content=\"image\/jpeg\" \/>\n<meta name=\"twitter:card\" content=\"summary_large_image\" \/>\n<meta name=\"twitter:label1\" content=\"Est. reading time\" \/>\n\t<meta name=\"twitter:data1\" content=\"2 minutes\" \/>\n<script type=\"application\/ld+json\" class=\"yoast-schema-graph\">{\"@context\":\"https:\/\/schema.org\",\"@graph\":[{\"@type\":\"WebPage\",\"@id\":\"https:\/\/monti.lt\/product\/muilo-gamybos-rinkinys\/\",\"url\":\"https:\/\/monti.lt\/product\/muilo-gamybos-rinkinys\/\",\"name\":\"Muilo gamybos rinkinys - Montessori \u017eaislai\",\"isPartOf\":{\"@id\":\"https:\/\/monti.lt\/#website\"},\"primaryImageOfPage\":{\"@id\":\"https:\/\/monti.lt\/product\/muilo-gamybos-rinkinys\/#primaryimage\"},\"image\":{\"@id\":\"https:\/\/monti.lt\/product\/muilo-gamybos-rinkinys\/#primaryimage\"},\"thumbnailUrl\":\"https:\/\/monti.lt\/wp-content\/uploads\/2025\/11\/eng_pl_DIY-kit-We-make-soap-SOAP-WORKSHOP-Soap-factory-ZA5201-21123_1.jpg\",\"datePublished\":\"2025-11-11T13:28:11+00:00\",\"dateModified\":\"2025-11-20T12:20:51+00:00\",\"breadcrumb\":{\"@id\":\"https:\/\/monti.lt\/product\/muilo-gamybos-rinkinys\/#breadcrumb\"},\"inLanguage\":\"en-US\",\"potentialAction\":[{\"@type\":\"ReadAction\",\"target\":[\"https:\/\/monti.lt\/product\/muilo-gamybos-rinkinys\/\"]}]},{\"@type\":\"ImageObject\",\"inLanguage\":\"en-US\",\"@id\":\"https:\/\/monti.lt\/product\/muilo-gamybos-rinkinys\/#primaryimage\",\"url\":\"https:\/\/monti.lt\/wp-content\/uploads\/2025\/11\/eng_pl_DIY-kit-We-make-soap-SOAP-WORKSHOP-Soap-factory-ZA5201-21123_1.jpg\",\"contentUrl\":\"https:\/\/monti.lt\/wp-content\/uploads\/2025\/11\/eng_pl_DIY-kit-We-make-soap-SOAP-WORKSHOP-Soap-factory-ZA5201-21123_1.jpg\",\"width\":1000,\"height\":750,\"caption\":\"muilo gamybos rinkinys\"},{\"@type\":\"BreadcrumbList\",\"@id\":\"https:\/\/monti.lt\/product\/muilo-gamybos-rinkinys\/#breadcrumb\",\"itemListElement\":[{\"@type\":\"ListItem\",\"position\":1,\"name\":\"Home\",\"item\":\"https:\/\/monti.lt\/\"},{\"@type\":\"ListItem\",\"position\":2,\"name\":\"Parduotuv\u0117\",\"item\":\"https:\/\/monti.lt\/shop\/\"},{\"@type\":\"ListItem\",\"position\":3,\"name\":\"Muilo gamybos rinkinys\"}]},{\"@type\":\"WebSite\",\"@id\":\"https:\/\/monti.lt\/#website\",\"url\":\"https:\/\/monti.lt\/\",\"name\":\"Montessori \u017eaislai\",\"description\":\"\",\"publisher\":{\"@id\":\"https:\/\/monti.lt\/#organization\"},\"potentialAction\":[{\"@type\":\"SearchAction\",\"target\":{\"@type\":\"EntryPoint\",\"urlTemplate\":\"https:\/\/monti.lt\/?s={search_term_string}\"},\"query-input\":\"required name=search_term_string\"}],\"inLanguage\":\"en-US\"},{\"@type\":\"Organization\",\"@id\":\"https:\/\/monti.lt\/#organization\",\"name\":\"Montessori \u017eaislai\",\"url\":\"https:\/\/monti.lt\/\",\"logo\":{\"@type\":\"ImageObject\",\"inLanguage\":\"en-US\",\"@id\":\"https:\/\/monti.lt\/#\/schema\/logo\/image\/\",\"url\":\"https:\/\/monti.lt\/wp-content\/uploads\/2022\/03\/montilogo-1.png\",\"contentUrl\":\"https:\/\/monti.lt\/wp-content\/uploads\/2022\/03\/montilogo-1.png\",\"width\":512,\"height\":512,\"caption\":\"Montessori \u017eaislai\"},\"image\":{\"@id\":\"https:\/\/monti.lt\/#\/schema\/logo\/image\/\"}}]}<\/script>\n<!-- \/ Yoast SEO plugin. -->","yoast_head_json":{"title":"Muilo gamybos rinkinys - Montessori \u017eaislai","robots":{"index":"index","follow":"follow","max-snippet":"max-snippet:-1","max-image-preview":"max-image-preview:large","max-video-preview":"max-video-preview:-1"},"canonical":"https:\/\/monti.lt\/en\/product\/muilo-gamybos-rinkinys\/","og_locale":"en_US","og_type":"article","og_title":"Muilo gamybos rinkinys - Montessori \u017eaislai","og_description":"Muilo dirbtuv\u0117s \u2013 tai nepaprastai k\u016brybingas edukacinis rinkinys vaikams ir suaugusiems, leid\u017eiantis sukurti tris spalvingus muilus \u017euvies, kriaukl\u0117s ir j\u016br\u0173 arkliuko formos.Ar j\u016bs\u0173 vaikas geriausiai mokosi \u017eaisdamas?O gal ie\u0161kote \u012fdomaus b\u016bdo praleisti laik\u0105?Jei taip, muilo gamyba bus puikus pasirinkimas! Sukurkite gra\u017eiai kvepian\u010dius muilus ir kartu mokykit\u0117s chemijos!K\u016brybos procesas yra paprastas ir saugus \u2013 vaikai mokosi [&hellip;]","og_url":"https:\/\/monti.lt\/en\/product\/muilo-gamybos-rinkinys\/","og_site_name":"Montessori \u017eaislai","article_modified_time":"2025-11-20T12:20:51+00:00","og_image":[{"width":1000,"height":750,"url":"https:\/\/monti.lt\/wp-content\/uploads\/2025\/11\/eng_pl_DIY-kit-We-make-soap-SOAP-WORKSHOP-Soap-factory-ZA5201-21123_1.jpg","type":"image\/jpeg"}],"twitter_card":"summary_large_image","twitter_misc":{"Est. reading time":"2 minutes"},"schema":{"@context":"https:\/\/schema.org","@graph":[{"@type":"WebPage","@id":"https:\/\/monti.lt\/product\/muilo-gamybos-rinkinys\/","url":"https:\/\/monti.lt\/product\/muilo-gamybos-rinkinys\/","name":"Muilo gamybos rinkinys - Montessori \u017eaislai","isPartOf":{"@id":"https:\/\/monti.lt\/#website"},"primaryImageOfPage":{"@id":"https:\/\/monti.lt\/product\/muilo-gamybos-rinkinys\/#primaryimage"},"image":{"@id":"https:\/\/monti.lt\/product\/muilo-gamybos-rinkinys\/#primaryimage"},"thumbnailUrl":"https:\/\/monti.lt\/wp-content\/uploads\/2025\/11\/eng_pl_DIY-kit-We-make-soap-SOAP-WORKSHOP-Soap-factory-ZA5201-21123_1.jpg","datePublished":"2025-11-11T13:28:11+00:00","dateModified":"2025-11-20T12:20:51+00:00","breadcrumb":{"@id":"https:\/\/monti.lt\/product\/muilo-gamybos-rinkinys\/#breadcrumb"},"inLanguage":"en-US","potentialAction":[{"@type":"ReadAction","target":["https:\/\/monti.lt\/product\/muilo-gamybos-rinkinys\/"]}]},{"@type":"ImageObject","inLanguage":"en-US","@id":"https:\/\/monti.lt\/product\/muilo-gamybos-rinkinys\/#primaryimage","url":"https:\/\/monti.lt\/wp-content\/uploads\/2025\/11\/eng_pl_DIY-kit-We-make-soap-SOAP-WORKSHOP-Soap-factory-ZA5201-21123_1.jpg","contentUrl":"https:\/\/monti.lt\/wp-content\/uploads\/2025\/11\/eng_pl_DIY-kit-We-make-soap-SOAP-WORKSHOP-Soap-factory-ZA5201-21123_1.jpg","width":1000,"height":750,"caption":"muilo gamybos rinkinys"},{"@type":"BreadcrumbList","@id":"https:\/\/monti.lt\/product\/muilo-gamybos-rinkinys\/#breadcrumb","itemListElement":[{"@type":"ListItem","position":1,"name":"Home","item":"https:\/\/monti.lt\/"},{"@type":"ListItem","position":2,"name":"Parduotuv\u0117","item":"https:\/\/monti.lt\/shop\/"},{"@type":"ListItem","position":3,"name":"Muilo gamybos rinkinys"}]},{"@type":"WebSite","@id":"https:\/\/monti.lt\/#website","url":"https:\/\/monti.lt\/","name":"Montessori \u017eaislai","description":"","publisher":{"@id":"https:\/\/monti.lt\/#organization"},"potentialAction":[{"@type":"SearchAction","target":{"@type":"EntryPoint","urlTemplate":"https:\/\/monti.lt\/?s={search_term_string}"},"query-input":"required name=search_term_string"}],"inLanguage":"en-US"},{"@type":"Organization","@id":"https:\/\/monti.lt\/#organization","name":"Montessori \u017eaislai","url":"https:\/\/monti.lt\/","logo":{"@type":"ImageObject","inLanguage":"en-US","@id":"https:\/\/monti.lt\/#\/schema\/logo\/image\/","url":"https:\/\/monti.lt\/wp-content\/uploads\/2022\/03\/montilogo-1.png","contentUrl":"https:\/\/monti.lt\/wp-content\/uploads\/2022\/03\/montilogo-1.png","width":512,"height":512,"caption":"Montessori \u017eaislai"},"image":{"@id":"https:\/\/monti.lt\/#\/schema\/logo\/image\/"}}]}},"_links":{"self":[{"href":"https:\/\/monti.lt\/en\/wp-json\/wp\/v2\/product\/35790"}],"collection":[{"href":"https:\/\/monti.lt\/en\/wp-json\/wp\/v2\/product"}],"about":[{"href":"https:\/\/monti.lt\/en\/wp-json\/wp\/v2\/types\/product"}],"version-history":[{"count":1,"href":"https:\/\/monti.lt\/en\/wp-json\/wp\/v2\/product\/35790\/revisions"}],"predecessor-version":[{"id":35798,"href":"https:\/\/monti.lt\/en\/wp-json\/wp\/v2\/product\/35790\/revisions\/35798"}],"wp:featuredmedia":[{"embeddable":true,"href":"https:\/\/monti.lt\/en\/wp-json\/wp\/v2\/media\/35791"}],"wp:attachment":[{"href":"https:\/\/monti.lt\/en\/wp-json\/wp\/v2\/media?parent=35790"}],"wp:term":[{"taxonomy":"product_cat","embeddable":true,"href":"https:\/\/monti.lt\/en\/wp-json\/wp\/v2\/product_cat?post=35790"},{"taxonomy":"product_tag","embeddable":true,"href":"https:\/\/monti.lt\/en\/wp-json\/wp\/v2\/product_tag?post=35790"}],"curies":[{"name":"wp","href":"https:\/\/api.w.org\/{rel}","templated":true}]}}