{"id":35799,"date":"2025-11-11T13:31:39","date_gmt":"2025-11-11T13:31:39","guid":{"rendered":"https:\/\/monti.lt\/?post_type=product&#038;p=35799"},"modified":"2025-11-21T20:32:06","modified_gmt":"2025-11-21T20:32:06","slug":"makiazo-rinkinys-lagaminelyje","status":"publish","type":"product","link":"https:\/\/monti.lt\/en\/product\/makiazo-rinkinys-lagaminelyje\/","title":{"rendered":"Makia\u017eo rinkinys lagamin\u0117lyje"},"content":{"rendered":"<p>\u017davingas lagaminas, pilnas kosmetikos priemoni\u0173 gra\u017eiems nagams ir makia\u017eui sukurti, patiks kiekvienai ma\u017eajai stilistei. Komplekte yra daug pried\u0173 profesionaliam maniki\u016brui, pediki\u016brui su papuo\u0161imais ir makia\u017eui. Visas komplektas yra sud\u0117tas \u012f gra\u017e\u0173 lagamin\u0105 su veidrod\u017eiu ir kosmetikos laikikliais. D\u0117l patogios rankenos prie lagamino galite j\u012f pasiimti su savimi bet kur, kaip tai daro profesional\u016bs stilistai.<br>Komplekte yra:<\/p>\n\n\n\n<ul class=\"wp-block-list\">\n<li>u\u017erakinama d\u0117\u017eut\u0117 su veidrod\u0117liu<\/li>\n\n\n\n<li>lemput\u0117 nagams d\u017eiovinti<\/li>\n\n\n\n<li>blizg\u016bs nag\u0173 atskyrikliai<\/li>\n\n\n\n<li>antgali\u0173 rinkinys<\/li>\n\n\n\n<li>klij\u0173 t\u016bbel\u0117<\/li>\n\n\n\n<li>nag\u0173 lipdukai<\/li>\n\n\n\n<li>2 x nag\u0173 lakas su blizgu\u010diais, m\u0117lynas, koralinis<\/li>\n\n\n\n<li>d\u0117\u017eut\u0117 su spalvotais blizgu\u010diais klijuoti<\/li>\n\n\n\n<li>3 x nag\u0173 blizgu\u010diai (auksiniai, m\u0117lyni, ro\u017einiai)<\/li>\n\n\n\n<li>nag\u0173 dild\u0117<\/li>\n\n\n\n<li>palet\u0117 su 12 spalvot\u0173 aki\u0173 \u0161e\u0161\u0117li\u0173 ir teptuku<\/li>\n\n\n\n<li>raudona l\u016bp\u0173 da\u017eai<\/li>\n\n\n\n<li>5 makia\u017eo teptukai<br>Baga\u017ein\u0117s matmenys:<\/li>\n\n\n\n<li>19,5 x 15 x 7,5 cm<br>Lempos galia:<\/li>\n\n\n\n<li>2 x 1,5 V AA (\u012f komplekt\u0105 ne\u012feina)<br>\u017davinga baga\u017ein\u0117 su kosmetika, skirta kiekvienai mergaitei, m\u0117gstan\u010diai \u017eaisti su mada, stiliumi ir makia\u017eu. Na, negin\u010dytina, kad ma\u017eos mergait\u0117s da\u017enai m\u0117gsta imituoti, vogti mamos kosmetik\u0105 ir puo\u0161tis prie\u0161 veidrod\u012f, kaip j\u0173 mama, sesuo ar mo\u010diut\u0117. \u0160tai kod\u0117l \u0161is eleganti\u0161kas lagaminas su kosmetika leis kiekvienai ma\u017eajai gra\u017euolei savaranki\u0161kai, unikaliai pasida\u017eyti ir susitvarkyti nagus. Visi rinkinyje esantys kosmetikos produktai yra sertifikuoti ir saug\u016bs odai, juos lengva nuplauti vandeniu. Gra\u017eus rinkinys turi visk\u0105, ko reikia ma\u017eajai princesei.<\/li>\n<\/ul>","protected":false},"excerpt":{"rendered":"<p>\u017davingas lagaminas, pilnas kosmetikos priemoni\u0173 gra\u017eiems nagams ir makia\u017eui sukurti, patiks kiekvienai ma\u017eajai stilistei. Komplekte yra daug pried\u0173 profesionaliam maniki\u016brui, pediki\u016brui su papuo\u0161imais ir makia\u017eui. Visas komplektas yra sud\u0117tas \u012f gra\u017e\u0173 lagamin\u0105 su veidrod\u017eiu ir kosmetikos laikikliais. D\u0117l patogios rankenos prie lagamino galite j\u012f pasiimti su savimi bet kur, kaip tai daro profesional\u016bs stilistai.Komplekte yra:<\/p>","protected":false},"featured_media":35800,"template":"","meta":{"_acf_changed":false,"iawp_total_views":79},"product_cat":[196,191,84,93,49,39,214],"product_tag":[97,98,99],"class_list":{"0":"post-35799","1":"product","2":"type-product","3":"status-publish","4":"has-post-thumbnail","6":"product_cat-dovanos-mergaitems","7":"product_cat-dovanos-vaikams","8":"product_cat-lavinamieji-zaislai","9":"product_cat-vaidmenu-zaidimai","10":"product_cat-visi-zaislai","11":"product_cat-zaislai","12":"product_cat-zaislai-mergaitems","13":"product_tag-3-m-4-m","14":"product_tag-5-m-7-m","15":"product_tag-8-m-11-m","17":"first","18":"outofstock","19":"taxable","20":"shipping-taxable","21":"purchasable","22":"product-type-simple"},"acf":[],"yoast_head":"<!-- This site is optimized with the Yoast SEO plugin v23.3 - https:\/\/yoast.com\/wordpress\/plugins\/seo\/ -->\n<title>Makia\u017eo rinkinys lagamin\u0117lyje - Montessori \u017eaislai<\/title>\n<meta name=\"robots\" content=\"index, follow, max-snippet:-1, max-image-preview:large, max-video-preview:-1\" \/>\n<link rel=\"canonical\" href=\"https:\/\/monti.lt\/en\/product\/makiazo-rinkinys-lagaminelyje\/\" \/>\n<meta property=\"og:locale\" content=\"en_US\" \/>\n<meta property=\"og:type\" content=\"article\" \/>\n<meta property=\"og:title\" content=\"Makia\u017eo rinkinys lagamin\u0117lyje - Montessori \u017eaislai\" \/>\n<meta property=\"og:description\" content=\"\u017davingas lagaminas, pilnas kosmetikos priemoni\u0173 gra\u017eiems nagams ir makia\u017eui sukurti, patiks kiekvienai ma\u017eajai stilistei. Komplekte yra daug pried\u0173 profesionaliam maniki\u016brui, pediki\u016brui su papuo\u0161imais ir makia\u017eui. Visas komplektas yra sud\u0117tas \u012f gra\u017e\u0173 lagamin\u0105 su veidrod\u017eiu ir kosmetikos laikikliais. D\u0117l patogios rankenos prie lagamino galite j\u012f pasiimti su savimi bet kur, kaip tai daro profesional\u016bs stilistai.Komplekte yra:\" \/>\n<meta property=\"og:url\" content=\"https:\/\/monti.lt\/en\/product\/makiazo-rinkinys-lagaminelyje\/\" \/>\n<meta property=\"og:site_name\" content=\"Montessori \u017eaislai\" \/>\n<meta property=\"article:modified_time\" content=\"2025-11-21T20:32:06+00:00\" \/>\n<meta property=\"og:image\" content=\"https:\/\/monti.lt\/wp-content\/uploads\/2025\/11\/eng_pl_Case-with-cosmetics-for-make-up-nails-ZA4445-19236_10.jpg\" \/>\n\t<meta property=\"og:image:width\" content=\"750\" \/>\n\t<meta property=\"og:image:height\" content=\"750\" \/>\n\t<meta property=\"og:image:type\" content=\"image\/jpeg\" \/>\n<meta name=\"twitter:card\" content=\"summary_large_image\" \/>\n<meta name=\"twitter:label1\" content=\"Est. reading time\" \/>\n\t<meta name=\"twitter:data1\" content=\"2 minutes\" \/>\n<script type=\"application\/ld+json\" class=\"yoast-schema-graph\">{\"@context\":\"https:\/\/schema.org\",\"@graph\":[{\"@type\":\"WebPage\",\"@id\":\"https:\/\/monti.lt\/product\/makiazo-rinkinys-lagaminelyje\/\",\"url\":\"https:\/\/monti.lt\/product\/makiazo-rinkinys-lagaminelyje\/\",\"name\":\"Makia\u017eo rinkinys lagamin\u0117lyje - Montessori \u017eaislai\",\"isPartOf\":{\"@id\":\"https:\/\/monti.lt\/#website\"},\"primaryImageOfPage\":{\"@id\":\"https:\/\/monti.lt\/product\/makiazo-rinkinys-lagaminelyje\/#primaryimage\"},\"image\":{\"@id\":\"https:\/\/monti.lt\/product\/makiazo-rinkinys-lagaminelyje\/#primaryimage\"},\"thumbnailUrl\":\"https:\/\/monti.lt\/wp-content\/uploads\/2025\/11\/eng_pl_Case-with-cosmetics-for-make-up-nails-ZA4445-19236_10.jpg\",\"datePublished\":\"2025-11-11T13:31:39+00:00\",\"dateModified\":\"2025-11-21T20:32:06+00:00\",\"breadcrumb\":{\"@id\":\"https:\/\/monti.lt\/product\/makiazo-rinkinys-lagaminelyje\/#breadcrumb\"},\"inLanguage\":\"en-US\",\"potentialAction\":[{\"@type\":\"ReadAction\",\"target\":[\"https:\/\/monti.lt\/product\/makiazo-rinkinys-lagaminelyje\/\"]}]},{\"@type\":\"ImageObject\",\"inLanguage\":\"en-US\",\"@id\":\"https:\/\/monti.lt\/product\/makiazo-rinkinys-lagaminelyje\/#primaryimage\",\"url\":\"https:\/\/monti.lt\/wp-content\/uploads\/2025\/11\/eng_pl_Case-with-cosmetics-for-make-up-nails-ZA4445-19236_10.jpg\",\"contentUrl\":\"https:\/\/monti.lt\/wp-content\/uploads\/2025\/11\/eng_pl_Case-with-cosmetics-for-make-up-nails-ZA4445-19236_10.jpg\",\"width\":750,\"height\":750,\"caption\":\"kosmetika lagaminelyje\"},{\"@type\":\"BreadcrumbList\",\"@id\":\"https:\/\/monti.lt\/product\/makiazo-rinkinys-lagaminelyje\/#breadcrumb\",\"itemListElement\":[{\"@type\":\"ListItem\",\"position\":1,\"name\":\"Home\",\"item\":\"https:\/\/monti.lt\/\"},{\"@type\":\"ListItem\",\"position\":2,\"name\":\"Parduotuv\u0117\",\"item\":\"https:\/\/monti.lt\/shop\/\"},{\"@type\":\"ListItem\",\"position\":3,\"name\":\"Makia\u017eo rinkinys lagamin\u0117lyje\"}]},{\"@type\":\"WebSite\",\"@id\":\"https:\/\/monti.lt\/#website\",\"url\":\"https:\/\/monti.lt\/\",\"name\":\"Montessori \u017eaislai\",\"description\":\"\",\"publisher\":{\"@id\":\"https:\/\/monti.lt\/#organization\"},\"potentialAction\":[{\"@type\":\"SearchAction\",\"target\":{\"@type\":\"EntryPoint\",\"urlTemplate\":\"https:\/\/monti.lt\/?s={search_term_string}\"},\"query-input\":\"required name=search_term_string\"}],\"inLanguage\":\"en-US\"},{\"@type\":\"Organization\",\"@id\":\"https:\/\/monti.lt\/#organization\",\"name\":\"Montessori \u017eaislai\",\"url\":\"https:\/\/monti.lt\/\",\"logo\":{\"@type\":\"ImageObject\",\"inLanguage\":\"en-US\",\"@id\":\"https:\/\/monti.lt\/#\/schema\/logo\/image\/\",\"url\":\"https:\/\/monti.lt\/wp-content\/uploads\/2022\/03\/montilogo-1.png\",\"contentUrl\":\"https:\/\/monti.lt\/wp-content\/uploads\/2022\/03\/montilogo-1.png\",\"width\":512,\"height\":512,\"caption\":\"Montessori \u017eaislai\"},\"image\":{\"@id\":\"https:\/\/monti.lt\/#\/schema\/logo\/image\/\"}}]}<\/script>\n<!-- \/ Yoast SEO plugin. -->","yoast_head_json":{"title":"Makia\u017eo rinkinys lagamin\u0117lyje - Montessori \u017eaislai","robots":{"index":"index","follow":"follow","max-snippet":"max-snippet:-1","max-image-preview":"max-image-preview:large","max-video-preview":"max-video-preview:-1"},"canonical":"https:\/\/monti.lt\/en\/product\/makiazo-rinkinys-lagaminelyje\/","og_locale":"en_US","og_type":"article","og_title":"Makia\u017eo rinkinys lagamin\u0117lyje - Montessori \u017eaislai","og_description":"\u017davingas lagaminas, pilnas kosmetikos priemoni\u0173 gra\u017eiems nagams ir makia\u017eui sukurti, patiks kiekvienai ma\u017eajai stilistei. Komplekte yra daug pried\u0173 profesionaliam maniki\u016brui, pediki\u016brui su papuo\u0161imais ir makia\u017eui. Visas komplektas yra sud\u0117tas \u012f gra\u017e\u0173 lagamin\u0105 su veidrod\u017eiu ir kosmetikos laikikliais. D\u0117l patogios rankenos prie lagamino galite j\u012f pasiimti su savimi bet kur, kaip tai daro profesional\u016bs stilistai.Komplekte yra:","og_url":"https:\/\/monti.lt\/en\/product\/makiazo-rinkinys-lagaminelyje\/","og_site_name":"Montessori \u017eaislai","article_modified_time":"2025-11-21T20:32:06+00:00","og_image":[{"width":750,"height":750,"url":"https:\/\/monti.lt\/wp-content\/uploads\/2025\/11\/eng_pl_Case-with-cosmetics-for-make-up-nails-ZA4445-19236_10.jpg","type":"image\/jpeg"}],"twitter_card":"summary_large_image","twitter_misc":{"Est. reading time":"2 minutes"},"schema":{"@context":"https:\/\/schema.org","@graph":[{"@type":"WebPage","@id":"https:\/\/monti.lt\/product\/makiazo-rinkinys-lagaminelyje\/","url":"https:\/\/monti.lt\/product\/makiazo-rinkinys-lagaminelyje\/","name":"Makia\u017eo rinkinys lagamin\u0117lyje - Montessori \u017eaislai","isPartOf":{"@id":"https:\/\/monti.lt\/#website"},"primaryImageOfPage":{"@id":"https:\/\/monti.lt\/product\/makiazo-rinkinys-lagaminelyje\/#primaryimage"},"image":{"@id":"https:\/\/monti.lt\/product\/makiazo-rinkinys-lagaminelyje\/#primaryimage"},"thumbnailUrl":"https:\/\/monti.lt\/wp-content\/uploads\/2025\/11\/eng_pl_Case-with-cosmetics-for-make-up-nails-ZA4445-19236_10.jpg","datePublished":"2025-11-11T13:31:39+00:00","dateModified":"2025-11-21T20:32:06+00:00","breadcrumb":{"@id":"https:\/\/monti.lt\/product\/makiazo-rinkinys-lagaminelyje\/#breadcrumb"},"inLanguage":"en-US","potentialAction":[{"@type":"ReadAction","target":["https:\/\/monti.lt\/product\/makiazo-rinkinys-lagaminelyje\/"]}]},{"@type":"ImageObject","inLanguage":"en-US","@id":"https:\/\/monti.lt\/product\/makiazo-rinkinys-lagaminelyje\/#primaryimage","url":"https:\/\/monti.lt\/wp-content\/uploads\/2025\/11\/eng_pl_Case-with-cosmetics-for-make-up-nails-ZA4445-19236_10.jpg","contentUrl":"https:\/\/monti.lt\/wp-content\/uploads\/2025\/11\/eng_pl_Case-with-cosmetics-for-make-up-nails-ZA4445-19236_10.jpg","width":750,"height":750,"caption":"kosmetika lagaminelyje"},{"@type":"BreadcrumbList","@id":"https:\/\/monti.lt\/product\/makiazo-rinkinys-lagaminelyje\/#breadcrumb","itemListElement":[{"@type":"ListItem","position":1,"name":"Home","item":"https:\/\/monti.lt\/"},{"@type":"ListItem","position":2,"name":"Parduotuv\u0117","item":"https:\/\/monti.lt\/shop\/"},{"@type":"ListItem","position":3,"name":"Makia\u017eo rinkinys lagamin\u0117lyje"}]},{"@type":"WebSite","@id":"https:\/\/monti.lt\/#website","url":"https:\/\/monti.lt\/","name":"Montessori \u017eaislai","description":"","publisher":{"@id":"https:\/\/monti.lt\/#organization"},"potentialAction":[{"@type":"SearchAction","target":{"@type":"EntryPoint","urlTemplate":"https:\/\/monti.lt\/?s={search_term_string}"},"query-input":"required name=search_term_string"}],"inLanguage":"en-US"},{"@type":"Organization","@id":"https:\/\/monti.lt\/#organization","name":"Montessori \u017eaislai","url":"https:\/\/monti.lt\/","logo":{"@type":"ImageObject","inLanguage":"en-US","@id":"https:\/\/monti.lt\/#\/schema\/logo\/image\/","url":"https:\/\/monti.lt\/wp-content\/uploads\/2022\/03\/montilogo-1.png","contentUrl":"https:\/\/monti.lt\/wp-content\/uploads\/2022\/03\/montilogo-1.png","width":512,"height":512,"caption":"Montessori \u017eaislai"},"image":{"@id":"https:\/\/monti.lt\/#\/schema\/logo\/image\/"}}]}},"_links":{"self":[{"href":"https:\/\/monti.lt\/en\/wp-json\/wp\/v2\/product\/35799"}],"collection":[{"href":"https:\/\/monti.lt\/en\/wp-json\/wp\/v2\/product"}],"about":[{"href":"https:\/\/monti.lt\/en\/wp-json\/wp\/v2\/types\/product"}],"version-history":[{"count":1,"href":"https:\/\/monti.lt\/en\/wp-json\/wp\/v2\/product\/35799\/revisions"}],"predecessor-version":[{"id":35807,"href":"https:\/\/monti.lt\/en\/wp-json\/wp\/v2\/product\/35799\/revisions\/35807"}],"wp:featuredmedia":[{"embeddable":true,"href":"https:\/\/monti.lt\/en\/wp-json\/wp\/v2\/media\/35800"}],"wp:attachment":[{"href":"https:\/\/monti.lt\/en\/wp-json\/wp\/v2\/media?parent=35799"}],"wp:term":[{"taxonomy":"product_cat","embeddable":true,"href":"https:\/\/monti.lt\/en\/wp-json\/wp\/v2\/product_cat?post=35799"},{"taxonomy":"product_tag","embeddable":true,"href":"https:\/\/monti.lt\/en\/wp-json\/wp\/v2\/product_tag?post=35799"}],"curies":[{"name":"wp","href":"https:\/\/api.w.org\/{rel}","templated":true}]}}