{"id":35808,"date":"2025-11-11T13:34:37","date_gmt":"2025-11-11T13:34:37","guid":{"rendered":"https:\/\/monti.lt\/?post_type=product&#038;p=35808"},"modified":"2025-12-01T04:01:49","modified_gmt":"2025-12-01T04:01:49","slug":"minksti-lipukai-35-vnt","status":"publish","type":"product","link":"https:\/\/monti.lt\/en\/product\/minksti-lipukai-35-vnt\/","title":{"rendered":"Mink\u0161ti lipukai, 35 vnt."},"content":{"rendered":"<p>Nuostab\u016bs, spalvingi silikoniniai blokai yra pasi\u016blymas ma\u017eiesiems ir didiesiems. Lankst\u016bs, malon\u016bs liesti mega k\u016brybiniai blokai suteiks daug k\u016brybinio malonumo. Siurbtukai yra lankst\u016bs, jie prisikabina prie visko ir siurbia, kai \u017eaid\u017eia. Blokus galima priklijuoti prie lygaus pavir\u0161iaus, pavyzd\u017eiui, stiklo, lang\u0173, \u0161aldytuv\u0173, stalvir\u0161i\u0173\u2026 tod\u0117l juos galima naudoti kiekviename nam\u0173 kampelyje. Brang\u016bs t\u0117vai, nesijaudinkite, blokai lengvai priklijuojami ir nuimami, tod\u0117l n\u0117ra pavojaus sugadinti buitinius prietaisus. Priklijavimas\/nu\u0117mimas lydi juokingas garsas.<br>D\u0117l lanks\u010dios blok\u0173 konstrukcijos galite kurti kaban\u010dius bok\u0161tus, \u017emogeliukus, lanks\u010dius tiltus, telefono laikiklius, jie tiks vonioje ir visur, kur leid\u017eia vaizduot\u0117.<br>Fantasti\u0161kas malonumas garantuotas.<br>Silikonini\u0173 pagalv\u0117li\u0173 privalumai:<\/p>\n\n\n\n<ul class=\"wp-block-list\">\n<li>nepalieka p\u0117dsak\u0173<\/li>\n\n\n\n<li>skatina k\u016brybi\u0161kum\u0105 ir eksperimentavim\u0105 \u017eaid\u017eiant<\/li>\n\n\n\n<li>novatori\u0161kas sujungimo b\u016bdas \u2013 konstrukcija siurbimo b\u016bdu<\/li>\n\n\n\n<li>lavina rank\u0173 judrum\u0105<\/li>\n\n\n\n<li>stimuliuoja jutimus<\/li>\n\n\n\n<li>pagaminti i\u0161 auk\u0161tos kokyb\u0117s silikonin\u0117s gumos<br>Rinkinyje yra:<\/li>\n\n\n\n<li>35 spalvingi, lankst\u016bs blokai 5 skirting\u0173 form\u0173 ir spalv\u0173<br>Spalvingoje pakuot\u0117je supakuoti blokai puikiai tinka dovanai. \u201eJokomisiada\u201c parduotuv\u0117je rasite didel\u012f \u0161vietimo \u017eaisl\u0173 pasirinkim\u0105 ma\u017eiems ir dideliems vaikams.<\/li>\n<\/ul>","protected":false},"excerpt":{"rendered":"<p>Nuostab\u016bs, spalvingi silikoniniai blokai yra pasi\u016blymas ma\u017eiesiems ir didiesiems. Lankst\u016bs, malon\u016bs liesti mega k\u016brybiniai blokai suteiks daug k\u016brybinio malonumo. Siurbtukai yra lankst\u016bs, jie prisikabina prie visko ir siurbia, kai \u017eaid\u017eia. Blokus galima priklijuoti prie lygaus pavir\u0161iaus, pavyzd\u017eiui, stiklo, lang\u0173, \u0161aldytuv\u0173, stalvir\u0161i\u0173\u2026 tod\u0117l juos galima naudoti kiekviename nam\u0173 kampelyje. Brang\u016bs t\u0117vai, nesijaudinkite, blokai lengvai priklijuojami ir [&hellip;]<\/p>","protected":false},"featured_media":35809,"template":"","meta":{"_acf_changed":false,"iawp_total_views":190},"product_cat":[218,87,84,86,49,39],"product_tag":[97,98],"class_list":{"0":"post-35808","1":"product","2":"type-product","3":"status-publish","4":"has-post-thumbnail","6":"product_cat-darzeliu-grupems","7":"product_cat-kurybiniai-rinkiniai","8":"product_cat-lavinamieji-zaislai","9":"product_cat-smulkioji-motorika","10":"product_cat-visi-zaislai","11":"product_cat-zaislai","12":"product_tag-3-m-4-m","13":"product_tag-5-m-7-m","15":"first","16":"outofstock","17":"taxable","18":"shipping-taxable","19":"purchasable","20":"product-type-simple"},"acf":[],"yoast_head":"<!-- This site is optimized with the Yoast SEO plugin v23.3 - https:\/\/yoast.com\/wordpress\/plugins\/seo\/ -->\n<title>Mink\u0161ti lipukai, 35 vnt. - Montessori \u017eaislai<\/title>\n<meta name=\"robots\" content=\"index, follow, max-snippet:-1, max-image-preview:large, max-video-preview:-1\" \/>\n<link rel=\"canonical\" href=\"https:\/\/monti.lt\/en\/product\/minksti-lipukai-35-vnt\/\" \/>\n<meta property=\"og:locale\" content=\"en_US\" \/>\n<meta property=\"og:type\" content=\"article\" \/>\n<meta property=\"og:title\" content=\"Mink\u0161ti lipukai, 35 vnt. - Montessori \u017eaislai\" \/>\n<meta property=\"og:description\" content=\"Nuostab\u016bs, spalvingi silikoniniai blokai yra pasi\u016blymas ma\u017eiesiems ir didiesiems. Lankst\u016bs, malon\u016bs liesti mega k\u016brybiniai blokai suteiks daug k\u016brybinio malonumo. Siurbtukai yra lankst\u016bs, jie prisikabina prie visko ir siurbia, kai \u017eaid\u017eia. Blokus galima priklijuoti prie lygaus pavir\u0161iaus, pavyzd\u017eiui, stiklo, lang\u0173, \u0161aldytuv\u0173, stalvir\u0161i\u0173\u2026 tod\u0117l juos galima naudoti kiekviename nam\u0173 kampelyje. Brang\u016bs t\u0117vai, nesijaudinkite, blokai lengvai priklijuojami ir [&hellip;]\" \/>\n<meta property=\"og:url\" content=\"https:\/\/monti.lt\/en\/product\/minksti-lipukai-35-vnt\/\" \/>\n<meta property=\"og:site_name\" content=\"Montessori \u017eaislai\" \/>\n<meta property=\"article:modified_time\" content=\"2025-12-01T04:01:49+00:00\" \/>\n<meta property=\"og:image\" content=\"https:\/\/monti.lt\/wp-content\/uploads\/2025\/11\/eng_pl_Flexible-Suction-Cup-Sticks-35ele-ZA4394-19149_1.jpg\" \/>\n\t<meta property=\"og:image:width\" content=\"750\" \/>\n\t<meta property=\"og:image:height\" content=\"750\" \/>\n\t<meta property=\"og:image:type\" content=\"image\/jpeg\" \/>\n<meta name=\"twitter:card\" content=\"summary_large_image\" \/>\n<meta name=\"twitter:label1\" content=\"Est. reading time\" \/>\n\t<meta name=\"twitter:data1\" content=\"1 minute\" \/>\n<script type=\"application\/ld+json\" class=\"yoast-schema-graph\">{\"@context\":\"https:\/\/schema.org\",\"@graph\":[{\"@type\":\"WebPage\",\"@id\":\"https:\/\/monti.lt\/product\/minksti-lipukai-35-vnt\/\",\"url\":\"https:\/\/monti.lt\/product\/minksti-lipukai-35-vnt\/\",\"name\":\"Mink\u0161ti lipukai, 35 vnt. - Montessori \u017eaislai\",\"isPartOf\":{\"@id\":\"https:\/\/monti.lt\/#website\"},\"primaryImageOfPage\":{\"@id\":\"https:\/\/monti.lt\/product\/minksti-lipukai-35-vnt\/#primaryimage\"},\"image\":{\"@id\":\"https:\/\/monti.lt\/product\/minksti-lipukai-35-vnt\/#primaryimage\"},\"thumbnailUrl\":\"https:\/\/monti.lt\/wp-content\/uploads\/2025\/11\/eng_pl_Flexible-Suction-Cup-Sticks-35ele-ZA4394-19149_1.jpg\",\"datePublished\":\"2025-11-11T13:34:37+00:00\",\"dateModified\":\"2025-12-01T04:01:49+00:00\",\"breadcrumb\":{\"@id\":\"https:\/\/monti.lt\/product\/minksti-lipukai-35-vnt\/#breadcrumb\"},\"inLanguage\":\"en-US\",\"potentialAction\":[{\"@type\":\"ReadAction\",\"target\":[\"https:\/\/monti.lt\/product\/minksti-lipukai-35-vnt\/\"]}]},{\"@type\":\"ImageObject\",\"inLanguage\":\"en-US\",\"@id\":\"https:\/\/monti.lt\/product\/minksti-lipukai-35-vnt\/#primaryimage\",\"url\":\"https:\/\/monti.lt\/wp-content\/uploads\/2025\/11\/eng_pl_Flexible-Suction-Cup-Sticks-35ele-ZA4394-19149_1.jpg\",\"contentUrl\":\"https:\/\/monti.lt\/wp-content\/uploads\/2025\/11\/eng_pl_Flexible-Suction-Cup-Sticks-35ele-ZA4394-19149_1.jpg\",\"width\":750,\"height\":750,\"caption\":\"lipukai\"},{\"@type\":\"BreadcrumbList\",\"@id\":\"https:\/\/monti.lt\/product\/minksti-lipukai-35-vnt\/#breadcrumb\",\"itemListElement\":[{\"@type\":\"ListItem\",\"position\":1,\"name\":\"Home\",\"item\":\"https:\/\/monti.lt\/\"},{\"@type\":\"ListItem\",\"position\":2,\"name\":\"Parduotuv\u0117\",\"item\":\"https:\/\/monti.lt\/shop\/\"},{\"@type\":\"ListItem\",\"position\":3,\"name\":\"Mink\u0161ti lipukai, 35 vnt.\"}]},{\"@type\":\"WebSite\",\"@id\":\"https:\/\/monti.lt\/#website\",\"url\":\"https:\/\/monti.lt\/\",\"name\":\"Montessori \u017eaislai\",\"description\":\"\",\"publisher\":{\"@id\":\"https:\/\/monti.lt\/#organization\"},\"potentialAction\":[{\"@type\":\"SearchAction\",\"target\":{\"@type\":\"EntryPoint\",\"urlTemplate\":\"https:\/\/monti.lt\/?s={search_term_string}\"},\"query-input\":\"required name=search_term_string\"}],\"inLanguage\":\"en-US\"},{\"@type\":\"Organization\",\"@id\":\"https:\/\/monti.lt\/#organization\",\"name\":\"Montessori \u017eaislai\",\"url\":\"https:\/\/monti.lt\/\",\"logo\":{\"@type\":\"ImageObject\",\"inLanguage\":\"en-US\",\"@id\":\"https:\/\/monti.lt\/#\/schema\/logo\/image\/\",\"url\":\"https:\/\/monti.lt\/wp-content\/uploads\/2022\/03\/montilogo-1.png\",\"contentUrl\":\"https:\/\/monti.lt\/wp-content\/uploads\/2022\/03\/montilogo-1.png\",\"width\":512,\"height\":512,\"caption\":\"Montessori \u017eaislai\"},\"image\":{\"@id\":\"https:\/\/monti.lt\/#\/schema\/logo\/image\/\"}}]}<\/script>\n<!-- \/ Yoast SEO plugin. -->","yoast_head_json":{"title":"Mink\u0161ti lipukai, 35 vnt. - Montessori \u017eaislai","robots":{"index":"index","follow":"follow","max-snippet":"max-snippet:-1","max-image-preview":"max-image-preview:large","max-video-preview":"max-video-preview:-1"},"canonical":"https:\/\/monti.lt\/en\/product\/minksti-lipukai-35-vnt\/","og_locale":"en_US","og_type":"article","og_title":"Mink\u0161ti lipukai, 35 vnt. - Montessori \u017eaislai","og_description":"Nuostab\u016bs, spalvingi silikoniniai blokai yra pasi\u016blymas ma\u017eiesiems ir didiesiems. Lankst\u016bs, malon\u016bs liesti mega k\u016brybiniai blokai suteiks daug k\u016brybinio malonumo. Siurbtukai yra lankst\u016bs, jie prisikabina prie visko ir siurbia, kai \u017eaid\u017eia. Blokus galima priklijuoti prie lygaus pavir\u0161iaus, pavyzd\u017eiui, stiklo, lang\u0173, \u0161aldytuv\u0173, stalvir\u0161i\u0173\u2026 tod\u0117l juos galima naudoti kiekviename nam\u0173 kampelyje. Brang\u016bs t\u0117vai, nesijaudinkite, blokai lengvai priklijuojami ir [&hellip;]","og_url":"https:\/\/monti.lt\/en\/product\/minksti-lipukai-35-vnt\/","og_site_name":"Montessori \u017eaislai","article_modified_time":"2025-12-01T04:01:49+00:00","og_image":[{"width":750,"height":750,"url":"https:\/\/monti.lt\/wp-content\/uploads\/2025\/11\/eng_pl_Flexible-Suction-Cup-Sticks-35ele-ZA4394-19149_1.jpg","type":"image\/jpeg"}],"twitter_card":"summary_large_image","twitter_misc":{"Est. reading time":"1 minute"},"schema":{"@context":"https:\/\/schema.org","@graph":[{"@type":"WebPage","@id":"https:\/\/monti.lt\/product\/minksti-lipukai-35-vnt\/","url":"https:\/\/monti.lt\/product\/minksti-lipukai-35-vnt\/","name":"Mink\u0161ti lipukai, 35 vnt. - Montessori \u017eaislai","isPartOf":{"@id":"https:\/\/monti.lt\/#website"},"primaryImageOfPage":{"@id":"https:\/\/monti.lt\/product\/minksti-lipukai-35-vnt\/#primaryimage"},"image":{"@id":"https:\/\/monti.lt\/product\/minksti-lipukai-35-vnt\/#primaryimage"},"thumbnailUrl":"https:\/\/monti.lt\/wp-content\/uploads\/2025\/11\/eng_pl_Flexible-Suction-Cup-Sticks-35ele-ZA4394-19149_1.jpg","datePublished":"2025-11-11T13:34:37+00:00","dateModified":"2025-12-01T04:01:49+00:00","breadcrumb":{"@id":"https:\/\/monti.lt\/product\/minksti-lipukai-35-vnt\/#breadcrumb"},"inLanguage":"en-US","potentialAction":[{"@type":"ReadAction","target":["https:\/\/monti.lt\/product\/minksti-lipukai-35-vnt\/"]}]},{"@type":"ImageObject","inLanguage":"en-US","@id":"https:\/\/monti.lt\/product\/minksti-lipukai-35-vnt\/#primaryimage","url":"https:\/\/monti.lt\/wp-content\/uploads\/2025\/11\/eng_pl_Flexible-Suction-Cup-Sticks-35ele-ZA4394-19149_1.jpg","contentUrl":"https:\/\/monti.lt\/wp-content\/uploads\/2025\/11\/eng_pl_Flexible-Suction-Cup-Sticks-35ele-ZA4394-19149_1.jpg","width":750,"height":750,"caption":"lipukai"},{"@type":"BreadcrumbList","@id":"https:\/\/monti.lt\/product\/minksti-lipukai-35-vnt\/#breadcrumb","itemListElement":[{"@type":"ListItem","position":1,"name":"Home","item":"https:\/\/monti.lt\/"},{"@type":"ListItem","position":2,"name":"Parduotuv\u0117","item":"https:\/\/monti.lt\/shop\/"},{"@type":"ListItem","position":3,"name":"Mink\u0161ti lipukai, 35 vnt."}]},{"@type":"WebSite","@id":"https:\/\/monti.lt\/#website","url":"https:\/\/monti.lt\/","name":"Montessori \u017eaislai","description":"","publisher":{"@id":"https:\/\/monti.lt\/#organization"},"potentialAction":[{"@type":"SearchAction","target":{"@type":"EntryPoint","urlTemplate":"https:\/\/monti.lt\/?s={search_term_string}"},"query-input":"required name=search_term_string"}],"inLanguage":"en-US"},{"@type":"Organization","@id":"https:\/\/monti.lt\/#organization","name":"Montessori \u017eaislai","url":"https:\/\/monti.lt\/","logo":{"@type":"ImageObject","inLanguage":"en-US","@id":"https:\/\/monti.lt\/#\/schema\/logo\/image\/","url":"https:\/\/monti.lt\/wp-content\/uploads\/2022\/03\/montilogo-1.png","contentUrl":"https:\/\/monti.lt\/wp-content\/uploads\/2022\/03\/montilogo-1.png","width":512,"height":512,"caption":"Montessori \u017eaislai"},"image":{"@id":"https:\/\/monti.lt\/#\/schema\/logo\/image\/"}}]}},"_links":{"self":[{"href":"https:\/\/monti.lt\/en\/wp-json\/wp\/v2\/product\/35808"}],"collection":[{"href":"https:\/\/monti.lt\/en\/wp-json\/wp\/v2\/product"}],"about":[{"href":"https:\/\/monti.lt\/en\/wp-json\/wp\/v2\/types\/product"}],"version-history":[{"count":1,"href":"https:\/\/monti.lt\/en\/wp-json\/wp\/v2\/product\/35808\/revisions"}],"predecessor-version":[{"id":35816,"href":"https:\/\/monti.lt\/en\/wp-json\/wp\/v2\/product\/35808\/revisions\/35816"}],"wp:featuredmedia":[{"embeddable":true,"href":"https:\/\/monti.lt\/en\/wp-json\/wp\/v2\/media\/35809"}],"wp:attachment":[{"href":"https:\/\/monti.lt\/en\/wp-json\/wp\/v2\/media?parent=35808"}],"wp:term":[{"taxonomy":"product_cat","embeddable":true,"href":"https:\/\/monti.lt\/en\/wp-json\/wp\/v2\/product_cat?post=35808"},{"taxonomy":"product_tag","embeddable":true,"href":"https:\/\/monti.lt\/en\/wp-json\/wp\/v2\/product_tag?post=35808"}],"curies":[{"name":"wp","href":"https:\/\/api.w.org\/{rel}","templated":true}]}}