{"id":35889,"date":"2025-11-13T12:49:50","date_gmt":"2025-11-13T12:49:50","guid":{"rendered":"https:\/\/monti.lt\/?post_type=product&#038;p=35889"},"modified":"2026-03-21T19:05:34","modified_gmt":"2026-03-21T19:05:34","slug":"classic-world-magnetine-delione-asmenybes","status":"publish","type":"product","link":"https:\/\/monti.lt\/en\/product\/classic-world-magnetine-delione-asmenybes\/","title":{"rendered":"Classic world magnetin\u0117 d\u0117lion\u0117 &#8220;Asmenyb\u0117s&#8221;"},"content":{"rendered":"<p>Atraskite mados ir k\u016brybinio malonumo pasaul\u012f su magnetiniu d\u0117lioni\u0173 rinkiniu \u201eClassic World\u201c! \u0160is unikalus rinkinys perkelia j\u016bs\u0173 vaik\u0105 \u012f beproti\u0161k\u0173 k\u016brini\u0173 ir begalini\u0173 stiliaus galimybi\u0173 pasaul\u012f. Magnetin\u0117s detal\u0117s leid\u017eia laisvai derinti \u012fvairias \u0161ukuosenas, skryb\u0117les, akinius ir veido plaukus, kad sukurtum\u0117te kietus ir madingus persona\u017eus. Naudodamas 8 \u0161ablon\u0173 korteles, j\u016bs\u0173 ma\u017eylis gali atkurti paruo\u0161tus aprangos derinius arba paleisti vaizduot\u0119 ir sukurti visi\u0161kai naujus, unikalius stilius. Visas rinkinys pateikiamas patogioje ir lengvai ne\u0161iojamoje d\u0117\u017eut\u0117je, kuri puikiai tinka kelionei ar vizitui pas mo\u010diut\u0119.<\/p>\n\n\n\n<p>Savyb\u0117s:<\/p>\n\n\n\n<ul class=\"wp-block-list\">\n<li>\u017daislas skirtas vaikams nuo 3 met\u0173.<\/li>\n\n\n\n<li>32 elementai \u2013 daugyb\u0117 aksesuar\u0173, leid\u017eian\u010di\u0173 sukurti unikalius stilius.<\/li>\n\n\n\n<li>8 \u0161ablon\u0173 kortel\u0117s \u2013 parengti \u012fkv\u0117pimo \u0161altiniai, kuriuos galima atkurti arba modifikuoti.<\/li>\n\n\n\n<li>Stipr\u016bs magnetai \u2013 u\u017etikrina, kad \u017eaidimo metu n\u0117 vienas elementas nenukrist\u0173.<\/li>\n\n\n\n<li>Patogi pakuot\u0117 \u2013 lengva ne\u0161iotis ir laikyti.<\/li>\n\n\n\n<li>Neribota k\u016brybi\u0161kumas \u2013 galimyb\u0117 kurti savo originalius dizainus.<br>Komplekte yra:<\/li>\n\n\n\n<li>1x d\u0117\u017eut\u0117 su magnetine lenta, skirta kompozicijoms kurti.<\/li>\n\n\n\n<li>32x magnetiniai elementai (\u0161ukuosenos, veido plaukai, drabu\u017eiai, aksesuarai).<\/li>\n\n\n\n<li>8x kortel\u0117s su kostiumais apsirengusi\u0173 berniuk\u0173 modeliais.<br>\u017daislas ugdo:<\/li>\n\n\n\n<li>Vaizduot\u0119 ir k\u016brybi\u0161kum\u0105.<\/li>\n\n\n\n<li>Rank\u0173 \u012fg\u016bd\u017eius.<\/li>\n\n\n\n<li>Koncentracij\u0105.<\/li>\n\n\n\n<li>Suvokim\u0105.<\/li>\n\n\n\n<li>Socialinius \u012fg\u016bd\u017eius.<\/li>\n<\/ul>\n\n\n\n<p><\/p>","protected":false},"excerpt":{"rendered":"<p>Atraskite mados ir k\u016brybinio malonumo pasaul\u012f su magnetiniu d\u0117lioni\u0173 rinkiniu \u201eClassic World\u201c! \u0160is unikalus rinkinys perkelia j\u016bs\u0173 vaik\u0105 \u012f beproti\u0161k\u0173 k\u016brini\u0173 ir begalini\u0173 stiliaus galimybi\u0173 pasaul\u012f. Magnetin\u0117s detal\u0117s leid\u017eia laisvai derinti \u012fvairias \u0161ukuosenas, skryb\u0117les, akinius ir veido plaukus, kad sukurtum\u0117te kietus ir madingus persona\u017eus. Naudodamas 8 \u0161ablon\u0173 korteles, j\u016bs\u0173 ma\u017eylis gali atkurti paruo\u0161tus aprangos derinius [&hellip;]<\/p>","protected":false},"featured_media":35890,"template":"","meta":{"_acf_changed":false,"iawp_total_views":106},"product_cat":[246,218,92,208,195,216,217,191,87,84,90,86,50,199,93,49,39,201],"product_tag":[97,98],"class_list":{"0":"post-35889","1":"product","2":"type-product","3":"status-publish","4":"has-post-thumbnail","6":"product_cat-classic-world","7":"product_cat-darzeliu-grupems","8":"product_cat-deliones","9":"product_cat-deliones-2","10":"product_cat-dovanos-vaikams-3-4-metu","11":"product_cat-dovanos-4-5-metu-vaikams","12":"product_cat-dovanos-5-7-metu-vaikams","13":"product_cat-dovanos-vaikams","14":"product_cat-kurybiniai-rinkiniai","15":"product_cat-lavinamieji-zaislai","16":"product_cat-pasaulio-pazinimas","17":"product_cat-smulkioji-motorika","18":"product_cat-top-dovanos","19":"product_cat-ugdymo-istaigoms","20":"product_cat-vaidmenu-zaidimai","21":"product_cat-visi-zaislai","22":"product_cat-zaislai","23":"product_cat-zaislai-kelioneje","24":"product_tag-3-m-4-m","25":"product_tag-5-m-7-m","27":"first","28":"instock","29":"taxable","30":"shipping-taxable","31":"purchasable","32":"product-type-simple"},"acf":[],"yoast_head":"<!-- This site is optimized with the Yoast SEO plugin v23.3 - https:\/\/yoast.com\/wordpress\/plugins\/seo\/ -->\n<title>Classic world magnetin\u0117 d\u0117lion\u0117 &quot;Asmenyb\u0117s&quot; - Montessori \u017eaislai<\/title>\n<meta name=\"robots\" content=\"index, follow, max-snippet:-1, max-image-preview:large, max-video-preview:-1\" \/>\n<link rel=\"canonical\" href=\"https:\/\/monti.lt\/en\/product\/classic-world-magnetine-delione-asmenybes\/\" \/>\n<meta property=\"og:locale\" content=\"en_US\" \/>\n<meta property=\"og:type\" content=\"article\" \/>\n<meta property=\"og:title\" content=\"Classic world magnetin\u0117 d\u0117lion\u0117 &quot;Asmenyb\u0117s&quot; - Montessori \u017eaislai\" \/>\n<meta property=\"og:description\" content=\"Atraskite mados ir k\u016brybinio malonumo pasaul\u012f su magnetiniu d\u0117lioni\u0173 rinkiniu \u201eClassic World\u201c! \u0160is unikalus rinkinys perkelia j\u016bs\u0173 vaik\u0105 \u012f beproti\u0161k\u0173 k\u016brini\u0173 ir begalini\u0173 stiliaus galimybi\u0173 pasaul\u012f. Magnetin\u0117s detal\u0117s leid\u017eia laisvai derinti \u012fvairias \u0161ukuosenas, skryb\u0117les, akinius ir veido plaukus, kad sukurtum\u0117te kietus ir madingus persona\u017eus. Naudodamas 8 \u0161ablon\u0173 korteles, j\u016bs\u0173 ma\u017eylis gali atkurti paruo\u0161tus aprangos derinius [&hellip;]\" \/>\n<meta property=\"og:url\" content=\"https:\/\/monti.lt\/en\/product\/classic-world-magnetine-delione-asmenybes\/\" \/>\n<meta property=\"og:site_name\" content=\"Montessori \u017eaislai\" \/>\n<meta property=\"article:modified_time\" content=\"2026-03-21T19:05:34+00:00\" \/>\n<meta property=\"og:image\" content=\"https:\/\/monti.lt\/wp-content\/uploads\/2025\/11\/classic-world-ukladanka-magnetyczna-moda-zdjecia-chlopcy-32-el.jpg\" \/>\n\t<meta property=\"og:image:width\" content=\"800\" \/>\n\t<meta property=\"og:image:height\" content=\"800\" \/>\n\t<meta property=\"og:image:type\" content=\"image\/jpeg\" \/>\n<meta name=\"twitter:card\" content=\"summary_large_image\" \/>\n<meta name=\"twitter:label1\" content=\"Est. reading time\" \/>\n\t<meta name=\"twitter:data1\" content=\"2 minutes\" \/>\n<script type=\"application\/ld+json\" class=\"yoast-schema-graph\">{\"@context\":\"https:\/\/schema.org\",\"@graph\":[{\"@type\":\"WebPage\",\"@id\":\"https:\/\/monti.lt\/product\/classic-world-magnetine-delione-asmenybes\/\",\"url\":\"https:\/\/monti.lt\/product\/classic-world-magnetine-delione-asmenybes\/\",\"name\":\"Classic world magnetin\u0117 d\u0117lion\u0117 \\\"Asmenyb\u0117s\\\" - Montessori \u017eaislai\",\"isPartOf\":{\"@id\":\"https:\/\/monti.lt\/#website\"},\"primaryImageOfPage\":{\"@id\":\"https:\/\/monti.lt\/product\/classic-world-magnetine-delione-asmenybes\/#primaryimage\"},\"image\":{\"@id\":\"https:\/\/monti.lt\/product\/classic-world-magnetine-delione-asmenybes\/#primaryimage\"},\"thumbnailUrl\":\"https:\/\/monti.lt\/wp-content\/uploads\/2025\/11\/classic-world-ukladanka-magnetyczna-moda-zdjecia-chlopcy-32-el.jpg\",\"datePublished\":\"2025-11-13T12:49:50+00:00\",\"dateModified\":\"2026-03-21T19:05:34+00:00\",\"breadcrumb\":{\"@id\":\"https:\/\/monti.lt\/product\/classic-world-magnetine-delione-asmenybes\/#breadcrumb\"},\"inLanguage\":\"en-US\",\"potentialAction\":[{\"@type\":\"ReadAction\",\"target\":[\"https:\/\/monti.lt\/product\/classic-world-magnetine-delione-asmenybes\/\"]}]},{\"@type\":\"ImageObject\",\"inLanguage\":\"en-US\",\"@id\":\"https:\/\/monti.lt\/product\/classic-world-magnetine-delione-asmenybes\/#primaryimage\",\"url\":\"https:\/\/monti.lt\/wp-content\/uploads\/2025\/11\/classic-world-ukladanka-magnetyczna-moda-zdjecia-chlopcy-32-el.jpg\",\"contentUrl\":\"https:\/\/monti.lt\/wp-content\/uploads\/2025\/11\/classic-world-ukladanka-magnetyczna-moda-zdjecia-chlopcy-32-el.jpg\",\"width\":800,\"height\":800,\"caption\":\"magnetine delione asmenybes\"},{\"@type\":\"BreadcrumbList\",\"@id\":\"https:\/\/monti.lt\/product\/classic-world-magnetine-delione-asmenybes\/#breadcrumb\",\"itemListElement\":[{\"@type\":\"ListItem\",\"position\":1,\"name\":\"Home\",\"item\":\"https:\/\/monti.lt\/\"},{\"@type\":\"ListItem\",\"position\":2,\"name\":\"Parduotuv\u0117\",\"item\":\"https:\/\/monti.lt\/shop\/\"},{\"@type\":\"ListItem\",\"position\":3,\"name\":\"Classic world magnetin\u0117 d\u0117lion\u0117 &#8220;Asmenyb\u0117s&#8221;\"}]},{\"@type\":\"WebSite\",\"@id\":\"https:\/\/monti.lt\/#website\",\"url\":\"https:\/\/monti.lt\/\",\"name\":\"Montessori \u017eaislai\",\"description\":\"\",\"publisher\":{\"@id\":\"https:\/\/monti.lt\/#organization\"},\"potentialAction\":[{\"@type\":\"SearchAction\",\"target\":{\"@type\":\"EntryPoint\",\"urlTemplate\":\"https:\/\/monti.lt\/?s={search_term_string}\"},\"query-input\":\"required name=search_term_string\"}],\"inLanguage\":\"en-US\"},{\"@type\":\"Organization\",\"@id\":\"https:\/\/monti.lt\/#organization\",\"name\":\"Montessori \u017eaislai\",\"url\":\"https:\/\/monti.lt\/\",\"logo\":{\"@type\":\"ImageObject\",\"inLanguage\":\"en-US\",\"@id\":\"https:\/\/monti.lt\/#\/schema\/logo\/image\/\",\"url\":\"https:\/\/monti.lt\/wp-content\/uploads\/2022\/03\/montilogo-1.png\",\"contentUrl\":\"https:\/\/monti.lt\/wp-content\/uploads\/2022\/03\/montilogo-1.png\",\"width\":512,\"height\":512,\"caption\":\"Montessori \u017eaislai\"},\"image\":{\"@id\":\"https:\/\/monti.lt\/#\/schema\/logo\/image\/\"}}]}<\/script>\n<!-- \/ Yoast SEO plugin. -->","yoast_head_json":{"title":"Classic world magnetin\u0117 d\u0117lion\u0117 \"Asmenyb\u0117s\" - Montessori \u017eaislai","robots":{"index":"index","follow":"follow","max-snippet":"max-snippet:-1","max-image-preview":"max-image-preview:large","max-video-preview":"max-video-preview:-1"},"canonical":"https:\/\/monti.lt\/en\/product\/classic-world-magnetine-delione-asmenybes\/","og_locale":"en_US","og_type":"article","og_title":"Classic world magnetin\u0117 d\u0117lion\u0117 \"Asmenyb\u0117s\" - Montessori \u017eaislai","og_description":"Atraskite mados ir k\u016brybinio malonumo pasaul\u012f su magnetiniu d\u0117lioni\u0173 rinkiniu \u201eClassic World\u201c! \u0160is unikalus rinkinys perkelia j\u016bs\u0173 vaik\u0105 \u012f beproti\u0161k\u0173 k\u016brini\u0173 ir begalini\u0173 stiliaus galimybi\u0173 pasaul\u012f. Magnetin\u0117s detal\u0117s leid\u017eia laisvai derinti \u012fvairias \u0161ukuosenas, skryb\u0117les, akinius ir veido plaukus, kad sukurtum\u0117te kietus ir madingus persona\u017eus. Naudodamas 8 \u0161ablon\u0173 korteles, j\u016bs\u0173 ma\u017eylis gali atkurti paruo\u0161tus aprangos derinius [&hellip;]","og_url":"https:\/\/monti.lt\/en\/product\/classic-world-magnetine-delione-asmenybes\/","og_site_name":"Montessori \u017eaislai","article_modified_time":"2026-03-21T19:05:34+00:00","og_image":[{"width":800,"height":800,"url":"https:\/\/monti.lt\/wp-content\/uploads\/2025\/11\/classic-world-ukladanka-magnetyczna-moda-zdjecia-chlopcy-32-el.jpg","type":"image\/jpeg"}],"twitter_card":"summary_large_image","twitter_misc":{"Est. reading time":"2 minutes"},"schema":{"@context":"https:\/\/schema.org","@graph":[{"@type":"WebPage","@id":"https:\/\/monti.lt\/product\/classic-world-magnetine-delione-asmenybes\/","url":"https:\/\/monti.lt\/product\/classic-world-magnetine-delione-asmenybes\/","name":"Classic world magnetin\u0117 d\u0117lion\u0117 \"Asmenyb\u0117s\" - Montessori \u017eaislai","isPartOf":{"@id":"https:\/\/monti.lt\/#website"},"primaryImageOfPage":{"@id":"https:\/\/monti.lt\/product\/classic-world-magnetine-delione-asmenybes\/#primaryimage"},"image":{"@id":"https:\/\/monti.lt\/product\/classic-world-magnetine-delione-asmenybes\/#primaryimage"},"thumbnailUrl":"https:\/\/monti.lt\/wp-content\/uploads\/2025\/11\/classic-world-ukladanka-magnetyczna-moda-zdjecia-chlopcy-32-el.jpg","datePublished":"2025-11-13T12:49:50+00:00","dateModified":"2026-03-21T19:05:34+00:00","breadcrumb":{"@id":"https:\/\/monti.lt\/product\/classic-world-magnetine-delione-asmenybes\/#breadcrumb"},"inLanguage":"en-US","potentialAction":[{"@type":"ReadAction","target":["https:\/\/monti.lt\/product\/classic-world-magnetine-delione-asmenybes\/"]}]},{"@type":"ImageObject","inLanguage":"en-US","@id":"https:\/\/monti.lt\/product\/classic-world-magnetine-delione-asmenybes\/#primaryimage","url":"https:\/\/monti.lt\/wp-content\/uploads\/2025\/11\/classic-world-ukladanka-magnetyczna-moda-zdjecia-chlopcy-32-el.jpg","contentUrl":"https:\/\/monti.lt\/wp-content\/uploads\/2025\/11\/classic-world-ukladanka-magnetyczna-moda-zdjecia-chlopcy-32-el.jpg","width":800,"height":800,"caption":"magnetine delione asmenybes"},{"@type":"BreadcrumbList","@id":"https:\/\/monti.lt\/product\/classic-world-magnetine-delione-asmenybes\/#breadcrumb","itemListElement":[{"@type":"ListItem","position":1,"name":"Home","item":"https:\/\/monti.lt\/"},{"@type":"ListItem","position":2,"name":"Parduotuv\u0117","item":"https:\/\/monti.lt\/shop\/"},{"@type":"ListItem","position":3,"name":"Classic world magnetin\u0117 d\u0117lion\u0117 &#8220;Asmenyb\u0117s&#8221;"}]},{"@type":"WebSite","@id":"https:\/\/monti.lt\/#website","url":"https:\/\/monti.lt\/","name":"Montessori \u017eaislai","description":"","publisher":{"@id":"https:\/\/monti.lt\/#organization"},"potentialAction":[{"@type":"SearchAction","target":{"@type":"EntryPoint","urlTemplate":"https:\/\/monti.lt\/?s={search_term_string}"},"query-input":"required name=search_term_string"}],"inLanguage":"en-US"},{"@type":"Organization","@id":"https:\/\/monti.lt\/#organization","name":"Montessori \u017eaislai","url":"https:\/\/monti.lt\/","logo":{"@type":"ImageObject","inLanguage":"en-US","@id":"https:\/\/monti.lt\/#\/schema\/logo\/image\/","url":"https:\/\/monti.lt\/wp-content\/uploads\/2022\/03\/montilogo-1.png","contentUrl":"https:\/\/monti.lt\/wp-content\/uploads\/2022\/03\/montilogo-1.png","width":512,"height":512,"caption":"Montessori \u017eaislai"},"image":{"@id":"https:\/\/monti.lt\/#\/schema\/logo\/image\/"}}]}},"_links":{"self":[{"href":"https:\/\/monti.lt\/en\/wp-json\/wp\/v2\/product\/35889"}],"collection":[{"href":"https:\/\/monti.lt\/en\/wp-json\/wp\/v2\/product"}],"about":[{"href":"https:\/\/monti.lt\/en\/wp-json\/wp\/v2\/types\/product"}],"version-history":[{"count":1,"href":"https:\/\/monti.lt\/en\/wp-json\/wp\/v2\/product\/35889\/revisions"}],"predecessor-version":[{"id":35905,"href":"https:\/\/monti.lt\/en\/wp-json\/wp\/v2\/product\/35889\/revisions\/35905"}],"wp:featuredmedia":[{"embeddable":true,"href":"https:\/\/monti.lt\/en\/wp-json\/wp\/v2\/media\/35890"}],"wp:attachment":[{"href":"https:\/\/monti.lt\/en\/wp-json\/wp\/v2\/media?parent=35889"}],"wp:term":[{"taxonomy":"product_cat","embeddable":true,"href":"https:\/\/monti.lt\/en\/wp-json\/wp\/v2\/product_cat?post=35889"},{"taxonomy":"product_tag","embeddable":true,"href":"https:\/\/monti.lt\/en\/wp-json\/wp\/v2\/product_tag?post=35889"}],"curies":[{"name":"wp","href":"https:\/\/api.w.org\/{rel}","templated":true}]}}