{"id":35920,"date":"2025-11-13T13:14:52","date_gmt":"2025-11-13T13:14:52","guid":{"rendered":"https:\/\/monti.lt\/?post_type=product&#038;p=35920"},"modified":"2025-12-09T07:30:30","modified_gmt":"2025-12-09T07:30:30","slug":"medinis-muzikinis-staliukas","status":"publish","type":"product","link":"https:\/\/monti.lt\/en\/product\/medinis-muzikinis-staliukas\/","title":{"rendered":"Medinis muzikinis staliukas"},"content":{"rendered":"<h1 class=\"wp-block-heading\">Medinis edukacinis b\u016bgn\u0173 stalas Kruzzel &#8211; sensorinis Montessori su cimbolais, b\u016bgnais ir bar\u0161ku\u010diais vaikams &#8211; muzikinis ir sensorinis vystymasis ma\u017eyliams&nbsp;<\/h1>\n\n\n\n<p><strong>&nbsp;<\/strong>&nbsp;Padovanokite savo vaikui \u017eaisl\u0105, kuris lavina ir linksmina tuo pa\u010diu metu!&nbsp;&nbsp;&nbsp;<strong>Kruzzel muzikinis b\u016bgn\u0173 stovas<\/strong>&nbsp;&nbsp;&nbsp;yra gars\u0173, spalv\u0173 ir nat\u016brali\u0173 med\u017eiag\u0173 derinys \u2013 idealus b\u016bdas lavinti ma\u017eylio koordinacij\u0105, poj\u016b\u010dius ir k\u016brybi\u0161kum\u0105. Pagaminta i\u0161&nbsp;&nbsp;&nbsp;<strong>Saugi mediena ir metalas<\/strong>&nbsp;, be a\u0161tri\u0173 briaun\u0173, garantuoja ram\u0173 \u017eaidim\u0105 ir ilgaam\u017ei\u0161kum\u0105 daugel\u012f met\u0173.&nbsp;&nbsp;&nbsp;<strong>tobula Montessori dovana<\/strong>&nbsp;, kuri palaiko sensorin\u012f ir muzikin\u012f vystym\u0105si, kartu teikdama daug d\u017eiaugsmo kiekvien\u0105 dien\u0105.<\/p>\n\n\n\n<h2 class=\"wp-block-heading\">Medinis edukacinis stalas \u201eKruzzel\u201c \u2013 mokymasis, \u017eaidimas ir tobul\u0117jimas pagal muzikos ritm\u0105!<\/h2>\n\n\n\n<p>&#8211;&nbsp;<strong>Lavina muzikinius ir ritminius geb\u0117jimus<\/strong>&nbsp;&nbsp;&nbsp;\u2013 vaikas mokosi cimbol\u0173, b\u016bgn\u0173 ir bar\u0161ku\u010di\u0173 gars\u0173, lavina ritm\u0105 ir muzikin\u0119 klaus\u0105; Montessori tyrimai patvirtina, kad \u017eaidimas su garsais padeda&nbsp;&nbsp;&nbsp;<strong>kalbos ir koncentracijos raida 40 % greitesn\u0117<\/strong>&nbsp;.<\/p>\n\n\n\n<p>&#8211;&nbsp;<strong>Palaiko sensorin\u012f ir motorin\u012f vystym\u0105si<\/strong>&nbsp;&nbsp;&nbsp;\u2013 \u012fvairios tekst\u016bros, spalvos ir garsai stimuliuoja poj\u016b\u010dius, palaikydami rank\u0173 ir aki\u0173 koordinacij\u0105 bei judesi\u0173 tikslum\u0105.<\/p>\n\n\n\n<p>&#8211;&nbsp;<strong>Nat\u016bralios ir saugios med\u017eiagos<\/strong>&nbsp;&nbsp;&nbsp;\u2013 pagamintas i\u0161&nbsp;&nbsp;&nbsp;<strong>Pagaminta i\u0161 med\u017eio masyvo ir metalo<\/strong>&nbsp;, be a\u0161tri\u0173 briaun\u0173 ir toksi\u0161k\u0173 da\u017e\u0173; patvirtinanti atitikt\u012f Europos \u017eaisl\u0173 saugos standartams.<\/p>\n\n\n\n<p>&#8211;&nbsp;<strong>Patvari konstrukcija ateinantiems metams<\/strong>&nbsp;&nbsp;&nbsp;\u2013 tvirtos jungtys ir stori elementai u\u017etikrina ilgaam\u017ei\u0161kum\u0105 net ir intensyvaus \u017eaidimo metu;<\/p>\n\n\n\n<p>&#8211;&nbsp;<strong>Daugiafunkcis edukacinis \u017eaislas<\/strong>&nbsp;&nbsp;&nbsp;\u2013 derina mokym\u0105si ir pramogas, lavina vaizduot\u0119, koordinacij\u0105 ir kantryb\u0119; idealiai tinka savaranki\u0161kam ir grupiniam \u017eaidimui namuose ar mokykloje.<\/p>\n\n\n\n<p><strong>&#8211; Esteti\u0161kas dizainas ir \u0161iltos spalvos<\/strong>&nbsp;&nbsp;&nbsp;\u2013 tinka bet kuriame vaik\u0173 kambaryje, tuo pa\u010diu metu pritraukia vaiko d\u0117mes\u012f ir skatina j\u012f kartu muzikuoti.<\/p>\n\n\n\n<p>\u2013&nbsp;<strong>Puiki dovana ma\u017eiesiems<\/strong>&nbsp;\u2013 saugus, lavinantis ir gra\u017eiai pagamintas stalas yra&nbsp;<strong>puiki dovanos id\u0117ja<\/strong>&nbsp;gimtadieniams, \u0161vent\u0117ms ar Vaik\u0173 dienos proga.<\/p>\n\n\n\n<h2 class=\"wp-block-heading\">Produkto specifikacijos \u2013 Kruzzel medinis edukacinis b\u016bgn\u0173 stalas<\/h2>\n\n\n\n<ul class=\"wp-block-list\">\n<li><strong>Likimas:<\/strong>\u00a0\u00a0\u00a0Vaik\u0173 muzikinis ir sensorinis vystymasis<\/li>\n\n\n\n<li><strong>\u017daislo vystymosi pob\u016bdis<\/strong><\/li>\n\n\n\n<li><strong>Daugiafunkcinis instrument\u0173 rinkinys<\/strong>\u00a0\u00a0\u00a0\u2013 cimbolai, b\u016bgnai, bar\u0161ku\u010diai ir varpeliai<\/li>\n\n\n\n<li><strong>Lengva palaikyti \u0161var\u0105<\/strong><\/li>\n\n\n\n<li><strong>Patvarus ir tvirtas<\/strong><\/li>\n\n\n\n<li><strong>Esteti\u0161kas ir nat\u016bralus dizainas<\/strong><\/li>\n\n\n\n<li><strong>Puiki dovanos id\u0117ja<\/strong><\/li>\n\n\n\n<li>edukacinis pob\u016bdis ir<\/li>\n\n\n\n<li>universalus naudojimas<\/li>\n\n\n\n<li><strong>Vaiko am\u017eius:<\/strong>\u00a0\u00a0\u00a0Vaikams\u00a0\u00a0\u00a0<strong>vyresni nei 3 met\u0173 am\u017eiaus<\/strong><\/li>\n\n\n\n<li><strong>Saugos sertifikatas:<\/strong>\u00a0atitikimas Europos \u017eaisl\u0173 saugos standartams<\/li>\n\n\n\n<li><strong>Med\u017eiaga:<\/strong>\u00a0\u00a0\u00a0Nat\u016brali mediena, metalas<\/li>\n\n\n\n<li><strong>Spalva:<\/strong>\u00a0\u00a0\u00a0Ry\u0161kios, nat\u016bralios spalvos su spalvingais muzikiniais elementais<\/li>\n\n\n\n<li><strong>Produkto matmenys:<\/strong>\u00a0\u00a0\u00a0kompakti\u0161kas ir stabilus (pritaikytas vaiko \u016bgiui)<\/li>\n\n\n\n<li><strong>Matmenys:\u00a0\u00a0<\/strong>\u00a024,5 x 38,5 x 23,5 cm<\/li>\n\n\n\n<li><strong>Grynasis svoris:<\/strong>\u00a0\u00a0\u00a01,024 kg<\/li>\n\n\n\n<li><strong>Bendras svoris:<\/strong>\u00a0\u00a0\u00a01,424 kg<\/li>\n\n\n\n<li><strong>Prodiuseris:<\/strong>\u00a0\u00a0\u00a0Kruzzel<\/li>\n\n\n\n<li>Gamintojo kodas: 26903<\/li>\n<\/ul>\n\n\n\n<p><strong>GAMINTOJAS:<\/strong><\/p>\n\n\n\n<p>ISO TRADE Sp\u00f3\u0142ka z o.o.<br>Gniewomierz 173<br>59-241 Legnickie Pole, Polska<br><br>office@iso-trade.biz<\/p>\n\n\n\n<p><strong>ATSAKINGAS ASMUO ES:<\/strong><\/p>\n\n\n\n<p>IsoTrade<\/p>\n\n\n\n<p><strong>\u012eSP\u0116JIMO TURINYS:<\/strong><\/p>\n\n\n\n<p>\u012eSP\u0116JIMAI<br>&#8211; \u012esp\u0117jimas. Netinka vaikams iki 36 m\u0117nesi\u0173. Smulkios dalys. U\u017espringimo pavojus.<br>&#8211; Produktai netinkami vartoti.<br>&#8211; Saugoti nuo at\u0161iauri\u0173 oro s\u0105lyg\u0173 ir ugnies.<br>&#8211; Naudoti pagal paskirt\u012f.<br>&#8211; Neignoruokite rekomendacij\u0173 d\u0117l naudotojo am\u017eiaus.<br>&#8211; Nenaudokite pa\u017eeisto gaminio.<br>&#8211; Surinkimui reikalingas suaug\u0119s asmuo.<br>&#8211; Nelaikykite nesurinkt\u0173 dali\u0173 vaikams prieinamose vietose.<br>&#8211; Pakuot\u0117 n\u0117ra \u017eaislas. \u017daisl\u0105 turi i\u0161pakuoti suaug\u0119s asmuo, o pakuot\u0119 ir jos fragmentus reikia laikyti vaikams nepasiekiamoje vietoje.<\/p>","protected":false},"excerpt":{"rendered":"<p>Medinis edukacinis b\u016bgn\u0173 stalas Kruzzel &#8211; sensorinis Montessori su cimbolais, b\u016bgnais ir bar\u0161ku\u010diais vaikams &#8211; muzikinis ir sensorinis vystymasis ma\u017eyliams&nbsp; &nbsp;&nbsp;Padovanokite savo vaikui \u017eaisl\u0105, kuris lavina ir linksmina tuo pa\u010diu metu!&nbsp;&nbsp;&nbsp;Kruzzel muzikinis b\u016bgn\u0173 stovas&nbsp;&nbsp;&nbsp;yra gars\u0173, spalv\u0173 ir nat\u016brali\u0173 med\u017eiag\u0173 derinys \u2013 idealus b\u016bdas lavinti ma\u017eylio koordinacij\u0105, poj\u016b\u010dius ir k\u016brybi\u0161kum\u0105. Pagaminta i\u0161&nbsp;&nbsp;&nbsp;Saugi mediena ir metalas&nbsp;, be [&hellip;]<\/p>","protected":false},"featured_media":35921,"template":"","meta":{"_acf_changed":false,"iawp_total_views":217},"product_cat":[195,216,217,191,192,84,102,83,85,90,50,199,49,39],"product_tag":[97,98],"class_list":{"0":"post-35920","1":"product","2":"type-product","3":"status-publish","4":"has-post-thumbnail","6":"product_cat-dovanos-vaikams-3-4-metu","7":"product_cat-dovanos-4-5-metu-vaikams","8":"product_cat-dovanos-5-7-metu-vaikams","9":"product_cat-dovanos-vaikams","10":"product_cat-kaledines-dovanos-vaikams","11":"product_cat-lavinamieji-zaislai","12":"product_cat-mediniai-zaislai","13":"product_cat-montessori-zaislai","14":"product_cat-muzikiniai-zaislai","15":"product_cat-pasaulio-pazinimas","16":"product_cat-top-dovanos","17":"product_cat-ugdymo-istaigoms","18":"product_cat-visi-zaislai","19":"product_cat-zaislai","20":"product_tag-3-m-4-m","21":"product_tag-5-m-7-m","23":"first","24":"outofstock","25":"taxable","26":"shipping-taxable","27":"purchasable","28":"product-type-simple"},"acf":[],"yoast_head":"<!-- This site is optimized with the Yoast SEO plugin v23.3 - https:\/\/yoast.com\/wordpress\/plugins\/seo\/ -->\n<title>Medinis muzikinis staliukas - Montessori \u017eaislai<\/title>\n<meta name=\"robots\" content=\"index, follow, max-snippet:-1, max-image-preview:large, max-video-preview:-1\" \/>\n<link rel=\"canonical\" href=\"https:\/\/monti.lt\/en\/product\/medinis-muzikinis-staliukas\/\" \/>\n<meta property=\"og:locale\" content=\"en_US\" \/>\n<meta property=\"og:type\" content=\"article\" \/>\n<meta property=\"og:title\" content=\"Medinis muzikinis staliukas - Montessori \u017eaislai\" \/>\n<meta property=\"og:description\" content=\"Medinis edukacinis b\u016bgn\u0173 stalas Kruzzel &#8211; sensorinis Montessori su cimbolais, b\u016bgnais ir bar\u0161ku\u010diais vaikams &#8211; muzikinis ir sensorinis vystymasis ma\u017eyliams&nbsp; &nbsp;&nbsp;Padovanokite savo vaikui \u017eaisl\u0105, kuris lavina ir linksmina tuo pa\u010diu metu!&nbsp;&nbsp;&nbsp;Kruzzel muzikinis b\u016bgn\u0173 stovas&nbsp;&nbsp;&nbsp;yra gars\u0173, spalv\u0173 ir nat\u016brali\u0173 med\u017eiag\u0173 derinys \u2013 idealus b\u016bdas lavinti ma\u017eylio koordinacij\u0105, poj\u016b\u010dius ir k\u016brybi\u0161kum\u0105. Pagaminta i\u0161&nbsp;&nbsp;&nbsp;Saugi mediena ir metalas&nbsp;, be [&hellip;]\" \/>\n<meta property=\"og:url\" content=\"https:\/\/monti.lt\/en\/product\/medinis-muzikinis-staliukas\/\" \/>\n<meta property=\"og:site_name\" content=\"Montessori \u017eaislai\" \/>\n<meta property=\"article:modified_time\" content=\"2025-12-09T07:30:30+00:00\" \/>\n<meta property=\"og:image\" content=\"https:\/\/monti.lt\/wp-content\/uploads\/2025\/11\/lit_pl_Medinis-natu-stalas-Kruzzel-26420-18594_5.jpg\" \/>\n\t<meta property=\"og:image:width\" content=\"500\" \/>\n\t<meta property=\"og:image:height\" content=\"500\" \/>\n\t<meta property=\"og:image:type\" content=\"image\/jpeg\" \/>\n<meta name=\"twitter:card\" content=\"summary_large_image\" \/>\n<meta name=\"twitter:label1\" content=\"Est. reading time\" \/>\n\t<meta name=\"twitter:data1\" content=\"3 minutes\" \/>\n<script type=\"application\/ld+json\" class=\"yoast-schema-graph\">{\"@context\":\"https:\/\/schema.org\",\"@graph\":[{\"@type\":\"WebPage\",\"@id\":\"https:\/\/monti.lt\/product\/medinis-muzikinis-staliukas\/\",\"url\":\"https:\/\/monti.lt\/product\/medinis-muzikinis-staliukas\/\",\"name\":\"Medinis muzikinis staliukas - Montessori \u017eaislai\",\"isPartOf\":{\"@id\":\"https:\/\/monti.lt\/#website\"},\"primaryImageOfPage\":{\"@id\":\"https:\/\/monti.lt\/product\/medinis-muzikinis-staliukas\/#primaryimage\"},\"image\":{\"@id\":\"https:\/\/monti.lt\/product\/medinis-muzikinis-staliukas\/#primaryimage\"},\"thumbnailUrl\":\"https:\/\/monti.lt\/wp-content\/uploads\/2025\/11\/lit_pl_Medinis-natu-stalas-Kruzzel-26420-18594_5.jpg\",\"datePublished\":\"2025-11-13T13:14:52+00:00\",\"dateModified\":\"2025-12-09T07:30:30+00:00\",\"breadcrumb\":{\"@id\":\"https:\/\/monti.lt\/product\/medinis-muzikinis-staliukas\/#breadcrumb\"},\"inLanguage\":\"en-US\",\"potentialAction\":[{\"@type\":\"ReadAction\",\"target\":[\"https:\/\/monti.lt\/product\/medinis-muzikinis-staliukas\/\"]}]},{\"@type\":\"ImageObject\",\"inLanguage\":\"en-US\",\"@id\":\"https:\/\/monti.lt\/product\/medinis-muzikinis-staliukas\/#primaryimage\",\"url\":\"https:\/\/monti.lt\/wp-content\/uploads\/2025\/11\/lit_pl_Medinis-natu-stalas-Kruzzel-26420-18594_5.jpg\",\"contentUrl\":\"https:\/\/monti.lt\/wp-content\/uploads\/2025\/11\/lit_pl_Medinis-natu-stalas-Kruzzel-26420-18594_5.jpg\",\"width\":500,\"height\":500,\"caption\":\"muzikinis staliukas\"},{\"@type\":\"BreadcrumbList\",\"@id\":\"https:\/\/monti.lt\/product\/medinis-muzikinis-staliukas\/#breadcrumb\",\"itemListElement\":[{\"@type\":\"ListItem\",\"position\":1,\"name\":\"Home\",\"item\":\"https:\/\/monti.lt\/\"},{\"@type\":\"ListItem\",\"position\":2,\"name\":\"Parduotuv\u0117\",\"item\":\"https:\/\/monti.lt\/shop\/\"},{\"@type\":\"ListItem\",\"position\":3,\"name\":\"Medinis muzikinis staliukas\"}]},{\"@type\":\"WebSite\",\"@id\":\"https:\/\/monti.lt\/#website\",\"url\":\"https:\/\/monti.lt\/\",\"name\":\"Montessori \u017eaislai\",\"description\":\"\",\"publisher\":{\"@id\":\"https:\/\/monti.lt\/#organization\"},\"potentialAction\":[{\"@type\":\"SearchAction\",\"target\":{\"@type\":\"EntryPoint\",\"urlTemplate\":\"https:\/\/monti.lt\/?s={search_term_string}\"},\"query-input\":\"required name=search_term_string\"}],\"inLanguage\":\"en-US\"},{\"@type\":\"Organization\",\"@id\":\"https:\/\/monti.lt\/#organization\",\"name\":\"Montessori \u017eaislai\",\"url\":\"https:\/\/monti.lt\/\",\"logo\":{\"@type\":\"ImageObject\",\"inLanguage\":\"en-US\",\"@id\":\"https:\/\/monti.lt\/#\/schema\/logo\/image\/\",\"url\":\"https:\/\/monti.lt\/wp-content\/uploads\/2022\/03\/montilogo-1.png\",\"contentUrl\":\"https:\/\/monti.lt\/wp-content\/uploads\/2022\/03\/montilogo-1.png\",\"width\":512,\"height\":512,\"caption\":\"Montessori \u017eaislai\"},\"image\":{\"@id\":\"https:\/\/monti.lt\/#\/schema\/logo\/image\/\"}}]}<\/script>\n<!-- \/ Yoast SEO plugin. -->","yoast_head_json":{"title":"Medinis muzikinis staliukas - Montessori \u017eaislai","robots":{"index":"index","follow":"follow","max-snippet":"max-snippet:-1","max-image-preview":"max-image-preview:large","max-video-preview":"max-video-preview:-1"},"canonical":"https:\/\/monti.lt\/en\/product\/medinis-muzikinis-staliukas\/","og_locale":"en_US","og_type":"article","og_title":"Medinis muzikinis staliukas - Montessori \u017eaislai","og_description":"Medinis edukacinis b\u016bgn\u0173 stalas Kruzzel &#8211; sensorinis Montessori su cimbolais, b\u016bgnais ir bar\u0161ku\u010diais vaikams &#8211; muzikinis ir sensorinis vystymasis ma\u017eyliams&nbsp; &nbsp;&nbsp;Padovanokite savo vaikui \u017eaisl\u0105, kuris lavina ir linksmina tuo pa\u010diu metu!&nbsp;&nbsp;&nbsp;Kruzzel muzikinis b\u016bgn\u0173 stovas&nbsp;&nbsp;&nbsp;yra gars\u0173, spalv\u0173 ir nat\u016brali\u0173 med\u017eiag\u0173 derinys \u2013 idealus b\u016bdas lavinti ma\u017eylio koordinacij\u0105, poj\u016b\u010dius ir k\u016brybi\u0161kum\u0105. Pagaminta i\u0161&nbsp;&nbsp;&nbsp;Saugi mediena ir metalas&nbsp;, be [&hellip;]","og_url":"https:\/\/monti.lt\/en\/product\/medinis-muzikinis-staliukas\/","og_site_name":"Montessori \u017eaislai","article_modified_time":"2025-12-09T07:30:30+00:00","og_image":[{"width":500,"height":500,"url":"https:\/\/monti.lt\/wp-content\/uploads\/2025\/11\/lit_pl_Medinis-natu-stalas-Kruzzel-26420-18594_5.jpg","type":"image\/jpeg"}],"twitter_card":"summary_large_image","twitter_misc":{"Est. reading time":"3 minutes"},"schema":{"@context":"https:\/\/schema.org","@graph":[{"@type":"WebPage","@id":"https:\/\/monti.lt\/product\/medinis-muzikinis-staliukas\/","url":"https:\/\/monti.lt\/product\/medinis-muzikinis-staliukas\/","name":"Medinis muzikinis staliukas - Montessori \u017eaislai","isPartOf":{"@id":"https:\/\/monti.lt\/#website"},"primaryImageOfPage":{"@id":"https:\/\/monti.lt\/product\/medinis-muzikinis-staliukas\/#primaryimage"},"image":{"@id":"https:\/\/monti.lt\/product\/medinis-muzikinis-staliukas\/#primaryimage"},"thumbnailUrl":"https:\/\/monti.lt\/wp-content\/uploads\/2025\/11\/lit_pl_Medinis-natu-stalas-Kruzzel-26420-18594_5.jpg","datePublished":"2025-11-13T13:14:52+00:00","dateModified":"2025-12-09T07:30:30+00:00","breadcrumb":{"@id":"https:\/\/monti.lt\/product\/medinis-muzikinis-staliukas\/#breadcrumb"},"inLanguage":"en-US","potentialAction":[{"@type":"ReadAction","target":["https:\/\/monti.lt\/product\/medinis-muzikinis-staliukas\/"]}]},{"@type":"ImageObject","inLanguage":"en-US","@id":"https:\/\/monti.lt\/product\/medinis-muzikinis-staliukas\/#primaryimage","url":"https:\/\/monti.lt\/wp-content\/uploads\/2025\/11\/lit_pl_Medinis-natu-stalas-Kruzzel-26420-18594_5.jpg","contentUrl":"https:\/\/monti.lt\/wp-content\/uploads\/2025\/11\/lit_pl_Medinis-natu-stalas-Kruzzel-26420-18594_5.jpg","width":500,"height":500,"caption":"muzikinis staliukas"},{"@type":"BreadcrumbList","@id":"https:\/\/monti.lt\/product\/medinis-muzikinis-staliukas\/#breadcrumb","itemListElement":[{"@type":"ListItem","position":1,"name":"Home","item":"https:\/\/monti.lt\/"},{"@type":"ListItem","position":2,"name":"Parduotuv\u0117","item":"https:\/\/monti.lt\/shop\/"},{"@type":"ListItem","position":3,"name":"Medinis muzikinis staliukas"}]},{"@type":"WebSite","@id":"https:\/\/monti.lt\/#website","url":"https:\/\/monti.lt\/","name":"Montessori \u017eaislai","description":"","publisher":{"@id":"https:\/\/monti.lt\/#organization"},"potentialAction":[{"@type":"SearchAction","target":{"@type":"EntryPoint","urlTemplate":"https:\/\/monti.lt\/?s={search_term_string}"},"query-input":"required name=search_term_string"}],"inLanguage":"en-US"},{"@type":"Organization","@id":"https:\/\/monti.lt\/#organization","name":"Montessori \u017eaislai","url":"https:\/\/monti.lt\/","logo":{"@type":"ImageObject","inLanguage":"en-US","@id":"https:\/\/monti.lt\/#\/schema\/logo\/image\/","url":"https:\/\/monti.lt\/wp-content\/uploads\/2022\/03\/montilogo-1.png","contentUrl":"https:\/\/monti.lt\/wp-content\/uploads\/2022\/03\/montilogo-1.png","width":512,"height":512,"caption":"Montessori \u017eaislai"},"image":{"@id":"https:\/\/monti.lt\/#\/schema\/logo\/image\/"}}]}},"_links":{"self":[{"href":"https:\/\/monti.lt\/en\/wp-json\/wp\/v2\/product\/35920"}],"collection":[{"href":"https:\/\/monti.lt\/en\/wp-json\/wp\/v2\/product"}],"about":[{"href":"https:\/\/monti.lt\/en\/wp-json\/wp\/v2\/types\/product"}],"version-history":[{"count":1,"href":"https:\/\/monti.lt\/en\/wp-json\/wp\/v2\/product\/35920\/revisions"}],"predecessor-version":[{"id":35927,"href":"https:\/\/monti.lt\/en\/wp-json\/wp\/v2\/product\/35920\/revisions\/35927"}],"wp:featuredmedia":[{"embeddable":true,"href":"https:\/\/monti.lt\/en\/wp-json\/wp\/v2\/media\/35921"}],"wp:attachment":[{"href":"https:\/\/monti.lt\/en\/wp-json\/wp\/v2\/media?parent=35920"}],"wp:term":[{"taxonomy":"product_cat","embeddable":true,"href":"https:\/\/monti.lt\/en\/wp-json\/wp\/v2\/product_cat?post=35920"},{"taxonomy":"product_tag","embeddable":true,"href":"https:\/\/monti.lt\/en\/wp-json\/wp\/v2\/product_tag?post=35920"}],"curies":[{"name":"wp","href":"https:\/\/api.w.org\/{rel}","templated":true}]}}