{"id":35934,"date":"2025-11-13T13:40:44","date_gmt":"2025-11-13T13:40:44","guid":{"rendered":"https:\/\/monti.lt\/?post_type=product&#038;p=35934"},"modified":"2026-04-12T09:26:49","modified_gmt":"2026-04-12T09:26:49","slug":"kasinejimo-zaidimas-dinozaurai","status":"publish","type":"product","link":"https:\/\/monti.lt\/en\/product\/kasinejimo-zaidimas-dinozaurai\/","title":{"rendered":"Kasin\u0117jimo \u017eaidimas &#8220;Dinozaurai&#8221;"},"content":{"rendered":"<h1 class=\"wp-block-heading\">Kruzzel 5 viename dinozaur\u0173 kasin\u0117jim\u0173 rinkinys, fosilij\u0173 kasykla vaikams \u2013 edukacinis paleontologo archeologo rinkinys&nbsp;<\/h1>\n\n\n\n<p>\u201eKruzzel 5 viename\u201c dinozaur\u0173 kasin\u0117jim\u0173 rinkinys sujungia mokym\u0105si ir pramogas, nukeldamas vaikus \u012f prie\u0161istor\u0117s pasaul\u012f! Naudodami pridedamus \u012frankius, jie gali savaranki\u0161kai atkasti iki 5 dinozaur\u0173 r\u016b\u0161i\u0173 skeletus, pa\u017eindami j\u0173 anatomij\u0105 ir istorij\u0105. \u0160is lavinamasis \u017eaidimas lavina kantryb\u0119, tikslum\u0105 ir login\u012f m\u0105stym\u0105, puikiai tinkantis jauniems tyrin\u0117tojams, besidomintiems pasauliu ir jo paslaptimis.<\/p>\n\n\n\n<h2 class=\"wp-block-heading\">Tapk tikru tyrin\u0117toju! 5 viename dinozaur\u0173 kasin\u0117jim\u0173 rinkinys<\/h2>\n\n\n\n<p>??&nbsp;<strong>Lavinamosios pramogos ir mokymasis viename<\/strong>&nbsp;&nbsp;&nbsp;&#8211; rinkinys leid\u017eia vaikams tyrin\u0117ti prie\u0161istor\u0117s, fosilij\u0173 ir paleontologijos pasaul\u012f, mokantis per veiksm\u0105.<\/p>\n\n\n\n<p><strong>Lavinkite rank\u0173 \u012fg\u016bd\u017eius ir susikaupim\u0105<\/strong>&nbsp;\u2013 naudodami tokius \u012frankius kaip plaktukas, kaltas ir teptukas, vaikai lavina tikslum\u0105, kantryb\u0119 ir aki\u0173 bei rank\u0173 koordinacij\u0105.<\/p>\n\n\n\n<p>??&nbsp;&nbsp;&nbsp;<strong>5 nuostab\u016bs dinozaurai viename rinkinyje<\/strong>&nbsp;&nbsp;&nbsp;&#8211; Viduje yra 3 gipso kalad\u0117l\u0117s, kiau\u0161inis ir dinozauro kaukol\u0117 su pasl\u0117ptais dinozaur\u0173, toki\u0173 kaip Tyrannosaurus Rex ir Triceratops, skeletais, garantuojan\u010diais valandas \u012fsp\u016bding\u0173 pramog\u0173.<\/p>\n\n\n\n<p><strong>Saugus \u017eaidimas<\/strong>&nbsp;\u2013 visi elementai pagaminti i\u0161 netoksi\u0161k\u0173, sertifikuot\u0173 med\u017eiag\u0173, atitinkan\u010di\u0173 Europos standartus, suteikiant t\u0117vams saugi\u0173 \u017eaidim\u0173 garantij\u0105.<\/p>\n\n\n\n<p><strong>Lavina login\u012f m\u0105stym\u0105 ir k\u016brybi\u0161kum\u0105<\/strong>&nbsp;\u2013 vaikai ne tik i\u0161kasa kaulus, bet ir patys juos surenka, mokosi analizuoti, kantryb\u0117s ir planavimo \u2013 kaip tikri paleontologai!<\/p>\n\n\n\n<p><strong>Puiki edukacin\u0117s dovanos id\u0117ja<\/strong>&nbsp;&nbsp;&nbsp;&#8211; Rinkinys apjungia mokym\u0105si, nuotykius ir atradimo d\u017eiaugsm\u0105, tod\u0117l tai puiki dovana vaikams nuo 6 met\u0173.<\/p>\n\n\n\n<h2 class=\"wp-block-heading\">Rinkinio specifikacijos:<\/h2>\n\n\n\n<ul class=\"wp-block-list\">\n<li>saugios ir netoksi\u0161kos med\u017eiagos<\/li>\n\n\n\n<li>tinka vaikams nuo 3 met\u0173<\/li>\n\n\n\n<li>lengvas valymas<\/li>\n\n\n\n<li>\u012frankiai \u012ftraukti<\/li>\n\n\n\n<li>edukacin\u0117s pramogos<\/li>\n\n\n\n<li>ilgas linksmumas<\/li>\n\n\n\n<li>\u012fg\u016bd\u017ei\u0173 ugdymas<\/li>\n\n\n\n<li>tobula dovana<\/li>\n\n\n\n<li>KRUZZEL prek\u0117s \u017eenklas<\/li>\n\n\n\n<li>3 blokeliai su pasl\u0117ptais dinozaur\u0173 skeletais<\/li>\n\n\n\n<li>1 gipsinis kiau\u0161inis su pasl\u0117ptu dinozauro skeletu<\/li>\n\n\n\n<li>1 gipsin\u0117 dinozauro kaukol\u0117 su pasl\u0117ptu dinozauro skeletu<\/li>\n\n\n\n<li>Kiekviename blokelyje yra skirtingas dinozauro skeleto modelis.<\/li>\n\n\n\n<li>\u012e komplekt\u0105 \u012feina: plaktukas, kaltas, \u0161epetys,<\/li>\n\n\n\n<li>spalva: daugiaspalv\u0117<\/li>\n\n\n\n<li>bloko matmenys: 5,5 x 8 cm<\/li>\n\n\n\n<li>svoris: 0,550 kg<\/li>\n\n\n\n<li>Svoris pakuot\u0117je: 0,600 kg\u012e komplekt\u0105 \u012feina:\n<ul class=\"wp-block-list\">\n<li>3 gipso blokeliai su pasl\u0117ptais dinozaur\u0173 skeletais<\/li>\n\n\n\n<li>1 gipsinis kiau\u0161inis su pasl\u0117ptu dinozauro skeletu<\/li>\n\n\n\n<li>1 gipsin\u0117 dinozauro kaukol\u0117 su pasl\u0117ptu dinozauro skeletu<\/li>\n\n\n\n<li>plaktukas,<\/li>\n\n\n\n<li>kaltas<\/li>\n\n\n\n<li>\u0161epetys,<\/li>\n\n\n\n<li>instrukcijos lenk\u0173 kalba<\/li>\n\n\n\n<li>spalvinga pakuot\u0117<\/li>\n\n\n\n<li>ruda siuntimo d\u0117\u017eut\u0117<\/li>\n<\/ul>\n<\/li>\n<\/ul>\n\n\n\n<p><strong>GAMINTOJAS:<\/strong><\/p>\n\n\n\n<p>ISO TRADE Sp\u00f3\u0142ka z o.o.<br>Gniewomierz 173<br>59-241 Legnickie Pole, Polska<br><br>office@iso-trade.biz<\/p>\n\n\n\n<p><strong>ATSAKINGAS ASMUO ES:<\/strong><\/p>\n\n\n\n<p>IsoTrade<\/p>\n\n\n\n<p><strong>\u012eSP\u0116JIMO TURINYS:<\/strong><\/p>\n\n\n\n<p>&#8211; \u012esp\u0117jimas. Netinka vaikams iki 36 m\u0117nesi\u0173. Smulkios dalys. U\u017espringimo pavojus.<br>&#8211; Produktai netinkami vartoti.<br>&#8211; Saugoti nuo at\u0161iauri\u0173 oro s\u0105lyg\u0173 ir ugnies.<br>&#8211; Naudoti pagal paskirt\u012f.<br>&#8211; Neignoruokite rekomendacij\u0173 d\u0117l naudotojo am\u017eiaus.<br>&#8211; Nenaudokite pa\u017eeisto gaminio.<br>&#8211; Surinkimui reikalingas suaug\u0119s asmuo.<br>&#8211; Nelaikykite nesurinkt\u0173 dali\u0173 vaikams prieinamose vietose.<br>&#8211; Pakuot\u0117 n\u0117ra \u017eaislas. \u017daisl\u0105 turi i\u0161pakuoti suaug\u0119s asmuo, o pakuot\u0119 ir jos fragmentus reikia laikyti vaikams nepasiekiamoje vietoje.<\/p>","protected":false},"excerpt":{"rendered":"<p>Kruzzel 5 viename dinozaur\u0173 kasin\u0117jim\u0173 rinkinys, fosilij\u0173 kasykla vaikams \u2013 edukacinis paleontologo archeologo rinkinys&nbsp; \u201eKruzzel 5 viename\u201c dinozaur\u0173 kasin\u0117jim\u0173 rinkinys sujungia mokym\u0105si ir pramogas, nukeldamas vaikus \u012f prie\u0161istor\u0117s pasaul\u012f! Naudodami pridedamus \u012frankius, jie gali savaranki\u0161kai atkasti iki 5 dinozaur\u0173 r\u016b\u0161i\u0173 skeletus, pa\u017eindami j\u0173 anatomij\u0105 ir istorij\u0105. \u0160is lavinamasis \u017eaidimas lavina kantryb\u0119, tikslum\u0105 ir login\u012f m\u0105stym\u0105, [&hellip;]<\/p>","protected":false},"featured_media":35935,"template":"","meta":{"_acf_changed":false,"iawp_total_views":183},"product_cat":[218,195,216,217,191,87,84,90,86,49,39],"product_tag":[97,98,99],"class_list":{"0":"post-35934","1":"product","2":"type-product","3":"status-publish","4":"has-post-thumbnail","6":"product_cat-darzeliu-grupems","7":"product_cat-dovanos-vaikams-3-4-metu","8":"product_cat-dovanos-4-5-metu-vaikams","9":"product_cat-dovanos-5-7-metu-vaikams","10":"product_cat-dovanos-vaikams","11":"product_cat-kurybiniai-rinkiniai","12":"product_cat-lavinamieji-zaislai","13":"product_cat-pasaulio-pazinimas","14":"product_cat-smulkioji-motorika","15":"product_cat-visi-zaislai","16":"product_cat-zaislai","17":"product_tag-3-m-4-m","18":"product_tag-5-m-7-m","19":"product_tag-8-m-11-m","21":"first","22":"instock","23":"taxable","24":"shipping-taxable","25":"purchasable","26":"product-type-simple"},"acf":[],"yoast_head":"<!-- This site is optimized with the Yoast SEO plugin v23.3 - https:\/\/yoast.com\/wordpress\/plugins\/seo\/ -->\n<title>Kasin\u0117jimo \u017eaidimas &quot;Dinozaurai&quot; - Montessori \u017eaislai<\/title>\n<meta name=\"robots\" content=\"index, follow, max-snippet:-1, max-image-preview:large, max-video-preview:-1\" \/>\n<link rel=\"canonical\" href=\"https:\/\/monti.lt\/en\/product\/kasinejimo-zaidimas-dinozaurai\/\" \/>\n<meta property=\"og:locale\" content=\"en_US\" \/>\n<meta property=\"og:type\" content=\"article\" \/>\n<meta property=\"og:title\" content=\"Kasin\u0117jimo \u017eaidimas &quot;Dinozaurai&quot; - Montessori \u017eaislai\" \/>\n<meta property=\"og:description\" content=\"Kruzzel 5 viename dinozaur\u0173 kasin\u0117jim\u0173 rinkinys, fosilij\u0173 kasykla vaikams \u2013 edukacinis paleontologo archeologo rinkinys&nbsp; \u201eKruzzel 5 viename\u201c dinozaur\u0173 kasin\u0117jim\u0173 rinkinys sujungia mokym\u0105si ir pramogas, nukeldamas vaikus \u012f prie\u0161istor\u0117s pasaul\u012f! Naudodami pridedamus \u012frankius, jie gali savaranki\u0161kai atkasti iki 5 dinozaur\u0173 r\u016b\u0161i\u0173 skeletus, pa\u017eindami j\u0173 anatomij\u0105 ir istorij\u0105. \u0160is lavinamasis \u017eaidimas lavina kantryb\u0119, tikslum\u0105 ir login\u012f m\u0105stym\u0105, [&hellip;]\" \/>\n<meta property=\"og:url\" content=\"https:\/\/monti.lt\/en\/product\/kasinejimo-zaidimas-dinozaurai\/\" \/>\n<meta property=\"og:site_name\" content=\"Montessori \u017eaislai\" \/>\n<meta property=\"article:modified_time\" content=\"2026-04-12T09:26:49+00:00\" \/>\n<meta property=\"og:image\" content=\"https:\/\/monti.lt\/wp-content\/uploads\/2025\/11\/lit_pl_Dinozauru-kasinejimai-5-viename-Kruzzel-rinkinys-26771-18661_4.jpg\" \/>\n\t<meta property=\"og:image:width\" content=\"500\" \/>\n\t<meta property=\"og:image:height\" content=\"500\" \/>\n\t<meta property=\"og:image:type\" content=\"image\/jpeg\" \/>\n<meta name=\"twitter:card\" content=\"summary_large_image\" \/>\n<meta name=\"twitter:label1\" content=\"Est. reading time\" \/>\n\t<meta name=\"twitter:data1\" content=\"3 minutes\" \/>\n<script type=\"application\/ld+json\" class=\"yoast-schema-graph\">{\"@context\":\"https:\/\/schema.org\",\"@graph\":[{\"@type\":\"WebPage\",\"@id\":\"https:\/\/monti.lt\/product\/kasinejimo-zaidimas-dinozaurai\/\",\"url\":\"https:\/\/monti.lt\/product\/kasinejimo-zaidimas-dinozaurai\/\",\"name\":\"Kasin\u0117jimo \u017eaidimas \\\"Dinozaurai\\\" - Montessori \u017eaislai\",\"isPartOf\":{\"@id\":\"https:\/\/monti.lt\/#website\"},\"primaryImageOfPage\":{\"@id\":\"https:\/\/monti.lt\/product\/kasinejimo-zaidimas-dinozaurai\/#primaryimage\"},\"image\":{\"@id\":\"https:\/\/monti.lt\/product\/kasinejimo-zaidimas-dinozaurai\/#primaryimage\"},\"thumbnailUrl\":\"https:\/\/monti.lt\/wp-content\/uploads\/2025\/11\/lit_pl_Dinozauru-kasinejimai-5-viename-Kruzzel-rinkinys-26771-18661_4.jpg\",\"datePublished\":\"2025-11-13T13:40:44+00:00\",\"dateModified\":\"2026-04-12T09:26:49+00:00\",\"breadcrumb\":{\"@id\":\"https:\/\/monti.lt\/product\/kasinejimo-zaidimas-dinozaurai\/#breadcrumb\"},\"inLanguage\":\"en-US\",\"potentialAction\":[{\"@type\":\"ReadAction\",\"target\":[\"https:\/\/monti.lt\/product\/kasinejimo-zaidimas-dinozaurai\/\"]}]},{\"@type\":\"ImageObject\",\"inLanguage\":\"en-US\",\"@id\":\"https:\/\/monti.lt\/product\/kasinejimo-zaidimas-dinozaurai\/#primaryimage\",\"url\":\"https:\/\/monti.lt\/wp-content\/uploads\/2025\/11\/lit_pl_Dinozauru-kasinejimai-5-viename-Kruzzel-rinkinys-26771-18661_4.jpg\",\"contentUrl\":\"https:\/\/monti.lt\/wp-content\/uploads\/2025\/11\/lit_pl_Dinozauru-kasinejimai-5-viename-Kruzzel-rinkinys-26771-18661_4.jpg\",\"width\":500,\"height\":500,\"caption\":\"kaledines dovanos vaikams\"},{\"@type\":\"BreadcrumbList\",\"@id\":\"https:\/\/monti.lt\/product\/kasinejimo-zaidimas-dinozaurai\/#breadcrumb\",\"itemListElement\":[{\"@type\":\"ListItem\",\"position\":1,\"name\":\"Home\",\"item\":\"https:\/\/monti.lt\/\"},{\"@type\":\"ListItem\",\"position\":2,\"name\":\"Parduotuv\u0117\",\"item\":\"https:\/\/monti.lt\/shop\/\"},{\"@type\":\"ListItem\",\"position\":3,\"name\":\"Kasin\u0117jimo \u017eaidimas &#8220;Dinozaurai&#8221;\"}]},{\"@type\":\"WebSite\",\"@id\":\"https:\/\/monti.lt\/#website\",\"url\":\"https:\/\/monti.lt\/\",\"name\":\"Montessori \u017eaislai\",\"description\":\"\",\"publisher\":{\"@id\":\"https:\/\/monti.lt\/#organization\"},\"potentialAction\":[{\"@type\":\"SearchAction\",\"target\":{\"@type\":\"EntryPoint\",\"urlTemplate\":\"https:\/\/monti.lt\/?s={search_term_string}\"},\"query-input\":\"required name=search_term_string\"}],\"inLanguage\":\"en-US\"},{\"@type\":\"Organization\",\"@id\":\"https:\/\/monti.lt\/#organization\",\"name\":\"Montessori \u017eaislai\",\"url\":\"https:\/\/monti.lt\/\",\"logo\":{\"@type\":\"ImageObject\",\"inLanguage\":\"en-US\",\"@id\":\"https:\/\/monti.lt\/#\/schema\/logo\/image\/\",\"url\":\"https:\/\/monti.lt\/wp-content\/uploads\/2022\/03\/montilogo-1.png\",\"contentUrl\":\"https:\/\/monti.lt\/wp-content\/uploads\/2022\/03\/montilogo-1.png\",\"width\":512,\"height\":512,\"caption\":\"Montessori \u017eaislai\"},\"image\":{\"@id\":\"https:\/\/monti.lt\/#\/schema\/logo\/image\/\"}}]}<\/script>\n<!-- \/ Yoast SEO plugin. -->","yoast_head_json":{"title":"Kasin\u0117jimo \u017eaidimas \"Dinozaurai\" - Montessori \u017eaislai","robots":{"index":"index","follow":"follow","max-snippet":"max-snippet:-1","max-image-preview":"max-image-preview:large","max-video-preview":"max-video-preview:-1"},"canonical":"https:\/\/monti.lt\/en\/product\/kasinejimo-zaidimas-dinozaurai\/","og_locale":"en_US","og_type":"article","og_title":"Kasin\u0117jimo \u017eaidimas \"Dinozaurai\" - Montessori \u017eaislai","og_description":"Kruzzel 5 viename dinozaur\u0173 kasin\u0117jim\u0173 rinkinys, fosilij\u0173 kasykla vaikams \u2013 edukacinis paleontologo archeologo rinkinys&nbsp; \u201eKruzzel 5 viename\u201c dinozaur\u0173 kasin\u0117jim\u0173 rinkinys sujungia mokym\u0105si ir pramogas, nukeldamas vaikus \u012f prie\u0161istor\u0117s pasaul\u012f! Naudodami pridedamus \u012frankius, jie gali savaranki\u0161kai atkasti iki 5 dinozaur\u0173 r\u016b\u0161i\u0173 skeletus, pa\u017eindami j\u0173 anatomij\u0105 ir istorij\u0105. \u0160is lavinamasis \u017eaidimas lavina kantryb\u0119, tikslum\u0105 ir login\u012f m\u0105stym\u0105, [&hellip;]","og_url":"https:\/\/monti.lt\/en\/product\/kasinejimo-zaidimas-dinozaurai\/","og_site_name":"Montessori \u017eaislai","article_modified_time":"2026-04-12T09:26:49+00:00","og_image":[{"width":500,"height":500,"url":"https:\/\/monti.lt\/wp-content\/uploads\/2025\/11\/lit_pl_Dinozauru-kasinejimai-5-viename-Kruzzel-rinkinys-26771-18661_4.jpg","type":"image\/jpeg"}],"twitter_card":"summary_large_image","twitter_misc":{"Est. reading time":"3 minutes"},"schema":{"@context":"https:\/\/schema.org","@graph":[{"@type":"WebPage","@id":"https:\/\/monti.lt\/product\/kasinejimo-zaidimas-dinozaurai\/","url":"https:\/\/monti.lt\/product\/kasinejimo-zaidimas-dinozaurai\/","name":"Kasin\u0117jimo \u017eaidimas \"Dinozaurai\" - Montessori \u017eaislai","isPartOf":{"@id":"https:\/\/monti.lt\/#website"},"primaryImageOfPage":{"@id":"https:\/\/monti.lt\/product\/kasinejimo-zaidimas-dinozaurai\/#primaryimage"},"image":{"@id":"https:\/\/monti.lt\/product\/kasinejimo-zaidimas-dinozaurai\/#primaryimage"},"thumbnailUrl":"https:\/\/monti.lt\/wp-content\/uploads\/2025\/11\/lit_pl_Dinozauru-kasinejimai-5-viename-Kruzzel-rinkinys-26771-18661_4.jpg","datePublished":"2025-11-13T13:40:44+00:00","dateModified":"2026-04-12T09:26:49+00:00","breadcrumb":{"@id":"https:\/\/monti.lt\/product\/kasinejimo-zaidimas-dinozaurai\/#breadcrumb"},"inLanguage":"en-US","potentialAction":[{"@type":"ReadAction","target":["https:\/\/monti.lt\/product\/kasinejimo-zaidimas-dinozaurai\/"]}]},{"@type":"ImageObject","inLanguage":"en-US","@id":"https:\/\/monti.lt\/product\/kasinejimo-zaidimas-dinozaurai\/#primaryimage","url":"https:\/\/monti.lt\/wp-content\/uploads\/2025\/11\/lit_pl_Dinozauru-kasinejimai-5-viename-Kruzzel-rinkinys-26771-18661_4.jpg","contentUrl":"https:\/\/monti.lt\/wp-content\/uploads\/2025\/11\/lit_pl_Dinozauru-kasinejimai-5-viename-Kruzzel-rinkinys-26771-18661_4.jpg","width":500,"height":500,"caption":"kaledines dovanos vaikams"},{"@type":"BreadcrumbList","@id":"https:\/\/monti.lt\/product\/kasinejimo-zaidimas-dinozaurai\/#breadcrumb","itemListElement":[{"@type":"ListItem","position":1,"name":"Home","item":"https:\/\/monti.lt\/"},{"@type":"ListItem","position":2,"name":"Parduotuv\u0117","item":"https:\/\/monti.lt\/shop\/"},{"@type":"ListItem","position":3,"name":"Kasin\u0117jimo \u017eaidimas &#8220;Dinozaurai&#8221;"}]},{"@type":"WebSite","@id":"https:\/\/monti.lt\/#website","url":"https:\/\/monti.lt\/","name":"Montessori \u017eaislai","description":"","publisher":{"@id":"https:\/\/monti.lt\/#organization"},"potentialAction":[{"@type":"SearchAction","target":{"@type":"EntryPoint","urlTemplate":"https:\/\/monti.lt\/?s={search_term_string}"},"query-input":"required name=search_term_string"}],"inLanguage":"en-US"},{"@type":"Organization","@id":"https:\/\/monti.lt\/#organization","name":"Montessori \u017eaislai","url":"https:\/\/monti.lt\/","logo":{"@type":"ImageObject","inLanguage":"en-US","@id":"https:\/\/monti.lt\/#\/schema\/logo\/image\/","url":"https:\/\/monti.lt\/wp-content\/uploads\/2022\/03\/montilogo-1.png","contentUrl":"https:\/\/monti.lt\/wp-content\/uploads\/2022\/03\/montilogo-1.png","width":512,"height":512,"caption":"Montessori \u017eaislai"},"image":{"@id":"https:\/\/monti.lt\/#\/schema\/logo\/image\/"}}]}},"_links":{"self":[{"href":"https:\/\/monti.lt\/en\/wp-json\/wp\/v2\/product\/35934"}],"collection":[{"href":"https:\/\/monti.lt\/en\/wp-json\/wp\/v2\/product"}],"about":[{"href":"https:\/\/monti.lt\/en\/wp-json\/wp\/v2\/types\/product"}],"version-history":[{"count":1,"href":"https:\/\/monti.lt\/en\/wp-json\/wp\/v2\/product\/35934\/revisions"}],"predecessor-version":[{"id":35939,"href":"https:\/\/monti.lt\/en\/wp-json\/wp\/v2\/product\/35934\/revisions\/35939"}],"wp:featuredmedia":[{"embeddable":true,"href":"https:\/\/monti.lt\/en\/wp-json\/wp\/v2\/media\/35935"}],"wp:attachment":[{"href":"https:\/\/monti.lt\/en\/wp-json\/wp\/v2\/media?parent=35934"}],"wp:term":[{"taxonomy":"product_cat","embeddable":true,"href":"https:\/\/monti.lt\/en\/wp-json\/wp\/v2\/product_cat?post=35934"},{"taxonomy":"product_tag","embeddable":true,"href":"https:\/\/monti.lt\/en\/wp-json\/wp\/v2\/product_tag?post=35934"}],"curies":[{"name":"wp","href":"https:\/\/api.w.org\/{rel}","templated":true}]}}