{"id":35940,"date":"2025-11-13T13:44:47","date_gmt":"2025-11-13T13:44:47","guid":{"rendered":"https:\/\/monti.lt\/?post_type=product&#038;p=35940"},"modified":"2026-04-12T09:26:50","modified_gmt":"2026-04-12T09:26:50","slug":"konstruktorius-dezuteje-transporto-priemones-100-el","status":"publish","type":"product","link":"https:\/\/monti.lt\/en\/product\/konstruktorius-dezuteje-transporto-priemones-100-el\/","title":{"rendered":"Konstruktorius d\u0117\u017eut\u0117je &#8220;transporto priemon\u0117s&#8221; , 100 el."},"content":{"rendered":"<h1 class=\"wp-block-heading\">K\u016brybinis konstruktorius ISO TRADE 3D kalad\u0117l\u0117s vaikams, transporto priemon\u0117ms, 100 vnt.!&nbsp;<\/h1>\n\n\n\n<p>&nbsp;&nbsp;<strong>funkciniai konstrukciniai elementai<\/strong>&nbsp;&nbsp;&nbsp;\u2013 kalad\u0117li\u0173 rinkinyje yra var\u017etai, ratukai, krumpliara\u010diai ir \u012frankiai, kuriuos vaikas gali pats prisukti ir sujungti, tai puikus b\u016bdas&nbsp;&nbsp;&nbsp;<strong>technini\u0173 \u012fg\u016bd\u017ei\u0173, judesi\u0173 tikslumo ir loginio m\u0105stymo lavinimas per praktinius \u017eaidimus<\/strong><\/p>\n\n\n\n<p>&nbsp;&nbsp;<strong>prakti\u0161kas daikt\u0173 laikymas<\/strong>&nbsp;&nbsp;&nbsp;\u2013 visi rinkinio elementai yra&nbsp;&nbsp;&nbsp;<strong>Supakuota tvirtoje d\u0117\u017eut\u0117je, tod\u0117l kalad\u0117les lengviau sutvarkyti ir ne\u0161iotis<\/strong>&nbsp;, tod\u0117l \u017eaislas puikiai tinka naudoti namuose, keliaujant ar dar\u017eelyje&nbsp;<\/p>\n\n\n\n<p>&nbsp;&nbsp;<strong>puiki dovana<\/strong>&nbsp;&nbsp;&nbsp;\u2013 konstruktoriaus kalad\u0117l\u0117s supakuotos \u012f spalving\u0105, esteti\u0161k\u0105 pakuot\u0119, papildomai pritvirtint\u0105 transportavimo d\u0117\u017ee,&nbsp;&nbsp;&nbsp;<strong>Tai jau paruo\u0161ta dovana gimtadieniui, Kal\u0117doms ar kitai progai \u2013 be papildomo pakavimo<\/strong><\/p>\n\n\n\n<h2 class=\"wp-block-heading\">ISO TRADE k\u016brybinio rinkinio vaikams specifikacijos:<\/h2>\n\n\n\n<ul class=\"wp-block-list\">\n<li>atitinka Europos standartus<\/li>\n\n\n\n<li>dovanos id\u0117ja<\/li>\n\n\n\n<li>mokymasis per \u017eaidim\u0105<\/li>\n\n\n\n<li>\u012fvairi\u0173 projekt\u0173<\/li>\n\n\n\n<li>edukacinis pob\u016bdis<\/li>\n\n\n\n<li>vaizduot\u0117s ir k\u016brybi\u0161kumo ugdymas<\/li>\n\n\n\n<li>Element\u0173 skai\u010dius rinkinyje: 100<\/li>\n\n\n\n<li>Matmenys: 14 x 15 x 25 cm<\/li>\n\n\n\n<li>Komplekto svoris: 0,642 kg<\/li>\n\n\n\n<li>Svoris su pakuote: 1,026 kg<\/li>\n\n\n\n<li>prek\u0117s \u017eenklas: ISO TRADE<\/li>\n\n\n\n<li>spalva: daugiaspalv\u0117<\/li>\n\n\n\n<li>med\u017eiaga: ABS, HDPE, TPR, medviln\u0117<\/li>\n<\/ul>\n\n\n\n<h2 class=\"wp-block-heading\">\u012e komplekt\u0105 \u012feina:<\/h2>\n\n\n\n<ul class=\"wp-block-list\">\n<li>konstruktoriaus rinkinys<\/li>\n\n\n\n<li>aksesuarai<\/li>\n\n\n\n<li>\u012frankiai<\/li>\n\n\n\n<li>d\u0117\u017eut\u0117<\/li>\n\n\n\n<li>knygel\u0117 su ra\u0161tais<\/li>\n\n\n\n<li>vartotojo vadovas<\/li>\n\n\n\n<li>spalvinga pakuot\u0117<\/li>\n\n\n\n<li>ruda siuntimo d\u0117\u017eut\u0117<\/li>\n<\/ul>\n\n\n\n<p><strong>GAMINTOJAS:<\/strong><\/p>\n\n\n\n<p>SHANTOU CHENGHAI JIASHILE SCIENCE AND EDUCATIONTOY CO.,LTD<br>No. 14, Sha Tian Middle Road, Lide Village, Lianxia Town, Chenghai District, Shantou CityGuangdong<br>2867248024@qq.com<\/p>\n\n\n\n<p><strong>ATSAKINGAS ASMUO ES:<\/strong><\/p>\n\n\n\n<p>IsoTrade<\/p>\n\n\n\n<p><strong>\u012eSP\u0116JIMO TURINYS:<\/strong><\/p>\n\n\n\n<p>&#8211; \u012esp\u0117jimas. Netinka vaikams iki 36 m\u0117nesi\u0173. Smulkios dalys. U\u017espringimo pavojus.<br>&#8211; Produktai netinkami vartoti.<br>&#8211; Saugoti nuo at\u0161iauri\u0173 oro s\u0105lyg\u0173 ir ugnies.<br>&#8211; Naudoti pagal paskirt\u012f.<br>&#8211; Neignoruokite rekomendacij\u0173 d\u0117l naudotojo am\u017eiaus.<br>&#8211; Nenaudokite pa\u017eeisto gaminio.<br>&#8211; Surinkimui reikalingas suaug\u0119s asmuo.<br>&#8211; Nelaikykite nesurinkt\u0173 dali\u0173 vaikams prieinamose vietose.<br>&#8211; Pakuot\u0117 n\u0117ra \u017eaislas. \u017daisl\u0105 turi i\u0161pakuoti suaug\u0119s asmuo, o pakuot\u0119 ir jos fragmentus reikia laikyti vaikams nepasiekiamoje vietoje.<\/p>","protected":false},"excerpt":{"rendered":"<p>K\u016brybinis konstruktorius ISO TRADE 3D kalad\u0117l\u0117s vaikams, transporto priemon\u0117ms, 100 vnt.!&nbsp; &nbsp;&nbsp;funkciniai konstrukciniai elementai&nbsp;&nbsp;&nbsp;\u2013 kalad\u0117li\u0173 rinkinyje yra var\u017etai, ratukai, krumpliara\u010diai ir \u012frankiai, kuriuos vaikas gali pats prisukti ir sujungti, tai puikus b\u016bdas&nbsp;&nbsp;&nbsp;technini\u0173 \u012fg\u016bd\u017ei\u0173, judesi\u0173 tikslumo ir loginio m\u0105stymo lavinimas per praktinius \u017eaidimus &nbsp;&nbsp;prakti\u0161kas daikt\u0173 laikymas&nbsp;&nbsp;&nbsp;\u2013 visi rinkinio elementai yra&nbsp;&nbsp;&nbsp;Supakuota tvirtoje d\u0117\u017eut\u0117je, tod\u0117l kalad\u0117les lengviau sutvarkyti [&hellip;]<\/p>","protected":false},"featured_media":35941,"template":"","meta":{"_acf_changed":false,"iawp_total_views":146},"product_cat":[87,84,86,202,49,39,215],"product_tag":[97,98,99],"class_list":{"0":"post-35940","1":"product","2":"type-product","3":"status-publish","4":"has-post-thumbnail","6":"product_cat-kurybiniai-rinkiniai","7":"product_cat-lavinamieji-zaislai","8":"product_cat-smulkioji-motorika","9":"product_cat-vaaikiski-konstruktoriai","10":"product_cat-visi-zaislai","11":"product_cat-zaislai","12":"product_cat-zaislai-berniukams","13":"product_tag-3-m-4-m","14":"product_tag-5-m-7-m","15":"product_tag-8-m-11-m","17":"first","18":"outofstock","19":"taxable","20":"shipping-taxable","21":"purchasable","22":"product-type-simple"},"acf":[],"yoast_head":"<!-- This site is optimized with the Yoast SEO plugin v23.3 - https:\/\/yoast.com\/wordpress\/plugins\/seo\/ -->\n<title>Konstruktorius d\u0117\u017eut\u0117je &quot;transporto priemon\u0117s&quot; , 100 el. - Montessori \u017eaislai<\/title>\n<meta name=\"robots\" content=\"index, follow, max-snippet:-1, max-image-preview:large, max-video-preview:-1\" \/>\n<link rel=\"canonical\" href=\"https:\/\/monti.lt\/en\/product\/konstruktorius-dezuteje-transporto-priemones-100-el\/\" \/>\n<meta property=\"og:locale\" content=\"en_US\" \/>\n<meta property=\"og:type\" content=\"article\" \/>\n<meta property=\"og:title\" content=\"Konstruktorius d\u0117\u017eut\u0117je &quot;transporto priemon\u0117s&quot; , 100 el. - Montessori \u017eaislai\" \/>\n<meta property=\"og:description\" content=\"K\u016brybinis konstruktorius ISO TRADE 3D kalad\u0117l\u0117s vaikams, transporto priemon\u0117ms, 100 vnt.!&nbsp; &nbsp;&nbsp;funkciniai konstrukciniai elementai&nbsp;&nbsp;&nbsp;\u2013 kalad\u0117li\u0173 rinkinyje yra var\u017etai, ratukai, krumpliara\u010diai ir \u012frankiai, kuriuos vaikas gali pats prisukti ir sujungti, tai puikus b\u016bdas&nbsp;&nbsp;&nbsp;technini\u0173 \u012fg\u016bd\u017ei\u0173, judesi\u0173 tikslumo ir loginio m\u0105stymo lavinimas per praktinius \u017eaidimus &nbsp;&nbsp;prakti\u0161kas daikt\u0173 laikymas&nbsp;&nbsp;&nbsp;\u2013 visi rinkinio elementai yra&nbsp;&nbsp;&nbsp;Supakuota tvirtoje d\u0117\u017eut\u0117je, tod\u0117l kalad\u0117les lengviau sutvarkyti [&hellip;]\" \/>\n<meta property=\"og:url\" content=\"https:\/\/monti.lt\/en\/product\/konstruktorius-dezuteje-transporto-priemones-100-el\/\" \/>\n<meta property=\"og:site_name\" content=\"Montessori \u017eaislai\" \/>\n<meta property=\"article:modified_time\" content=\"2026-04-12T09:26:50+00:00\" \/>\n<meta property=\"og:image\" content=\"https:\/\/monti.lt\/wp-content\/uploads\/2025\/11\/lit_pl_Konstrukciniai-blokeliai-transporto-priemones-100-vienetu-ISO-TRADE-18490_15.jpg\" \/>\n\t<meta property=\"og:image:width\" content=\"500\" \/>\n\t<meta property=\"og:image:height\" content=\"500\" \/>\n\t<meta property=\"og:image:type\" content=\"image\/jpeg\" \/>\n<meta name=\"twitter:card\" content=\"summary_large_image\" \/>\n<meta name=\"twitter:label1\" content=\"Est. reading time\" \/>\n\t<meta name=\"twitter:data1\" content=\"2 minutes\" \/>\n<script type=\"application\/ld+json\" class=\"yoast-schema-graph\">{\"@context\":\"https:\/\/schema.org\",\"@graph\":[{\"@type\":\"WebPage\",\"@id\":\"https:\/\/monti.lt\/product\/konstruktorius-dezuteje-transporto-priemones-100-el\/\",\"url\":\"https:\/\/monti.lt\/product\/konstruktorius-dezuteje-transporto-priemones-100-el\/\",\"name\":\"Konstruktorius d\u0117\u017eut\u0117je \\\"transporto priemon\u0117s\\\" , 100 el. - Montessori \u017eaislai\",\"isPartOf\":{\"@id\":\"https:\/\/monti.lt\/#website\"},\"primaryImageOfPage\":{\"@id\":\"https:\/\/monti.lt\/product\/konstruktorius-dezuteje-transporto-priemones-100-el\/#primaryimage\"},\"image\":{\"@id\":\"https:\/\/monti.lt\/product\/konstruktorius-dezuteje-transporto-priemones-100-el\/#primaryimage\"},\"thumbnailUrl\":\"https:\/\/monti.lt\/wp-content\/uploads\/2025\/11\/lit_pl_Konstrukciniai-blokeliai-transporto-priemones-100-vienetu-ISO-TRADE-18490_15.jpg\",\"datePublished\":\"2025-11-13T13:44:47+00:00\",\"dateModified\":\"2026-04-12T09:26:50+00:00\",\"breadcrumb\":{\"@id\":\"https:\/\/monti.lt\/product\/konstruktorius-dezuteje-transporto-priemones-100-el\/#breadcrumb\"},\"inLanguage\":\"en-US\",\"potentialAction\":[{\"@type\":\"ReadAction\",\"target\":[\"https:\/\/monti.lt\/product\/konstruktorius-dezuteje-transporto-priemones-100-el\/\"]}]},{\"@type\":\"ImageObject\",\"inLanguage\":\"en-US\",\"@id\":\"https:\/\/monti.lt\/product\/konstruktorius-dezuteje-transporto-priemones-100-el\/#primaryimage\",\"url\":\"https:\/\/monti.lt\/wp-content\/uploads\/2025\/11\/lit_pl_Konstrukciniai-blokeliai-transporto-priemones-100-vienetu-ISO-TRADE-18490_15.jpg\",\"contentUrl\":\"https:\/\/monti.lt\/wp-content\/uploads\/2025\/11\/lit_pl_Konstrukciniai-blokeliai-transporto-priemones-100-vienetu-ISO-TRADE-18490_15.jpg\",\"width\":500,\"height\":500,\"caption\":\"kaledines dovanos vaikams\"},{\"@type\":\"BreadcrumbList\",\"@id\":\"https:\/\/monti.lt\/product\/konstruktorius-dezuteje-transporto-priemones-100-el\/#breadcrumb\",\"itemListElement\":[{\"@type\":\"ListItem\",\"position\":1,\"name\":\"Home\",\"item\":\"https:\/\/monti.lt\/\"},{\"@type\":\"ListItem\",\"position\":2,\"name\":\"Parduotuv\u0117\",\"item\":\"https:\/\/monti.lt\/shop\/\"},{\"@type\":\"ListItem\",\"position\":3,\"name\":\"Konstruktorius d\u0117\u017eut\u0117je &#8220;transporto priemon\u0117s&#8221; , 100 el.\"}]},{\"@type\":\"WebSite\",\"@id\":\"https:\/\/monti.lt\/#website\",\"url\":\"https:\/\/monti.lt\/\",\"name\":\"Montessori \u017eaislai\",\"description\":\"\",\"publisher\":{\"@id\":\"https:\/\/monti.lt\/#organization\"},\"potentialAction\":[{\"@type\":\"SearchAction\",\"target\":{\"@type\":\"EntryPoint\",\"urlTemplate\":\"https:\/\/monti.lt\/?s={search_term_string}\"},\"query-input\":\"required name=search_term_string\"}],\"inLanguage\":\"en-US\"},{\"@type\":\"Organization\",\"@id\":\"https:\/\/monti.lt\/#organization\",\"name\":\"Montessori \u017eaislai\",\"url\":\"https:\/\/monti.lt\/\",\"logo\":{\"@type\":\"ImageObject\",\"inLanguage\":\"en-US\",\"@id\":\"https:\/\/monti.lt\/#\/schema\/logo\/image\/\",\"url\":\"https:\/\/monti.lt\/wp-content\/uploads\/2022\/03\/montilogo-1.png\",\"contentUrl\":\"https:\/\/monti.lt\/wp-content\/uploads\/2022\/03\/montilogo-1.png\",\"width\":512,\"height\":512,\"caption\":\"Montessori \u017eaislai\"},\"image\":{\"@id\":\"https:\/\/monti.lt\/#\/schema\/logo\/image\/\"}}]}<\/script>\n<!-- \/ Yoast SEO plugin. -->","yoast_head_json":{"title":"Konstruktorius d\u0117\u017eut\u0117je \"transporto priemon\u0117s\" , 100 el. - Montessori \u017eaislai","robots":{"index":"index","follow":"follow","max-snippet":"max-snippet:-1","max-image-preview":"max-image-preview:large","max-video-preview":"max-video-preview:-1"},"canonical":"https:\/\/monti.lt\/en\/product\/konstruktorius-dezuteje-transporto-priemones-100-el\/","og_locale":"en_US","og_type":"article","og_title":"Konstruktorius d\u0117\u017eut\u0117je \"transporto priemon\u0117s\" , 100 el. - Montessori \u017eaislai","og_description":"K\u016brybinis konstruktorius ISO TRADE 3D kalad\u0117l\u0117s vaikams, transporto priemon\u0117ms, 100 vnt.!&nbsp; &nbsp;&nbsp;funkciniai konstrukciniai elementai&nbsp;&nbsp;&nbsp;\u2013 kalad\u0117li\u0173 rinkinyje yra var\u017etai, ratukai, krumpliara\u010diai ir \u012frankiai, kuriuos vaikas gali pats prisukti ir sujungti, tai puikus b\u016bdas&nbsp;&nbsp;&nbsp;technini\u0173 \u012fg\u016bd\u017ei\u0173, judesi\u0173 tikslumo ir loginio m\u0105stymo lavinimas per praktinius \u017eaidimus &nbsp;&nbsp;prakti\u0161kas daikt\u0173 laikymas&nbsp;&nbsp;&nbsp;\u2013 visi rinkinio elementai yra&nbsp;&nbsp;&nbsp;Supakuota tvirtoje d\u0117\u017eut\u0117je, tod\u0117l kalad\u0117les lengviau sutvarkyti [&hellip;]","og_url":"https:\/\/monti.lt\/en\/product\/konstruktorius-dezuteje-transporto-priemones-100-el\/","og_site_name":"Montessori \u017eaislai","article_modified_time":"2026-04-12T09:26:50+00:00","og_image":[{"width":500,"height":500,"url":"https:\/\/monti.lt\/wp-content\/uploads\/2025\/11\/lit_pl_Konstrukciniai-blokeliai-transporto-priemones-100-vienetu-ISO-TRADE-18490_15.jpg","type":"image\/jpeg"}],"twitter_card":"summary_large_image","twitter_misc":{"Est. reading time":"2 minutes"},"schema":{"@context":"https:\/\/schema.org","@graph":[{"@type":"WebPage","@id":"https:\/\/monti.lt\/product\/konstruktorius-dezuteje-transporto-priemones-100-el\/","url":"https:\/\/monti.lt\/product\/konstruktorius-dezuteje-transporto-priemones-100-el\/","name":"Konstruktorius d\u0117\u017eut\u0117je \"transporto priemon\u0117s\" , 100 el. - Montessori \u017eaislai","isPartOf":{"@id":"https:\/\/monti.lt\/#website"},"primaryImageOfPage":{"@id":"https:\/\/monti.lt\/product\/konstruktorius-dezuteje-transporto-priemones-100-el\/#primaryimage"},"image":{"@id":"https:\/\/monti.lt\/product\/konstruktorius-dezuteje-transporto-priemones-100-el\/#primaryimage"},"thumbnailUrl":"https:\/\/monti.lt\/wp-content\/uploads\/2025\/11\/lit_pl_Konstrukciniai-blokeliai-transporto-priemones-100-vienetu-ISO-TRADE-18490_15.jpg","datePublished":"2025-11-13T13:44:47+00:00","dateModified":"2026-04-12T09:26:50+00:00","breadcrumb":{"@id":"https:\/\/monti.lt\/product\/konstruktorius-dezuteje-transporto-priemones-100-el\/#breadcrumb"},"inLanguage":"en-US","potentialAction":[{"@type":"ReadAction","target":["https:\/\/monti.lt\/product\/konstruktorius-dezuteje-transporto-priemones-100-el\/"]}]},{"@type":"ImageObject","inLanguage":"en-US","@id":"https:\/\/monti.lt\/product\/konstruktorius-dezuteje-transporto-priemones-100-el\/#primaryimage","url":"https:\/\/monti.lt\/wp-content\/uploads\/2025\/11\/lit_pl_Konstrukciniai-blokeliai-transporto-priemones-100-vienetu-ISO-TRADE-18490_15.jpg","contentUrl":"https:\/\/monti.lt\/wp-content\/uploads\/2025\/11\/lit_pl_Konstrukciniai-blokeliai-transporto-priemones-100-vienetu-ISO-TRADE-18490_15.jpg","width":500,"height":500,"caption":"kaledines dovanos vaikams"},{"@type":"BreadcrumbList","@id":"https:\/\/monti.lt\/product\/konstruktorius-dezuteje-transporto-priemones-100-el\/#breadcrumb","itemListElement":[{"@type":"ListItem","position":1,"name":"Home","item":"https:\/\/monti.lt\/"},{"@type":"ListItem","position":2,"name":"Parduotuv\u0117","item":"https:\/\/monti.lt\/shop\/"},{"@type":"ListItem","position":3,"name":"Konstruktorius d\u0117\u017eut\u0117je &#8220;transporto priemon\u0117s&#8221; , 100 el."}]},{"@type":"WebSite","@id":"https:\/\/monti.lt\/#website","url":"https:\/\/monti.lt\/","name":"Montessori \u017eaislai","description":"","publisher":{"@id":"https:\/\/monti.lt\/#organization"},"potentialAction":[{"@type":"SearchAction","target":{"@type":"EntryPoint","urlTemplate":"https:\/\/monti.lt\/?s={search_term_string}"},"query-input":"required name=search_term_string"}],"inLanguage":"en-US"},{"@type":"Organization","@id":"https:\/\/monti.lt\/#organization","name":"Montessori \u017eaislai","url":"https:\/\/monti.lt\/","logo":{"@type":"ImageObject","inLanguage":"en-US","@id":"https:\/\/monti.lt\/#\/schema\/logo\/image\/","url":"https:\/\/monti.lt\/wp-content\/uploads\/2022\/03\/montilogo-1.png","contentUrl":"https:\/\/monti.lt\/wp-content\/uploads\/2022\/03\/montilogo-1.png","width":512,"height":512,"caption":"Montessori \u017eaislai"},"image":{"@id":"https:\/\/monti.lt\/#\/schema\/logo\/image\/"}}]}},"_links":{"self":[{"href":"https:\/\/monti.lt\/en\/wp-json\/wp\/v2\/product\/35940"}],"collection":[{"href":"https:\/\/monti.lt\/en\/wp-json\/wp\/v2\/product"}],"about":[{"href":"https:\/\/monti.lt\/en\/wp-json\/wp\/v2\/types\/product"}],"version-history":[{"count":1,"href":"https:\/\/monti.lt\/en\/wp-json\/wp\/v2\/product\/35940\/revisions"}],"predecessor-version":[{"id":35958,"href":"https:\/\/monti.lt\/en\/wp-json\/wp\/v2\/product\/35940\/revisions\/35958"}],"wp:featuredmedia":[{"embeddable":true,"href":"https:\/\/monti.lt\/en\/wp-json\/wp\/v2\/media\/35941"}],"wp:attachment":[{"href":"https:\/\/monti.lt\/en\/wp-json\/wp\/v2\/media?parent=35940"}],"wp:term":[{"taxonomy":"product_cat","embeddable":true,"href":"https:\/\/monti.lt\/en\/wp-json\/wp\/v2\/product_cat?post=35940"},{"taxonomy":"product_tag","embeddable":true,"href":"https:\/\/monti.lt\/en\/wp-json\/wp\/v2\/product_tag?post=35940"}],"curies":[{"name":"wp","href":"https:\/\/api.w.org\/{rel}","templated":true}]}}