{"id":35991,"date":"2025-11-14T10:50:30","date_gmt":"2025-11-14T10:50:30","guid":{"rendered":"https:\/\/monti.lt\/?post_type=product&#038;p=35991"},"modified":"2025-12-11T18:00:35","modified_gmt":"2025-12-11T18:00:35","slug":"medinis-magnetinis-zaidimas-aprenk-leles","status":"publish","type":"product","link":"https:\/\/monti.lt\/en\/product\/medinis-magnetinis-zaidimas-aprenk-leles\/","title":{"rendered":"Medinis magnetinis \u017eaidimas &#8220;Aprenk l\u0117les&#8221;"},"content":{"rendered":"<p>MAGNETINIS DRESS-UP PUZZLE<br>\u2764\ufe0f Medinis dress-up puzzle \u2013 4 modeli\u0173 l\u0117l\u0117s ir 65 magnetiniai drabu\u017eiai.<br>Valand\u0173 valandas linksminkit\u0117s aprengdami keturias magnetines l\u0117l\u0117s 65 skirtingais magnetiniais drabu\u017eiais. \u017davios l\u0117l\u0117s ir stilingi drabu\u017eiai suteiks valand\u0173 valandas nuostabaus malonumo.<\/p>\n\n\n\n<p>\u2705 Magnetinis aprengimo \u017eaidimas \u2013 tai magnet\u0173 rinkinys, leid\u017eiantis \u017eaisti trimat\u012f stilisto \u017eaidim\u0105. Sud\u0117liokite magnetinius d\u0117lioni\u0173 drabu\u017ei\u0173 formos elementus ant savo modeli\u0173. Rinkinyje yra keturi modeliai, turintys skirting\u0105 odos atspalv\u012f ir plauk\u0173 spalv\u0105, tod\u0117l galite paruo\u0161ti aprang\u0105 kiekvienam gro\u017eio tipui.<\/p>\n\n\n\n<p>\u2705 Komplekte yra:<br>patraukli kartonin\u0117 pakuot\u0117<br>4 modeliai<br>65 drabu\u017ei\u0173 formos magnetai<br>Pakuot\u0117s matmenys: 47 cm x 35 cm x 2,5 cm<\/p>\n\n\n\n<p>Vienos l\u0117l\u0117s matmenys: 12,5 cm x 4 cm<\/p>\n\n\n\n<p>Magnet\u0173 skai\u010dius: 65 plius 4 modeliai<\/p>\n\n\n\n<h1 class=\"wp-block-heading\">\u2764\ufe0fJei norite, d\u0117liones taip pat galima pritvirtinti prie \u0161aldytuvo, specialios lentos ar bet kurios kitos pavir\u0161iaus, prie kurio prilimpa magnetas.<br>\u0160is \u017eaislas pad\u0117s j\u016bs\u0173 vaikui ugdyti vaizduot\u0119. Jis gal\u0117s derinti aprang\u0105 prie konkre\u010di\u0173 prog\u0173 ar oro s\u0105lyg\u0173\u2026<\/h1>\n\n\n\n<p>Magnetai taip pat gali b\u016bti naudojami bendrai kuriant istorijas, ugdant vaiko vaizduot\u0119 ir ple\u010diant jo \u017eodyn\u0105.<\/p>\n\n\n\n<p><\/p>","protected":false},"excerpt":{"rendered":"<p>MAGNETINIS DRESS-UP PUZZLE\u2764\ufe0f Medinis dress-up puzzle \u2013 4 modeli\u0173 l\u0117l\u0117s ir 65 magnetiniai drabu\u017eiai.Valand\u0173 valandas linksminkit\u0117s aprengdami keturias magnetines l\u0117l\u0117s 65 skirtingais magnetiniais drabu\u017eiais. \u017davios l\u0117l\u0117s ir stilingi drabu\u017eiai suteiks valand\u0173 valandas nuostabaus malonumo. \u2705 Magnetinis aprengimo \u017eaidimas \u2013 tai magnet\u0173 rinkinys, leid\u017eiantis \u017eaisti trimat\u012f stilisto \u017eaidim\u0105. Sud\u0117liokite magnetinius d\u0117lioni\u0173 drabu\u017ei\u0173 formos elementus ant savo [&hellip;]<\/p>","protected":false},"featured_media":35992,"template":"","meta":{"_acf_changed":false,"iawp_total_views":242},"product_cat":[208,92,195,216,217,196,191,192,87,84,210,102,83,90,86,93,49,39,214],"product_tag":[97,98],"class_list":{"0":"post-35991","1":"product","2":"type-product","3":"status-publish","4":"has-post-thumbnail","6":"product_cat-deliones-2","7":"product_cat-deliones","8":"product_cat-dovanos-vaikams-3-4-metu","9":"product_cat-dovanos-4-5-metu-vaikams","10":"product_cat-dovanos-5-7-metu-vaikams","11":"product_cat-dovanos-mergaitems","12":"product_cat-dovanos-vaikams","13":"product_cat-kaledines-dovanos-vaikams","14":"product_cat-kurybiniai-rinkiniai","15":"product_cat-lavinamieji-zaislai","16":"product_cat-medines-deliones","17":"product_cat-mediniai-zaislai","18":"product_cat-montessori-zaislai","19":"product_cat-pasaulio-pazinimas","20":"product_cat-smulkioji-motorika","21":"product_cat-vaidmenu-zaidimai","22":"product_cat-visi-zaislai","23":"product_cat-zaislai","24":"product_cat-zaislai-mergaitems","25":"product_tag-3-m-4-m","26":"product_tag-5-m-7-m","28":"first","29":"outofstock","30":"taxable","31":"shipping-taxable","32":"purchasable","33":"product-type-simple"},"acf":[],"yoast_head":"<!-- This site is optimized with the Yoast SEO plugin v23.3 - https:\/\/yoast.com\/wordpress\/plugins\/seo\/ -->\n<title>Medinis magnetinis \u017eaidimas &quot;Aprenk l\u0117les&quot; - Montessori \u017eaislai<\/title>\n<meta name=\"robots\" content=\"index, follow, max-snippet:-1, max-image-preview:large, max-video-preview:-1\" \/>\n<link rel=\"canonical\" href=\"https:\/\/monti.lt\/en\/product\/medinis-magnetinis-zaidimas-aprenk-leles\/\" \/>\n<meta property=\"og:locale\" content=\"en_US\" \/>\n<meta property=\"og:type\" content=\"article\" \/>\n<meta property=\"og:title\" content=\"Medinis magnetinis \u017eaidimas &quot;Aprenk l\u0117les&quot; - Montessori \u017eaislai\" \/>\n<meta property=\"og:description\" content=\"MAGNETINIS DRESS-UP PUZZLE\u2764\ufe0f Medinis dress-up puzzle \u2013 4 modeli\u0173 l\u0117l\u0117s ir 65 magnetiniai drabu\u017eiai.Valand\u0173 valandas linksminkit\u0117s aprengdami keturias magnetines l\u0117l\u0117s 65 skirtingais magnetiniais drabu\u017eiais. \u017davios l\u0117l\u0117s ir stilingi drabu\u017eiai suteiks valand\u0173 valandas nuostabaus malonumo. \u2705 Magnetinis aprengimo \u017eaidimas \u2013 tai magnet\u0173 rinkinys, leid\u017eiantis \u017eaisti trimat\u012f stilisto \u017eaidim\u0105. Sud\u0117liokite magnetinius d\u0117lioni\u0173 drabu\u017ei\u0173 formos elementus ant savo [&hellip;]\" \/>\n<meta property=\"og:url\" content=\"https:\/\/monti.lt\/en\/product\/medinis-magnetinis-zaidimas-aprenk-leles\/\" \/>\n<meta property=\"og:site_name\" content=\"Montessori \u017eaislai\" \/>\n<meta property=\"article:modified_time\" content=\"2025-12-11T18:00:35+00:00\" \/>\n<meta property=\"og:image\" content=\"https:\/\/monti.lt\/wp-content\/uploads\/2025\/11\/magnetyczna-gra-ubieranka-ukladanka-puzzle-montessori-2.webp\" \/>\n\t<meta property=\"og:image:width\" content=\"800\" \/>\n\t<meta property=\"og:image:height\" content=\"800\" \/>\n\t<meta property=\"og:image:type\" content=\"image\/webp\" \/>\n<meta name=\"twitter:card\" content=\"summary_large_image\" \/>\n<meta name=\"twitter:label1\" content=\"Est. reading time\" \/>\n\t<meta name=\"twitter:data1\" content=\"2 minutes\" \/>\n<script type=\"application\/ld+json\" class=\"yoast-schema-graph\">{\"@context\":\"https:\/\/schema.org\",\"@graph\":[{\"@type\":\"WebPage\",\"@id\":\"https:\/\/monti.lt\/product\/medinis-magnetinis-zaidimas-aprenk-leles\/\",\"url\":\"https:\/\/monti.lt\/product\/medinis-magnetinis-zaidimas-aprenk-leles\/\",\"name\":\"Medinis magnetinis \u017eaidimas \\\"Aprenk l\u0117les\\\" - Montessori \u017eaislai\",\"isPartOf\":{\"@id\":\"https:\/\/monti.lt\/#website\"},\"primaryImageOfPage\":{\"@id\":\"https:\/\/monti.lt\/product\/medinis-magnetinis-zaidimas-aprenk-leles\/#primaryimage\"},\"image\":{\"@id\":\"https:\/\/monti.lt\/product\/medinis-magnetinis-zaidimas-aprenk-leles\/#primaryimage\"},\"thumbnailUrl\":\"https:\/\/monti.lt\/wp-content\/uploads\/2025\/11\/magnetyczna-gra-ubieranka-ukladanka-puzzle-montessori-2.webp\",\"datePublished\":\"2025-11-14T10:50:30+00:00\",\"dateModified\":\"2025-12-11T18:00:35+00:00\",\"breadcrumb\":{\"@id\":\"https:\/\/monti.lt\/product\/medinis-magnetinis-zaidimas-aprenk-leles\/#breadcrumb\"},\"inLanguage\":\"en-US\",\"potentialAction\":[{\"@type\":\"ReadAction\",\"target\":[\"https:\/\/monti.lt\/product\/medinis-magnetinis-zaidimas-aprenk-leles\/\"]}]},{\"@type\":\"ImageObject\",\"inLanguage\":\"en-US\",\"@id\":\"https:\/\/monti.lt\/product\/medinis-magnetinis-zaidimas-aprenk-leles\/#primaryimage\",\"url\":\"https:\/\/monti.lt\/wp-content\/uploads\/2025\/11\/magnetyczna-gra-ubieranka-ukladanka-puzzle-montessori-2.webp\",\"contentUrl\":\"https:\/\/monti.lt\/wp-content\/uploads\/2025\/11\/magnetyczna-gra-ubieranka-ukladanka-puzzle-montessori-2.webp\",\"width\":800,\"height\":800,\"caption\":\"kaledines dovanos\"},{\"@type\":\"BreadcrumbList\",\"@id\":\"https:\/\/monti.lt\/product\/medinis-magnetinis-zaidimas-aprenk-leles\/#breadcrumb\",\"itemListElement\":[{\"@type\":\"ListItem\",\"position\":1,\"name\":\"Home\",\"item\":\"https:\/\/monti.lt\/\"},{\"@type\":\"ListItem\",\"position\":2,\"name\":\"Parduotuv\u0117\",\"item\":\"https:\/\/monti.lt\/shop\/\"},{\"@type\":\"ListItem\",\"position\":3,\"name\":\"Medinis magnetinis \u017eaidimas &#8220;Aprenk l\u0117les&#8221;\"}]},{\"@type\":\"WebSite\",\"@id\":\"https:\/\/monti.lt\/#website\",\"url\":\"https:\/\/monti.lt\/\",\"name\":\"Montessori \u017eaislai\",\"description\":\"\",\"publisher\":{\"@id\":\"https:\/\/monti.lt\/#organization\"},\"potentialAction\":[{\"@type\":\"SearchAction\",\"target\":{\"@type\":\"EntryPoint\",\"urlTemplate\":\"https:\/\/monti.lt\/?s={search_term_string}\"},\"query-input\":\"required name=search_term_string\"}],\"inLanguage\":\"en-US\"},{\"@type\":\"Organization\",\"@id\":\"https:\/\/monti.lt\/#organization\",\"name\":\"Montessori \u017eaislai\",\"url\":\"https:\/\/monti.lt\/\",\"logo\":{\"@type\":\"ImageObject\",\"inLanguage\":\"en-US\",\"@id\":\"https:\/\/monti.lt\/#\/schema\/logo\/image\/\",\"url\":\"https:\/\/monti.lt\/wp-content\/uploads\/2022\/03\/montilogo-1.png\",\"contentUrl\":\"https:\/\/monti.lt\/wp-content\/uploads\/2022\/03\/montilogo-1.png\",\"width\":512,\"height\":512,\"caption\":\"Montessori \u017eaislai\"},\"image\":{\"@id\":\"https:\/\/monti.lt\/#\/schema\/logo\/image\/\"}}]}<\/script>\n<!-- \/ Yoast SEO plugin. -->","yoast_head_json":{"title":"Medinis magnetinis \u017eaidimas \"Aprenk l\u0117les\" - Montessori \u017eaislai","robots":{"index":"index","follow":"follow","max-snippet":"max-snippet:-1","max-image-preview":"max-image-preview:large","max-video-preview":"max-video-preview:-1"},"canonical":"https:\/\/monti.lt\/en\/product\/medinis-magnetinis-zaidimas-aprenk-leles\/","og_locale":"en_US","og_type":"article","og_title":"Medinis magnetinis \u017eaidimas \"Aprenk l\u0117les\" - Montessori \u017eaislai","og_description":"MAGNETINIS DRESS-UP PUZZLE\u2764\ufe0f Medinis dress-up puzzle \u2013 4 modeli\u0173 l\u0117l\u0117s ir 65 magnetiniai drabu\u017eiai.Valand\u0173 valandas linksminkit\u0117s aprengdami keturias magnetines l\u0117l\u0117s 65 skirtingais magnetiniais drabu\u017eiais. \u017davios l\u0117l\u0117s ir stilingi drabu\u017eiai suteiks valand\u0173 valandas nuostabaus malonumo. \u2705 Magnetinis aprengimo \u017eaidimas \u2013 tai magnet\u0173 rinkinys, leid\u017eiantis \u017eaisti trimat\u012f stilisto \u017eaidim\u0105. Sud\u0117liokite magnetinius d\u0117lioni\u0173 drabu\u017ei\u0173 formos elementus ant savo [&hellip;]","og_url":"https:\/\/monti.lt\/en\/product\/medinis-magnetinis-zaidimas-aprenk-leles\/","og_site_name":"Montessori \u017eaislai","article_modified_time":"2025-12-11T18:00:35+00:00","og_image":[{"width":800,"height":800,"url":"https:\/\/monti.lt\/wp-content\/uploads\/2025\/11\/magnetyczna-gra-ubieranka-ukladanka-puzzle-montessori-2.webp","type":"image\/webp"}],"twitter_card":"summary_large_image","twitter_misc":{"Est. reading time":"2 minutes"},"schema":{"@context":"https:\/\/schema.org","@graph":[{"@type":"WebPage","@id":"https:\/\/monti.lt\/product\/medinis-magnetinis-zaidimas-aprenk-leles\/","url":"https:\/\/monti.lt\/product\/medinis-magnetinis-zaidimas-aprenk-leles\/","name":"Medinis magnetinis \u017eaidimas \"Aprenk l\u0117les\" - Montessori \u017eaislai","isPartOf":{"@id":"https:\/\/monti.lt\/#website"},"primaryImageOfPage":{"@id":"https:\/\/monti.lt\/product\/medinis-magnetinis-zaidimas-aprenk-leles\/#primaryimage"},"image":{"@id":"https:\/\/monti.lt\/product\/medinis-magnetinis-zaidimas-aprenk-leles\/#primaryimage"},"thumbnailUrl":"https:\/\/monti.lt\/wp-content\/uploads\/2025\/11\/magnetyczna-gra-ubieranka-ukladanka-puzzle-montessori-2.webp","datePublished":"2025-11-14T10:50:30+00:00","dateModified":"2025-12-11T18:00:35+00:00","breadcrumb":{"@id":"https:\/\/monti.lt\/product\/medinis-magnetinis-zaidimas-aprenk-leles\/#breadcrumb"},"inLanguage":"en-US","potentialAction":[{"@type":"ReadAction","target":["https:\/\/monti.lt\/product\/medinis-magnetinis-zaidimas-aprenk-leles\/"]}]},{"@type":"ImageObject","inLanguage":"en-US","@id":"https:\/\/monti.lt\/product\/medinis-magnetinis-zaidimas-aprenk-leles\/#primaryimage","url":"https:\/\/monti.lt\/wp-content\/uploads\/2025\/11\/magnetyczna-gra-ubieranka-ukladanka-puzzle-montessori-2.webp","contentUrl":"https:\/\/monti.lt\/wp-content\/uploads\/2025\/11\/magnetyczna-gra-ubieranka-ukladanka-puzzle-montessori-2.webp","width":800,"height":800,"caption":"kaledines dovanos"},{"@type":"BreadcrumbList","@id":"https:\/\/monti.lt\/product\/medinis-magnetinis-zaidimas-aprenk-leles\/#breadcrumb","itemListElement":[{"@type":"ListItem","position":1,"name":"Home","item":"https:\/\/monti.lt\/"},{"@type":"ListItem","position":2,"name":"Parduotuv\u0117","item":"https:\/\/monti.lt\/shop\/"},{"@type":"ListItem","position":3,"name":"Medinis magnetinis \u017eaidimas &#8220;Aprenk l\u0117les&#8221;"}]},{"@type":"WebSite","@id":"https:\/\/monti.lt\/#website","url":"https:\/\/monti.lt\/","name":"Montessori \u017eaislai","description":"","publisher":{"@id":"https:\/\/monti.lt\/#organization"},"potentialAction":[{"@type":"SearchAction","target":{"@type":"EntryPoint","urlTemplate":"https:\/\/monti.lt\/?s={search_term_string}"},"query-input":"required name=search_term_string"}],"inLanguage":"en-US"},{"@type":"Organization","@id":"https:\/\/monti.lt\/#organization","name":"Montessori \u017eaislai","url":"https:\/\/monti.lt\/","logo":{"@type":"ImageObject","inLanguage":"en-US","@id":"https:\/\/monti.lt\/#\/schema\/logo\/image\/","url":"https:\/\/monti.lt\/wp-content\/uploads\/2022\/03\/montilogo-1.png","contentUrl":"https:\/\/monti.lt\/wp-content\/uploads\/2022\/03\/montilogo-1.png","width":512,"height":512,"caption":"Montessori \u017eaislai"},"image":{"@id":"https:\/\/monti.lt\/#\/schema\/logo\/image\/"}}]}},"_links":{"self":[{"href":"https:\/\/monti.lt\/en\/wp-json\/wp\/v2\/product\/35991"}],"collection":[{"href":"https:\/\/monti.lt\/en\/wp-json\/wp\/v2\/product"}],"about":[{"href":"https:\/\/monti.lt\/en\/wp-json\/wp\/v2\/types\/product"}],"version-history":[{"count":1,"href":"https:\/\/monti.lt\/en\/wp-json\/wp\/v2\/product\/35991\/revisions"}],"predecessor-version":[{"id":35998,"href":"https:\/\/monti.lt\/en\/wp-json\/wp\/v2\/product\/35991\/revisions\/35998"}],"wp:featuredmedia":[{"embeddable":true,"href":"https:\/\/monti.lt\/en\/wp-json\/wp\/v2\/media\/35992"}],"wp:attachment":[{"href":"https:\/\/monti.lt\/en\/wp-json\/wp\/v2\/media?parent=35991"}],"wp:term":[{"taxonomy":"product_cat","embeddable":true,"href":"https:\/\/monti.lt\/en\/wp-json\/wp\/v2\/product_cat?post=35991"},{"taxonomy":"product_tag","embeddable":true,"href":"https:\/\/monti.lt\/en\/wp-json\/wp\/v2\/product_tag?post=35991"}],"curies":[{"name":"wp","href":"https:\/\/api.w.org\/{rel}","templated":true}]}}