{"id":36092,"date":"2025-11-16T14:37:00","date_gmt":"2025-11-16T14:37:00","guid":{"rendered":"https:\/\/monti.lt\/?post_type=product&#038;p=36092"},"modified":"2026-02-22T06:45:30","modified_gmt":"2026-02-22T06:45:30","slug":"tooky-toy-misko-rinkinys","status":"publish","type":"product","link":"https:\/\/monti.lt\/en\/product\/tooky-toy-misko-rinkinys\/","title":{"rendered":"Tooky toy &#8220;Mi\u0161ko rinkinys&#8221;"},"content":{"rendered":"<p>Atraskite stebukling\u0105 mi\u0161k\u0105 savo nam\u0173 jaukumoje!&nbsp;&nbsp;<strong>\u201eTooky\u201c \u017eaislinis<\/strong>&nbsp;mi\u0161ko&nbsp;<strong>rinkinys<\/strong>&nbsp;yra kruop\u0161\u010diai sukurtas, medinis atviras \u017eaidim\u0173 rinkinys, kuriame vaikai gali kurti&nbsp;<strong>savo mi\u0161ko stebukl\u0173 \u0161al\u012f:<\/strong>&nbsp;med\u017eius, lapus, grybus, gyv\u016bnus, vaivoryk\u0161t\u0119, bangas ir akmenis. \u0160iltos spalvos, \u0161veln\u016bs, lyt\u0117jimo elementai ir prislopinti tonai skatina k\u016brybi\u0161k\u0105 \u017eaidim\u0105. Rinkinys supakuotas&nbsp;<strong>tvirtoje medin\u0117je d\u0117\u017eut\u0117je<\/strong>&nbsp;su \u0161e\u0161iais skyriais ir dangteliu, kurio nugar\u0117l\u0117 sukurta kaip kreidin\u0117 lenta.<strong><\/strong><strong><\/strong><strong><\/strong><\/p>\n\n\n\n<p><strong>B\u016bdingas:<\/strong><\/p>\n\n\n\n<ul class=\"wp-block-list\">\n<li>&#8211; Vaikams nuo\u00a0<strong>3 met\u0173<\/strong>\u00a0am\u017eiaus<\/li>\n\n\n\n<li>&#8211; Pagaminta i\u0161 auk\u0161tos kokyb\u0117s med\u017eiag\u0173<\/li>\n\n\n\n<li>&#8211; 40 skirting\u0173 form\u0173\u00a0<strong>nevar\u017eomam \u017eaidimui:<\/strong>\u00a0konstravimui, r\u016b\u0161iavimui, skai\u010diavimui ir pasakojimui.<\/li>\n\n\n\n<li>&#8211; D\u0117\u017eut\u0117 su\u00a0<strong>6 skyriais<\/strong>\u00a0ir dangteliu, tvarkingas ir patogus laikymas komplekte.<\/li>\n\n\n\n<li>&#8211; Subtili mi\u0161ko spalv\u0173 palet\u0117 ir kruop\u0161\u010diai nupoliruoti kra\u0161tai ma\u017e\u0173 ranky\u010di\u0173 patogumui.<\/li>\n\n\n\n<li>&#8211; D\u0117\u017eut\u0117s vir\u0161elis yra kreidin\u0117s lentos formos<\/li>\n<\/ul>\n\n\n\n<p><strong>\u017daislas vystosi:<\/strong><\/p>\n\n\n\n<ul class=\"wp-block-list\">\n<li>&#8211; Vaizduot\u0117<\/li>\n\n\n\n<li>&#8211; Rank\u0173 ir aki\u0173 koordinacija<\/li>\n\n\n\n<li>&#8211; K\u016brybi\u0161kumas<\/li>\n\n\n\n<li>&#8211; Motoriniai \u012fg\u016bd\u017eiai<\/li>\n\n\n\n<li>&#8211; Logika<\/li>\n<\/ul>","protected":false},"excerpt":{"rendered":"<p>Atraskite stebukling\u0105 mi\u0161k\u0105 savo nam\u0173 jaukumoje!&nbsp;&nbsp;\u201eTooky\u201c \u017eaislinis&nbsp;mi\u0161ko&nbsp;rinkinys&nbsp;yra kruop\u0161\u010diai sukurtas, medinis atviras \u017eaidim\u0173 rinkinys, kuriame vaikai gali kurti&nbsp;savo mi\u0161ko stebukl\u0173 \u0161al\u012f:&nbsp;med\u017eius, lapus, grybus, gyv\u016bnus, vaivoryk\u0161t\u0119, bangas ir akmenis. \u0160iltos spalvos, \u0161veln\u016bs, lyt\u0117jimo elementai ir prislopinti tonai skatina k\u016brybi\u0161k\u0105 \u017eaidim\u0105. Rinkinys supakuotas&nbsp;tvirtoje medin\u0117je d\u0117\u017eut\u0117je&nbsp;su \u0161e\u0161iais skyriais ir dangteliu, kurio nugar\u0117l\u0117 sukurta kaip kreidin\u0117 lenta. B\u016bdingas: \u017daislas vystosi:<\/p>","protected":false},"featured_media":36093,"template":"","meta":{"_acf_changed":false,"iawp_total_views":186},"product_cat":[87,84,91,102,83,242,86,93,49,39],"product_tag":[97,98],"class_list":{"0":"post-36092","1":"product","2":"type-product","3":"status-publish","4":"has-post-thumbnail","6":"product_cat-kurybiniai-rinkiniai","7":"product_cat-lavinamieji-zaislai","8":"product_cat-loginiam-mastymui","9":"product_cat-mediniai-zaislai","10":"product_cat-montessori-zaislai","11":"product_cat-pagal-gamintoja","12":"product_cat-smulkioji-motorika","13":"product_cat-vaidmenu-zaidimai","14":"product_cat-visi-zaislai","15":"product_cat-zaislai","16":"product_tag-3-m-4-m","17":"product_tag-5-m-7-m","19":"first","20":"outofstock","21":"sale","22":"taxable","23":"shipping-taxable","24":"purchasable","25":"product-type-simple"},"acf":[],"yoast_head":"<!-- This site is optimized with the Yoast SEO plugin v23.3 - https:\/\/yoast.com\/wordpress\/plugins\/seo\/ -->\n<title>Tooky toy &quot;Mi\u0161ko rinkinys&quot; - Montessori \u017eaislai<\/title>\n<meta name=\"robots\" content=\"index, follow, max-snippet:-1, max-image-preview:large, max-video-preview:-1\" \/>\n<link rel=\"canonical\" href=\"https:\/\/monti.lt\/en\/product\/tooky-toy-misko-rinkinys\/\" \/>\n<meta property=\"og:locale\" content=\"en_US\" \/>\n<meta property=\"og:type\" content=\"article\" \/>\n<meta property=\"og:title\" content=\"Tooky toy &quot;Mi\u0161ko rinkinys&quot; - Montessori \u017eaislai\" \/>\n<meta property=\"og:description\" content=\"Atraskite stebukling\u0105 mi\u0161k\u0105 savo nam\u0173 jaukumoje!&nbsp;&nbsp;\u201eTooky\u201c \u017eaislinis&nbsp;mi\u0161ko&nbsp;rinkinys&nbsp;yra kruop\u0161\u010diai sukurtas, medinis atviras \u017eaidim\u0173 rinkinys, kuriame vaikai gali kurti&nbsp;savo mi\u0161ko stebukl\u0173 \u0161al\u012f:&nbsp;med\u017eius, lapus, grybus, gyv\u016bnus, vaivoryk\u0161t\u0119, bangas ir akmenis. \u0160iltos spalvos, \u0161veln\u016bs, lyt\u0117jimo elementai ir prislopinti tonai skatina k\u016brybi\u0161k\u0105 \u017eaidim\u0105. Rinkinys supakuotas&nbsp;tvirtoje medin\u0117je d\u0117\u017eut\u0117je&nbsp;su \u0161e\u0161iais skyriais ir dangteliu, kurio nugar\u0117l\u0117 sukurta kaip kreidin\u0117 lenta. B\u016bdingas: \u017daislas vystosi:\" \/>\n<meta property=\"og:url\" content=\"https:\/\/monti.lt\/en\/product\/tooky-toy-misko-rinkinys\/\" \/>\n<meta property=\"og:site_name\" content=\"Montessori \u017eaislai\" \/>\n<meta property=\"article:modified_time\" content=\"2026-02-22T06:45:30+00:00\" \/>\n<meta property=\"og:image\" content=\"https:\/\/monti.lt\/wp-content\/uploads\/2025\/11\/tooky-toy-zestaw-lesny-ukladanka-w-stosy-klocki-figurki.jpg\" \/>\n\t<meta property=\"og:image:width\" content=\"800\" \/>\n\t<meta property=\"og:image:height\" content=\"800\" \/>\n\t<meta property=\"og:image:type\" content=\"image\/jpeg\" \/>\n<meta name=\"twitter:card\" content=\"summary_large_image\" \/>\n<meta name=\"twitter:label1\" content=\"Est. reading time\" \/>\n\t<meta name=\"twitter:data1\" content=\"1 minute\" \/>\n<script type=\"application\/ld+json\" class=\"yoast-schema-graph\">{\"@context\":\"https:\/\/schema.org\",\"@graph\":[{\"@type\":\"WebPage\",\"@id\":\"https:\/\/monti.lt\/product\/tooky-toy-misko-rinkinys\/\",\"url\":\"https:\/\/monti.lt\/product\/tooky-toy-misko-rinkinys\/\",\"name\":\"Tooky toy \\\"Mi\u0161ko rinkinys\\\" - Montessori \u017eaislai\",\"isPartOf\":{\"@id\":\"https:\/\/monti.lt\/#website\"},\"primaryImageOfPage\":{\"@id\":\"https:\/\/monti.lt\/product\/tooky-toy-misko-rinkinys\/#primaryimage\"},\"image\":{\"@id\":\"https:\/\/monti.lt\/product\/tooky-toy-misko-rinkinys\/#primaryimage\"},\"thumbnailUrl\":\"https:\/\/monti.lt\/wp-content\/uploads\/2025\/11\/tooky-toy-zestaw-lesny-ukladanka-w-stosy-klocki-figurki.jpg\",\"datePublished\":\"2025-11-16T14:37:00+00:00\",\"dateModified\":\"2026-02-22T06:45:30+00:00\",\"breadcrumb\":{\"@id\":\"https:\/\/monti.lt\/product\/tooky-toy-misko-rinkinys\/#breadcrumb\"},\"inLanguage\":\"en-US\",\"potentialAction\":[{\"@type\":\"ReadAction\",\"target\":[\"https:\/\/monti.lt\/product\/tooky-toy-misko-rinkinys\/\"]}]},{\"@type\":\"ImageObject\",\"inLanguage\":\"en-US\",\"@id\":\"https:\/\/monti.lt\/product\/tooky-toy-misko-rinkinys\/#primaryimage\",\"url\":\"https:\/\/monti.lt\/wp-content\/uploads\/2025\/11\/tooky-toy-zestaw-lesny-ukladanka-w-stosy-klocki-figurki.jpg\",\"contentUrl\":\"https:\/\/monti.lt\/wp-content\/uploads\/2025\/11\/tooky-toy-zestaw-lesny-ukladanka-w-stosy-klocki-figurki.jpg\",\"width\":800,\"height\":800,\"caption\":\"kaledines dovanos vaikams\"},{\"@type\":\"BreadcrumbList\",\"@id\":\"https:\/\/monti.lt\/product\/tooky-toy-misko-rinkinys\/#breadcrumb\",\"itemListElement\":[{\"@type\":\"ListItem\",\"position\":1,\"name\":\"Home\",\"item\":\"https:\/\/monti.lt\/\"},{\"@type\":\"ListItem\",\"position\":2,\"name\":\"Parduotuv\u0117\",\"item\":\"https:\/\/monti.lt\/shop\/\"},{\"@type\":\"ListItem\",\"position\":3,\"name\":\"Tooky toy &#8220;Mi\u0161ko rinkinys&#8221;\"}]},{\"@type\":\"WebSite\",\"@id\":\"https:\/\/monti.lt\/#website\",\"url\":\"https:\/\/monti.lt\/\",\"name\":\"Montessori \u017eaislai\",\"description\":\"\",\"publisher\":{\"@id\":\"https:\/\/monti.lt\/#organization\"},\"potentialAction\":[{\"@type\":\"SearchAction\",\"target\":{\"@type\":\"EntryPoint\",\"urlTemplate\":\"https:\/\/monti.lt\/?s={search_term_string}\"},\"query-input\":\"required name=search_term_string\"}],\"inLanguage\":\"en-US\"},{\"@type\":\"Organization\",\"@id\":\"https:\/\/monti.lt\/#organization\",\"name\":\"Montessori \u017eaislai\",\"url\":\"https:\/\/monti.lt\/\",\"logo\":{\"@type\":\"ImageObject\",\"inLanguage\":\"en-US\",\"@id\":\"https:\/\/monti.lt\/#\/schema\/logo\/image\/\",\"url\":\"https:\/\/monti.lt\/wp-content\/uploads\/2022\/03\/montilogo-1.png\",\"contentUrl\":\"https:\/\/monti.lt\/wp-content\/uploads\/2022\/03\/montilogo-1.png\",\"width\":512,\"height\":512,\"caption\":\"Montessori \u017eaislai\"},\"image\":{\"@id\":\"https:\/\/monti.lt\/#\/schema\/logo\/image\/\"}}]}<\/script>\n<!-- \/ Yoast SEO plugin. -->","yoast_head_json":{"title":"Tooky toy \"Mi\u0161ko rinkinys\" - Montessori \u017eaislai","robots":{"index":"index","follow":"follow","max-snippet":"max-snippet:-1","max-image-preview":"max-image-preview:large","max-video-preview":"max-video-preview:-1"},"canonical":"https:\/\/monti.lt\/en\/product\/tooky-toy-misko-rinkinys\/","og_locale":"en_US","og_type":"article","og_title":"Tooky toy \"Mi\u0161ko rinkinys\" - Montessori \u017eaislai","og_description":"Atraskite stebukling\u0105 mi\u0161k\u0105 savo nam\u0173 jaukumoje!&nbsp;&nbsp;\u201eTooky\u201c \u017eaislinis&nbsp;mi\u0161ko&nbsp;rinkinys&nbsp;yra kruop\u0161\u010diai sukurtas, medinis atviras \u017eaidim\u0173 rinkinys, kuriame vaikai gali kurti&nbsp;savo mi\u0161ko stebukl\u0173 \u0161al\u012f:&nbsp;med\u017eius, lapus, grybus, gyv\u016bnus, vaivoryk\u0161t\u0119, bangas ir akmenis. \u0160iltos spalvos, \u0161veln\u016bs, lyt\u0117jimo elementai ir prislopinti tonai skatina k\u016brybi\u0161k\u0105 \u017eaidim\u0105. Rinkinys supakuotas&nbsp;tvirtoje medin\u0117je d\u0117\u017eut\u0117je&nbsp;su \u0161e\u0161iais skyriais ir dangteliu, kurio nugar\u0117l\u0117 sukurta kaip kreidin\u0117 lenta. B\u016bdingas: \u017daislas vystosi:","og_url":"https:\/\/monti.lt\/en\/product\/tooky-toy-misko-rinkinys\/","og_site_name":"Montessori \u017eaislai","article_modified_time":"2026-02-22T06:45:30+00:00","og_image":[{"width":800,"height":800,"url":"https:\/\/monti.lt\/wp-content\/uploads\/2025\/11\/tooky-toy-zestaw-lesny-ukladanka-w-stosy-klocki-figurki.jpg","type":"image\/jpeg"}],"twitter_card":"summary_large_image","twitter_misc":{"Est. reading time":"1 minute"},"schema":{"@context":"https:\/\/schema.org","@graph":[{"@type":"WebPage","@id":"https:\/\/monti.lt\/product\/tooky-toy-misko-rinkinys\/","url":"https:\/\/monti.lt\/product\/tooky-toy-misko-rinkinys\/","name":"Tooky toy \"Mi\u0161ko rinkinys\" - Montessori \u017eaislai","isPartOf":{"@id":"https:\/\/monti.lt\/#website"},"primaryImageOfPage":{"@id":"https:\/\/monti.lt\/product\/tooky-toy-misko-rinkinys\/#primaryimage"},"image":{"@id":"https:\/\/monti.lt\/product\/tooky-toy-misko-rinkinys\/#primaryimage"},"thumbnailUrl":"https:\/\/monti.lt\/wp-content\/uploads\/2025\/11\/tooky-toy-zestaw-lesny-ukladanka-w-stosy-klocki-figurki.jpg","datePublished":"2025-11-16T14:37:00+00:00","dateModified":"2026-02-22T06:45:30+00:00","breadcrumb":{"@id":"https:\/\/monti.lt\/product\/tooky-toy-misko-rinkinys\/#breadcrumb"},"inLanguage":"en-US","potentialAction":[{"@type":"ReadAction","target":["https:\/\/monti.lt\/product\/tooky-toy-misko-rinkinys\/"]}]},{"@type":"ImageObject","inLanguage":"en-US","@id":"https:\/\/monti.lt\/product\/tooky-toy-misko-rinkinys\/#primaryimage","url":"https:\/\/monti.lt\/wp-content\/uploads\/2025\/11\/tooky-toy-zestaw-lesny-ukladanka-w-stosy-klocki-figurki.jpg","contentUrl":"https:\/\/monti.lt\/wp-content\/uploads\/2025\/11\/tooky-toy-zestaw-lesny-ukladanka-w-stosy-klocki-figurki.jpg","width":800,"height":800,"caption":"kaledines dovanos vaikams"},{"@type":"BreadcrumbList","@id":"https:\/\/monti.lt\/product\/tooky-toy-misko-rinkinys\/#breadcrumb","itemListElement":[{"@type":"ListItem","position":1,"name":"Home","item":"https:\/\/monti.lt\/"},{"@type":"ListItem","position":2,"name":"Parduotuv\u0117","item":"https:\/\/monti.lt\/shop\/"},{"@type":"ListItem","position":3,"name":"Tooky toy &#8220;Mi\u0161ko rinkinys&#8221;"}]},{"@type":"WebSite","@id":"https:\/\/monti.lt\/#website","url":"https:\/\/monti.lt\/","name":"Montessori \u017eaislai","description":"","publisher":{"@id":"https:\/\/monti.lt\/#organization"},"potentialAction":[{"@type":"SearchAction","target":{"@type":"EntryPoint","urlTemplate":"https:\/\/monti.lt\/?s={search_term_string}"},"query-input":"required name=search_term_string"}],"inLanguage":"en-US"},{"@type":"Organization","@id":"https:\/\/monti.lt\/#organization","name":"Montessori \u017eaislai","url":"https:\/\/monti.lt\/","logo":{"@type":"ImageObject","inLanguage":"en-US","@id":"https:\/\/monti.lt\/#\/schema\/logo\/image\/","url":"https:\/\/monti.lt\/wp-content\/uploads\/2022\/03\/montilogo-1.png","contentUrl":"https:\/\/monti.lt\/wp-content\/uploads\/2022\/03\/montilogo-1.png","width":512,"height":512,"caption":"Montessori \u017eaislai"},"image":{"@id":"https:\/\/monti.lt\/#\/schema\/logo\/image\/"}}]}},"_links":{"self":[{"href":"https:\/\/monti.lt\/en\/wp-json\/wp\/v2\/product\/36092"}],"collection":[{"href":"https:\/\/monti.lt\/en\/wp-json\/wp\/v2\/product"}],"about":[{"href":"https:\/\/monti.lt\/en\/wp-json\/wp\/v2\/types\/product"}],"version-history":[{"count":1,"href":"https:\/\/monti.lt\/en\/wp-json\/wp\/v2\/product\/36092\/revisions"}],"predecessor-version":[{"id":36094,"href":"https:\/\/monti.lt\/en\/wp-json\/wp\/v2\/product\/36092\/revisions\/36094"}],"wp:featuredmedia":[{"embeddable":true,"href":"https:\/\/monti.lt\/en\/wp-json\/wp\/v2\/media\/36093"}],"wp:attachment":[{"href":"https:\/\/monti.lt\/en\/wp-json\/wp\/v2\/media?parent=36092"}],"wp:term":[{"taxonomy":"product_cat","embeddable":true,"href":"https:\/\/monti.lt\/en\/wp-json\/wp\/v2\/product_cat?post=36092"},{"taxonomy":"product_tag","embeddable":true,"href":"https:\/\/monti.lt\/en\/wp-json\/wp\/v2\/product_tag?post=36092"}],"curies":[{"name":"wp","href":"https:\/\/api.w.org\/{rel}","templated":true}]}}