{"id":36190,"date":"2025-11-18T07:33:30","date_gmt":"2025-11-18T07:33:30","guid":{"rendered":"https:\/\/monti.lt\/?post_type=product&#038;p=36190"},"modified":"2026-03-02T06:25:56","modified_gmt":"2026-03-02T06:25:56","slug":"karaoke-mikrofonas-juodas","status":"publish","type":"product","link":"https:\/\/monti.lt\/en\/product\/karaoke-mikrofonas-juodas\/","title":{"rendered":"Karaoke mikrofonas, juodas"},"content":{"rendered":"<p>Juodas belaidis karaoke mikrofonas palaiko populiarius garso formatus, tokius kaip MP3, WMA ir WAV. D\u0117l 10 metr\u0173 veikimo nuotolio ir \u201eBluetooth\u201c technologijos vartotojas gali laisvai jud\u0117ti dainuodamas. \u012emontuota 2000 mAh baterija u\u017etikrina iki 6 valand\u0173 nepertraukiamo veikimo. Mikrofonas turi AUX \u012fvest\u012f ir atminties kortel\u0117s lizd\u0105, kurie suteikia papildom\u0173 funkcij\u0173. Korpuso mygtukai leid\u017eia lengvai reguliuoti nustatymus ir keisti dainas. Komplekte yra USB laidas ir 3,5 mm jack laidas.<\/p>\n\n\n\n<p>Techniniai duomenys:<\/p>\n\n\n\n<p>Med\u017eiaga: plastikas<br>Spalva: juoda<br>Prietaiso pavadinimas: K3<br>Tipas: talpinis<br>Atspindys: taip<br>Palaikomi fail\u0173 tipai: MP3, WMA, WAV<br>Perdavimo nuotolis: &lt;10 m Darbinis da\u017enis: 2,402\u20132,480 GHz Perdavimo galia: 4 dB Jautrumas: -85 dB Signalo ir triuk\u0161mo santykis: &gt;80 dB<br>I\u0161kraipymas: &lt;1\u20132 %<br>I\u0161\u0117jimo galia: 5 + 5 W<br>Garsiakalbis: 40 mm \u03a9 \/ 5 W<br>Diapazonas: 30 Hz\u201320 KHz<br>\u012ekrovimas: 5 V 1 A<br>\u012ekrovimo laikas: apie 4 valandos<br>Veikimo laikas: 5\u20136 valandos<br>Baterijos talpa: 2000 mAh (\u012ftraukta)<br>Garso \u012fvestis: \u201eBluetooth\u201c\/atminties kortel\u0117\/AUX<br>Mikrofono matmenys: 25 cm x 5 cm<br>Pakuot\u0117s matmenys: 26 cm x 7,5 cm x 8,5 cm<br>Komplekto sud\u0117tis:<\/p>\n\n\n\n<p>Mikrofonas<br>USB laidas<br>3,5 mm jungties laidas<\/p>\n\n\n\n<p>Karaoke mikrofonas pagamintas i\u0161 patvari\u0173 med\u017eiag\u0173. Jis turi CE sertifikat\u0105.<\/p>\n\n\n\n<p>Produktas supakuotas kartonin\u0117je d\u0117\u017eut\u0117je.<\/p>\n\n\n\n<p><\/p>","protected":false},"excerpt":{"rendered":"<p>Juodas belaidis karaoke mikrofonas palaiko populiarius garso formatus, tokius kaip MP3, WMA ir WAV. D\u0117l 10 metr\u0173 veikimo nuotolio ir \u201eBluetooth\u201c technologijos vartotojas gali laisvai jud\u0117ti dainuodamas. \u012emontuota 2000 mAh baterija u\u017etikrina iki 6 valand\u0173 nepertraukiamo veikimo. Mikrofonas turi AUX \u012fvest\u012f ir atminties kortel\u0117s lizd\u0105, kurie suteikia papildom\u0173 funkcij\u0173. Korpuso mygtukai leid\u017eia lengvai reguliuoti nustatymus [&hellip;]<\/p>","protected":false},"featured_media":36191,"template":"","meta":{"_acf_changed":false,"iawp_total_views":125},"product_cat":[84,85,50,93,49,39],"product_tag":[101,97,98,99],"class_list":{"0":"post-36190","1":"product","2":"type-product","3":"status-publish","4":"has-post-thumbnail","6":"product_cat-lavinamieji-zaislai","7":"product_cat-muzikiniai-zaislai","8":"product_cat-top-dovanos","9":"product_cat-vaidmenu-zaidimai","10":"product_cat-visi-zaislai","11":"product_cat-zaislai","12":"product_tag-12-m-14-m","13":"product_tag-3-m-4-m","14":"product_tag-5-m-7-m","15":"product_tag-8-m-11-m","17":"first","18":"instock","19":"taxable","20":"shipping-taxable","21":"purchasable","22":"product-type-simple"},"acf":[],"yoast_head":"<!-- This site is optimized with the Yoast SEO plugin v23.3 - https:\/\/yoast.com\/wordpress\/plugins\/seo\/ -->\n<title>Karaoke mikrofonas, juodas - Montessori \u017eaislai<\/title>\n<meta name=\"robots\" content=\"index, follow, max-snippet:-1, max-image-preview:large, max-video-preview:-1\" \/>\n<link rel=\"canonical\" href=\"https:\/\/monti.lt\/en\/product\/karaoke-mikrofonas-juodas\/\" \/>\n<meta property=\"og:locale\" content=\"en_US\" \/>\n<meta property=\"og:type\" content=\"article\" \/>\n<meta property=\"og:title\" content=\"Karaoke mikrofonas, juodas - Montessori \u017eaislai\" \/>\n<meta property=\"og:description\" content=\"Juodas belaidis karaoke mikrofonas palaiko populiarius garso formatus, tokius kaip MP3, WMA ir WAV. D\u0117l 10 metr\u0173 veikimo nuotolio ir \u201eBluetooth\u201c technologijos vartotojas gali laisvai jud\u0117ti dainuodamas. \u012emontuota 2000 mAh baterija u\u017etikrina iki 6 valand\u0173 nepertraukiamo veikimo. Mikrofonas turi AUX \u012fvest\u012f ir atminties kortel\u0117s lizd\u0105, kurie suteikia papildom\u0173 funkcij\u0173. Korpuso mygtukai leid\u017eia lengvai reguliuoti nustatymus [&hellip;]\" \/>\n<meta property=\"og:url\" content=\"https:\/\/monti.lt\/en\/product\/karaoke-mikrofonas-juodas\/\" \/>\n<meta property=\"og:site_name\" content=\"Montessori \u017eaislai\" \/>\n<meta property=\"article:modified_time\" content=\"2026-03-02T06:25:56+00:00\" \/>\n<meta property=\"og:image\" content=\"https:\/\/monti.lt\/wp-content\/uploads\/2025\/11\/Bluetooth-wireless-karaoke-microphone-black-162091.jpg\" \/>\n\t<meta property=\"og:image:width\" content=\"1024\" \/>\n\t<meta property=\"og:image:height\" content=\"1024\" \/>\n\t<meta property=\"og:image:type\" content=\"image\/jpeg\" \/>\n<meta name=\"twitter:card\" content=\"summary_large_image\" \/>\n<meta name=\"twitter:label1\" content=\"Est. reading time\" \/>\n\t<meta name=\"twitter:data1\" content=\"2 minutes\" \/>\n<script type=\"application\/ld+json\" class=\"yoast-schema-graph\">{\"@context\":\"https:\/\/schema.org\",\"@graph\":[{\"@type\":\"WebPage\",\"@id\":\"https:\/\/monti.lt\/product\/karaoke-mikrofonas-juodas\/\",\"url\":\"https:\/\/monti.lt\/product\/karaoke-mikrofonas-juodas\/\",\"name\":\"Karaoke mikrofonas, juodas - Montessori \u017eaislai\",\"isPartOf\":{\"@id\":\"https:\/\/monti.lt\/#website\"},\"primaryImageOfPage\":{\"@id\":\"https:\/\/monti.lt\/product\/karaoke-mikrofonas-juodas\/#primaryimage\"},\"image\":{\"@id\":\"https:\/\/monti.lt\/product\/karaoke-mikrofonas-juodas\/#primaryimage\"},\"thumbnailUrl\":\"https:\/\/monti.lt\/wp-content\/uploads\/2025\/11\/Bluetooth-wireless-karaoke-microphone-black-162091.jpg\",\"datePublished\":\"2025-11-18T07:33:30+00:00\",\"dateModified\":\"2026-03-02T06:25:56+00:00\",\"breadcrumb\":{\"@id\":\"https:\/\/monti.lt\/product\/karaoke-mikrofonas-juodas\/#breadcrumb\"},\"inLanguage\":\"en-US\",\"potentialAction\":[{\"@type\":\"ReadAction\",\"target\":[\"https:\/\/monti.lt\/product\/karaoke-mikrofonas-juodas\/\"]}]},{\"@type\":\"ImageObject\",\"inLanguage\":\"en-US\",\"@id\":\"https:\/\/monti.lt\/product\/karaoke-mikrofonas-juodas\/#primaryimage\",\"url\":\"https:\/\/monti.lt\/wp-content\/uploads\/2025\/11\/Bluetooth-wireless-karaoke-microphone-black-162091.jpg\",\"contentUrl\":\"https:\/\/monti.lt\/wp-content\/uploads\/2025\/11\/Bluetooth-wireless-karaoke-microphone-black-162091.jpg\",\"width\":1024,\"height\":1024,\"caption\":\"kaledines dovanos vaikams\"},{\"@type\":\"BreadcrumbList\",\"@id\":\"https:\/\/monti.lt\/product\/karaoke-mikrofonas-juodas\/#breadcrumb\",\"itemListElement\":[{\"@type\":\"ListItem\",\"position\":1,\"name\":\"Home\",\"item\":\"https:\/\/monti.lt\/\"},{\"@type\":\"ListItem\",\"position\":2,\"name\":\"Parduotuv\u0117\",\"item\":\"https:\/\/monti.lt\/shop\/\"},{\"@type\":\"ListItem\",\"position\":3,\"name\":\"Karaoke mikrofonas, juodas\"}]},{\"@type\":\"WebSite\",\"@id\":\"https:\/\/monti.lt\/#website\",\"url\":\"https:\/\/monti.lt\/\",\"name\":\"Montessori \u017eaislai\",\"description\":\"\",\"publisher\":{\"@id\":\"https:\/\/monti.lt\/#organization\"},\"potentialAction\":[{\"@type\":\"SearchAction\",\"target\":{\"@type\":\"EntryPoint\",\"urlTemplate\":\"https:\/\/monti.lt\/?s={search_term_string}\"},\"query-input\":\"required name=search_term_string\"}],\"inLanguage\":\"en-US\"},{\"@type\":\"Organization\",\"@id\":\"https:\/\/monti.lt\/#organization\",\"name\":\"Montessori \u017eaislai\",\"url\":\"https:\/\/monti.lt\/\",\"logo\":{\"@type\":\"ImageObject\",\"inLanguage\":\"en-US\",\"@id\":\"https:\/\/monti.lt\/#\/schema\/logo\/image\/\",\"url\":\"https:\/\/monti.lt\/wp-content\/uploads\/2022\/03\/montilogo-1.png\",\"contentUrl\":\"https:\/\/monti.lt\/wp-content\/uploads\/2022\/03\/montilogo-1.png\",\"width\":512,\"height\":512,\"caption\":\"Montessori \u017eaislai\"},\"image\":{\"@id\":\"https:\/\/monti.lt\/#\/schema\/logo\/image\/\"}}]}<\/script>\n<!-- \/ Yoast SEO plugin. -->","yoast_head_json":{"title":"Karaoke mikrofonas, juodas - Montessori \u017eaislai","robots":{"index":"index","follow":"follow","max-snippet":"max-snippet:-1","max-image-preview":"max-image-preview:large","max-video-preview":"max-video-preview:-1"},"canonical":"https:\/\/monti.lt\/en\/product\/karaoke-mikrofonas-juodas\/","og_locale":"en_US","og_type":"article","og_title":"Karaoke mikrofonas, juodas - Montessori \u017eaislai","og_description":"Juodas belaidis karaoke mikrofonas palaiko populiarius garso formatus, tokius kaip MP3, WMA ir WAV. D\u0117l 10 metr\u0173 veikimo nuotolio ir \u201eBluetooth\u201c technologijos vartotojas gali laisvai jud\u0117ti dainuodamas. \u012emontuota 2000 mAh baterija u\u017etikrina iki 6 valand\u0173 nepertraukiamo veikimo. Mikrofonas turi AUX \u012fvest\u012f ir atminties kortel\u0117s lizd\u0105, kurie suteikia papildom\u0173 funkcij\u0173. Korpuso mygtukai leid\u017eia lengvai reguliuoti nustatymus [&hellip;]","og_url":"https:\/\/monti.lt\/en\/product\/karaoke-mikrofonas-juodas\/","og_site_name":"Montessori \u017eaislai","article_modified_time":"2026-03-02T06:25:56+00:00","og_image":[{"width":1024,"height":1024,"url":"https:\/\/monti.lt\/wp-content\/uploads\/2025\/11\/Bluetooth-wireless-karaoke-microphone-black-162091.jpg","type":"image\/jpeg"}],"twitter_card":"summary_large_image","twitter_misc":{"Est. reading time":"2 minutes"},"schema":{"@context":"https:\/\/schema.org","@graph":[{"@type":"WebPage","@id":"https:\/\/monti.lt\/product\/karaoke-mikrofonas-juodas\/","url":"https:\/\/monti.lt\/product\/karaoke-mikrofonas-juodas\/","name":"Karaoke mikrofonas, juodas - Montessori \u017eaislai","isPartOf":{"@id":"https:\/\/monti.lt\/#website"},"primaryImageOfPage":{"@id":"https:\/\/monti.lt\/product\/karaoke-mikrofonas-juodas\/#primaryimage"},"image":{"@id":"https:\/\/monti.lt\/product\/karaoke-mikrofonas-juodas\/#primaryimage"},"thumbnailUrl":"https:\/\/monti.lt\/wp-content\/uploads\/2025\/11\/Bluetooth-wireless-karaoke-microphone-black-162091.jpg","datePublished":"2025-11-18T07:33:30+00:00","dateModified":"2026-03-02T06:25:56+00:00","breadcrumb":{"@id":"https:\/\/monti.lt\/product\/karaoke-mikrofonas-juodas\/#breadcrumb"},"inLanguage":"en-US","potentialAction":[{"@type":"ReadAction","target":["https:\/\/monti.lt\/product\/karaoke-mikrofonas-juodas\/"]}]},{"@type":"ImageObject","inLanguage":"en-US","@id":"https:\/\/monti.lt\/product\/karaoke-mikrofonas-juodas\/#primaryimage","url":"https:\/\/monti.lt\/wp-content\/uploads\/2025\/11\/Bluetooth-wireless-karaoke-microphone-black-162091.jpg","contentUrl":"https:\/\/monti.lt\/wp-content\/uploads\/2025\/11\/Bluetooth-wireless-karaoke-microphone-black-162091.jpg","width":1024,"height":1024,"caption":"kaledines dovanos vaikams"},{"@type":"BreadcrumbList","@id":"https:\/\/monti.lt\/product\/karaoke-mikrofonas-juodas\/#breadcrumb","itemListElement":[{"@type":"ListItem","position":1,"name":"Home","item":"https:\/\/monti.lt\/"},{"@type":"ListItem","position":2,"name":"Parduotuv\u0117","item":"https:\/\/monti.lt\/shop\/"},{"@type":"ListItem","position":3,"name":"Karaoke mikrofonas, juodas"}]},{"@type":"WebSite","@id":"https:\/\/monti.lt\/#website","url":"https:\/\/monti.lt\/","name":"Montessori \u017eaislai","description":"","publisher":{"@id":"https:\/\/monti.lt\/#organization"},"potentialAction":[{"@type":"SearchAction","target":{"@type":"EntryPoint","urlTemplate":"https:\/\/monti.lt\/?s={search_term_string}"},"query-input":"required name=search_term_string"}],"inLanguage":"en-US"},{"@type":"Organization","@id":"https:\/\/monti.lt\/#organization","name":"Montessori \u017eaislai","url":"https:\/\/monti.lt\/","logo":{"@type":"ImageObject","inLanguage":"en-US","@id":"https:\/\/monti.lt\/#\/schema\/logo\/image\/","url":"https:\/\/monti.lt\/wp-content\/uploads\/2022\/03\/montilogo-1.png","contentUrl":"https:\/\/monti.lt\/wp-content\/uploads\/2022\/03\/montilogo-1.png","width":512,"height":512,"caption":"Montessori \u017eaislai"},"image":{"@id":"https:\/\/monti.lt\/#\/schema\/logo\/image\/"}}]}},"_links":{"self":[{"href":"https:\/\/monti.lt\/en\/wp-json\/wp\/v2\/product\/36190"}],"collection":[{"href":"https:\/\/monti.lt\/en\/wp-json\/wp\/v2\/product"}],"about":[{"href":"https:\/\/monti.lt\/en\/wp-json\/wp\/v2\/types\/product"}],"version-history":[{"count":1,"href":"https:\/\/monti.lt\/en\/wp-json\/wp\/v2\/product\/36190\/revisions"}],"predecessor-version":[{"id":36199,"href":"https:\/\/monti.lt\/en\/wp-json\/wp\/v2\/product\/36190\/revisions\/36199"}],"wp:featuredmedia":[{"embeddable":true,"href":"https:\/\/monti.lt\/en\/wp-json\/wp\/v2\/media\/36191"}],"wp:attachment":[{"href":"https:\/\/monti.lt\/en\/wp-json\/wp\/v2\/media?parent=36190"}],"wp:term":[{"taxonomy":"product_cat","embeddable":true,"href":"https:\/\/monti.lt\/en\/wp-json\/wp\/v2\/product_cat?post=36190"},{"taxonomy":"product_tag","embeddable":true,"href":"https:\/\/monti.lt\/en\/wp-json\/wp\/v2\/product_tag?post=36190"}],"curies":[{"name":"wp","href":"https:\/\/api.w.org\/{rel}","templated":true}]}}