{"id":36493,"date":"2025-11-23T07:05:02","date_gmt":"2025-11-23T07:05:02","guid":{"rendered":"https:\/\/monti.lt\/?post_type=product&#038;p=36493"},"modified":"2026-04-26T13:21:47","modified_gmt":"2026-04-26T13:21:47","slug":"veltinio-eglute-su-led-lemputemis-kaledu-senelis","status":"publish","type":"product","link":"https:\/\/monti.lt\/en\/product\/veltinio-eglute-su-led-lemputemis-kaledu-senelis\/","title":{"rendered":"Veltinio eglut\u0117 su LED lemput\u0117mis &#8220;Kal\u0117d\u0173 senelis&#8221;"},"content":{"rendered":"<p>Kal\u0117d\u0173 eglut\u0117, pagaminta i\u0161 mink\u0161to veltinio, kuri\u0105 galima papuo\u0161ti pridedamais pakabukais. Papuo\u0161t\u0105 Kal\u0117d\u0173 eglut\u0119 galima ap\u0161viesti 3 metr\u0173 ilgio lempu\u010di\u0173 girlianda.<\/p>\n\n\n\n<p>Produkto savyb\u0117s:<\/p>\n\n\n\n<ul class=\"wp-block-list\">\n<li>veltinio Kal\u0117d\u0173 eglut\u0117 (matmenys 70&#215;100 cm)<\/li>\n\n\n\n<li>21 veltinio papuo\u0161alas<\/li>\n\n\n\n<li>3 m ilgio lempu\u010di\u0173 girlianda (maitinama 3xAG13 baterijomis)<\/li>\n\n\n\n<li>lempu\u010di\u0173 girlianda su programatoriumi \u2013 trys ap\u0161vietimo re\u017eimai<\/li>\n<\/ul>","protected":false},"excerpt":{"rendered":"<p>Kal\u0117d\u0173 eglut\u0117, pagaminta i\u0161 mink\u0161to veltinio, kuri\u0105 galima papuo\u0161ti pridedamais pakabukais. Papuo\u0161t\u0105 Kal\u0117d\u0173 eglut\u0119 galima ap\u0161viesti 3 metr\u0173 ilgio lempu\u010di\u0173 girlianda. Produkto savyb\u0117s:<\/p>","protected":false},"featured_media":36494,"template":"","meta":{"_acf_changed":false,"iawp_total_views":570},"product_cat":[218,92,195,216,217,191,192,87,84,90,86,50,49,39],"product_tag":[96,97,98],"class_list":{"0":"post-36493","1":"product","2":"type-product","3":"status-publish","4":"has-post-thumbnail","6":"product_cat-darzeliu-grupems","7":"product_cat-deliones","8":"product_cat-dovanos-vaikams-3-4-metu","9":"product_cat-dovanos-4-5-metu-vaikams","10":"product_cat-dovanos-5-7-metu-vaikams","11":"product_cat-dovanos-vaikams","12":"product_cat-kaledines-dovanos-vaikams","13":"product_cat-kurybiniai-rinkiniai","14":"product_cat-lavinamieji-zaislai","15":"product_cat-pasaulio-pazinimas","16":"product_cat-smulkioji-motorika","17":"product_cat-top-dovanos","18":"product_cat-visi-zaislai","19":"product_cat-zaislai","20":"product_tag-2-m-3-m","21":"product_tag-3-m-4-m","22":"product_tag-5-m-7-m","24":"first","25":"instock","26":"sale","27":"taxable","28":"shipping-taxable","29":"purchasable","30":"product-type-simple"},"acf":[],"yoast_head":"<!-- This site is optimized with the Yoast SEO plugin v23.3 - https:\/\/yoast.com\/wordpress\/plugins\/seo\/ -->\n<title>Veltinio eglut\u0117 su LED lemput\u0117mis &quot;Kal\u0117d\u0173 senelis&quot; - Montessori \u017eaislai<\/title>\n<meta name=\"robots\" content=\"index, follow, max-snippet:-1, max-image-preview:large, max-video-preview:-1\" \/>\n<link rel=\"canonical\" href=\"https:\/\/monti.lt\/en\/product\/veltinio-eglute-su-led-lemputemis-kaledu-senelis\/\" \/>\n<meta property=\"og:locale\" content=\"en_US\" \/>\n<meta property=\"og:type\" content=\"article\" \/>\n<meta property=\"og:title\" content=\"Veltinio eglut\u0117 su LED lemput\u0117mis &quot;Kal\u0117d\u0173 senelis&quot; - Montessori \u017eaislai\" \/>\n<meta property=\"og:description\" content=\"Kal\u0117d\u0173 eglut\u0117, pagaminta i\u0161 mink\u0161to veltinio, kuri\u0105 galima papuo\u0161ti pridedamais pakabukais. Papuo\u0161t\u0105 Kal\u0117d\u0173 eglut\u0119 galima ap\u0161viesti 3 metr\u0173 ilgio lempu\u010di\u0173 girlianda. Produkto savyb\u0117s:\" \/>\n<meta property=\"og:url\" content=\"https:\/\/monti.lt\/en\/product\/veltinio-eglute-su-led-lemputemis-kaledu-senelis\/\" \/>\n<meta property=\"og:site_name\" content=\"Montessori \u017eaislai\" \/>\n<meta property=\"article:modified_time\" content=\"2026-04-26T13:21:47+00:00\" \/>\n<meta property=\"og:image\" content=\"https:\/\/monti.lt\/wp-content\/uploads\/2025\/11\/15E9B16064ACC281E89805A59EF22A98.jpg\" \/>\n\t<meta property=\"og:image:width\" content=\"800\" \/>\n\t<meta property=\"og:image:height\" content=\"800\" \/>\n\t<meta property=\"og:image:type\" content=\"image\/jpeg\" \/>\n<meta name=\"twitter:card\" content=\"summary_large_image\" \/>\n<meta name=\"twitter:label1\" content=\"Est. reading time\" \/>\n\t<meta name=\"twitter:data1\" content=\"1 minute\" \/>\n<script type=\"application\/ld+json\" class=\"yoast-schema-graph\">{\"@context\":\"https:\/\/schema.org\",\"@graph\":[{\"@type\":\"WebPage\",\"@id\":\"https:\/\/monti.lt\/product\/veltinio-eglute-su-led-lemputemis-kaledu-senelis\/\",\"url\":\"https:\/\/monti.lt\/product\/veltinio-eglute-su-led-lemputemis-kaledu-senelis\/\",\"name\":\"Veltinio eglut\u0117 su LED lemput\u0117mis \\\"Kal\u0117d\u0173 senelis\\\" - Montessori \u017eaislai\",\"isPartOf\":{\"@id\":\"https:\/\/monti.lt\/#website\"},\"primaryImageOfPage\":{\"@id\":\"https:\/\/monti.lt\/product\/veltinio-eglute-su-led-lemputemis-kaledu-senelis\/#primaryimage\"},\"image\":{\"@id\":\"https:\/\/monti.lt\/product\/veltinio-eglute-su-led-lemputemis-kaledu-senelis\/#primaryimage\"},\"thumbnailUrl\":\"https:\/\/monti.lt\/wp-content\/uploads\/2025\/11\/15E9B16064ACC281E89805A59EF22A98.jpg\",\"datePublished\":\"2025-11-23T07:05:02+00:00\",\"dateModified\":\"2026-04-26T13:21:47+00:00\",\"breadcrumb\":{\"@id\":\"https:\/\/monti.lt\/product\/veltinio-eglute-su-led-lemputemis-kaledu-senelis\/#breadcrumb\"},\"inLanguage\":\"en-US\",\"potentialAction\":[{\"@type\":\"ReadAction\",\"target\":[\"https:\/\/monti.lt\/product\/veltinio-eglute-su-led-lemputemis-kaledu-senelis\/\"]}]},{\"@type\":\"ImageObject\",\"inLanguage\":\"en-US\",\"@id\":\"https:\/\/monti.lt\/product\/veltinio-eglute-su-led-lemputemis-kaledu-senelis\/#primaryimage\",\"url\":\"https:\/\/monti.lt\/wp-content\/uploads\/2025\/11\/15E9B16064ACC281E89805A59EF22A98.jpg\",\"contentUrl\":\"https:\/\/monti.lt\/wp-content\/uploads\/2025\/11\/15E9B16064ACC281E89805A59EF22A98.jpg\",\"width\":800,\"height\":800,\"caption\":\"led eglute\"},{\"@type\":\"BreadcrumbList\",\"@id\":\"https:\/\/monti.lt\/product\/veltinio-eglute-su-led-lemputemis-kaledu-senelis\/#breadcrumb\",\"itemListElement\":[{\"@type\":\"ListItem\",\"position\":1,\"name\":\"Home\",\"item\":\"https:\/\/monti.lt\/\"},{\"@type\":\"ListItem\",\"position\":2,\"name\":\"Parduotuv\u0117\",\"item\":\"https:\/\/monti.lt\/shop\/\"},{\"@type\":\"ListItem\",\"position\":3,\"name\":\"Veltinio eglut\u0117 su LED lemput\u0117mis &#8220;Kal\u0117d\u0173 senelis&#8221;\"}]},{\"@type\":\"WebSite\",\"@id\":\"https:\/\/monti.lt\/#website\",\"url\":\"https:\/\/monti.lt\/\",\"name\":\"Montessori \u017eaislai\",\"description\":\"\",\"publisher\":{\"@id\":\"https:\/\/monti.lt\/#organization\"},\"potentialAction\":[{\"@type\":\"SearchAction\",\"target\":{\"@type\":\"EntryPoint\",\"urlTemplate\":\"https:\/\/monti.lt\/?s={search_term_string}\"},\"query-input\":\"required name=search_term_string\"}],\"inLanguage\":\"en-US\"},{\"@type\":\"Organization\",\"@id\":\"https:\/\/monti.lt\/#organization\",\"name\":\"Montessori \u017eaislai\",\"url\":\"https:\/\/monti.lt\/\",\"logo\":{\"@type\":\"ImageObject\",\"inLanguage\":\"en-US\",\"@id\":\"https:\/\/monti.lt\/#\/schema\/logo\/image\/\",\"url\":\"https:\/\/monti.lt\/wp-content\/uploads\/2022\/03\/montilogo-1.png\",\"contentUrl\":\"https:\/\/monti.lt\/wp-content\/uploads\/2022\/03\/montilogo-1.png\",\"width\":512,\"height\":512,\"caption\":\"Montessori \u017eaislai\"},\"image\":{\"@id\":\"https:\/\/monti.lt\/#\/schema\/logo\/image\/\"}}]}<\/script>\n<!-- \/ Yoast SEO plugin. -->","yoast_head_json":{"title":"Veltinio eglut\u0117 su LED lemput\u0117mis \"Kal\u0117d\u0173 senelis\" - Montessori \u017eaislai","robots":{"index":"index","follow":"follow","max-snippet":"max-snippet:-1","max-image-preview":"max-image-preview:large","max-video-preview":"max-video-preview:-1"},"canonical":"https:\/\/monti.lt\/en\/product\/veltinio-eglute-su-led-lemputemis-kaledu-senelis\/","og_locale":"en_US","og_type":"article","og_title":"Veltinio eglut\u0117 su LED lemput\u0117mis \"Kal\u0117d\u0173 senelis\" - Montessori \u017eaislai","og_description":"Kal\u0117d\u0173 eglut\u0117, pagaminta i\u0161 mink\u0161to veltinio, kuri\u0105 galima papuo\u0161ti pridedamais pakabukais. Papuo\u0161t\u0105 Kal\u0117d\u0173 eglut\u0119 galima ap\u0161viesti 3 metr\u0173 ilgio lempu\u010di\u0173 girlianda. Produkto savyb\u0117s:","og_url":"https:\/\/monti.lt\/en\/product\/veltinio-eglute-su-led-lemputemis-kaledu-senelis\/","og_site_name":"Montessori \u017eaislai","article_modified_time":"2026-04-26T13:21:47+00:00","og_image":[{"width":800,"height":800,"url":"https:\/\/monti.lt\/wp-content\/uploads\/2025\/11\/15E9B16064ACC281E89805A59EF22A98.jpg","type":"image\/jpeg"}],"twitter_card":"summary_large_image","twitter_misc":{"Est. reading time":"1 minute"},"schema":{"@context":"https:\/\/schema.org","@graph":[{"@type":"WebPage","@id":"https:\/\/monti.lt\/product\/veltinio-eglute-su-led-lemputemis-kaledu-senelis\/","url":"https:\/\/monti.lt\/product\/veltinio-eglute-su-led-lemputemis-kaledu-senelis\/","name":"Veltinio eglut\u0117 su LED lemput\u0117mis \"Kal\u0117d\u0173 senelis\" - Montessori \u017eaislai","isPartOf":{"@id":"https:\/\/monti.lt\/#website"},"primaryImageOfPage":{"@id":"https:\/\/monti.lt\/product\/veltinio-eglute-su-led-lemputemis-kaledu-senelis\/#primaryimage"},"image":{"@id":"https:\/\/monti.lt\/product\/veltinio-eglute-su-led-lemputemis-kaledu-senelis\/#primaryimage"},"thumbnailUrl":"https:\/\/monti.lt\/wp-content\/uploads\/2025\/11\/15E9B16064ACC281E89805A59EF22A98.jpg","datePublished":"2025-11-23T07:05:02+00:00","dateModified":"2026-04-26T13:21:47+00:00","breadcrumb":{"@id":"https:\/\/monti.lt\/product\/veltinio-eglute-su-led-lemputemis-kaledu-senelis\/#breadcrumb"},"inLanguage":"en-US","potentialAction":[{"@type":"ReadAction","target":["https:\/\/monti.lt\/product\/veltinio-eglute-su-led-lemputemis-kaledu-senelis\/"]}]},{"@type":"ImageObject","inLanguage":"en-US","@id":"https:\/\/monti.lt\/product\/veltinio-eglute-su-led-lemputemis-kaledu-senelis\/#primaryimage","url":"https:\/\/monti.lt\/wp-content\/uploads\/2025\/11\/15E9B16064ACC281E89805A59EF22A98.jpg","contentUrl":"https:\/\/monti.lt\/wp-content\/uploads\/2025\/11\/15E9B16064ACC281E89805A59EF22A98.jpg","width":800,"height":800,"caption":"led eglute"},{"@type":"BreadcrumbList","@id":"https:\/\/monti.lt\/product\/veltinio-eglute-su-led-lemputemis-kaledu-senelis\/#breadcrumb","itemListElement":[{"@type":"ListItem","position":1,"name":"Home","item":"https:\/\/monti.lt\/"},{"@type":"ListItem","position":2,"name":"Parduotuv\u0117","item":"https:\/\/monti.lt\/shop\/"},{"@type":"ListItem","position":3,"name":"Veltinio eglut\u0117 su LED lemput\u0117mis &#8220;Kal\u0117d\u0173 senelis&#8221;"}]},{"@type":"WebSite","@id":"https:\/\/monti.lt\/#website","url":"https:\/\/monti.lt\/","name":"Montessori \u017eaislai","description":"","publisher":{"@id":"https:\/\/monti.lt\/#organization"},"potentialAction":[{"@type":"SearchAction","target":{"@type":"EntryPoint","urlTemplate":"https:\/\/monti.lt\/?s={search_term_string}"},"query-input":"required name=search_term_string"}],"inLanguage":"en-US"},{"@type":"Organization","@id":"https:\/\/monti.lt\/#organization","name":"Montessori \u017eaislai","url":"https:\/\/monti.lt\/","logo":{"@type":"ImageObject","inLanguage":"en-US","@id":"https:\/\/monti.lt\/#\/schema\/logo\/image\/","url":"https:\/\/monti.lt\/wp-content\/uploads\/2022\/03\/montilogo-1.png","contentUrl":"https:\/\/monti.lt\/wp-content\/uploads\/2022\/03\/montilogo-1.png","width":512,"height":512,"caption":"Montessori \u017eaislai"},"image":{"@id":"https:\/\/monti.lt\/#\/schema\/logo\/image\/"}}]}},"_links":{"self":[{"href":"https:\/\/monti.lt\/en\/wp-json\/wp\/v2\/product\/36493"}],"collection":[{"href":"https:\/\/monti.lt\/en\/wp-json\/wp\/v2\/product"}],"about":[{"href":"https:\/\/monti.lt\/en\/wp-json\/wp\/v2\/types\/product"}],"version-history":[{"count":1,"href":"https:\/\/monti.lt\/en\/wp-json\/wp\/v2\/product\/36493\/revisions"}],"predecessor-version":[{"id":36497,"href":"https:\/\/monti.lt\/en\/wp-json\/wp\/v2\/product\/36493\/revisions\/36497"}],"wp:featuredmedia":[{"embeddable":true,"href":"https:\/\/monti.lt\/en\/wp-json\/wp\/v2\/media\/36494"}],"wp:attachment":[{"href":"https:\/\/monti.lt\/en\/wp-json\/wp\/v2\/media?parent=36493"}],"wp:term":[{"taxonomy":"product_cat","embeddable":true,"href":"https:\/\/monti.lt\/en\/wp-json\/wp\/v2\/product_cat?post=36493"},{"taxonomy":"product_tag","embeddable":true,"href":"https:\/\/monti.lt\/en\/wp-json\/wp\/v2\/product_tag?post=36493"}],"curies":[{"name":"wp","href":"https:\/\/api.w.org\/{rel}","templated":true}]}}