{"id":36525,"date":"2025-11-23T12:31:38","date_gmt":"2025-11-23T12:31:38","guid":{"rendered":"https:\/\/monti.lt\/?post_type=product&#038;p=36525"},"modified":"2026-03-27T05:31:29","modified_gmt":"2026-03-27T05:31:29","slug":"elektroninis-zaidimas-kryziukai-ir-nuliukai","status":"publish","type":"product","link":"https:\/\/monti.lt\/en\/product\/elektroninis-zaidimas-kryziukai-ir-nuliukai\/","title":{"rendered":"Elektroninis \u017eaidimas &#8220;Kry\u017eiukai ir nuliukai&#8221;"},"content":{"rendered":"<p><strong>\u0160is modernus elektroninis \u201eTic-Tac-Toe\u201c<\/strong>&nbsp;\u017eaidimas&nbsp;&nbsp;derina klasikin\u012f malonum\u0105 su pa\u017eangiausiomis technologijomis, si\u016blydamas begal\u0119 valand\u0173 edukacini\u0173 pramog\u0173 visai \u0161eimai. Spalvingas dizainas su jutikliniu ekranu kiekvien\u0105 \u017eaidim\u0105 paver\u010dia nepaprastai \u012ftraukiu, o papildomi \u017eaidimo re\u017eimai suteikia \u012fvairi\u0173 \u017eaidimo individualiai arba kooperatyviai galimybi\u0173.<\/p>\n\n\n\n<p><strong>B\u016bdingas:<\/strong><\/p>\n\n\n\n<ul class=\"wp-block-list\">\n<li>&#8211; Vaikams nuo\u00a0<strong>3 met\u0173<\/strong>\u00a0\u00a0am\u017eiaus<\/li>\n\n\n\n<li>&#8211; Interaktyvus LCD ekranas su animacijomis, reaguojan\u010diomis \u012f kiekvien\u0105 \u017eaid\u0117jo judes\u012f<\/li>\n\n\n\n<li>&#8211; Keturi \u017eaidimo re\u017eimai &#8211; dirbtinio intelekto m\u016b\u0161is, 1 prie\u0161 1, atmintis, kurmi\u0173 dau\u017eymas<\/li>\n\n\n\n<li>&#8211; Kompakti\u0161kas dizainas, puikiai tinkantis kelion\u0117ms<\/li>\n\n\n\n<li>&#8211; Garso efektai, kurie pabr\u0117\u017eia kiekvien\u0105 judes\u012f ir padidina \u017eaidimo jaudul\u012f<\/li>\n\n\n\n<li>&#8211; Spalvingas dizainas su patraukliu raudonos, geltonos ir m\u0117lynos spalv\u0173 deriniu<\/li>\n\n\n\n<li>&#8211; Paprastas ir intuityvus valdymas leid\u017eia nedelsiant \u017eaisti be sud\u0117ting\u0173 instrukcij\u0173<\/li>\n\n\n\n<li>&#8211; Pagaminta i\u0161 auk\u0161tos kokyb\u0117s med\u017eiag\u0173<\/li>\n<\/ul>\n\n\n\n<p><strong>\u017daislas vystosi:<\/strong><\/p>\n\n\n\n<ul class=\"wp-block-list\">\n<li>&#8211; Strateginis m\u0105stymas<\/li>\n\n\n\n<li>&#8211; Motoriniai \u012fg\u016bd\u017eiai<\/li>\n\n\n\n<li>&#8211; Logika<\/li>\n\n\n\n<li>&#8211; Refleksai<\/li>\n\n\n\n<li>&#8211; \u012e\u017evalgumas<\/li>\n\n\n\n<li>&#8211; Kantryb\u0117<\/li>\n<\/ul>","protected":false},"excerpt":{"rendered":"<p>\u0160is modernus elektroninis \u201eTic-Tac-Toe\u201c&nbsp;\u017eaidimas&nbsp;&nbsp;derina klasikin\u012f malonum\u0105 su pa\u017eangiausiomis technologijomis, si\u016blydamas begal\u0119 valand\u0173 edukacini\u0173 pramog\u0173 visai \u0161eimai. Spalvingas dizainas su jutikliniu ekranu kiekvien\u0105 \u017eaidim\u0105 paver\u010dia nepaprastai \u012ftraukiu, o papildomi \u017eaidimo re\u017eimai suteikia \u012fvairi\u0173 \u017eaidimo individualiai arba kooperatyviai galimybi\u0173. B\u016bdingas: \u017daislas vystosi:<\/p>","protected":false},"featured_media":36526,"template":"","meta":{"_acf_changed":false,"iawp_total_views":268},"product_cat":[218,191,84,91,49,39,201],"product_tag":[97,98,99],"class_list":{"0":"post-36525","1":"product","2":"type-product","3":"status-publish","4":"has-post-thumbnail","6":"product_cat-darzeliu-grupems","7":"product_cat-dovanos-vaikams","8":"product_cat-lavinamieji-zaislai","9":"product_cat-loginiam-mastymui","10":"product_cat-visi-zaislai","11":"product_cat-zaislai","12":"product_cat-zaislai-kelioneje","13":"product_tag-3-m-4-m","14":"product_tag-5-m-7-m","15":"product_tag-8-m-11-m","17":"first","18":"instock","19":"sale","20":"featured","21":"taxable","22":"shipping-taxable","23":"purchasable","24":"product-type-simple"},"acf":[],"yoast_head":"<!-- This site is optimized with the Yoast SEO plugin v23.3 - https:\/\/yoast.com\/wordpress\/plugins\/seo\/ -->\n<title>Elektroninis \u017eaidimas &quot;Kry\u017eiukai ir nuliukai&quot; - Montessori \u017eaislai<\/title>\n<meta name=\"robots\" content=\"index, follow, max-snippet:-1, max-image-preview:large, max-video-preview:-1\" \/>\n<link rel=\"canonical\" href=\"https:\/\/monti.lt\/en\/product\/elektroninis-zaidimas-kryziukai-ir-nuliukai\/\" \/>\n<meta property=\"og:locale\" content=\"en_US\" \/>\n<meta property=\"og:type\" content=\"article\" \/>\n<meta property=\"og:title\" content=\"Elektroninis \u017eaidimas &quot;Kry\u017eiukai ir nuliukai&quot; - Montessori \u017eaislai\" \/>\n<meta property=\"og:description\" content=\"\u0160is modernus elektroninis \u201eTic-Tac-Toe\u201c&nbsp;\u017eaidimas&nbsp;&nbsp;derina klasikin\u012f malonum\u0105 su pa\u017eangiausiomis technologijomis, si\u016blydamas begal\u0119 valand\u0173 edukacini\u0173 pramog\u0173 visai \u0161eimai. Spalvingas dizainas su jutikliniu ekranu kiekvien\u0105 \u017eaidim\u0105 paver\u010dia nepaprastai \u012ftraukiu, o papildomi \u017eaidimo re\u017eimai suteikia \u012fvairi\u0173 \u017eaidimo individualiai arba kooperatyviai galimybi\u0173. B\u016bdingas: \u017daislas vystosi:\" \/>\n<meta property=\"og:url\" content=\"https:\/\/monti.lt\/en\/product\/elektroninis-zaidimas-kryziukai-ir-nuliukai\/\" \/>\n<meta property=\"og:site_name\" content=\"Montessori \u017eaislai\" \/>\n<meta property=\"article:modified_time\" content=\"2026-03-27T05:31:29+00:00\" \/>\n<meta property=\"og:image\" content=\"https:\/\/monti.lt\/wp-content\/uploads\/2025\/11\/elektroniczna-gra-w-kolko-i-krzyzyk.jpg\" \/>\n\t<meta property=\"og:image:width\" content=\"800\" \/>\n\t<meta property=\"og:image:height\" content=\"800\" \/>\n\t<meta property=\"og:image:type\" content=\"image\/jpeg\" \/>\n<meta name=\"twitter:card\" content=\"summary_large_image\" \/>\n<meta name=\"twitter:label1\" content=\"Est. reading time\" \/>\n\t<meta name=\"twitter:data1\" content=\"1 minute\" \/>\n<script type=\"application\/ld+json\" class=\"yoast-schema-graph\">{\"@context\":\"https:\/\/schema.org\",\"@graph\":[{\"@type\":\"WebPage\",\"@id\":\"https:\/\/monti.lt\/product\/elektroninis-zaidimas-kryziukai-ir-nuliukai\/\",\"url\":\"https:\/\/monti.lt\/product\/elektroninis-zaidimas-kryziukai-ir-nuliukai\/\",\"name\":\"Elektroninis \u017eaidimas \\\"Kry\u017eiukai ir nuliukai\\\" - Montessori \u017eaislai\",\"isPartOf\":{\"@id\":\"https:\/\/monti.lt\/#website\"},\"primaryImageOfPage\":{\"@id\":\"https:\/\/monti.lt\/product\/elektroninis-zaidimas-kryziukai-ir-nuliukai\/#primaryimage\"},\"image\":{\"@id\":\"https:\/\/monti.lt\/product\/elektroninis-zaidimas-kryziukai-ir-nuliukai\/#primaryimage\"},\"thumbnailUrl\":\"https:\/\/monti.lt\/wp-content\/uploads\/2025\/11\/elektroniczna-gra-w-kolko-i-krzyzyk.jpg\",\"datePublished\":\"2025-11-23T12:31:38+00:00\",\"dateModified\":\"2026-03-27T05:31:29+00:00\",\"breadcrumb\":{\"@id\":\"https:\/\/monti.lt\/product\/elektroninis-zaidimas-kryziukai-ir-nuliukai\/#breadcrumb\"},\"inLanguage\":\"en-US\",\"potentialAction\":[{\"@type\":\"ReadAction\",\"target\":[\"https:\/\/monti.lt\/product\/elektroninis-zaidimas-kryziukai-ir-nuliukai\/\"]}]},{\"@type\":\"ImageObject\",\"inLanguage\":\"en-US\",\"@id\":\"https:\/\/monti.lt\/product\/elektroninis-zaidimas-kryziukai-ir-nuliukai\/#primaryimage\",\"url\":\"https:\/\/monti.lt\/wp-content\/uploads\/2025\/11\/elektroniczna-gra-w-kolko-i-krzyzyk.jpg\",\"contentUrl\":\"https:\/\/monti.lt\/wp-content\/uploads\/2025\/11\/elektroniczna-gra-w-kolko-i-krzyzyk.jpg\",\"width\":800,\"height\":800,\"caption\":\"kaledines dovanos vaikams\"},{\"@type\":\"BreadcrumbList\",\"@id\":\"https:\/\/monti.lt\/product\/elektroninis-zaidimas-kryziukai-ir-nuliukai\/#breadcrumb\",\"itemListElement\":[{\"@type\":\"ListItem\",\"position\":1,\"name\":\"Home\",\"item\":\"https:\/\/monti.lt\/\"},{\"@type\":\"ListItem\",\"position\":2,\"name\":\"Parduotuv\u0117\",\"item\":\"https:\/\/monti.lt\/shop\/\"},{\"@type\":\"ListItem\",\"position\":3,\"name\":\"Elektroninis \u017eaidimas &#8220;Kry\u017eiukai ir nuliukai&#8221;\"}]},{\"@type\":\"WebSite\",\"@id\":\"https:\/\/monti.lt\/#website\",\"url\":\"https:\/\/monti.lt\/\",\"name\":\"Montessori \u017eaislai\",\"description\":\"\",\"publisher\":{\"@id\":\"https:\/\/monti.lt\/#organization\"},\"potentialAction\":[{\"@type\":\"SearchAction\",\"target\":{\"@type\":\"EntryPoint\",\"urlTemplate\":\"https:\/\/monti.lt\/?s={search_term_string}\"},\"query-input\":\"required name=search_term_string\"}],\"inLanguage\":\"en-US\"},{\"@type\":\"Organization\",\"@id\":\"https:\/\/monti.lt\/#organization\",\"name\":\"Montessori \u017eaislai\",\"url\":\"https:\/\/monti.lt\/\",\"logo\":{\"@type\":\"ImageObject\",\"inLanguage\":\"en-US\",\"@id\":\"https:\/\/monti.lt\/#\/schema\/logo\/image\/\",\"url\":\"https:\/\/monti.lt\/wp-content\/uploads\/2022\/03\/montilogo-1.png\",\"contentUrl\":\"https:\/\/monti.lt\/wp-content\/uploads\/2022\/03\/montilogo-1.png\",\"width\":512,\"height\":512,\"caption\":\"Montessori \u017eaislai\"},\"image\":{\"@id\":\"https:\/\/monti.lt\/#\/schema\/logo\/image\/\"}}]}<\/script>\n<!-- \/ Yoast SEO plugin. -->","yoast_head_json":{"title":"Elektroninis \u017eaidimas \"Kry\u017eiukai ir nuliukai\" - Montessori \u017eaislai","robots":{"index":"index","follow":"follow","max-snippet":"max-snippet:-1","max-image-preview":"max-image-preview:large","max-video-preview":"max-video-preview:-1"},"canonical":"https:\/\/monti.lt\/en\/product\/elektroninis-zaidimas-kryziukai-ir-nuliukai\/","og_locale":"en_US","og_type":"article","og_title":"Elektroninis \u017eaidimas \"Kry\u017eiukai ir nuliukai\" - Montessori \u017eaislai","og_description":"\u0160is modernus elektroninis \u201eTic-Tac-Toe\u201c&nbsp;\u017eaidimas&nbsp;&nbsp;derina klasikin\u012f malonum\u0105 su pa\u017eangiausiomis technologijomis, si\u016blydamas begal\u0119 valand\u0173 edukacini\u0173 pramog\u0173 visai \u0161eimai. Spalvingas dizainas su jutikliniu ekranu kiekvien\u0105 \u017eaidim\u0105 paver\u010dia nepaprastai \u012ftraukiu, o papildomi \u017eaidimo re\u017eimai suteikia \u012fvairi\u0173 \u017eaidimo individualiai arba kooperatyviai galimybi\u0173. B\u016bdingas: \u017daislas vystosi:","og_url":"https:\/\/monti.lt\/en\/product\/elektroninis-zaidimas-kryziukai-ir-nuliukai\/","og_site_name":"Montessori \u017eaislai","article_modified_time":"2026-03-27T05:31:29+00:00","og_image":[{"width":800,"height":800,"url":"https:\/\/monti.lt\/wp-content\/uploads\/2025\/11\/elektroniczna-gra-w-kolko-i-krzyzyk.jpg","type":"image\/jpeg"}],"twitter_card":"summary_large_image","twitter_misc":{"Est. reading time":"1 minute"},"schema":{"@context":"https:\/\/schema.org","@graph":[{"@type":"WebPage","@id":"https:\/\/monti.lt\/product\/elektroninis-zaidimas-kryziukai-ir-nuliukai\/","url":"https:\/\/monti.lt\/product\/elektroninis-zaidimas-kryziukai-ir-nuliukai\/","name":"Elektroninis \u017eaidimas \"Kry\u017eiukai ir nuliukai\" - Montessori \u017eaislai","isPartOf":{"@id":"https:\/\/monti.lt\/#website"},"primaryImageOfPage":{"@id":"https:\/\/monti.lt\/product\/elektroninis-zaidimas-kryziukai-ir-nuliukai\/#primaryimage"},"image":{"@id":"https:\/\/monti.lt\/product\/elektroninis-zaidimas-kryziukai-ir-nuliukai\/#primaryimage"},"thumbnailUrl":"https:\/\/monti.lt\/wp-content\/uploads\/2025\/11\/elektroniczna-gra-w-kolko-i-krzyzyk.jpg","datePublished":"2025-11-23T12:31:38+00:00","dateModified":"2026-03-27T05:31:29+00:00","breadcrumb":{"@id":"https:\/\/monti.lt\/product\/elektroninis-zaidimas-kryziukai-ir-nuliukai\/#breadcrumb"},"inLanguage":"en-US","potentialAction":[{"@type":"ReadAction","target":["https:\/\/monti.lt\/product\/elektroninis-zaidimas-kryziukai-ir-nuliukai\/"]}]},{"@type":"ImageObject","inLanguage":"en-US","@id":"https:\/\/monti.lt\/product\/elektroninis-zaidimas-kryziukai-ir-nuliukai\/#primaryimage","url":"https:\/\/monti.lt\/wp-content\/uploads\/2025\/11\/elektroniczna-gra-w-kolko-i-krzyzyk.jpg","contentUrl":"https:\/\/monti.lt\/wp-content\/uploads\/2025\/11\/elektroniczna-gra-w-kolko-i-krzyzyk.jpg","width":800,"height":800,"caption":"kaledines dovanos vaikams"},{"@type":"BreadcrumbList","@id":"https:\/\/monti.lt\/product\/elektroninis-zaidimas-kryziukai-ir-nuliukai\/#breadcrumb","itemListElement":[{"@type":"ListItem","position":1,"name":"Home","item":"https:\/\/monti.lt\/"},{"@type":"ListItem","position":2,"name":"Parduotuv\u0117","item":"https:\/\/monti.lt\/shop\/"},{"@type":"ListItem","position":3,"name":"Elektroninis \u017eaidimas &#8220;Kry\u017eiukai ir nuliukai&#8221;"}]},{"@type":"WebSite","@id":"https:\/\/monti.lt\/#website","url":"https:\/\/monti.lt\/","name":"Montessori \u017eaislai","description":"","publisher":{"@id":"https:\/\/monti.lt\/#organization"},"potentialAction":[{"@type":"SearchAction","target":{"@type":"EntryPoint","urlTemplate":"https:\/\/monti.lt\/?s={search_term_string}"},"query-input":"required name=search_term_string"}],"inLanguage":"en-US"},{"@type":"Organization","@id":"https:\/\/monti.lt\/#organization","name":"Montessori \u017eaislai","url":"https:\/\/monti.lt\/","logo":{"@type":"ImageObject","inLanguage":"en-US","@id":"https:\/\/monti.lt\/#\/schema\/logo\/image\/","url":"https:\/\/monti.lt\/wp-content\/uploads\/2022\/03\/montilogo-1.png","contentUrl":"https:\/\/monti.lt\/wp-content\/uploads\/2022\/03\/montilogo-1.png","width":512,"height":512,"caption":"Montessori \u017eaislai"},"image":{"@id":"https:\/\/monti.lt\/#\/schema\/logo\/image\/"}}]}},"_links":{"self":[{"href":"https:\/\/monti.lt\/en\/wp-json\/wp\/v2\/product\/36525"}],"collection":[{"href":"https:\/\/monti.lt\/en\/wp-json\/wp\/v2\/product"}],"about":[{"href":"https:\/\/monti.lt\/en\/wp-json\/wp\/v2\/types\/product"}],"version-history":[{"count":1,"href":"https:\/\/monti.lt\/en\/wp-json\/wp\/v2\/product\/36525\/revisions"}],"predecessor-version":[{"id":36527,"href":"https:\/\/monti.lt\/en\/wp-json\/wp\/v2\/product\/36525\/revisions\/36527"}],"wp:featuredmedia":[{"embeddable":true,"href":"https:\/\/monti.lt\/en\/wp-json\/wp\/v2\/media\/36526"}],"wp:attachment":[{"href":"https:\/\/monti.lt\/en\/wp-json\/wp\/v2\/media?parent=36525"}],"wp:term":[{"taxonomy":"product_cat","embeddable":true,"href":"https:\/\/monti.lt\/en\/wp-json\/wp\/v2\/product_cat?post=36525"},{"taxonomy":"product_tag","embeddable":true,"href":"https:\/\/monti.lt\/en\/wp-json\/wp\/v2\/product_tag?post=36525"}],"curies":[{"name":"wp","href":"https:\/\/api.w.org\/{rel}","templated":true}]}}