{"id":36536,"date":"2025-11-23T12:49:09","date_gmt":"2025-11-23T12:49:09","guid":{"rendered":"https:\/\/monti.lt\/?post_type=product&#038;p=36536"},"modified":"2025-12-05T15:38:13","modified_gmt":"2025-12-05T15:38:13","slug":"woopie-magnetine-trasa","status":"publish","type":"product","link":"https:\/\/monti.lt\/en\/product\/woopie-magnetine-trasa\/","title":{"rendered":"Woopie magnetin\u0117 tr\u0105sa"},"content":{"rendered":"<p><strong>\u201eWoopie\u201c<\/strong>&nbsp;magnetin\u0117 lenktyni\u0173 trasa&nbsp;yra unikalus \u017eaislas, kuris su\u017eadins kiekvieno vaiko&nbsp;<strong>k\u016brybi\u0161kum\u0105<\/strong>&nbsp;ir pavers \u017eaidim\u0105&nbsp;<strong>ne\u012ftik\u0117tinu nuotykiu,<\/strong>&nbsp;kupinu \u0161vies\u0173 ir spalv\u0173! D\u0117l&nbsp;<strong>lengvai sujungiam\u0173<\/strong>&nbsp;magnetini\u0173 element\u0173 ma\u017eyliai gali&nbsp;<strong>savaranki\u0161kai konstruoti<\/strong>&nbsp;\u012fvairias keli\u0173 lygi\u0173 trasas, kuriomis lenktyniauja \u0161vie\u010diantis visureigis. Skaidrios, spalvingos dalys ir ry\u0161kios LED lemput\u0117s paver\u010dia \u017eaidim\u0105 \u012ftraukiant\u012f ir&nbsp;<strong>smag\u0173<\/strong>&nbsp;tiek dien\u0105, tiek nakt\u012f.<\/p>\n\n\n\n<p><strong>B\u016bdingas:<\/strong><\/p>\n\n\n\n<ul class=\"wp-block-list\">\n<li>&#8211; Vaikams nuo\u00a0<strong>3 met\u0173<\/strong>\u00a0am\u017eiaus<\/li>\n\n\n\n<li>&#8211; Pagaminta i\u0161 auk\u0161tos kokyb\u0117s med\u017eiag\u0173<\/li>\n\n\n\n<li>&#8211; Ap\u0161viestas LED automobilis, kuris \u012fsijungia va\u017eiuojant<\/li>\n\n\n\n<li>&#8211; Trasos i\u0161ky\u0161os palaiko automobilio va\u017eiavimo stabilum\u0105<\/li>\n\n\n\n<li>&#8211; Spalvingi, skaidr\u016bs trasos elementai efektyviam \u017eaidimui<\/li>\n\n\n\n<li>&#8211; Magnetin\u0117s, lengvai sujungiamos dalys leid\u017eia greitai surinkti<\/li>\n\n\n\n<li>&#8211; Galimyb\u0117 statyti daugiapakop\u0119 konstrukcij\u0105 (tiltai, rampos, pos\u016bkiai)<\/li>\n\n\n\n<li>&#8211; Lengvas surinkimas be \u012franki\u0173<\/li>\n\n\n\n<li>&#8211; Maitinimo \u0161altinis: 1x 1,5 V\u00a0<strong>(nepridedamas)<\/strong><\/li>\n<\/ul>\n\n\n\n<p><strong>\u012e rinkin\u012f \u012feina:<\/strong><\/p>\n\n\n\n<ul class=\"wp-block-list\">\n<li>&#8211; \u0160vie\u010diantis, savaeigis LED automobilis<\/li>\n\n\n\n<li>&#8211; 92 b\u0117gi\u0173 atramos<\/li>\n\n\n\n<li>&#8211; 15 b\u0117gi\u0173 element\u0173 jung\u010di\u0173<\/li>\n\n\n\n<li>&#8211; 13 takelio element\u0173<\/li>\n\n\n\n<li>&#8211; 8 dekoracij\u0173 \u012fra\u0161ai<\/li>\n\n\n\n<li>&#8211; 8 dekoracijos kelio \u017eenkl\u0173 ir v\u0117liav\u0117li\u0173 pavidalu<\/li>\n\n\n\n<li>&#8211; Lipduk\u0173 su \u017eenklais rinkinys<\/li>\n<\/ul>\n\n\n\n<p><strong>\u017daislas vystosi:<\/strong><\/p>\n\n\n\n<ul class=\"wp-block-list\">\n<li><strong>&#8211;\u00a0<\/strong>\u00a0Vaizduot\u0117<\/li>\n\n\n\n<li>&#8211; K\u016brybi\u0161kumas<\/li>\n\n\n\n<li>&#8211; Motoriniai \u012fg\u016bd\u017eiai<\/li>\n\n\n\n<li>&#8211; Logika<\/li>\n\n\n\n<li>&#8211; Nepriklausomyb\u0117<\/li>\n<\/ul>","protected":false},"excerpt":{"rendered":"<p>\u201eWoopie\u201c&nbsp;magnetin\u0117 lenktyni\u0173 trasa&nbsp;yra unikalus \u017eaislas, kuris su\u017eadins kiekvieno vaiko&nbsp;k\u016brybi\u0161kum\u0105&nbsp;ir pavers \u017eaidim\u0105&nbsp;ne\u012ftik\u0117tinu nuotykiu,&nbsp;kupinu \u0161vies\u0173 ir spalv\u0173! D\u0117l&nbsp;lengvai sujungiam\u0173&nbsp;magnetini\u0173 element\u0173 ma\u017eyliai gali&nbsp;savaranki\u0161kai konstruoti&nbsp;\u012fvairias keli\u0173 lygi\u0173 trasas, kuriomis lenktyniauja \u0161vie\u010diantis visureigis. Skaidrios, spalvingos dalys ir ry\u0161kios LED lemput\u0117s paver\u010dia \u017eaidim\u0105 \u012ftraukiant\u012f ir&nbsp;smag\u0173&nbsp;tiek dien\u0105, tiek nakt\u012f. B\u016bdingas: \u012e rinkin\u012f \u012feina: \u017daislas vystosi:<\/p>","protected":false},"featured_media":36537,"template":"","meta":{"_acf_changed":false,"iawp_total_views":143},"product_cat":[195,216,217,197,191,87,84,202,49,249,39,215],"product_tag":[97,98],"class_list":{"0":"post-36536","1":"product","2":"type-product","3":"status-publish","4":"has-post-thumbnail","6":"product_cat-dovanos-vaikams-3-4-metu","7":"product_cat-dovanos-4-5-metu-vaikams","8":"product_cat-dovanos-5-7-metu-vaikams","9":"product_cat-dovanos-berniukams","10":"product_cat-dovanos-vaikams","11":"product_cat-kurybiniai-rinkiniai","12":"product_cat-lavinamieji-zaislai","13":"product_cat-vaaikiski-konstruktoriai","14":"product_cat-visi-zaislai","15":"product_cat-woppie","16":"product_cat-zaislai","17":"product_cat-zaislai-berniukams","18":"product_tag-3-m-4-m","19":"product_tag-5-m-7-m","21":"first","22":"outofstock","23":"sale","24":"taxable","25":"shipping-taxable","26":"purchasable","27":"product-type-simple"},"acf":[],"yoast_head":"<!-- This site is optimized with the Yoast SEO plugin v23.3 - https:\/\/yoast.com\/wordpress\/plugins\/seo\/ -->\n<title>Woopie magnetin\u0117 tr\u0105sa - Montessori \u017eaislai<\/title>\n<meta name=\"robots\" content=\"index, follow, max-snippet:-1, max-image-preview:large, max-video-preview:-1\" \/>\n<link rel=\"canonical\" href=\"https:\/\/monti.lt\/en\/product\/woopie-magnetine-trasa\/\" \/>\n<meta property=\"og:locale\" content=\"en_US\" \/>\n<meta property=\"og:type\" content=\"article\" \/>\n<meta property=\"og:title\" content=\"Woopie magnetin\u0117 tr\u0105sa - Montessori \u017eaislai\" \/>\n<meta property=\"og:description\" content=\"\u201eWoopie\u201c&nbsp;magnetin\u0117 lenktyni\u0173 trasa&nbsp;yra unikalus \u017eaislas, kuris su\u017eadins kiekvieno vaiko&nbsp;k\u016brybi\u0161kum\u0105&nbsp;ir pavers \u017eaidim\u0105&nbsp;ne\u012ftik\u0117tinu nuotykiu,&nbsp;kupinu \u0161vies\u0173 ir spalv\u0173! D\u0117l&nbsp;lengvai sujungiam\u0173&nbsp;magnetini\u0173 element\u0173 ma\u017eyliai gali&nbsp;savaranki\u0161kai konstruoti&nbsp;\u012fvairias keli\u0173 lygi\u0173 trasas, kuriomis lenktyniauja \u0161vie\u010diantis visureigis. Skaidrios, spalvingos dalys ir ry\u0161kios LED lemput\u0117s paver\u010dia \u017eaidim\u0105 \u012ftraukiant\u012f ir&nbsp;smag\u0173&nbsp;tiek dien\u0105, tiek nakt\u012f. B\u016bdingas: \u012e rinkin\u012f \u012feina: \u017daislas vystosi:\" \/>\n<meta property=\"og:url\" content=\"https:\/\/monti.lt\/en\/product\/woopie-magnetine-trasa\/\" \/>\n<meta property=\"og:site_name\" content=\"Montessori \u017eaislai\" \/>\n<meta property=\"article:modified_time\" content=\"2025-12-05T15:38:13+00:00\" \/>\n<meta property=\"og:image\" content=\"https:\/\/monti.lt\/wp-content\/uploads\/2025\/11\/woopie-magnetyczny-tor-samochodowy-wyscigowy-autko-137-el.jpg\" \/>\n\t<meta property=\"og:image:width\" content=\"800\" \/>\n\t<meta property=\"og:image:height\" content=\"800\" \/>\n\t<meta property=\"og:image:type\" content=\"image\/jpeg\" \/>\n<meta name=\"twitter:card\" content=\"summary_large_image\" \/>\n<meta name=\"twitter:label1\" content=\"Est. reading time\" \/>\n\t<meta name=\"twitter:data1\" content=\"1 minute\" \/>\n<script type=\"application\/ld+json\" class=\"yoast-schema-graph\">{\"@context\":\"https:\/\/schema.org\",\"@graph\":[{\"@type\":\"WebPage\",\"@id\":\"https:\/\/monti.lt\/product\/woopie-magnetine-trasa\/\",\"url\":\"https:\/\/monti.lt\/product\/woopie-magnetine-trasa\/\",\"name\":\"Woopie magnetin\u0117 tr\u0105sa - Montessori \u017eaislai\",\"isPartOf\":{\"@id\":\"https:\/\/monti.lt\/#website\"},\"primaryImageOfPage\":{\"@id\":\"https:\/\/monti.lt\/product\/woopie-magnetine-trasa\/#primaryimage\"},\"image\":{\"@id\":\"https:\/\/monti.lt\/product\/woopie-magnetine-trasa\/#primaryimage\"},\"thumbnailUrl\":\"https:\/\/monti.lt\/wp-content\/uploads\/2025\/11\/woopie-magnetyczny-tor-samochodowy-wyscigowy-autko-137-el.jpg\",\"datePublished\":\"2025-11-23T12:49:09+00:00\",\"dateModified\":\"2025-12-05T15:38:13+00:00\",\"breadcrumb\":{\"@id\":\"https:\/\/monti.lt\/product\/woopie-magnetine-trasa\/#breadcrumb\"},\"inLanguage\":\"en-US\",\"potentialAction\":[{\"@type\":\"ReadAction\",\"target\":[\"https:\/\/monti.lt\/product\/woopie-magnetine-trasa\/\"]}]},{\"@type\":\"ImageObject\",\"inLanguage\":\"en-US\",\"@id\":\"https:\/\/monti.lt\/product\/woopie-magnetine-trasa\/#primaryimage\",\"url\":\"https:\/\/monti.lt\/wp-content\/uploads\/2025\/11\/woopie-magnetyczny-tor-samochodowy-wyscigowy-autko-137-el.jpg\",\"contentUrl\":\"https:\/\/monti.lt\/wp-content\/uploads\/2025\/11\/woopie-magnetyczny-tor-samochodowy-wyscigowy-autko-137-el.jpg\",\"width\":800,\"height\":800,\"caption\":\"kaledines dovanos vaikams\"},{\"@type\":\"BreadcrumbList\",\"@id\":\"https:\/\/monti.lt\/product\/woopie-magnetine-trasa\/#breadcrumb\",\"itemListElement\":[{\"@type\":\"ListItem\",\"position\":1,\"name\":\"Home\",\"item\":\"https:\/\/monti.lt\/\"},{\"@type\":\"ListItem\",\"position\":2,\"name\":\"Parduotuv\u0117\",\"item\":\"https:\/\/monti.lt\/shop\/\"},{\"@type\":\"ListItem\",\"position\":3,\"name\":\"Woopie magnetin\u0117 tr\u0105sa\"}]},{\"@type\":\"WebSite\",\"@id\":\"https:\/\/monti.lt\/#website\",\"url\":\"https:\/\/monti.lt\/\",\"name\":\"Montessori \u017eaislai\",\"description\":\"\",\"publisher\":{\"@id\":\"https:\/\/monti.lt\/#organization\"},\"potentialAction\":[{\"@type\":\"SearchAction\",\"target\":{\"@type\":\"EntryPoint\",\"urlTemplate\":\"https:\/\/monti.lt\/?s={search_term_string}\"},\"query-input\":\"required name=search_term_string\"}],\"inLanguage\":\"en-US\"},{\"@type\":\"Organization\",\"@id\":\"https:\/\/monti.lt\/#organization\",\"name\":\"Montessori \u017eaislai\",\"url\":\"https:\/\/monti.lt\/\",\"logo\":{\"@type\":\"ImageObject\",\"inLanguage\":\"en-US\",\"@id\":\"https:\/\/monti.lt\/#\/schema\/logo\/image\/\",\"url\":\"https:\/\/monti.lt\/wp-content\/uploads\/2022\/03\/montilogo-1.png\",\"contentUrl\":\"https:\/\/monti.lt\/wp-content\/uploads\/2022\/03\/montilogo-1.png\",\"width\":512,\"height\":512,\"caption\":\"Montessori \u017eaislai\"},\"image\":{\"@id\":\"https:\/\/monti.lt\/#\/schema\/logo\/image\/\"}}]}<\/script>\n<!-- \/ Yoast SEO plugin. -->","yoast_head_json":{"title":"Woopie magnetin\u0117 tr\u0105sa - Montessori \u017eaislai","robots":{"index":"index","follow":"follow","max-snippet":"max-snippet:-1","max-image-preview":"max-image-preview:large","max-video-preview":"max-video-preview:-1"},"canonical":"https:\/\/monti.lt\/en\/product\/woopie-magnetine-trasa\/","og_locale":"en_US","og_type":"article","og_title":"Woopie magnetin\u0117 tr\u0105sa - Montessori \u017eaislai","og_description":"\u201eWoopie\u201c&nbsp;magnetin\u0117 lenktyni\u0173 trasa&nbsp;yra unikalus \u017eaislas, kuris su\u017eadins kiekvieno vaiko&nbsp;k\u016brybi\u0161kum\u0105&nbsp;ir pavers \u017eaidim\u0105&nbsp;ne\u012ftik\u0117tinu nuotykiu,&nbsp;kupinu \u0161vies\u0173 ir spalv\u0173! D\u0117l&nbsp;lengvai sujungiam\u0173&nbsp;magnetini\u0173 element\u0173 ma\u017eyliai gali&nbsp;savaranki\u0161kai konstruoti&nbsp;\u012fvairias keli\u0173 lygi\u0173 trasas, kuriomis lenktyniauja \u0161vie\u010diantis visureigis. Skaidrios, spalvingos dalys ir ry\u0161kios LED lemput\u0117s paver\u010dia \u017eaidim\u0105 \u012ftraukiant\u012f ir&nbsp;smag\u0173&nbsp;tiek dien\u0105, tiek nakt\u012f. B\u016bdingas: \u012e rinkin\u012f \u012feina: \u017daislas vystosi:","og_url":"https:\/\/monti.lt\/en\/product\/woopie-magnetine-trasa\/","og_site_name":"Montessori \u017eaislai","article_modified_time":"2025-12-05T15:38:13+00:00","og_image":[{"width":800,"height":800,"url":"https:\/\/monti.lt\/wp-content\/uploads\/2025\/11\/woopie-magnetyczny-tor-samochodowy-wyscigowy-autko-137-el.jpg","type":"image\/jpeg"}],"twitter_card":"summary_large_image","twitter_misc":{"Est. reading time":"1 minute"},"schema":{"@context":"https:\/\/schema.org","@graph":[{"@type":"WebPage","@id":"https:\/\/monti.lt\/product\/woopie-magnetine-trasa\/","url":"https:\/\/monti.lt\/product\/woopie-magnetine-trasa\/","name":"Woopie magnetin\u0117 tr\u0105sa - Montessori \u017eaislai","isPartOf":{"@id":"https:\/\/monti.lt\/#website"},"primaryImageOfPage":{"@id":"https:\/\/monti.lt\/product\/woopie-magnetine-trasa\/#primaryimage"},"image":{"@id":"https:\/\/monti.lt\/product\/woopie-magnetine-trasa\/#primaryimage"},"thumbnailUrl":"https:\/\/monti.lt\/wp-content\/uploads\/2025\/11\/woopie-magnetyczny-tor-samochodowy-wyscigowy-autko-137-el.jpg","datePublished":"2025-11-23T12:49:09+00:00","dateModified":"2025-12-05T15:38:13+00:00","breadcrumb":{"@id":"https:\/\/monti.lt\/product\/woopie-magnetine-trasa\/#breadcrumb"},"inLanguage":"en-US","potentialAction":[{"@type":"ReadAction","target":["https:\/\/monti.lt\/product\/woopie-magnetine-trasa\/"]}]},{"@type":"ImageObject","inLanguage":"en-US","@id":"https:\/\/monti.lt\/product\/woopie-magnetine-trasa\/#primaryimage","url":"https:\/\/monti.lt\/wp-content\/uploads\/2025\/11\/woopie-magnetyczny-tor-samochodowy-wyscigowy-autko-137-el.jpg","contentUrl":"https:\/\/monti.lt\/wp-content\/uploads\/2025\/11\/woopie-magnetyczny-tor-samochodowy-wyscigowy-autko-137-el.jpg","width":800,"height":800,"caption":"kaledines dovanos vaikams"},{"@type":"BreadcrumbList","@id":"https:\/\/monti.lt\/product\/woopie-magnetine-trasa\/#breadcrumb","itemListElement":[{"@type":"ListItem","position":1,"name":"Home","item":"https:\/\/monti.lt\/"},{"@type":"ListItem","position":2,"name":"Parduotuv\u0117","item":"https:\/\/monti.lt\/shop\/"},{"@type":"ListItem","position":3,"name":"Woopie magnetin\u0117 tr\u0105sa"}]},{"@type":"WebSite","@id":"https:\/\/monti.lt\/#website","url":"https:\/\/monti.lt\/","name":"Montessori \u017eaislai","description":"","publisher":{"@id":"https:\/\/monti.lt\/#organization"},"potentialAction":[{"@type":"SearchAction","target":{"@type":"EntryPoint","urlTemplate":"https:\/\/monti.lt\/?s={search_term_string}"},"query-input":"required name=search_term_string"}],"inLanguage":"en-US"},{"@type":"Organization","@id":"https:\/\/monti.lt\/#organization","name":"Montessori \u017eaislai","url":"https:\/\/monti.lt\/","logo":{"@type":"ImageObject","inLanguage":"en-US","@id":"https:\/\/monti.lt\/#\/schema\/logo\/image\/","url":"https:\/\/monti.lt\/wp-content\/uploads\/2022\/03\/montilogo-1.png","contentUrl":"https:\/\/monti.lt\/wp-content\/uploads\/2022\/03\/montilogo-1.png","width":512,"height":512,"caption":"Montessori \u017eaislai"},"image":{"@id":"https:\/\/monti.lt\/#\/schema\/logo\/image\/"}}]}},"_links":{"self":[{"href":"https:\/\/monti.lt\/en\/wp-json\/wp\/v2\/product\/36536"}],"collection":[{"href":"https:\/\/monti.lt\/en\/wp-json\/wp\/v2\/product"}],"about":[{"href":"https:\/\/monti.lt\/en\/wp-json\/wp\/v2\/types\/product"}],"version-history":[{"count":1,"href":"https:\/\/monti.lt\/en\/wp-json\/wp\/v2\/product\/36536\/revisions"}],"predecessor-version":[{"id":36538,"href":"https:\/\/monti.lt\/en\/wp-json\/wp\/v2\/product\/36536\/revisions\/36538"}],"wp:featuredmedia":[{"embeddable":true,"href":"https:\/\/monti.lt\/en\/wp-json\/wp\/v2\/media\/36537"}],"wp:attachment":[{"href":"https:\/\/monti.lt\/en\/wp-json\/wp\/v2\/media?parent=36536"}],"wp:term":[{"taxonomy":"product_cat","embeddable":true,"href":"https:\/\/monti.lt\/en\/wp-json\/wp\/v2\/product_cat?post=36536"},{"taxonomy":"product_tag","embeddable":true,"href":"https:\/\/monti.lt\/en\/wp-json\/wp\/v2\/product_tag?post=36536"}],"curies":[{"name":"wp","href":"https:\/\/api.w.org\/{rel}","templated":true}]}}