{"id":36539,"date":"2025-11-23T12:51:14","date_gmt":"2025-11-23T12:51:14","guid":{"rendered":"https:\/\/monti.lt\/?post_type=product&#038;p=36539"},"modified":"2026-05-06T04:55:53","modified_gmt":"2026-05-06T04:55:53","slug":"woopie-magnetinis-garazas","status":"publish","type":"product","link":"https:\/\/monti.lt\/en\/product\/woopie-magnetinis-garazas\/","title":{"rendered":"Woopie magnetinis gara\u017eas"},"content":{"rendered":"<p><strong>\u201eWoopie\u201c<\/strong>&nbsp;magnetini\u0173 kalad\u0117li\u0173 rinkinys&nbsp;&nbsp;yra unikalus \u017eaislas. D\u0117l stipri\u0173 neodimio magnet\u0173, spalving\u0173 plyteli\u0173 ir 20 mini automobili\u0173 vaikai gali eksperimentuoti statydami \u012fsp\u016bdingas keli\u0173 auk\u0161t\u0173 automobili\u0173 stov\u0117jimo aik\u0161teles, gara\u017eus ir rampas, kartu lavindami savo rank\u0173 \u012fg\u016bd\u017eius ir erdvin\u0119 vaizduot\u0119. Paprastas dizainas ir pla\u010dios galimyb\u0117s daro j\u012f patog\u0173 ir \u012ftraukiant\u012f.<\/p>\n\n\n\n<p><strong>B\u016bdingas:<\/strong><\/p>\n\n\n\n<ul class=\"wp-block-list\">\n<li>&#8211; Vaikams nuo\u00a0<strong>3 met\u0173<\/strong>\u00a0am\u017eiaus<\/li>\n\n\n\n<li>&#8211; Pagaminta i\u0161 auk\u0161tos kokyb\u0117s med\u017eiag\u0173<\/li>\n\n\n\n<li>&#8211; Magnetin\u0117s jungtys u\u017etikrina stabili\u0105 ir lengv\u0105 konstrukcij\u0105<\/li>\n\n\n\n<li>&#8211; Suderinamumas su kitais magnetiniais rinkiniais leid\u017eia i\u0161pl\u0117sti savo kolekcij\u0105\u00a0 \u00a0\u00a0<\/li>\n<\/ul>\n\n\n\n<p><strong>\u012e rinkin\u012f \u012feina:<\/strong><\/p>\n\n\n\n<ul class=\"wp-block-list\">\n<li>&#8211; 92 spalvingi magnetiniai blokeliai<\/li>\n\n\n\n<li>&#8211; 20 metalini\u0173 automobili\u0173<\/li>\n\n\n\n<li>&#8211; D\u0117\u017eut\u0117 rinkiniui laikyti<\/li>\n<\/ul>\n\n\n\n<p><strong>\u017daislas vystosi:<\/strong><\/p>\n\n\n\n<ul class=\"wp-block-list\">\n<li>&#8211; Vaizduot\u0117<\/li>\n\n\n\n<li>&#8211; K\u016brybi\u0161kumas<\/li>\n\n\n\n<li>&#8211; Motoriniai \u012fg\u016bd\u017eiai<\/li>\n\n\n\n<li>&#8211; Koncentracija<\/li>\n\n\n\n<li>&#8211; Kantryb\u0117<\/li>\n\n\n\n<li>&#8211; Nepriklausomyb\u0117<\/li>\n<\/ul>","protected":false},"excerpt":{"rendered":"<p>\u201eWoopie\u201c&nbsp;magnetini\u0173 kalad\u0117li\u0173 rinkinys&nbsp;&nbsp;yra unikalus \u017eaislas. D\u0117l stipri\u0173 neodimio magnet\u0173, spalving\u0173 plyteli\u0173 ir 20 mini automobili\u0173 vaikai gali eksperimentuoti statydami \u012fsp\u016bdingas keli\u0173 auk\u0161t\u0173 automobili\u0173 stov\u0117jimo aik\u0161teles, gara\u017eus ir rampas, kartu lavindami savo rank\u0173 \u012fg\u016bd\u017eius ir erdvin\u0119 vaizduot\u0119. Paprastas dizainas ir pla\u010dios galimyb\u0117s daro j\u012f patog\u0173 ir \u012ftraukiant\u012f. B\u016bdingas: \u012e rinkin\u012f \u012feina: \u017daislas vystosi:<\/p>","protected":false},"featured_media":36540,"template":"","meta":{"_acf_changed":false,"iawp_total_views":129},"product_cat":[195,216,217,191,87,84,50,202,49,39,215],"product_tag":[97,98],"class_list":{"0":"post-36539","1":"product","2":"type-product","3":"status-publish","4":"has-post-thumbnail","6":"product_cat-dovanos-vaikams-3-4-metu","7":"product_cat-dovanos-4-5-metu-vaikams","8":"product_cat-dovanos-5-7-metu-vaikams","9":"product_cat-dovanos-vaikams","10":"product_cat-kurybiniai-rinkiniai","11":"product_cat-lavinamieji-zaislai","12":"product_cat-top-dovanos","13":"product_cat-vaaikiski-konstruktoriai","14":"product_cat-visi-zaislai","15":"product_cat-zaislai","16":"product_cat-zaislai-berniukams","17":"product_tag-3-m-4-m","18":"product_tag-5-m-7-m","20":"first","21":"instock","22":"sale","23":"taxable","24":"shipping-taxable","25":"purchasable","26":"product-type-simple"},"acf":[],"yoast_head":"<!-- This site is optimized with the Yoast SEO plugin v23.3 - https:\/\/yoast.com\/wordpress\/plugins\/seo\/ -->\n<title>Woopie magnetinis gara\u017eas - Montessori \u017eaislai<\/title>\n<meta name=\"robots\" content=\"index, follow, max-snippet:-1, max-image-preview:large, max-video-preview:-1\" \/>\n<link rel=\"canonical\" href=\"https:\/\/monti.lt\/en\/product\/woopie-magnetinis-garazas\/\" \/>\n<meta property=\"og:locale\" content=\"en_US\" \/>\n<meta property=\"og:type\" content=\"article\" \/>\n<meta property=\"og:title\" content=\"Woopie magnetinis gara\u017eas - Montessori \u017eaislai\" \/>\n<meta property=\"og:description\" content=\"\u201eWoopie\u201c&nbsp;magnetini\u0173 kalad\u0117li\u0173 rinkinys&nbsp;&nbsp;yra unikalus \u017eaislas. D\u0117l stipri\u0173 neodimio magnet\u0173, spalving\u0173 plyteli\u0173 ir 20 mini automobili\u0173 vaikai gali eksperimentuoti statydami \u012fsp\u016bdingas keli\u0173 auk\u0161t\u0173 automobili\u0173 stov\u0117jimo aik\u0161teles, gara\u017eus ir rampas, kartu lavindami savo rank\u0173 \u012fg\u016bd\u017eius ir erdvin\u0119 vaizduot\u0119. Paprastas dizainas ir pla\u010dios galimyb\u0117s daro j\u012f patog\u0173 ir \u012ftraukiant\u012f. B\u016bdingas: \u012e rinkin\u012f \u012feina: \u017daislas vystosi:\" \/>\n<meta property=\"og:url\" content=\"https:\/\/monti.lt\/en\/product\/woopie-magnetinis-garazas\/\" \/>\n<meta property=\"og:site_name\" content=\"Montessori \u017eaislai\" \/>\n<meta property=\"article:modified_time\" content=\"2026-05-06T04:55:53+00:00\" \/>\n<meta property=\"og:image\" content=\"https:\/\/monti.lt\/wp-content\/uploads\/2025\/11\/woopie-magnetyczne-klocki-konstrukcyjne-75-cm-parking-112-el.jpg\" \/>\n\t<meta property=\"og:image:width\" content=\"800\" \/>\n\t<meta property=\"og:image:height\" content=\"800\" \/>\n\t<meta property=\"og:image:type\" content=\"image\/jpeg\" \/>\n<meta name=\"twitter:card\" content=\"summary_large_image\" \/>\n<meta name=\"twitter:label1\" content=\"Est. reading time\" \/>\n\t<meta name=\"twitter:data1\" content=\"1 minute\" \/>\n<script type=\"application\/ld+json\" class=\"yoast-schema-graph\">{\"@context\":\"https:\/\/schema.org\",\"@graph\":[{\"@type\":\"WebPage\",\"@id\":\"https:\/\/monti.lt\/product\/woopie-magnetinis-garazas\/\",\"url\":\"https:\/\/monti.lt\/product\/woopie-magnetinis-garazas\/\",\"name\":\"Woopie magnetinis gara\u017eas - Montessori \u017eaislai\",\"isPartOf\":{\"@id\":\"https:\/\/monti.lt\/#website\"},\"primaryImageOfPage\":{\"@id\":\"https:\/\/monti.lt\/product\/woopie-magnetinis-garazas\/#primaryimage\"},\"image\":{\"@id\":\"https:\/\/monti.lt\/product\/woopie-magnetinis-garazas\/#primaryimage\"},\"thumbnailUrl\":\"https:\/\/monti.lt\/wp-content\/uploads\/2025\/11\/woopie-magnetyczne-klocki-konstrukcyjne-75-cm-parking-112-el.jpg\",\"datePublished\":\"2025-11-23T12:51:14+00:00\",\"dateModified\":\"2026-05-06T04:55:53+00:00\",\"breadcrumb\":{\"@id\":\"https:\/\/monti.lt\/product\/woopie-magnetinis-garazas\/#breadcrumb\"},\"inLanguage\":\"en-US\",\"potentialAction\":[{\"@type\":\"ReadAction\",\"target\":[\"https:\/\/monti.lt\/product\/woopie-magnetinis-garazas\/\"]}]},{\"@type\":\"ImageObject\",\"inLanguage\":\"en-US\",\"@id\":\"https:\/\/monti.lt\/product\/woopie-magnetinis-garazas\/#primaryimage\",\"url\":\"https:\/\/monti.lt\/wp-content\/uploads\/2025\/11\/woopie-magnetyczne-klocki-konstrukcyjne-75-cm-parking-112-el.jpg\",\"contentUrl\":\"https:\/\/monti.lt\/wp-content\/uploads\/2025\/11\/woopie-magnetyczne-klocki-konstrukcyjne-75-cm-parking-112-el.jpg\",\"width\":800,\"height\":800},{\"@type\":\"BreadcrumbList\",\"@id\":\"https:\/\/monti.lt\/product\/woopie-magnetinis-garazas\/#breadcrumb\",\"itemListElement\":[{\"@type\":\"ListItem\",\"position\":1,\"name\":\"Home\",\"item\":\"https:\/\/monti.lt\/\"},{\"@type\":\"ListItem\",\"position\":2,\"name\":\"Parduotuv\u0117\",\"item\":\"https:\/\/monti.lt\/shop\/\"},{\"@type\":\"ListItem\",\"position\":3,\"name\":\"Woopie magnetinis gara\u017eas\"}]},{\"@type\":\"WebSite\",\"@id\":\"https:\/\/monti.lt\/#website\",\"url\":\"https:\/\/monti.lt\/\",\"name\":\"Montessori \u017eaislai\",\"description\":\"\",\"publisher\":{\"@id\":\"https:\/\/monti.lt\/#organization\"},\"potentialAction\":[{\"@type\":\"SearchAction\",\"target\":{\"@type\":\"EntryPoint\",\"urlTemplate\":\"https:\/\/monti.lt\/?s={search_term_string}\"},\"query-input\":\"required name=search_term_string\"}],\"inLanguage\":\"en-US\"},{\"@type\":\"Organization\",\"@id\":\"https:\/\/monti.lt\/#organization\",\"name\":\"Montessori \u017eaislai\",\"url\":\"https:\/\/monti.lt\/\",\"logo\":{\"@type\":\"ImageObject\",\"inLanguage\":\"en-US\",\"@id\":\"https:\/\/monti.lt\/#\/schema\/logo\/image\/\",\"url\":\"https:\/\/monti.lt\/wp-content\/uploads\/2022\/03\/montilogo-1.png\",\"contentUrl\":\"https:\/\/monti.lt\/wp-content\/uploads\/2022\/03\/montilogo-1.png\",\"width\":512,\"height\":512,\"caption\":\"Montessori \u017eaislai\"},\"image\":{\"@id\":\"https:\/\/monti.lt\/#\/schema\/logo\/image\/\"}}]}<\/script>\n<!-- \/ Yoast SEO plugin. -->","yoast_head_json":{"title":"Woopie magnetinis gara\u017eas - Montessori \u017eaislai","robots":{"index":"index","follow":"follow","max-snippet":"max-snippet:-1","max-image-preview":"max-image-preview:large","max-video-preview":"max-video-preview:-1"},"canonical":"https:\/\/monti.lt\/en\/product\/woopie-magnetinis-garazas\/","og_locale":"en_US","og_type":"article","og_title":"Woopie magnetinis gara\u017eas - Montessori \u017eaislai","og_description":"\u201eWoopie\u201c&nbsp;magnetini\u0173 kalad\u0117li\u0173 rinkinys&nbsp;&nbsp;yra unikalus \u017eaislas. D\u0117l stipri\u0173 neodimio magnet\u0173, spalving\u0173 plyteli\u0173 ir 20 mini automobili\u0173 vaikai gali eksperimentuoti statydami \u012fsp\u016bdingas keli\u0173 auk\u0161t\u0173 automobili\u0173 stov\u0117jimo aik\u0161teles, gara\u017eus ir rampas, kartu lavindami savo rank\u0173 \u012fg\u016bd\u017eius ir erdvin\u0119 vaizduot\u0119. Paprastas dizainas ir pla\u010dios galimyb\u0117s daro j\u012f patog\u0173 ir \u012ftraukiant\u012f. B\u016bdingas: \u012e rinkin\u012f \u012feina: \u017daislas vystosi:","og_url":"https:\/\/monti.lt\/en\/product\/woopie-magnetinis-garazas\/","og_site_name":"Montessori \u017eaislai","article_modified_time":"2026-05-06T04:55:53+00:00","og_image":[{"width":800,"height":800,"url":"https:\/\/monti.lt\/wp-content\/uploads\/2025\/11\/woopie-magnetyczne-klocki-konstrukcyjne-75-cm-parking-112-el.jpg","type":"image\/jpeg"}],"twitter_card":"summary_large_image","twitter_misc":{"Est. reading time":"1 minute"},"schema":{"@context":"https:\/\/schema.org","@graph":[{"@type":"WebPage","@id":"https:\/\/monti.lt\/product\/woopie-magnetinis-garazas\/","url":"https:\/\/monti.lt\/product\/woopie-magnetinis-garazas\/","name":"Woopie magnetinis gara\u017eas - Montessori \u017eaislai","isPartOf":{"@id":"https:\/\/monti.lt\/#website"},"primaryImageOfPage":{"@id":"https:\/\/monti.lt\/product\/woopie-magnetinis-garazas\/#primaryimage"},"image":{"@id":"https:\/\/monti.lt\/product\/woopie-magnetinis-garazas\/#primaryimage"},"thumbnailUrl":"https:\/\/monti.lt\/wp-content\/uploads\/2025\/11\/woopie-magnetyczne-klocki-konstrukcyjne-75-cm-parking-112-el.jpg","datePublished":"2025-11-23T12:51:14+00:00","dateModified":"2026-05-06T04:55:53+00:00","breadcrumb":{"@id":"https:\/\/monti.lt\/product\/woopie-magnetinis-garazas\/#breadcrumb"},"inLanguage":"en-US","potentialAction":[{"@type":"ReadAction","target":["https:\/\/monti.lt\/product\/woopie-magnetinis-garazas\/"]}]},{"@type":"ImageObject","inLanguage":"en-US","@id":"https:\/\/monti.lt\/product\/woopie-magnetinis-garazas\/#primaryimage","url":"https:\/\/monti.lt\/wp-content\/uploads\/2025\/11\/woopie-magnetyczne-klocki-konstrukcyjne-75-cm-parking-112-el.jpg","contentUrl":"https:\/\/monti.lt\/wp-content\/uploads\/2025\/11\/woopie-magnetyczne-klocki-konstrukcyjne-75-cm-parking-112-el.jpg","width":800,"height":800},{"@type":"BreadcrumbList","@id":"https:\/\/monti.lt\/product\/woopie-magnetinis-garazas\/#breadcrumb","itemListElement":[{"@type":"ListItem","position":1,"name":"Home","item":"https:\/\/monti.lt\/"},{"@type":"ListItem","position":2,"name":"Parduotuv\u0117","item":"https:\/\/monti.lt\/shop\/"},{"@type":"ListItem","position":3,"name":"Woopie magnetinis gara\u017eas"}]},{"@type":"WebSite","@id":"https:\/\/monti.lt\/#website","url":"https:\/\/monti.lt\/","name":"Montessori \u017eaislai","description":"","publisher":{"@id":"https:\/\/monti.lt\/#organization"},"potentialAction":[{"@type":"SearchAction","target":{"@type":"EntryPoint","urlTemplate":"https:\/\/monti.lt\/?s={search_term_string}"},"query-input":"required name=search_term_string"}],"inLanguage":"en-US"},{"@type":"Organization","@id":"https:\/\/monti.lt\/#organization","name":"Montessori \u017eaislai","url":"https:\/\/monti.lt\/","logo":{"@type":"ImageObject","inLanguage":"en-US","@id":"https:\/\/monti.lt\/#\/schema\/logo\/image\/","url":"https:\/\/monti.lt\/wp-content\/uploads\/2022\/03\/montilogo-1.png","contentUrl":"https:\/\/monti.lt\/wp-content\/uploads\/2022\/03\/montilogo-1.png","width":512,"height":512,"caption":"Montessori \u017eaislai"},"image":{"@id":"https:\/\/monti.lt\/#\/schema\/logo\/image\/"}}]}},"_links":{"self":[{"href":"https:\/\/monti.lt\/en\/wp-json\/wp\/v2\/product\/36539"}],"collection":[{"href":"https:\/\/monti.lt\/en\/wp-json\/wp\/v2\/product"}],"about":[{"href":"https:\/\/monti.lt\/en\/wp-json\/wp\/v2\/types\/product"}],"version-history":[{"count":1,"href":"https:\/\/monti.lt\/en\/wp-json\/wp\/v2\/product\/36539\/revisions"}],"predecessor-version":[{"id":36541,"href":"https:\/\/monti.lt\/en\/wp-json\/wp\/v2\/product\/36539\/revisions\/36541"}],"wp:featuredmedia":[{"embeddable":true,"href":"https:\/\/monti.lt\/en\/wp-json\/wp\/v2\/media\/36540"}],"wp:attachment":[{"href":"https:\/\/monti.lt\/en\/wp-json\/wp\/v2\/media?parent=36539"}],"wp:term":[{"taxonomy":"product_cat","embeddable":true,"href":"https:\/\/monti.lt\/en\/wp-json\/wp\/v2\/product_cat?post=36539"},{"taxonomy":"product_tag","embeddable":true,"href":"https:\/\/monti.lt\/en\/wp-json\/wp\/v2\/product_tag?post=36539"}],"curies":[{"name":"wp","href":"https:\/\/api.w.org\/{rel}","templated":true}]}}