{"id":36542,"date":"2025-11-23T12:53:46","date_gmt":"2025-11-23T12:53:46","guid":{"rendered":"https:\/\/monti.lt\/?post_type=product&#038;p=36542"},"modified":"2026-05-06T04:56:07","modified_gmt":"2026-05-06T04:56:07","slug":"woopie-piesimo-zaidimas","status":"publish","type":"product","link":"https:\/\/monti.lt\/en\/product\/woopie-piesimo-zaidimas\/","title":{"rendered":"Woopie pie\u0161imo \u017eaidimas"},"content":{"rendered":"<p><strong>Ar kada nors \u012fsivaizdavote ,<\/strong>&nbsp;kad pie\u0161iate vien nosimi? D\u0117l nuostabaus WOOPIE \u017eaidimo&nbsp;\u201e&nbsp;<strong>Pie\u0161k ir atsp\u0117k paveiksl\u0117l\u012f\u201c<\/strong>&nbsp;gal\u0117site tai padaryti, nes tai j\u016bs\u0173 darbas! U\u017esid\u0117kite specialius akinius su \u017eymekliu ir nupie\u0161kite nupie\u0161t\u0105 paveiksl\u0117l\u012f lentoje prie\u0161ais save \u2013 tai vienintelis b\u016bdas j\u016bs\u0173 komandai atsp\u0117ti \u017eod\u017eius.&nbsp;<strong>Laiko tr\u016bksta, tad paskub\u0117kite, nes sm\u0117lio laikrodis tiksi!<\/strong><strong><\/strong><strong><\/strong><\/p>\n\n\n\n<p><strong>B\u016bdingas:<\/strong><\/p>\n\n\n\n<ul class=\"wp-block-list\">\n<li><strong>&#8211; \u017daid\u017eia nuo 4 met\u0173 am\u017eiaus<\/strong><\/li>\n\n\n\n<li>&#8211; Puikus \u017eaidimas\u00a0<strong>2<\/strong>\u00a0ar daugiau \u017emoni\u0173 \u2013 tiesiog susiskirstykite \u012f\u00a0<strong>dvi komandas<\/strong><\/li>\n\n\n\n<li><strong>&#8211;<\/strong>\u00a0Garantuojame puikias pramogas kiekvienai am\u017eiaus grupei!<\/li>\n\n\n\n<li><strong>&#8211; Kupinas juoko<\/strong>\u00a0ir netik\u0117t\u0173 siu\u017eeto vingi\u0173<\/li>\n\n\n\n<li>\u2013 Vienintel\u0117 riba \u2013 m\u016bs\u0173 vaizduot\u0117. Be pie\u0161ini\u0173 i\u0161 kort\u0173, \u017eaid\u0117jai taip pat gali kurti savo paveiksl\u0117lius ir juos nupie\u0161ti \u2013 tai padarys \u017eaidim\u0105 \u012fdomesn\u012f ir niekada nepabos!<\/li>\n<\/ul>\n\n\n\n<p><strong>\u017daidimo taisykl\u0117s:<\/strong><\/p>\n\n\n\n<ol class=\"wp-block-list\">\n<li>Pirmasis \u017eaid\u0117jas arba pasirinktas komandos narysu\u017esideda specialius akinius su \u017eymekliu<\/li>\n\n\n\n<li>Trauk\u0119s \u017eaid\u0117jas traukia pirm\u0105j\u0105 kort\u0105 ir padeda j\u0105 atversta \u017eemyn ant lentos vir\u0161aus.<\/li>\n\n\n\n<li>\u017daid\u0117jas laiko lentas prie\u0161ais save, jis turi nosimi nupie\u0161ti paveiksl\u0117l\u012f, kur\u012f mato kortel\u0117je.<\/li>\n\n\n\n<li>Kiti \u017eaid\u0117jai kuo grei\u010diau bando atsp\u0117ti, kas traukiama.<\/li>\n\n\n\n<li>Laikas ribojamas sm\u0117lio laikrod\u017eio, tod\u0117l turite veikti greitai!<\/li>\n\n\n\n<li>Laimi komanda, kuri atsp\u0117ja daugiausiai slapta\u017eod\u017ei\u0173.<\/li>\n<\/ol>\n\n\n\n<p><strong>\u012e rinkin\u012f \u012feina:<\/strong><\/p>\n\n\n\n<ul class=\"wp-block-list\">\n<li>&#8211; Akiniai su vieta \u017eymekliui ir galvos juostel\u0117mis, kurios pritaiko akini\u0173 dyd\u012f prie j\u016bs\u0173 galvos dyd\u017eio<\/li>\n\n\n\n<li>&#8211; 8 \u017eymekliai su trintuku<\/li>\n\n\n\n<li>&#8211; Sm\u0117lio laikrodis laikui matuoti<\/li>\n\n\n\n<li>&#8211; Permatoma pie\u0161imo lenta<\/li>\n\n\n\n<li>&#8211; Kortel\u0117s su \u017eod\u017eiais, kuriuos reikia pie\u0161ti<\/li>\n<\/ul>","protected":false},"excerpt":{"rendered":"<p>Ar kada nors \u012fsivaizdavote ,&nbsp;kad pie\u0161iate vien nosimi? D\u0117l nuostabaus WOOPIE \u017eaidimo&nbsp;\u201e&nbsp;Pie\u0161k ir atsp\u0117k paveiksl\u0117l\u012f\u201c&nbsp;gal\u0117site tai padaryti, nes tai j\u016bs\u0173 darbas! U\u017esid\u0117kite specialius akinius su \u017eymekliu ir nupie\u0161kite nupie\u0161t\u0105 paveiksl\u0117l\u012f lentoje prie\u0161ais save \u2013 tai vienintelis b\u016bdas j\u016bs\u0173 komandai atsp\u0117ti \u017eod\u017eius.&nbsp;Laiko tr\u016bksta, tad paskub\u0117kite, nes sm\u0117lio laikrodis tiksi! B\u016bdingas: \u017daidimo taisykl\u0117s: \u012e rinkin\u012f \u012feina:<\/p>","protected":false},"featured_media":36543,"template":"","meta":{"_acf_changed":false,"iawp_total_views":55},"product_cat":[218,216,217,191,84,93,49,39],"product_tag":[97,98,99],"class_list":{"0":"post-36542","1":"product","2":"type-product","3":"status-publish","4":"has-post-thumbnail","6":"product_cat-darzeliu-grupems","7":"product_cat-dovanos-4-5-metu-vaikams","8":"product_cat-dovanos-5-7-metu-vaikams","9":"product_cat-dovanos-vaikams","10":"product_cat-lavinamieji-zaislai","11":"product_cat-vaidmenu-zaidimai","12":"product_cat-visi-zaislai","13":"product_cat-zaislai","14":"product_tag-3-m-4-m","15":"product_tag-5-m-7-m","16":"product_tag-8-m-11-m","18":"first","19":"instock","20":"taxable","21":"shipping-taxable","22":"purchasable","23":"product-type-simple"},"acf":[],"yoast_head":"<!-- This site is optimized with the Yoast SEO plugin v23.3 - https:\/\/yoast.com\/wordpress\/plugins\/seo\/ -->\n<title>Woopie pie\u0161imo \u017eaidimas - Montessori \u017eaislai<\/title>\n<meta name=\"robots\" content=\"index, follow, max-snippet:-1, max-image-preview:large, max-video-preview:-1\" \/>\n<link rel=\"canonical\" href=\"https:\/\/monti.lt\/en\/product\/woopie-piesimo-zaidimas\/\" \/>\n<meta property=\"og:locale\" content=\"en_US\" \/>\n<meta property=\"og:type\" content=\"article\" \/>\n<meta property=\"og:title\" content=\"Woopie pie\u0161imo \u017eaidimas - Montessori \u017eaislai\" \/>\n<meta property=\"og:description\" content=\"Ar kada nors \u012fsivaizdavote ,&nbsp;kad pie\u0161iate vien nosimi? D\u0117l nuostabaus WOOPIE \u017eaidimo&nbsp;\u201e&nbsp;Pie\u0161k ir atsp\u0117k paveiksl\u0117l\u012f\u201c&nbsp;gal\u0117site tai padaryti, nes tai j\u016bs\u0173 darbas! U\u017esid\u0117kite specialius akinius su \u017eymekliu ir nupie\u0161kite nupie\u0161t\u0105 paveiksl\u0117l\u012f lentoje prie\u0161ais save \u2013 tai vienintelis b\u016bdas j\u016bs\u0173 komandai atsp\u0117ti \u017eod\u017eius.&nbsp;Laiko tr\u016bksta, tad paskub\u0117kite, nes sm\u0117lio laikrodis tiksi! B\u016bdingas: \u017daidimo taisykl\u0117s: \u012e rinkin\u012f \u012feina:\" \/>\n<meta property=\"og:url\" content=\"https:\/\/monti.lt\/en\/product\/woopie-piesimo-zaidimas\/\" \/>\n<meta property=\"og:site_name\" content=\"Montessori \u017eaislai\" \/>\n<meta property=\"article:modified_time\" content=\"2026-05-06T04:56:07+00:00\" \/>\n<meta property=\"og:image\" content=\"https:\/\/monti.lt\/wp-content\/uploads\/2025\/11\/woopie-gra-kalambury-narysuj-i-zgadnij-obrazek-malowanie-nosem.jpg\" \/>\n\t<meta property=\"og:image:width\" content=\"800\" \/>\n\t<meta property=\"og:image:height\" content=\"800\" \/>\n\t<meta property=\"og:image:type\" content=\"image\/jpeg\" \/>\n<meta name=\"twitter:card\" content=\"summary_large_image\" \/>\n<meta name=\"twitter:label1\" content=\"Est. reading time\" \/>\n\t<meta name=\"twitter:data1\" content=\"2 minutes\" \/>\n<script type=\"application\/ld+json\" class=\"yoast-schema-graph\">{\"@context\":\"https:\/\/schema.org\",\"@graph\":[{\"@type\":\"WebPage\",\"@id\":\"https:\/\/monti.lt\/product\/woopie-piesimo-zaidimas\/\",\"url\":\"https:\/\/monti.lt\/product\/woopie-piesimo-zaidimas\/\",\"name\":\"Woopie pie\u0161imo \u017eaidimas - Montessori \u017eaislai\",\"isPartOf\":{\"@id\":\"https:\/\/monti.lt\/#website\"},\"primaryImageOfPage\":{\"@id\":\"https:\/\/monti.lt\/product\/woopie-piesimo-zaidimas\/#primaryimage\"},\"image\":{\"@id\":\"https:\/\/monti.lt\/product\/woopie-piesimo-zaidimas\/#primaryimage\"},\"thumbnailUrl\":\"https:\/\/monti.lt\/wp-content\/uploads\/2025\/11\/woopie-gra-kalambury-narysuj-i-zgadnij-obrazek-malowanie-nosem.jpg\",\"datePublished\":\"2025-11-23T12:53:46+00:00\",\"dateModified\":\"2026-05-06T04:56:07+00:00\",\"breadcrumb\":{\"@id\":\"https:\/\/monti.lt\/product\/woopie-piesimo-zaidimas\/#breadcrumb\"},\"inLanguage\":\"en-US\",\"potentialAction\":[{\"@type\":\"ReadAction\",\"target\":[\"https:\/\/monti.lt\/product\/woopie-piesimo-zaidimas\/\"]}]},{\"@type\":\"ImageObject\",\"inLanguage\":\"en-US\",\"@id\":\"https:\/\/monti.lt\/product\/woopie-piesimo-zaidimas\/#primaryimage\",\"url\":\"https:\/\/monti.lt\/wp-content\/uploads\/2025\/11\/woopie-gra-kalambury-narysuj-i-zgadnij-obrazek-malowanie-nosem.jpg\",\"contentUrl\":\"https:\/\/monti.lt\/wp-content\/uploads\/2025\/11\/woopie-gra-kalambury-narysuj-i-zgadnij-obrazek-malowanie-nosem.jpg\",\"width\":800,\"height\":800,\"caption\":\"kaledines dovanos vaikams\"},{\"@type\":\"BreadcrumbList\",\"@id\":\"https:\/\/monti.lt\/product\/woopie-piesimo-zaidimas\/#breadcrumb\",\"itemListElement\":[{\"@type\":\"ListItem\",\"position\":1,\"name\":\"Home\",\"item\":\"https:\/\/monti.lt\/\"},{\"@type\":\"ListItem\",\"position\":2,\"name\":\"Parduotuv\u0117\",\"item\":\"https:\/\/monti.lt\/shop\/\"},{\"@type\":\"ListItem\",\"position\":3,\"name\":\"Woopie pie\u0161imo \u017eaidimas\"}]},{\"@type\":\"WebSite\",\"@id\":\"https:\/\/monti.lt\/#website\",\"url\":\"https:\/\/monti.lt\/\",\"name\":\"Montessori \u017eaislai\",\"description\":\"\",\"publisher\":{\"@id\":\"https:\/\/monti.lt\/#organization\"},\"potentialAction\":[{\"@type\":\"SearchAction\",\"target\":{\"@type\":\"EntryPoint\",\"urlTemplate\":\"https:\/\/monti.lt\/?s={search_term_string}\"},\"query-input\":\"required name=search_term_string\"}],\"inLanguage\":\"en-US\"},{\"@type\":\"Organization\",\"@id\":\"https:\/\/monti.lt\/#organization\",\"name\":\"Montessori \u017eaislai\",\"url\":\"https:\/\/monti.lt\/\",\"logo\":{\"@type\":\"ImageObject\",\"inLanguage\":\"en-US\",\"@id\":\"https:\/\/monti.lt\/#\/schema\/logo\/image\/\",\"url\":\"https:\/\/monti.lt\/wp-content\/uploads\/2022\/03\/montilogo-1.png\",\"contentUrl\":\"https:\/\/monti.lt\/wp-content\/uploads\/2022\/03\/montilogo-1.png\",\"width\":512,\"height\":512,\"caption\":\"Montessori \u017eaislai\"},\"image\":{\"@id\":\"https:\/\/monti.lt\/#\/schema\/logo\/image\/\"}}]}<\/script>\n<!-- \/ Yoast SEO plugin. -->","yoast_head_json":{"title":"Woopie pie\u0161imo \u017eaidimas - Montessori \u017eaislai","robots":{"index":"index","follow":"follow","max-snippet":"max-snippet:-1","max-image-preview":"max-image-preview:large","max-video-preview":"max-video-preview:-1"},"canonical":"https:\/\/monti.lt\/en\/product\/woopie-piesimo-zaidimas\/","og_locale":"en_US","og_type":"article","og_title":"Woopie pie\u0161imo \u017eaidimas - Montessori \u017eaislai","og_description":"Ar kada nors \u012fsivaizdavote ,&nbsp;kad pie\u0161iate vien nosimi? D\u0117l nuostabaus WOOPIE \u017eaidimo&nbsp;\u201e&nbsp;Pie\u0161k ir atsp\u0117k paveiksl\u0117l\u012f\u201c&nbsp;gal\u0117site tai padaryti, nes tai j\u016bs\u0173 darbas! U\u017esid\u0117kite specialius akinius su \u017eymekliu ir nupie\u0161kite nupie\u0161t\u0105 paveiksl\u0117l\u012f lentoje prie\u0161ais save \u2013 tai vienintelis b\u016bdas j\u016bs\u0173 komandai atsp\u0117ti \u017eod\u017eius.&nbsp;Laiko tr\u016bksta, tad paskub\u0117kite, nes sm\u0117lio laikrodis tiksi! B\u016bdingas: \u017daidimo taisykl\u0117s: \u012e rinkin\u012f \u012feina:","og_url":"https:\/\/monti.lt\/en\/product\/woopie-piesimo-zaidimas\/","og_site_name":"Montessori \u017eaislai","article_modified_time":"2026-05-06T04:56:07+00:00","og_image":[{"width":800,"height":800,"url":"https:\/\/monti.lt\/wp-content\/uploads\/2025\/11\/woopie-gra-kalambury-narysuj-i-zgadnij-obrazek-malowanie-nosem.jpg","type":"image\/jpeg"}],"twitter_card":"summary_large_image","twitter_misc":{"Est. reading time":"2 minutes"},"schema":{"@context":"https:\/\/schema.org","@graph":[{"@type":"WebPage","@id":"https:\/\/monti.lt\/product\/woopie-piesimo-zaidimas\/","url":"https:\/\/monti.lt\/product\/woopie-piesimo-zaidimas\/","name":"Woopie pie\u0161imo \u017eaidimas - Montessori \u017eaislai","isPartOf":{"@id":"https:\/\/monti.lt\/#website"},"primaryImageOfPage":{"@id":"https:\/\/monti.lt\/product\/woopie-piesimo-zaidimas\/#primaryimage"},"image":{"@id":"https:\/\/monti.lt\/product\/woopie-piesimo-zaidimas\/#primaryimage"},"thumbnailUrl":"https:\/\/monti.lt\/wp-content\/uploads\/2025\/11\/woopie-gra-kalambury-narysuj-i-zgadnij-obrazek-malowanie-nosem.jpg","datePublished":"2025-11-23T12:53:46+00:00","dateModified":"2026-05-06T04:56:07+00:00","breadcrumb":{"@id":"https:\/\/monti.lt\/product\/woopie-piesimo-zaidimas\/#breadcrumb"},"inLanguage":"en-US","potentialAction":[{"@type":"ReadAction","target":["https:\/\/monti.lt\/product\/woopie-piesimo-zaidimas\/"]}]},{"@type":"ImageObject","inLanguage":"en-US","@id":"https:\/\/monti.lt\/product\/woopie-piesimo-zaidimas\/#primaryimage","url":"https:\/\/monti.lt\/wp-content\/uploads\/2025\/11\/woopie-gra-kalambury-narysuj-i-zgadnij-obrazek-malowanie-nosem.jpg","contentUrl":"https:\/\/monti.lt\/wp-content\/uploads\/2025\/11\/woopie-gra-kalambury-narysuj-i-zgadnij-obrazek-malowanie-nosem.jpg","width":800,"height":800,"caption":"kaledines dovanos vaikams"},{"@type":"BreadcrumbList","@id":"https:\/\/monti.lt\/product\/woopie-piesimo-zaidimas\/#breadcrumb","itemListElement":[{"@type":"ListItem","position":1,"name":"Home","item":"https:\/\/monti.lt\/"},{"@type":"ListItem","position":2,"name":"Parduotuv\u0117","item":"https:\/\/monti.lt\/shop\/"},{"@type":"ListItem","position":3,"name":"Woopie pie\u0161imo \u017eaidimas"}]},{"@type":"WebSite","@id":"https:\/\/monti.lt\/#website","url":"https:\/\/monti.lt\/","name":"Montessori \u017eaislai","description":"","publisher":{"@id":"https:\/\/monti.lt\/#organization"},"potentialAction":[{"@type":"SearchAction","target":{"@type":"EntryPoint","urlTemplate":"https:\/\/monti.lt\/?s={search_term_string}"},"query-input":"required name=search_term_string"}],"inLanguage":"en-US"},{"@type":"Organization","@id":"https:\/\/monti.lt\/#organization","name":"Montessori \u017eaislai","url":"https:\/\/monti.lt\/","logo":{"@type":"ImageObject","inLanguage":"en-US","@id":"https:\/\/monti.lt\/#\/schema\/logo\/image\/","url":"https:\/\/monti.lt\/wp-content\/uploads\/2022\/03\/montilogo-1.png","contentUrl":"https:\/\/monti.lt\/wp-content\/uploads\/2022\/03\/montilogo-1.png","width":512,"height":512,"caption":"Montessori \u017eaislai"},"image":{"@id":"https:\/\/monti.lt\/#\/schema\/logo\/image\/"}}]}},"_links":{"self":[{"href":"https:\/\/monti.lt\/en\/wp-json\/wp\/v2\/product\/36542"}],"collection":[{"href":"https:\/\/monti.lt\/en\/wp-json\/wp\/v2\/product"}],"about":[{"href":"https:\/\/monti.lt\/en\/wp-json\/wp\/v2\/types\/product"}],"version-history":[{"count":1,"href":"https:\/\/monti.lt\/en\/wp-json\/wp\/v2\/product\/36542\/revisions"}],"predecessor-version":[{"id":36544,"href":"https:\/\/monti.lt\/en\/wp-json\/wp\/v2\/product\/36542\/revisions\/36544"}],"wp:featuredmedia":[{"embeddable":true,"href":"https:\/\/monti.lt\/en\/wp-json\/wp\/v2\/media\/36543"}],"wp:attachment":[{"href":"https:\/\/monti.lt\/en\/wp-json\/wp\/v2\/media?parent=36542"}],"wp:term":[{"taxonomy":"product_cat","embeddable":true,"href":"https:\/\/monti.lt\/en\/wp-json\/wp\/v2\/product_cat?post=36542"},{"taxonomy":"product_tag","embeddable":true,"href":"https:\/\/monti.lt\/en\/wp-json\/wp\/v2\/product_tag?post=36542"}],"curies":[{"name":"wp","href":"https:\/\/api.w.org\/{rel}","templated":true}]}}