{"id":36549,"date":"2025-11-23T13:00:01","date_gmt":"2025-11-23T13:00:01","guid":{"rendered":"https:\/\/monti.lt\/?post_type=product&#038;p=36549"},"modified":"2025-12-13T13:55:47","modified_gmt":"2025-12-13T13:55:47","slug":"lulilo-leliu-namas-70-cm","status":"publish","type":"product","link":"https:\/\/monti.lt\/en\/product\/lulilo-leliu-namas-70-cm\/","title":{"rendered":"Lulilo l\u0117li\u0173 namas, 70 cm"},"content":{"rendered":"<p>Techniniai parametrai:<\/p>\n\n\n\n<p>Med\u017eiaga: med\u017eio MDF plok\u0161t\u0117, plastikas, metaliniai var\u017etai.<br>Spalva: ro\u017ein\u0117 su \u017ealios ir med\u017eio elementais.<br>Am\u017eius: 3+<br>Kambari\u0173 skai\u010dius: 5 \u2013 kambarys, laiptai, svetain\u0117, virtuv\u0117, vonios kambarys + balkonas.<br>Ap\u0161vietimas: taip \u2013 LED juosta.<br>\u0160viesos spalva: \u0161ilta.<br>Maitinimas: 3x AA baterijos.<br>Matmenys:<\/p>\n\n\n\n<p>Namo plotis: 61,5 cm<br>Namo gylis: 26,5 cm<br>Namo auk\u0161tis: 70 cm<br>Pirmojo auk\u0161to ir antrojo auk\u0161to auk\u0161tis: 20 cm<br>Pakuot\u0117s matmenys: 67 cm x 32 cm x 11 cm<\/p>\n\n\n\n<p>Translated with DeepL.com (free version)<\/p>","protected":false},"excerpt":{"rendered":"<p>Techniniai parametrai: Med\u017eiaga: med\u017eio MDF plok\u0161t\u0117, plastikas, metaliniai var\u017etai.Spalva: ro\u017ein\u0117 su \u017ealios ir med\u017eio elementais.Am\u017eius: 3+Kambari\u0173 skai\u010dius: 5 \u2013 kambarys, laiptai, svetain\u0117, virtuv\u0117, vonios kambarys + balkonas.Ap\u0161vietimas: taip \u2013 LED juosta.\u0160viesos spalva: \u0161ilta.Maitinimas: 3x AA baterijos.Matmenys: Namo plotis: 61,5 cmNamo gylis: 26,5 cmNamo auk\u0161tis: 70 cmPirmojo auk\u0161to ir antrojo auk\u0161to auk\u0161tis: 20 cmPakuot\u0117s matmenys: 67 [&hellip;]<\/p>","protected":false},"featured_media":36550,"template":"","meta":{"_acf_changed":false,"iawp_total_views":148},"product_cat":[196,191,192,84,247,102,50,93,49,39],"product_tag":[97,98],"class_list":{"0":"post-36549","1":"product","2":"type-product","3":"status-publish","4":"has-post-thumbnail","6":"product_cat-dovanos-mergaitems","7":"product_cat-dovanos-vaikams","8":"product_cat-kaledines-dovanos-vaikams","9":"product_cat-lavinamieji-zaislai","10":"product_cat-lulilo","11":"product_cat-mediniai-zaislai","12":"product_cat-top-dovanos","13":"product_cat-vaidmenu-zaidimai","14":"product_cat-visi-zaislai","15":"product_cat-zaislai","16":"product_tag-3-m-4-m","17":"product_tag-5-m-7-m","19":"first","20":"outofstock","21":"sale","22":"taxable","23":"shipping-taxable","24":"purchasable","25":"product-type-simple"},"acf":[],"yoast_head":"<!-- This site is optimized with the Yoast SEO plugin v23.3 - https:\/\/yoast.com\/wordpress\/plugins\/seo\/ -->\n<title>Lulilo l\u0117li\u0173 namas, 70 cm - Montessori \u017eaislai<\/title>\n<meta name=\"robots\" content=\"index, follow, max-snippet:-1, max-image-preview:large, max-video-preview:-1\" \/>\n<link rel=\"canonical\" href=\"https:\/\/monti.lt\/en\/product\/lulilo-leliu-namas-70-cm\/\" \/>\n<meta property=\"og:locale\" content=\"en_US\" \/>\n<meta property=\"og:type\" content=\"article\" \/>\n<meta property=\"og:title\" content=\"Lulilo l\u0117li\u0173 namas, 70 cm - Montessori \u017eaislai\" \/>\n<meta property=\"og:description\" content=\"Techniniai parametrai: Med\u017eiaga: med\u017eio MDF plok\u0161t\u0117, plastikas, metaliniai var\u017etai.Spalva: ro\u017ein\u0117 su \u017ealios ir med\u017eio elementais.Am\u017eius: 3+Kambari\u0173 skai\u010dius: 5 \u2013 kambarys, laiptai, svetain\u0117, virtuv\u0117, vonios kambarys + balkonas.Ap\u0161vietimas: taip \u2013 LED juosta.\u0160viesos spalva: \u0161ilta.Maitinimas: 3x AA baterijos.Matmenys: Namo plotis: 61,5 cmNamo gylis: 26,5 cmNamo auk\u0161tis: 70 cmPirmojo auk\u0161to ir antrojo auk\u0161to auk\u0161tis: 20 cmPakuot\u0117s matmenys: 67 [&hellip;]\" \/>\n<meta property=\"og:url\" content=\"https:\/\/monti.lt\/en\/product\/lulilo-leliu-namas-70-cm\/\" \/>\n<meta property=\"og:site_name\" content=\"Montessori \u017eaislai\" \/>\n<meta property=\"article:modified_time\" content=\"2025-12-13T13:55:47+00:00\" \/>\n<meta property=\"og:image\" content=\"https:\/\/monti.lt\/wp-content\/uploads\/2025\/11\/LULILO-Peonio-70cm-LED-pink-wooden-dollhouse-176199.jpg\" \/>\n\t<meta property=\"og:image:width\" content=\"1024\" \/>\n\t<meta property=\"og:image:height\" content=\"1024\" \/>\n\t<meta property=\"og:image:type\" content=\"image\/jpeg\" \/>\n<meta name=\"twitter:card\" content=\"summary_large_image\" \/>\n<meta name=\"twitter:label1\" content=\"Est. reading time\" \/>\n\t<meta name=\"twitter:data1\" content=\"1 minute\" \/>\n<script type=\"application\/ld+json\" class=\"yoast-schema-graph\">{\"@context\":\"https:\/\/schema.org\",\"@graph\":[{\"@type\":\"WebPage\",\"@id\":\"https:\/\/monti.lt\/product\/lulilo-leliu-namas-70-cm\/\",\"url\":\"https:\/\/monti.lt\/product\/lulilo-leliu-namas-70-cm\/\",\"name\":\"Lulilo l\u0117li\u0173 namas, 70 cm - Montessori \u017eaislai\",\"isPartOf\":{\"@id\":\"https:\/\/monti.lt\/#website\"},\"primaryImageOfPage\":{\"@id\":\"https:\/\/monti.lt\/product\/lulilo-leliu-namas-70-cm\/#primaryimage\"},\"image\":{\"@id\":\"https:\/\/monti.lt\/product\/lulilo-leliu-namas-70-cm\/#primaryimage\"},\"thumbnailUrl\":\"https:\/\/monti.lt\/wp-content\/uploads\/2025\/11\/LULILO-Peonio-70cm-LED-pink-wooden-dollhouse-176199.jpg\",\"datePublished\":\"2025-11-23T13:00:01+00:00\",\"dateModified\":\"2025-12-13T13:55:47+00:00\",\"breadcrumb\":{\"@id\":\"https:\/\/monti.lt\/product\/lulilo-leliu-namas-70-cm\/#breadcrumb\"},\"inLanguage\":\"en-US\",\"potentialAction\":[{\"@type\":\"ReadAction\",\"target\":[\"https:\/\/monti.lt\/product\/lulilo-leliu-namas-70-cm\/\"]}]},{\"@type\":\"ImageObject\",\"inLanguage\":\"en-US\",\"@id\":\"https:\/\/monti.lt\/product\/lulilo-leliu-namas-70-cm\/#primaryimage\",\"url\":\"https:\/\/monti.lt\/wp-content\/uploads\/2025\/11\/LULILO-Peonio-70cm-LED-pink-wooden-dollhouse-176199.jpg\",\"contentUrl\":\"https:\/\/monti.lt\/wp-content\/uploads\/2025\/11\/LULILO-Peonio-70cm-LED-pink-wooden-dollhouse-176199.jpg\",\"width\":1024,\"height\":1024,\"caption\":\"lulilo leliu namas\"},{\"@type\":\"BreadcrumbList\",\"@id\":\"https:\/\/monti.lt\/product\/lulilo-leliu-namas-70-cm\/#breadcrumb\",\"itemListElement\":[{\"@type\":\"ListItem\",\"position\":1,\"name\":\"Home\",\"item\":\"https:\/\/monti.lt\/\"},{\"@type\":\"ListItem\",\"position\":2,\"name\":\"Parduotuv\u0117\",\"item\":\"https:\/\/monti.lt\/shop\/\"},{\"@type\":\"ListItem\",\"position\":3,\"name\":\"Lulilo l\u0117li\u0173 namas, 70 cm\"}]},{\"@type\":\"WebSite\",\"@id\":\"https:\/\/monti.lt\/#website\",\"url\":\"https:\/\/monti.lt\/\",\"name\":\"Montessori \u017eaislai\",\"description\":\"\",\"publisher\":{\"@id\":\"https:\/\/monti.lt\/#organization\"},\"potentialAction\":[{\"@type\":\"SearchAction\",\"target\":{\"@type\":\"EntryPoint\",\"urlTemplate\":\"https:\/\/monti.lt\/?s={search_term_string}\"},\"query-input\":\"required name=search_term_string\"}],\"inLanguage\":\"en-US\"},{\"@type\":\"Organization\",\"@id\":\"https:\/\/monti.lt\/#organization\",\"name\":\"Montessori \u017eaislai\",\"url\":\"https:\/\/monti.lt\/\",\"logo\":{\"@type\":\"ImageObject\",\"inLanguage\":\"en-US\",\"@id\":\"https:\/\/monti.lt\/#\/schema\/logo\/image\/\",\"url\":\"https:\/\/monti.lt\/wp-content\/uploads\/2022\/03\/montilogo-1.png\",\"contentUrl\":\"https:\/\/monti.lt\/wp-content\/uploads\/2022\/03\/montilogo-1.png\",\"width\":512,\"height\":512,\"caption\":\"Montessori \u017eaislai\"},\"image\":{\"@id\":\"https:\/\/monti.lt\/#\/schema\/logo\/image\/\"}}]}<\/script>\n<!-- \/ Yoast SEO plugin. -->","yoast_head_json":{"title":"Lulilo l\u0117li\u0173 namas, 70 cm - Montessori \u017eaislai","robots":{"index":"index","follow":"follow","max-snippet":"max-snippet:-1","max-image-preview":"max-image-preview:large","max-video-preview":"max-video-preview:-1"},"canonical":"https:\/\/monti.lt\/en\/product\/lulilo-leliu-namas-70-cm\/","og_locale":"en_US","og_type":"article","og_title":"Lulilo l\u0117li\u0173 namas, 70 cm - Montessori \u017eaislai","og_description":"Techniniai parametrai: Med\u017eiaga: med\u017eio MDF plok\u0161t\u0117, plastikas, metaliniai var\u017etai.Spalva: ro\u017ein\u0117 su \u017ealios ir med\u017eio elementais.Am\u017eius: 3+Kambari\u0173 skai\u010dius: 5 \u2013 kambarys, laiptai, svetain\u0117, virtuv\u0117, vonios kambarys + balkonas.Ap\u0161vietimas: taip \u2013 LED juosta.\u0160viesos spalva: \u0161ilta.Maitinimas: 3x AA baterijos.Matmenys: Namo plotis: 61,5 cmNamo gylis: 26,5 cmNamo auk\u0161tis: 70 cmPirmojo auk\u0161to ir antrojo auk\u0161to auk\u0161tis: 20 cmPakuot\u0117s matmenys: 67 [&hellip;]","og_url":"https:\/\/monti.lt\/en\/product\/lulilo-leliu-namas-70-cm\/","og_site_name":"Montessori \u017eaislai","article_modified_time":"2025-12-13T13:55:47+00:00","og_image":[{"width":1024,"height":1024,"url":"https:\/\/monti.lt\/wp-content\/uploads\/2025\/11\/LULILO-Peonio-70cm-LED-pink-wooden-dollhouse-176199.jpg","type":"image\/jpeg"}],"twitter_card":"summary_large_image","twitter_misc":{"Est. reading time":"1 minute"},"schema":{"@context":"https:\/\/schema.org","@graph":[{"@type":"WebPage","@id":"https:\/\/monti.lt\/product\/lulilo-leliu-namas-70-cm\/","url":"https:\/\/monti.lt\/product\/lulilo-leliu-namas-70-cm\/","name":"Lulilo l\u0117li\u0173 namas, 70 cm - Montessori \u017eaislai","isPartOf":{"@id":"https:\/\/monti.lt\/#website"},"primaryImageOfPage":{"@id":"https:\/\/monti.lt\/product\/lulilo-leliu-namas-70-cm\/#primaryimage"},"image":{"@id":"https:\/\/monti.lt\/product\/lulilo-leliu-namas-70-cm\/#primaryimage"},"thumbnailUrl":"https:\/\/monti.lt\/wp-content\/uploads\/2025\/11\/LULILO-Peonio-70cm-LED-pink-wooden-dollhouse-176199.jpg","datePublished":"2025-11-23T13:00:01+00:00","dateModified":"2025-12-13T13:55:47+00:00","breadcrumb":{"@id":"https:\/\/monti.lt\/product\/lulilo-leliu-namas-70-cm\/#breadcrumb"},"inLanguage":"en-US","potentialAction":[{"@type":"ReadAction","target":["https:\/\/monti.lt\/product\/lulilo-leliu-namas-70-cm\/"]}]},{"@type":"ImageObject","inLanguage":"en-US","@id":"https:\/\/monti.lt\/product\/lulilo-leliu-namas-70-cm\/#primaryimage","url":"https:\/\/monti.lt\/wp-content\/uploads\/2025\/11\/LULILO-Peonio-70cm-LED-pink-wooden-dollhouse-176199.jpg","contentUrl":"https:\/\/monti.lt\/wp-content\/uploads\/2025\/11\/LULILO-Peonio-70cm-LED-pink-wooden-dollhouse-176199.jpg","width":1024,"height":1024,"caption":"lulilo leliu namas"},{"@type":"BreadcrumbList","@id":"https:\/\/monti.lt\/product\/lulilo-leliu-namas-70-cm\/#breadcrumb","itemListElement":[{"@type":"ListItem","position":1,"name":"Home","item":"https:\/\/monti.lt\/"},{"@type":"ListItem","position":2,"name":"Parduotuv\u0117","item":"https:\/\/monti.lt\/shop\/"},{"@type":"ListItem","position":3,"name":"Lulilo l\u0117li\u0173 namas, 70 cm"}]},{"@type":"WebSite","@id":"https:\/\/monti.lt\/#website","url":"https:\/\/monti.lt\/","name":"Montessori \u017eaislai","description":"","publisher":{"@id":"https:\/\/monti.lt\/#organization"},"potentialAction":[{"@type":"SearchAction","target":{"@type":"EntryPoint","urlTemplate":"https:\/\/monti.lt\/?s={search_term_string}"},"query-input":"required name=search_term_string"}],"inLanguage":"en-US"},{"@type":"Organization","@id":"https:\/\/monti.lt\/#organization","name":"Montessori \u017eaislai","url":"https:\/\/monti.lt\/","logo":{"@type":"ImageObject","inLanguage":"en-US","@id":"https:\/\/monti.lt\/#\/schema\/logo\/image\/","url":"https:\/\/monti.lt\/wp-content\/uploads\/2022\/03\/montilogo-1.png","contentUrl":"https:\/\/monti.lt\/wp-content\/uploads\/2022\/03\/montilogo-1.png","width":512,"height":512,"caption":"Montessori \u017eaislai"},"image":{"@id":"https:\/\/monti.lt\/#\/schema\/logo\/image\/"}}]}},"_links":{"self":[{"href":"https:\/\/monti.lt\/en\/wp-json\/wp\/v2\/product\/36549"}],"collection":[{"href":"https:\/\/monti.lt\/en\/wp-json\/wp\/v2\/product"}],"about":[{"href":"https:\/\/monti.lt\/en\/wp-json\/wp\/v2\/types\/product"}],"version-history":[{"count":1,"href":"https:\/\/monti.lt\/en\/wp-json\/wp\/v2\/product\/36549\/revisions"}],"predecessor-version":[{"id":36551,"href":"https:\/\/monti.lt\/en\/wp-json\/wp\/v2\/product\/36549\/revisions\/36551"}],"wp:featuredmedia":[{"embeddable":true,"href":"https:\/\/monti.lt\/en\/wp-json\/wp\/v2\/media\/36550"}],"wp:attachment":[{"href":"https:\/\/monti.lt\/en\/wp-json\/wp\/v2\/media?parent=36549"}],"wp:term":[{"taxonomy":"product_cat","embeddable":true,"href":"https:\/\/monti.lt\/en\/wp-json\/wp\/v2\/product_cat?post=36549"},{"taxonomy":"product_tag","embeddable":true,"href":"https:\/\/monti.lt\/en\/wp-json\/wp\/v2\/product_tag?post=36549"}],"curies":[{"name":"wp","href":"https:\/\/api.w.org\/{rel}","templated":true}]}}