{"id":36552,"date":"2025-11-23T13:02:10","date_gmt":"2025-11-23T13:02:10","guid":{"rendered":"https:\/\/monti.lt\/?post_type=product&#038;p=36552"},"modified":"2025-11-30T17:21:47","modified_gmt":"2025-11-30T17:21:47","slug":"medinis-leliu-namas-78-cm","status":"publish","type":"product","link":"https:\/\/monti.lt\/en\/product\/medinis-leliu-namas-78-cm\/","title":{"rendered":"Medinis l\u0117li\u0173 namas, 78 cm"},"content":{"rendered":"<p>Didelis medinis l\u0117l\u0117s namelis idealiai tinka bet kuriam l\u0117l\u0117s savininkui! Jame yra keturi kambariai trijuose auk\u0161tuose (virtuv\u0117, vonios kambarys, miegamasis ir svetain\u0117) bei terasa. Spalvingi grafika namel\u012f daro labai \u012fsp\u016bding\u0105. LED juosta suteikia \u012fdom\u0173 modernumo akcent\u0105.<\/p>\n\n\n\n<p>Komplekte taip pat yra mediniai baldai \u2013 stalas, k\u0117d\u0117s, lova, lempa, fotelis, sofa, kavos staliukas, televizorius, pianinas, suolas, gultas, sk\u0117tis, du\u0161as, kriaukl\u0117 ir tualetas.<\/p>\n\n\n\n<p>Techniniai duomenys:<\/p>\n\n\n\n<p>LED maitinimas: 3x AA 1,5 V baterijos (\u012f komplekt\u0105 ne\u012feina)<br>LED spalva: \u0161alta balta<br>Med\u017eiaga: medis, MDF<br>Namelio matmenys: 62 cm x 27 cm x 78 cm<br>LED juostos ilgis: 2 m<br>Pirmojo auk\u0161to auk\u0161tis: 23 cm<br>Pirmojo auk\u0161to auk\u0161tis: 23 cm<br>Antrojo auk\u0161to auk\u0161tis: 23,5 cm<br>Pakuot\u0117s matmenys: 68 cm x 11 cm x 49 cm<br>Komplekto sud\u0117tis:<\/p>\n\n\n\n<p>Namelio surinkimo elementai<br>Sraigtai<br>Baldai (16 vnt.)<br>LED juosta<\/p>\n\n\n\n<p>Namelis pagamintas i\u0161 glotniai nu\u0161lifuotos medienos ir turi CE sertifikat\u0105, garantuojant\u012f saug\u0173 \u017eaidim\u0105.<\/p>\n\n\n\n<p>L\u0117li\u0173 namelis su priedais supakuotas kartonin\u0117je d\u0117\u017eut\u0117je.<\/p>\n\n\n\n<p><\/p>","protected":false},"excerpt":{"rendered":"<p>Didelis medinis l\u0117l\u0117s namelis idealiai tinka bet kuriam l\u0117l\u0117s savininkui! Jame yra keturi kambariai trijuose auk\u0161tuose (virtuv\u0117, vonios kambarys, miegamasis ir svetain\u0117) bei terasa. Spalvingi grafika namel\u012f daro labai \u012fsp\u016bding\u0105. LED juosta suteikia \u012fdom\u0173 modernumo akcent\u0105. Komplekte taip pat yra mediniai baldai \u2013 stalas, k\u0117d\u0117s, lova, lempa, fotelis, sofa, kavos staliukas, televizorius, pianinas, suolas, gultas, [&hellip;]<\/p>","protected":false},"featured_media":36553,"template":"","meta":{"_acf_changed":false,"iawp_total_views":61},"product_cat":[196,191,192,84,102,93,49,39,214],"product_tag":[97],"class_list":{"0":"post-36552","1":"product","2":"type-product","3":"status-publish","4":"has-post-thumbnail","6":"product_cat-dovanos-mergaitems","7":"product_cat-dovanos-vaikams","8":"product_cat-kaledines-dovanos-vaikams","9":"product_cat-lavinamieji-zaislai","10":"product_cat-mediniai-zaislai","11":"product_cat-vaidmenu-zaidimai","12":"product_cat-visi-zaislai","13":"product_cat-zaislai","14":"product_cat-zaislai-mergaitems","15":"product_tag-3-m-4-m","17":"first","18":"outofstock","19":"sale","20":"taxable","21":"shipping-taxable","22":"purchasable","23":"product-type-simple"},"acf":[],"yoast_head":"<!-- This site is optimized with the Yoast SEO plugin v23.3 - https:\/\/yoast.com\/wordpress\/plugins\/seo\/ -->\n<title>Medinis l\u0117li\u0173 namas, 78 cm - Montessori \u017eaislai<\/title>\n<meta name=\"robots\" content=\"index, follow, max-snippet:-1, max-image-preview:large, max-video-preview:-1\" \/>\n<link rel=\"canonical\" href=\"https:\/\/monti.lt\/en\/product\/medinis-leliu-namas-78-cm\/\" \/>\n<meta property=\"og:locale\" content=\"en_US\" \/>\n<meta property=\"og:type\" content=\"article\" \/>\n<meta property=\"og:title\" content=\"Medinis l\u0117li\u0173 namas, 78 cm - Montessori \u017eaislai\" \/>\n<meta property=\"og:description\" content=\"Didelis medinis l\u0117l\u0117s namelis idealiai tinka bet kuriam l\u0117l\u0117s savininkui! Jame yra keturi kambariai trijuose auk\u0161tuose (virtuv\u0117, vonios kambarys, miegamasis ir svetain\u0117) bei terasa. Spalvingi grafika namel\u012f daro labai \u012fsp\u016bding\u0105. LED juosta suteikia \u012fdom\u0173 modernumo akcent\u0105. Komplekte taip pat yra mediniai baldai \u2013 stalas, k\u0117d\u0117s, lova, lempa, fotelis, sofa, kavos staliukas, televizorius, pianinas, suolas, gultas, [&hellip;]\" \/>\n<meta property=\"og:url\" content=\"https:\/\/monti.lt\/en\/product\/medinis-leliu-namas-78-cm\/\" \/>\n<meta property=\"og:site_name\" content=\"Montessori \u017eaislai\" \/>\n<meta property=\"article:modified_time\" content=\"2025-11-30T17:21:47+00:00\" \/>\n<meta property=\"og:image\" content=\"https:\/\/monti.lt\/wp-content\/uploads\/2025\/11\/Domek-dla-lalek-MDF-drewniany-z-akcesoriami-LED-62x27x70cm-83791.jpg\" \/>\n\t<meta property=\"og:image:width\" content=\"1600\" \/>\n\t<meta property=\"og:image:height\" content=\"1600\" \/>\n\t<meta property=\"og:image:type\" content=\"image\/jpeg\" \/>\n<meta name=\"twitter:card\" content=\"summary_large_image\" \/>\n<meta name=\"twitter:label1\" content=\"Est. reading time\" \/>\n\t<meta name=\"twitter:data1\" content=\"2 minutes\" \/>\n<script type=\"application\/ld+json\" class=\"yoast-schema-graph\">{\"@context\":\"https:\/\/schema.org\",\"@graph\":[{\"@type\":\"WebPage\",\"@id\":\"https:\/\/monti.lt\/product\/medinis-leliu-namas-78-cm\/\",\"url\":\"https:\/\/monti.lt\/product\/medinis-leliu-namas-78-cm\/\",\"name\":\"Medinis l\u0117li\u0173 namas, 78 cm - Montessori \u017eaislai\",\"isPartOf\":{\"@id\":\"https:\/\/monti.lt\/#website\"},\"primaryImageOfPage\":{\"@id\":\"https:\/\/monti.lt\/product\/medinis-leliu-namas-78-cm\/#primaryimage\"},\"image\":{\"@id\":\"https:\/\/monti.lt\/product\/medinis-leliu-namas-78-cm\/#primaryimage\"},\"thumbnailUrl\":\"https:\/\/monti.lt\/wp-content\/uploads\/2025\/11\/Domek-dla-lalek-MDF-drewniany-z-akcesoriami-LED-62x27x70cm-83791.jpg\",\"datePublished\":\"2025-11-23T13:02:10+00:00\",\"dateModified\":\"2025-11-30T17:21:47+00:00\",\"breadcrumb\":{\"@id\":\"https:\/\/monti.lt\/product\/medinis-leliu-namas-78-cm\/#breadcrumb\"},\"inLanguage\":\"en-US\",\"potentialAction\":[{\"@type\":\"ReadAction\",\"target\":[\"https:\/\/monti.lt\/product\/medinis-leliu-namas-78-cm\/\"]}]},{\"@type\":\"ImageObject\",\"inLanguage\":\"en-US\",\"@id\":\"https:\/\/monti.lt\/product\/medinis-leliu-namas-78-cm\/#primaryimage\",\"url\":\"https:\/\/monti.lt\/wp-content\/uploads\/2025\/11\/Domek-dla-lalek-MDF-drewniany-z-akcesoriami-LED-62x27x70cm-83791.jpg\",\"contentUrl\":\"https:\/\/monti.lt\/wp-content\/uploads\/2025\/11\/Domek-dla-lalek-MDF-drewniany-z-akcesoriami-LED-62x27x70cm-83791.jpg\",\"width\":1600,\"height\":1600,\"caption\":\"kaledines dovanos vaikams\"},{\"@type\":\"BreadcrumbList\",\"@id\":\"https:\/\/monti.lt\/product\/medinis-leliu-namas-78-cm\/#breadcrumb\",\"itemListElement\":[{\"@type\":\"ListItem\",\"position\":1,\"name\":\"Home\",\"item\":\"https:\/\/monti.lt\/\"},{\"@type\":\"ListItem\",\"position\":2,\"name\":\"Parduotuv\u0117\",\"item\":\"https:\/\/monti.lt\/shop\/\"},{\"@type\":\"ListItem\",\"position\":3,\"name\":\"Medinis l\u0117li\u0173 namas, 78 cm\"}]},{\"@type\":\"WebSite\",\"@id\":\"https:\/\/monti.lt\/#website\",\"url\":\"https:\/\/monti.lt\/\",\"name\":\"Montessori \u017eaislai\",\"description\":\"\",\"publisher\":{\"@id\":\"https:\/\/monti.lt\/#organization\"},\"potentialAction\":[{\"@type\":\"SearchAction\",\"target\":{\"@type\":\"EntryPoint\",\"urlTemplate\":\"https:\/\/monti.lt\/?s={search_term_string}\"},\"query-input\":\"required name=search_term_string\"}],\"inLanguage\":\"en-US\"},{\"@type\":\"Organization\",\"@id\":\"https:\/\/monti.lt\/#organization\",\"name\":\"Montessori \u017eaislai\",\"url\":\"https:\/\/monti.lt\/\",\"logo\":{\"@type\":\"ImageObject\",\"inLanguage\":\"en-US\",\"@id\":\"https:\/\/monti.lt\/#\/schema\/logo\/image\/\",\"url\":\"https:\/\/monti.lt\/wp-content\/uploads\/2022\/03\/montilogo-1.png\",\"contentUrl\":\"https:\/\/monti.lt\/wp-content\/uploads\/2022\/03\/montilogo-1.png\",\"width\":512,\"height\":512,\"caption\":\"Montessori \u017eaislai\"},\"image\":{\"@id\":\"https:\/\/monti.lt\/#\/schema\/logo\/image\/\"}}]}<\/script>\n<!-- \/ Yoast SEO plugin. -->","yoast_head_json":{"title":"Medinis l\u0117li\u0173 namas, 78 cm - Montessori \u017eaislai","robots":{"index":"index","follow":"follow","max-snippet":"max-snippet:-1","max-image-preview":"max-image-preview:large","max-video-preview":"max-video-preview:-1"},"canonical":"https:\/\/monti.lt\/en\/product\/medinis-leliu-namas-78-cm\/","og_locale":"en_US","og_type":"article","og_title":"Medinis l\u0117li\u0173 namas, 78 cm - Montessori \u017eaislai","og_description":"Didelis medinis l\u0117l\u0117s namelis idealiai tinka bet kuriam l\u0117l\u0117s savininkui! Jame yra keturi kambariai trijuose auk\u0161tuose (virtuv\u0117, vonios kambarys, miegamasis ir svetain\u0117) bei terasa. Spalvingi grafika namel\u012f daro labai \u012fsp\u016bding\u0105. LED juosta suteikia \u012fdom\u0173 modernumo akcent\u0105. Komplekte taip pat yra mediniai baldai \u2013 stalas, k\u0117d\u0117s, lova, lempa, fotelis, sofa, kavos staliukas, televizorius, pianinas, suolas, gultas, [&hellip;]","og_url":"https:\/\/monti.lt\/en\/product\/medinis-leliu-namas-78-cm\/","og_site_name":"Montessori \u017eaislai","article_modified_time":"2025-11-30T17:21:47+00:00","og_image":[{"width":1600,"height":1600,"url":"https:\/\/monti.lt\/wp-content\/uploads\/2025\/11\/Domek-dla-lalek-MDF-drewniany-z-akcesoriami-LED-62x27x70cm-83791.jpg","type":"image\/jpeg"}],"twitter_card":"summary_large_image","twitter_misc":{"Est. reading time":"2 minutes"},"schema":{"@context":"https:\/\/schema.org","@graph":[{"@type":"WebPage","@id":"https:\/\/monti.lt\/product\/medinis-leliu-namas-78-cm\/","url":"https:\/\/monti.lt\/product\/medinis-leliu-namas-78-cm\/","name":"Medinis l\u0117li\u0173 namas, 78 cm - Montessori \u017eaislai","isPartOf":{"@id":"https:\/\/monti.lt\/#website"},"primaryImageOfPage":{"@id":"https:\/\/monti.lt\/product\/medinis-leliu-namas-78-cm\/#primaryimage"},"image":{"@id":"https:\/\/monti.lt\/product\/medinis-leliu-namas-78-cm\/#primaryimage"},"thumbnailUrl":"https:\/\/monti.lt\/wp-content\/uploads\/2025\/11\/Domek-dla-lalek-MDF-drewniany-z-akcesoriami-LED-62x27x70cm-83791.jpg","datePublished":"2025-11-23T13:02:10+00:00","dateModified":"2025-11-30T17:21:47+00:00","breadcrumb":{"@id":"https:\/\/monti.lt\/product\/medinis-leliu-namas-78-cm\/#breadcrumb"},"inLanguage":"en-US","potentialAction":[{"@type":"ReadAction","target":["https:\/\/monti.lt\/product\/medinis-leliu-namas-78-cm\/"]}]},{"@type":"ImageObject","inLanguage":"en-US","@id":"https:\/\/monti.lt\/product\/medinis-leliu-namas-78-cm\/#primaryimage","url":"https:\/\/monti.lt\/wp-content\/uploads\/2025\/11\/Domek-dla-lalek-MDF-drewniany-z-akcesoriami-LED-62x27x70cm-83791.jpg","contentUrl":"https:\/\/monti.lt\/wp-content\/uploads\/2025\/11\/Domek-dla-lalek-MDF-drewniany-z-akcesoriami-LED-62x27x70cm-83791.jpg","width":1600,"height":1600,"caption":"kaledines dovanos vaikams"},{"@type":"BreadcrumbList","@id":"https:\/\/monti.lt\/product\/medinis-leliu-namas-78-cm\/#breadcrumb","itemListElement":[{"@type":"ListItem","position":1,"name":"Home","item":"https:\/\/monti.lt\/"},{"@type":"ListItem","position":2,"name":"Parduotuv\u0117","item":"https:\/\/monti.lt\/shop\/"},{"@type":"ListItem","position":3,"name":"Medinis l\u0117li\u0173 namas, 78 cm"}]},{"@type":"WebSite","@id":"https:\/\/monti.lt\/#website","url":"https:\/\/monti.lt\/","name":"Montessori \u017eaislai","description":"","publisher":{"@id":"https:\/\/monti.lt\/#organization"},"potentialAction":[{"@type":"SearchAction","target":{"@type":"EntryPoint","urlTemplate":"https:\/\/monti.lt\/?s={search_term_string}"},"query-input":"required name=search_term_string"}],"inLanguage":"en-US"},{"@type":"Organization","@id":"https:\/\/monti.lt\/#organization","name":"Montessori \u017eaislai","url":"https:\/\/monti.lt\/","logo":{"@type":"ImageObject","inLanguage":"en-US","@id":"https:\/\/monti.lt\/#\/schema\/logo\/image\/","url":"https:\/\/monti.lt\/wp-content\/uploads\/2022\/03\/montilogo-1.png","contentUrl":"https:\/\/monti.lt\/wp-content\/uploads\/2022\/03\/montilogo-1.png","width":512,"height":512,"caption":"Montessori \u017eaislai"},"image":{"@id":"https:\/\/monti.lt\/#\/schema\/logo\/image\/"}}]}},"_links":{"self":[{"href":"https:\/\/monti.lt\/en\/wp-json\/wp\/v2\/product\/36552"}],"collection":[{"href":"https:\/\/monti.lt\/en\/wp-json\/wp\/v2\/product"}],"about":[{"href":"https:\/\/monti.lt\/en\/wp-json\/wp\/v2\/types\/product"}],"version-history":[{"count":1,"href":"https:\/\/monti.lt\/en\/wp-json\/wp\/v2\/product\/36552\/revisions"}],"predecessor-version":[{"id":36554,"href":"https:\/\/monti.lt\/en\/wp-json\/wp\/v2\/product\/36552\/revisions\/36554"}],"wp:featuredmedia":[{"embeddable":true,"href":"https:\/\/monti.lt\/en\/wp-json\/wp\/v2\/media\/36553"}],"wp:attachment":[{"href":"https:\/\/monti.lt\/en\/wp-json\/wp\/v2\/media?parent=36552"}],"wp:term":[{"taxonomy":"product_cat","embeddable":true,"href":"https:\/\/monti.lt\/en\/wp-json\/wp\/v2\/product_cat?post=36552"},{"taxonomy":"product_tag","embeddable":true,"href":"https:\/\/monti.lt\/en\/wp-json\/wp\/v2\/product_tag?post=36552"}],"curies":[{"name":"wp","href":"https:\/\/api.w.org\/{rel}","templated":true}]}}