{"id":37221,"date":"2025-11-30T11:14:37","date_gmt":"2025-11-30T11:14:37","guid":{"rendered":"https:\/\/monti.lt\/?post_type=product&#038;p=37221"},"modified":"2025-12-16T14:28:24","modified_gmt":"2025-12-16T14:28:24","slug":"magnetiniu-kubeliu-rinkinys-144-vnt","status":"publish","type":"product","link":"https:\/\/monti.lt\/en\/product\/magnetiniu-kubeliu-rinkinys-144-vnt\/","title":{"rendered":"Magnetini\u0173 kubeli\u0173 rinkinys, 144 vnt."},"content":{"rendered":"<p>Magnetiniai kubiniai blokai \u2013 k\u016brybingas pasaulis j\u016bs\u0173 rankose!<\/p>\n\n\n\n<p>Pasinerkite \u012f berib\u0117s vaizduot\u0117s pasaul\u012f su \u0161iais magnetiniais kubiniais blokais! I\u0161skirtin\u0117 pikselin\u0117 grafika, ry\u0161k\u016bs spalvos ir \u012fvair\u016bs blok\u0173 ra\u0161tai \u2013 tai, kas daro \u0161\u012f rinkin\u012f tok\u012f patraukl\u0173! Spalvingos detal\u0117s leid\u017eia vaikams (ir kitiems!) statyti visk\u0105, k\u0105 tik gali \u012fsivaizduoti \u2013 nuo paprast\u0173 nam\u0173 iki sod\u0173 ir \u012fsp\u016bding\u0173 pili\u0173.<\/p>\n\n\n\n<p>Rinkinyje yra:<\/p>\n\n\n\n<p>30 raudon\u0173 plyt\u0173 blok\u0173<br>30 akmens blok\u0173<br>44 \u017eol\u0117s blok\u0173<br>22 vandens blok\u0173<br>13 kr\u016bm\u0173 blok\u0173<br>4 med\u017eio kamien\u0173 blok\u0173<br>1 lango blok\u0105<br>Laikymo mai\u0161el\u012f<br>Trumpas instrukcijas su pavyzdin\u0117mis statybos id\u0117jomis<br>Kiekvienas blokas yra su saugiais magnetais, tod\u0117l konstrukcijos yra stabilios ir lengvai modifikuojamos. Kubo forma puikiai dera, tod\u0117l statyba yra intuityvi ir smagi!<\/p>\n\n\n\n<p>Plyt\u0173 matmenys: apytikriai 1,8 cm x 1,8 cm x 1,8 cm<\/p>\n\n\n\n<p>Kod\u0117l tai verta?<\/p>\n\n\n\n<p>Spalvingi, ak\u012f traukiantys elementai<br>Ugdo k\u016brybi\u0161kum\u0105, vaizduot\u0119 ir rank\u0173 miklum\u0105<br>Stipr\u016bs, pasl\u0117pti magnetai u\u017etikrina konstrukcijos patvarum\u0105<br>Puiki dovana blok\u0173 \u017eaidim\u0173 m\u0117g\u0117jui<br>Sukurkite savo blok\u0173 pasaul\u012f ir atraskite, kaip smagu \u017eaisti su kubiniais magnetiniais blokais!<\/p>\n\n\n\n<p>Rinkinys pateikiamas spalvingoje, esteti\u0161kai patrauklioje d\u0117\u017eut\u0117je, puikiai tinkamoje dovanai.<\/p>\n\n\n\n<p><\/p>","protected":false},"excerpt":{"rendered":"<p>Magnetiniai kubiniai blokai \u2013 k\u016brybingas pasaulis j\u016bs\u0173 rankose! Pasinerkite \u012f berib\u0117s vaizduot\u0117s pasaul\u012f su \u0161iais magnetiniais kubiniais blokais! I\u0161skirtin\u0117 pikselin\u0117 grafika, ry\u0161k\u016bs spalvos ir \u012fvair\u016bs blok\u0173 ra\u0161tai \u2013 tai, kas daro \u0161\u012f rinkin\u012f tok\u012f patraukl\u0173! Spalvingos detal\u0117s leid\u017eia vaikams (ir kitiems!) statyti visk\u0105, k\u0105 tik gali \u012fsivaizduoti \u2013 nuo paprast\u0173 nam\u0173 iki sod\u0173 ir \u012fsp\u016bding\u0173 [&hellip;]<\/p>","protected":false},"featured_media":37222,"template":"","meta":{"_acf_changed":false,"iawp_total_views":343},"product_cat":[195,216,217,197,191,87,84,50,93,202,49,39],"product_tag":[97,98],"class_list":{"0":"post-37221","1":"product","2":"type-product","3":"status-publish","4":"has-post-thumbnail","6":"product_cat-dovanos-vaikams-3-4-metu","7":"product_cat-dovanos-4-5-metu-vaikams","8":"product_cat-dovanos-5-7-metu-vaikams","9":"product_cat-dovanos-berniukams","10":"product_cat-dovanos-vaikams","11":"product_cat-kurybiniai-rinkiniai","12":"product_cat-lavinamieji-zaislai","13":"product_cat-top-dovanos","14":"product_cat-vaidmenu-zaidimai","15":"product_cat-vaaikiski-konstruktoriai","16":"product_cat-visi-zaislai","17":"product_cat-zaislai","18":"product_tag-3-m-4-m","19":"product_tag-5-m-7-m","21":"first","22":"outofstock","23":"taxable","24":"shipping-taxable","25":"purchasable","26":"product-type-simple"},"acf":[],"yoast_head":"<!-- This site is optimized with the Yoast SEO plugin v23.3 - https:\/\/yoast.com\/wordpress\/plugins\/seo\/ -->\n<title>Magnetini\u0173 kubeli\u0173 rinkinys, 144 vnt. - Montessori \u017eaislai<\/title>\n<meta name=\"robots\" content=\"index, follow, max-snippet:-1, max-image-preview:large, max-video-preview:-1\" \/>\n<link rel=\"canonical\" href=\"https:\/\/monti.lt\/en\/product\/magnetiniu-kubeliu-rinkinys-144-vnt\/\" \/>\n<meta property=\"og:locale\" content=\"en_US\" \/>\n<meta property=\"og:type\" content=\"article\" \/>\n<meta property=\"og:title\" content=\"Magnetini\u0173 kubeli\u0173 rinkinys, 144 vnt. - Montessori \u017eaislai\" \/>\n<meta property=\"og:description\" content=\"Magnetiniai kubiniai blokai \u2013 k\u016brybingas pasaulis j\u016bs\u0173 rankose! Pasinerkite \u012f berib\u0117s vaizduot\u0117s pasaul\u012f su \u0161iais magnetiniais kubiniais blokais! I\u0161skirtin\u0117 pikselin\u0117 grafika, ry\u0161k\u016bs spalvos ir \u012fvair\u016bs blok\u0173 ra\u0161tai \u2013 tai, kas daro \u0161\u012f rinkin\u012f tok\u012f patraukl\u0173! Spalvingos detal\u0117s leid\u017eia vaikams (ir kitiems!) statyti visk\u0105, k\u0105 tik gali \u012fsivaizduoti \u2013 nuo paprast\u0173 nam\u0173 iki sod\u0173 ir \u012fsp\u016bding\u0173 [&hellip;]\" \/>\n<meta property=\"og:url\" content=\"https:\/\/monti.lt\/en\/product\/magnetiniu-kubeliu-rinkinys-144-vnt\/\" \/>\n<meta property=\"og:site_name\" content=\"Montessori \u017eaislai\" \/>\n<meta property=\"article:modified_time\" content=\"2025-12-16T14:28:24+00:00\" \/>\n<meta property=\"og:image\" content=\"https:\/\/monti.lt\/wp-content\/uploads\/2025\/11\/eng_pl_Magnetic-construction-blocks-144-pieces-cubes-cubes-pixels-ZA6005-22851_9.jpg\" \/>\n\t<meta property=\"og:image:width\" content=\"750\" \/>\n\t<meta property=\"og:image:height\" content=\"750\" \/>\n\t<meta property=\"og:image:type\" content=\"image\/jpeg\" \/>\n<meta name=\"twitter:card\" content=\"summary_large_image\" \/>\n<meta name=\"twitter:label1\" content=\"Est. reading time\" \/>\n\t<meta name=\"twitter:data1\" content=\"2 minutes\" \/>\n<script type=\"application\/ld+json\" class=\"yoast-schema-graph\">{\"@context\":\"https:\/\/schema.org\",\"@graph\":[{\"@type\":\"WebPage\",\"@id\":\"https:\/\/monti.lt\/product\/magnetiniu-kubeliu-rinkinys-144-vnt\/\",\"url\":\"https:\/\/monti.lt\/product\/magnetiniu-kubeliu-rinkinys-144-vnt\/\",\"name\":\"Magnetini\u0173 kubeli\u0173 rinkinys, 144 vnt. - Montessori \u017eaislai\",\"isPartOf\":{\"@id\":\"https:\/\/monti.lt\/#website\"},\"primaryImageOfPage\":{\"@id\":\"https:\/\/monti.lt\/product\/magnetiniu-kubeliu-rinkinys-144-vnt\/#primaryimage\"},\"image\":{\"@id\":\"https:\/\/monti.lt\/product\/magnetiniu-kubeliu-rinkinys-144-vnt\/#primaryimage\"},\"thumbnailUrl\":\"https:\/\/monti.lt\/wp-content\/uploads\/2025\/11\/eng_pl_Magnetic-construction-blocks-144-pieces-cubes-cubes-pixels-ZA6005-22851_9.jpg\",\"datePublished\":\"2025-11-30T11:14:37+00:00\",\"dateModified\":\"2025-12-16T14:28:24+00:00\",\"breadcrumb\":{\"@id\":\"https:\/\/monti.lt\/product\/magnetiniu-kubeliu-rinkinys-144-vnt\/#breadcrumb\"},\"inLanguage\":\"en-US\",\"potentialAction\":[{\"@type\":\"ReadAction\",\"target\":[\"https:\/\/monti.lt\/product\/magnetiniu-kubeliu-rinkinys-144-vnt\/\"]}]},{\"@type\":\"ImageObject\",\"inLanguage\":\"en-US\",\"@id\":\"https:\/\/monti.lt\/product\/magnetiniu-kubeliu-rinkinys-144-vnt\/#primaryimage\",\"url\":\"https:\/\/monti.lt\/wp-content\/uploads\/2025\/11\/eng_pl_Magnetic-construction-blocks-144-pieces-cubes-cubes-pixels-ZA6005-22851_9.jpg\",\"contentUrl\":\"https:\/\/monti.lt\/wp-content\/uploads\/2025\/11\/eng_pl_Magnetic-construction-blocks-144-pieces-cubes-cubes-pixels-ZA6005-22851_9.jpg\",\"width\":750,\"height\":750,\"caption\":\"magnetiniai kubeliai\"},{\"@type\":\"BreadcrumbList\",\"@id\":\"https:\/\/monti.lt\/product\/magnetiniu-kubeliu-rinkinys-144-vnt\/#breadcrumb\",\"itemListElement\":[{\"@type\":\"ListItem\",\"position\":1,\"name\":\"Home\",\"item\":\"https:\/\/monti.lt\/\"},{\"@type\":\"ListItem\",\"position\":2,\"name\":\"Parduotuv\u0117\",\"item\":\"https:\/\/monti.lt\/shop\/\"},{\"@type\":\"ListItem\",\"position\":3,\"name\":\"Magnetini\u0173 kubeli\u0173 rinkinys, 144 vnt.\"}]},{\"@type\":\"WebSite\",\"@id\":\"https:\/\/monti.lt\/#website\",\"url\":\"https:\/\/monti.lt\/\",\"name\":\"Montessori \u017eaislai\",\"description\":\"\",\"publisher\":{\"@id\":\"https:\/\/monti.lt\/#organization\"},\"potentialAction\":[{\"@type\":\"SearchAction\",\"target\":{\"@type\":\"EntryPoint\",\"urlTemplate\":\"https:\/\/monti.lt\/?s={search_term_string}\"},\"query-input\":\"required name=search_term_string\"}],\"inLanguage\":\"en-US\"},{\"@type\":\"Organization\",\"@id\":\"https:\/\/monti.lt\/#organization\",\"name\":\"Montessori \u017eaislai\",\"url\":\"https:\/\/monti.lt\/\",\"logo\":{\"@type\":\"ImageObject\",\"inLanguage\":\"en-US\",\"@id\":\"https:\/\/monti.lt\/#\/schema\/logo\/image\/\",\"url\":\"https:\/\/monti.lt\/wp-content\/uploads\/2022\/03\/montilogo-1.png\",\"contentUrl\":\"https:\/\/monti.lt\/wp-content\/uploads\/2022\/03\/montilogo-1.png\",\"width\":512,\"height\":512,\"caption\":\"Montessori \u017eaislai\"},\"image\":{\"@id\":\"https:\/\/monti.lt\/#\/schema\/logo\/image\/\"}}]}<\/script>\n<!-- \/ Yoast SEO plugin. -->","yoast_head_json":{"title":"Magnetini\u0173 kubeli\u0173 rinkinys, 144 vnt. - Montessori \u017eaislai","robots":{"index":"index","follow":"follow","max-snippet":"max-snippet:-1","max-image-preview":"max-image-preview:large","max-video-preview":"max-video-preview:-1"},"canonical":"https:\/\/monti.lt\/en\/product\/magnetiniu-kubeliu-rinkinys-144-vnt\/","og_locale":"en_US","og_type":"article","og_title":"Magnetini\u0173 kubeli\u0173 rinkinys, 144 vnt. - Montessori \u017eaislai","og_description":"Magnetiniai kubiniai blokai \u2013 k\u016brybingas pasaulis j\u016bs\u0173 rankose! Pasinerkite \u012f berib\u0117s vaizduot\u0117s pasaul\u012f su \u0161iais magnetiniais kubiniais blokais! I\u0161skirtin\u0117 pikselin\u0117 grafika, ry\u0161k\u016bs spalvos ir \u012fvair\u016bs blok\u0173 ra\u0161tai \u2013 tai, kas daro \u0161\u012f rinkin\u012f tok\u012f patraukl\u0173! Spalvingos detal\u0117s leid\u017eia vaikams (ir kitiems!) statyti visk\u0105, k\u0105 tik gali \u012fsivaizduoti \u2013 nuo paprast\u0173 nam\u0173 iki sod\u0173 ir \u012fsp\u016bding\u0173 [&hellip;]","og_url":"https:\/\/monti.lt\/en\/product\/magnetiniu-kubeliu-rinkinys-144-vnt\/","og_site_name":"Montessori \u017eaislai","article_modified_time":"2025-12-16T14:28:24+00:00","og_image":[{"width":750,"height":750,"url":"https:\/\/monti.lt\/wp-content\/uploads\/2025\/11\/eng_pl_Magnetic-construction-blocks-144-pieces-cubes-cubes-pixels-ZA6005-22851_9.jpg","type":"image\/jpeg"}],"twitter_card":"summary_large_image","twitter_misc":{"Est. reading time":"2 minutes"},"schema":{"@context":"https:\/\/schema.org","@graph":[{"@type":"WebPage","@id":"https:\/\/monti.lt\/product\/magnetiniu-kubeliu-rinkinys-144-vnt\/","url":"https:\/\/monti.lt\/product\/magnetiniu-kubeliu-rinkinys-144-vnt\/","name":"Magnetini\u0173 kubeli\u0173 rinkinys, 144 vnt. - Montessori \u017eaislai","isPartOf":{"@id":"https:\/\/monti.lt\/#website"},"primaryImageOfPage":{"@id":"https:\/\/monti.lt\/product\/magnetiniu-kubeliu-rinkinys-144-vnt\/#primaryimage"},"image":{"@id":"https:\/\/monti.lt\/product\/magnetiniu-kubeliu-rinkinys-144-vnt\/#primaryimage"},"thumbnailUrl":"https:\/\/monti.lt\/wp-content\/uploads\/2025\/11\/eng_pl_Magnetic-construction-blocks-144-pieces-cubes-cubes-pixels-ZA6005-22851_9.jpg","datePublished":"2025-11-30T11:14:37+00:00","dateModified":"2025-12-16T14:28:24+00:00","breadcrumb":{"@id":"https:\/\/monti.lt\/product\/magnetiniu-kubeliu-rinkinys-144-vnt\/#breadcrumb"},"inLanguage":"en-US","potentialAction":[{"@type":"ReadAction","target":["https:\/\/monti.lt\/product\/magnetiniu-kubeliu-rinkinys-144-vnt\/"]}]},{"@type":"ImageObject","inLanguage":"en-US","@id":"https:\/\/monti.lt\/product\/magnetiniu-kubeliu-rinkinys-144-vnt\/#primaryimage","url":"https:\/\/monti.lt\/wp-content\/uploads\/2025\/11\/eng_pl_Magnetic-construction-blocks-144-pieces-cubes-cubes-pixels-ZA6005-22851_9.jpg","contentUrl":"https:\/\/monti.lt\/wp-content\/uploads\/2025\/11\/eng_pl_Magnetic-construction-blocks-144-pieces-cubes-cubes-pixels-ZA6005-22851_9.jpg","width":750,"height":750,"caption":"magnetiniai kubeliai"},{"@type":"BreadcrumbList","@id":"https:\/\/monti.lt\/product\/magnetiniu-kubeliu-rinkinys-144-vnt\/#breadcrumb","itemListElement":[{"@type":"ListItem","position":1,"name":"Home","item":"https:\/\/monti.lt\/"},{"@type":"ListItem","position":2,"name":"Parduotuv\u0117","item":"https:\/\/monti.lt\/shop\/"},{"@type":"ListItem","position":3,"name":"Magnetini\u0173 kubeli\u0173 rinkinys, 144 vnt."}]},{"@type":"WebSite","@id":"https:\/\/monti.lt\/#website","url":"https:\/\/monti.lt\/","name":"Montessori \u017eaislai","description":"","publisher":{"@id":"https:\/\/monti.lt\/#organization"},"potentialAction":[{"@type":"SearchAction","target":{"@type":"EntryPoint","urlTemplate":"https:\/\/monti.lt\/?s={search_term_string}"},"query-input":"required name=search_term_string"}],"inLanguage":"en-US"},{"@type":"Organization","@id":"https:\/\/monti.lt\/#organization","name":"Montessori \u017eaislai","url":"https:\/\/monti.lt\/","logo":{"@type":"ImageObject","inLanguage":"en-US","@id":"https:\/\/monti.lt\/#\/schema\/logo\/image\/","url":"https:\/\/monti.lt\/wp-content\/uploads\/2022\/03\/montilogo-1.png","contentUrl":"https:\/\/monti.lt\/wp-content\/uploads\/2022\/03\/montilogo-1.png","width":512,"height":512,"caption":"Montessori \u017eaislai"},"image":{"@id":"https:\/\/monti.lt\/#\/schema\/logo\/image\/"}}]}},"_links":{"self":[{"href":"https:\/\/monti.lt\/en\/wp-json\/wp\/v2\/product\/37221"}],"collection":[{"href":"https:\/\/monti.lt\/en\/wp-json\/wp\/v2\/product"}],"about":[{"href":"https:\/\/monti.lt\/en\/wp-json\/wp\/v2\/types\/product"}],"version-history":[{"count":1,"href":"https:\/\/monti.lt\/en\/wp-json\/wp\/v2\/product\/37221\/revisions"}],"predecessor-version":[{"id":37230,"href":"https:\/\/monti.lt\/en\/wp-json\/wp\/v2\/product\/37221\/revisions\/37230"}],"wp:featuredmedia":[{"embeddable":true,"href":"https:\/\/monti.lt\/en\/wp-json\/wp\/v2\/media\/37222"}],"wp:attachment":[{"href":"https:\/\/monti.lt\/en\/wp-json\/wp\/v2\/media?parent=37221"}],"wp:term":[{"taxonomy":"product_cat","embeddable":true,"href":"https:\/\/monti.lt\/en\/wp-json\/wp\/v2\/product_cat?post=37221"},{"taxonomy":"product_tag","embeddable":true,"href":"https:\/\/monti.lt\/en\/wp-json\/wp\/v2\/product_tag?post=37221"}],"curies":[{"name":"wp","href":"https:\/\/api.w.org\/{rel}","templated":true}]}}