{"id":37231,"date":"2025-11-30T11:20:47","date_gmt":"2025-11-30T11:20:47","guid":{"rendered":"https:\/\/monti.lt\/?post_type=product&#038;p=37231"},"modified":"2025-12-20T12:17:12","modified_gmt":"2025-12-20T12:17:12","slug":"puciamu-flomasteriu-rinkinys","status":"publish","type":"product","link":"https:\/\/monti.lt\/en\/product\/puciamu-flomasteriu-rinkinys\/","title":{"rendered":"Pu\u010diam\u0173 flomasteri\u0173 rinkinys"},"content":{"rendered":"<p>Maginis meno rinkinys su \u017eymekliais ir \u0161ablonais \u2013 povandeninis leidimas<\/p>\n\n\n\n<p>Ar turite menininko siel\u0105? Ar galite, kaip Pikaso, paprast\u0105 popieriaus lap\u0105 paversti spalv\u0173 ir form\u0173 kupinu \u0161edevru? O gal tiesiog norite i\u0161laisvinti savo k\u016brybi\u0161kum\u0105 ir sukurti ka\u017ek\u0105 tikrai unikalaus? Jei taip, \u0161is rinkinys bus puikus jums!<\/p>\n\n\n\n<p>\u0160is meno rinkinys yra kitoks nei kiti \u2013 i\u0161 pirmo \u017evilgsnio jis gali atrodyti \u012fprastas, bet tikrai toks n\u0117ra! Sukurtas ma\u017eiesiems menininkams nuo 3 met\u0173, \u0161is rinkinys patiks net ir vyresniems vaikams. Pasinerkime\u2026<\/p>\n\n\n\n<p>Rinkinyje yra:<\/p>\n\n\n\n<p>12 spalvot\u0173 \u017eymekli\u0173 (violetinis, ro\u017einis, tamsiai ro\u017einis, raudonas, geltonas, oran\u017einis, \u017ealias, tamsiai \u017ealias, m\u0117lynas, tamsiai m\u0117lynas, rudas, juodas)<br>8 pakartotinai naudojami \u0161ablonai (v\u0117\u017elys, delfinas, j\u016br\u0173 arkliukas, krabas, 4 skirtingos \u017euvys)<br>10 popieriaus lap\u0173<br>stebukling\u0105 oro pomp\u0105<br>Kaip tai veikia?<br>Pasirinkite saugi\u0105 \u017eaidim\u0173 viet\u0105, kurioje galima \u0161iek tiek i\u0161sipurvinti \u2013 puikiai tinka laikra\u0161\u010diai arba plastikiniai lak\u0161tai. Pad\u0117kite popieriaus lap\u0105 ir ant jo \u0161ablon\u0105. \u012eki\u0161kite \u017eymekl\u012f \u012f pomp\u0105, nukreipkite ir paspauskite!<\/p>\n\n\n\n<p>\u017dymeklis pur\u0161kia spalvingus la\u0161elius, kurdamas nuostabias, unikalias iliustracijas. Spalvas galite keisti bet kuriuo metu, tod\u0117l kiekvienas meno k\u016brinys bus unikalus. \u0160ablonai yra daugkartinio naudojimo \u2013 po naudojimo juos tiesiog i\u0161d\u017eiovinkite ir jie bus paruo\u0161ti kitam kartui.<\/p>\n\n\n\n<p>Vaikai taip pat gali naudoti \u017eymeklius tradiciniu b\u016bdu \u2013 brai\u017eydami formas ir jas spalvindami.<\/p>\n\n\n\n<p>Ko moko \u0161is \u017eaidim\u0173 rinkinys?<\/p>\n\n\n\n<p>K\u016brybi\u0161kumas ir vaizduot\u0117 \u2013 vaikai gali kurti unikalius paveiksl\u0117lius, eksperimentuodami su spalvomis ir formomis.<br>Smulkiosios motorikos \u012fg\u016bd\u017eiai \u2013 pumpavimas, \u017eymekli\u0173 laikymas ir tikslus taikymas lavina rank\u0173 vikrum\u0105 ir koordinacij\u0105.<br>Kantryb\u0117 ir koncentracija \u2013 gra\u017eaus paveiksl\u0117lio k\u016brimas reikalauja susikaupimo ir d\u0117mesio detal\u0117ms.<br>Eksperimentavimas ir problem\u0173 sprendimas \u2013 spalv\u0173 mai\u0161ymas ir \u0161ablon\u0173 derinimas skatina k\u016brybin\u012f m\u0105stym\u0105.<br>Savirai\u0161ka per men\u0105 \u2013 vaikai gali i\u0161reik\u0161ti savo emocijas ir id\u0117jas saugiu ir meni\u0161ku b\u016bdu.<br>Magijos meno rinkinys su \u017eymekliais ir \u0161ablonais yra puiki dovana, kuri derina pramogas su mokymusi. Jis garantuoja valandas menini\u0173 nuotyki\u0173 ir d\u017eiaugsmo.<\/p>\n\n\n\n<p><\/p>","protected":false},"excerpt":{"rendered":"<p>Maginis meno rinkinys su \u017eymekliais ir \u0161ablonais \u2013 povandeninis leidimas Ar turite menininko siel\u0105? Ar galite, kaip Pikaso, paprast\u0105 popieriaus lap\u0105 paversti spalv\u0173 ir form\u0173 kupinu \u0161edevru? O gal tiesiog norite i\u0161laisvinti savo k\u016brybi\u0161kum\u0105 ir sukurti ka\u017ek\u0105 tikrai unikalaus? Jei taip, \u0161is rinkinys bus puikus jums! \u0160is meno rinkinys yra kitoks nei kiti \u2013 i\u0161 [&hellip;]<\/p>","protected":false},"featured_media":37232,"template":"","meta":{"_acf_changed":false,"iawp_total_views":172},"product_cat":[195,216,217,191,87,84,50,49,39],"product_tag":[97,98],"class_list":{"0":"post-37231","1":"product","2":"type-product","3":"status-publish","4":"has-post-thumbnail","6":"product_cat-dovanos-vaikams-3-4-metu","7":"product_cat-dovanos-4-5-metu-vaikams","8":"product_cat-dovanos-5-7-metu-vaikams","9":"product_cat-dovanos-vaikams","10":"product_cat-kurybiniai-rinkiniai","11":"product_cat-lavinamieji-zaislai","12":"product_cat-top-dovanos","13":"product_cat-visi-zaislai","14":"product_cat-zaislai","15":"product_tag-3-m-4-m","16":"product_tag-5-m-7-m","18":"first","19":"outofstock","20":"taxable","21":"shipping-taxable","22":"purchasable","23":"product-type-simple"},"acf":[],"yoast_head":"<!-- This site is optimized with the Yoast SEO plugin v23.3 - https:\/\/yoast.com\/wordpress\/plugins\/seo\/ -->\n<title>Pu\u010diam\u0173 flomasteri\u0173 rinkinys - Montessori \u017eaislai<\/title>\n<meta name=\"robots\" content=\"index, follow, max-snippet:-1, max-image-preview:large, max-video-preview:-1\" \/>\n<link rel=\"canonical\" href=\"https:\/\/monti.lt\/en\/product\/puciamu-flomasteriu-rinkinys\/\" \/>\n<meta property=\"og:locale\" content=\"en_US\" \/>\n<meta property=\"og:type\" content=\"article\" \/>\n<meta property=\"og:title\" content=\"Pu\u010diam\u0173 flomasteri\u0173 rinkinys - Montessori \u017eaislai\" \/>\n<meta property=\"og:description\" content=\"Maginis meno rinkinys su \u017eymekliais ir \u0161ablonais \u2013 povandeninis leidimas Ar turite menininko siel\u0105? Ar galite, kaip Pikaso, paprast\u0105 popieriaus lap\u0105 paversti spalv\u0173 ir form\u0173 kupinu \u0161edevru? O gal tiesiog norite i\u0161laisvinti savo k\u016brybi\u0161kum\u0105 ir sukurti ka\u017ek\u0105 tikrai unikalaus? Jei taip, \u0161is rinkinys bus puikus jums! \u0160is meno rinkinys yra kitoks nei kiti \u2013 i\u0161 [&hellip;]\" \/>\n<meta property=\"og:url\" content=\"https:\/\/monti.lt\/en\/product\/puciamu-flomasteriu-rinkinys\/\" \/>\n<meta property=\"og:site_name\" content=\"Montessori \u017eaislai\" \/>\n<meta property=\"article:modified_time\" content=\"2025-12-20T12:17:12+00:00\" \/>\n<meta property=\"og:image\" content=\"https:\/\/monti.lt\/wp-content\/uploads\/2025\/11\/eng_pl_Creative-art-set-painting-with-pump-pens-and-stencils-ZA5710-22381_7.jpg\" \/>\n\t<meta property=\"og:image:width\" content=\"750\" \/>\n\t<meta property=\"og:image:height\" content=\"750\" \/>\n\t<meta property=\"og:image:type\" content=\"image\/jpeg\" \/>\n<meta name=\"twitter:card\" content=\"summary_large_image\" \/>\n<meta name=\"twitter:label1\" content=\"Est. reading time\" \/>\n\t<meta name=\"twitter:data1\" content=\"2 minutes\" \/>\n<script type=\"application\/ld+json\" class=\"yoast-schema-graph\">{\"@context\":\"https:\/\/schema.org\",\"@graph\":[{\"@type\":\"WebPage\",\"@id\":\"https:\/\/monti.lt\/product\/puciamu-flomasteriu-rinkinys\/\",\"url\":\"https:\/\/monti.lt\/product\/puciamu-flomasteriu-rinkinys\/\",\"name\":\"Pu\u010diam\u0173 flomasteri\u0173 rinkinys - Montessori \u017eaislai\",\"isPartOf\":{\"@id\":\"https:\/\/monti.lt\/#website\"},\"primaryImageOfPage\":{\"@id\":\"https:\/\/monti.lt\/product\/puciamu-flomasteriu-rinkinys\/#primaryimage\"},\"image\":{\"@id\":\"https:\/\/monti.lt\/product\/puciamu-flomasteriu-rinkinys\/#primaryimage\"},\"thumbnailUrl\":\"https:\/\/monti.lt\/wp-content\/uploads\/2025\/11\/eng_pl_Creative-art-set-painting-with-pump-pens-and-stencils-ZA5710-22381_7.jpg\",\"datePublished\":\"2025-11-30T11:20:47+00:00\",\"dateModified\":\"2025-12-20T12:17:12+00:00\",\"breadcrumb\":{\"@id\":\"https:\/\/monti.lt\/product\/puciamu-flomasteriu-rinkinys\/#breadcrumb\"},\"inLanguage\":\"en-US\",\"potentialAction\":[{\"@type\":\"ReadAction\",\"target\":[\"https:\/\/monti.lt\/product\/puciamu-flomasteriu-rinkinys\/\"]}]},{\"@type\":\"ImageObject\",\"inLanguage\":\"en-US\",\"@id\":\"https:\/\/monti.lt\/product\/puciamu-flomasteriu-rinkinys\/#primaryimage\",\"url\":\"https:\/\/monti.lt\/wp-content\/uploads\/2025\/11\/eng_pl_Creative-art-set-painting-with-pump-pens-and-stencils-ZA5710-22381_7.jpg\",\"contentUrl\":\"https:\/\/monti.lt\/wp-content\/uploads\/2025\/11\/eng_pl_Creative-art-set-painting-with-pump-pens-and-stencils-ZA5710-22381_7.jpg\",\"width\":750,\"height\":750,\"caption\":\"kaledinines dovanos vaikams\"},{\"@type\":\"BreadcrumbList\",\"@id\":\"https:\/\/monti.lt\/product\/puciamu-flomasteriu-rinkinys\/#breadcrumb\",\"itemListElement\":[{\"@type\":\"ListItem\",\"position\":1,\"name\":\"Home\",\"item\":\"https:\/\/monti.lt\/\"},{\"@type\":\"ListItem\",\"position\":2,\"name\":\"Parduotuv\u0117\",\"item\":\"https:\/\/monti.lt\/shop\/\"},{\"@type\":\"ListItem\",\"position\":3,\"name\":\"Pu\u010diam\u0173 flomasteri\u0173 rinkinys\"}]},{\"@type\":\"WebSite\",\"@id\":\"https:\/\/monti.lt\/#website\",\"url\":\"https:\/\/monti.lt\/\",\"name\":\"Montessori \u017eaislai\",\"description\":\"\",\"publisher\":{\"@id\":\"https:\/\/monti.lt\/#organization\"},\"potentialAction\":[{\"@type\":\"SearchAction\",\"target\":{\"@type\":\"EntryPoint\",\"urlTemplate\":\"https:\/\/monti.lt\/?s={search_term_string}\"},\"query-input\":\"required name=search_term_string\"}],\"inLanguage\":\"en-US\"},{\"@type\":\"Organization\",\"@id\":\"https:\/\/monti.lt\/#organization\",\"name\":\"Montessori \u017eaislai\",\"url\":\"https:\/\/monti.lt\/\",\"logo\":{\"@type\":\"ImageObject\",\"inLanguage\":\"en-US\",\"@id\":\"https:\/\/monti.lt\/#\/schema\/logo\/image\/\",\"url\":\"https:\/\/monti.lt\/wp-content\/uploads\/2022\/03\/montilogo-1.png\",\"contentUrl\":\"https:\/\/monti.lt\/wp-content\/uploads\/2022\/03\/montilogo-1.png\",\"width\":512,\"height\":512,\"caption\":\"Montessori \u017eaislai\"},\"image\":{\"@id\":\"https:\/\/monti.lt\/#\/schema\/logo\/image\/\"}}]}<\/script>\n<!-- \/ Yoast SEO plugin. -->","yoast_head_json":{"title":"Pu\u010diam\u0173 flomasteri\u0173 rinkinys - Montessori \u017eaislai","robots":{"index":"index","follow":"follow","max-snippet":"max-snippet:-1","max-image-preview":"max-image-preview:large","max-video-preview":"max-video-preview:-1"},"canonical":"https:\/\/monti.lt\/en\/product\/puciamu-flomasteriu-rinkinys\/","og_locale":"en_US","og_type":"article","og_title":"Pu\u010diam\u0173 flomasteri\u0173 rinkinys - Montessori \u017eaislai","og_description":"Maginis meno rinkinys su \u017eymekliais ir \u0161ablonais \u2013 povandeninis leidimas Ar turite menininko siel\u0105? Ar galite, kaip Pikaso, paprast\u0105 popieriaus lap\u0105 paversti spalv\u0173 ir form\u0173 kupinu \u0161edevru? O gal tiesiog norite i\u0161laisvinti savo k\u016brybi\u0161kum\u0105 ir sukurti ka\u017ek\u0105 tikrai unikalaus? Jei taip, \u0161is rinkinys bus puikus jums! \u0160is meno rinkinys yra kitoks nei kiti \u2013 i\u0161 [&hellip;]","og_url":"https:\/\/monti.lt\/en\/product\/puciamu-flomasteriu-rinkinys\/","og_site_name":"Montessori \u017eaislai","article_modified_time":"2025-12-20T12:17:12+00:00","og_image":[{"width":750,"height":750,"url":"https:\/\/monti.lt\/wp-content\/uploads\/2025\/11\/eng_pl_Creative-art-set-painting-with-pump-pens-and-stencils-ZA5710-22381_7.jpg","type":"image\/jpeg"}],"twitter_card":"summary_large_image","twitter_misc":{"Est. reading time":"2 minutes"},"schema":{"@context":"https:\/\/schema.org","@graph":[{"@type":"WebPage","@id":"https:\/\/monti.lt\/product\/puciamu-flomasteriu-rinkinys\/","url":"https:\/\/monti.lt\/product\/puciamu-flomasteriu-rinkinys\/","name":"Pu\u010diam\u0173 flomasteri\u0173 rinkinys - Montessori \u017eaislai","isPartOf":{"@id":"https:\/\/monti.lt\/#website"},"primaryImageOfPage":{"@id":"https:\/\/monti.lt\/product\/puciamu-flomasteriu-rinkinys\/#primaryimage"},"image":{"@id":"https:\/\/monti.lt\/product\/puciamu-flomasteriu-rinkinys\/#primaryimage"},"thumbnailUrl":"https:\/\/monti.lt\/wp-content\/uploads\/2025\/11\/eng_pl_Creative-art-set-painting-with-pump-pens-and-stencils-ZA5710-22381_7.jpg","datePublished":"2025-11-30T11:20:47+00:00","dateModified":"2025-12-20T12:17:12+00:00","breadcrumb":{"@id":"https:\/\/monti.lt\/product\/puciamu-flomasteriu-rinkinys\/#breadcrumb"},"inLanguage":"en-US","potentialAction":[{"@type":"ReadAction","target":["https:\/\/monti.lt\/product\/puciamu-flomasteriu-rinkinys\/"]}]},{"@type":"ImageObject","inLanguage":"en-US","@id":"https:\/\/monti.lt\/product\/puciamu-flomasteriu-rinkinys\/#primaryimage","url":"https:\/\/monti.lt\/wp-content\/uploads\/2025\/11\/eng_pl_Creative-art-set-painting-with-pump-pens-and-stencils-ZA5710-22381_7.jpg","contentUrl":"https:\/\/monti.lt\/wp-content\/uploads\/2025\/11\/eng_pl_Creative-art-set-painting-with-pump-pens-and-stencils-ZA5710-22381_7.jpg","width":750,"height":750,"caption":"kaledinines dovanos vaikams"},{"@type":"BreadcrumbList","@id":"https:\/\/monti.lt\/product\/puciamu-flomasteriu-rinkinys\/#breadcrumb","itemListElement":[{"@type":"ListItem","position":1,"name":"Home","item":"https:\/\/monti.lt\/"},{"@type":"ListItem","position":2,"name":"Parduotuv\u0117","item":"https:\/\/monti.lt\/shop\/"},{"@type":"ListItem","position":3,"name":"Pu\u010diam\u0173 flomasteri\u0173 rinkinys"}]},{"@type":"WebSite","@id":"https:\/\/monti.lt\/#website","url":"https:\/\/monti.lt\/","name":"Montessori \u017eaislai","description":"","publisher":{"@id":"https:\/\/monti.lt\/#organization"},"potentialAction":[{"@type":"SearchAction","target":{"@type":"EntryPoint","urlTemplate":"https:\/\/monti.lt\/?s={search_term_string}"},"query-input":"required name=search_term_string"}],"inLanguage":"en-US"},{"@type":"Organization","@id":"https:\/\/monti.lt\/#organization","name":"Montessori \u017eaislai","url":"https:\/\/monti.lt\/","logo":{"@type":"ImageObject","inLanguage":"en-US","@id":"https:\/\/monti.lt\/#\/schema\/logo\/image\/","url":"https:\/\/monti.lt\/wp-content\/uploads\/2022\/03\/montilogo-1.png","contentUrl":"https:\/\/monti.lt\/wp-content\/uploads\/2022\/03\/montilogo-1.png","width":512,"height":512,"caption":"Montessori \u017eaislai"},"image":{"@id":"https:\/\/monti.lt\/#\/schema\/logo\/image\/"}}]}},"_links":{"self":[{"href":"https:\/\/monti.lt\/en\/wp-json\/wp\/v2\/product\/37231"}],"collection":[{"href":"https:\/\/monti.lt\/en\/wp-json\/wp\/v2\/product"}],"about":[{"href":"https:\/\/monti.lt\/en\/wp-json\/wp\/v2\/types\/product"}],"version-history":[{"count":1,"href":"https:\/\/monti.lt\/en\/wp-json\/wp\/v2\/product\/37231\/revisions"}],"predecessor-version":[{"id":37239,"href":"https:\/\/monti.lt\/en\/wp-json\/wp\/v2\/product\/37231\/revisions\/37239"}],"wp:featuredmedia":[{"embeddable":true,"href":"https:\/\/monti.lt\/en\/wp-json\/wp\/v2\/media\/37232"}],"wp:attachment":[{"href":"https:\/\/monti.lt\/en\/wp-json\/wp\/v2\/media?parent=37231"}],"wp:term":[{"taxonomy":"product_cat","embeddable":true,"href":"https:\/\/monti.lt\/en\/wp-json\/wp\/v2\/product_cat?post=37231"},{"taxonomy":"product_tag","embeddable":true,"href":"https:\/\/monti.lt\/en\/wp-json\/wp\/v2\/product_tag?post=37231"}],"curies":[{"name":"wp","href":"https:\/\/api.w.org\/{rel}","templated":true}]}}