{"id":37423,"date":"2025-12-02T06:52:25","date_gmt":"2025-12-02T06:52:25","guid":{"rendered":"https:\/\/monti.lt\/?post_type=product&#038;p=37423"},"modified":"2025-12-10T08:05:06","modified_gmt":"2025-12-10T08:05:06","slug":"kosmetikos-gamybos-rinkinys","status":"publish","type":"product","link":"https:\/\/monti.lt\/en\/product\/kosmetikos-gamybos-rinkinys\/","title":{"rendered":"Kosmetikos gamybos rinkinys"},"content":{"rendered":"","protected":false},"excerpt":{"rendered":"<p>Kurkite l\u016bp\u0173 balzamus \u012fvairi\u0173 spalv\u0173 ir atspalvi\u0173! Daugiau nei 10 formuli\u0173, kuriomis gali pasinaudoti jaunieji kosmetologijos meistrai.<br \/>\nVisos sudedamosios dalys yra nat\u016bralios, nepakenks ne tik odai bet yra saugios ir aplinkai. D\u0117l instrukcijos lietuvi\u0173 kalba kreipkit\u0117s el.p. labas@monti.lt<\/p>\n<p>Am\u017eius: Nuo 7 m.<\/p>","protected":false},"featured_media":37426,"template":"","meta":{"_acf_changed":false,"iawp_total_views":38},"product_cat":[217,196,241,192,81,87,93,214],"product_tag":[98,99],"class_list":{"0":"post-37423","1":"product","2":"type-product","3":"status-publish","4":"has-post-thumbnail","6":"product_cat-dovanos-5-7-metu-vaikams","7":"product_cat-dovanos-mergaitems","8":"product_cat-dovanu-rinkiniai","9":"product_cat-kaledines-dovanos-vaikams","10":"product_cat-kiti-zaislai","11":"product_cat-kurybiniai-rinkiniai","12":"product_cat-vaidmenu-zaidimai","13":"product_cat-zaislai-mergaitems","14":"product_tag-5-m-7-m","15":"product_tag-8-m-11-m","17":"first","18":"outofstock","19":"taxable","20":"shipping-taxable","21":"purchasable","22":"product-type-simple"},"acf":[],"yoast_head":"<!-- This site is optimized with the Yoast SEO plugin v23.3 - https:\/\/yoast.com\/wordpress\/plugins\/seo\/ -->\n<title>Kosmetikos gamybos rinkinys - Montessori \u017eaislai<\/title>\n<meta name=\"robots\" content=\"index, follow, max-snippet:-1, max-image-preview:large, max-video-preview:-1\" \/>\n<link rel=\"canonical\" href=\"https:\/\/monti.lt\/en\/product\/kosmetikos-gamybos-rinkinys\/\" \/>\n<meta property=\"og:locale\" content=\"en_US\" \/>\n<meta property=\"og:type\" content=\"article\" \/>\n<meta property=\"og:title\" content=\"Kosmetikos gamybos rinkinys - Montessori \u017eaislai\" \/>\n<meta property=\"og:description\" content=\"Kurkite l\u016bp\u0173 balzamus \u012fvairi\u0173 spalv\u0173 ir atspalvi\u0173! Daugiau nei 10 formuli\u0173, kuriomis gali pasinaudoti jaunieji kosmetologijos meistrai. Visos sudedamosios dalys yra nat\u016bralios, nepakenks ne tik odai bet yra saugios ir aplinkai. D\u0117l instrukcijos lietuvi\u0173 kalba kreipkit\u0117s el.p. labas@monti.lt  Am\u017eius: Nuo 7 m.\" \/>\n<meta property=\"og:url\" content=\"https:\/\/monti.lt\/en\/product\/kosmetikos-gamybos-rinkinys\/\" \/>\n<meta property=\"og:site_name\" content=\"Montessori \u017eaislai\" \/>\n<meta property=\"article:modified_time\" content=\"2025-12-10T08:05:06+00:00\" \/>\n<meta property=\"og:image\" content=\"https:\/\/monti.lt\/wp-content\/uploads\/2025\/12\/gloss-party_1_.jpg\" \/>\n\t<meta property=\"og:image:width\" content=\"800\" \/>\n\t<meta property=\"og:image:height\" content=\"800\" \/>\n\t<meta property=\"og:image:type\" content=\"image\/jpeg\" \/>\n<meta name=\"twitter:card\" content=\"summary_large_image\" \/>\n<script type=\"application\/ld+json\" class=\"yoast-schema-graph\">{\"@context\":\"https:\/\/schema.org\",\"@graph\":[{\"@type\":\"WebPage\",\"@id\":\"https:\/\/monti.lt\/product\/kosmetikos-gamybos-rinkinys\/\",\"url\":\"https:\/\/monti.lt\/product\/kosmetikos-gamybos-rinkinys\/\",\"name\":\"Kosmetikos gamybos rinkinys - Montessori \u017eaislai\",\"isPartOf\":{\"@id\":\"https:\/\/monti.lt\/#website\"},\"primaryImageOfPage\":{\"@id\":\"https:\/\/monti.lt\/product\/kosmetikos-gamybos-rinkinys\/#primaryimage\"},\"image\":{\"@id\":\"https:\/\/monti.lt\/product\/kosmetikos-gamybos-rinkinys\/#primaryimage\"},\"thumbnailUrl\":\"https:\/\/monti.lt\/wp-content\/uploads\/2025\/12\/gloss-party_1_.jpg\",\"datePublished\":\"2025-12-02T06:52:25+00:00\",\"dateModified\":\"2025-12-10T08:05:06+00:00\",\"breadcrumb\":{\"@id\":\"https:\/\/monti.lt\/product\/kosmetikos-gamybos-rinkinys\/#breadcrumb\"},\"inLanguage\":\"en-US\",\"potentialAction\":[{\"@type\":\"ReadAction\",\"target\":[\"https:\/\/monti.lt\/product\/kosmetikos-gamybos-rinkinys\/\"]}]},{\"@type\":\"ImageObject\",\"inLanguage\":\"en-US\",\"@id\":\"https:\/\/monti.lt\/product\/kosmetikos-gamybos-rinkinys\/#primaryimage\",\"url\":\"https:\/\/monti.lt\/wp-content\/uploads\/2025\/12\/gloss-party_1_.jpg\",\"contentUrl\":\"https:\/\/monti.lt\/wp-content\/uploads\/2025\/12\/gloss-party_1_.jpg\",\"width\":800,\"height\":800},{\"@type\":\"BreadcrumbList\",\"@id\":\"https:\/\/monti.lt\/product\/kosmetikos-gamybos-rinkinys\/#breadcrumb\",\"itemListElement\":[{\"@type\":\"ListItem\",\"position\":1,\"name\":\"Home\",\"item\":\"https:\/\/monti.lt\/\"},{\"@type\":\"ListItem\",\"position\":2,\"name\":\"Parduotuv\u0117\",\"item\":\"https:\/\/monti.lt\/shop\/\"},{\"@type\":\"ListItem\",\"position\":3,\"name\":\"Kosmetikos gamybos rinkinys\"}]},{\"@type\":\"WebSite\",\"@id\":\"https:\/\/monti.lt\/#website\",\"url\":\"https:\/\/monti.lt\/\",\"name\":\"Montessori \u017eaislai\",\"description\":\"\",\"publisher\":{\"@id\":\"https:\/\/monti.lt\/#organization\"},\"potentialAction\":[{\"@type\":\"SearchAction\",\"target\":{\"@type\":\"EntryPoint\",\"urlTemplate\":\"https:\/\/monti.lt\/?s={search_term_string}\"},\"query-input\":\"required name=search_term_string\"}],\"inLanguage\":\"en-US\"},{\"@type\":\"Organization\",\"@id\":\"https:\/\/monti.lt\/#organization\",\"name\":\"Montessori \u017eaislai\",\"url\":\"https:\/\/monti.lt\/\",\"logo\":{\"@type\":\"ImageObject\",\"inLanguage\":\"en-US\",\"@id\":\"https:\/\/monti.lt\/#\/schema\/logo\/image\/\",\"url\":\"https:\/\/monti.lt\/wp-content\/uploads\/2022\/03\/montilogo-1.png\",\"contentUrl\":\"https:\/\/monti.lt\/wp-content\/uploads\/2022\/03\/montilogo-1.png\",\"width\":512,\"height\":512,\"caption\":\"Montessori \u017eaislai\"},\"image\":{\"@id\":\"https:\/\/monti.lt\/#\/schema\/logo\/image\/\"}}]}<\/script>\n<!-- \/ Yoast SEO plugin. -->","yoast_head_json":{"title":"Kosmetikos gamybos rinkinys - Montessori \u017eaislai","robots":{"index":"index","follow":"follow","max-snippet":"max-snippet:-1","max-image-preview":"max-image-preview:large","max-video-preview":"max-video-preview:-1"},"canonical":"https:\/\/monti.lt\/en\/product\/kosmetikos-gamybos-rinkinys\/","og_locale":"en_US","og_type":"article","og_title":"Kosmetikos gamybos rinkinys - Montessori \u017eaislai","og_description":"Kurkite l\u016bp\u0173 balzamus \u012fvairi\u0173 spalv\u0173 ir atspalvi\u0173! Daugiau nei 10 formuli\u0173, kuriomis gali pasinaudoti jaunieji kosmetologijos meistrai. Visos sudedamosios dalys yra nat\u016bralios, nepakenks ne tik odai bet yra saugios ir aplinkai. D\u0117l instrukcijos lietuvi\u0173 kalba kreipkit\u0117s el.p. labas@monti.lt  Am\u017eius: Nuo 7 m.","og_url":"https:\/\/monti.lt\/en\/product\/kosmetikos-gamybos-rinkinys\/","og_site_name":"Montessori \u017eaislai","article_modified_time":"2025-12-10T08:05:06+00:00","og_image":[{"width":800,"height":800,"url":"https:\/\/monti.lt\/wp-content\/uploads\/2025\/12\/gloss-party_1_.jpg","type":"image\/jpeg"}],"twitter_card":"summary_large_image","schema":{"@context":"https:\/\/schema.org","@graph":[{"@type":"WebPage","@id":"https:\/\/monti.lt\/product\/kosmetikos-gamybos-rinkinys\/","url":"https:\/\/monti.lt\/product\/kosmetikos-gamybos-rinkinys\/","name":"Kosmetikos gamybos rinkinys - Montessori \u017eaislai","isPartOf":{"@id":"https:\/\/monti.lt\/#website"},"primaryImageOfPage":{"@id":"https:\/\/monti.lt\/product\/kosmetikos-gamybos-rinkinys\/#primaryimage"},"image":{"@id":"https:\/\/monti.lt\/product\/kosmetikos-gamybos-rinkinys\/#primaryimage"},"thumbnailUrl":"https:\/\/monti.lt\/wp-content\/uploads\/2025\/12\/gloss-party_1_.jpg","datePublished":"2025-12-02T06:52:25+00:00","dateModified":"2025-12-10T08:05:06+00:00","breadcrumb":{"@id":"https:\/\/monti.lt\/product\/kosmetikos-gamybos-rinkinys\/#breadcrumb"},"inLanguage":"en-US","potentialAction":[{"@type":"ReadAction","target":["https:\/\/monti.lt\/product\/kosmetikos-gamybos-rinkinys\/"]}]},{"@type":"ImageObject","inLanguage":"en-US","@id":"https:\/\/monti.lt\/product\/kosmetikos-gamybos-rinkinys\/#primaryimage","url":"https:\/\/monti.lt\/wp-content\/uploads\/2025\/12\/gloss-party_1_.jpg","contentUrl":"https:\/\/monti.lt\/wp-content\/uploads\/2025\/12\/gloss-party_1_.jpg","width":800,"height":800},{"@type":"BreadcrumbList","@id":"https:\/\/monti.lt\/product\/kosmetikos-gamybos-rinkinys\/#breadcrumb","itemListElement":[{"@type":"ListItem","position":1,"name":"Home","item":"https:\/\/monti.lt\/"},{"@type":"ListItem","position":2,"name":"Parduotuv\u0117","item":"https:\/\/monti.lt\/shop\/"},{"@type":"ListItem","position":3,"name":"Kosmetikos gamybos rinkinys"}]},{"@type":"WebSite","@id":"https:\/\/monti.lt\/#website","url":"https:\/\/monti.lt\/","name":"Montessori \u017eaislai","description":"","publisher":{"@id":"https:\/\/monti.lt\/#organization"},"potentialAction":[{"@type":"SearchAction","target":{"@type":"EntryPoint","urlTemplate":"https:\/\/monti.lt\/?s={search_term_string}"},"query-input":"required name=search_term_string"}],"inLanguage":"en-US"},{"@type":"Organization","@id":"https:\/\/monti.lt\/#organization","name":"Montessori \u017eaislai","url":"https:\/\/monti.lt\/","logo":{"@type":"ImageObject","inLanguage":"en-US","@id":"https:\/\/monti.lt\/#\/schema\/logo\/image\/","url":"https:\/\/monti.lt\/wp-content\/uploads\/2022\/03\/montilogo-1.png","contentUrl":"https:\/\/monti.lt\/wp-content\/uploads\/2022\/03\/montilogo-1.png","width":512,"height":512,"caption":"Montessori \u017eaislai"},"image":{"@id":"https:\/\/monti.lt\/#\/schema\/logo\/image\/"}}]}},"_links":{"self":[{"href":"https:\/\/monti.lt\/en\/wp-json\/wp\/v2\/product\/37423"}],"collection":[{"href":"https:\/\/monti.lt\/en\/wp-json\/wp\/v2\/product"}],"about":[{"href":"https:\/\/monti.lt\/en\/wp-json\/wp\/v2\/types\/product"}],"version-history":[{"count":2,"href":"https:\/\/monti.lt\/en\/wp-json\/wp\/v2\/product\/37423\/revisions"}],"predecessor-version":[{"id":37425,"href":"https:\/\/monti.lt\/en\/wp-json\/wp\/v2\/product\/37423\/revisions\/37425"}],"wp:featuredmedia":[{"embeddable":true,"href":"https:\/\/monti.lt\/en\/wp-json\/wp\/v2\/media\/37426"}],"wp:attachment":[{"href":"https:\/\/monti.lt\/en\/wp-json\/wp\/v2\/media?parent=37423"}],"wp:term":[{"taxonomy":"product_cat","embeddable":true,"href":"https:\/\/monti.lt\/en\/wp-json\/wp\/v2\/product_cat?post=37423"},{"taxonomy":"product_tag","embeddable":true,"href":"https:\/\/monti.lt\/en\/wp-json\/wp\/v2\/product_tag?post=37423"}],"curies":[{"name":"wp","href":"https:\/\/api.w.org\/{rel}","templated":true}]}}