{"id":37442,"date":"2025-12-02T09:35:06","date_gmt":"2025-12-02T09:35:06","guid":{"rendered":"https:\/\/monti.lt\/?post_type=product&#038;p=37442"},"modified":"2025-12-09T12:16:25","modified_gmt":"2025-12-09T12:16:25","slug":"4m-green-science-mokslinis-rinkinys-mokslas-apie-orus","status":"publish","type":"product","link":"https:\/\/monti.lt\/en\/product\/4m-green-science-mokslinis-rinkinys-mokslas-apie-orus\/","title":{"rendered":"4M Green Science Mokslinis rinkinys ,,Mokslas apie orus\u201c"},"content":{"rendered":"","protected":false},"excerpt":{"rendered":"<p>&nbsp;<\/p>\n<div id=\"description\" class=\"data item content\" role=\"tabpanel\" data-amtheme-js=\"description\" aria-labelledby=\"tab-label-description\" data-role=\"content\" aria-hidden=\"false\">\n<div class=\"am-custom-tab am-custom-tab-1\">\n<div class=\"tab-description\">\n<p>\u0160is rinkinys pad\u0117s su\u017einoti apie \u012fvairius or\u0173 rei\u0161kinius daugiau. Eksperimentuokite su statine elektra, sukelian\u010dia \u017eaibus, sukonstruokite stalin\u012f vandens ciklo model\u012f, steb\u0117kite, kaip oro srov\u0117s sukuria v\u0117j\u0105, tyrin\u0117kite \u0161iltnamio efekt\u0105 ir r\u016bg\u0161t\u0173 liet\u0173.<\/p>\n<p>Rinkinys skatins vaiko smalsum\u0105, meil\u0119 mokslui. Atlikdamas \u012fdomius eksperimentus, lavins d\u0117mesio koncentravim\u0105 ir kritin\u012f m\u0105stym\u0105.<\/p>\n<p>Nuo 8 met\u0173<\/p>\n<\/div>\n<\/div>\n<\/div>","protected":false},"featured_media":37443,"template":"","meta":{"_acf_changed":false,"iawp_total_views":37},"product_cat":[218,197,196,192,87,90,50,199],"product_tag":[98,99],"class_list":{"0":"post-37442","1":"product","2":"type-product","3":"status-publish","4":"has-post-thumbnail","6":"product_cat-darzeliu-grupems","7":"product_cat-dovanos-berniukams","8":"product_cat-dovanos-mergaitems","9":"product_cat-kaledines-dovanos-vaikams","10":"product_cat-kurybiniai-rinkiniai","11":"product_cat-pasaulio-pazinimas","12":"product_cat-top-dovanos","13":"product_cat-ugdymo-istaigoms","14":"product_tag-5-m-7-m","15":"product_tag-8-m-11-m","17":"first","18":"outofstock","19":"taxable","20":"shipping-taxable","21":"purchasable","22":"product-type-simple"},"acf":[],"yoast_head":"<!-- This site is optimized with the Yoast SEO plugin v23.3 - https:\/\/yoast.com\/wordpress\/plugins\/seo\/ -->\n<title>4M Green Science Mokslinis rinkinys ,,Mokslas apie orus\u201c - Montessori \u017eaislai<\/title>\n<meta name=\"robots\" content=\"index, follow, max-snippet:-1, max-image-preview:large, max-video-preview:-1\" \/>\n<link rel=\"canonical\" href=\"https:\/\/monti.lt\/en\/product\/4m-green-science-mokslinis-rinkinys-mokslas-apie-orus\/\" \/>\n<meta property=\"og:locale\" content=\"en_US\" \/>\n<meta property=\"og:type\" content=\"article\" \/>\n<meta property=\"og:title\" content=\"4M Green Science Mokslinis rinkinys ,,Mokslas apie orus\u201c - Montessori \u017eaislai\" \/>\n<meta property=\"og:description\" content=\"&nbsp;     \u0160is rinkinys pad\u0117s su\u017einoti apie \u012fvairius or\u0173 rei\u0161kinius daugiau. Eksperimentuokite su statine elektra, sukelian\u010dia \u017eaibus, sukonstruokite stalin\u012f vandens ciklo model\u012f, steb\u0117kite, kaip oro srov\u0117s sukuria v\u0117j\u0105, tyrin\u0117kite \u0161iltnamio efekt\u0105 ir r\u016bg\u0161t\u0173 liet\u0173.  Rinkinys skatins vaiko smalsum\u0105, meil\u0119 mokslui. Atlikdamas \u012fdomius eksperimentus, lavins d\u0117mesio koncentravim\u0105 ir kritin\u012f m\u0105stym\u0105.  Nuo 8 met\u0173\" \/>\n<meta property=\"og:url\" content=\"https:\/\/monti.lt\/en\/product\/4m-green-science-mokslinis-rinkinys-mokslas-apie-orus\/\" \/>\n<meta property=\"og:site_name\" content=\"Montessori \u017eaislai\" \/>\n<meta property=\"article:modified_time\" content=\"2025-12-09T12:16:25+00:00\" \/>\n<meta property=\"og:image\" content=\"https:\/\/monti.lt\/wp-content\/uploads\/2025\/12\/68474_v_0knovtmihquawm-min.jpg\" \/>\n\t<meta property=\"og:image:width\" content=\"1200\" \/>\n\t<meta property=\"og:image:height\" content=\"1200\" \/>\n\t<meta property=\"og:image:type\" content=\"image\/jpeg\" \/>\n<meta name=\"twitter:card\" content=\"summary_large_image\" \/>\n<script type=\"application\/ld+json\" class=\"yoast-schema-graph\">{\"@context\":\"https:\/\/schema.org\",\"@graph\":[{\"@type\":\"WebPage\",\"@id\":\"https:\/\/monti.lt\/product\/4m-green-science-mokslinis-rinkinys-mokslas-apie-orus\/\",\"url\":\"https:\/\/monti.lt\/product\/4m-green-science-mokslinis-rinkinys-mokslas-apie-orus\/\",\"name\":\"4M Green Science Mokslinis rinkinys ,,Mokslas apie orus\u201c - Montessori \u017eaislai\",\"isPartOf\":{\"@id\":\"https:\/\/monti.lt\/#website\"},\"primaryImageOfPage\":{\"@id\":\"https:\/\/monti.lt\/product\/4m-green-science-mokslinis-rinkinys-mokslas-apie-orus\/#primaryimage\"},\"image\":{\"@id\":\"https:\/\/monti.lt\/product\/4m-green-science-mokslinis-rinkinys-mokslas-apie-orus\/#primaryimage\"},\"thumbnailUrl\":\"https:\/\/monti.lt\/wp-content\/uploads\/2025\/12\/68474_v_0knovtmihquawm-min.jpg\",\"datePublished\":\"2025-12-02T09:35:06+00:00\",\"dateModified\":\"2025-12-09T12:16:25+00:00\",\"breadcrumb\":{\"@id\":\"https:\/\/monti.lt\/product\/4m-green-science-mokslinis-rinkinys-mokslas-apie-orus\/#breadcrumb\"},\"inLanguage\":\"en-US\",\"potentialAction\":[{\"@type\":\"ReadAction\",\"target\":[\"https:\/\/monti.lt\/product\/4m-green-science-mokslinis-rinkinys-mokslas-apie-orus\/\"]}]},{\"@type\":\"ImageObject\",\"inLanguage\":\"en-US\",\"@id\":\"https:\/\/monti.lt\/product\/4m-green-science-mokslinis-rinkinys-mokslas-apie-orus\/#primaryimage\",\"url\":\"https:\/\/monti.lt\/wp-content\/uploads\/2025\/12\/68474_v_0knovtmihquawm-min.jpg\",\"contentUrl\":\"https:\/\/monti.lt\/wp-content\/uploads\/2025\/12\/68474_v_0knovtmihquawm-min.jpg\",\"width\":1200,\"height\":1200},{\"@type\":\"BreadcrumbList\",\"@id\":\"https:\/\/monti.lt\/product\/4m-green-science-mokslinis-rinkinys-mokslas-apie-orus\/#breadcrumb\",\"itemListElement\":[{\"@type\":\"ListItem\",\"position\":1,\"name\":\"Home\",\"item\":\"https:\/\/monti.lt\/\"},{\"@type\":\"ListItem\",\"position\":2,\"name\":\"Parduotuv\u0117\",\"item\":\"https:\/\/monti.lt\/shop\/\"},{\"@type\":\"ListItem\",\"position\":3,\"name\":\"4M Green Science Mokslinis rinkinys ,,Mokslas apie orus\u201c\"}]},{\"@type\":\"WebSite\",\"@id\":\"https:\/\/monti.lt\/#website\",\"url\":\"https:\/\/monti.lt\/\",\"name\":\"Montessori \u017eaislai\",\"description\":\"\",\"publisher\":{\"@id\":\"https:\/\/monti.lt\/#organization\"},\"potentialAction\":[{\"@type\":\"SearchAction\",\"target\":{\"@type\":\"EntryPoint\",\"urlTemplate\":\"https:\/\/monti.lt\/?s={search_term_string}\"},\"query-input\":\"required name=search_term_string\"}],\"inLanguage\":\"en-US\"},{\"@type\":\"Organization\",\"@id\":\"https:\/\/monti.lt\/#organization\",\"name\":\"Montessori \u017eaislai\",\"url\":\"https:\/\/monti.lt\/\",\"logo\":{\"@type\":\"ImageObject\",\"inLanguage\":\"en-US\",\"@id\":\"https:\/\/monti.lt\/#\/schema\/logo\/image\/\",\"url\":\"https:\/\/monti.lt\/wp-content\/uploads\/2022\/03\/montilogo-1.png\",\"contentUrl\":\"https:\/\/monti.lt\/wp-content\/uploads\/2022\/03\/montilogo-1.png\",\"width\":512,\"height\":512,\"caption\":\"Montessori \u017eaislai\"},\"image\":{\"@id\":\"https:\/\/monti.lt\/#\/schema\/logo\/image\/\"}}]}<\/script>\n<!-- \/ Yoast SEO plugin. -->","yoast_head_json":{"title":"4M Green Science Mokslinis rinkinys ,,Mokslas apie orus\u201c - Montessori \u017eaislai","robots":{"index":"index","follow":"follow","max-snippet":"max-snippet:-1","max-image-preview":"max-image-preview:large","max-video-preview":"max-video-preview:-1"},"canonical":"https:\/\/monti.lt\/en\/product\/4m-green-science-mokslinis-rinkinys-mokslas-apie-orus\/","og_locale":"en_US","og_type":"article","og_title":"4M Green Science Mokslinis rinkinys ,,Mokslas apie orus\u201c - Montessori \u017eaislai","og_description":"&nbsp;     \u0160is rinkinys pad\u0117s su\u017einoti apie \u012fvairius or\u0173 rei\u0161kinius daugiau. Eksperimentuokite su statine elektra, sukelian\u010dia \u017eaibus, sukonstruokite stalin\u012f vandens ciklo model\u012f, steb\u0117kite, kaip oro srov\u0117s sukuria v\u0117j\u0105, tyrin\u0117kite \u0161iltnamio efekt\u0105 ir r\u016bg\u0161t\u0173 liet\u0173.  Rinkinys skatins vaiko smalsum\u0105, meil\u0119 mokslui. Atlikdamas \u012fdomius eksperimentus, lavins d\u0117mesio koncentravim\u0105 ir kritin\u012f m\u0105stym\u0105.  Nuo 8 met\u0173","og_url":"https:\/\/monti.lt\/en\/product\/4m-green-science-mokslinis-rinkinys-mokslas-apie-orus\/","og_site_name":"Montessori \u017eaislai","article_modified_time":"2025-12-09T12:16:25+00:00","og_image":[{"width":1200,"height":1200,"url":"https:\/\/monti.lt\/wp-content\/uploads\/2025\/12\/68474_v_0knovtmihquawm-min.jpg","type":"image\/jpeg"}],"twitter_card":"summary_large_image","schema":{"@context":"https:\/\/schema.org","@graph":[{"@type":"WebPage","@id":"https:\/\/monti.lt\/product\/4m-green-science-mokslinis-rinkinys-mokslas-apie-orus\/","url":"https:\/\/monti.lt\/product\/4m-green-science-mokslinis-rinkinys-mokslas-apie-orus\/","name":"4M Green Science Mokslinis rinkinys ,,Mokslas apie orus\u201c - Montessori \u017eaislai","isPartOf":{"@id":"https:\/\/monti.lt\/#website"},"primaryImageOfPage":{"@id":"https:\/\/monti.lt\/product\/4m-green-science-mokslinis-rinkinys-mokslas-apie-orus\/#primaryimage"},"image":{"@id":"https:\/\/monti.lt\/product\/4m-green-science-mokslinis-rinkinys-mokslas-apie-orus\/#primaryimage"},"thumbnailUrl":"https:\/\/monti.lt\/wp-content\/uploads\/2025\/12\/68474_v_0knovtmihquawm-min.jpg","datePublished":"2025-12-02T09:35:06+00:00","dateModified":"2025-12-09T12:16:25+00:00","breadcrumb":{"@id":"https:\/\/monti.lt\/product\/4m-green-science-mokslinis-rinkinys-mokslas-apie-orus\/#breadcrumb"},"inLanguage":"en-US","potentialAction":[{"@type":"ReadAction","target":["https:\/\/monti.lt\/product\/4m-green-science-mokslinis-rinkinys-mokslas-apie-orus\/"]}]},{"@type":"ImageObject","inLanguage":"en-US","@id":"https:\/\/monti.lt\/product\/4m-green-science-mokslinis-rinkinys-mokslas-apie-orus\/#primaryimage","url":"https:\/\/monti.lt\/wp-content\/uploads\/2025\/12\/68474_v_0knovtmihquawm-min.jpg","contentUrl":"https:\/\/monti.lt\/wp-content\/uploads\/2025\/12\/68474_v_0knovtmihquawm-min.jpg","width":1200,"height":1200},{"@type":"BreadcrumbList","@id":"https:\/\/monti.lt\/product\/4m-green-science-mokslinis-rinkinys-mokslas-apie-orus\/#breadcrumb","itemListElement":[{"@type":"ListItem","position":1,"name":"Home","item":"https:\/\/monti.lt\/"},{"@type":"ListItem","position":2,"name":"Parduotuv\u0117","item":"https:\/\/monti.lt\/shop\/"},{"@type":"ListItem","position":3,"name":"4M Green Science Mokslinis rinkinys ,,Mokslas apie orus\u201c"}]},{"@type":"WebSite","@id":"https:\/\/monti.lt\/#website","url":"https:\/\/monti.lt\/","name":"Montessori \u017eaislai","description":"","publisher":{"@id":"https:\/\/monti.lt\/#organization"},"potentialAction":[{"@type":"SearchAction","target":{"@type":"EntryPoint","urlTemplate":"https:\/\/monti.lt\/?s={search_term_string}"},"query-input":"required name=search_term_string"}],"inLanguage":"en-US"},{"@type":"Organization","@id":"https:\/\/monti.lt\/#organization","name":"Montessori \u017eaislai","url":"https:\/\/monti.lt\/","logo":{"@type":"ImageObject","inLanguage":"en-US","@id":"https:\/\/monti.lt\/#\/schema\/logo\/image\/","url":"https:\/\/monti.lt\/wp-content\/uploads\/2022\/03\/montilogo-1.png","contentUrl":"https:\/\/monti.lt\/wp-content\/uploads\/2022\/03\/montilogo-1.png","width":512,"height":512,"caption":"Montessori \u017eaislai"},"image":{"@id":"https:\/\/monti.lt\/#\/schema\/logo\/image\/"}}]}},"_links":{"self":[{"href":"https:\/\/monti.lt\/en\/wp-json\/wp\/v2\/product\/37442"}],"collection":[{"href":"https:\/\/monti.lt\/en\/wp-json\/wp\/v2\/product"}],"about":[{"href":"https:\/\/monti.lt\/en\/wp-json\/wp\/v2\/types\/product"}],"version-history":[{"count":2,"href":"https:\/\/monti.lt\/en\/wp-json\/wp\/v2\/product\/37442\/revisions"}],"predecessor-version":[{"id":37445,"href":"https:\/\/monti.lt\/en\/wp-json\/wp\/v2\/product\/37442\/revisions\/37445"}],"wp:featuredmedia":[{"embeddable":true,"href":"https:\/\/monti.lt\/en\/wp-json\/wp\/v2\/media\/37443"}],"wp:attachment":[{"href":"https:\/\/monti.lt\/en\/wp-json\/wp\/v2\/media?parent=37442"}],"wp:term":[{"taxonomy":"product_cat","embeddable":true,"href":"https:\/\/monti.lt\/en\/wp-json\/wp\/v2\/product_cat?post=37442"},{"taxonomy":"product_tag","embeddable":true,"href":"https:\/\/monti.lt\/en\/wp-json\/wp\/v2\/product_tag?post=37442"}],"curies":[{"name":"wp","href":"https:\/\/api.w.org\/{rel}","templated":true}]}}