{"id":37446,"date":"2025-12-02T09:37:33","date_gmt":"2025-12-02T09:37:33","guid":{"rendered":"https:\/\/monti.lt\/?post_type=product&#038;p=37446"},"modified":"2025-12-09T14:13:06","modified_gmt":"2025-12-09T14:13:06","slug":"mokslinis-rinkinys-super-mokslininkas-100-eksperimentu","status":"publish","type":"product","link":"https:\/\/monti.lt\/en\/product\/mokslinis-rinkinys-super-mokslininkas-100-eksperimentu\/","title":{"rendered":"Mokslinis rinkinys \u201eSuper mokslininkas\u201c (100 eksperiment\u0173)"},"content":{"rendered":"","protected":false},"excerpt":{"rendered":"<div id=\"description\" class=\"data item content\" role=\"tabpanel\" data-amtheme-js=\"description\" aria-labelledby=\"tab-label-description\" data-role=\"content\" aria-hidden=\"false\">\n<div class=\"am-custom-tab am-custom-tab-1\">\n<div class=\"tab-description\">\n<p>Pasiruo\u0161kite tapti super mokslininku! Su \u0161iuo ne\u012ftik\u0117tinu rinkiniu atrasite, koks jaudinantis ir kupinas netik\u0117tum\u0173 gali b\u016bti mokslas.\u00a0<span class=\"citation-1044 citation-end-1044\">Net 100 stulbinan\u010di\u0173 eksperiment\u0173 laukia j\u016bs\u0173!<\/span><\/p>\n<p>\u0160is rinkinys sukoncentruotas \u012f pa\u010dius smagiausius ir vizualiai \u012fsp\u016bdingiausius eksperimentus, kurie su\u017eav\u0117s kiekvien\u0105 vaik\u0105.\u00a0<span class=\"citation-1043 citation-end-1043\">Paleiskite pa\u010di\u0173 sukonstruot\u0105 raket\u0105, pagaminkite spalvotus, tamprius gleiv\u016bnus ar sukelkite saug\u0173 ugnikalnio i\u0161siver\u017eim\u0105.\u00a0<\/span><span class=\"citation-1042 citation-end-1042\">Kartu su rinkiniu gausite i\u0161sami\u0105 edukacin\u0119 knyg\u0105, kuri pad\u0117s atlikti visus bandymus ir paprastai paai\u0161kins sud\u0117tingus mokslinius principus.<\/span><\/p>\n<ul>\n<li><strong><span class=\"citation-1041\">100 \u012fsp\u016bding\u0173 bandym\u0173:<\/span><\/strong><span class=\"citation-1041 citation-end-1041\">\u00a0nuo spalvot\u0173 gleiv\u016bn\u0173 gamybos iki raketos paleidimo \u2013 \u0161is rinkinys pripildytas veiksmo ir atradim\u0173.<\/span><\/li>\n<li><strong>Mokslas per veiksm\u0105:<\/strong>\u00a0ma\u017eiau teorijos, daugiau praktikos!\u00a0<span class=\"citation-1040 citation-end-1040\">\u0160is rinkinys sukoncentruotas \u012f pa\u010dius smagiausius ir vizualiai efektingiausius eksperimentus.<\/span><\/li>\n<li><strong><span class=\"citation-1039\">Suprantami paai\u0161kinimai:<\/span><\/strong><span class=\"citation-1039 citation-end-1039\">\u00a0pridedama i\u0161sami edukacin\u0117 knyga padeda ne tik atlikti bandymus, bet ir suprasti juose slypin\u010dius mokslinius principus.<\/span><\/li>\n<li><strong><span class=\"citation-1038\">Viskas, ko reikia prad\u017eiai:<\/span><\/strong><span class=\"citation-1038 citation-end-1038\">\u00a0rinkinyje rasite daugyb\u0119 priemoni\u0173, leid\u017eian\u010di\u0173 pasijusti tikru mokslininku ir nedelsiant prad\u0117ti tyrin\u0117jimus.<\/span><\/li>\n<\/ul>\n<h4><strong>K\u0105 vaikai i\u0161moksta?<\/strong><\/h4>\n<ul>\n<li><strong>Praktinis problem\u0173 sprendimas:<\/strong>\u00a0vaikas mokosi sekti proces\u0105, kad pasiekt\u0173 norim\u0105 rezultat\u0105.<\/li>\n<li><strong>K\u016brybi\u0161kumas ir eksperimentavimas:<\/strong>\u00a0praktiniai bandymai skatina nor\u0105 bandyti, keisti ir atrasti.<\/li>\n<li><strong>Mokslinio smalsumo ugdymas:<\/strong>\u00a0\u012fsp\u016bdingi vizualiniai rezultatai su\u017eadina nat\u016bral\u0173 vaiko smalsum\u0105.<\/li>\n<li><strong>D\u0117mesys ir instrukcij\u0173 laikymasis:<\/strong>\u00a0s\u0117kmingam eksperimento atlikimui b\u016btina atid\u017eiai sekti instrukcijas.<\/li>\n<\/ul>\n<h4><strong>Kam \u0161is \u017eaislas ypa\u010d tinka?<\/strong><\/h4>\n<ul>\n<li>Kaip pirmoji rimtesn\u0117 pa\u017eintis su moksliniais eksperimentais.<\/li>\n<li>Vaikams, kuriuos labiausiai \u017eavi veiksmas ir greiti, akivaizd\u016bs rezultatai.<\/li>\n<li>Puiki dovana smalsiems vaikams, skatinanti atsitraukti nuo ekran\u0173.<\/li>\n<\/ul>\n<h4><strong>Saugumas ir prie\u017ei\u016bra<\/strong><\/h4>\n<ul>\n<li><strong>Saugumas:<\/strong>\u00a0Visi eksperimentai yra saug\u016bs atlikti namuose, ta\u010diau rekomenduojama suaugusi\u0173j\u0173 prie\u017ei\u016bra.<\/li>\n<li><strong>Prie\u017ei\u016bra:<\/strong> Po eksperiment\u0173 i\u0161plaukite ir i\u0161valykite daugkartinio naudojimo priemones.Nuo 8 m.<\/li>\n<\/ul>\n<\/div>\n<\/div>\n<\/div>","protected":false},"featured_media":37449,"template":"","meta":{"_acf_changed":false,"iawp_total_views":49},"product_cat":[218,87,84,90,50],"product_tag":[98,99],"class_list":{"0":"post-37446","1":"product","2":"type-product","3":"status-publish","4":"has-post-thumbnail","6":"product_cat-darzeliu-grupems","7":"product_cat-kurybiniai-rinkiniai","8":"product_cat-lavinamieji-zaislai","9":"product_cat-pasaulio-pazinimas","10":"product_cat-top-dovanos","11":"product_tag-5-m-7-m","12":"product_tag-8-m-11-m","14":"first","15":"outofstock","16":"taxable","17":"shipping-taxable","18":"purchasable","19":"product-type-simple"},"acf":[],"yoast_head":"<!-- This site is optimized with the Yoast SEO plugin v23.3 - https:\/\/yoast.com\/wordpress\/plugins\/seo\/ -->\n<title>Mokslinis rinkinys \u201eSuper mokslininkas\u201c (100 eksperiment\u0173) - Montessori \u017eaislai<\/title>\n<meta name=\"robots\" content=\"index, follow, max-snippet:-1, max-image-preview:large, max-video-preview:-1\" \/>\n<link rel=\"canonical\" href=\"https:\/\/monti.lt\/en\/product\/mokslinis-rinkinys-super-mokslininkas-100-eksperimentu\/\" \/>\n<meta property=\"og:locale\" content=\"en_US\" \/>\n<meta property=\"og:type\" content=\"article\" \/>\n<meta property=\"og:title\" content=\"Mokslinis rinkinys \u201eSuper mokslininkas\u201c (100 eksperiment\u0173) - Montessori \u017eaislai\" \/>\n<meta property=\"og:description\" content=\"Pasiruo\u0161kite tapti super mokslininku! Su \u0161iuo ne\u012ftik\u0117tinu rinkiniu atrasite, koks jaudinantis ir kupinas netik\u0117tum\u0173 gali b\u016bti mokslas.\u00a0Net 100 stulbinan\u010di\u0173 eksperiment\u0173 laukia j\u016bs\u0173!  \u0160is rinkinys sukoncentruotas \u012f pa\u010dius smagiausius ir vizualiai \u012fsp\u016bdingiausius eksperimentus, kurie su\u017eav\u0117s kiekvien\u0105 vaik\u0105.\u00a0Paleiskite pa\u010di\u0173 sukonstruot\u0105 raket\u0105, pagaminkite spalvotus, tamprius gleiv\u016bnus ar sukelkite saug\u0173 ugnikalnio i\u0161siver\u017eim\u0105.\u00a0Kartu su rinkiniu gausite i\u0161sami\u0105 edukacin\u0119 knyg\u0105, kuri pad\u0117s atlikti visus bandymus ir paprastai paai\u0161kins sud\u0117tingus mokslinius principus.   100 \u012fsp\u016bding\u0173 bandym\u0173:\u00a0nuo spalvot\u0173 gleiv\u016bn\u0173 gamybos iki raketos paleidimo \u2013 \u0161is rinkinys pripildytas veiksmo ir atradim\u0173.  Mokslas per veiksm\u0105:\u00a0ma\u017eiau teorijos, daugiau praktikos!\u00a0\u0160is rinkinys sukoncentruotas \u012f pa\u010dius smagiausius ir vizualiai efektingiausius eksperimentus.  Suprantami paai\u0161kinimai:\u00a0pridedama i\u0161sami edukacin\u0117 knyga padeda ne tik atlikti bandymus, bet ir suprasti juose slypin\u010dius mokslinius principus.  Viskas, ko reikia prad\u017eiai:\u00a0rinkinyje rasite daugyb\u0119 priemoni\u0173, leid\u017eian\u010di\u0173 pasijusti tikru mokslininku ir nedelsiant prad\u0117ti tyrin\u0117jimus.  K\u0105 vaikai i\u0161moksta?   Praktinis problem\u0173 sprendimas:\u00a0vaikas mokosi sekti proces\u0105, kad pasiekt\u0173 norim\u0105 rezultat\u0105.  K\u016brybi\u0161kumas ir eksperimentavimas:\u00a0praktiniai bandymai skatina nor\u0105 bandyti, keisti ir atrasti.  Mokslinio smalsumo ugdymas:\u00a0\u012fsp\u016bdingi vizualiniai rezultatai su\u017eadina nat\u016bral\u0173 vaiko smalsum\u0105.  D\u0117mesys ir instrukcij\u0173 laikymasis:\u00a0s\u0117kmingam eksperimento atlikimui b\u016btina atid\u017eiai sekti instrukcijas.  Kam \u0161is \u017eaislas ypa\u010d tinka?   Kaip pirmoji rimtesn\u0117 pa\u017eintis su moksliniais eksperimentais.  Vaikams, kuriuos labiausiai \u017eavi veiksmas ir greiti, akivaizd\u016bs rezultatai.  Puiki dovana smalsiems vaikams, skatinanti atsitraukti nuo ekran\u0173.  Saugumas ir prie\u017ei\u016bra   Saugumas:\u00a0Visi eksperimentai yra saug\u016bs atlikti namuose, ta\u010diau rekomenduojama suaugusi\u0173j\u0173 prie\u017ei\u016bra.  Prie\u017ei\u016bra: Po eksperiment\u0173 i\u0161plaukite ir i\u0161valykite daugkartinio naudojimo priemones.Nuo 8 m.\" \/>\n<meta property=\"og:url\" content=\"https:\/\/monti.lt\/en\/product\/mokslinis-rinkinys-super-mokslininkas-100-eksperimentu\/\" \/>\n<meta property=\"og:site_name\" content=\"Montessori \u017eaislai\" \/>\n<meta property=\"article:modified_time\" content=\"2025-12-09T14:13:06+00:00\" \/>\n<meta property=\"og:image\" content=\"https:\/\/monti.lt\/wp-content\/uploads\/2025\/12\/3842-3420-max_1_.jpg\" \/>\n\t<meta property=\"og:image:width\" content=\"1348\" \/>\n\t<meta property=\"og:image:height\" content=\"1200\" \/>\n\t<meta property=\"og:image:type\" content=\"image\/jpeg\" \/>\n<meta name=\"twitter:card\" content=\"summary_large_image\" \/>\n<meta name=\"twitter:label1\" content=\"Est. reading time\" \/>\n\t<meta name=\"twitter:data1\" content=\"1 minute\" \/>\n<script type=\"application\/ld+json\" class=\"yoast-schema-graph\">{\"@context\":\"https:\/\/schema.org\",\"@graph\":[{\"@type\":\"WebPage\",\"@id\":\"https:\/\/monti.lt\/product\/mokslinis-rinkinys-super-mokslininkas-100-eksperimentu\/\",\"url\":\"https:\/\/monti.lt\/product\/mokslinis-rinkinys-super-mokslininkas-100-eksperimentu\/\",\"name\":\"Mokslinis rinkinys \u201eSuper mokslininkas\u201c (100 eksperiment\u0173) - Montessori \u017eaislai\",\"isPartOf\":{\"@id\":\"https:\/\/monti.lt\/#website\"},\"primaryImageOfPage\":{\"@id\":\"https:\/\/monti.lt\/product\/mokslinis-rinkinys-super-mokslininkas-100-eksperimentu\/#primaryimage\"},\"image\":{\"@id\":\"https:\/\/monti.lt\/product\/mokslinis-rinkinys-super-mokslininkas-100-eksperimentu\/#primaryimage\"},\"thumbnailUrl\":\"https:\/\/monti.lt\/wp-content\/uploads\/2025\/12\/3842-3420-max_1_.jpg\",\"datePublished\":\"2025-12-02T09:37:33+00:00\",\"dateModified\":\"2025-12-09T14:13:06+00:00\",\"breadcrumb\":{\"@id\":\"https:\/\/monti.lt\/product\/mokslinis-rinkinys-super-mokslininkas-100-eksperimentu\/#breadcrumb\"},\"inLanguage\":\"en-US\",\"potentialAction\":[{\"@type\":\"ReadAction\",\"target\":[\"https:\/\/monti.lt\/product\/mokslinis-rinkinys-super-mokslininkas-100-eksperimentu\/\"]}]},{\"@type\":\"ImageObject\",\"inLanguage\":\"en-US\",\"@id\":\"https:\/\/monti.lt\/product\/mokslinis-rinkinys-super-mokslininkas-100-eksperimentu\/#primaryimage\",\"url\":\"https:\/\/monti.lt\/wp-content\/uploads\/2025\/12\/3842-3420-max_1_.jpg\",\"contentUrl\":\"https:\/\/monti.lt\/wp-content\/uploads\/2025\/12\/3842-3420-max_1_.jpg\",\"width\":1348,\"height\":1200},{\"@type\":\"BreadcrumbList\",\"@id\":\"https:\/\/monti.lt\/product\/mokslinis-rinkinys-super-mokslininkas-100-eksperimentu\/#breadcrumb\",\"itemListElement\":[{\"@type\":\"ListItem\",\"position\":1,\"name\":\"Home\",\"item\":\"https:\/\/monti.lt\/\"},{\"@type\":\"ListItem\",\"position\":2,\"name\":\"Parduotuv\u0117\",\"item\":\"https:\/\/monti.lt\/shop\/\"},{\"@type\":\"ListItem\",\"position\":3,\"name\":\"Mokslinis rinkinys \u201eSuper mokslininkas\u201c (100 eksperiment\u0173)\"}]},{\"@type\":\"WebSite\",\"@id\":\"https:\/\/monti.lt\/#website\",\"url\":\"https:\/\/monti.lt\/\",\"name\":\"Montessori \u017eaislai\",\"description\":\"\",\"publisher\":{\"@id\":\"https:\/\/monti.lt\/#organization\"},\"potentialAction\":[{\"@type\":\"SearchAction\",\"target\":{\"@type\":\"EntryPoint\",\"urlTemplate\":\"https:\/\/monti.lt\/?s={search_term_string}\"},\"query-input\":\"required name=search_term_string\"}],\"inLanguage\":\"en-US\"},{\"@type\":\"Organization\",\"@id\":\"https:\/\/monti.lt\/#organization\",\"name\":\"Montessori \u017eaislai\",\"url\":\"https:\/\/monti.lt\/\",\"logo\":{\"@type\":\"ImageObject\",\"inLanguage\":\"en-US\",\"@id\":\"https:\/\/monti.lt\/#\/schema\/logo\/image\/\",\"url\":\"https:\/\/monti.lt\/wp-content\/uploads\/2022\/03\/montilogo-1.png\",\"contentUrl\":\"https:\/\/monti.lt\/wp-content\/uploads\/2022\/03\/montilogo-1.png\",\"width\":512,\"height\":512,\"caption\":\"Montessori \u017eaislai\"},\"image\":{\"@id\":\"https:\/\/monti.lt\/#\/schema\/logo\/image\/\"}}]}<\/script>\n<!-- \/ Yoast SEO plugin. -->","yoast_head_json":{"title":"Mokslinis rinkinys \u201eSuper mokslininkas\u201c (100 eksperiment\u0173) - Montessori \u017eaislai","robots":{"index":"index","follow":"follow","max-snippet":"max-snippet:-1","max-image-preview":"max-image-preview:large","max-video-preview":"max-video-preview:-1"},"canonical":"https:\/\/monti.lt\/en\/product\/mokslinis-rinkinys-super-mokslininkas-100-eksperimentu\/","og_locale":"en_US","og_type":"article","og_title":"Mokslinis rinkinys \u201eSuper mokslininkas\u201c (100 eksperiment\u0173) - Montessori \u017eaislai","og_description":"Pasiruo\u0161kite tapti super mokslininku! Su \u0161iuo ne\u012ftik\u0117tinu rinkiniu atrasite, koks jaudinantis ir kupinas netik\u0117tum\u0173 gali b\u016bti mokslas.\u00a0Net 100 stulbinan\u010di\u0173 eksperiment\u0173 laukia j\u016bs\u0173!  \u0160is rinkinys sukoncentruotas \u012f pa\u010dius smagiausius ir vizualiai \u012fsp\u016bdingiausius eksperimentus, kurie su\u017eav\u0117s kiekvien\u0105 vaik\u0105.\u00a0Paleiskite pa\u010di\u0173 sukonstruot\u0105 raket\u0105, pagaminkite spalvotus, tamprius gleiv\u016bnus ar sukelkite saug\u0173 ugnikalnio i\u0161siver\u017eim\u0105.\u00a0Kartu su rinkiniu gausite i\u0161sami\u0105 edukacin\u0119 knyg\u0105, kuri pad\u0117s atlikti visus bandymus ir paprastai paai\u0161kins sud\u0117tingus mokslinius principus.   100 \u012fsp\u016bding\u0173 bandym\u0173:\u00a0nuo spalvot\u0173 gleiv\u016bn\u0173 gamybos iki raketos paleidimo \u2013 \u0161is rinkinys pripildytas veiksmo ir atradim\u0173.  Mokslas per veiksm\u0105:\u00a0ma\u017eiau teorijos, daugiau praktikos!\u00a0\u0160is rinkinys sukoncentruotas \u012f pa\u010dius smagiausius ir vizualiai efektingiausius eksperimentus.  Suprantami paai\u0161kinimai:\u00a0pridedama i\u0161sami edukacin\u0117 knyga padeda ne tik atlikti bandymus, bet ir suprasti juose slypin\u010dius mokslinius principus.  Viskas, ko reikia prad\u017eiai:\u00a0rinkinyje rasite daugyb\u0119 priemoni\u0173, leid\u017eian\u010di\u0173 pasijusti tikru mokslininku ir nedelsiant prad\u0117ti tyrin\u0117jimus.  K\u0105 vaikai i\u0161moksta?   Praktinis problem\u0173 sprendimas:\u00a0vaikas mokosi sekti proces\u0105, kad pasiekt\u0173 norim\u0105 rezultat\u0105.  K\u016brybi\u0161kumas ir eksperimentavimas:\u00a0praktiniai bandymai skatina nor\u0105 bandyti, keisti ir atrasti.  Mokslinio smalsumo ugdymas:\u00a0\u012fsp\u016bdingi vizualiniai rezultatai su\u017eadina nat\u016bral\u0173 vaiko smalsum\u0105.  D\u0117mesys ir instrukcij\u0173 laikymasis:\u00a0s\u0117kmingam eksperimento atlikimui b\u016btina atid\u017eiai sekti instrukcijas.  Kam \u0161is \u017eaislas ypa\u010d tinka?   Kaip pirmoji rimtesn\u0117 pa\u017eintis su moksliniais eksperimentais.  Vaikams, kuriuos labiausiai \u017eavi veiksmas ir greiti, akivaizd\u016bs rezultatai.  Puiki dovana smalsiems vaikams, skatinanti atsitraukti nuo ekran\u0173.  Saugumas ir prie\u017ei\u016bra   Saugumas:\u00a0Visi eksperimentai yra saug\u016bs atlikti namuose, ta\u010diau rekomenduojama suaugusi\u0173j\u0173 prie\u017ei\u016bra.  Prie\u017ei\u016bra: Po eksperiment\u0173 i\u0161plaukite ir i\u0161valykite daugkartinio naudojimo priemones.Nuo 8 m.","og_url":"https:\/\/monti.lt\/en\/product\/mokslinis-rinkinys-super-mokslininkas-100-eksperimentu\/","og_site_name":"Montessori \u017eaislai","article_modified_time":"2025-12-09T14:13:06+00:00","og_image":[{"width":1348,"height":1200,"url":"https:\/\/monti.lt\/wp-content\/uploads\/2025\/12\/3842-3420-max_1_.jpg","type":"image\/jpeg"}],"twitter_card":"summary_large_image","twitter_misc":{"Est. reading time":"1 minute"},"schema":{"@context":"https:\/\/schema.org","@graph":[{"@type":"WebPage","@id":"https:\/\/monti.lt\/product\/mokslinis-rinkinys-super-mokslininkas-100-eksperimentu\/","url":"https:\/\/monti.lt\/product\/mokslinis-rinkinys-super-mokslininkas-100-eksperimentu\/","name":"Mokslinis rinkinys \u201eSuper mokslininkas\u201c (100 eksperiment\u0173) - Montessori \u017eaislai","isPartOf":{"@id":"https:\/\/monti.lt\/#website"},"primaryImageOfPage":{"@id":"https:\/\/monti.lt\/product\/mokslinis-rinkinys-super-mokslininkas-100-eksperimentu\/#primaryimage"},"image":{"@id":"https:\/\/monti.lt\/product\/mokslinis-rinkinys-super-mokslininkas-100-eksperimentu\/#primaryimage"},"thumbnailUrl":"https:\/\/monti.lt\/wp-content\/uploads\/2025\/12\/3842-3420-max_1_.jpg","datePublished":"2025-12-02T09:37:33+00:00","dateModified":"2025-12-09T14:13:06+00:00","breadcrumb":{"@id":"https:\/\/monti.lt\/product\/mokslinis-rinkinys-super-mokslininkas-100-eksperimentu\/#breadcrumb"},"inLanguage":"en-US","potentialAction":[{"@type":"ReadAction","target":["https:\/\/monti.lt\/product\/mokslinis-rinkinys-super-mokslininkas-100-eksperimentu\/"]}]},{"@type":"ImageObject","inLanguage":"en-US","@id":"https:\/\/monti.lt\/product\/mokslinis-rinkinys-super-mokslininkas-100-eksperimentu\/#primaryimage","url":"https:\/\/monti.lt\/wp-content\/uploads\/2025\/12\/3842-3420-max_1_.jpg","contentUrl":"https:\/\/monti.lt\/wp-content\/uploads\/2025\/12\/3842-3420-max_1_.jpg","width":1348,"height":1200},{"@type":"BreadcrumbList","@id":"https:\/\/monti.lt\/product\/mokslinis-rinkinys-super-mokslininkas-100-eksperimentu\/#breadcrumb","itemListElement":[{"@type":"ListItem","position":1,"name":"Home","item":"https:\/\/monti.lt\/"},{"@type":"ListItem","position":2,"name":"Parduotuv\u0117","item":"https:\/\/monti.lt\/shop\/"},{"@type":"ListItem","position":3,"name":"Mokslinis rinkinys \u201eSuper mokslininkas\u201c (100 eksperiment\u0173)"}]},{"@type":"WebSite","@id":"https:\/\/monti.lt\/#website","url":"https:\/\/monti.lt\/","name":"Montessori \u017eaislai","description":"","publisher":{"@id":"https:\/\/monti.lt\/#organization"},"potentialAction":[{"@type":"SearchAction","target":{"@type":"EntryPoint","urlTemplate":"https:\/\/monti.lt\/?s={search_term_string}"},"query-input":"required name=search_term_string"}],"inLanguage":"en-US"},{"@type":"Organization","@id":"https:\/\/monti.lt\/#organization","name":"Montessori \u017eaislai","url":"https:\/\/monti.lt\/","logo":{"@type":"ImageObject","inLanguage":"en-US","@id":"https:\/\/monti.lt\/#\/schema\/logo\/image\/","url":"https:\/\/monti.lt\/wp-content\/uploads\/2022\/03\/montilogo-1.png","contentUrl":"https:\/\/monti.lt\/wp-content\/uploads\/2022\/03\/montilogo-1.png","width":512,"height":512,"caption":"Montessori \u017eaislai"},"image":{"@id":"https:\/\/monti.lt\/#\/schema\/logo\/image\/"}}]}},"_links":{"self":[{"href":"https:\/\/monti.lt\/en\/wp-json\/wp\/v2\/product\/37446"}],"collection":[{"href":"https:\/\/monti.lt\/en\/wp-json\/wp\/v2\/product"}],"about":[{"href":"https:\/\/monti.lt\/en\/wp-json\/wp\/v2\/types\/product"}],"version-history":[{"count":2,"href":"https:\/\/monti.lt\/en\/wp-json\/wp\/v2\/product\/37446\/revisions"}],"predecessor-version":[{"id":37448,"href":"https:\/\/monti.lt\/en\/wp-json\/wp\/v2\/product\/37446\/revisions\/37448"}],"wp:featuredmedia":[{"embeddable":true,"href":"https:\/\/monti.lt\/en\/wp-json\/wp\/v2\/media\/37449"}],"wp:attachment":[{"href":"https:\/\/monti.lt\/en\/wp-json\/wp\/v2\/media?parent=37446"}],"wp:term":[{"taxonomy":"product_cat","embeddable":true,"href":"https:\/\/monti.lt\/en\/wp-json\/wp\/v2\/product_cat?post=37446"},{"taxonomy":"product_tag","embeddable":true,"href":"https:\/\/monti.lt\/en\/wp-json\/wp\/v2\/product_tag?post=37446"}],"curies":[{"name":"wp","href":"https:\/\/api.w.org\/{rel}","templated":true}]}}