{"id":37581,"date":"2025-12-04T08:05:09","date_gmt":"2025-12-04T08:05:09","guid":{"rendered":"https:\/\/monti.lt\/?post_type=product&#038;p=37581"},"modified":"2026-03-23T20:25:25","modified_gmt":"2026-03-23T20:25:25","slug":"woopie-edukacine-spirale","status":"publish","type":"product","link":"https:\/\/monti.lt\/en\/product\/woopie-edukacine-spirale\/","title":{"rendered":"Woopie edukacin\u0117 spiral\u0117"},"content":{"rendered":"<p>Spalvingas spiral\u0117s formos bok\u0161tas i\u0161 WOOPIE prek\u0117s \u017eenklo.<\/p>\n\n\n\n<p>\u2714 Bok\u0161t\u0105 galima surinkti 3 b\u016bdais.<\/p>\n\n\n\n<p>\u2714 Mokomasis sensorinis \u017eaislas vaikams nuo 10 m\u0117nesi\u0173.<\/p>\n\n\n\n<p>\u2714 Padeda ugdyti motorinius \u012fg\u016bd\u017eius, moko spalv\u0173 ir form\u0173.<\/p>\n\n\n\n<p>\u2714 Puiki dovana!<\/p>\n\n\n\n<p>Charakteristika:<\/p>\n\n\n\n<p>\u2705 Bok\u0161to auk\u0161tis: 34 cm<\/p>\n\n\n\n<p>\u2705 Vaiko am\u017eius: nuo 10 m\u0117nesi\u0173<\/p>\n\n\n\n<p>\u2705 7 spalvotos rit\u0117s + pagrindas su strypu<\/p>\n\n\n\n<p>\u2705 Rit\u0117s ir pagrindas pagaminti i\u0161 auk\u0161tos kokyb\u0117s plastiko be BPA<\/p>\n\n\n\n<p>Daugiafunkcinis edukacinis \u017eaislas ma\u017eiausiems \u2013 tai moderni, saugi ir k\u016brybi\u0161ka \u017eaidimo forma.<\/p>","protected":false},"excerpt":{"rendered":"<p>Spalvingas spiral\u0117s formos bok\u0161tas i\u0161 WOOPIE prek\u0117s \u017eenklo. \u2714 Bok\u0161t\u0105 galima surinkti 3 b\u016bdais. \u2714 Mokomasis sensorinis \u017eaislas vaikams nuo 10 m\u0117nesi\u0173. \u2714 Padeda ugdyti motorinius \u012fg\u016bd\u017eius, moko spalv\u0173 ir form\u0173. \u2714 Puiki dovana! Charakteristika: \u2705 Bok\u0161to auk\u0161tis: 34 cm \u2705 Vaiko am\u017eius: nuo 10 m\u0117nesi\u0173 \u2705 7 spalvotos rit\u0117s + pagrindas su strypu \u2705 [&hellip;]<\/p>","protected":false},"featured_media":37582,"template":"","meta":{"_acf_changed":false,"iawp_total_views":230},"product_cat":[193,191,84,91,49,39],"product_tag":[95,96,97],"class_list":{"0":"post-37581","1":"product","2":"type-product","3":"status-publish","4":"has-post-thumbnail","6":"product_cat-dovanos-vaikams-1-2-metu","7":"product_cat-dovanos-vaikams","8":"product_cat-lavinamieji-zaislai","9":"product_cat-loginiam-mastymui","10":"product_cat-visi-zaislai","11":"product_cat-zaislai","12":"product_tag-1-m-2-m","13":"product_tag-2-m-3-m","14":"product_tag-3-m-4-m","16":"first","17":"instock","18":"taxable","19":"shipping-taxable","20":"purchasable","21":"product-type-simple"},"acf":[],"yoast_head":"<!-- This site is optimized with the Yoast SEO plugin v23.3 - https:\/\/yoast.com\/wordpress\/plugins\/seo\/ -->\n<title>Woopie edukacin\u0117 spiral\u0117 - Montessori \u017eaislai<\/title>\n<meta name=\"robots\" content=\"index, follow, max-snippet:-1, max-image-preview:large, max-video-preview:-1\" \/>\n<link rel=\"canonical\" href=\"https:\/\/monti.lt\/en\/product\/woopie-edukacine-spirale\/\" \/>\n<meta property=\"og:locale\" content=\"en_US\" \/>\n<meta property=\"og:type\" content=\"article\" \/>\n<meta property=\"og:title\" content=\"Woopie edukacin\u0117 spiral\u0117 - Montessori \u017eaislai\" \/>\n<meta property=\"og:description\" content=\"Spalvingas spiral\u0117s formos bok\u0161tas i\u0161 WOOPIE prek\u0117s \u017eenklo. \u2714 Bok\u0161t\u0105 galima surinkti 3 b\u016bdais. \u2714 Mokomasis sensorinis \u017eaislas vaikams nuo 10 m\u0117nesi\u0173. \u2714 Padeda ugdyti motorinius \u012fg\u016bd\u017eius, moko spalv\u0173 ir form\u0173. \u2714 Puiki dovana! Charakteristika: \u2705 Bok\u0161to auk\u0161tis: 34 cm \u2705 Vaiko am\u017eius: nuo 10 m\u0117nesi\u0173 \u2705 7 spalvotos rit\u0117s + pagrindas su strypu \u2705 [&hellip;]\" \/>\n<meta property=\"og:url\" content=\"https:\/\/monti.lt\/en\/product\/woopie-edukacine-spirale\/\" \/>\n<meta property=\"og:site_name\" content=\"Montessori \u017eaislai\" \/>\n<meta property=\"article:modified_time\" content=\"2026-03-23T20:25:25+00:00\" \/>\n<meta property=\"og:image\" content=\"https:\/\/monti.lt\/wp-content\/uploads\/2025\/12\/woopie-baby-kolorowa-wieza-ukladanka-piramidka-edukacyjna-18m-3.jpg\" \/>\n\t<meta property=\"og:image:width\" content=\"800\" \/>\n\t<meta property=\"og:image:height\" content=\"800\" \/>\n\t<meta property=\"og:image:type\" content=\"image\/jpeg\" \/>\n<meta name=\"twitter:card\" content=\"summary_large_image\" \/>\n<meta name=\"twitter:label1\" content=\"Est. reading time\" \/>\n\t<meta name=\"twitter:data1\" content=\"1 minute\" \/>\n<script type=\"application\/ld+json\" class=\"yoast-schema-graph\">{\"@context\":\"https:\/\/schema.org\",\"@graph\":[{\"@type\":\"WebPage\",\"@id\":\"https:\/\/monti.lt\/product\/woopie-edukacine-spirale\/\",\"url\":\"https:\/\/monti.lt\/product\/woopie-edukacine-spirale\/\",\"name\":\"Woopie edukacin\u0117 spiral\u0117 - Montessori \u017eaislai\",\"isPartOf\":{\"@id\":\"https:\/\/monti.lt\/#website\"},\"primaryImageOfPage\":{\"@id\":\"https:\/\/monti.lt\/product\/woopie-edukacine-spirale\/#primaryimage\"},\"image\":{\"@id\":\"https:\/\/monti.lt\/product\/woopie-edukacine-spirale\/#primaryimage\"},\"thumbnailUrl\":\"https:\/\/monti.lt\/wp-content\/uploads\/2025\/12\/woopie-baby-kolorowa-wieza-ukladanka-piramidka-edukacyjna-18m-3.jpg\",\"datePublished\":\"2025-12-04T08:05:09+00:00\",\"dateModified\":\"2026-03-23T20:25:25+00:00\",\"breadcrumb\":{\"@id\":\"https:\/\/monti.lt\/product\/woopie-edukacine-spirale\/#breadcrumb\"},\"inLanguage\":\"en-US\",\"potentialAction\":[{\"@type\":\"ReadAction\",\"target\":[\"https:\/\/monti.lt\/product\/woopie-edukacine-spirale\/\"]}]},{\"@type\":\"ImageObject\",\"inLanguage\":\"en-US\",\"@id\":\"https:\/\/monti.lt\/product\/woopie-edukacine-spirale\/#primaryimage\",\"url\":\"https:\/\/monti.lt\/wp-content\/uploads\/2025\/12\/woopie-baby-kolorowa-wieza-ukladanka-piramidka-edukacyjna-18m-3.jpg\",\"contentUrl\":\"https:\/\/monti.lt\/wp-content\/uploads\/2025\/12\/woopie-baby-kolorowa-wieza-ukladanka-piramidka-edukacyjna-18m-3.jpg\",\"width\":800,\"height\":800},{\"@type\":\"BreadcrumbList\",\"@id\":\"https:\/\/monti.lt\/product\/woopie-edukacine-spirale\/#breadcrumb\",\"itemListElement\":[{\"@type\":\"ListItem\",\"position\":1,\"name\":\"Home\",\"item\":\"https:\/\/monti.lt\/\"},{\"@type\":\"ListItem\",\"position\":2,\"name\":\"Parduotuv\u0117\",\"item\":\"https:\/\/monti.lt\/shop\/\"},{\"@type\":\"ListItem\",\"position\":3,\"name\":\"Woopie edukacin\u0117 spiral\u0117\"}]},{\"@type\":\"WebSite\",\"@id\":\"https:\/\/monti.lt\/#website\",\"url\":\"https:\/\/monti.lt\/\",\"name\":\"Montessori \u017eaislai\",\"description\":\"\",\"publisher\":{\"@id\":\"https:\/\/monti.lt\/#organization\"},\"potentialAction\":[{\"@type\":\"SearchAction\",\"target\":{\"@type\":\"EntryPoint\",\"urlTemplate\":\"https:\/\/monti.lt\/?s={search_term_string}\"},\"query-input\":\"required name=search_term_string\"}],\"inLanguage\":\"en-US\"},{\"@type\":\"Organization\",\"@id\":\"https:\/\/monti.lt\/#organization\",\"name\":\"Montessori \u017eaislai\",\"url\":\"https:\/\/monti.lt\/\",\"logo\":{\"@type\":\"ImageObject\",\"inLanguage\":\"en-US\",\"@id\":\"https:\/\/monti.lt\/#\/schema\/logo\/image\/\",\"url\":\"https:\/\/monti.lt\/wp-content\/uploads\/2022\/03\/montilogo-1.png\",\"contentUrl\":\"https:\/\/monti.lt\/wp-content\/uploads\/2022\/03\/montilogo-1.png\",\"width\":512,\"height\":512,\"caption\":\"Montessori \u017eaislai\"},\"image\":{\"@id\":\"https:\/\/monti.lt\/#\/schema\/logo\/image\/\"}}]}<\/script>\n<!-- \/ Yoast SEO plugin. -->","yoast_head_json":{"title":"Woopie edukacin\u0117 spiral\u0117 - Montessori \u017eaislai","robots":{"index":"index","follow":"follow","max-snippet":"max-snippet:-1","max-image-preview":"max-image-preview:large","max-video-preview":"max-video-preview:-1"},"canonical":"https:\/\/monti.lt\/en\/product\/woopie-edukacine-spirale\/","og_locale":"en_US","og_type":"article","og_title":"Woopie edukacin\u0117 spiral\u0117 - Montessori \u017eaislai","og_description":"Spalvingas spiral\u0117s formos bok\u0161tas i\u0161 WOOPIE prek\u0117s \u017eenklo. \u2714 Bok\u0161t\u0105 galima surinkti 3 b\u016bdais. \u2714 Mokomasis sensorinis \u017eaislas vaikams nuo 10 m\u0117nesi\u0173. \u2714 Padeda ugdyti motorinius \u012fg\u016bd\u017eius, moko spalv\u0173 ir form\u0173. \u2714 Puiki dovana! Charakteristika: \u2705 Bok\u0161to auk\u0161tis: 34 cm \u2705 Vaiko am\u017eius: nuo 10 m\u0117nesi\u0173 \u2705 7 spalvotos rit\u0117s + pagrindas su strypu \u2705 [&hellip;]","og_url":"https:\/\/monti.lt\/en\/product\/woopie-edukacine-spirale\/","og_site_name":"Montessori \u017eaislai","article_modified_time":"2026-03-23T20:25:25+00:00","og_image":[{"width":800,"height":800,"url":"https:\/\/monti.lt\/wp-content\/uploads\/2025\/12\/woopie-baby-kolorowa-wieza-ukladanka-piramidka-edukacyjna-18m-3.jpg","type":"image\/jpeg"}],"twitter_card":"summary_large_image","twitter_misc":{"Est. reading time":"1 minute"},"schema":{"@context":"https:\/\/schema.org","@graph":[{"@type":"WebPage","@id":"https:\/\/monti.lt\/product\/woopie-edukacine-spirale\/","url":"https:\/\/monti.lt\/product\/woopie-edukacine-spirale\/","name":"Woopie edukacin\u0117 spiral\u0117 - Montessori \u017eaislai","isPartOf":{"@id":"https:\/\/monti.lt\/#website"},"primaryImageOfPage":{"@id":"https:\/\/monti.lt\/product\/woopie-edukacine-spirale\/#primaryimage"},"image":{"@id":"https:\/\/monti.lt\/product\/woopie-edukacine-spirale\/#primaryimage"},"thumbnailUrl":"https:\/\/monti.lt\/wp-content\/uploads\/2025\/12\/woopie-baby-kolorowa-wieza-ukladanka-piramidka-edukacyjna-18m-3.jpg","datePublished":"2025-12-04T08:05:09+00:00","dateModified":"2026-03-23T20:25:25+00:00","breadcrumb":{"@id":"https:\/\/monti.lt\/product\/woopie-edukacine-spirale\/#breadcrumb"},"inLanguage":"en-US","potentialAction":[{"@type":"ReadAction","target":["https:\/\/monti.lt\/product\/woopie-edukacine-spirale\/"]}]},{"@type":"ImageObject","inLanguage":"en-US","@id":"https:\/\/monti.lt\/product\/woopie-edukacine-spirale\/#primaryimage","url":"https:\/\/monti.lt\/wp-content\/uploads\/2025\/12\/woopie-baby-kolorowa-wieza-ukladanka-piramidka-edukacyjna-18m-3.jpg","contentUrl":"https:\/\/monti.lt\/wp-content\/uploads\/2025\/12\/woopie-baby-kolorowa-wieza-ukladanka-piramidka-edukacyjna-18m-3.jpg","width":800,"height":800},{"@type":"BreadcrumbList","@id":"https:\/\/monti.lt\/product\/woopie-edukacine-spirale\/#breadcrumb","itemListElement":[{"@type":"ListItem","position":1,"name":"Home","item":"https:\/\/monti.lt\/"},{"@type":"ListItem","position":2,"name":"Parduotuv\u0117","item":"https:\/\/monti.lt\/shop\/"},{"@type":"ListItem","position":3,"name":"Woopie edukacin\u0117 spiral\u0117"}]},{"@type":"WebSite","@id":"https:\/\/monti.lt\/#website","url":"https:\/\/monti.lt\/","name":"Montessori \u017eaislai","description":"","publisher":{"@id":"https:\/\/monti.lt\/#organization"},"potentialAction":[{"@type":"SearchAction","target":{"@type":"EntryPoint","urlTemplate":"https:\/\/monti.lt\/?s={search_term_string}"},"query-input":"required name=search_term_string"}],"inLanguage":"en-US"},{"@type":"Organization","@id":"https:\/\/monti.lt\/#organization","name":"Montessori \u017eaislai","url":"https:\/\/monti.lt\/","logo":{"@type":"ImageObject","inLanguage":"en-US","@id":"https:\/\/monti.lt\/#\/schema\/logo\/image\/","url":"https:\/\/monti.lt\/wp-content\/uploads\/2022\/03\/montilogo-1.png","contentUrl":"https:\/\/monti.lt\/wp-content\/uploads\/2022\/03\/montilogo-1.png","width":512,"height":512,"caption":"Montessori \u017eaislai"},"image":{"@id":"https:\/\/monti.lt\/#\/schema\/logo\/image\/"}}]}},"_links":{"self":[{"href":"https:\/\/monti.lt\/en\/wp-json\/wp\/v2\/product\/37581"}],"collection":[{"href":"https:\/\/monti.lt\/en\/wp-json\/wp\/v2\/product"}],"about":[{"href":"https:\/\/monti.lt\/en\/wp-json\/wp\/v2\/types\/product"}],"version-history":[{"count":2,"href":"https:\/\/monti.lt\/en\/wp-json\/wp\/v2\/product\/37581\/revisions"}],"predecessor-version":[{"id":39349,"href":"https:\/\/monti.lt\/en\/wp-json\/wp\/v2\/product\/37581\/revisions\/39349"}],"wp:featuredmedia":[{"embeddable":true,"href":"https:\/\/monti.lt\/en\/wp-json\/wp\/v2\/media\/37582"}],"wp:attachment":[{"href":"https:\/\/monti.lt\/en\/wp-json\/wp\/v2\/media?parent=37581"}],"wp:term":[{"taxonomy":"product_cat","embeddable":true,"href":"https:\/\/monti.lt\/en\/wp-json\/wp\/v2\/product_cat?post=37581"},{"taxonomy":"product_tag","embeddable":true,"href":"https:\/\/monti.lt\/en\/wp-json\/wp\/v2\/product_tag?post=37581"}],"curies":[{"name":"wp","href":"https:\/\/api.w.org\/{rel}","templated":true}]}}