{"id":37681,"date":"2025-12-05T15:32:07","date_gmt":"2025-12-05T15:32:07","guid":{"rendered":"https:\/\/monti.lt\/?post_type=product&#038;p=37681"},"modified":"2026-02-06T20:41:15","modified_gmt":"2026-02-06T20:41:15","slug":"edukacinis-kamuoliuku-zaidimas","status":"publish","type":"product","link":"https:\/\/monti.lt\/en\/product\/edukacinis-kamuoliuku-zaidimas\/","title":{"rendered":"Edukacinis kamuoliuk\u0173 \u017eaidimas"},"content":{"rendered":"<h1 class=\"wp-block-heading\">Medinis Montessori edukacinis d\u0117lioni\u0173 r\u016b\u0161iuoklis, mokantis skai\u010diuoti spalvas &#8211; mokymasis per \u017eaidim\u0105 KRUZZEL!<\/h1>\n\n\n\n<p><strong>vystymasis per \u017eaidim\u0105 \u2013<\/strong>&nbsp;\u017eaisdamas vaikas lavina&nbsp;<strong>smulki\u0105j\u0105 motorik\u0105<\/strong>&nbsp;ir&nbsp;<strong>rank\u0173 bei aki\u0173 koordinacij\u0105<\/strong>&nbsp;, taip pat mokosi&nbsp;<strong>atskirti spalvas<\/strong>&nbsp;ir&nbsp;<strong>skai\u010diuoti<\/strong><\/p>\n\n\n\n<p><strong>ilgaam\u017ei\u0161kumas daugel\u012f met\u0173 \u2013<\/strong>&nbsp;pagamintas i\u0161 auk\u0161tos kokyb\u0117s medienos, \u017eaislas yra&nbsp;<strong>patvarus ir tvirtas,<\/strong>&nbsp;nereikia jaudintis, kad jis greitai suges,&nbsp;<strong>tai investicija ateinantiems metams, tod\u0117l tai ekologi\u0161kas pasirinkimas<\/strong><\/p>\n\n\n\n<p><strong>Puikiai tinka dovanai<\/strong>&nbsp;\u2013&nbsp;<strong>d\u0117l estetinio dizaino, spalvingos pakuot\u0117s ir edukacin\u0117s vert\u0117s<\/strong>&nbsp;r\u016b\u0161iuotuvas yra puiki dovanos id\u0117ja bet kokiai progai<\/p>\n\n\n\n<h2 class=\"wp-block-heading\">Kruzzel edukacinio \u017eaislo specifikacijos:<\/h2>\n\n\n\n<ul class=\"wp-block-list\">\n<li>edukacinis r\u016b\u0161iuoklis<\/li>\n\n\n\n<li>mokytis skai\u010diuoti<\/li>\n\n\n\n<li>matematini\u0173 \u012fg\u016bd\u017ei\u0173 ugdymas<\/li>\n\n\n\n<li>mokymosi spalvos<\/li>\n\n\n\n<li>mokymasis per \u017eaidim\u0105<\/li>\n\n\n\n<li>palaiko motorin\u0119 raid\u0105<\/li>\n\n\n\n<li>rank\u0173 ir aki\u0173 koordinacija<\/li>\n\n\n\n<li>vaikams: nuo 3 met\u0173<\/li>\n\n\n\n<li>pridedamos ra\u0161t\u0173 kortel\u0117s<\/li>\n\n\n\n<li>Matmenys: 16,5 x 14,5 x 22 cm<\/li>\n\n\n\n<li>svoris: 0,408 kg<\/li>\n\n\n\n<li>Svoris pakuot\u0117je: 0,586 kg<\/li>\n\n\n\n<li>prek\u0117s \u017eenklas: KRUZZEL<\/li>\n\n\n\n<li>spalva: daugiaspalv\u0117<\/li>\n\n\n\n<li>med\u017eiaga: mediena, PC, PP, popierius<\/li>\n<\/ul>\n\n\n\n<h2 class=\"wp-block-heading\">\u012e komplekt\u0105 \u012feina:<\/h2>\n\n\n\n<ul class=\"wp-block-list\">\n<li>medinis pad\u0117klas<\/li>\n\n\n\n<li>klipas<\/li>\n\n\n\n<li>spalvingi duben\u0117liai<\/li>\n\n\n\n<li>m\u0117gintuv\u0117liai<\/li>\n\n\n\n<li>arbatinis \u0161auk\u0161telis<\/li>\n\n\n\n<li>ra\u0161t\u0173 kortel\u0117s<\/li>\n\n\n\n<li>kortel\u0117s su skai\u010diais ir matematiniais \u017eenklais<\/li>\n\n\n\n<li>kamuoliai<\/li>\n\n\n\n<li>vartotojo vadovas<\/li>\n\n\n\n<li>spalvinga pakuot\u0117<\/li>\n\n\n\n<li>ruda siuntimo d\u0117\u017eut\u0117<\/li>\n<\/ul>","protected":false},"excerpt":{"rendered":"<p>Medinis Montessori edukacinis d\u0117lioni\u0173 r\u016b\u0161iuoklis, mokantis skai\u010diuoti spalvas &#8211; mokymasis per \u017eaidim\u0105 KRUZZEL! vystymasis per \u017eaidim\u0105 \u2013&nbsp;\u017eaisdamas vaikas lavina&nbsp;smulki\u0105j\u0105 motorik\u0105&nbsp;ir&nbsp;rank\u0173 bei aki\u0173 koordinacij\u0105&nbsp;, taip pat mokosi&nbsp;atskirti spalvas&nbsp;ir&nbsp;skai\u010diuoti ilgaam\u017ei\u0161kumas daugel\u012f met\u0173 \u2013&nbsp;pagamintas i\u0161 auk\u0161tos kokyb\u0117s medienos, \u017eaislas yra&nbsp;patvarus ir tvirtas,&nbsp;nereikia jaudintis, kad jis greitai suges,&nbsp;tai investicija ateinantiems metams, tod\u0117l tai ekologi\u0161kas pasirinkimas Puikiai tinka dovanai&nbsp;\u2013&nbsp;d\u0117l estetinio [&hellip;]<\/p>","protected":false},"featured_media":37682,"template":"","meta":{"_acf_changed":false,"iawp_total_views":232},"product_cat":[191,84,102,88,86,49,39],"product_tag":[97,98],"class_list":{"0":"post-37681","1":"product","2":"type-product","3":"status-publish","4":"has-post-thumbnail","6":"product_cat-dovanos-vaikams","7":"product_cat-lavinamieji-zaislai","8":"product_cat-mediniai-zaislai","9":"product_cat-mokausi-zaisti","10":"product_cat-smulkioji-motorika","11":"product_cat-visi-zaislai","12":"product_cat-zaislai","13":"product_tag-3-m-4-m","14":"product_tag-5-m-7-m","16":"first","17":"outofstock","18":"sale","19":"taxable","20":"shipping-taxable","21":"purchasable","22":"product-type-simple"},"acf":[],"yoast_head":"<!-- This site is optimized with the Yoast SEO plugin v23.3 - https:\/\/yoast.com\/wordpress\/plugins\/seo\/ -->\n<title>Edukacinis kamuoliuk\u0173 \u017eaidimas - Montessori \u017eaislai<\/title>\n<meta name=\"robots\" content=\"index, follow, max-snippet:-1, max-image-preview:large, max-video-preview:-1\" \/>\n<link rel=\"canonical\" href=\"https:\/\/monti.lt\/en\/product\/edukacinis-kamuoliuku-zaidimas\/\" \/>\n<meta property=\"og:locale\" content=\"en_US\" \/>\n<meta property=\"og:type\" content=\"article\" \/>\n<meta property=\"og:title\" content=\"Edukacinis kamuoliuk\u0173 \u017eaidimas - Montessori \u017eaislai\" \/>\n<meta property=\"og:description\" content=\"Medinis Montessori edukacinis d\u0117lioni\u0173 r\u016b\u0161iuoklis, mokantis skai\u010diuoti spalvas &#8211; mokymasis per \u017eaidim\u0105 KRUZZEL! vystymasis per \u017eaidim\u0105 \u2013&nbsp;\u017eaisdamas vaikas lavina&nbsp;smulki\u0105j\u0105 motorik\u0105&nbsp;ir&nbsp;rank\u0173 bei aki\u0173 koordinacij\u0105&nbsp;, taip pat mokosi&nbsp;atskirti spalvas&nbsp;ir&nbsp;skai\u010diuoti ilgaam\u017ei\u0161kumas daugel\u012f met\u0173 \u2013&nbsp;pagamintas i\u0161 auk\u0161tos kokyb\u0117s medienos, \u017eaislas yra&nbsp;patvarus ir tvirtas,&nbsp;nereikia jaudintis, kad jis greitai suges,&nbsp;tai investicija ateinantiems metams, tod\u0117l tai ekologi\u0161kas pasirinkimas Puikiai tinka dovanai&nbsp;\u2013&nbsp;d\u0117l estetinio [&hellip;]\" \/>\n<meta property=\"og:url\" content=\"https:\/\/monti.lt\/en\/product\/edukacinis-kamuoliuku-zaidimas\/\" \/>\n<meta property=\"og:site_name\" content=\"Montessori \u017eaislai\" \/>\n<meta property=\"article:modified_time\" content=\"2026-02-06T20:41:15+00:00\" \/>\n<meta property=\"og:image\" content=\"https:\/\/monti.lt\/wp-content\/uploads\/2025\/12\/lit_pl_Rusiuoklis-edukacinis-zaislas-skaiciavimas-Kruzzel-26672-18433_10.jpg\" \/>\n\t<meta property=\"og:image:width\" content=\"500\" \/>\n\t<meta property=\"og:image:height\" content=\"500\" \/>\n\t<meta property=\"og:image:type\" content=\"image\/jpeg\" \/>\n<meta name=\"twitter:card\" content=\"summary_large_image\" \/>\n<meta name=\"twitter:label1\" content=\"Est. reading time\" \/>\n\t<meta name=\"twitter:data1\" content=\"2 minutes\" \/>\n<script type=\"application\/ld+json\" class=\"yoast-schema-graph\">{\"@context\":\"https:\/\/schema.org\",\"@graph\":[{\"@type\":\"WebPage\",\"@id\":\"https:\/\/monti.lt\/product\/edukacinis-kamuoliuku-zaidimas\/\",\"url\":\"https:\/\/monti.lt\/product\/edukacinis-kamuoliuku-zaidimas\/\",\"name\":\"Edukacinis kamuoliuk\u0173 \u017eaidimas - Montessori \u017eaislai\",\"isPartOf\":{\"@id\":\"https:\/\/monti.lt\/#website\"},\"primaryImageOfPage\":{\"@id\":\"https:\/\/monti.lt\/product\/edukacinis-kamuoliuku-zaidimas\/#primaryimage\"},\"image\":{\"@id\":\"https:\/\/monti.lt\/product\/edukacinis-kamuoliuku-zaidimas\/#primaryimage\"},\"thumbnailUrl\":\"https:\/\/monti.lt\/wp-content\/uploads\/2025\/12\/lit_pl_Rusiuoklis-edukacinis-zaislas-skaiciavimas-Kruzzel-26672-18433_10.jpg\",\"datePublished\":\"2025-12-05T15:32:07+00:00\",\"dateModified\":\"2026-02-06T20:41:15+00:00\",\"breadcrumb\":{\"@id\":\"https:\/\/monti.lt\/product\/edukacinis-kamuoliuku-zaidimas\/#breadcrumb\"},\"inLanguage\":\"en-US\",\"potentialAction\":[{\"@type\":\"ReadAction\",\"target\":[\"https:\/\/monti.lt\/product\/edukacinis-kamuoliuku-zaidimas\/\"]}]},{\"@type\":\"ImageObject\",\"inLanguage\":\"en-US\",\"@id\":\"https:\/\/monti.lt\/product\/edukacinis-kamuoliuku-zaidimas\/#primaryimage\",\"url\":\"https:\/\/monti.lt\/wp-content\/uploads\/2025\/12\/lit_pl_Rusiuoklis-edukacinis-zaislas-skaiciavimas-Kruzzel-26672-18433_10.jpg\",\"contentUrl\":\"https:\/\/monti.lt\/wp-content\/uploads\/2025\/12\/lit_pl_Rusiuoklis-edukacinis-zaislas-skaiciavimas-Kruzzel-26672-18433_10.jpg\",\"width\":500,\"height\":500,\"caption\":\"medinis rusiuoklis\"},{\"@type\":\"BreadcrumbList\",\"@id\":\"https:\/\/monti.lt\/product\/edukacinis-kamuoliuku-zaidimas\/#breadcrumb\",\"itemListElement\":[{\"@type\":\"ListItem\",\"position\":1,\"name\":\"Home\",\"item\":\"https:\/\/monti.lt\/\"},{\"@type\":\"ListItem\",\"position\":2,\"name\":\"Parduotuv\u0117\",\"item\":\"https:\/\/monti.lt\/shop\/\"},{\"@type\":\"ListItem\",\"position\":3,\"name\":\"Edukacinis kamuoliuk\u0173 \u017eaidimas\"}]},{\"@type\":\"WebSite\",\"@id\":\"https:\/\/monti.lt\/#website\",\"url\":\"https:\/\/monti.lt\/\",\"name\":\"Montessori \u017eaislai\",\"description\":\"\",\"publisher\":{\"@id\":\"https:\/\/monti.lt\/#organization\"},\"potentialAction\":[{\"@type\":\"SearchAction\",\"target\":{\"@type\":\"EntryPoint\",\"urlTemplate\":\"https:\/\/monti.lt\/?s={search_term_string}\"},\"query-input\":\"required name=search_term_string\"}],\"inLanguage\":\"en-US\"},{\"@type\":\"Organization\",\"@id\":\"https:\/\/monti.lt\/#organization\",\"name\":\"Montessori \u017eaislai\",\"url\":\"https:\/\/monti.lt\/\",\"logo\":{\"@type\":\"ImageObject\",\"inLanguage\":\"en-US\",\"@id\":\"https:\/\/monti.lt\/#\/schema\/logo\/image\/\",\"url\":\"https:\/\/monti.lt\/wp-content\/uploads\/2022\/03\/montilogo-1.png\",\"contentUrl\":\"https:\/\/monti.lt\/wp-content\/uploads\/2022\/03\/montilogo-1.png\",\"width\":512,\"height\":512,\"caption\":\"Montessori \u017eaislai\"},\"image\":{\"@id\":\"https:\/\/monti.lt\/#\/schema\/logo\/image\/\"}}]}<\/script>\n<!-- \/ Yoast SEO plugin. -->","yoast_head_json":{"title":"Edukacinis kamuoliuk\u0173 \u017eaidimas - Montessori \u017eaislai","robots":{"index":"index","follow":"follow","max-snippet":"max-snippet:-1","max-image-preview":"max-image-preview:large","max-video-preview":"max-video-preview:-1"},"canonical":"https:\/\/monti.lt\/en\/product\/edukacinis-kamuoliuku-zaidimas\/","og_locale":"en_US","og_type":"article","og_title":"Edukacinis kamuoliuk\u0173 \u017eaidimas - Montessori \u017eaislai","og_description":"Medinis Montessori edukacinis d\u0117lioni\u0173 r\u016b\u0161iuoklis, mokantis skai\u010diuoti spalvas &#8211; mokymasis per \u017eaidim\u0105 KRUZZEL! vystymasis per \u017eaidim\u0105 \u2013&nbsp;\u017eaisdamas vaikas lavina&nbsp;smulki\u0105j\u0105 motorik\u0105&nbsp;ir&nbsp;rank\u0173 bei aki\u0173 koordinacij\u0105&nbsp;, taip pat mokosi&nbsp;atskirti spalvas&nbsp;ir&nbsp;skai\u010diuoti ilgaam\u017ei\u0161kumas daugel\u012f met\u0173 \u2013&nbsp;pagamintas i\u0161 auk\u0161tos kokyb\u0117s medienos, \u017eaislas yra&nbsp;patvarus ir tvirtas,&nbsp;nereikia jaudintis, kad jis greitai suges,&nbsp;tai investicija ateinantiems metams, tod\u0117l tai ekologi\u0161kas pasirinkimas Puikiai tinka dovanai&nbsp;\u2013&nbsp;d\u0117l estetinio [&hellip;]","og_url":"https:\/\/monti.lt\/en\/product\/edukacinis-kamuoliuku-zaidimas\/","og_site_name":"Montessori \u017eaislai","article_modified_time":"2026-02-06T20:41:15+00:00","og_image":[{"width":500,"height":500,"url":"https:\/\/monti.lt\/wp-content\/uploads\/2025\/12\/lit_pl_Rusiuoklis-edukacinis-zaislas-skaiciavimas-Kruzzel-26672-18433_10.jpg","type":"image\/jpeg"}],"twitter_card":"summary_large_image","twitter_misc":{"Est. reading time":"2 minutes"},"schema":{"@context":"https:\/\/schema.org","@graph":[{"@type":"WebPage","@id":"https:\/\/monti.lt\/product\/edukacinis-kamuoliuku-zaidimas\/","url":"https:\/\/monti.lt\/product\/edukacinis-kamuoliuku-zaidimas\/","name":"Edukacinis kamuoliuk\u0173 \u017eaidimas - Montessori \u017eaislai","isPartOf":{"@id":"https:\/\/monti.lt\/#website"},"primaryImageOfPage":{"@id":"https:\/\/monti.lt\/product\/edukacinis-kamuoliuku-zaidimas\/#primaryimage"},"image":{"@id":"https:\/\/monti.lt\/product\/edukacinis-kamuoliuku-zaidimas\/#primaryimage"},"thumbnailUrl":"https:\/\/monti.lt\/wp-content\/uploads\/2025\/12\/lit_pl_Rusiuoklis-edukacinis-zaislas-skaiciavimas-Kruzzel-26672-18433_10.jpg","datePublished":"2025-12-05T15:32:07+00:00","dateModified":"2026-02-06T20:41:15+00:00","breadcrumb":{"@id":"https:\/\/monti.lt\/product\/edukacinis-kamuoliuku-zaidimas\/#breadcrumb"},"inLanguage":"en-US","potentialAction":[{"@type":"ReadAction","target":["https:\/\/monti.lt\/product\/edukacinis-kamuoliuku-zaidimas\/"]}]},{"@type":"ImageObject","inLanguage":"en-US","@id":"https:\/\/monti.lt\/product\/edukacinis-kamuoliuku-zaidimas\/#primaryimage","url":"https:\/\/monti.lt\/wp-content\/uploads\/2025\/12\/lit_pl_Rusiuoklis-edukacinis-zaislas-skaiciavimas-Kruzzel-26672-18433_10.jpg","contentUrl":"https:\/\/monti.lt\/wp-content\/uploads\/2025\/12\/lit_pl_Rusiuoklis-edukacinis-zaislas-skaiciavimas-Kruzzel-26672-18433_10.jpg","width":500,"height":500,"caption":"medinis rusiuoklis"},{"@type":"BreadcrumbList","@id":"https:\/\/monti.lt\/product\/edukacinis-kamuoliuku-zaidimas\/#breadcrumb","itemListElement":[{"@type":"ListItem","position":1,"name":"Home","item":"https:\/\/monti.lt\/"},{"@type":"ListItem","position":2,"name":"Parduotuv\u0117","item":"https:\/\/monti.lt\/shop\/"},{"@type":"ListItem","position":3,"name":"Edukacinis kamuoliuk\u0173 \u017eaidimas"}]},{"@type":"WebSite","@id":"https:\/\/monti.lt\/#website","url":"https:\/\/monti.lt\/","name":"Montessori \u017eaislai","description":"","publisher":{"@id":"https:\/\/monti.lt\/#organization"},"potentialAction":[{"@type":"SearchAction","target":{"@type":"EntryPoint","urlTemplate":"https:\/\/monti.lt\/?s={search_term_string}"},"query-input":"required name=search_term_string"}],"inLanguage":"en-US"},{"@type":"Organization","@id":"https:\/\/monti.lt\/#organization","name":"Montessori \u017eaislai","url":"https:\/\/monti.lt\/","logo":{"@type":"ImageObject","inLanguage":"en-US","@id":"https:\/\/monti.lt\/#\/schema\/logo\/image\/","url":"https:\/\/monti.lt\/wp-content\/uploads\/2022\/03\/montilogo-1.png","contentUrl":"https:\/\/monti.lt\/wp-content\/uploads\/2022\/03\/montilogo-1.png","width":512,"height":512,"caption":"Montessori \u017eaislai"},"image":{"@id":"https:\/\/monti.lt\/#\/schema\/logo\/image\/"}}]}},"_links":{"self":[{"href":"https:\/\/monti.lt\/en\/wp-json\/wp\/v2\/product\/37681"}],"collection":[{"href":"https:\/\/monti.lt\/en\/wp-json\/wp\/v2\/product"}],"about":[{"href":"https:\/\/monti.lt\/en\/wp-json\/wp\/v2\/types\/product"}],"version-history":[{"count":1,"href":"https:\/\/monti.lt\/en\/wp-json\/wp\/v2\/product\/37681\/revisions"}],"predecessor-version":[{"id":37683,"href":"https:\/\/monti.lt\/en\/wp-json\/wp\/v2\/product\/37681\/revisions\/37683"}],"wp:featuredmedia":[{"embeddable":true,"href":"https:\/\/monti.lt\/en\/wp-json\/wp\/v2\/media\/37682"}],"wp:attachment":[{"href":"https:\/\/monti.lt\/en\/wp-json\/wp\/v2\/media?parent=37681"}],"wp:term":[{"taxonomy":"product_cat","embeddable":true,"href":"https:\/\/monti.lt\/en\/wp-json\/wp\/v2\/product_cat?post=37681"},{"taxonomy":"product_tag","embeddable":true,"href":"https:\/\/monti.lt\/en\/wp-json\/wp\/v2\/product_tag?post=37681"}],"curies":[{"name":"wp","href":"https:\/\/api.w.org\/{rel}","templated":true}]}}