{"id":37684,"date":"2025-12-05T15:37:39","date_gmt":"2025-12-05T15:37:39","guid":{"rendered":"https:\/\/monti.lt\/?post_type=product&#038;p=37684"},"modified":"2026-03-02T06:25:55","modified_gmt":"2026-03-02T06:25:55","slug":"dinozauru-kasinejimo-zaidimas","status":"publish","type":"product","link":"https:\/\/monti.lt\/en\/product\/dinozauru-kasinejimo-zaidimas\/","title":{"rendered":"Dinozaur\u0173 kasin\u0117jimo \u017eaidimas"},"content":{"rendered":"<h1 class=\"wp-block-heading\">Kruzzel 6 viename dinozaur\u0173 kasin\u0117jim\u0173 rinkinys, tiranozaur\u0173, spinozaur\u0173 ir kit\u0173 fosilij\u0173 kasykla vaikams, paleontolog\u0173 edukacinis rinkinys&nbsp;<\/h1>\n\n\n\n<p>\u201eDinozaur\u0173 kasin\u0117jimai 6 viename\u201c \u2013 tapkite ma\u017euoju paleontologu! \u201eKruzzel\u201c dinozaur\u0173 kasin\u0117jim\u0173 6 viename rinkinys derina mokym\u0105si ir pramogas, perkeldamas vaikus \u012f prie\u0161istor\u0117s pasaul\u012f! Naudodami pridedamus \u012frankius, jie gali savaranki\u0161kai atkasti ir surinkti iki 6 dinozaur\u0173 r\u016b\u0161i\u0173 skeletus, mokydamiesi apie j\u0173 sandar\u0105 ir istorij\u0105. \u0160is lavinamasis \u017eaidimas lavina kantryb\u0119, tikslum\u0105 ir login\u012f m\u0105stym\u0105, puikiai tinkantis jauniems tyrin\u0117tojams, besidomintiems pasauliu ir jo paslaptimis.<\/p>\n\n\n\n<h2 class=\"wp-block-heading\">Tapk tikru tyrin\u0117toju! 6 viename dinozaur\u0173 kasin\u0117jim\u0173 rinkinys<\/h2>\n\n\n\n<p><strong>Edukacinis pramog\u0173 ir mokymosi derinys<\/strong>&nbsp;\u2013 \u0161is rinkinys leid\u017eia vaikams tyrin\u0117ti prie\u0161istor\u0117s, fosilij\u0173 ir paleontologijos pasaul\u012f, mokantis per veikl\u0105. \u012erodyta, kad mokymasis \u017eaid\u017eiant 60 % padidina \u017eini\u0173 \u012fsiminim\u0105, palyginti su tradiciniais metodais.<\/p>\n\n\n\n<p><strong>Rankini\u0173 \u012fg\u016bd\u017ei\u0173 ir susikaupimo lavinimas<\/strong>&nbsp;\u2013 toki\u0173 \u012franki\u0173 kaip plaktukas, kaltas ir teptukas d\u0117ka vaikai lavina tikslum\u0105, kantryb\u0119 ir aki\u0173 bei rank\u0173 koordinacij\u0105.<\/p>\n\n\n\n<p><strong>6 nuostab\u016bs dinozaurai viename rinkinyje<\/strong>&nbsp;\u2013 viduje yra 6 gipso kalad\u0117l\u0117s su pasl\u0117ptais dinozaur\u0173 skeletais, tokiais kaip Tyrannosaurus Rex arba Spinosaurus, garantuojantys valandas \u012fsp\u016bding\u0173 pramog\u0173.<\/p>\n\n\n\n<p><strong>Saugus \u017eaidimas<\/strong>&nbsp;\u2013 visi elementai pagaminti i\u0161 netoksi\u0161k\u0173, sertifikuot\u0173 med\u017eiag\u0173, atitinkan\u010di\u0173 Europos standartus, o tai suteikia t\u0117vams saugumo garantij\u0105.<\/p>\n\n\n\n<p><strong>Lavina login\u012f m\u0105stym\u0105 ir k\u016brybi\u0161kum\u0105<\/strong>&nbsp;\u2013 vaikai ne tik i\u0161kasa kaulus, bet ir patys surenka skeletus, mokosi analizuoti, kantryb\u0117s ir planavimo \u2013 kaip tikri paleontologai!<\/p>\n\n\n\n<p><strong>Puiki edukacin\u0117s dovanos id\u0117ja<\/strong>&nbsp;\u2013 rinkinys apjungia mokym\u0105si, nuotykius ir atradimo d\u017eiaugsm\u0105, tod\u0117l tai puikus dovanos pasirinkimas vaikams nuo 6 met\u0173.<\/p>\n\n\n\n<p><strong>Pramogos visai \u0161eimai<\/strong>&nbsp;&nbsp;&nbsp;&#8211; Kartu atrasti fosilijas yra puikus b\u016bdas praleisti laik\u0105 su savo vaiku, u\u017emegzti ry\u0161ius ir kartu patirti ma\u017e\u0173 mokslini\u0173 s\u0117kmi\u0173.<\/p>\n\n\n\n<h2 class=\"wp-block-heading\">Rinkinio specifikacijos:<\/h2>\n\n\n\n<ul class=\"wp-block-list\">\n<li>saugios ir netoksi\u0161kos med\u017eiagos<\/li>\n\n\n\n<li>tinka vaikams nuo 3 met\u0173<\/li>\n\n\n\n<li>lengvas valymas<\/li>\n\n\n\n<li>\u012frankiai \u012ftraukti<\/li>\n\n\n\n<li>edukacin\u0117s pramogos<\/li>\n\n\n\n<li>ilgas linksmumas<\/li>\n\n\n\n<li>\u012fg\u016bd\u017ei\u0173 ugdymas<\/li>\n\n\n\n<li>tobula dovana<\/li>\n\n\n\n<li>KRUZZEL prek\u0117s \u017eenklas<\/li>\n\n\n\n<li>6 blokeliai su pasl\u0117ptais dinozaur\u0173 skeletais<\/li>\n\n\n\n<li>Kiekviename kalad\u0117l\u0117je yra skirtingas dinozauro skeleto modelis: Tyrannosaurus Rex, Brachiosaurus, Spinosaurus, Stegosaurus, Dilophosaurus, Triceratops<\/li>\n\n\n\n<li>Komplekt\u0105 sudaro: plaktukas, kaltas, teptukas, purk\u0161tuvas, apsauginiai akiniai<\/li>\n\n\n\n<li>spalva: daugiaspalv\u0117<\/li>\n\n\n\n<li>Akini\u0173 matmenys: 4,1 x 13,5 cm<\/li>\n\n\n\n<li>plaktuko matmenys: 12,5 x 6 cm<\/li>\n\n\n\n<li>bloko matmenys: 6 x 8,5 cm<\/li>\n\n\n\n<li>svoris: 0,651 kg<\/li>\n\n\n\n<li>Svoris pakuot\u0117je: 0,937 kg<\/li>\n<\/ul>\n\n\n\n<h2 class=\"wp-block-heading\">\u012e komplekt\u0105 \u012feina:<\/h2>\n\n\n\n<ul class=\"wp-block-list\">\n<li>6 blokeliai su pasl\u0117ptais dinozaur\u0173 skeletais<\/li>\n\n\n\n<li>plaktukas,<\/li>\n\n\n\n<li>kaltas<\/li>\n\n\n\n<li>\u0161epetys,<\/li>\n\n\n\n<li>purk\u0161tuvas,<\/li>\n\n\n\n<li>akiniai<\/li>\n\n\n\n<li>instrukcijos lenk\u0173 kalba<\/li>\n\n\n\n<li>spalvinga pakuot\u0117<\/li>\n\n\n\n<li>ruda siuntimo d\u0117\u017eut\u0117<\/li>\n<\/ul>","protected":false},"excerpt":{"rendered":"<p>Kruzzel 6 viename dinozaur\u0173 kasin\u0117jim\u0173 rinkinys, tiranozaur\u0173, spinozaur\u0173 ir kit\u0173 fosilij\u0173 kasykla vaikams, paleontolog\u0173 edukacinis rinkinys&nbsp; \u201eDinozaur\u0173 kasin\u0117jimai 6 viename\u201c \u2013 tapkite ma\u017euoju paleontologu! \u201eKruzzel\u201c dinozaur\u0173 kasin\u0117jim\u0173 6 viename rinkinys derina mokym\u0105si ir pramogas, perkeldamas vaikus \u012f prie\u0161istor\u0117s pasaul\u012f! Naudodami pridedamus \u012frankius, jie gali savaranki\u0161kai atkasti ir surinkti iki 6 dinozaur\u0173 r\u016b\u0161i\u0173 skeletus, mokydamiesi apie [&hellip;]<\/p>","protected":false},"featured_media":37685,"template":"","meta":{"_acf_changed":false,"iawp_total_views":198},"product_cat":[84,90,86,49,39],"product_tag":[97,98],"class_list":{"0":"post-37684","1":"product","2":"type-product","3":"status-publish","4":"has-post-thumbnail","6":"product_cat-lavinamieji-zaislai","7":"product_cat-pasaulio-pazinimas","8":"product_cat-smulkioji-motorika","9":"product_cat-visi-zaislai","10":"product_cat-zaislai","11":"product_tag-3-m-4-m","12":"product_tag-5-m-7-m","14":"first","15":"instock","16":"taxable","17":"shipping-taxable","18":"purchasable","19":"product-type-simple"},"acf":[],"yoast_head":"<!-- This site is optimized with the Yoast SEO plugin v23.3 - https:\/\/yoast.com\/wordpress\/plugins\/seo\/ -->\n<title>Dinozaur\u0173 kasin\u0117jimo \u017eaidimas - Montessori \u017eaislai<\/title>\n<meta name=\"robots\" content=\"index, follow, max-snippet:-1, max-image-preview:large, max-video-preview:-1\" \/>\n<link rel=\"canonical\" href=\"https:\/\/monti.lt\/en\/product\/dinozauru-kasinejimo-zaidimas\/\" \/>\n<meta property=\"og:locale\" content=\"en_US\" \/>\n<meta property=\"og:type\" content=\"article\" \/>\n<meta property=\"og:title\" content=\"Dinozaur\u0173 kasin\u0117jimo \u017eaidimas - Montessori \u017eaislai\" \/>\n<meta property=\"og:description\" content=\"Kruzzel 6 viename dinozaur\u0173 kasin\u0117jim\u0173 rinkinys, tiranozaur\u0173, spinozaur\u0173 ir kit\u0173 fosilij\u0173 kasykla vaikams, paleontolog\u0173 edukacinis rinkinys&nbsp; \u201eDinozaur\u0173 kasin\u0117jimai 6 viename\u201c \u2013 tapkite ma\u017euoju paleontologu! \u201eKruzzel\u201c dinozaur\u0173 kasin\u0117jim\u0173 6 viename rinkinys derina mokym\u0105si ir pramogas, perkeldamas vaikus \u012f prie\u0161istor\u0117s pasaul\u012f! Naudodami pridedamus \u012frankius, jie gali savaranki\u0161kai atkasti ir surinkti iki 6 dinozaur\u0173 r\u016b\u0161i\u0173 skeletus, mokydamiesi apie [&hellip;]\" \/>\n<meta property=\"og:url\" content=\"https:\/\/monti.lt\/en\/product\/dinozauru-kasinejimo-zaidimas\/\" \/>\n<meta property=\"og:site_name\" content=\"Montessori \u017eaislai\" \/>\n<meta property=\"article:modified_time\" content=\"2026-03-02T06:25:55+00:00\" \/>\n<meta property=\"og:image\" content=\"https:\/\/monti.lt\/wp-content\/uploads\/2025\/12\/lit_pl_Dinozauru-kasinejimu-rinkinys-18610_3.jpg\" \/>\n\t<meta property=\"og:image:width\" content=\"500\" \/>\n\t<meta property=\"og:image:height\" content=\"500\" \/>\n\t<meta property=\"og:image:type\" content=\"image\/jpeg\" \/>\n<meta name=\"twitter:card\" content=\"summary_large_image\" \/>\n<meta name=\"twitter:label1\" content=\"Est. reading time\" \/>\n\t<meta name=\"twitter:data1\" content=\"3 minutes\" \/>\n<script type=\"application\/ld+json\" class=\"yoast-schema-graph\">{\"@context\":\"https:\/\/schema.org\",\"@graph\":[{\"@type\":\"WebPage\",\"@id\":\"https:\/\/monti.lt\/product\/dinozauru-kasinejimo-zaidimas\/\",\"url\":\"https:\/\/monti.lt\/product\/dinozauru-kasinejimo-zaidimas\/\",\"name\":\"Dinozaur\u0173 kasin\u0117jimo \u017eaidimas - Montessori \u017eaislai\",\"isPartOf\":{\"@id\":\"https:\/\/monti.lt\/#website\"},\"primaryImageOfPage\":{\"@id\":\"https:\/\/monti.lt\/product\/dinozauru-kasinejimo-zaidimas\/#primaryimage\"},\"image\":{\"@id\":\"https:\/\/monti.lt\/product\/dinozauru-kasinejimo-zaidimas\/#primaryimage\"},\"thumbnailUrl\":\"https:\/\/monti.lt\/wp-content\/uploads\/2025\/12\/lit_pl_Dinozauru-kasinejimu-rinkinys-18610_3.jpg\",\"datePublished\":\"2025-12-05T15:37:39+00:00\",\"dateModified\":\"2026-03-02T06:25:55+00:00\",\"breadcrumb\":{\"@id\":\"https:\/\/monti.lt\/product\/dinozauru-kasinejimo-zaidimas\/#breadcrumb\"},\"inLanguage\":\"en-US\",\"potentialAction\":[{\"@type\":\"ReadAction\",\"target\":[\"https:\/\/monti.lt\/product\/dinozauru-kasinejimo-zaidimas\/\"]}]},{\"@type\":\"ImageObject\",\"inLanguage\":\"en-US\",\"@id\":\"https:\/\/monti.lt\/product\/dinozauru-kasinejimo-zaidimas\/#primaryimage\",\"url\":\"https:\/\/monti.lt\/wp-content\/uploads\/2025\/12\/lit_pl_Dinozauru-kasinejimu-rinkinys-18610_3.jpg\",\"contentUrl\":\"https:\/\/monti.lt\/wp-content\/uploads\/2025\/12\/lit_pl_Dinozauru-kasinejimu-rinkinys-18610_3.jpg\",\"width\":500,\"height\":500,\"caption\":\"kasinejimo zaidimas\"},{\"@type\":\"BreadcrumbList\",\"@id\":\"https:\/\/monti.lt\/product\/dinozauru-kasinejimo-zaidimas\/#breadcrumb\",\"itemListElement\":[{\"@type\":\"ListItem\",\"position\":1,\"name\":\"Home\",\"item\":\"https:\/\/monti.lt\/\"},{\"@type\":\"ListItem\",\"position\":2,\"name\":\"Parduotuv\u0117\",\"item\":\"https:\/\/monti.lt\/shop\/\"},{\"@type\":\"ListItem\",\"position\":3,\"name\":\"Dinozaur\u0173 kasin\u0117jimo \u017eaidimas\"}]},{\"@type\":\"WebSite\",\"@id\":\"https:\/\/monti.lt\/#website\",\"url\":\"https:\/\/monti.lt\/\",\"name\":\"Montessori \u017eaislai\",\"description\":\"\",\"publisher\":{\"@id\":\"https:\/\/monti.lt\/#organization\"},\"potentialAction\":[{\"@type\":\"SearchAction\",\"target\":{\"@type\":\"EntryPoint\",\"urlTemplate\":\"https:\/\/monti.lt\/?s={search_term_string}\"},\"query-input\":\"required name=search_term_string\"}],\"inLanguage\":\"en-US\"},{\"@type\":\"Organization\",\"@id\":\"https:\/\/monti.lt\/#organization\",\"name\":\"Montessori \u017eaislai\",\"url\":\"https:\/\/monti.lt\/\",\"logo\":{\"@type\":\"ImageObject\",\"inLanguage\":\"en-US\",\"@id\":\"https:\/\/monti.lt\/#\/schema\/logo\/image\/\",\"url\":\"https:\/\/monti.lt\/wp-content\/uploads\/2022\/03\/montilogo-1.png\",\"contentUrl\":\"https:\/\/monti.lt\/wp-content\/uploads\/2022\/03\/montilogo-1.png\",\"width\":512,\"height\":512,\"caption\":\"Montessori \u017eaislai\"},\"image\":{\"@id\":\"https:\/\/monti.lt\/#\/schema\/logo\/image\/\"}}]}<\/script>\n<!-- \/ Yoast SEO plugin. -->","yoast_head_json":{"title":"Dinozaur\u0173 kasin\u0117jimo \u017eaidimas - Montessori \u017eaislai","robots":{"index":"index","follow":"follow","max-snippet":"max-snippet:-1","max-image-preview":"max-image-preview:large","max-video-preview":"max-video-preview:-1"},"canonical":"https:\/\/monti.lt\/en\/product\/dinozauru-kasinejimo-zaidimas\/","og_locale":"en_US","og_type":"article","og_title":"Dinozaur\u0173 kasin\u0117jimo \u017eaidimas - Montessori \u017eaislai","og_description":"Kruzzel 6 viename dinozaur\u0173 kasin\u0117jim\u0173 rinkinys, tiranozaur\u0173, spinozaur\u0173 ir kit\u0173 fosilij\u0173 kasykla vaikams, paleontolog\u0173 edukacinis rinkinys&nbsp; \u201eDinozaur\u0173 kasin\u0117jimai 6 viename\u201c \u2013 tapkite ma\u017euoju paleontologu! \u201eKruzzel\u201c dinozaur\u0173 kasin\u0117jim\u0173 6 viename rinkinys derina mokym\u0105si ir pramogas, perkeldamas vaikus \u012f prie\u0161istor\u0117s pasaul\u012f! Naudodami pridedamus \u012frankius, jie gali savaranki\u0161kai atkasti ir surinkti iki 6 dinozaur\u0173 r\u016b\u0161i\u0173 skeletus, mokydamiesi apie [&hellip;]","og_url":"https:\/\/monti.lt\/en\/product\/dinozauru-kasinejimo-zaidimas\/","og_site_name":"Montessori \u017eaislai","article_modified_time":"2026-03-02T06:25:55+00:00","og_image":[{"width":500,"height":500,"url":"https:\/\/monti.lt\/wp-content\/uploads\/2025\/12\/lit_pl_Dinozauru-kasinejimu-rinkinys-18610_3.jpg","type":"image\/jpeg"}],"twitter_card":"summary_large_image","twitter_misc":{"Est. reading time":"3 minutes"},"schema":{"@context":"https:\/\/schema.org","@graph":[{"@type":"WebPage","@id":"https:\/\/monti.lt\/product\/dinozauru-kasinejimo-zaidimas\/","url":"https:\/\/monti.lt\/product\/dinozauru-kasinejimo-zaidimas\/","name":"Dinozaur\u0173 kasin\u0117jimo \u017eaidimas - Montessori \u017eaislai","isPartOf":{"@id":"https:\/\/monti.lt\/#website"},"primaryImageOfPage":{"@id":"https:\/\/monti.lt\/product\/dinozauru-kasinejimo-zaidimas\/#primaryimage"},"image":{"@id":"https:\/\/monti.lt\/product\/dinozauru-kasinejimo-zaidimas\/#primaryimage"},"thumbnailUrl":"https:\/\/monti.lt\/wp-content\/uploads\/2025\/12\/lit_pl_Dinozauru-kasinejimu-rinkinys-18610_3.jpg","datePublished":"2025-12-05T15:37:39+00:00","dateModified":"2026-03-02T06:25:55+00:00","breadcrumb":{"@id":"https:\/\/monti.lt\/product\/dinozauru-kasinejimo-zaidimas\/#breadcrumb"},"inLanguage":"en-US","potentialAction":[{"@type":"ReadAction","target":["https:\/\/monti.lt\/product\/dinozauru-kasinejimo-zaidimas\/"]}]},{"@type":"ImageObject","inLanguage":"en-US","@id":"https:\/\/monti.lt\/product\/dinozauru-kasinejimo-zaidimas\/#primaryimage","url":"https:\/\/monti.lt\/wp-content\/uploads\/2025\/12\/lit_pl_Dinozauru-kasinejimu-rinkinys-18610_3.jpg","contentUrl":"https:\/\/monti.lt\/wp-content\/uploads\/2025\/12\/lit_pl_Dinozauru-kasinejimu-rinkinys-18610_3.jpg","width":500,"height":500,"caption":"kasinejimo zaidimas"},{"@type":"BreadcrumbList","@id":"https:\/\/monti.lt\/product\/dinozauru-kasinejimo-zaidimas\/#breadcrumb","itemListElement":[{"@type":"ListItem","position":1,"name":"Home","item":"https:\/\/monti.lt\/"},{"@type":"ListItem","position":2,"name":"Parduotuv\u0117","item":"https:\/\/monti.lt\/shop\/"},{"@type":"ListItem","position":3,"name":"Dinozaur\u0173 kasin\u0117jimo \u017eaidimas"}]},{"@type":"WebSite","@id":"https:\/\/monti.lt\/#website","url":"https:\/\/monti.lt\/","name":"Montessori \u017eaislai","description":"","publisher":{"@id":"https:\/\/monti.lt\/#organization"},"potentialAction":[{"@type":"SearchAction","target":{"@type":"EntryPoint","urlTemplate":"https:\/\/monti.lt\/?s={search_term_string}"},"query-input":"required name=search_term_string"}],"inLanguage":"en-US"},{"@type":"Organization","@id":"https:\/\/monti.lt\/#organization","name":"Montessori \u017eaislai","url":"https:\/\/monti.lt\/","logo":{"@type":"ImageObject","inLanguage":"en-US","@id":"https:\/\/monti.lt\/#\/schema\/logo\/image\/","url":"https:\/\/monti.lt\/wp-content\/uploads\/2022\/03\/montilogo-1.png","contentUrl":"https:\/\/monti.lt\/wp-content\/uploads\/2022\/03\/montilogo-1.png","width":512,"height":512,"caption":"Montessori \u017eaislai"},"image":{"@id":"https:\/\/monti.lt\/#\/schema\/logo\/image\/"}}]}},"_links":{"self":[{"href":"https:\/\/monti.lt\/en\/wp-json\/wp\/v2\/product\/37684"}],"collection":[{"href":"https:\/\/monti.lt\/en\/wp-json\/wp\/v2\/product"}],"about":[{"href":"https:\/\/monti.lt\/en\/wp-json\/wp\/v2\/types\/product"}],"version-history":[{"count":1,"href":"https:\/\/monti.lt\/en\/wp-json\/wp\/v2\/product\/37684\/revisions"}],"predecessor-version":[{"id":37687,"href":"https:\/\/monti.lt\/en\/wp-json\/wp\/v2\/product\/37684\/revisions\/37687"}],"wp:featuredmedia":[{"embeddable":true,"href":"https:\/\/monti.lt\/en\/wp-json\/wp\/v2\/media\/37685"}],"wp:attachment":[{"href":"https:\/\/monti.lt\/en\/wp-json\/wp\/v2\/media?parent=37684"}],"wp:term":[{"taxonomy":"product_cat","embeddable":true,"href":"https:\/\/monti.lt\/en\/wp-json\/wp\/v2\/product_cat?post=37684"},{"taxonomy":"product_tag","embeddable":true,"href":"https:\/\/monti.lt\/en\/wp-json\/wp\/v2\/product_tag?post=37684"}],"curies":[{"name":"wp","href":"https:\/\/api.w.org\/{rel}","templated":true}]}}