{"id":37976,"date":"2025-12-09T13:01:52","date_gmt":"2025-12-09T13:01:52","guid":{"rendered":"https:\/\/monti.lt\/?post_type=product&#038;p=37976"},"modified":"2026-02-04T08:22:49","modified_gmt":"2026-02-04T08:22:49","slug":"rankdarbiu-dezute","status":"publish","type":"product","link":"https:\/\/monti.lt\/en\/product\/rankdarbiu-dezute\/","title":{"rendered":"Rankdarbi\u0173 d\u0117\u017eut\u0117"},"content":{"rendered":"<p>Vaik\u0173 k\u016brybi\u0161kumas neturi rib\u0173 \u2013 tod\u0117l verta jiems padovanoti meno rinkin\u012f, kuris leis jiems savo vaizduot\u0119 paversti realybe!<\/p>\n\n\n\n<p>MENO RINKINYS VAIKAMS \u2013 RINKINIO TURINYS<\/p>\n\n\n\n<p>Rinkinyje yra daugyb\u0117 pried\u0173 (net 1200 vienet\u0173!), kuri\u0173 pagalba vaikai gali kurti \u012fvairius k\u016brinius. Kiekvienas naujas k\u016brinys bus visi\u0161kai kitoks nei ankstesnis!<\/p>\n\n\n\n<p>Rinkinyje yra toki\u0173 element\u0173 kaip:<\/p>\n\n\n\n<p>Spalvoti p\u016bkuoti pagaliukai, kuriuos galima lankstyti, sukti ir sulankstyti \u2013 visa tai pad\u0117s sukurti gra\u017eias gyv\u016bn\u0173 fig\u016br\u0117les, dekoratyvines g\u0117les ar bet k\u0105 kit\u0105, k\u0105 pasi\u016blys j\u016bs\u0173 vaiko vaizduot\u0117!<br>Lipduk\u0173 rinkiniai, kuriuos galima klijuoti bet kur, kad daiktas tapt\u0173 spalvingesnis!<br>Judan\u010dios akys, kurios privers bet kok\u012f i\u0161 lazdel\u0117s sukurt\u0105 gyv\u016bn\u0105 atgyti su judan\u010diomis akimis!<br>\u012evairi\u0173 form\u0173, spalv\u0173 ir dyd\u017ei\u0173 konfeti bus gra\u017ei vis\u0173 atviruk\u0173 ir paveiksl\u0117li\u0173 puo\u0161mena!<br>Spalvotos atvirut\u0117s, i\u0161 kuri\u0173 galima i\u0161kirpti \u012fvairias formas ar netgi sukurti \u012fdomias origami fig\u016bras!<br>Medin\u0117s lazdel\u0117s suteiks ne\u012fprast\u0105 i\u0161vaizd\u0105 bet kokiam projektui, bet jos taip pat bus naudojamos, pavyzd\u017eiui, l\u0117l\u0117ms ant lazdel\u0117s kurti.<br>Spalvingos plunksnos, pomponai ir sagos bus papildomi elementai, kurie ne tik suteiks spalv\u0173 projektams, bet ir papildomai stimuliuos jutimus.<br>MENO IR AMAT\u0172 RINKINYS \u2013 KOKIE JO PRIVALUMAI?<\/p>\n\n\n\n<p>Vaikams skirtas amat\u0173 rinkinys, sudarytas i\u0161 daugyb\u0117s dali\u0173, i\u0161 kuri\u0173 jie gali kurti \u012fvairius k\u016brinius, yra puikus b\u016bdas lavinti vaik\u0173 rank\u0173 \u012fg\u016bd\u017eius. Klijavimas, karpymas, lenkimas ar siuvimas lavina motorinius \u012fg\u016bd\u017eius, pir\u0161t\u0173 tikslum\u0105 ir aki\u0173 bei rank\u0173 koordinacij\u0105.<\/p>\n\n\n\n<p>Ta\u010diau \u017eaisdami vaikai lavina ir protinius geb\u0117jimus \u2013 nauj\u0173 k\u016brini\u0173 planavimas ir element\u0173 i\u0161d\u0117stymas skatina k\u016brybin\u012f m\u0105stym\u0105, ugdo estetikos jausm\u0105 ir teigiamai veikia vaiko vaizduot\u0119.<\/p>\n\n\n\n<p>Amat\u0173 rinkiniai pad\u0117s praleisti vakarus kartu \u017eaisiant su rinkiniu ir sustiprins vaik\u0173 ir t\u0117v\u0173 ry\u0161\u012f. Be to, \u0161eimos darbas moko labai vertingo komandinio darbo \u012fg\u016bd\u017eio.<\/p>\n\n\n\n<p>Rinkinys supakuotas \u012f esteti\u0161k\u0105 ro\u017ein\u0119 d\u0117\u017eut\u0119, tod\u0117l puikiai tinka dovanoti tiek ma\u017eesniems, tiek vyresniems vaikams!<\/p>\n\n\n\n<p>PRODUKTO INFORMACIJA:<\/p>\n\n\n\n<p>RINKINIO TURINYS:<\/p>\n\n\n\n<p>P\u016bkuotosios vielos 9 spalv\u0173 x100<br>Blizgiosios vielos 9 spalv\u0173 x50<br>Medin\u0117s vielos 6 spalv\u0173 x50<br>Spalvotos kortel\u0117s 10 spalv\u0173<br>Klevo lipdukai 10 spalv\u0173 x40<br>Sag\u0117s 9 spalv\u0173 x50<br>Judantys akys dviej\u0173 dyd\u017ei\u0173 x50<br>Spalvotos judan\u010dios akys x52<br>Pomponai \u012fvairi\u0173 dyd\u017ei\u0173 ir spalv\u0173 x100<br>Blizg\u016bs pomponai x32<br>Spalvotos plunksnos x30<br>Spalvotos karoliukai x100<br>Karoliukai su raid\u0117mis x100<br>\u012evairi\u0173 spalv\u0173 fig\u016br\u0117li\u0173 rinkinys \u2013 konfeti<br>Lipduk\u0173 rinkinys<br>Plastikin\u0117 virvel\u0117 karoliukams suverti<br>\u017dirkl\u0117s<br>MATMENYS:<\/p>\n\n\n\n<p>Lazdel\u0117 (ilgis): 30 cm<br>Atvirukai: 10 cm x 10 cm<br>Klevo lipdukas: 3 cm x 3,5 cm<br>Sag\u0117 (skersmuo): 1 cm<br>Judantys akys (skersmuo): 1,5 cm<br>Plunksna (ilgis): 12 cm<br>Karoliukas (skersmuo): 0,7 cm<br>Virvel\u0117 (ilgis): apie 9 m<br>\u017dirkl\u0117s: 13,6 cm x 6 cm<br>Pakuot\u0117: 31 cm x 20,2 cm 6,2 cm<br>K\u016brybinis rinkinys supakuotas \u012f esteti\u0161k\u0105 kartonin\u0119 d\u0117\u017eut\u0119.<\/p>","protected":false},"excerpt":{"rendered":"<p>Vaik\u0173 k\u016brybi\u0161kumas neturi rib\u0173 \u2013 tod\u0117l verta jiems padovanoti meno rinkin\u012f, kuris leis jiems savo vaizduot\u0119 paversti realybe! MENO RINKINYS VAIKAMS \u2013 RINKINIO TURINYS Rinkinyje yra daugyb\u0117 pried\u0173 (net 1200 vienet\u0173!), kuri\u0173 pagalba vaikai gali kurti \u012fvairius k\u016brinius. Kiekvienas naujas k\u016brinys bus visi\u0161kai kitoks nei ankstesnis! Rinkinyje yra toki\u0173 element\u0173 kaip: Spalvoti p\u016bkuoti pagaliukai, kuriuos [&hellip;]<\/p>","protected":false},"featured_media":37977,"template":"","meta":{"_acf_changed":false,"iawp_total_views":135},"product_cat":[87,84,83,86,49,39],"product_tag":[97,98,99],"class_list":{"0":"post-37976","1":"product","2":"type-product","3":"status-publish","4":"has-post-thumbnail","6":"product_cat-kurybiniai-rinkiniai","7":"product_cat-lavinamieji-zaislai","8":"product_cat-montessori-zaislai","9":"product_cat-smulkioji-motorika","10":"product_cat-visi-zaislai","11":"product_cat-zaislai","12":"product_tag-3-m-4-m","13":"product_tag-5-m-7-m","14":"product_tag-8-m-11-m","16":"first","17":"outofstock","18":"sale","19":"taxable","20":"shipping-taxable","21":"purchasable","22":"product-type-simple"},"acf":[],"yoast_head":"<!-- This site is optimized with the Yoast SEO plugin v23.3 - https:\/\/yoast.com\/wordpress\/plugins\/seo\/ -->\n<title>Rankdarbi\u0173 d\u0117\u017eut\u0117 - Montessori \u017eaislai<\/title>\n<meta name=\"robots\" content=\"index, follow, max-snippet:-1, max-image-preview:large, max-video-preview:-1\" \/>\n<link rel=\"canonical\" href=\"https:\/\/monti.lt\/en\/product\/rankdarbiu-dezute\/\" \/>\n<meta property=\"og:locale\" content=\"en_US\" \/>\n<meta property=\"og:type\" content=\"article\" \/>\n<meta property=\"og:title\" content=\"Rankdarbi\u0173 d\u0117\u017eut\u0117 - Montessori \u017eaislai\" \/>\n<meta property=\"og:description\" content=\"Vaik\u0173 k\u016brybi\u0161kumas neturi rib\u0173 \u2013 tod\u0117l verta jiems padovanoti meno rinkin\u012f, kuris leis jiems savo vaizduot\u0119 paversti realybe! MENO RINKINYS VAIKAMS \u2013 RINKINIO TURINYS Rinkinyje yra daugyb\u0117 pried\u0173 (net 1200 vienet\u0173!), kuri\u0173 pagalba vaikai gali kurti \u012fvairius k\u016brinius. Kiekvienas naujas k\u016brinys bus visi\u0161kai kitoks nei ankstesnis! Rinkinyje yra toki\u0173 element\u0173 kaip: Spalvoti p\u016bkuoti pagaliukai, kuriuos [&hellip;]\" \/>\n<meta property=\"og:url\" content=\"https:\/\/monti.lt\/en\/product\/rankdarbiu-dezute\/\" \/>\n<meta property=\"og:site_name\" content=\"Montessori \u017eaislai\" \/>\n<meta property=\"article:modified_time\" content=\"2026-02-04T08:22:49+00:00\" \/>\n<meta property=\"og:image\" content=\"https:\/\/monti.lt\/wp-content\/uploads\/2025\/12\/Creative-handwork-art-set-for-children-1200el-168992.jpg\" \/>\n\t<meta property=\"og:image:width\" content=\"1024\" \/>\n\t<meta property=\"og:image:height\" content=\"1024\" \/>\n\t<meta property=\"og:image:type\" content=\"image\/jpeg\" \/>\n<meta name=\"twitter:card\" content=\"summary_large_image\" \/>\n<meta name=\"twitter:label1\" content=\"Est. reading time\" \/>\n\t<meta name=\"twitter:data1\" content=\"3 minutes\" \/>\n<script type=\"application\/ld+json\" class=\"yoast-schema-graph\">{\"@context\":\"https:\/\/schema.org\",\"@graph\":[{\"@type\":\"WebPage\",\"@id\":\"https:\/\/monti.lt\/product\/rankdarbiu-dezute\/\",\"url\":\"https:\/\/monti.lt\/product\/rankdarbiu-dezute\/\",\"name\":\"Rankdarbi\u0173 d\u0117\u017eut\u0117 - Montessori \u017eaislai\",\"isPartOf\":{\"@id\":\"https:\/\/monti.lt\/#website\"},\"primaryImageOfPage\":{\"@id\":\"https:\/\/monti.lt\/product\/rankdarbiu-dezute\/#primaryimage\"},\"image\":{\"@id\":\"https:\/\/monti.lt\/product\/rankdarbiu-dezute\/#primaryimage\"},\"thumbnailUrl\":\"https:\/\/monti.lt\/wp-content\/uploads\/2025\/12\/Creative-handwork-art-set-for-children-1200el-168992.jpg\",\"datePublished\":\"2025-12-09T13:01:52+00:00\",\"dateModified\":\"2026-02-04T08:22:49+00:00\",\"breadcrumb\":{\"@id\":\"https:\/\/monti.lt\/product\/rankdarbiu-dezute\/#breadcrumb\"},\"inLanguage\":\"en-US\",\"potentialAction\":[{\"@type\":\"ReadAction\",\"target\":[\"https:\/\/monti.lt\/product\/rankdarbiu-dezute\/\"]}]},{\"@type\":\"ImageObject\",\"inLanguage\":\"en-US\",\"@id\":\"https:\/\/monti.lt\/product\/rankdarbiu-dezute\/#primaryimage\",\"url\":\"https:\/\/monti.lt\/wp-content\/uploads\/2025\/12\/Creative-handwork-art-set-for-children-1200el-168992.jpg\",\"contentUrl\":\"https:\/\/monti.lt\/wp-content\/uploads\/2025\/12\/Creative-handwork-art-set-for-children-1200el-168992.jpg\",\"width\":1024,\"height\":1024,\"caption\":\"rankdarbiu degute\"},{\"@type\":\"BreadcrumbList\",\"@id\":\"https:\/\/monti.lt\/product\/rankdarbiu-dezute\/#breadcrumb\",\"itemListElement\":[{\"@type\":\"ListItem\",\"position\":1,\"name\":\"Home\",\"item\":\"https:\/\/monti.lt\/\"},{\"@type\":\"ListItem\",\"position\":2,\"name\":\"Parduotuv\u0117\",\"item\":\"https:\/\/monti.lt\/shop\/\"},{\"@type\":\"ListItem\",\"position\":3,\"name\":\"Rankdarbi\u0173 d\u0117\u017eut\u0117\"}]},{\"@type\":\"WebSite\",\"@id\":\"https:\/\/monti.lt\/#website\",\"url\":\"https:\/\/monti.lt\/\",\"name\":\"Montessori \u017eaislai\",\"description\":\"\",\"publisher\":{\"@id\":\"https:\/\/monti.lt\/#organization\"},\"potentialAction\":[{\"@type\":\"SearchAction\",\"target\":{\"@type\":\"EntryPoint\",\"urlTemplate\":\"https:\/\/monti.lt\/?s={search_term_string}\"},\"query-input\":\"required name=search_term_string\"}],\"inLanguage\":\"en-US\"},{\"@type\":\"Organization\",\"@id\":\"https:\/\/monti.lt\/#organization\",\"name\":\"Montessori \u017eaislai\",\"url\":\"https:\/\/monti.lt\/\",\"logo\":{\"@type\":\"ImageObject\",\"inLanguage\":\"en-US\",\"@id\":\"https:\/\/monti.lt\/#\/schema\/logo\/image\/\",\"url\":\"https:\/\/monti.lt\/wp-content\/uploads\/2022\/03\/montilogo-1.png\",\"contentUrl\":\"https:\/\/monti.lt\/wp-content\/uploads\/2022\/03\/montilogo-1.png\",\"width\":512,\"height\":512,\"caption\":\"Montessori \u017eaislai\"},\"image\":{\"@id\":\"https:\/\/monti.lt\/#\/schema\/logo\/image\/\"}}]}<\/script>\n<!-- \/ Yoast SEO plugin. -->","yoast_head_json":{"title":"Rankdarbi\u0173 d\u0117\u017eut\u0117 - Montessori \u017eaislai","robots":{"index":"index","follow":"follow","max-snippet":"max-snippet:-1","max-image-preview":"max-image-preview:large","max-video-preview":"max-video-preview:-1"},"canonical":"https:\/\/monti.lt\/en\/product\/rankdarbiu-dezute\/","og_locale":"en_US","og_type":"article","og_title":"Rankdarbi\u0173 d\u0117\u017eut\u0117 - Montessori \u017eaislai","og_description":"Vaik\u0173 k\u016brybi\u0161kumas neturi rib\u0173 \u2013 tod\u0117l verta jiems padovanoti meno rinkin\u012f, kuris leis jiems savo vaizduot\u0119 paversti realybe! MENO RINKINYS VAIKAMS \u2013 RINKINIO TURINYS Rinkinyje yra daugyb\u0117 pried\u0173 (net 1200 vienet\u0173!), kuri\u0173 pagalba vaikai gali kurti \u012fvairius k\u016brinius. Kiekvienas naujas k\u016brinys bus visi\u0161kai kitoks nei ankstesnis! Rinkinyje yra toki\u0173 element\u0173 kaip: Spalvoti p\u016bkuoti pagaliukai, kuriuos [&hellip;]","og_url":"https:\/\/monti.lt\/en\/product\/rankdarbiu-dezute\/","og_site_name":"Montessori \u017eaislai","article_modified_time":"2026-02-04T08:22:49+00:00","og_image":[{"width":1024,"height":1024,"url":"https:\/\/monti.lt\/wp-content\/uploads\/2025\/12\/Creative-handwork-art-set-for-children-1200el-168992.jpg","type":"image\/jpeg"}],"twitter_card":"summary_large_image","twitter_misc":{"Est. reading time":"3 minutes"},"schema":{"@context":"https:\/\/schema.org","@graph":[{"@type":"WebPage","@id":"https:\/\/monti.lt\/product\/rankdarbiu-dezute\/","url":"https:\/\/monti.lt\/product\/rankdarbiu-dezute\/","name":"Rankdarbi\u0173 d\u0117\u017eut\u0117 - Montessori \u017eaislai","isPartOf":{"@id":"https:\/\/monti.lt\/#website"},"primaryImageOfPage":{"@id":"https:\/\/monti.lt\/product\/rankdarbiu-dezute\/#primaryimage"},"image":{"@id":"https:\/\/monti.lt\/product\/rankdarbiu-dezute\/#primaryimage"},"thumbnailUrl":"https:\/\/monti.lt\/wp-content\/uploads\/2025\/12\/Creative-handwork-art-set-for-children-1200el-168992.jpg","datePublished":"2025-12-09T13:01:52+00:00","dateModified":"2026-02-04T08:22:49+00:00","breadcrumb":{"@id":"https:\/\/monti.lt\/product\/rankdarbiu-dezute\/#breadcrumb"},"inLanguage":"en-US","potentialAction":[{"@type":"ReadAction","target":["https:\/\/monti.lt\/product\/rankdarbiu-dezute\/"]}]},{"@type":"ImageObject","inLanguage":"en-US","@id":"https:\/\/monti.lt\/product\/rankdarbiu-dezute\/#primaryimage","url":"https:\/\/monti.lt\/wp-content\/uploads\/2025\/12\/Creative-handwork-art-set-for-children-1200el-168992.jpg","contentUrl":"https:\/\/monti.lt\/wp-content\/uploads\/2025\/12\/Creative-handwork-art-set-for-children-1200el-168992.jpg","width":1024,"height":1024,"caption":"rankdarbiu degute"},{"@type":"BreadcrumbList","@id":"https:\/\/monti.lt\/product\/rankdarbiu-dezute\/#breadcrumb","itemListElement":[{"@type":"ListItem","position":1,"name":"Home","item":"https:\/\/monti.lt\/"},{"@type":"ListItem","position":2,"name":"Parduotuv\u0117","item":"https:\/\/monti.lt\/shop\/"},{"@type":"ListItem","position":3,"name":"Rankdarbi\u0173 d\u0117\u017eut\u0117"}]},{"@type":"WebSite","@id":"https:\/\/monti.lt\/#website","url":"https:\/\/monti.lt\/","name":"Montessori \u017eaislai","description":"","publisher":{"@id":"https:\/\/monti.lt\/#organization"},"potentialAction":[{"@type":"SearchAction","target":{"@type":"EntryPoint","urlTemplate":"https:\/\/monti.lt\/?s={search_term_string}"},"query-input":"required name=search_term_string"}],"inLanguage":"en-US"},{"@type":"Organization","@id":"https:\/\/monti.lt\/#organization","name":"Montessori \u017eaislai","url":"https:\/\/monti.lt\/","logo":{"@type":"ImageObject","inLanguage":"en-US","@id":"https:\/\/monti.lt\/#\/schema\/logo\/image\/","url":"https:\/\/monti.lt\/wp-content\/uploads\/2022\/03\/montilogo-1.png","contentUrl":"https:\/\/monti.lt\/wp-content\/uploads\/2022\/03\/montilogo-1.png","width":512,"height":512,"caption":"Montessori \u017eaislai"},"image":{"@id":"https:\/\/monti.lt\/#\/schema\/logo\/image\/"}}]}},"_links":{"self":[{"href":"https:\/\/monti.lt\/en\/wp-json\/wp\/v2\/product\/37976"}],"collection":[{"href":"https:\/\/monti.lt\/en\/wp-json\/wp\/v2\/product"}],"about":[{"href":"https:\/\/monti.lt\/en\/wp-json\/wp\/v2\/types\/product"}],"version-history":[{"count":1,"href":"https:\/\/monti.lt\/en\/wp-json\/wp\/v2\/product\/37976\/revisions"}],"predecessor-version":[{"id":37988,"href":"https:\/\/monti.lt\/en\/wp-json\/wp\/v2\/product\/37976\/revisions\/37988"}],"wp:featuredmedia":[{"embeddable":true,"href":"https:\/\/monti.lt\/en\/wp-json\/wp\/v2\/media\/37977"}],"wp:attachment":[{"href":"https:\/\/monti.lt\/en\/wp-json\/wp\/v2\/media?parent=37976"}],"wp:term":[{"taxonomy":"product_cat","embeddable":true,"href":"https:\/\/monti.lt\/en\/wp-json\/wp\/v2\/product_cat?post=37976"},{"taxonomy":"product_tag","embeddable":true,"href":"https:\/\/monti.lt\/en\/wp-json\/wp\/v2\/product_tag?post=37976"}],"curies":[{"name":"wp","href":"https:\/\/api.w.org\/{rel}","templated":true}]}}