{"id":39330,"date":"2026-02-26T12:33:06","date_gmt":"2026-02-26T12:33:06","guid":{"rendered":"https:\/\/monti.lt\/?post_type=product&#038;p=39330"},"modified":"2026-03-27T09:46:01","modified_gmt":"2026-03-27T09:46:01","slug":"kidikutter-peilis-rozinio-aukso-spalvos-ribotas-leidimas","status":"publish","type":"product","link":"https:\/\/monti.lt\/en\/product\/kidikutter-peilis-rozinio-aukso-spalvos-ribotas-leidimas\/","title":{"rendered":"Kiddikutter peilis ro\u017einio aukso spalvos (Ribotas leidimas)"},"content":{"rendered":"<p>PJAUKITE VISK\u0104, I\u0160SKYRUS PIR\u0160TUS!<\/p>\n\n\n\n<p>Kiddikutter ribotos serijos vaik\u0173 peilis yra smagus ir saugus b\u016bdas t\u0117vams mokyti vaikus kulinarijos meno. Jo gele\u017et\u0117 pagaminta i\u0161 ner\u016bdijan\u010dio plieno, ro\u017einio aukso spalvos. Smagus b\u016bdas tobulinti smulki\u0105j\u0105 motorik\u0105. J\u016bs ir j\u016bs\u0173 vaikai gal\u0117site saugiai ir be streso pramogauti virtuv\u0117je, nes nereik\u0117s jaudintis d\u0117l nemaloni\u0173 pj\u016bvi\u0173.<\/p>\n\n\n\n<p>\u201eKiddikutter\u201c peiliai turi apvalius dantukus, kurie veiksmingai pjausto maist\u0105, o ne od\u0105. Jie veikia d\u0117l pjovimo judesio.<\/p>\n\n\n\n<p>\u201eKiddikutter\u201c peiliai turi apvalius dantukus, kurie efektyviai pjausto maist\u0105, o ne od\u0105. Jie veikia pjovimo judesiu, kuris i\u0161laiko kontakt\u0105 su maisto pavir\u0161iumi, taip suma\u017eindamas pastangas, reikalingas pjaustyti, supjaustyti kubeliais ir smulkinti.<\/p>\n\n\n\n<p>Naudokite \u201eKiddiKutter\u201c kaip stalo peil\u012f, pjaustykite dar\u017eoves maistui ir netgi gaminkite skan\u0173 vaisi\u0173 salotas. Jis taip pat labai naudingas suaugusiems ir vaikams, turintiems motorini\u0173 sunkum\u0173. \u201eKiddiKutter\u201c vaik\u0173 peilis buvo sukurtas Australijoje 3 met\u0173 vaikams. Jis leid\u017eia vaikams savaranki\u0161kai pjaustyti maist\u0105. Taip pat leid\u017eia saugiai dalyvauti maisto ruo\u0161ime, nesukeliant pavojaus susi\u017ealoti pir\u0161tus.<\/p>\n\n\n\n<p>\u012esp\u0117jimas: Vaik\u0173 peilis gali b\u016bti naudojamas nuo 3 met\u0173 am\u017eiaus, visada pri\u017ei\u016brint suaugusiesiems.<\/p>","protected":false},"excerpt":{"rendered":"<p>PJAUKITE VISK\u0104, I\u0160SKYRUS PIR\u0160TUS! Kiddikutter ribotos serijos vaik\u0173 peilis yra smagus ir saugus b\u016bdas t\u0117vams mokyti vaikus kulinarijos meno. Jo gele\u017et\u0117 pagaminta i\u0161 ner\u016bdijan\u010dio plieno, ro\u017einio aukso spalvos. Smagus b\u016bdas tobulinti smulki\u0105j\u0105 motorik\u0105. J\u016bs ir j\u016bs\u0173 vaikai gal\u0117site saugiai ir be streso pramogauti virtuv\u0117je, nes nereik\u0117s jaudintis d\u0117l nemaloni\u0173 pj\u016bvi\u0173. \u201eKiddikutter\u201c peiliai turi apvalius dantukus, [&hellip;]<\/p>","protected":false},"featured_media":39331,"template":"","meta":{"_acf_changed":false,"iawp_total_views":50},"product_cat":[213,82,255,84,242,86,50,257,258,49,39],"product_tag":[97,98],"class_list":{"0":"post-39330","1":"product","2":"type-product","3":"status-publish","4":"has-post-thumbnail","6":"product_cat-akcija","7":"product_cat-ispardavimas","8":"product_cat-kiddikutter","9":"product_cat-lavinamieji-zaislai","10":"product_cat-pagal-gamintoja","11":"product_cat-smulkioji-motorika","12":"product_cat-top-dovanos","13":"product_cat-vaiku-prieziura","14":"product_cat-virtuves-irankiai-vaikams","15":"product_cat-visi-zaislai","16":"product_cat-zaislai","17":"product_tag-3-m-4-m","18":"product_tag-5-m-7-m","20":"first","21":"instock","22":"sale","23":"taxable","24":"shipping-taxable","25":"purchasable","26":"product-type-simple"},"acf":[],"yoast_head":"<!-- This site is optimized with the Yoast SEO plugin v23.3 - https:\/\/yoast.com\/wordpress\/plugins\/seo\/ -->\n<title>Kiddikutter peilis ro\u017einio aukso spalvos (Ribotas leidimas) - Montessori \u017eaislai<\/title>\n<meta name=\"robots\" content=\"index, follow, max-snippet:-1, max-image-preview:large, max-video-preview:-1\" \/>\n<link rel=\"canonical\" href=\"https:\/\/monti.lt\/en\/product\/kidikutter-peilis-rozinio-aukso-spalvos-ribotas-leidimas\/\" \/>\n<meta property=\"og:locale\" content=\"en_US\" \/>\n<meta property=\"og:type\" content=\"article\" \/>\n<meta property=\"og:title\" content=\"Kiddikutter peilis ro\u017einio aukso spalvos (Ribotas leidimas) - Montessori \u017eaislai\" \/>\n<meta property=\"og:description\" content=\"PJAUKITE VISK\u0104, I\u0160SKYRUS PIR\u0160TUS! Kiddikutter ribotos serijos vaik\u0173 peilis yra smagus ir saugus b\u016bdas t\u0117vams mokyti vaikus kulinarijos meno. Jo gele\u017et\u0117 pagaminta i\u0161 ner\u016bdijan\u010dio plieno, ro\u017einio aukso spalvos. Smagus b\u016bdas tobulinti smulki\u0105j\u0105 motorik\u0105. J\u016bs ir j\u016bs\u0173 vaikai gal\u0117site saugiai ir be streso pramogauti virtuv\u0117je, nes nereik\u0117s jaudintis d\u0117l nemaloni\u0173 pj\u016bvi\u0173. \u201eKiddikutter\u201c peiliai turi apvalius dantukus, [&hellip;]\" \/>\n<meta property=\"og:url\" content=\"https:\/\/monti.lt\/en\/product\/kidikutter-peilis-rozinio-aukso-spalvos-ribotas-leidimas\/\" \/>\n<meta property=\"og:site_name\" content=\"Montessori \u017eaislai\" \/>\n<meta property=\"article:modified_time\" content=\"2026-03-27T09:46:01+00:00\" \/>\n<meta property=\"og:image\" content=\"https:\/\/monti.lt\/wp-content\/uploads\/2026\/02\/AJH_9682.png\" \/>\n\t<meta property=\"og:image:width\" content=\"1920\" \/>\n\t<meta property=\"og:image:height\" content=\"1920\" \/>\n\t<meta property=\"og:image:type\" content=\"image\/png\" \/>\n<meta name=\"twitter:card\" content=\"summary_large_image\" \/>\n<meta name=\"twitter:label1\" content=\"Est. reading time\" \/>\n\t<meta name=\"twitter:data1\" content=\"2 minutes\" \/>\n<script type=\"application\/ld+json\" class=\"yoast-schema-graph\">{\"@context\":\"https:\/\/schema.org\",\"@graph\":[{\"@type\":\"WebPage\",\"@id\":\"https:\/\/monti.lt\/product\/kidikutter-peilis-rozinio-aukso-spalvos-ribotas-leidimas\/\",\"url\":\"https:\/\/monti.lt\/product\/kidikutter-peilis-rozinio-aukso-spalvos-ribotas-leidimas\/\",\"name\":\"Kiddikutter peilis ro\u017einio aukso spalvos (Ribotas leidimas) - Montessori \u017eaislai\",\"isPartOf\":{\"@id\":\"https:\/\/monti.lt\/#website\"},\"primaryImageOfPage\":{\"@id\":\"https:\/\/monti.lt\/product\/kidikutter-peilis-rozinio-aukso-spalvos-ribotas-leidimas\/#primaryimage\"},\"image\":{\"@id\":\"https:\/\/monti.lt\/product\/kidikutter-peilis-rozinio-aukso-spalvos-ribotas-leidimas\/#primaryimage\"},\"thumbnailUrl\":\"https:\/\/monti.lt\/wp-content\/uploads\/2026\/02\/AJH_9682.png\",\"datePublished\":\"2026-02-26T12:33:06+00:00\",\"dateModified\":\"2026-03-27T09:46:01+00:00\",\"breadcrumb\":{\"@id\":\"https:\/\/monti.lt\/product\/kidikutter-peilis-rozinio-aukso-spalvos-ribotas-leidimas\/#breadcrumb\"},\"inLanguage\":\"en-US\",\"potentialAction\":[{\"@type\":\"ReadAction\",\"target\":[\"https:\/\/monti.lt\/product\/kidikutter-peilis-rozinio-aukso-spalvos-ribotas-leidimas\/\"]}]},{\"@type\":\"ImageObject\",\"inLanguage\":\"en-US\",\"@id\":\"https:\/\/monti.lt\/product\/kidikutter-peilis-rozinio-aukso-spalvos-ribotas-leidimas\/#primaryimage\",\"url\":\"https:\/\/monti.lt\/wp-content\/uploads\/2026\/02\/AJH_9682.png\",\"contentUrl\":\"https:\/\/monti.lt\/wp-content\/uploads\/2026\/02\/AJH_9682.png\",\"width\":1920,\"height\":1920,\"caption\":\"kiddikutter peilis\"},{\"@type\":\"BreadcrumbList\",\"@id\":\"https:\/\/monti.lt\/product\/kidikutter-peilis-rozinio-aukso-spalvos-ribotas-leidimas\/#breadcrumb\",\"itemListElement\":[{\"@type\":\"ListItem\",\"position\":1,\"name\":\"Home\",\"item\":\"https:\/\/monti.lt\/\"},{\"@type\":\"ListItem\",\"position\":2,\"name\":\"Parduotuv\u0117\",\"item\":\"https:\/\/monti.lt\/shop\/\"},{\"@type\":\"ListItem\",\"position\":3,\"name\":\"Kiddikutter peilis ro\u017einio aukso spalvos (Ribotas leidimas)\"}]},{\"@type\":\"WebSite\",\"@id\":\"https:\/\/monti.lt\/#website\",\"url\":\"https:\/\/monti.lt\/\",\"name\":\"Montessori \u017eaislai\",\"description\":\"\",\"publisher\":{\"@id\":\"https:\/\/monti.lt\/#organization\"},\"potentialAction\":[{\"@type\":\"SearchAction\",\"target\":{\"@type\":\"EntryPoint\",\"urlTemplate\":\"https:\/\/monti.lt\/?s={search_term_string}\"},\"query-input\":\"required name=search_term_string\"}],\"inLanguage\":\"en-US\"},{\"@type\":\"Organization\",\"@id\":\"https:\/\/monti.lt\/#organization\",\"name\":\"Montessori \u017eaislai\",\"url\":\"https:\/\/monti.lt\/\",\"logo\":{\"@type\":\"ImageObject\",\"inLanguage\":\"en-US\",\"@id\":\"https:\/\/monti.lt\/#\/schema\/logo\/image\/\",\"url\":\"https:\/\/monti.lt\/wp-content\/uploads\/2022\/03\/montilogo-1.png\",\"contentUrl\":\"https:\/\/monti.lt\/wp-content\/uploads\/2022\/03\/montilogo-1.png\",\"width\":512,\"height\":512,\"caption\":\"Montessori \u017eaislai\"},\"image\":{\"@id\":\"https:\/\/monti.lt\/#\/schema\/logo\/image\/\"}}]}<\/script>\n<!-- \/ Yoast SEO plugin. -->","yoast_head_json":{"title":"Kiddikutter peilis ro\u017einio aukso spalvos (Ribotas leidimas) - Montessori \u017eaislai","robots":{"index":"index","follow":"follow","max-snippet":"max-snippet:-1","max-image-preview":"max-image-preview:large","max-video-preview":"max-video-preview:-1"},"canonical":"https:\/\/monti.lt\/en\/product\/kidikutter-peilis-rozinio-aukso-spalvos-ribotas-leidimas\/","og_locale":"en_US","og_type":"article","og_title":"Kiddikutter peilis ro\u017einio aukso spalvos (Ribotas leidimas) - Montessori \u017eaislai","og_description":"PJAUKITE VISK\u0104, I\u0160SKYRUS PIR\u0160TUS! Kiddikutter ribotos serijos vaik\u0173 peilis yra smagus ir saugus b\u016bdas t\u0117vams mokyti vaikus kulinarijos meno. Jo gele\u017et\u0117 pagaminta i\u0161 ner\u016bdijan\u010dio plieno, ro\u017einio aukso spalvos. Smagus b\u016bdas tobulinti smulki\u0105j\u0105 motorik\u0105. J\u016bs ir j\u016bs\u0173 vaikai gal\u0117site saugiai ir be streso pramogauti virtuv\u0117je, nes nereik\u0117s jaudintis d\u0117l nemaloni\u0173 pj\u016bvi\u0173. \u201eKiddikutter\u201c peiliai turi apvalius dantukus, [&hellip;]","og_url":"https:\/\/monti.lt\/en\/product\/kidikutter-peilis-rozinio-aukso-spalvos-ribotas-leidimas\/","og_site_name":"Montessori \u017eaislai","article_modified_time":"2026-03-27T09:46:01+00:00","og_image":[{"width":1920,"height":1920,"url":"https:\/\/monti.lt\/wp-content\/uploads\/2026\/02\/AJH_9682.png","type":"image\/png"}],"twitter_card":"summary_large_image","twitter_misc":{"Est. reading time":"2 minutes"},"schema":{"@context":"https:\/\/schema.org","@graph":[{"@type":"WebPage","@id":"https:\/\/monti.lt\/product\/kidikutter-peilis-rozinio-aukso-spalvos-ribotas-leidimas\/","url":"https:\/\/monti.lt\/product\/kidikutter-peilis-rozinio-aukso-spalvos-ribotas-leidimas\/","name":"Kiddikutter peilis ro\u017einio aukso spalvos (Ribotas leidimas) - Montessori \u017eaislai","isPartOf":{"@id":"https:\/\/monti.lt\/#website"},"primaryImageOfPage":{"@id":"https:\/\/monti.lt\/product\/kidikutter-peilis-rozinio-aukso-spalvos-ribotas-leidimas\/#primaryimage"},"image":{"@id":"https:\/\/monti.lt\/product\/kidikutter-peilis-rozinio-aukso-spalvos-ribotas-leidimas\/#primaryimage"},"thumbnailUrl":"https:\/\/monti.lt\/wp-content\/uploads\/2026\/02\/AJH_9682.png","datePublished":"2026-02-26T12:33:06+00:00","dateModified":"2026-03-27T09:46:01+00:00","breadcrumb":{"@id":"https:\/\/monti.lt\/product\/kidikutter-peilis-rozinio-aukso-spalvos-ribotas-leidimas\/#breadcrumb"},"inLanguage":"en-US","potentialAction":[{"@type":"ReadAction","target":["https:\/\/monti.lt\/product\/kidikutter-peilis-rozinio-aukso-spalvos-ribotas-leidimas\/"]}]},{"@type":"ImageObject","inLanguage":"en-US","@id":"https:\/\/monti.lt\/product\/kidikutter-peilis-rozinio-aukso-spalvos-ribotas-leidimas\/#primaryimage","url":"https:\/\/monti.lt\/wp-content\/uploads\/2026\/02\/AJH_9682.png","contentUrl":"https:\/\/monti.lt\/wp-content\/uploads\/2026\/02\/AJH_9682.png","width":1920,"height":1920,"caption":"kiddikutter peilis"},{"@type":"BreadcrumbList","@id":"https:\/\/monti.lt\/product\/kidikutter-peilis-rozinio-aukso-spalvos-ribotas-leidimas\/#breadcrumb","itemListElement":[{"@type":"ListItem","position":1,"name":"Home","item":"https:\/\/monti.lt\/"},{"@type":"ListItem","position":2,"name":"Parduotuv\u0117","item":"https:\/\/monti.lt\/shop\/"},{"@type":"ListItem","position":3,"name":"Kiddikutter peilis ro\u017einio aukso spalvos (Ribotas leidimas)"}]},{"@type":"WebSite","@id":"https:\/\/monti.lt\/#website","url":"https:\/\/monti.lt\/","name":"Montessori \u017eaislai","description":"","publisher":{"@id":"https:\/\/monti.lt\/#organization"},"potentialAction":[{"@type":"SearchAction","target":{"@type":"EntryPoint","urlTemplate":"https:\/\/monti.lt\/?s={search_term_string}"},"query-input":"required name=search_term_string"}],"inLanguage":"en-US"},{"@type":"Organization","@id":"https:\/\/monti.lt\/#organization","name":"Montessori \u017eaislai","url":"https:\/\/monti.lt\/","logo":{"@type":"ImageObject","inLanguage":"en-US","@id":"https:\/\/monti.lt\/#\/schema\/logo\/image\/","url":"https:\/\/monti.lt\/wp-content\/uploads\/2022\/03\/montilogo-1.png","contentUrl":"https:\/\/monti.lt\/wp-content\/uploads\/2022\/03\/montilogo-1.png","width":512,"height":512,"caption":"Montessori \u017eaislai"},"image":{"@id":"https:\/\/monti.lt\/#\/schema\/logo\/image\/"}}]}},"_links":{"self":[{"href":"https:\/\/monti.lt\/en\/wp-json\/wp\/v2\/product\/39330"}],"collection":[{"href":"https:\/\/monti.lt\/en\/wp-json\/wp\/v2\/product"}],"about":[{"href":"https:\/\/monti.lt\/en\/wp-json\/wp\/v2\/types\/product"}],"version-history":[{"count":2,"href":"https:\/\/monti.lt\/en\/wp-json\/wp\/v2\/product\/39330\/revisions"}],"predecessor-version":[{"id":39336,"href":"https:\/\/monti.lt\/en\/wp-json\/wp\/v2\/product\/39330\/revisions\/39336"}],"wp:featuredmedia":[{"embeddable":true,"href":"https:\/\/monti.lt\/en\/wp-json\/wp\/v2\/media\/39331"}],"wp:attachment":[{"href":"https:\/\/monti.lt\/en\/wp-json\/wp\/v2\/media?parent=39330"}],"wp:term":[{"taxonomy":"product_cat","embeddable":true,"href":"https:\/\/monti.lt\/en\/wp-json\/wp\/v2\/product_cat?post=39330"},{"taxonomy":"product_tag","embeddable":true,"href":"https:\/\/monti.lt\/en\/wp-json\/wp\/v2\/product_tag?post=39330"}],"curies":[{"name":"wp","href":"https:\/\/api.w.org\/{rel}","templated":true}]}}