{"id":39457,"date":"2026-03-19T08:33:14","date_gmt":"2026-03-19T08:33:14","guid":{"rendered":"https:\/\/monti.lt\/?post_type=product&#038;p=39457"},"modified":"2026-03-21T10:14:45","modified_gmt":"2026-03-21T10:14:45","slug":"kelioninis-puodukas-pilkas","status":"publish","type":"product","link":"https:\/\/monti.lt\/en\/product\/kelioninis-puodukas-pilkas\/","title":{"rendered":"Kelioninis puodukas, pilkas"},"content":{"rendered":"<h1 class=\"wp-block-heading\">Vaiki\u0161kas kelioninis puodukas, sulankstomas ir ne\u0161iojamas &#8211; puikiai tinka kelion\u0117ms, kelion\u0117ms ir kasdieniniam naudojimui!&nbsp;<\/h1>\n\n\n\n<p>??&nbsp;<strong>puodukas<\/strong>&nbsp;<strong>2in1 \u2013 puodukas ir tualeto s\u0117dyn\u0117<\/strong>&nbsp;\u2013 universalus naudojimas leid\u017eia patogiai naudotis&nbsp;<strong>naudoti tiek keliaujant, tiek namuose<\/strong><\/p>\n\n\n\n<p>??&nbsp;<strong>sulankstomas ir ne\u0161iojamas<\/strong>&nbsp;\u2013 tai leid\u017eia sulankstomas dizainas&nbsp;<strong>Sulenktas jis u\u017eima ma\u017eai vietos<\/strong>&nbsp;, o komplekte yra&nbsp;<strong>dangtelis palengvina transportavim\u0105<\/strong><\/p>\n\n\n\n<p>??&nbsp;<strong>lengva valyti<\/strong>&nbsp;&#8211; nuimamas&nbsp;<strong>lankstus konteineris ir suderinami plastikiniai mai\u0161eliai u\u017etikrina maksimali\u0105 higien\u0105<\/strong>&nbsp;ir naudojimo patogumas&nbsp;<\/p>\n\n\n\n<p>??<strong>&nbsp;saugumo ir stabilumo<\/strong>&nbsp;&#8211;&nbsp;<strong>neslid\u017eios kojel\u0117s ir tvirta konstrukcija<\/strong>&nbsp;garantuoja stabilum\u0105 ant bet kokio pavir\u0161iaus<\/p>\n\n\n\n<p>??&nbsp;<strong>Komplekte 100 mai\u0161eli\u0173<\/strong>&nbsp;&#8211;&nbsp;<strong>patvarus, su virvele ir ausyt\u0117mis, pritaikytas prie puoduko<\/strong>&nbsp;, lengvam ir higieni\u0161kam naudojimui<\/p>\n\n\n\n<p><strong>paprastas surinkimas&nbsp;<\/strong>&#8211; Lengvai sulankstoma puoduko sistema leid\u017eia lengvai tvarkytis kiekvienam t\u0117vui,&nbsp;<strong>jo paruo\u0161imas naudojimui u\u017etrunka tik 5 sekundes<\/strong><\/p>\n\n\n\n<h2 class=\"wp-block-heading\">Stengiam\u0117s labiau! Produktas buvo supakuotas \u012f stor\u0105 gabenimo kartonin\u0119 d\u0117\u017e\u0119.<\/h2>\n\n\n\n<p>Mes naudojame, kad&nbsp;<strong>apsaugotume kelionin\u012f puod\u0105 nuo pa\u017eeidim\u0173,&nbsp;<\/strong>jei norite kam nors padovanoti.&nbsp;<\/p>\n\n\n\n<h2 class=\"wp-block-heading\">Galima naudoti \u012fvairiai \u2013 2 viename puodukas<\/h2>\n\n\n\n<p>Kompakti\u0161kas puoduko dizainas leid\u017eia tai b\u016bti&nbsp;<strong>universalus naudojimas<\/strong>&nbsp;, tod\u0117l puikiai tinka tiek kelion\u0117ms, tiek namuose.&nbsp;<strong>Sulankstomas dizainas ir patogus transportavimas<\/strong>&nbsp;padidinti naudojimosi komfort\u0105, padedant mokytis savaranki\u0161kai naudotis tualetu.<\/p>\n\n\n\n<ul class=\"wp-block-list\">\n<li><strong>Laisvai stovintis puodukas<\/strong>\u00a0\u2013 stabili konstrukcija su\u00a0<strong>4 fiksuojamos kojel\u0117s<\/strong>\u00a0leid\u017eia greitai paruo\u0161ti naudojimui ir\u00a0<strong>silikoninis indelis<\/strong>\u00a0palengvina valym\u0105 ir higienos prie\u017ei\u016br\u0105.<\/li>\n\n\n\n<li><strong>Tualeto s\u0117dyn\u0117s u\u017evalkalas<\/strong>\u00a0\u2013 i\u0161skleidus kojeles ir i\u0161\u0117mus vidin\u012f ind\u0105, puodukas gali veikti\u00a0<strong>tualeto s\u0117dyni\u0173 u\u017evalkalai<\/strong>\u00a0, padedantys j\u016bs\u0173 vaikui pereiti \u012f standartin\u012f tualet\u0105.<\/li>\n<\/ul>\n\n\n\n<p><strong>GAMINTOJAS:<\/strong><\/p>\n\n\n\n<p>ISO TRADE Sp\u00f3\u0142ka z o.o.<br>ul. Hangarowa 15<br>59-220 Legnica, Polska<br><br>office@iso-trade.biz<\/p>\n\n\n\n<p><strong>ATSAKINGAS ASMENYS ES:<\/strong><\/p>\n\n\n\n<p>ISO TRADE<\/p>\n\n\n\n<p><strong>\u012eSP\u0116JIMO TURINYS:<\/strong><\/p>\n\n\n\n<p>&#8211; Puod\u0105 tur\u0117t\u0173 surinkti tik suaugusieji.<br>&#8211; Sumontav\u0119 \u012fsitikinkite, kad puodas yra stabilus ir saugus.<br>&#8211; Galima naudoti tik pri\u017ei\u016brint suaugusiems.<br>&#8211; Reguliariai valykite puod\u0105 po kiekvieno naudojimo, kad i\u0161vengtum\u0117te bakterij\u0173 augimo.<br>&#8211; Puod\u0105 laikykite sausoje vietoje, atokiau nuo tiesiogini\u0173 saul\u0117s spinduli\u0173 ir auk\u0161tos temperat\u016bros, kad med\u017eiagos nedeformuot\u0173si.<br><br>\u012esp\u0117jimas! Niekada nepalikite savo vaiko be prie\u017ei\u016bros.<\/p>","protected":false},"excerpt":{"rendered":"<p>Vaiki\u0161kas kelioninis puodukas, sulankstomas ir ne\u0161iojamas &#8211; puikiai tinka kelion\u0117ms, kelion\u0117ms ir kasdieniniam naudojimui!&nbsp; ??&nbsp;puodukas&nbsp;2in1 \u2013 puodukas ir tualeto s\u0117dyn\u0117&nbsp;\u2013 universalus naudojimas leid\u017eia patogiai naudotis&nbsp;naudoti tiek keliaujant, tiek namuose ??&nbsp;sulankstomas ir ne\u0161iojamas&nbsp;\u2013 tai leid\u017eia sulankstomas dizainas&nbsp;Sulenktas jis u\u017eima ma\u017eai vietos&nbsp;, o komplekte yra&nbsp;dangtelis palengvina transportavim\u0105 ??&nbsp;lengva valyti&nbsp;&#8211; nuimamas&nbsp;lankstus konteineris ir suderinami plastikiniai mai\u0161eliai u\u017etikrina maksimali\u0105 [&hellip;]<\/p>","protected":false},"featured_media":39458,"template":"","meta":{"_acf_changed":false,"iawp_total_views":65},"product_cat":[257,49,39,201],"product_tag":[95,96,97,94],"class_list":{"0":"post-39457","1":"product","2":"type-product","3":"status-publish","4":"has-post-thumbnail","6":"product_cat-vaiku-prieziura","7":"product_cat-visi-zaislai","8":"product_cat-zaislai","9":"product_cat-zaislai-kelioneje","10":"product_tag-1-m-2-m","11":"product_tag-2-m-3-m","12":"product_tag-3-m-4-m","13":"product_tag-iki-1-m","15":"first","16":"instock","17":"taxable","18":"shipping-taxable","19":"purchasable","20":"product-type-simple"},"acf":[],"yoast_head":"<!-- This site is optimized with the Yoast SEO plugin v23.3 - https:\/\/yoast.com\/wordpress\/plugins\/seo\/ -->\n<title>Kelioninis puodukas, pilkas - Montessori \u017eaislai<\/title>\n<meta name=\"robots\" content=\"index, follow, max-snippet:-1, max-image-preview:large, max-video-preview:-1\" \/>\n<link rel=\"canonical\" href=\"https:\/\/monti.lt\/en\/product\/kelioninis-puodukas-pilkas\/\" \/>\n<meta property=\"og:locale\" content=\"en_US\" \/>\n<meta property=\"og:type\" content=\"article\" \/>\n<meta property=\"og:title\" content=\"Kelioninis puodukas, pilkas - Montessori \u017eaislai\" \/>\n<meta property=\"og:description\" content=\"Vaiki\u0161kas kelioninis puodukas, sulankstomas ir ne\u0161iojamas &#8211; puikiai tinka kelion\u0117ms, kelion\u0117ms ir kasdieniniam naudojimui!&nbsp; ??&nbsp;puodukas&nbsp;2in1 \u2013 puodukas ir tualeto s\u0117dyn\u0117&nbsp;\u2013 universalus naudojimas leid\u017eia patogiai naudotis&nbsp;naudoti tiek keliaujant, tiek namuose ??&nbsp;sulankstomas ir ne\u0161iojamas&nbsp;\u2013 tai leid\u017eia sulankstomas dizainas&nbsp;Sulenktas jis u\u017eima ma\u017eai vietos&nbsp;, o komplekte yra&nbsp;dangtelis palengvina transportavim\u0105 ??&nbsp;lengva valyti&nbsp;&#8211; nuimamas&nbsp;lankstus konteineris ir suderinami plastikiniai mai\u0161eliai u\u017etikrina maksimali\u0105 [&hellip;]\" \/>\n<meta property=\"og:url\" content=\"https:\/\/monti.lt\/en\/product\/kelioninis-puodukas-pilkas\/\" \/>\n<meta property=\"og:site_name\" content=\"Montessori \u017eaislai\" \/>\n<meta property=\"article:modified_time\" content=\"2026-03-21T10:14:45+00:00\" \/>\n<meta property=\"og:image\" content=\"https:\/\/monti.lt\/wp-content\/uploads\/2026\/03\/lit_pl_Kruzzel-25510-nesiojamas-kelioninis-puodukas-18091_1-2.jpg\" \/>\n\t<meta property=\"og:image:width\" content=\"500\" \/>\n\t<meta property=\"og:image:height\" content=\"500\" \/>\n\t<meta property=\"og:image:type\" content=\"image\/jpeg\" \/>\n<meta name=\"twitter:card\" content=\"summary_large_image\" \/>\n<meta name=\"twitter:label1\" content=\"Est. reading time\" \/>\n\t<meta name=\"twitter:data1\" content=\"2 minutes\" \/>\n<script type=\"application\/ld+json\" class=\"yoast-schema-graph\">{\"@context\":\"https:\/\/schema.org\",\"@graph\":[{\"@type\":\"WebPage\",\"@id\":\"https:\/\/monti.lt\/product\/kelioninis-puodukas-pilkas\/\",\"url\":\"https:\/\/monti.lt\/product\/kelioninis-puodukas-pilkas\/\",\"name\":\"Kelioninis puodukas, pilkas - Montessori \u017eaislai\",\"isPartOf\":{\"@id\":\"https:\/\/monti.lt\/#website\"},\"primaryImageOfPage\":{\"@id\":\"https:\/\/monti.lt\/product\/kelioninis-puodukas-pilkas\/#primaryimage\"},\"image\":{\"@id\":\"https:\/\/monti.lt\/product\/kelioninis-puodukas-pilkas\/#primaryimage\"},\"thumbnailUrl\":\"https:\/\/monti.lt\/wp-content\/uploads\/2026\/03\/lit_pl_Kruzzel-25510-nesiojamas-kelioninis-puodukas-18091_1-2.jpg\",\"datePublished\":\"2026-03-19T08:33:14+00:00\",\"dateModified\":\"2026-03-21T10:14:45+00:00\",\"breadcrumb\":{\"@id\":\"https:\/\/monti.lt\/product\/kelioninis-puodukas-pilkas\/#breadcrumb\"},\"inLanguage\":\"en-US\",\"potentialAction\":[{\"@type\":\"ReadAction\",\"target\":[\"https:\/\/monti.lt\/product\/kelioninis-puodukas-pilkas\/\"]}]},{\"@type\":\"ImageObject\",\"inLanguage\":\"en-US\",\"@id\":\"https:\/\/monti.lt\/product\/kelioninis-puodukas-pilkas\/#primaryimage\",\"url\":\"https:\/\/monti.lt\/wp-content\/uploads\/2026\/03\/lit_pl_Kruzzel-25510-nesiojamas-kelioninis-puodukas-18091_1-2.jpg\",\"contentUrl\":\"https:\/\/monti.lt\/wp-content\/uploads\/2026\/03\/lit_pl_Kruzzel-25510-nesiojamas-kelioninis-puodukas-18091_1-2.jpg\",\"width\":500,\"height\":500,\"caption\":\"kelioninis puodukas vaikams\"},{\"@type\":\"BreadcrumbList\",\"@id\":\"https:\/\/monti.lt\/product\/kelioninis-puodukas-pilkas\/#breadcrumb\",\"itemListElement\":[{\"@type\":\"ListItem\",\"position\":1,\"name\":\"Home\",\"item\":\"https:\/\/monti.lt\/\"},{\"@type\":\"ListItem\",\"position\":2,\"name\":\"Parduotuv\u0117\",\"item\":\"https:\/\/monti.lt\/shop\/\"},{\"@type\":\"ListItem\",\"position\":3,\"name\":\"Kelioninis puodukas, pilkas\"}]},{\"@type\":\"WebSite\",\"@id\":\"https:\/\/monti.lt\/#website\",\"url\":\"https:\/\/monti.lt\/\",\"name\":\"Montessori \u017eaislai\",\"description\":\"\",\"publisher\":{\"@id\":\"https:\/\/monti.lt\/#organization\"},\"potentialAction\":[{\"@type\":\"SearchAction\",\"target\":{\"@type\":\"EntryPoint\",\"urlTemplate\":\"https:\/\/monti.lt\/?s={search_term_string}\"},\"query-input\":\"required name=search_term_string\"}],\"inLanguage\":\"en-US\"},{\"@type\":\"Organization\",\"@id\":\"https:\/\/monti.lt\/#organization\",\"name\":\"Montessori \u017eaislai\",\"url\":\"https:\/\/monti.lt\/\",\"logo\":{\"@type\":\"ImageObject\",\"inLanguage\":\"en-US\",\"@id\":\"https:\/\/monti.lt\/#\/schema\/logo\/image\/\",\"url\":\"https:\/\/monti.lt\/wp-content\/uploads\/2022\/03\/montilogo-1.png\",\"contentUrl\":\"https:\/\/monti.lt\/wp-content\/uploads\/2022\/03\/montilogo-1.png\",\"width\":512,\"height\":512,\"caption\":\"Montessori \u017eaislai\"},\"image\":{\"@id\":\"https:\/\/monti.lt\/#\/schema\/logo\/image\/\"}}]}<\/script>\n<!-- \/ Yoast SEO plugin. -->","yoast_head_json":{"title":"Kelioninis puodukas, pilkas - Montessori \u017eaislai","robots":{"index":"index","follow":"follow","max-snippet":"max-snippet:-1","max-image-preview":"max-image-preview:large","max-video-preview":"max-video-preview:-1"},"canonical":"https:\/\/monti.lt\/en\/product\/kelioninis-puodukas-pilkas\/","og_locale":"en_US","og_type":"article","og_title":"Kelioninis puodukas, pilkas - Montessori \u017eaislai","og_description":"Vaiki\u0161kas kelioninis puodukas, sulankstomas ir ne\u0161iojamas &#8211; puikiai tinka kelion\u0117ms, kelion\u0117ms ir kasdieniniam naudojimui!&nbsp; ??&nbsp;puodukas&nbsp;2in1 \u2013 puodukas ir tualeto s\u0117dyn\u0117&nbsp;\u2013 universalus naudojimas leid\u017eia patogiai naudotis&nbsp;naudoti tiek keliaujant, tiek namuose ??&nbsp;sulankstomas ir ne\u0161iojamas&nbsp;\u2013 tai leid\u017eia sulankstomas dizainas&nbsp;Sulenktas jis u\u017eima ma\u017eai vietos&nbsp;, o komplekte yra&nbsp;dangtelis palengvina transportavim\u0105 ??&nbsp;lengva valyti&nbsp;&#8211; nuimamas&nbsp;lankstus konteineris ir suderinami plastikiniai mai\u0161eliai u\u017etikrina maksimali\u0105 [&hellip;]","og_url":"https:\/\/monti.lt\/en\/product\/kelioninis-puodukas-pilkas\/","og_site_name":"Montessori \u017eaislai","article_modified_time":"2026-03-21T10:14:45+00:00","og_image":[{"width":500,"height":500,"url":"https:\/\/monti.lt\/wp-content\/uploads\/2026\/03\/lit_pl_Kruzzel-25510-nesiojamas-kelioninis-puodukas-18091_1-2.jpg","type":"image\/jpeg"}],"twitter_card":"summary_large_image","twitter_misc":{"Est. reading time":"2 minutes"},"schema":{"@context":"https:\/\/schema.org","@graph":[{"@type":"WebPage","@id":"https:\/\/monti.lt\/product\/kelioninis-puodukas-pilkas\/","url":"https:\/\/monti.lt\/product\/kelioninis-puodukas-pilkas\/","name":"Kelioninis puodukas, pilkas - Montessori \u017eaislai","isPartOf":{"@id":"https:\/\/monti.lt\/#website"},"primaryImageOfPage":{"@id":"https:\/\/monti.lt\/product\/kelioninis-puodukas-pilkas\/#primaryimage"},"image":{"@id":"https:\/\/monti.lt\/product\/kelioninis-puodukas-pilkas\/#primaryimage"},"thumbnailUrl":"https:\/\/monti.lt\/wp-content\/uploads\/2026\/03\/lit_pl_Kruzzel-25510-nesiojamas-kelioninis-puodukas-18091_1-2.jpg","datePublished":"2026-03-19T08:33:14+00:00","dateModified":"2026-03-21T10:14:45+00:00","breadcrumb":{"@id":"https:\/\/monti.lt\/product\/kelioninis-puodukas-pilkas\/#breadcrumb"},"inLanguage":"en-US","potentialAction":[{"@type":"ReadAction","target":["https:\/\/monti.lt\/product\/kelioninis-puodukas-pilkas\/"]}]},{"@type":"ImageObject","inLanguage":"en-US","@id":"https:\/\/monti.lt\/product\/kelioninis-puodukas-pilkas\/#primaryimage","url":"https:\/\/monti.lt\/wp-content\/uploads\/2026\/03\/lit_pl_Kruzzel-25510-nesiojamas-kelioninis-puodukas-18091_1-2.jpg","contentUrl":"https:\/\/monti.lt\/wp-content\/uploads\/2026\/03\/lit_pl_Kruzzel-25510-nesiojamas-kelioninis-puodukas-18091_1-2.jpg","width":500,"height":500,"caption":"kelioninis puodukas vaikams"},{"@type":"BreadcrumbList","@id":"https:\/\/monti.lt\/product\/kelioninis-puodukas-pilkas\/#breadcrumb","itemListElement":[{"@type":"ListItem","position":1,"name":"Home","item":"https:\/\/monti.lt\/"},{"@type":"ListItem","position":2,"name":"Parduotuv\u0117","item":"https:\/\/monti.lt\/shop\/"},{"@type":"ListItem","position":3,"name":"Kelioninis puodukas, pilkas"}]},{"@type":"WebSite","@id":"https:\/\/monti.lt\/#website","url":"https:\/\/monti.lt\/","name":"Montessori \u017eaislai","description":"","publisher":{"@id":"https:\/\/monti.lt\/#organization"},"potentialAction":[{"@type":"SearchAction","target":{"@type":"EntryPoint","urlTemplate":"https:\/\/monti.lt\/?s={search_term_string}"},"query-input":"required name=search_term_string"}],"inLanguage":"en-US"},{"@type":"Organization","@id":"https:\/\/monti.lt\/#organization","name":"Montessori \u017eaislai","url":"https:\/\/monti.lt\/","logo":{"@type":"ImageObject","inLanguage":"en-US","@id":"https:\/\/monti.lt\/#\/schema\/logo\/image\/","url":"https:\/\/monti.lt\/wp-content\/uploads\/2022\/03\/montilogo-1.png","contentUrl":"https:\/\/monti.lt\/wp-content\/uploads\/2022\/03\/montilogo-1.png","width":512,"height":512,"caption":"Montessori \u017eaislai"},"image":{"@id":"https:\/\/monti.lt\/#\/schema\/logo\/image\/"}}]}},"_links":{"self":[{"href":"https:\/\/monti.lt\/en\/wp-json\/wp\/v2\/product\/39457"}],"collection":[{"href":"https:\/\/monti.lt\/en\/wp-json\/wp\/v2\/product"}],"about":[{"href":"https:\/\/monti.lt\/en\/wp-json\/wp\/v2\/types\/product"}],"version-history":[{"count":1,"href":"https:\/\/monti.lt\/en\/wp-json\/wp\/v2\/product\/39457\/revisions"}],"predecessor-version":[{"id":39472,"href":"https:\/\/monti.lt\/en\/wp-json\/wp\/v2\/product\/39457\/revisions\/39472"}],"wp:featuredmedia":[{"embeddable":true,"href":"https:\/\/monti.lt\/en\/wp-json\/wp\/v2\/media\/39458"}],"wp:attachment":[{"href":"https:\/\/monti.lt\/en\/wp-json\/wp\/v2\/media?parent=39457"}],"wp:term":[{"taxonomy":"product_cat","embeddable":true,"href":"https:\/\/monti.lt\/en\/wp-json\/wp\/v2\/product_cat?post=39457"},{"taxonomy":"product_tag","embeddable":true,"href":"https:\/\/monti.lt\/en\/wp-json\/wp\/v2\/product_tag?post=39457"}],"curies":[{"name":"wp","href":"https:\/\/api.w.org\/{rel}","templated":true}]}}